{"id":428932,"date":"2025-06-22T00:10:17","date_gmt":"2025-06-21T22:10:17","guid":{"rendered":"https:\/\/shopatoa.com\/ro\/i-love-coconut-cream-ulei-gel-de-dus-si-baie-500-ml\/"},"modified":"2025-12-12T04:12:52","modified_gmt":"2025-12-12T03:12:52","slug":"i-love-coconut-cream-ulei-gel-de-dus-si-baie-500-ml","status":"publish","type":"product","link":"https:\/\/shopatoa.com\/ro\/i-love-coconut-cream-ulei-gel-de-dus-si-baie-500-ml\/","title":{"rendered":"I Love Coconut &amp; Cream Ulei gel de du\u0219 \u0219i baie 500 ml"},"content":{"rendered":"<p>I Love Coconut &amp; Cream, 500 ml, Demachiante pentru femei, Nu dori\u021bi s\u0103 subestima\u021bi igiena zilnic\u0103, \u00eens\u0103 pielea dvs. este predispus\u0103 la uscare excesiv\u0103 atunci c\u00e2nd folosi\u021bi geluri de du\u0219 clasice \u00een timpul sp\u0103l\u0103rii? Crema de du\u0219 I Love Coconut &amp; Cream este alegerea ideal\u0103 pentru dvs. Nu numai c\u0103 v\u0103 va ajuta s\u0103 elimina\u021bi toate impurit\u0103\u021bile \u00een timpul sp\u0103l\u0103rii, dar va oferi pielii dvs. hidratarea necesar\u0103, o va hr\u0103ni \u0219i o va r\u0103sf\u0103\u021ba cu textura sa delicat\u0103 \u0219i cremoas\u0103. Va proteja echilibrul pielii \u0219i va \u00eempiedica uscarea sau perturbarea barierei hidrolipidice naturale de la suprafa\u021ba pielii.  Caracteristici:  hr\u0103ne\u0219te \u0219i trateaz\u0103 pielea  Cum se utilizeaz\u0103: Se aplic\u0103 \u00een timpul du\u0219ului sau al b\u0103ii. Se aplic\u0103 pe \u00eentregul corp \u0219i se cl\u0103te\u0219te cu ap\u0103 cald\u0103.<\/p>\n","protected":false},"excerpt":{"rendered":"<p>I Love Coconut &amp; Cream, 500 ml, Demachiante pentru femei, Nu dori\u021bi s\u0103 subestima\u021bi igiena zilnic\u0103, \u00eens\u0103 pielea dvs. este predispus\u0103 la uscare excesiv\u0103 atunci c\u00e2nd folosi\u021bi geluri de du\u0219 clasice \u00een timpul sp\u0103l\u0103rii? Crema de du\u0219 I Love Coconut &amp; Cream este alegerea ideal\u0103 pentru dvs. Nu numai c\u0103 v\u0103 va ajuta s\u0103 elimina\u021bi&#8230;<\/p>\n","protected":false},"featured_media":428933,"comment_status":"closed","ping_status":"open","template":"","meta":{"_acf_changed":false,"_kadence_starter_templates_imported_post":false,"_kad_post_transparent":"","_kad_post_title":"","_kad_post_layout":"","_kad_post_sidebar_id":"","_kad_post_content_style":"","_kad_post_vertical_padding":"","_kad_post_feature":"","_kad_post_feature_position":"","_kad_post_header":false,"_kad_post_footer":false,"_kad_post_classname":""},"product_brand":[3398],"product_cat":[1570,1564,1571,1563,1562],"product_tag":[],"class_list":{"0":"post-428932","1":"product","2":"type-product","3":"status-publish","4":"has-post-thumbnail","6":"product_brand-i-love","7":"product_cat-baie-si-corp","8":"product_cat-cosmetice-ingrijire-personala","9":"product_cat-gel-de-dus","10":"product_cat-ingrijire-personala","11":"product_cat-sanatate-si-frumusete","12":"pa_gen-female","13":"pa_marime-500-ml","15":"first","16":"instock","17":"product-type-external","18":"entry","19":"content-bg","20":"loop-entry"},"acf":[],"yoast_head":"<!-- This site is optimized with the Yoast SEO plugin v27.4 - https:\/\/yoast.com\/product\/yoast-seo-wordpress\/ -->\n<title>I Love Coconut &amp; Cream Ulei gel de du\u0219 \u0219i baie 500 ml - SHOPATOA.COM<\/title>\n<meta name=\"robots\" content=\"index, follow, max-snippet:-1, max-image-preview:large, max-video-preview:-1\" \/>\n<link rel=\"canonical\" href=\"https:\/\/shopatoa.com\/ro\/i-love-coconut-cream-ulei-gel-de-dus-si-baie-500-ml\/\" \/>\n<meta property=\"og:locale\" content=\"ro_RO\" \/>\n<meta property=\"og:type\" content=\"article\" \/>\n<meta property=\"og:title\" content=\"I Love Coconut &amp; Cream Ulei gel de du\u0219 \u0219i baie 500 ml - SHOPATOA.COM\" \/>\n<meta property=\"og:description\" content=\"I Love Coconut &amp; Cream, 500 ml, Demachiante pentru femei, Nu dori\u021bi s\u0103 subestima\u021bi igiena zilnic\u0103, \u00eens\u0103 pielea dvs. este predispus\u0103 la uscare excesiv\u0103 atunci c\u00e2nd folosi\u021bi geluri de du\u0219 clasice \u00een timpul sp\u0103l\u0103rii? Crema de du\u0219 I Love Coconut &amp; Cream este alegerea ideal\u0103 pentru dvs. Nu numai c\u0103 v\u0103 va ajuta s\u0103 elimina\u021bi...\" \/>\n<meta property=\"og:url\" content=\"https:\/\/shopatoa.com\/ro\/i-love-coconut-cream-ulei-gel-de-dus-si-baie-500-ml\/\" \/>\n<meta property=\"og:site_name\" content=\"SHOPATOA\" \/>\n<meta property=\"article:modified_time\" content=\"2025-12-12T03:12:52+00:00\" \/>\n<meta property=\"og:image\" content=\"https:\/\/storage.googleapis.com\/cz-shopatoa-img\/ro\/e16a7aa6-unnamed-file.webp\" \/>\n\t<meta property=\"og:image:width\" content=\"800\" \/>\n\t<meta property=\"og:image:height\" content=\"800\" \/>\n\t<meta property=\"og:image:type\" content=\"image\/webp\" \/>\n<meta name=\"twitter:card\" content=\"summary_large_image\" \/>\n<meta name=\"twitter:label1\" content=\"Timp estimat pentru citire\" \/>\n\t<meta name=\"twitter:data1\" content=\"1 minut\" \/>\n<script type=\"application\/ld+json\" class=\"yoast-schema-graph\">{\"@context\":\"https:\\\/\\\/schema.org\",\"@graph\":[{\"@type\":\"WebPage\",\"@id\":\"https:\\\/\\\/shopatoa.com\\\/ro\\\/i-love-coconut-cream-ulei-gel-de-dus-si-baie-500-ml\\\/\",\"url\":\"https:\\\/\\\/shopatoa.com\\\/ro\\\/i-love-coconut-cream-ulei-gel-de-dus-si-baie-500-ml\\\/\",\"name\":\"I Love Coconut & Cream Ulei gel de du\u0219 \u0219i baie 500 ml - SHOPATOA.COM\",\"isPartOf\":{\"@id\":\"https:\\\/\\\/shopatoa.com\\\/ro\\\/#website\"},\"primaryImageOfPage\":{\"@id\":\"https:\\\/\\\/shopatoa.com\\\/ro\\\/i-love-coconut-cream-ulei-gel-de-dus-si-baie-500-ml\\\/#primaryimage\"},\"image\":{\"@id\":\"https:\\\/\\\/shopatoa.com\\\/ro\\\/i-love-coconut-cream-ulei-gel-de-dus-si-baie-500-ml\\\/#primaryimage\"},\"thumbnailUrl\":\"https:\\\/\\\/storage.googleapis.com\\\/cz-shopatoa-img\\\/ro\\\/e16a7aa6-unnamed-file.webp\",\"datePublished\":\"2025-06-21T22:10:17+00:00\",\"dateModified\":\"2025-12-12T03:12:52+00:00\",\"breadcrumb\":{\"@id\":\"https:\\\/\\\/shopatoa.com\\\/ro\\\/i-love-coconut-cream-ulei-gel-de-dus-si-baie-500-ml\\\/#breadcrumb\"},\"inLanguage\":\"ro-RO\",\"potentialAction\":[{\"@type\":\"ReadAction\",\"target\":[\"https:\\\/\\\/shopatoa.com\\\/ro\\\/i-love-coconut-cream-ulei-gel-de-dus-si-baie-500-ml\\\/\"]}]},{\"@type\":\"ImageObject\",\"inLanguage\":\"ro-RO\",\"@id\":\"https:\\\/\\\/shopatoa.com\\\/ro\\\/i-love-coconut-cream-ulei-gel-de-dus-si-baie-500-ml\\\/#primaryimage\",\"url\":\"https:\\\/\\\/storage.googleapis.com\\\/cz-shopatoa-img\\\/ro\\\/e16a7aa6-unnamed-file.webp\",\"contentUrl\":\"https:\\\/\\\/storage.googleapis.com\\\/cz-shopatoa-img\\\/ro\\\/e16a7aa6-unnamed-file.webp\",\"width\":800,\"height\":800},{\"@type\":\"BreadcrumbList\",\"@id\":\"https:\\\/\\\/shopatoa.com\\\/ro\\\/i-love-coconut-cream-ulei-gel-de-dus-si-baie-500-ml\\\/#breadcrumb\",\"itemListElement\":[{\"@type\":\"ListItem\",\"position\":1,\"name\":\"Dom\u016f\",\"item\":\"https:\\\/\\\/shopatoa.com\\\/ro\\\/\"},{\"@type\":\"ListItem\",\"position\":2,\"name\":\"Shop\",\"item\":\"https:\\\/\\\/shopatoa.com\\\/ro\\\/shop\\\/\"},{\"@type\":\"ListItem\",\"position\":3,\"name\":\"S\u0103n\u0103tate \u0219i frumuse\u021be\",\"item\":\"https:\\\/\\\/shopatoa.com\\\/ro\\\/sanatate-si-frumusete\\\/\"},{\"@type\":\"ListItem\",\"position\":4,\"name\":\"\u00cengrijire personal\u0103\",\"item\":\"https:\\\/\\\/shopatoa.com\\\/ro\\\/ingrijire-personala\\\/\"},{\"@type\":\"ListItem\",\"position\":5,\"name\":\"Cosmetice\",\"item\":\"https:\\\/\\\/shopatoa.com\\\/ro\\\/cosmetice-ingrijire-personala\\\/\"},{\"@type\":\"ListItem\",\"position\":6,\"name\":\"Baie \u0219i corp\",\"item\":\"https:\\\/\\\/shopatoa.com\\\/ro\\\/baie-si-corp\\\/\"},{\"@type\":\"ListItem\",\"position\":7,\"name\":\"Gel de du\u0219\",\"item\":\"https:\\\/\\\/shopatoa.com\\\/ro\\\/gel-de-dus\\\/\"},{\"@type\":\"ListItem\",\"position\":8,\"name\":\"I Love Coconut &amp; Cream Ulei gel de du\u0219 \u0219i baie 500 ml\"}]},{\"@type\":\"WebSite\",\"@id\":\"https:\\\/\\\/shopatoa.com\\\/ro\\\/#website\",\"url\":\"https:\\\/\\\/shopatoa.com\\\/ro\\\/\",\"name\":\"SHOPATOA\",\"description\":\"\",\"publisher\":{\"@id\":\"https:\\\/\\\/shopatoa.com\\\/ro\\\/#organization\"},\"potentialAction\":[{\"@type\":\"SearchAction\",\"target\":{\"@type\":\"EntryPoint\",\"urlTemplate\":\"https:\\\/\\\/shopatoa.com\\\/ro\\\/?s={search_term_string}\"},\"query-input\":{\"@type\":\"PropertyValueSpecification\",\"valueRequired\":true,\"valueName\":\"search_term_string\"}}],\"inLanguage\":\"ro-RO\"},{\"@type\":\"Organization\",\"@id\":\"https:\\\/\\\/shopatoa.com\\\/ro\\\/#organization\",\"name\":\"SHOPATOA\",\"url\":\"https:\\\/\\\/shopatoa.com\\\/ro\\\/\",\"logo\":{\"@type\":\"ImageObject\",\"inLanguage\":\"ro-RO\",\"@id\":\"https:\\\/\\\/shopatoa.com\\\/ro\\\/#\\\/schema\\\/logo\\\/image\\\/\",\"url\":\"https:\\\/\\\/storage.googleapis.com\\\/cz-shopatoa-img\\\/ro\\\/b4dac915-shopatoa_logo.png\",\"contentUrl\":\"https:\\\/\\\/storage.googleapis.com\\\/cz-shopatoa-img\\\/ro\\\/b4dac915-shopatoa_logo.png\",\"width\":416,\"height\":63,\"caption\":\"SHOPATOA\"},\"image\":{\"@id\":\"https:\\\/\\\/shopatoa.com\\\/ro\\\/#\\\/schema\\\/logo\\\/image\\\/\"}}]}<\/script>\n<!-- \/ Yoast SEO plugin. -->","yoast_head_json":{"title":"I Love Coconut & Cream Ulei gel de du\u0219 \u0219i baie 500 ml - SHOPATOA.COM","robots":{"index":"index","follow":"follow","max-snippet":"max-snippet:-1","max-image-preview":"max-image-preview:large","max-video-preview":"max-video-preview:-1"},"canonical":"https:\/\/shopatoa.com\/ro\/i-love-coconut-cream-ulei-gel-de-dus-si-baie-500-ml\/","og_locale":"ro_RO","og_type":"article","og_title":"I Love Coconut & Cream Ulei gel de du\u0219 \u0219i baie 500 ml - SHOPATOA.COM","og_description":"I Love Coconut &amp; Cream, 500 ml, Demachiante pentru femei, Nu dori\u021bi s\u0103 subestima\u021bi igiena zilnic\u0103, \u00eens\u0103 pielea dvs. este predispus\u0103 la uscare excesiv\u0103 atunci c\u00e2nd folosi\u021bi geluri de du\u0219 clasice \u00een timpul sp\u0103l\u0103rii? Crema de du\u0219 I Love Coconut &amp; Cream este alegerea ideal\u0103 pentru dvs. Nu numai c\u0103 v\u0103 va ajuta s\u0103 elimina\u021bi...","og_url":"https:\/\/shopatoa.com\/ro\/i-love-coconut-cream-ulei-gel-de-dus-si-baie-500-ml\/","og_site_name":"SHOPATOA","article_modified_time":"2025-12-12T03:12:52+00:00","og_image":[{"width":800,"height":800,"url":"https:\/\/storage.googleapis.com\/cz-shopatoa-img\/ro\/e16a7aa6-unnamed-file.webp","type":"image\/webp"}],"twitter_card":"summary_large_image","twitter_misc":{"Timp estimat pentru citire":"1 minut"},"schema":{"@context":"https:\/\/schema.org","@graph":[{"@type":"WebPage","@id":"https:\/\/shopatoa.com\/ro\/i-love-coconut-cream-ulei-gel-de-dus-si-baie-500-ml\/","url":"https:\/\/shopatoa.com\/ro\/i-love-coconut-cream-ulei-gel-de-dus-si-baie-500-ml\/","name":"I Love Coconut & Cream Ulei gel de du\u0219 \u0219i baie 500 ml - SHOPATOA.COM","isPartOf":{"@id":"https:\/\/shopatoa.com\/ro\/#website"},"primaryImageOfPage":{"@id":"https:\/\/shopatoa.com\/ro\/i-love-coconut-cream-ulei-gel-de-dus-si-baie-500-ml\/#primaryimage"},"image":{"@id":"https:\/\/shopatoa.com\/ro\/i-love-coconut-cream-ulei-gel-de-dus-si-baie-500-ml\/#primaryimage"},"thumbnailUrl":"https:\/\/storage.googleapis.com\/cz-shopatoa-img\/ro\/e16a7aa6-unnamed-file.webp","datePublished":"2025-06-21T22:10:17+00:00","dateModified":"2025-12-12T03:12:52+00:00","breadcrumb":{"@id":"https:\/\/shopatoa.com\/ro\/i-love-coconut-cream-ulei-gel-de-dus-si-baie-500-ml\/#breadcrumb"},"inLanguage":"ro-RO","potentialAction":[{"@type":"ReadAction","target":["https:\/\/shopatoa.com\/ro\/i-love-coconut-cream-ulei-gel-de-dus-si-baie-500-ml\/"]}]},{"@type":"ImageObject","inLanguage":"ro-RO","@id":"https:\/\/shopatoa.com\/ro\/i-love-coconut-cream-ulei-gel-de-dus-si-baie-500-ml\/#primaryimage","url":"https:\/\/storage.googleapis.com\/cz-shopatoa-img\/ro\/e16a7aa6-unnamed-file.webp","contentUrl":"https:\/\/storage.googleapis.com\/cz-shopatoa-img\/ro\/e16a7aa6-unnamed-file.webp","width":800,"height":800},{"@type":"BreadcrumbList","@id":"https:\/\/shopatoa.com\/ro\/i-love-coconut-cream-ulei-gel-de-dus-si-baie-500-ml\/#breadcrumb","itemListElement":[{"@type":"ListItem","position":1,"name":"Dom\u016f","item":"https:\/\/shopatoa.com\/ro\/"},{"@type":"ListItem","position":2,"name":"Shop","item":"https:\/\/shopatoa.com\/ro\/shop\/"},{"@type":"ListItem","position":3,"name":"S\u0103n\u0103tate \u0219i frumuse\u021be","item":"https:\/\/shopatoa.com\/ro\/sanatate-si-frumusete\/"},{"@type":"ListItem","position":4,"name":"\u00cengrijire personal\u0103","item":"https:\/\/shopatoa.com\/ro\/ingrijire-personala\/"},{"@type":"ListItem","position":5,"name":"Cosmetice","item":"https:\/\/shopatoa.com\/ro\/cosmetice-ingrijire-personala\/"},{"@type":"ListItem","position":6,"name":"Baie \u0219i corp","item":"https:\/\/shopatoa.com\/ro\/baie-si-corp\/"},{"@type":"ListItem","position":7,"name":"Gel de du\u0219","item":"https:\/\/shopatoa.com\/ro\/gel-de-dus\/"},{"@type":"ListItem","position":8,"name":"I Love Coconut &amp; Cream Ulei gel de du\u0219 \u0219i baie 500 ml"}]},{"@type":"WebSite","@id":"https:\/\/shopatoa.com\/ro\/#website","url":"https:\/\/shopatoa.com\/ro\/","name":"SHOPATOA","description":"","publisher":{"@id":"https:\/\/shopatoa.com\/ro\/#organization"},"potentialAction":[{"@type":"SearchAction","target":{"@type":"EntryPoint","urlTemplate":"https:\/\/shopatoa.com\/ro\/?s={search_term_string}"},"query-input":{"@type":"PropertyValueSpecification","valueRequired":true,"valueName":"search_term_string"}}],"inLanguage":"ro-RO"},{"@type":"Organization","@id":"https:\/\/shopatoa.com\/ro\/#organization","name":"SHOPATOA","url":"https:\/\/shopatoa.com\/ro\/","logo":{"@type":"ImageObject","inLanguage":"ro-RO","@id":"https:\/\/shopatoa.com\/ro\/#\/schema\/logo\/image\/","url":"https:\/\/storage.googleapis.com\/cz-shopatoa-img\/ro\/b4dac915-shopatoa_logo.png","contentUrl":"https:\/\/storage.googleapis.com\/cz-shopatoa-img\/ro\/b4dac915-shopatoa_logo.png","width":416,"height":63,"caption":"SHOPATOA"},"image":{"@id":"https:\/\/shopatoa.com\/ro\/#\/schema\/logo\/image\/"}}]}},"_links":{"self":[{"href":"https:\/\/shopatoa.com\/ro\/wp-json\/wp\/v2\/product\/428932","targetHints":{"allow":["GET"]}}],"collection":[{"href":"https:\/\/shopatoa.com\/ro\/wp-json\/wp\/v2\/product"}],"about":[{"href":"https:\/\/shopatoa.com\/ro\/wp-json\/wp\/v2\/types\/product"}],"replies":[{"embeddable":true,"href":"https:\/\/shopatoa.com\/ro\/wp-json\/wp\/v2\/comments?post=428932"}],"wp:featuredmedia":[{"embeddable":true,"href":"https:\/\/shopatoa.com\/ro\/wp-json\/wp\/v2\/media\/428933"}],"wp:attachment":[{"href":"https:\/\/shopatoa.com\/ro\/wp-json\/wp\/v2\/media?parent=428932"}],"wp:term":[{"taxonomy":"product_brand","embeddable":true,"href":"https:\/\/shopatoa.com\/ro\/wp-json\/wp\/v2\/product_brand?post=428932"},{"taxonomy":"product_cat","embeddable":true,"href":"https:\/\/shopatoa.com\/ro\/wp-json\/wp\/v2\/product_cat?post=428932"},{"taxonomy":"product_tag","embeddable":true,"href":"https:\/\/shopatoa.com\/ro\/wp-json\/wp\/v2\/product_tag?post=428932"}],"curies":[{"name":"wp","href":"https:\/\/api.w.org\/{rel}","templated":true}]}}