{"id":429504,"date":"2025-06-22T01:18:10","date_gmt":"2025-06-21T23:18:10","guid":{"rendered":"https:\/\/shopatoa.com\/ro\/essie-hard-to-resist-nail-strengthener-fortifiant-lac-de-unghii-pentru-unghii-slabe-si-deteriorate-culoare-01-violet-tint-135-ml\/"},"modified":"2025-06-23T14:04:56","modified_gmt":"2025-06-23T12:04:56","slug":"essie-hard-to-resist-nail-strengthener-fortifiant-lac-de-unghii-pentru-unghii-slabe-si-deteriorate-culoare-01-violet-tint-135-ml","status":"publish","type":"product","link":"https:\/\/shopatoa.com\/ro\/essie-hard-to-resist-nail-strengthener-fortifiant-lac-de-unghii-pentru-unghii-slabe-si-deteriorate-culoare-01-violet-tint-135-ml\/","title":{"rendered":"essie hard to resist nail strengthener fortifiant lac de unghii pentru unghii slabe si deteriorate culoare 01 Violet Tint 13,5 ml"},"content":{"rendered":"<p>essie hard to resist nail strengthener, 13,5 ml, ingrijirea unghiilor pentru femei, Doar pe unghii bine hr\u0103nite \u0219i s\u0103n\u0103toase manichiura dvs. poate ie\u0219i cu adev\u0103rat \u00een eviden\u021b\u0103. Produsul essie hard to resist nail strengthener, care asigur\u0103 o \u00eengrijire profesional\u0103 a unghiilor, v\u0103 va ajuta s\u0103 v\u0103 men\u021bine\u021bi unghiile \u00een form\u0103. Unghiile fragile sau slabe predispuse la rupere vor fi \u00eent\u0103rite, iar unghiile mate \u0219i deteriorate vor ob\u021bine o str\u0103lucire s\u0103n\u0103toas\u0103. Datorit\u0103 formulei sale speciale, \u00eembog\u0103\u021bit\u0103 cu substan\u021be de \u00eengrijire, au grij\u0103 ca acestea s\u0103 fie puternice, flexibile \u0219i s\u0103 creasc\u0103 lungi \u0219i frumoase. \u00cel vor aprecia to\u021bi cei care doresc s\u0103 redea unghiilor frumuse\u021bea natural\u0103 \u0219i aspectul s\u0103n\u0103tos.  Caracteristici:  promoveaz\u0103 cre\u0219terea s\u0103n\u0103toas\u0103 a unghiilor hr\u0103ne\u0219te unghiile \u0219i cuticulele \u00eent\u0103re\u0219te unghiile protejeaz\u0103 \u00eempotriva fisur\u0103rii, a ruperii \u0219i a zdren\u021buirii  Cum se utilizeaz\u0103: Se aplic\u0103 un strat direct pe unghii. Se utilizeaz\u0103 \u00een mod regulat.<\/p>\n","protected":false},"excerpt":{"rendered":"<p>essie hard to resist nail strengthener, 13,5 ml, ingrijirea unghiilor pentru femei, Doar pe unghii bine hr\u0103nite \u0219i s\u0103n\u0103toase manichiura dvs. poate ie\u0219i cu adev\u0103rat \u00een eviden\u021b\u0103. Produsul essie hard to resist nail strengthener, care asigur\u0103 o \u00eengrijire profesional\u0103 a unghiilor, v\u0103 va ajuta s\u0103 v\u0103 men\u021bine\u021bi unghiile \u00een form\u0103. Unghiile fragile sau slabe predispuse&#8230;<\/p>\n","protected":false},"featured_media":429859,"comment_status":"closed","ping_status":"open","template":"","meta":{"_acf_changed":false,"_kadence_starter_templates_imported_post":false,"_kad_post_transparent":"","_kad_post_title":"","_kad_post_layout":"","_kad_post_sidebar_id":"","_kad_post_content_style":"","_kad_post_vertical_padding":"","_kad_post_feature":"","_kad_post_feature_position":"","_kad_post_header":false,"_kad_post_footer":false,"_kad_post_classname":""},"product_brand":[2185],"product_cat":[1564,1563,1581,1562],"product_tag":[],"class_list":{"0":"post-429504","1":"product","2":"type-product","3":"status-publish","4":"has-post-thumbnail","6":"product_brand-essie","7":"product_cat-cosmetice-ingrijire-personala","8":"product_cat-ingrijire-personala","9":"product_cat-ingrijirea-unghiilor","10":"product_cat-sanatate-si-frumusete","11":"pa_gen-female","12":"pa_marime-135-ml","14":"first","15":"instock","16":"product-type-external","17":"entry","18":"content-bg","19":"loop-entry"},"acf":[],"yoast_head":"<!-- This site is optimized with the Yoast SEO plugin v27.4 - https:\/\/yoast.com\/product\/yoast-seo-wordpress\/ -->\n<title>essie hard to resist nail strengthener fortifiant lac de unghii pentru unghii slabe si deteriorate culoare 01 Violet Tint 13,5 ml - SHOPATOA.COM<\/title>\n<meta name=\"robots\" content=\"index, follow, max-snippet:-1, max-image-preview:large, max-video-preview:-1\" \/>\n<link rel=\"canonical\" href=\"https:\/\/shopatoa.com\/ro\/essie-hard-to-resist-nail-strengthener-fortifiant-lac-de-unghii-pentru-unghii-slabe-si-deteriorate-culoare-01-violet-tint-135-ml\/\" \/>\n<meta property=\"og:locale\" content=\"ro_RO\" \/>\n<meta property=\"og:type\" content=\"article\" \/>\n<meta property=\"og:title\" content=\"essie hard to resist nail strengthener fortifiant lac de unghii pentru unghii slabe si deteriorate culoare 01 Violet Tint 13,5 ml - SHOPATOA.COM\" \/>\n<meta property=\"og:description\" content=\"essie hard to resist nail strengthener, 13,5 ml, ingrijirea unghiilor pentru femei, Doar pe unghii bine hr\u0103nite \u0219i s\u0103n\u0103toase manichiura dvs. poate ie\u0219i cu adev\u0103rat \u00een eviden\u021b\u0103. Produsul essie hard to resist nail strengthener, care asigur\u0103 o \u00eengrijire profesional\u0103 a unghiilor, v\u0103 va ajuta s\u0103 v\u0103 men\u021bine\u021bi unghiile \u00een form\u0103. Unghiile fragile sau slabe predispuse...\" \/>\n<meta property=\"og:url\" content=\"https:\/\/shopatoa.com\/ro\/essie-hard-to-resist-nail-strengthener-fortifiant-lac-de-unghii-pentru-unghii-slabe-si-deteriorate-culoare-01-violet-tint-135-ml\/\" \/>\n<meta property=\"og:site_name\" content=\"SHOPATOA\" \/>\n<meta property=\"article:modified_time\" content=\"2025-06-23T12:04:56+00:00\" \/>\n<meta property=\"og:image\" content=\"https:\/\/storage.googleapis.com\/cz-shopatoa-img\/ro\/a7d4bb5f-unnamed-file.webp\" \/>\n\t<meta property=\"og:image:width\" content=\"800\" \/>\n\t<meta property=\"og:image:height\" content=\"800\" \/>\n\t<meta property=\"og:image:type\" content=\"image\/webp\" \/>\n<meta name=\"twitter:card\" content=\"summary_large_image\" \/>\n<meta name=\"twitter:label1\" content=\"Timp estimat pentru citire\" \/>\n\t<meta name=\"twitter:data1\" content=\"1 minut\" \/>\n<script type=\"application\/ld+json\" class=\"yoast-schema-graph\">{\"@context\":\"https:\\\/\\\/schema.org\",\"@graph\":[{\"@type\":\"WebPage\",\"@id\":\"https:\\\/\\\/shopatoa.com\\\/ro\\\/essie-hard-to-resist-nail-strengthener-fortifiant-lac-de-unghii-pentru-unghii-slabe-si-deteriorate-culoare-01-violet-tint-135-ml\\\/\",\"url\":\"https:\\\/\\\/shopatoa.com\\\/ro\\\/essie-hard-to-resist-nail-strengthener-fortifiant-lac-de-unghii-pentru-unghii-slabe-si-deteriorate-culoare-01-violet-tint-135-ml\\\/\",\"name\":\"essie hard to resist nail strengthener fortifiant lac de unghii pentru unghii slabe si deteriorate culoare 01 Violet Tint 13,5 ml - SHOPATOA.COM\",\"isPartOf\":{\"@id\":\"https:\\\/\\\/shopatoa.com\\\/ro\\\/#website\"},\"primaryImageOfPage\":{\"@id\":\"https:\\\/\\\/shopatoa.com\\\/ro\\\/essie-hard-to-resist-nail-strengthener-fortifiant-lac-de-unghii-pentru-unghii-slabe-si-deteriorate-culoare-01-violet-tint-135-ml\\\/#primaryimage\"},\"image\":{\"@id\":\"https:\\\/\\\/shopatoa.com\\\/ro\\\/essie-hard-to-resist-nail-strengthener-fortifiant-lac-de-unghii-pentru-unghii-slabe-si-deteriorate-culoare-01-violet-tint-135-ml\\\/#primaryimage\"},\"thumbnailUrl\":\"https:\\\/\\\/storage.googleapis.com\\\/cz-shopatoa-img\\\/ro\\\/a7d4bb5f-unnamed-file.webp\",\"datePublished\":\"2025-06-21T23:18:10+00:00\",\"dateModified\":\"2025-06-23T12:04:56+00:00\",\"breadcrumb\":{\"@id\":\"https:\\\/\\\/shopatoa.com\\\/ro\\\/essie-hard-to-resist-nail-strengthener-fortifiant-lac-de-unghii-pentru-unghii-slabe-si-deteriorate-culoare-01-violet-tint-135-ml\\\/#breadcrumb\"},\"inLanguage\":\"ro-RO\",\"potentialAction\":[{\"@type\":\"ReadAction\",\"target\":[\"https:\\\/\\\/shopatoa.com\\\/ro\\\/essie-hard-to-resist-nail-strengthener-fortifiant-lac-de-unghii-pentru-unghii-slabe-si-deteriorate-culoare-01-violet-tint-135-ml\\\/\"]}]},{\"@type\":\"ImageObject\",\"inLanguage\":\"ro-RO\",\"@id\":\"https:\\\/\\\/shopatoa.com\\\/ro\\\/essie-hard-to-resist-nail-strengthener-fortifiant-lac-de-unghii-pentru-unghii-slabe-si-deteriorate-culoare-01-violet-tint-135-ml\\\/#primaryimage\",\"url\":\"https:\\\/\\\/storage.googleapis.com\\\/cz-shopatoa-img\\\/ro\\\/a7d4bb5f-unnamed-file.webp\",\"contentUrl\":\"https:\\\/\\\/storage.googleapis.com\\\/cz-shopatoa-img\\\/ro\\\/a7d4bb5f-unnamed-file.webp\",\"width\":800,\"height\":800},{\"@type\":\"BreadcrumbList\",\"@id\":\"https:\\\/\\\/shopatoa.com\\\/ro\\\/essie-hard-to-resist-nail-strengthener-fortifiant-lac-de-unghii-pentru-unghii-slabe-si-deteriorate-culoare-01-violet-tint-135-ml\\\/#breadcrumb\",\"itemListElement\":[{\"@type\":\"ListItem\",\"position\":1,\"name\":\"Dom\u016f\",\"item\":\"https:\\\/\\\/shopatoa.com\\\/ro\\\/\"},{\"@type\":\"ListItem\",\"position\":2,\"name\":\"Shop\",\"item\":\"https:\\\/\\\/shopatoa.com\\\/ro\\\/shop\\\/\"},{\"@type\":\"ListItem\",\"position\":3,\"name\":\"S\u0103n\u0103tate \u0219i frumuse\u021be\",\"item\":\"https:\\\/\\\/shopatoa.com\\\/ro\\\/sanatate-si-frumusete\\\/\"},{\"@type\":\"ListItem\",\"position\":4,\"name\":\"\u00cengrijire personal\u0103\",\"item\":\"https:\\\/\\\/shopatoa.com\\\/ro\\\/ingrijire-personala\\\/\"},{\"@type\":\"ListItem\",\"position\":5,\"name\":\"Cosmetice\",\"item\":\"https:\\\/\\\/shopatoa.com\\\/ro\\\/cosmetice-ingrijire-personala\\\/\"},{\"@type\":\"ListItem\",\"position\":6,\"name\":\"\u00cengrijirea unghiilor\",\"item\":\"https:\\\/\\\/shopatoa.com\\\/ro\\\/ingrijirea-unghiilor\\\/\"},{\"@type\":\"ListItem\",\"position\":7,\"name\":\"essie hard to resist nail strengthener fortifiant lac de unghii pentru unghii slabe si deteriorate culoare 01 Violet Tint 13,5 ml\"}]},{\"@type\":\"WebSite\",\"@id\":\"https:\\\/\\\/shopatoa.com\\\/ro\\\/#website\",\"url\":\"https:\\\/\\\/shopatoa.com\\\/ro\\\/\",\"name\":\"SHOPATOA\",\"description\":\"\",\"publisher\":{\"@id\":\"https:\\\/\\\/shopatoa.com\\\/ro\\\/#organization\"},\"potentialAction\":[{\"@type\":\"SearchAction\",\"target\":{\"@type\":\"EntryPoint\",\"urlTemplate\":\"https:\\\/\\\/shopatoa.com\\\/ro\\\/?s={search_term_string}\"},\"query-input\":{\"@type\":\"PropertyValueSpecification\",\"valueRequired\":true,\"valueName\":\"search_term_string\"}}],\"inLanguage\":\"ro-RO\"},{\"@type\":\"Organization\",\"@id\":\"https:\\\/\\\/shopatoa.com\\\/ro\\\/#organization\",\"name\":\"SHOPATOA\",\"url\":\"https:\\\/\\\/shopatoa.com\\\/ro\\\/\",\"logo\":{\"@type\":\"ImageObject\",\"inLanguage\":\"ro-RO\",\"@id\":\"https:\\\/\\\/shopatoa.com\\\/ro\\\/#\\\/schema\\\/logo\\\/image\\\/\",\"url\":\"https:\\\/\\\/storage.googleapis.com\\\/cz-shopatoa-img\\\/ro\\\/b4dac915-shopatoa_logo.png\",\"contentUrl\":\"https:\\\/\\\/storage.googleapis.com\\\/cz-shopatoa-img\\\/ro\\\/b4dac915-shopatoa_logo.png\",\"width\":416,\"height\":63,\"caption\":\"SHOPATOA\"},\"image\":{\"@id\":\"https:\\\/\\\/shopatoa.com\\\/ro\\\/#\\\/schema\\\/logo\\\/image\\\/\"}}]}<\/script>\n<!-- \/ Yoast SEO plugin. -->","yoast_head_json":{"title":"essie hard to resist nail strengthener fortifiant lac de unghii pentru unghii slabe si deteriorate culoare 01 Violet Tint 13,5 ml - SHOPATOA.COM","robots":{"index":"index","follow":"follow","max-snippet":"max-snippet:-1","max-image-preview":"max-image-preview:large","max-video-preview":"max-video-preview:-1"},"canonical":"https:\/\/shopatoa.com\/ro\/essie-hard-to-resist-nail-strengthener-fortifiant-lac-de-unghii-pentru-unghii-slabe-si-deteriorate-culoare-01-violet-tint-135-ml\/","og_locale":"ro_RO","og_type":"article","og_title":"essie hard to resist nail strengthener fortifiant lac de unghii pentru unghii slabe si deteriorate culoare 01 Violet Tint 13,5 ml - SHOPATOA.COM","og_description":"essie hard to resist nail strengthener, 13,5 ml, ingrijirea unghiilor pentru femei, Doar pe unghii bine hr\u0103nite \u0219i s\u0103n\u0103toase manichiura dvs. poate ie\u0219i cu adev\u0103rat \u00een eviden\u021b\u0103. Produsul essie hard to resist nail strengthener, care asigur\u0103 o \u00eengrijire profesional\u0103 a unghiilor, v\u0103 va ajuta s\u0103 v\u0103 men\u021bine\u021bi unghiile \u00een form\u0103. Unghiile fragile sau slabe predispuse...","og_url":"https:\/\/shopatoa.com\/ro\/essie-hard-to-resist-nail-strengthener-fortifiant-lac-de-unghii-pentru-unghii-slabe-si-deteriorate-culoare-01-violet-tint-135-ml\/","og_site_name":"SHOPATOA","article_modified_time":"2025-06-23T12:04:56+00:00","og_image":[{"width":800,"height":800,"url":"https:\/\/storage.googleapis.com\/cz-shopatoa-img\/ro\/a7d4bb5f-unnamed-file.webp","type":"image\/webp"}],"twitter_card":"summary_large_image","twitter_misc":{"Timp estimat pentru citire":"1 minut"},"schema":{"@context":"https:\/\/schema.org","@graph":[{"@type":"WebPage","@id":"https:\/\/shopatoa.com\/ro\/essie-hard-to-resist-nail-strengthener-fortifiant-lac-de-unghii-pentru-unghii-slabe-si-deteriorate-culoare-01-violet-tint-135-ml\/","url":"https:\/\/shopatoa.com\/ro\/essie-hard-to-resist-nail-strengthener-fortifiant-lac-de-unghii-pentru-unghii-slabe-si-deteriorate-culoare-01-violet-tint-135-ml\/","name":"essie hard to resist nail strengthener fortifiant lac de unghii pentru unghii slabe si deteriorate culoare 01 Violet Tint 13,5 ml - SHOPATOA.COM","isPartOf":{"@id":"https:\/\/shopatoa.com\/ro\/#website"},"primaryImageOfPage":{"@id":"https:\/\/shopatoa.com\/ro\/essie-hard-to-resist-nail-strengthener-fortifiant-lac-de-unghii-pentru-unghii-slabe-si-deteriorate-culoare-01-violet-tint-135-ml\/#primaryimage"},"image":{"@id":"https:\/\/shopatoa.com\/ro\/essie-hard-to-resist-nail-strengthener-fortifiant-lac-de-unghii-pentru-unghii-slabe-si-deteriorate-culoare-01-violet-tint-135-ml\/#primaryimage"},"thumbnailUrl":"https:\/\/storage.googleapis.com\/cz-shopatoa-img\/ro\/a7d4bb5f-unnamed-file.webp","datePublished":"2025-06-21T23:18:10+00:00","dateModified":"2025-06-23T12:04:56+00:00","breadcrumb":{"@id":"https:\/\/shopatoa.com\/ro\/essie-hard-to-resist-nail-strengthener-fortifiant-lac-de-unghii-pentru-unghii-slabe-si-deteriorate-culoare-01-violet-tint-135-ml\/#breadcrumb"},"inLanguage":"ro-RO","potentialAction":[{"@type":"ReadAction","target":["https:\/\/shopatoa.com\/ro\/essie-hard-to-resist-nail-strengthener-fortifiant-lac-de-unghii-pentru-unghii-slabe-si-deteriorate-culoare-01-violet-tint-135-ml\/"]}]},{"@type":"ImageObject","inLanguage":"ro-RO","@id":"https:\/\/shopatoa.com\/ro\/essie-hard-to-resist-nail-strengthener-fortifiant-lac-de-unghii-pentru-unghii-slabe-si-deteriorate-culoare-01-violet-tint-135-ml\/#primaryimage","url":"https:\/\/storage.googleapis.com\/cz-shopatoa-img\/ro\/a7d4bb5f-unnamed-file.webp","contentUrl":"https:\/\/storage.googleapis.com\/cz-shopatoa-img\/ro\/a7d4bb5f-unnamed-file.webp","width":800,"height":800},{"@type":"BreadcrumbList","@id":"https:\/\/shopatoa.com\/ro\/essie-hard-to-resist-nail-strengthener-fortifiant-lac-de-unghii-pentru-unghii-slabe-si-deteriorate-culoare-01-violet-tint-135-ml\/#breadcrumb","itemListElement":[{"@type":"ListItem","position":1,"name":"Dom\u016f","item":"https:\/\/shopatoa.com\/ro\/"},{"@type":"ListItem","position":2,"name":"Shop","item":"https:\/\/shopatoa.com\/ro\/shop\/"},{"@type":"ListItem","position":3,"name":"S\u0103n\u0103tate \u0219i frumuse\u021be","item":"https:\/\/shopatoa.com\/ro\/sanatate-si-frumusete\/"},{"@type":"ListItem","position":4,"name":"\u00cengrijire personal\u0103","item":"https:\/\/shopatoa.com\/ro\/ingrijire-personala\/"},{"@type":"ListItem","position":5,"name":"Cosmetice","item":"https:\/\/shopatoa.com\/ro\/cosmetice-ingrijire-personala\/"},{"@type":"ListItem","position":6,"name":"\u00cengrijirea unghiilor","item":"https:\/\/shopatoa.com\/ro\/ingrijirea-unghiilor\/"},{"@type":"ListItem","position":7,"name":"essie hard to resist nail strengthener fortifiant lac de unghii pentru unghii slabe si deteriorate culoare 01 Violet Tint 13,5 ml"}]},{"@type":"WebSite","@id":"https:\/\/shopatoa.com\/ro\/#website","url":"https:\/\/shopatoa.com\/ro\/","name":"SHOPATOA","description":"","publisher":{"@id":"https:\/\/shopatoa.com\/ro\/#organization"},"potentialAction":[{"@type":"SearchAction","target":{"@type":"EntryPoint","urlTemplate":"https:\/\/shopatoa.com\/ro\/?s={search_term_string}"},"query-input":{"@type":"PropertyValueSpecification","valueRequired":true,"valueName":"search_term_string"}}],"inLanguage":"ro-RO"},{"@type":"Organization","@id":"https:\/\/shopatoa.com\/ro\/#organization","name":"SHOPATOA","url":"https:\/\/shopatoa.com\/ro\/","logo":{"@type":"ImageObject","inLanguage":"ro-RO","@id":"https:\/\/shopatoa.com\/ro\/#\/schema\/logo\/image\/","url":"https:\/\/storage.googleapis.com\/cz-shopatoa-img\/ro\/b4dac915-shopatoa_logo.png","contentUrl":"https:\/\/storage.googleapis.com\/cz-shopatoa-img\/ro\/b4dac915-shopatoa_logo.png","width":416,"height":63,"caption":"SHOPATOA"},"image":{"@id":"https:\/\/shopatoa.com\/ro\/#\/schema\/logo\/image\/"}}]}},"_links":{"self":[{"href":"https:\/\/shopatoa.com\/ro\/wp-json\/wp\/v2\/product\/429504","targetHints":{"allow":["GET"]}}],"collection":[{"href":"https:\/\/shopatoa.com\/ro\/wp-json\/wp\/v2\/product"}],"about":[{"href":"https:\/\/shopatoa.com\/ro\/wp-json\/wp\/v2\/types\/product"}],"replies":[{"embeddable":true,"href":"https:\/\/shopatoa.com\/ro\/wp-json\/wp\/v2\/comments?post=429504"}],"wp:featuredmedia":[{"embeddable":true,"href":"https:\/\/shopatoa.com\/ro\/wp-json\/wp\/v2\/media\/429859"}],"wp:attachment":[{"href":"https:\/\/shopatoa.com\/ro\/wp-json\/wp\/v2\/media?parent=429504"}],"wp:term":[{"taxonomy":"product_brand","embeddable":true,"href":"https:\/\/shopatoa.com\/ro\/wp-json\/wp\/v2\/product_brand?post=429504"},{"taxonomy":"product_cat","embeddable":true,"href":"https:\/\/shopatoa.com\/ro\/wp-json\/wp\/v2\/product_cat?post=429504"},{"taxonomy":"product_tag","embeddable":true,"href":"https:\/\/shopatoa.com\/ro\/wp-json\/wp\/v2\/product_tag?post=429504"}],"curies":[{"name":"wp","href":"https:\/\/api.w.org\/{rel}","templated":true}]}}