{"id":429515,"date":"2025-06-22T01:19:33","date_gmt":"2025-06-21T23:19:33","guid":{"rendered":"https:\/\/shopatoa.com\/ro\/bilboa-menta-glaciale-doccia-gel-de-dus-mentinerea-bronzului-220-ml\/"},"modified":"2025-12-11T10:44:42","modified_gmt":"2025-12-11T09:44:42","slug":"bilboa-menta-glaciale-doccia-gel-de-dus-mentinerea-bronzului-220-ml","status":"publish","type":"product","link":"https:\/\/shopatoa.com\/ro\/bilboa-menta-glaciale-doccia-gel-de-dus-mentinerea-bronzului-220-ml\/","title":{"rendered":"Bilboa Menta Glaciale Doccia gel de du\u0219 mentinerea bronzului 220 ml"},"content":{"rendered":"<p>Bilboa Menta Glaciale Doccia, 220 ml, Produse after sun pentru femei, Bucura\u021bi-v\u0103 de suvenirul din vacan\u021ba de var\u0103 sub forma unui corp frumos bronzat pentru c\u00e2t mai mult timp. Produsul Bilboa Menta Glaciale Doccia ofer\u0103 pielii expuse la soare \u00eengrijirea necesar\u0103 \u0219i, totodat\u0103, prelunge\u0219te persisten\u021ba bronzului deja ob\u021binut. Pielea dvs. \u00ee\u0219i va men\u021bine nuan\u021ba bronzat\u0103 \u0219i uniform\u0103 chiar \u0219i dup\u0103 mult timp de la expunerea la soare.  Caracteristici:  intensific\u0103 \u0219i prelunge\u0219te bronzul spal\u0103 pielea \u0219i \u00eendep\u0103rteaz\u0103 impurit\u0103\u021bile creeaz\u0103 o spum\u0103 abundent\u0103 hidrateaz\u0103 intens \u00eemprosp\u0103teaz\u0103 pl\u0103cut  Cum se utilizeaz\u0103: Aplica\u021bi pe pielea umed\u0103 \u0219i spuma\u021bi. Apoi se limpeze\u0219te bine cu ap\u0103.<\/p>\n","protected":false},"excerpt":{"rendered":"<p>Bilboa Menta Glaciale Doccia, 220 ml, Produse after sun pentru femei, Bucura\u021bi-v\u0103 de suvenirul din vacan\u021ba de var\u0103 sub forma unui corp frumos bronzat pentru c\u00e2t mai mult timp. Produsul Bilboa Menta Glaciale Doccia ofer\u0103 pielii expuse la soare \u00eengrijirea necesar\u0103 \u0219i, totodat\u0103, prelunge\u0219te persisten\u021ba bronzului deja ob\u021binut. Pielea dvs. \u00ee\u0219i va men\u021bine nuan\u021ba bronzat\u0103&#8230;<\/p>\n","protected":false},"featured_media":429870,"comment_status":"closed","ping_status":"open","template":"","meta":{"_acf_changed":false,"_kadence_starter_templates_imported_post":false,"_kad_post_transparent":"","_kad_post_title":"","_kad_post_layout":"","_kad_post_sidebar_id":"","_kad_post_content_style":"","_kad_post_vertical_padding":"","_kad_post_feature":"","_kad_post_feature_position":"","_kad_post_header":false,"_kad_post_footer":false,"_kad_post_classname":""},"product_brand":[3532],"product_cat":[1570,1564,1571,1563,1562],"product_tag":[],"class_list":{"0":"post-429515","1":"product","2":"type-product","3":"status-publish","4":"has-post-thumbnail","6":"product_brand-bilboa","7":"product_cat-baie-si-corp","8":"product_cat-cosmetice-ingrijire-personala","9":"product_cat-gel-de-dus","10":"product_cat-ingrijire-personala","11":"product_cat-sanatate-si-frumusete","12":"pa_gen-female","13":"pa_marime-220-ml","15":"first","16":"instock","17":"product-type-external","18":"entry","19":"content-bg","20":"loop-entry"},"acf":[],"yoast_head":"<!-- This site is optimized with the Yoast SEO plugin v27.4 - https:\/\/yoast.com\/product\/yoast-seo-wordpress\/ -->\n<title>Bilboa Menta Glaciale Doccia gel de du\u0219 mentinerea bronzului 220 ml - SHOPATOA.COM<\/title>\n<meta name=\"robots\" content=\"index, follow, max-snippet:-1, max-image-preview:large, max-video-preview:-1\" \/>\n<link rel=\"canonical\" href=\"https:\/\/shopatoa.com\/ro\/bilboa-menta-glaciale-doccia-gel-de-dus-mentinerea-bronzului-220-ml\/\" \/>\n<meta property=\"og:locale\" content=\"ro_RO\" \/>\n<meta property=\"og:type\" content=\"article\" \/>\n<meta property=\"og:title\" content=\"Bilboa Menta Glaciale Doccia gel de du\u0219 mentinerea bronzului 220 ml - SHOPATOA.COM\" \/>\n<meta property=\"og:description\" content=\"Bilboa Menta Glaciale Doccia, 220 ml, Produse after sun pentru femei, Bucura\u021bi-v\u0103 de suvenirul din vacan\u021ba de var\u0103 sub forma unui corp frumos bronzat pentru c\u00e2t mai mult timp. Produsul Bilboa Menta Glaciale Doccia ofer\u0103 pielii expuse la soare \u00eengrijirea necesar\u0103 \u0219i, totodat\u0103, prelunge\u0219te persisten\u021ba bronzului deja ob\u021binut. Pielea dvs. \u00ee\u0219i va men\u021bine nuan\u021ba bronzat\u0103...\" \/>\n<meta property=\"og:url\" content=\"https:\/\/shopatoa.com\/ro\/bilboa-menta-glaciale-doccia-gel-de-dus-mentinerea-bronzului-220-ml\/\" \/>\n<meta property=\"og:site_name\" content=\"SHOPATOA\" \/>\n<meta property=\"article:modified_time\" content=\"2025-12-11T09:44:42+00:00\" \/>\n<meta property=\"og:image\" content=\"https:\/\/storage.googleapis.com\/cz-shopatoa-img\/ro\/319cbf35-unnamed-file.webp\" \/>\n\t<meta property=\"og:image:width\" content=\"800\" \/>\n\t<meta property=\"og:image:height\" content=\"800\" \/>\n\t<meta property=\"og:image:type\" content=\"image\/webp\" \/>\n<meta name=\"twitter:card\" content=\"summary_large_image\" \/>\n<meta name=\"twitter:label1\" content=\"Timp estimat pentru citire\" \/>\n\t<meta name=\"twitter:data1\" content=\"1 minut\" \/>\n<script type=\"application\/ld+json\" class=\"yoast-schema-graph\">{\"@context\":\"https:\\\/\\\/schema.org\",\"@graph\":[{\"@type\":\"WebPage\",\"@id\":\"https:\\\/\\\/shopatoa.com\\\/ro\\\/bilboa-menta-glaciale-doccia-gel-de-dus-mentinerea-bronzului-220-ml\\\/\",\"url\":\"https:\\\/\\\/shopatoa.com\\\/ro\\\/bilboa-menta-glaciale-doccia-gel-de-dus-mentinerea-bronzului-220-ml\\\/\",\"name\":\"Bilboa Menta Glaciale Doccia gel de du\u0219 mentinerea bronzului 220 ml - SHOPATOA.COM\",\"isPartOf\":{\"@id\":\"https:\\\/\\\/shopatoa.com\\\/ro\\\/#website\"},\"primaryImageOfPage\":{\"@id\":\"https:\\\/\\\/shopatoa.com\\\/ro\\\/bilboa-menta-glaciale-doccia-gel-de-dus-mentinerea-bronzului-220-ml\\\/#primaryimage\"},\"image\":{\"@id\":\"https:\\\/\\\/shopatoa.com\\\/ro\\\/bilboa-menta-glaciale-doccia-gel-de-dus-mentinerea-bronzului-220-ml\\\/#primaryimage\"},\"thumbnailUrl\":\"https:\\\/\\\/storage.googleapis.com\\\/cz-shopatoa-img\\\/ro\\\/319cbf35-unnamed-file.webp\",\"datePublished\":\"2025-06-21T23:19:33+00:00\",\"dateModified\":\"2025-12-11T09:44:42+00:00\",\"breadcrumb\":{\"@id\":\"https:\\\/\\\/shopatoa.com\\\/ro\\\/bilboa-menta-glaciale-doccia-gel-de-dus-mentinerea-bronzului-220-ml\\\/#breadcrumb\"},\"inLanguage\":\"ro-RO\",\"potentialAction\":[{\"@type\":\"ReadAction\",\"target\":[\"https:\\\/\\\/shopatoa.com\\\/ro\\\/bilboa-menta-glaciale-doccia-gel-de-dus-mentinerea-bronzului-220-ml\\\/\"]}]},{\"@type\":\"ImageObject\",\"inLanguage\":\"ro-RO\",\"@id\":\"https:\\\/\\\/shopatoa.com\\\/ro\\\/bilboa-menta-glaciale-doccia-gel-de-dus-mentinerea-bronzului-220-ml\\\/#primaryimage\",\"url\":\"https:\\\/\\\/storage.googleapis.com\\\/cz-shopatoa-img\\\/ro\\\/319cbf35-unnamed-file.webp\",\"contentUrl\":\"https:\\\/\\\/storage.googleapis.com\\\/cz-shopatoa-img\\\/ro\\\/319cbf35-unnamed-file.webp\",\"width\":800,\"height\":800},{\"@type\":\"BreadcrumbList\",\"@id\":\"https:\\\/\\\/shopatoa.com\\\/ro\\\/bilboa-menta-glaciale-doccia-gel-de-dus-mentinerea-bronzului-220-ml\\\/#breadcrumb\",\"itemListElement\":[{\"@type\":\"ListItem\",\"position\":1,\"name\":\"Dom\u016f\",\"item\":\"https:\\\/\\\/shopatoa.com\\\/ro\\\/\"},{\"@type\":\"ListItem\",\"position\":2,\"name\":\"Shop\",\"item\":\"https:\\\/\\\/shopatoa.com\\\/ro\\\/shop\\\/\"},{\"@type\":\"ListItem\",\"position\":3,\"name\":\"S\u0103n\u0103tate \u0219i frumuse\u021be\",\"item\":\"https:\\\/\\\/shopatoa.com\\\/ro\\\/sanatate-si-frumusete\\\/\"},{\"@type\":\"ListItem\",\"position\":4,\"name\":\"\u00cengrijire personal\u0103\",\"item\":\"https:\\\/\\\/shopatoa.com\\\/ro\\\/ingrijire-personala\\\/\"},{\"@type\":\"ListItem\",\"position\":5,\"name\":\"Cosmetice\",\"item\":\"https:\\\/\\\/shopatoa.com\\\/ro\\\/cosmetice-ingrijire-personala\\\/\"},{\"@type\":\"ListItem\",\"position\":6,\"name\":\"Baie \u0219i corp\",\"item\":\"https:\\\/\\\/shopatoa.com\\\/ro\\\/baie-si-corp\\\/\"},{\"@type\":\"ListItem\",\"position\":7,\"name\":\"Gel de du\u0219\",\"item\":\"https:\\\/\\\/shopatoa.com\\\/ro\\\/gel-de-dus\\\/\"},{\"@type\":\"ListItem\",\"position\":8,\"name\":\"Bilboa Menta Glaciale Doccia gel de du\u0219 mentinerea bronzului 220 ml\"}]},{\"@type\":\"WebSite\",\"@id\":\"https:\\\/\\\/shopatoa.com\\\/ro\\\/#website\",\"url\":\"https:\\\/\\\/shopatoa.com\\\/ro\\\/\",\"name\":\"SHOPATOA\",\"description\":\"\",\"publisher\":{\"@id\":\"https:\\\/\\\/shopatoa.com\\\/ro\\\/#organization\"},\"potentialAction\":[{\"@type\":\"SearchAction\",\"target\":{\"@type\":\"EntryPoint\",\"urlTemplate\":\"https:\\\/\\\/shopatoa.com\\\/ro\\\/?s={search_term_string}\"},\"query-input\":{\"@type\":\"PropertyValueSpecification\",\"valueRequired\":true,\"valueName\":\"search_term_string\"}}],\"inLanguage\":\"ro-RO\"},{\"@type\":\"Organization\",\"@id\":\"https:\\\/\\\/shopatoa.com\\\/ro\\\/#organization\",\"name\":\"SHOPATOA\",\"url\":\"https:\\\/\\\/shopatoa.com\\\/ro\\\/\",\"logo\":{\"@type\":\"ImageObject\",\"inLanguage\":\"ro-RO\",\"@id\":\"https:\\\/\\\/shopatoa.com\\\/ro\\\/#\\\/schema\\\/logo\\\/image\\\/\",\"url\":\"https:\\\/\\\/storage.googleapis.com\\\/cz-shopatoa-img\\\/ro\\\/b4dac915-shopatoa_logo.png\",\"contentUrl\":\"https:\\\/\\\/storage.googleapis.com\\\/cz-shopatoa-img\\\/ro\\\/b4dac915-shopatoa_logo.png\",\"width\":416,\"height\":63,\"caption\":\"SHOPATOA\"},\"image\":{\"@id\":\"https:\\\/\\\/shopatoa.com\\\/ro\\\/#\\\/schema\\\/logo\\\/image\\\/\"}}]}<\/script>\n<!-- \/ Yoast SEO plugin. -->","yoast_head_json":{"title":"Bilboa Menta Glaciale Doccia gel de du\u0219 mentinerea bronzului 220 ml - SHOPATOA.COM","robots":{"index":"index","follow":"follow","max-snippet":"max-snippet:-1","max-image-preview":"max-image-preview:large","max-video-preview":"max-video-preview:-1"},"canonical":"https:\/\/shopatoa.com\/ro\/bilboa-menta-glaciale-doccia-gel-de-dus-mentinerea-bronzului-220-ml\/","og_locale":"ro_RO","og_type":"article","og_title":"Bilboa Menta Glaciale Doccia gel de du\u0219 mentinerea bronzului 220 ml - SHOPATOA.COM","og_description":"Bilboa Menta Glaciale Doccia, 220 ml, Produse after sun pentru femei, Bucura\u021bi-v\u0103 de suvenirul din vacan\u021ba de var\u0103 sub forma unui corp frumos bronzat pentru c\u00e2t mai mult timp. Produsul Bilboa Menta Glaciale Doccia ofer\u0103 pielii expuse la soare \u00eengrijirea necesar\u0103 \u0219i, totodat\u0103, prelunge\u0219te persisten\u021ba bronzului deja ob\u021binut. Pielea dvs. \u00ee\u0219i va men\u021bine nuan\u021ba bronzat\u0103...","og_url":"https:\/\/shopatoa.com\/ro\/bilboa-menta-glaciale-doccia-gel-de-dus-mentinerea-bronzului-220-ml\/","og_site_name":"SHOPATOA","article_modified_time":"2025-12-11T09:44:42+00:00","og_image":[{"width":800,"height":800,"url":"https:\/\/storage.googleapis.com\/cz-shopatoa-img\/ro\/319cbf35-unnamed-file.webp","type":"image\/webp"}],"twitter_card":"summary_large_image","twitter_misc":{"Timp estimat pentru citire":"1 minut"},"schema":{"@context":"https:\/\/schema.org","@graph":[{"@type":"WebPage","@id":"https:\/\/shopatoa.com\/ro\/bilboa-menta-glaciale-doccia-gel-de-dus-mentinerea-bronzului-220-ml\/","url":"https:\/\/shopatoa.com\/ro\/bilboa-menta-glaciale-doccia-gel-de-dus-mentinerea-bronzului-220-ml\/","name":"Bilboa Menta Glaciale Doccia gel de du\u0219 mentinerea bronzului 220 ml - SHOPATOA.COM","isPartOf":{"@id":"https:\/\/shopatoa.com\/ro\/#website"},"primaryImageOfPage":{"@id":"https:\/\/shopatoa.com\/ro\/bilboa-menta-glaciale-doccia-gel-de-dus-mentinerea-bronzului-220-ml\/#primaryimage"},"image":{"@id":"https:\/\/shopatoa.com\/ro\/bilboa-menta-glaciale-doccia-gel-de-dus-mentinerea-bronzului-220-ml\/#primaryimage"},"thumbnailUrl":"https:\/\/storage.googleapis.com\/cz-shopatoa-img\/ro\/319cbf35-unnamed-file.webp","datePublished":"2025-06-21T23:19:33+00:00","dateModified":"2025-12-11T09:44:42+00:00","breadcrumb":{"@id":"https:\/\/shopatoa.com\/ro\/bilboa-menta-glaciale-doccia-gel-de-dus-mentinerea-bronzului-220-ml\/#breadcrumb"},"inLanguage":"ro-RO","potentialAction":[{"@type":"ReadAction","target":["https:\/\/shopatoa.com\/ro\/bilboa-menta-glaciale-doccia-gel-de-dus-mentinerea-bronzului-220-ml\/"]}]},{"@type":"ImageObject","inLanguage":"ro-RO","@id":"https:\/\/shopatoa.com\/ro\/bilboa-menta-glaciale-doccia-gel-de-dus-mentinerea-bronzului-220-ml\/#primaryimage","url":"https:\/\/storage.googleapis.com\/cz-shopatoa-img\/ro\/319cbf35-unnamed-file.webp","contentUrl":"https:\/\/storage.googleapis.com\/cz-shopatoa-img\/ro\/319cbf35-unnamed-file.webp","width":800,"height":800},{"@type":"BreadcrumbList","@id":"https:\/\/shopatoa.com\/ro\/bilboa-menta-glaciale-doccia-gel-de-dus-mentinerea-bronzului-220-ml\/#breadcrumb","itemListElement":[{"@type":"ListItem","position":1,"name":"Dom\u016f","item":"https:\/\/shopatoa.com\/ro\/"},{"@type":"ListItem","position":2,"name":"Shop","item":"https:\/\/shopatoa.com\/ro\/shop\/"},{"@type":"ListItem","position":3,"name":"S\u0103n\u0103tate \u0219i frumuse\u021be","item":"https:\/\/shopatoa.com\/ro\/sanatate-si-frumusete\/"},{"@type":"ListItem","position":4,"name":"\u00cengrijire personal\u0103","item":"https:\/\/shopatoa.com\/ro\/ingrijire-personala\/"},{"@type":"ListItem","position":5,"name":"Cosmetice","item":"https:\/\/shopatoa.com\/ro\/cosmetice-ingrijire-personala\/"},{"@type":"ListItem","position":6,"name":"Baie \u0219i corp","item":"https:\/\/shopatoa.com\/ro\/baie-si-corp\/"},{"@type":"ListItem","position":7,"name":"Gel de du\u0219","item":"https:\/\/shopatoa.com\/ro\/gel-de-dus\/"},{"@type":"ListItem","position":8,"name":"Bilboa Menta Glaciale Doccia gel de du\u0219 mentinerea bronzului 220 ml"}]},{"@type":"WebSite","@id":"https:\/\/shopatoa.com\/ro\/#website","url":"https:\/\/shopatoa.com\/ro\/","name":"SHOPATOA","description":"","publisher":{"@id":"https:\/\/shopatoa.com\/ro\/#organization"},"potentialAction":[{"@type":"SearchAction","target":{"@type":"EntryPoint","urlTemplate":"https:\/\/shopatoa.com\/ro\/?s={search_term_string}"},"query-input":{"@type":"PropertyValueSpecification","valueRequired":true,"valueName":"search_term_string"}}],"inLanguage":"ro-RO"},{"@type":"Organization","@id":"https:\/\/shopatoa.com\/ro\/#organization","name":"SHOPATOA","url":"https:\/\/shopatoa.com\/ro\/","logo":{"@type":"ImageObject","inLanguage":"ro-RO","@id":"https:\/\/shopatoa.com\/ro\/#\/schema\/logo\/image\/","url":"https:\/\/storage.googleapis.com\/cz-shopatoa-img\/ro\/b4dac915-shopatoa_logo.png","contentUrl":"https:\/\/storage.googleapis.com\/cz-shopatoa-img\/ro\/b4dac915-shopatoa_logo.png","width":416,"height":63,"caption":"SHOPATOA"},"image":{"@id":"https:\/\/shopatoa.com\/ro\/#\/schema\/logo\/image\/"}}]}},"_links":{"self":[{"href":"https:\/\/shopatoa.com\/ro\/wp-json\/wp\/v2\/product\/429515","targetHints":{"allow":["GET"]}}],"collection":[{"href":"https:\/\/shopatoa.com\/ro\/wp-json\/wp\/v2\/product"}],"about":[{"href":"https:\/\/shopatoa.com\/ro\/wp-json\/wp\/v2\/types\/product"}],"replies":[{"embeddable":true,"href":"https:\/\/shopatoa.com\/ro\/wp-json\/wp\/v2\/comments?post=429515"}],"wp:featuredmedia":[{"embeddable":true,"href":"https:\/\/shopatoa.com\/ro\/wp-json\/wp\/v2\/media\/429870"}],"wp:attachment":[{"href":"https:\/\/shopatoa.com\/ro\/wp-json\/wp\/v2\/media?parent=429515"}],"wp:term":[{"taxonomy":"product_brand","embeddable":true,"href":"https:\/\/shopatoa.com\/ro\/wp-json\/wp\/v2\/product_brand?post=429515"},{"taxonomy":"product_cat","embeddable":true,"href":"https:\/\/shopatoa.com\/ro\/wp-json\/wp\/v2\/product_cat?post=429515"},{"taxonomy":"product_tag","embeddable":true,"href":"https:\/\/shopatoa.com\/ro\/wp-json\/wp\/v2\/product_tag?post=429515"}],"curies":[{"name":"wp","href":"https:\/\/api.w.org\/{rel}","templated":true}]}}