{"id":429527,"date":"2025-06-22T01:21:21","date_gmt":"2025-06-21T23:21:21","guid":{"rendered":"https:\/\/shopatoa.com\/ro\/daeng-gi-meo-ri-jin-gi-vitalizing-nutrition-hair-pack-masca-revitalizanta-pentru-par-deteriorat-120-ml\/"},"modified":"2025-12-11T10:35:19","modified_gmt":"2025-12-11T09:35:19","slug":"daeng-gi-meo-ri-jin-gi-vitalizing-nutrition-hair-pack-masca-revitalizanta-pentru-par-deteriorat-120-ml","status":"publish","type":"product","link":"https:\/\/shopatoa.com\/ro\/daeng-gi-meo-ri-jin-gi-vitalizing-nutrition-hair-pack-masca-revitalizanta-pentru-par-deteriorat-120-ml\/","title":{"rendered":"DAENG GI MEO RI Jin Gi Vitalizing Nutrition Hair Pack masca revitalizanta pentru par deteriorat 120 ml"},"content":{"rendered":"<p>DAENG GI MEO RI Jin Gi Vitalizing Nutrition Hair Pack, 120 ml, Masca pentru par pentru femei, Sim\u021bi\u021bi c\u0103 p\u0103rul dvs. are nevoie de o \u00eengrijire mai intens\u0103 dec\u00e2t v\u0103 pot oferi condi\u021bionerele sau balsamurile? Masca de p\u0103r DAENG GI MEO RI Jin Gi Vitalizing Nutrition Hair Pack v\u0103 va completa de minute rutina de \u00eengrijire. Datorit\u0103 concentra\u021biei ridicate de substan\u021be nutritive menite s\u0103 rezolve probleme specifice, red\u0103 p\u0103rului vitalitatea \u0219i frumuse\u021bea. P\u0103trunde ad\u00e2nc \u00een fibrele de p\u0103r pentru a le fortifica, pentru a le hr\u0103ni intensiv, pentru a favoriza regenerarea \u0219i pentru a le netezi suprafa\u021ba, l\u0103s\u00e2ndu-le fine la atingere, cu o str\u0103lucire radiant\u0103 \u0219i mai rezistente la deterior\u0103ri.  Caracteristici:  \u00eent\u0103re\u0219te firul de p\u0103r calmeaz\u0103 scalpul efect benefic contra c\u0103derii p\u0103rului regenereaz\u0103 p\u0103rul pe \u00eentreaga sa lungime are grij\u0103 de toat\u0103 lungimea p\u0103rului sl\u0103bit \u00eent\u0103re\u0219te v\u00e2rfurile p\u0103rului red\u0103 p\u0103rului aspectul natural \u0219i s\u0103n\u0103tos ofer\u0103 p\u0103rului o str\u0103lucire radiant\u0103 faciliteaz\u0103 descurcarea p\u0103rului \u0219i, astfel, previne deteriorarea sa pentru p\u0103r natural \u0219i vopsit  Ingrediente:  cheratin\u0103 \u2013 protein\u0103 prezent\u0103 \u00een mod natural \u00een p\u0103r, formeaz\u0103 un strat protector care previne deteriorarea, are efect asupra calit\u0103\u021bii \u0219i cre\u0219terii p\u0103rului, a catifel\u0103rii \u0219i str\u0103lucirii acestuia, neteze\u0219te, fortific\u0103 \u0219i regenereaz\u0103 intensiv extract de gotu kola \u2013 calmeaz\u0103 \u0219i reduce irita\u021bia, \u00eembun\u0103t\u0103\u021be\u0219te microcircula\u021bia sanguin\u0103 la nivelul scalpului, sporind astfel aportul de nutrien\u021bi \u00een foliculii de p\u0103r \u0219i ajut\u0103 la combaterea c\u0103derii sau sub\u021bierii p\u0103rului extract de ginseng \u2013 con\u021bine vitamine, minerale \u0219i antioxidan\u021bi, \u00eembun\u0103t\u0103\u021be\u0219te circula\u021bia sanguin\u0103 a scalpului \u0219i, prin urmare, nutri\u021bia foliculilor, favorizeaz\u0103 cre\u0219terea firelor de p\u0103r noi, previne deteriorarea \u0219i c\u0103derea excesiv\u0103 a p\u0103rului cheratin\u0103 pantenol \u2013 hidrateaz\u0103, men\u021bine p\u0103rul \u0219i scalpul hidratate, calmeaz\u0103 \u0219i combate iritarea scalpului, neteze\u0219te fibrele de p\u0103r, \u00eembun\u0103t\u0103\u021be\u0219te elasticitatea acestora ceramide \u2013 lipide esen\u021biale care se g\u0103sesc natural \u00een foliculii de p\u0103r, fortific\u0103 p\u0103rul, ajut\u0103 la men\u021binerea hidrat\u0103rii \u0219i integrit\u0103\u021bii acestuia  Cum se utilizeaz\u0103: Se aplic\u0103 pe p\u0103rul umed, sp\u0103lat \u00een prealabil cu \u0219ampon. Se las\u0103 s\u0103 ac\u021bioneze conform timpului specificat pe ambalaj, apoi se cl\u0103te\u0219te bine. Evita\u021bi contactul direct cu ochii.<\/p>\n","protected":false},"excerpt":{"rendered":"<p>DAENG GI MEO RI Jin Gi Vitalizing Nutrition Hair Pack, 120 ml, Masca pentru par pentru femei, Sim\u021bi\u021bi c\u0103 p\u0103rul dvs. are nevoie de o \u00eengrijire mai intens\u0103 dec\u00e2t v\u0103 pot oferi condi\u021bionerele sau balsamurile? Masca de p\u0103r DAENG GI MEO RI Jin Gi Vitalizing Nutrition Hair Pack v\u0103 va completa de minute rutina de&#8230;<\/p>\n","protected":false},"featured_media":429882,"comment_status":"closed","ping_status":"open","template":"","meta":{"_acf_changed":false,"_kadence_starter_templates_imported_post":false,"_kad_post_transparent":"","_kad_post_title":"","_kad_post_layout":"","_kad_post_sidebar_id":"","_kad_post_content_style":"","_kad_post_vertical_padding":"","_kad_post_feature":"","_kad_post_feature_position":"","_kad_post_header":false,"_kad_post_footer":false,"_kad_post_classname":""},"product_brand":[3356],"product_cat":[1564,1563,1565,1614,1562],"product_tag":[],"class_list":{"0":"post-429527","1":"product","2":"type-product","3":"status-publish","4":"has-post-thumbnail","6":"product_brand-daeng-gi-meo-ri","7":"product_cat-cosmetice-ingrijire-personala","8":"product_cat-ingrijire-personala","9":"product_cat-ingrijirea-pielii","10":"product_cat-masti-si-peelings-pentru-ten","11":"product_cat-sanatate-si-frumusete","12":"pa_gen-female","13":"pa_marime-120-ml","15":"first","16":"instock","17":"sale","18":"product-type-external","19":"entry","20":"content-bg","21":"loop-entry"},"acf":[],"yoast_head":"<!-- This site is optimized with the Yoast SEO plugin v27.4 - https:\/\/yoast.com\/product\/yoast-seo-wordpress\/ -->\n<title>DAENG GI MEO RI Jin Gi Vitalizing Nutrition Hair Pack masca revitalizanta pentru par deteriorat 120 ml - SHOPATOA.COM<\/title>\n<meta name=\"robots\" content=\"index, follow, max-snippet:-1, max-image-preview:large, max-video-preview:-1\" \/>\n<link rel=\"canonical\" href=\"https:\/\/shopatoa.com\/ro\/daeng-gi-meo-ri-jin-gi-vitalizing-nutrition-hair-pack-masca-revitalizanta-pentru-par-deteriorat-120-ml\/\" \/>\n<meta property=\"og:locale\" content=\"ro_RO\" \/>\n<meta property=\"og:type\" content=\"article\" \/>\n<meta property=\"og:title\" content=\"DAENG GI MEO RI Jin Gi Vitalizing Nutrition Hair Pack masca revitalizanta pentru par deteriorat 120 ml - SHOPATOA.COM\" \/>\n<meta property=\"og:description\" content=\"DAENG GI MEO RI Jin Gi Vitalizing Nutrition Hair Pack, 120 ml, Masca pentru par pentru femei, Sim\u021bi\u021bi c\u0103 p\u0103rul dvs. are nevoie de o \u00eengrijire mai intens\u0103 dec\u00e2t v\u0103 pot oferi condi\u021bionerele sau balsamurile? Masca de p\u0103r DAENG GI MEO RI Jin Gi Vitalizing Nutrition Hair Pack v\u0103 va completa de minute rutina de...\" \/>\n<meta property=\"og:url\" content=\"https:\/\/shopatoa.com\/ro\/daeng-gi-meo-ri-jin-gi-vitalizing-nutrition-hair-pack-masca-revitalizanta-pentru-par-deteriorat-120-ml\/\" \/>\n<meta property=\"og:site_name\" content=\"SHOPATOA\" \/>\n<meta property=\"article:modified_time\" content=\"2025-12-11T09:35:19+00:00\" \/>\n<meta property=\"og:image\" content=\"https:\/\/storage.googleapis.com\/cz-shopatoa-img\/ro\/683a1845-unnamed-file.webp\" \/>\n\t<meta property=\"og:image:width\" content=\"800\" \/>\n\t<meta property=\"og:image:height\" content=\"800\" \/>\n\t<meta property=\"og:image:type\" content=\"image\/webp\" \/>\n<meta name=\"twitter:card\" content=\"summary_large_image\" \/>\n<meta name=\"twitter:label1\" content=\"Timp estimat pentru citire\" \/>\n\t<meta name=\"twitter:data1\" content=\"2 minute\" \/>\n<script type=\"application\/ld+json\" class=\"yoast-schema-graph\">{\"@context\":\"https:\\\/\\\/schema.org\",\"@graph\":[{\"@type\":\"WebPage\",\"@id\":\"https:\\\/\\\/shopatoa.com\\\/ro\\\/daeng-gi-meo-ri-jin-gi-vitalizing-nutrition-hair-pack-masca-revitalizanta-pentru-par-deteriorat-120-ml\\\/\",\"url\":\"https:\\\/\\\/shopatoa.com\\\/ro\\\/daeng-gi-meo-ri-jin-gi-vitalizing-nutrition-hair-pack-masca-revitalizanta-pentru-par-deteriorat-120-ml\\\/\",\"name\":\"DAENG GI MEO RI Jin Gi Vitalizing Nutrition Hair Pack masca revitalizanta pentru par deteriorat 120 ml - SHOPATOA.COM\",\"isPartOf\":{\"@id\":\"https:\\\/\\\/shopatoa.com\\\/ro\\\/#website\"},\"primaryImageOfPage\":{\"@id\":\"https:\\\/\\\/shopatoa.com\\\/ro\\\/daeng-gi-meo-ri-jin-gi-vitalizing-nutrition-hair-pack-masca-revitalizanta-pentru-par-deteriorat-120-ml\\\/#primaryimage\"},\"image\":{\"@id\":\"https:\\\/\\\/shopatoa.com\\\/ro\\\/daeng-gi-meo-ri-jin-gi-vitalizing-nutrition-hair-pack-masca-revitalizanta-pentru-par-deteriorat-120-ml\\\/#primaryimage\"},\"thumbnailUrl\":\"https:\\\/\\\/storage.googleapis.com\\\/cz-shopatoa-img\\\/ro\\\/683a1845-unnamed-file.webp\",\"datePublished\":\"2025-06-21T23:21:21+00:00\",\"dateModified\":\"2025-12-11T09:35:19+00:00\",\"breadcrumb\":{\"@id\":\"https:\\\/\\\/shopatoa.com\\\/ro\\\/daeng-gi-meo-ri-jin-gi-vitalizing-nutrition-hair-pack-masca-revitalizanta-pentru-par-deteriorat-120-ml\\\/#breadcrumb\"},\"inLanguage\":\"ro-RO\",\"potentialAction\":[{\"@type\":\"ReadAction\",\"target\":[\"https:\\\/\\\/shopatoa.com\\\/ro\\\/daeng-gi-meo-ri-jin-gi-vitalizing-nutrition-hair-pack-masca-revitalizanta-pentru-par-deteriorat-120-ml\\\/\"]}]},{\"@type\":\"ImageObject\",\"inLanguage\":\"ro-RO\",\"@id\":\"https:\\\/\\\/shopatoa.com\\\/ro\\\/daeng-gi-meo-ri-jin-gi-vitalizing-nutrition-hair-pack-masca-revitalizanta-pentru-par-deteriorat-120-ml\\\/#primaryimage\",\"url\":\"https:\\\/\\\/storage.googleapis.com\\\/cz-shopatoa-img\\\/ro\\\/683a1845-unnamed-file.webp\",\"contentUrl\":\"https:\\\/\\\/storage.googleapis.com\\\/cz-shopatoa-img\\\/ro\\\/683a1845-unnamed-file.webp\",\"width\":800,\"height\":800},{\"@type\":\"BreadcrumbList\",\"@id\":\"https:\\\/\\\/shopatoa.com\\\/ro\\\/daeng-gi-meo-ri-jin-gi-vitalizing-nutrition-hair-pack-masca-revitalizanta-pentru-par-deteriorat-120-ml\\\/#breadcrumb\",\"itemListElement\":[{\"@type\":\"ListItem\",\"position\":1,\"name\":\"Dom\u016f\",\"item\":\"https:\\\/\\\/shopatoa.com\\\/ro\\\/\"},{\"@type\":\"ListItem\",\"position\":2,\"name\":\"Shop\",\"item\":\"https:\\\/\\\/shopatoa.com\\\/ro\\\/shop\\\/\"},{\"@type\":\"ListItem\",\"position\":3,\"name\":\"S\u0103n\u0103tate \u0219i frumuse\u021be\",\"item\":\"https:\\\/\\\/shopatoa.com\\\/ro\\\/sanatate-si-frumusete\\\/\"},{\"@type\":\"ListItem\",\"position\":4,\"name\":\"\u00cengrijire personal\u0103\",\"item\":\"https:\\\/\\\/shopatoa.com\\\/ro\\\/ingrijire-personala\\\/\"},{\"@type\":\"ListItem\",\"position\":5,\"name\":\"Cosmetice\",\"item\":\"https:\\\/\\\/shopatoa.com\\\/ro\\\/cosmetice-ingrijire-personala\\\/\"},{\"@type\":\"ListItem\",\"position\":6,\"name\":\"\u00cengrijirea pielii\",\"item\":\"https:\\\/\\\/shopatoa.com\\\/ro\\\/ingrijirea-pielii\\\/\"},{\"@type\":\"ListItem\",\"position\":7,\"name\":\"M\u0103\u0219ti \u0219i peelings pentru ten\",\"item\":\"https:\\\/\\\/shopatoa.com\\\/ro\\\/masti-si-peelings-pentru-ten\\\/\"},{\"@type\":\"ListItem\",\"position\":8,\"name\":\"DAENG GI MEO RI Jin Gi Vitalizing Nutrition Hair Pack masca revitalizanta pentru par deteriorat 120 ml\"}]},{\"@type\":\"WebSite\",\"@id\":\"https:\\\/\\\/shopatoa.com\\\/ro\\\/#website\",\"url\":\"https:\\\/\\\/shopatoa.com\\\/ro\\\/\",\"name\":\"SHOPATOA\",\"description\":\"\",\"publisher\":{\"@id\":\"https:\\\/\\\/shopatoa.com\\\/ro\\\/#organization\"},\"potentialAction\":[{\"@type\":\"SearchAction\",\"target\":{\"@type\":\"EntryPoint\",\"urlTemplate\":\"https:\\\/\\\/shopatoa.com\\\/ro\\\/?s={search_term_string}\"},\"query-input\":{\"@type\":\"PropertyValueSpecification\",\"valueRequired\":true,\"valueName\":\"search_term_string\"}}],\"inLanguage\":\"ro-RO\"},{\"@type\":\"Organization\",\"@id\":\"https:\\\/\\\/shopatoa.com\\\/ro\\\/#organization\",\"name\":\"SHOPATOA\",\"url\":\"https:\\\/\\\/shopatoa.com\\\/ro\\\/\",\"logo\":{\"@type\":\"ImageObject\",\"inLanguage\":\"ro-RO\",\"@id\":\"https:\\\/\\\/shopatoa.com\\\/ro\\\/#\\\/schema\\\/logo\\\/image\\\/\",\"url\":\"https:\\\/\\\/storage.googleapis.com\\\/cz-shopatoa-img\\\/ro\\\/b4dac915-shopatoa_logo.png\",\"contentUrl\":\"https:\\\/\\\/storage.googleapis.com\\\/cz-shopatoa-img\\\/ro\\\/b4dac915-shopatoa_logo.png\",\"width\":416,\"height\":63,\"caption\":\"SHOPATOA\"},\"image\":{\"@id\":\"https:\\\/\\\/shopatoa.com\\\/ro\\\/#\\\/schema\\\/logo\\\/image\\\/\"}}]}<\/script>\n<!-- \/ Yoast SEO plugin. -->","yoast_head_json":{"title":"DAENG GI MEO RI Jin Gi Vitalizing Nutrition Hair Pack masca revitalizanta pentru par deteriorat 120 ml - SHOPATOA.COM","robots":{"index":"index","follow":"follow","max-snippet":"max-snippet:-1","max-image-preview":"max-image-preview:large","max-video-preview":"max-video-preview:-1"},"canonical":"https:\/\/shopatoa.com\/ro\/daeng-gi-meo-ri-jin-gi-vitalizing-nutrition-hair-pack-masca-revitalizanta-pentru-par-deteriorat-120-ml\/","og_locale":"ro_RO","og_type":"article","og_title":"DAENG GI MEO RI Jin Gi Vitalizing Nutrition Hair Pack masca revitalizanta pentru par deteriorat 120 ml - SHOPATOA.COM","og_description":"DAENG GI MEO RI Jin Gi Vitalizing Nutrition Hair Pack, 120 ml, Masca pentru par pentru femei, Sim\u021bi\u021bi c\u0103 p\u0103rul dvs. are nevoie de o \u00eengrijire mai intens\u0103 dec\u00e2t v\u0103 pot oferi condi\u021bionerele sau balsamurile? Masca de p\u0103r DAENG GI MEO RI Jin Gi Vitalizing Nutrition Hair Pack v\u0103 va completa de minute rutina de...","og_url":"https:\/\/shopatoa.com\/ro\/daeng-gi-meo-ri-jin-gi-vitalizing-nutrition-hair-pack-masca-revitalizanta-pentru-par-deteriorat-120-ml\/","og_site_name":"SHOPATOA","article_modified_time":"2025-12-11T09:35:19+00:00","og_image":[{"width":800,"height":800,"url":"https:\/\/storage.googleapis.com\/cz-shopatoa-img\/ro\/683a1845-unnamed-file.webp","type":"image\/webp"}],"twitter_card":"summary_large_image","twitter_misc":{"Timp estimat pentru citire":"2 minute"},"schema":{"@context":"https:\/\/schema.org","@graph":[{"@type":"WebPage","@id":"https:\/\/shopatoa.com\/ro\/daeng-gi-meo-ri-jin-gi-vitalizing-nutrition-hair-pack-masca-revitalizanta-pentru-par-deteriorat-120-ml\/","url":"https:\/\/shopatoa.com\/ro\/daeng-gi-meo-ri-jin-gi-vitalizing-nutrition-hair-pack-masca-revitalizanta-pentru-par-deteriorat-120-ml\/","name":"DAENG GI MEO RI Jin Gi Vitalizing Nutrition Hair Pack masca revitalizanta pentru par deteriorat 120 ml - SHOPATOA.COM","isPartOf":{"@id":"https:\/\/shopatoa.com\/ro\/#website"},"primaryImageOfPage":{"@id":"https:\/\/shopatoa.com\/ro\/daeng-gi-meo-ri-jin-gi-vitalizing-nutrition-hair-pack-masca-revitalizanta-pentru-par-deteriorat-120-ml\/#primaryimage"},"image":{"@id":"https:\/\/shopatoa.com\/ro\/daeng-gi-meo-ri-jin-gi-vitalizing-nutrition-hair-pack-masca-revitalizanta-pentru-par-deteriorat-120-ml\/#primaryimage"},"thumbnailUrl":"https:\/\/storage.googleapis.com\/cz-shopatoa-img\/ro\/683a1845-unnamed-file.webp","datePublished":"2025-06-21T23:21:21+00:00","dateModified":"2025-12-11T09:35:19+00:00","breadcrumb":{"@id":"https:\/\/shopatoa.com\/ro\/daeng-gi-meo-ri-jin-gi-vitalizing-nutrition-hair-pack-masca-revitalizanta-pentru-par-deteriorat-120-ml\/#breadcrumb"},"inLanguage":"ro-RO","potentialAction":[{"@type":"ReadAction","target":["https:\/\/shopatoa.com\/ro\/daeng-gi-meo-ri-jin-gi-vitalizing-nutrition-hair-pack-masca-revitalizanta-pentru-par-deteriorat-120-ml\/"]}]},{"@type":"ImageObject","inLanguage":"ro-RO","@id":"https:\/\/shopatoa.com\/ro\/daeng-gi-meo-ri-jin-gi-vitalizing-nutrition-hair-pack-masca-revitalizanta-pentru-par-deteriorat-120-ml\/#primaryimage","url":"https:\/\/storage.googleapis.com\/cz-shopatoa-img\/ro\/683a1845-unnamed-file.webp","contentUrl":"https:\/\/storage.googleapis.com\/cz-shopatoa-img\/ro\/683a1845-unnamed-file.webp","width":800,"height":800},{"@type":"BreadcrumbList","@id":"https:\/\/shopatoa.com\/ro\/daeng-gi-meo-ri-jin-gi-vitalizing-nutrition-hair-pack-masca-revitalizanta-pentru-par-deteriorat-120-ml\/#breadcrumb","itemListElement":[{"@type":"ListItem","position":1,"name":"Dom\u016f","item":"https:\/\/shopatoa.com\/ro\/"},{"@type":"ListItem","position":2,"name":"Shop","item":"https:\/\/shopatoa.com\/ro\/shop\/"},{"@type":"ListItem","position":3,"name":"S\u0103n\u0103tate \u0219i frumuse\u021be","item":"https:\/\/shopatoa.com\/ro\/sanatate-si-frumusete\/"},{"@type":"ListItem","position":4,"name":"\u00cengrijire personal\u0103","item":"https:\/\/shopatoa.com\/ro\/ingrijire-personala\/"},{"@type":"ListItem","position":5,"name":"Cosmetice","item":"https:\/\/shopatoa.com\/ro\/cosmetice-ingrijire-personala\/"},{"@type":"ListItem","position":6,"name":"\u00cengrijirea pielii","item":"https:\/\/shopatoa.com\/ro\/ingrijirea-pielii\/"},{"@type":"ListItem","position":7,"name":"M\u0103\u0219ti \u0219i peelings pentru ten","item":"https:\/\/shopatoa.com\/ro\/masti-si-peelings-pentru-ten\/"},{"@type":"ListItem","position":8,"name":"DAENG GI MEO RI Jin Gi Vitalizing Nutrition Hair Pack masca revitalizanta pentru par deteriorat 120 ml"}]},{"@type":"WebSite","@id":"https:\/\/shopatoa.com\/ro\/#website","url":"https:\/\/shopatoa.com\/ro\/","name":"SHOPATOA","description":"","publisher":{"@id":"https:\/\/shopatoa.com\/ro\/#organization"},"potentialAction":[{"@type":"SearchAction","target":{"@type":"EntryPoint","urlTemplate":"https:\/\/shopatoa.com\/ro\/?s={search_term_string}"},"query-input":{"@type":"PropertyValueSpecification","valueRequired":true,"valueName":"search_term_string"}}],"inLanguage":"ro-RO"},{"@type":"Organization","@id":"https:\/\/shopatoa.com\/ro\/#organization","name":"SHOPATOA","url":"https:\/\/shopatoa.com\/ro\/","logo":{"@type":"ImageObject","inLanguage":"ro-RO","@id":"https:\/\/shopatoa.com\/ro\/#\/schema\/logo\/image\/","url":"https:\/\/storage.googleapis.com\/cz-shopatoa-img\/ro\/b4dac915-shopatoa_logo.png","contentUrl":"https:\/\/storage.googleapis.com\/cz-shopatoa-img\/ro\/b4dac915-shopatoa_logo.png","width":416,"height":63,"caption":"SHOPATOA"},"image":{"@id":"https:\/\/shopatoa.com\/ro\/#\/schema\/logo\/image\/"}}]}},"_links":{"self":[{"href":"https:\/\/shopatoa.com\/ro\/wp-json\/wp\/v2\/product\/429527","targetHints":{"allow":["GET"]}}],"collection":[{"href":"https:\/\/shopatoa.com\/ro\/wp-json\/wp\/v2\/product"}],"about":[{"href":"https:\/\/shopatoa.com\/ro\/wp-json\/wp\/v2\/types\/product"}],"replies":[{"embeddable":true,"href":"https:\/\/shopatoa.com\/ro\/wp-json\/wp\/v2\/comments?post=429527"}],"wp:featuredmedia":[{"embeddable":true,"href":"https:\/\/shopatoa.com\/ro\/wp-json\/wp\/v2\/media\/429882"}],"wp:attachment":[{"href":"https:\/\/shopatoa.com\/ro\/wp-json\/wp\/v2\/media?parent=429527"}],"wp:term":[{"taxonomy":"product_brand","embeddable":true,"href":"https:\/\/shopatoa.com\/ro\/wp-json\/wp\/v2\/product_brand?post=429527"},{"taxonomy":"product_cat","embeddable":true,"href":"https:\/\/shopatoa.com\/ro\/wp-json\/wp\/v2\/product_cat?post=429527"},{"taxonomy":"product_tag","embeddable":true,"href":"https:\/\/shopatoa.com\/ro\/wp-json\/wp\/v2\/product_tag?post=429527"}],"curies":[{"name":"wp","href":"https:\/\/api.w.org\/{rel}","templated":true}]}}