{"id":429529,"date":"2025-06-22T01:21:21","date_gmt":"2025-06-21T23:21:21","guid":{"rendered":"https:\/\/shopatoa.com\/ro\/bell-hypoallergenic-crema-bronzanta-culoare-01-sweet-choco-10-g\/"},"modified":"2025-12-11T10:36:13","modified_gmt":"2025-12-11T09:36:13","slug":"bell-hypoallergenic-crema-bronzanta-culoare-01-sweet-choco-10-g","status":"publish","type":"product","link":"https:\/\/shopatoa.com\/ro\/bell-hypoallergenic-crema-bronzanta-culoare-01-sweet-choco-10-g\/","title":{"rendered":"Bell Hypoallergenic crema bronzanta culoare 01 Sweet Choco 10 g"},"content":{"rendered":"<p>Bell Hypoallergenic, 10 g, Autobronzant pentru femei, Dori\u021bi ca fa\u021ba dvs. s\u0103 par\u0103 bronzat\u0103 chiar \u0219i \u00een zilele \u00een care nu petrece\u021bi timp \u00een aer liber sau c\u00e2nd soarele \u00eenc\u0103 se ascunde dup\u0103 nori? Bronzerul BellHypoallergenic v\u0103 va ajuta s\u0103 crea\u021bi \u00een c\u00e2teva clipe un aspect bronzat \u0219i s\u0103rutat de soare, din confortul casei dvs. Acesta ofer\u0103 o nuan\u021bare delicat\u0103, care faciliteaz\u0103 crearea unui efect de bronz natural. Acest bronzer v\u0103 permite, de asemenea, s\u0103 v\u0103 contura\u021bi \u0219i s\u0103 v\u0103 corecta\u021bi forma fe\u021bei. Fi\u021bi o zei\u021b\u0103 a bronzului ori de c\u00e2te ori sim\u021bi\u021bi nevoia.  Caracteristici:  uniformizeaz\u0103 nuan\u021ba bronzului neteze\u0219te \u0219i catifeleaz\u0103 vizibil pielea confer\u0103 tenului un aspect u\u0219or bronzat arat\u0103 natural pe piele are un efect de str\u0103lucire asupra tenului  Ingrediente:  produs vegan nu con\u021bine parfum  Cum se utilizeaz\u0103: Pentru definirea fe\u021bei \u0219i eviden\u021bierea contururilor, se va aplica pe p\u0103r\u021bile laterale ale frun\u021bii, sub pome\u021bi, \u00een josul b\u0103rbiei \u0219i pe marginile nasului.<\/p>\n","protected":false},"excerpt":{"rendered":"<p>Bell Hypoallergenic, 10 g, Autobronzant pentru femei, Dori\u021bi ca fa\u021ba dvs. s\u0103 par\u0103 bronzat\u0103 chiar \u0219i \u00een zilele \u00een care nu petrece\u021bi timp \u00een aer liber sau c\u00e2nd soarele \u00eenc\u0103 se ascunde dup\u0103 nori? Bronzerul BellHypoallergenic v\u0103 va ajuta s\u0103 crea\u021bi \u00een c\u00e2teva clipe un aspect bronzat \u0219i s\u0103rutat de soare, din confortul casei dvs&#8230;.<\/p>\n","protected":false},"featured_media":429884,"comment_status":"closed","ping_status":"open","template":"","meta":{"_acf_changed":false,"_kadence_starter_templates_imported_post":false,"_kad_post_transparent":"","_kad_post_title":"","_kad_post_layout":"","_kad_post_sidebar_id":"","_kad_post_content_style":"","_kad_post_vertical_padding":"","_kad_post_feature":"","_kad_post_feature_position":"","_kad_post_header":false,"_kad_post_footer":false,"_kad_post_classname":""},"product_brand":[2055],"product_cat":[1564,3214,1563,1576,3213,1562],"product_tag":[],"class_list":{"0":"post-429529","1":"product","2":"type-product","3":"status-publish","4":"has-post-thumbnail","6":"product_brand-bell","7":"product_cat-cosmetice-ingrijire-personala","8":"product_cat-farduri-si-pudre-bronzante","9":"product_cat-ingrijire-personala","10":"product_cat-machiaj","11":"product_cat-machiaj-pentru-fata-si-obraji","12":"product_cat-sanatate-si-frumusete","13":"pa_gen-female","14":"pa_marime-10-g","16":"first","17":"instock","18":"product-type-external","19":"entry","20":"content-bg","21":"loop-entry"},"acf":[],"yoast_head":"<!-- This site is optimized with the Yoast SEO plugin v27.3 - https:\/\/yoast.com\/product\/yoast-seo-wordpress\/ -->\n<title>Bell Hypoallergenic crema bronzanta culoare 01 Sweet Choco 10 g - SHOPATOA.COM<\/title>\n<meta name=\"robots\" content=\"index, follow, max-snippet:-1, max-image-preview:large, max-video-preview:-1\" \/>\n<link rel=\"canonical\" href=\"https:\/\/shopatoa.com\/ro\/bell-hypoallergenic-crema-bronzanta-culoare-01-sweet-choco-10-g\/\" \/>\n<meta property=\"og:locale\" content=\"ro_RO\" \/>\n<meta property=\"og:type\" content=\"article\" \/>\n<meta property=\"og:title\" content=\"Bell Hypoallergenic crema bronzanta culoare 01 Sweet Choco 10 g - SHOPATOA.COM\" \/>\n<meta property=\"og:description\" content=\"Bell Hypoallergenic, 10 g, Autobronzant pentru femei, Dori\u021bi ca fa\u021ba dvs. s\u0103 par\u0103 bronzat\u0103 chiar \u0219i \u00een zilele \u00een care nu petrece\u021bi timp \u00een aer liber sau c\u00e2nd soarele \u00eenc\u0103 se ascunde dup\u0103 nori? Bronzerul BellHypoallergenic v\u0103 va ajuta s\u0103 crea\u021bi \u00een c\u00e2teva clipe un aspect bronzat \u0219i s\u0103rutat de soare, din confortul casei dvs....\" \/>\n<meta property=\"og:url\" content=\"https:\/\/shopatoa.com\/ro\/bell-hypoallergenic-crema-bronzanta-culoare-01-sweet-choco-10-g\/\" \/>\n<meta property=\"og:site_name\" content=\"SHOPATOA\" \/>\n<meta property=\"article:modified_time\" content=\"2025-12-11T09:36:13+00:00\" \/>\n<meta property=\"og:image\" content=\"https:\/\/storage.googleapis.com\/cz-shopatoa-img\/ro\/c04b3f19-unnamed-file.webp\" \/>\n\t<meta property=\"og:image:width\" content=\"800\" \/>\n\t<meta property=\"og:image:height\" content=\"800\" \/>\n\t<meta property=\"og:image:type\" content=\"image\/webp\" \/>\n<meta name=\"twitter:card\" content=\"summary_large_image\" \/>\n<meta name=\"twitter:label1\" content=\"Timp estimat pentru citire\" \/>\n\t<meta name=\"twitter:data1\" content=\"1 minut\" \/>\n<script type=\"application\/ld+json\" class=\"yoast-schema-graph\">{\"@context\":\"https:\\\/\\\/schema.org\",\"@graph\":[{\"@type\":\"WebPage\",\"@id\":\"https:\\\/\\\/shopatoa.com\\\/ro\\\/bell-hypoallergenic-crema-bronzanta-culoare-01-sweet-choco-10-g\\\/\",\"url\":\"https:\\\/\\\/shopatoa.com\\\/ro\\\/bell-hypoallergenic-crema-bronzanta-culoare-01-sweet-choco-10-g\\\/\",\"name\":\"Bell Hypoallergenic crema bronzanta culoare 01 Sweet Choco 10 g - SHOPATOA.COM\",\"isPartOf\":{\"@id\":\"https:\\\/\\\/shopatoa.com\\\/ro\\\/#website\"},\"primaryImageOfPage\":{\"@id\":\"https:\\\/\\\/shopatoa.com\\\/ro\\\/bell-hypoallergenic-crema-bronzanta-culoare-01-sweet-choco-10-g\\\/#primaryimage\"},\"image\":{\"@id\":\"https:\\\/\\\/shopatoa.com\\\/ro\\\/bell-hypoallergenic-crema-bronzanta-culoare-01-sweet-choco-10-g\\\/#primaryimage\"},\"thumbnailUrl\":\"https:\\\/\\\/storage.googleapis.com\\\/cz-shopatoa-img\\\/ro\\\/c04b3f19-unnamed-file.webp\",\"datePublished\":\"2025-06-21T23:21:21+00:00\",\"dateModified\":\"2025-12-11T09:36:13+00:00\",\"breadcrumb\":{\"@id\":\"https:\\\/\\\/shopatoa.com\\\/ro\\\/bell-hypoallergenic-crema-bronzanta-culoare-01-sweet-choco-10-g\\\/#breadcrumb\"},\"inLanguage\":\"ro-RO\",\"potentialAction\":[{\"@type\":\"ReadAction\",\"target\":[\"https:\\\/\\\/shopatoa.com\\\/ro\\\/bell-hypoallergenic-crema-bronzanta-culoare-01-sweet-choco-10-g\\\/\"]}]},{\"@type\":\"ImageObject\",\"inLanguage\":\"ro-RO\",\"@id\":\"https:\\\/\\\/shopatoa.com\\\/ro\\\/bell-hypoallergenic-crema-bronzanta-culoare-01-sweet-choco-10-g\\\/#primaryimage\",\"url\":\"https:\\\/\\\/storage.googleapis.com\\\/cz-shopatoa-img\\\/ro\\\/c04b3f19-unnamed-file.webp\",\"contentUrl\":\"https:\\\/\\\/storage.googleapis.com\\\/cz-shopatoa-img\\\/ro\\\/c04b3f19-unnamed-file.webp\",\"width\":800,\"height\":800},{\"@type\":\"BreadcrumbList\",\"@id\":\"https:\\\/\\\/shopatoa.com\\\/ro\\\/bell-hypoallergenic-crema-bronzanta-culoare-01-sweet-choco-10-g\\\/#breadcrumb\",\"itemListElement\":[{\"@type\":\"ListItem\",\"position\":1,\"name\":\"Dom\u016f\",\"item\":\"https:\\\/\\\/shopatoa.com\\\/ro\\\/\"},{\"@type\":\"ListItem\",\"position\":2,\"name\":\"Shop\",\"item\":\"https:\\\/\\\/shopatoa.com\\\/ro\\\/shop\\\/\"},{\"@type\":\"ListItem\",\"position\":3,\"name\":\"S\u0103n\u0103tate \u0219i frumuse\u021be\",\"item\":\"https:\\\/\\\/shopatoa.com\\\/ro\\\/sanatate-si-frumusete\\\/\"},{\"@type\":\"ListItem\",\"position\":4,\"name\":\"\u00cengrijire personal\u0103\",\"item\":\"https:\\\/\\\/shopatoa.com\\\/ro\\\/ingrijire-personala\\\/\"},{\"@type\":\"ListItem\",\"position\":5,\"name\":\"Cosmetice\",\"item\":\"https:\\\/\\\/shopatoa.com\\\/ro\\\/cosmetice-ingrijire-personala\\\/\"},{\"@type\":\"ListItem\",\"position\":6,\"name\":\"Machiaj\",\"item\":\"https:\\\/\\\/shopatoa.com\\\/ro\\\/machiaj\\\/\"},{\"@type\":\"ListItem\",\"position\":7,\"name\":\"Machiaj pentru fa\u021b\u0103 \u0219i obraji\",\"item\":\"https:\\\/\\\/shopatoa.com\\\/ro\\\/machiaj-pentru-fata-si-obraji\\\/\"},{\"@type\":\"ListItem\",\"position\":8,\"name\":\"Farduri \u0219i pudre bronzante\",\"item\":\"https:\\\/\\\/shopatoa.com\\\/ro\\\/farduri-si-pudre-bronzante\\\/\"},{\"@type\":\"ListItem\",\"position\":9,\"name\":\"Bell Hypoallergenic crema bronzanta culoare 01 Sweet Choco 10 g\"}]},{\"@type\":\"WebSite\",\"@id\":\"https:\\\/\\\/shopatoa.com\\\/ro\\\/#website\",\"url\":\"https:\\\/\\\/shopatoa.com\\\/ro\\\/\",\"name\":\"SHOPATOA\",\"description\":\"\",\"publisher\":{\"@id\":\"https:\\\/\\\/shopatoa.com\\\/ro\\\/#organization\"},\"potentialAction\":[{\"@type\":\"SearchAction\",\"target\":{\"@type\":\"EntryPoint\",\"urlTemplate\":\"https:\\\/\\\/shopatoa.com\\\/ro\\\/?s={search_term_string}\"},\"query-input\":{\"@type\":\"PropertyValueSpecification\",\"valueRequired\":true,\"valueName\":\"search_term_string\"}}],\"inLanguage\":\"ro-RO\"},{\"@type\":\"Organization\",\"@id\":\"https:\\\/\\\/shopatoa.com\\\/ro\\\/#organization\",\"name\":\"SHOPATOA\",\"url\":\"https:\\\/\\\/shopatoa.com\\\/ro\\\/\",\"logo\":{\"@type\":\"ImageObject\",\"inLanguage\":\"ro-RO\",\"@id\":\"https:\\\/\\\/shopatoa.com\\\/ro\\\/#\\\/schema\\\/logo\\\/image\\\/\",\"url\":\"https:\\\/\\\/storage.googleapis.com\\\/cz-shopatoa-img\\\/ro\\\/b4dac915-shopatoa_logo.png\",\"contentUrl\":\"https:\\\/\\\/storage.googleapis.com\\\/cz-shopatoa-img\\\/ro\\\/b4dac915-shopatoa_logo.png\",\"width\":416,\"height\":63,\"caption\":\"SHOPATOA\"},\"image\":{\"@id\":\"https:\\\/\\\/shopatoa.com\\\/ro\\\/#\\\/schema\\\/logo\\\/image\\\/\"}}]}<\/script>\n<!-- \/ Yoast SEO plugin. -->","yoast_head_json":{"title":"Bell Hypoallergenic crema bronzanta culoare 01 Sweet Choco 10 g - SHOPATOA.COM","robots":{"index":"index","follow":"follow","max-snippet":"max-snippet:-1","max-image-preview":"max-image-preview:large","max-video-preview":"max-video-preview:-1"},"canonical":"https:\/\/shopatoa.com\/ro\/bell-hypoallergenic-crema-bronzanta-culoare-01-sweet-choco-10-g\/","og_locale":"ro_RO","og_type":"article","og_title":"Bell Hypoallergenic crema bronzanta culoare 01 Sweet Choco 10 g - SHOPATOA.COM","og_description":"Bell Hypoallergenic, 10 g, Autobronzant pentru femei, Dori\u021bi ca fa\u021ba dvs. s\u0103 par\u0103 bronzat\u0103 chiar \u0219i \u00een zilele \u00een care nu petrece\u021bi timp \u00een aer liber sau c\u00e2nd soarele \u00eenc\u0103 se ascunde dup\u0103 nori? Bronzerul BellHypoallergenic v\u0103 va ajuta s\u0103 crea\u021bi \u00een c\u00e2teva clipe un aspect bronzat \u0219i s\u0103rutat de soare, din confortul casei dvs....","og_url":"https:\/\/shopatoa.com\/ro\/bell-hypoallergenic-crema-bronzanta-culoare-01-sweet-choco-10-g\/","og_site_name":"SHOPATOA","article_modified_time":"2025-12-11T09:36:13+00:00","og_image":[{"width":800,"height":800,"url":"https:\/\/storage.googleapis.com\/cz-shopatoa-img\/ro\/c04b3f19-unnamed-file.webp","type":"image\/webp"}],"twitter_card":"summary_large_image","twitter_misc":{"Timp estimat pentru citire":"1 minut"},"schema":{"@context":"https:\/\/schema.org","@graph":[{"@type":"WebPage","@id":"https:\/\/shopatoa.com\/ro\/bell-hypoallergenic-crema-bronzanta-culoare-01-sweet-choco-10-g\/","url":"https:\/\/shopatoa.com\/ro\/bell-hypoallergenic-crema-bronzanta-culoare-01-sweet-choco-10-g\/","name":"Bell Hypoallergenic crema bronzanta culoare 01 Sweet Choco 10 g - SHOPATOA.COM","isPartOf":{"@id":"https:\/\/shopatoa.com\/ro\/#website"},"primaryImageOfPage":{"@id":"https:\/\/shopatoa.com\/ro\/bell-hypoallergenic-crema-bronzanta-culoare-01-sweet-choco-10-g\/#primaryimage"},"image":{"@id":"https:\/\/shopatoa.com\/ro\/bell-hypoallergenic-crema-bronzanta-culoare-01-sweet-choco-10-g\/#primaryimage"},"thumbnailUrl":"https:\/\/storage.googleapis.com\/cz-shopatoa-img\/ro\/c04b3f19-unnamed-file.webp","datePublished":"2025-06-21T23:21:21+00:00","dateModified":"2025-12-11T09:36:13+00:00","breadcrumb":{"@id":"https:\/\/shopatoa.com\/ro\/bell-hypoallergenic-crema-bronzanta-culoare-01-sweet-choco-10-g\/#breadcrumb"},"inLanguage":"ro-RO","potentialAction":[{"@type":"ReadAction","target":["https:\/\/shopatoa.com\/ro\/bell-hypoallergenic-crema-bronzanta-culoare-01-sweet-choco-10-g\/"]}]},{"@type":"ImageObject","inLanguage":"ro-RO","@id":"https:\/\/shopatoa.com\/ro\/bell-hypoallergenic-crema-bronzanta-culoare-01-sweet-choco-10-g\/#primaryimage","url":"https:\/\/storage.googleapis.com\/cz-shopatoa-img\/ro\/c04b3f19-unnamed-file.webp","contentUrl":"https:\/\/storage.googleapis.com\/cz-shopatoa-img\/ro\/c04b3f19-unnamed-file.webp","width":800,"height":800},{"@type":"BreadcrumbList","@id":"https:\/\/shopatoa.com\/ro\/bell-hypoallergenic-crema-bronzanta-culoare-01-sweet-choco-10-g\/#breadcrumb","itemListElement":[{"@type":"ListItem","position":1,"name":"Dom\u016f","item":"https:\/\/shopatoa.com\/ro\/"},{"@type":"ListItem","position":2,"name":"Shop","item":"https:\/\/shopatoa.com\/ro\/shop\/"},{"@type":"ListItem","position":3,"name":"S\u0103n\u0103tate \u0219i frumuse\u021be","item":"https:\/\/shopatoa.com\/ro\/sanatate-si-frumusete\/"},{"@type":"ListItem","position":4,"name":"\u00cengrijire personal\u0103","item":"https:\/\/shopatoa.com\/ro\/ingrijire-personala\/"},{"@type":"ListItem","position":5,"name":"Cosmetice","item":"https:\/\/shopatoa.com\/ro\/cosmetice-ingrijire-personala\/"},{"@type":"ListItem","position":6,"name":"Machiaj","item":"https:\/\/shopatoa.com\/ro\/machiaj\/"},{"@type":"ListItem","position":7,"name":"Machiaj pentru fa\u021b\u0103 \u0219i obraji","item":"https:\/\/shopatoa.com\/ro\/machiaj-pentru-fata-si-obraji\/"},{"@type":"ListItem","position":8,"name":"Farduri \u0219i pudre bronzante","item":"https:\/\/shopatoa.com\/ro\/farduri-si-pudre-bronzante\/"},{"@type":"ListItem","position":9,"name":"Bell Hypoallergenic crema bronzanta culoare 01 Sweet Choco 10 g"}]},{"@type":"WebSite","@id":"https:\/\/shopatoa.com\/ro\/#website","url":"https:\/\/shopatoa.com\/ro\/","name":"SHOPATOA","description":"","publisher":{"@id":"https:\/\/shopatoa.com\/ro\/#organization"},"potentialAction":[{"@type":"SearchAction","target":{"@type":"EntryPoint","urlTemplate":"https:\/\/shopatoa.com\/ro\/?s={search_term_string}"},"query-input":{"@type":"PropertyValueSpecification","valueRequired":true,"valueName":"search_term_string"}}],"inLanguage":"ro-RO"},{"@type":"Organization","@id":"https:\/\/shopatoa.com\/ro\/#organization","name":"SHOPATOA","url":"https:\/\/shopatoa.com\/ro\/","logo":{"@type":"ImageObject","inLanguage":"ro-RO","@id":"https:\/\/shopatoa.com\/ro\/#\/schema\/logo\/image\/","url":"https:\/\/storage.googleapis.com\/cz-shopatoa-img\/ro\/b4dac915-shopatoa_logo.png","contentUrl":"https:\/\/storage.googleapis.com\/cz-shopatoa-img\/ro\/b4dac915-shopatoa_logo.png","width":416,"height":63,"caption":"SHOPATOA"},"image":{"@id":"https:\/\/shopatoa.com\/ro\/#\/schema\/logo\/image\/"}}]}},"_links":{"self":[{"href":"https:\/\/shopatoa.com\/ro\/wp-json\/wp\/v2\/product\/429529","targetHints":{"allow":["GET"]}}],"collection":[{"href":"https:\/\/shopatoa.com\/ro\/wp-json\/wp\/v2\/product"}],"about":[{"href":"https:\/\/shopatoa.com\/ro\/wp-json\/wp\/v2\/types\/product"}],"replies":[{"embeddable":true,"href":"https:\/\/shopatoa.com\/ro\/wp-json\/wp\/v2\/comments?post=429529"}],"wp:featuredmedia":[{"embeddable":true,"href":"https:\/\/shopatoa.com\/ro\/wp-json\/wp\/v2\/media\/429884"}],"wp:attachment":[{"href":"https:\/\/shopatoa.com\/ro\/wp-json\/wp\/v2\/media?parent=429529"}],"wp:term":[{"taxonomy":"product_brand","embeddable":true,"href":"https:\/\/shopatoa.com\/ro\/wp-json\/wp\/v2\/product_brand?post=429529"},{"taxonomy":"product_cat","embeddable":true,"href":"https:\/\/shopatoa.com\/ro\/wp-json\/wp\/v2\/product_cat?post=429529"},{"taxonomy":"product_tag","embeddable":true,"href":"https:\/\/shopatoa.com\/ro\/wp-json\/wp\/v2\/product_tag?post=429529"}],"curies":[{"name":"wp","href":"https:\/\/api.w.org\/{rel}","templated":true}]}}