{"id":429605,"date":"2025-06-22T01:37:50","date_gmt":"2025-06-21T23:37:50","guid":{"rendered":"https:\/\/shopatoa.com\/ro\/feito-brasil-tigela-de-acai-crema-pentru-dus-130-g\/"},"modified":"2025-12-11T10:04:54","modified_gmt":"2025-12-11T09:04:54","slug":"feito-brasil-tigela-de-acai-crema-pentru-dus-130-g","status":"publish","type":"product","link":"https:\/\/shopatoa.com\/ro\/feito-brasil-tigela-de-acai-crema-pentru-dus-130-g\/","title":{"rendered":"feito brasil Tigela De Aca\u00ed crem\u0103 pentru du\u0219 130 g"},"content":{"rendered":"<p>feito brasil Tigela De Aca\u00ed, 130 g, Crema de dus pentru femei, Crema de du\u0219 feito brasil Tigela De Aca\u00ed r\u0103sfa\u021b\u0103 pielea de pe corp, oferindu-i hidratarea \u0219i nutri\u021bia necesare.  Caracteristici:  hidrateaz\u0103 intens miroase pl\u0103cut las\u0103 pielea catifelat\u0103, moale \u0219i neted\u0103 \u00eemprosp\u0103teaz\u0103 pl\u0103cut  Cum se utilizeaz\u0103: Se aplic\u0103 \u00een timpul du\u0219ului sau al b\u0103ii. Se aplic\u0103 pe \u00eentregul corp \u0219i se cl\u0103te\u0219te cu ap\u0103 cald\u0103. Pentru maximizarea rezultatului, se va utiliza \u00een combina\u021bie cu tratamentul din aceea\u0219i serie.<\/p>\n","protected":false},"excerpt":{"rendered":"<p>feito brasil Tigela De Aca\u00ed, 130 g, Crema de dus pentru femei, Crema de du\u0219 feito brasil Tigela De Aca\u00ed r\u0103sfa\u021b\u0103 pielea de pe corp, oferindu-i hidratarea \u0219i nutri\u021bia necesare. Caracteristici: hidrateaz\u0103 intens miroase pl\u0103cut las\u0103 pielea catifelat\u0103, moale \u0219i neted\u0103 \u00eemprosp\u0103teaz\u0103 pl\u0103cut Cum se utilizeaz\u0103: Se aplic\u0103 \u00een timpul du\u0219ului sau al b\u0103ii. Se&#8230;<\/p>\n","protected":false},"featured_media":429949,"comment_status":"closed","ping_status":"open","template":"","meta":{"_acf_changed":false,"_kadence_starter_templates_imported_post":false,"_kad_post_transparent":"","_kad_post_title":"","_kad_post_layout":"","_kad_post_sidebar_id":"","_kad_post_content_style":"","_kad_post_vertical_padding":"","_kad_post_feature":"","_kad_post_feature_position":"","_kad_post_header":false,"_kad_post_footer":false,"_kad_post_classname":""},"product_brand":[2139],"product_cat":[1570,1564,1571,1563,1562],"product_tag":[],"class_list":{"0":"post-429605","1":"product","2":"type-product","3":"status-publish","4":"has-post-thumbnail","6":"product_brand-feito-brasil","7":"product_cat-baie-si-corp","8":"product_cat-cosmetice-ingrijire-personala","9":"product_cat-gel-de-dus","10":"product_cat-ingrijire-personala","11":"product_cat-sanatate-si-frumusete","12":"pa_gen-female","13":"pa_marime-130-g","15":"first","16":"instock","17":"sale","18":"product-type-external","19":"entry","20":"content-bg","21":"loop-entry"},"acf":[],"yoast_head":"<!-- This site is optimized with the Yoast SEO plugin v27.4 - https:\/\/yoast.com\/product\/yoast-seo-wordpress\/ -->\n<title>feito brasil Tigela De Aca\u00ed crem\u0103 pentru du\u0219 130 g - SHOPATOA.COM<\/title>\n<meta name=\"robots\" content=\"index, follow, max-snippet:-1, max-image-preview:large, max-video-preview:-1\" \/>\n<link rel=\"canonical\" href=\"https:\/\/shopatoa.com\/ro\/feito-brasil-tigela-de-acai-crema-pentru-dus-130-g\/\" \/>\n<meta property=\"og:locale\" content=\"ro_RO\" \/>\n<meta property=\"og:type\" content=\"article\" \/>\n<meta property=\"og:title\" content=\"feito brasil Tigela De Aca\u00ed crem\u0103 pentru du\u0219 130 g - SHOPATOA.COM\" \/>\n<meta property=\"og:description\" content=\"feito brasil Tigela De Aca\u00ed, 130 g, Crema de dus pentru femei, Crema de du\u0219 feito brasil Tigela De Aca\u00ed r\u0103sfa\u021b\u0103 pielea de pe corp, oferindu-i hidratarea \u0219i nutri\u021bia necesare. Caracteristici: hidrateaz\u0103 intens miroase pl\u0103cut las\u0103 pielea catifelat\u0103, moale \u0219i neted\u0103 \u00eemprosp\u0103teaz\u0103 pl\u0103cut Cum se utilizeaz\u0103: Se aplic\u0103 \u00een timpul du\u0219ului sau al b\u0103ii. Se...\" \/>\n<meta property=\"og:url\" content=\"https:\/\/shopatoa.com\/ro\/feito-brasil-tigela-de-acai-crema-pentru-dus-130-g\/\" \/>\n<meta property=\"og:site_name\" content=\"SHOPATOA\" \/>\n<meta property=\"article:modified_time\" content=\"2025-12-11T09:04:54+00:00\" \/>\n<meta property=\"og:image\" content=\"https:\/\/storage.googleapis.com\/cz-shopatoa-img\/ro\/fbfb3cbc-unnamed-file.webp\" \/>\n\t<meta property=\"og:image:width\" content=\"800\" \/>\n\t<meta property=\"og:image:height\" content=\"800\" \/>\n\t<meta property=\"og:image:type\" content=\"image\/webp\" \/>\n<meta name=\"twitter:card\" content=\"summary_large_image\" \/>\n<script type=\"application\/ld+json\" class=\"yoast-schema-graph\">{\"@context\":\"https:\\\/\\\/schema.org\",\"@graph\":[{\"@type\":\"WebPage\",\"@id\":\"https:\\\/\\\/shopatoa.com\\\/ro\\\/feito-brasil-tigela-de-acai-crema-pentru-dus-130-g\\\/\",\"url\":\"https:\\\/\\\/shopatoa.com\\\/ro\\\/feito-brasil-tigela-de-acai-crema-pentru-dus-130-g\\\/\",\"name\":\"feito brasil Tigela De Aca\u00ed crem\u0103 pentru du\u0219 130 g - SHOPATOA.COM\",\"isPartOf\":{\"@id\":\"https:\\\/\\\/shopatoa.com\\\/ro\\\/#website\"},\"primaryImageOfPage\":{\"@id\":\"https:\\\/\\\/shopatoa.com\\\/ro\\\/feito-brasil-tigela-de-acai-crema-pentru-dus-130-g\\\/#primaryimage\"},\"image\":{\"@id\":\"https:\\\/\\\/shopatoa.com\\\/ro\\\/feito-brasil-tigela-de-acai-crema-pentru-dus-130-g\\\/#primaryimage\"},\"thumbnailUrl\":\"https:\\\/\\\/storage.googleapis.com\\\/cz-shopatoa-img\\\/ro\\\/fbfb3cbc-unnamed-file.webp\",\"datePublished\":\"2025-06-21T23:37:50+00:00\",\"dateModified\":\"2025-12-11T09:04:54+00:00\",\"breadcrumb\":{\"@id\":\"https:\\\/\\\/shopatoa.com\\\/ro\\\/feito-brasil-tigela-de-acai-crema-pentru-dus-130-g\\\/#breadcrumb\"},\"inLanguage\":\"ro-RO\",\"potentialAction\":[{\"@type\":\"ReadAction\",\"target\":[\"https:\\\/\\\/shopatoa.com\\\/ro\\\/feito-brasil-tigela-de-acai-crema-pentru-dus-130-g\\\/\"]}]},{\"@type\":\"ImageObject\",\"inLanguage\":\"ro-RO\",\"@id\":\"https:\\\/\\\/shopatoa.com\\\/ro\\\/feito-brasil-tigela-de-acai-crema-pentru-dus-130-g\\\/#primaryimage\",\"url\":\"https:\\\/\\\/storage.googleapis.com\\\/cz-shopatoa-img\\\/ro\\\/fbfb3cbc-unnamed-file.webp\",\"contentUrl\":\"https:\\\/\\\/storage.googleapis.com\\\/cz-shopatoa-img\\\/ro\\\/fbfb3cbc-unnamed-file.webp\",\"width\":800,\"height\":800},{\"@type\":\"BreadcrumbList\",\"@id\":\"https:\\\/\\\/shopatoa.com\\\/ro\\\/feito-brasil-tigela-de-acai-crema-pentru-dus-130-g\\\/#breadcrumb\",\"itemListElement\":[{\"@type\":\"ListItem\",\"position\":1,\"name\":\"Dom\u016f\",\"item\":\"https:\\\/\\\/shopatoa.com\\\/ro\\\/\"},{\"@type\":\"ListItem\",\"position\":2,\"name\":\"Shop\",\"item\":\"https:\\\/\\\/shopatoa.com\\\/ro\\\/shop\\\/\"},{\"@type\":\"ListItem\",\"position\":3,\"name\":\"S\u0103n\u0103tate \u0219i frumuse\u021be\",\"item\":\"https:\\\/\\\/shopatoa.com\\\/ro\\\/sanatate-si-frumusete\\\/\"},{\"@type\":\"ListItem\",\"position\":4,\"name\":\"\u00cengrijire personal\u0103\",\"item\":\"https:\\\/\\\/shopatoa.com\\\/ro\\\/ingrijire-personala\\\/\"},{\"@type\":\"ListItem\",\"position\":5,\"name\":\"Cosmetice\",\"item\":\"https:\\\/\\\/shopatoa.com\\\/ro\\\/cosmetice-ingrijire-personala\\\/\"},{\"@type\":\"ListItem\",\"position\":6,\"name\":\"Baie \u0219i corp\",\"item\":\"https:\\\/\\\/shopatoa.com\\\/ro\\\/baie-si-corp\\\/\"},{\"@type\":\"ListItem\",\"position\":7,\"name\":\"Gel de du\u0219\",\"item\":\"https:\\\/\\\/shopatoa.com\\\/ro\\\/gel-de-dus\\\/\"},{\"@type\":\"ListItem\",\"position\":8,\"name\":\"feito brasil Tigela De Aca\u00ed crem\u0103 pentru du\u0219 130 g\"}]},{\"@type\":\"WebSite\",\"@id\":\"https:\\\/\\\/shopatoa.com\\\/ro\\\/#website\",\"url\":\"https:\\\/\\\/shopatoa.com\\\/ro\\\/\",\"name\":\"SHOPATOA\",\"description\":\"\",\"publisher\":{\"@id\":\"https:\\\/\\\/shopatoa.com\\\/ro\\\/#organization\"},\"potentialAction\":[{\"@type\":\"SearchAction\",\"target\":{\"@type\":\"EntryPoint\",\"urlTemplate\":\"https:\\\/\\\/shopatoa.com\\\/ro\\\/?s={search_term_string}\"},\"query-input\":{\"@type\":\"PropertyValueSpecification\",\"valueRequired\":true,\"valueName\":\"search_term_string\"}}],\"inLanguage\":\"ro-RO\"},{\"@type\":\"Organization\",\"@id\":\"https:\\\/\\\/shopatoa.com\\\/ro\\\/#organization\",\"name\":\"SHOPATOA\",\"url\":\"https:\\\/\\\/shopatoa.com\\\/ro\\\/\",\"logo\":{\"@type\":\"ImageObject\",\"inLanguage\":\"ro-RO\",\"@id\":\"https:\\\/\\\/shopatoa.com\\\/ro\\\/#\\\/schema\\\/logo\\\/image\\\/\",\"url\":\"https:\\\/\\\/storage.googleapis.com\\\/cz-shopatoa-img\\\/ro\\\/b4dac915-shopatoa_logo.png\",\"contentUrl\":\"https:\\\/\\\/storage.googleapis.com\\\/cz-shopatoa-img\\\/ro\\\/b4dac915-shopatoa_logo.png\",\"width\":416,\"height\":63,\"caption\":\"SHOPATOA\"},\"image\":{\"@id\":\"https:\\\/\\\/shopatoa.com\\\/ro\\\/#\\\/schema\\\/logo\\\/image\\\/\"}}]}<\/script>\n<!-- \/ Yoast SEO plugin. -->","yoast_head_json":{"title":"feito brasil Tigela De Aca\u00ed crem\u0103 pentru du\u0219 130 g - SHOPATOA.COM","robots":{"index":"index","follow":"follow","max-snippet":"max-snippet:-1","max-image-preview":"max-image-preview:large","max-video-preview":"max-video-preview:-1"},"canonical":"https:\/\/shopatoa.com\/ro\/feito-brasil-tigela-de-acai-crema-pentru-dus-130-g\/","og_locale":"ro_RO","og_type":"article","og_title":"feito brasil Tigela De Aca\u00ed crem\u0103 pentru du\u0219 130 g - SHOPATOA.COM","og_description":"feito brasil Tigela De Aca\u00ed, 130 g, Crema de dus pentru femei, Crema de du\u0219 feito brasil Tigela De Aca\u00ed r\u0103sfa\u021b\u0103 pielea de pe corp, oferindu-i hidratarea \u0219i nutri\u021bia necesare. Caracteristici: hidrateaz\u0103 intens miroase pl\u0103cut las\u0103 pielea catifelat\u0103, moale \u0219i neted\u0103 \u00eemprosp\u0103teaz\u0103 pl\u0103cut Cum se utilizeaz\u0103: Se aplic\u0103 \u00een timpul du\u0219ului sau al b\u0103ii. Se...","og_url":"https:\/\/shopatoa.com\/ro\/feito-brasil-tigela-de-acai-crema-pentru-dus-130-g\/","og_site_name":"SHOPATOA","article_modified_time":"2025-12-11T09:04:54+00:00","og_image":[{"width":800,"height":800,"url":"https:\/\/storage.googleapis.com\/cz-shopatoa-img\/ro\/fbfb3cbc-unnamed-file.webp","type":"image\/webp"}],"twitter_card":"summary_large_image","schema":{"@context":"https:\/\/schema.org","@graph":[{"@type":"WebPage","@id":"https:\/\/shopatoa.com\/ro\/feito-brasil-tigela-de-acai-crema-pentru-dus-130-g\/","url":"https:\/\/shopatoa.com\/ro\/feito-brasil-tigela-de-acai-crema-pentru-dus-130-g\/","name":"feito brasil Tigela De Aca\u00ed crem\u0103 pentru du\u0219 130 g - SHOPATOA.COM","isPartOf":{"@id":"https:\/\/shopatoa.com\/ro\/#website"},"primaryImageOfPage":{"@id":"https:\/\/shopatoa.com\/ro\/feito-brasil-tigela-de-acai-crema-pentru-dus-130-g\/#primaryimage"},"image":{"@id":"https:\/\/shopatoa.com\/ro\/feito-brasil-tigela-de-acai-crema-pentru-dus-130-g\/#primaryimage"},"thumbnailUrl":"https:\/\/storage.googleapis.com\/cz-shopatoa-img\/ro\/fbfb3cbc-unnamed-file.webp","datePublished":"2025-06-21T23:37:50+00:00","dateModified":"2025-12-11T09:04:54+00:00","breadcrumb":{"@id":"https:\/\/shopatoa.com\/ro\/feito-brasil-tigela-de-acai-crema-pentru-dus-130-g\/#breadcrumb"},"inLanguage":"ro-RO","potentialAction":[{"@type":"ReadAction","target":["https:\/\/shopatoa.com\/ro\/feito-brasil-tigela-de-acai-crema-pentru-dus-130-g\/"]}]},{"@type":"ImageObject","inLanguage":"ro-RO","@id":"https:\/\/shopatoa.com\/ro\/feito-brasil-tigela-de-acai-crema-pentru-dus-130-g\/#primaryimage","url":"https:\/\/storage.googleapis.com\/cz-shopatoa-img\/ro\/fbfb3cbc-unnamed-file.webp","contentUrl":"https:\/\/storage.googleapis.com\/cz-shopatoa-img\/ro\/fbfb3cbc-unnamed-file.webp","width":800,"height":800},{"@type":"BreadcrumbList","@id":"https:\/\/shopatoa.com\/ro\/feito-brasil-tigela-de-acai-crema-pentru-dus-130-g\/#breadcrumb","itemListElement":[{"@type":"ListItem","position":1,"name":"Dom\u016f","item":"https:\/\/shopatoa.com\/ro\/"},{"@type":"ListItem","position":2,"name":"Shop","item":"https:\/\/shopatoa.com\/ro\/shop\/"},{"@type":"ListItem","position":3,"name":"S\u0103n\u0103tate \u0219i frumuse\u021be","item":"https:\/\/shopatoa.com\/ro\/sanatate-si-frumusete\/"},{"@type":"ListItem","position":4,"name":"\u00cengrijire personal\u0103","item":"https:\/\/shopatoa.com\/ro\/ingrijire-personala\/"},{"@type":"ListItem","position":5,"name":"Cosmetice","item":"https:\/\/shopatoa.com\/ro\/cosmetice-ingrijire-personala\/"},{"@type":"ListItem","position":6,"name":"Baie \u0219i corp","item":"https:\/\/shopatoa.com\/ro\/baie-si-corp\/"},{"@type":"ListItem","position":7,"name":"Gel de du\u0219","item":"https:\/\/shopatoa.com\/ro\/gel-de-dus\/"},{"@type":"ListItem","position":8,"name":"feito brasil Tigela De Aca\u00ed crem\u0103 pentru du\u0219 130 g"}]},{"@type":"WebSite","@id":"https:\/\/shopatoa.com\/ro\/#website","url":"https:\/\/shopatoa.com\/ro\/","name":"SHOPATOA","description":"","publisher":{"@id":"https:\/\/shopatoa.com\/ro\/#organization"},"potentialAction":[{"@type":"SearchAction","target":{"@type":"EntryPoint","urlTemplate":"https:\/\/shopatoa.com\/ro\/?s={search_term_string}"},"query-input":{"@type":"PropertyValueSpecification","valueRequired":true,"valueName":"search_term_string"}}],"inLanguage":"ro-RO"},{"@type":"Organization","@id":"https:\/\/shopatoa.com\/ro\/#organization","name":"SHOPATOA","url":"https:\/\/shopatoa.com\/ro\/","logo":{"@type":"ImageObject","inLanguage":"ro-RO","@id":"https:\/\/shopatoa.com\/ro\/#\/schema\/logo\/image\/","url":"https:\/\/storage.googleapis.com\/cz-shopatoa-img\/ro\/b4dac915-shopatoa_logo.png","contentUrl":"https:\/\/storage.googleapis.com\/cz-shopatoa-img\/ro\/b4dac915-shopatoa_logo.png","width":416,"height":63,"caption":"SHOPATOA"},"image":{"@id":"https:\/\/shopatoa.com\/ro\/#\/schema\/logo\/image\/"}}]}},"_links":{"self":[{"href":"https:\/\/shopatoa.com\/ro\/wp-json\/wp\/v2\/product\/429605","targetHints":{"allow":["GET"]}}],"collection":[{"href":"https:\/\/shopatoa.com\/ro\/wp-json\/wp\/v2\/product"}],"about":[{"href":"https:\/\/shopatoa.com\/ro\/wp-json\/wp\/v2\/types\/product"}],"replies":[{"embeddable":true,"href":"https:\/\/shopatoa.com\/ro\/wp-json\/wp\/v2\/comments?post=429605"}],"wp:featuredmedia":[{"embeddable":true,"href":"https:\/\/shopatoa.com\/ro\/wp-json\/wp\/v2\/media\/429949"}],"wp:attachment":[{"href":"https:\/\/shopatoa.com\/ro\/wp-json\/wp\/v2\/media?parent=429605"}],"wp:term":[{"taxonomy":"product_brand","embeddable":true,"href":"https:\/\/shopatoa.com\/ro\/wp-json\/wp\/v2\/product_brand?post=429605"},{"taxonomy":"product_cat","embeddable":true,"href":"https:\/\/shopatoa.com\/ro\/wp-json\/wp\/v2\/product_cat?post=429605"},{"taxonomy":"product_tag","embeddable":true,"href":"https:\/\/shopatoa.com\/ro\/wp-json\/wp\/v2\/product_tag?post=429605"}],"curies":[{"name":"wp","href":"https:\/\/api.w.org\/{rel}","templated":true}]}}