{"id":430301,"date":"2025-06-23T16:41:57","date_gmt":"2025-06-23T14:41:57","guid":{"rendered":"https:\/\/shopatoa.com\/ro\/stenders-24-carat-gold-crema-de-corp-nutritiva-cu-aur-de-24-de-karate-200-ml\/"},"modified":"2025-12-11T08:35:13","modified_gmt":"2025-12-11T07:35:13","slug":"stenders-24-carat-gold-crema-de-corp-nutritiva-cu-aur-de-24-de-karate-200-ml","status":"publish","type":"product","link":"https:\/\/shopatoa.com\/ro\/stenders-24-carat-gold-crema-de-corp-nutritiva-cu-aur-de-24-de-karate-200-ml\/","title":{"rendered":"STENDERS 24 Carat Gold crema de corp nutritiva cu aur de 24 de karate 200 ml"},"content":{"rendered":"<p>STENDERS 24 Carat Gold, 200 ml, Creme de corp pentru femei, Sim\u021bi\u021bi c\u0103 pielea dvs. are nevoie de o \u00eengrijire mai intens\u0103 dec\u00e2t v\u0103 poate oferi lo\u021biunea de corp? Va avea grij\u0103 de asta crema de corp STENDERS 24 Carat Gold , care se remarc\u0103 printr-o consisten\u021b\u0103 bogat\u0103 \u0219i are capacitatea de a hidrata \u0219i hr\u0103ni pe termen lung. Ofer\u0103 pielii \u00eentregului corp catifelarea \u0219i nutri\u021bia de care are nevoie, o r\u0103sfa\u021b\u0103 cu textura sa cremoas\u0103 \u0219i o protejeaz\u0103 \u00eempotriva usc\u0103rii nedorite.  Caracteristici:  ac\u021biune hr\u0103nitoare \u0219i emolient\u0103 hidrateaz\u0103 pielea \u00een profunzime confer\u0103 pielii o netezime de catifea reduce pruritul \u0219i senza\u021bia de arsur\u0103 a pielii  Ingrediente:  con\u021bine cel pu\u021bin 90 % ingrediente de origine natural\u0103  Cum se utilizeaz\u0103: Crema de corp se aplic\u0103 uniform, pe pielea sp\u0103lat\u0103 \u0219i uscat\u0103 \u0219i se las\u0103 s\u0103 absoarb\u0103.<\/p>\n","protected":false},"excerpt":{"rendered":"<p>STENDERS 24 Carat Gold, 200 ml, Creme de corp pentru femei, Sim\u021bi\u021bi c\u0103 pielea dvs. are nevoie de o \u00eengrijire mai intens\u0103 dec\u00e2t v\u0103 poate oferi lo\u021biunea de corp? Va avea grij\u0103 de asta crema de corp STENDERS 24 Carat Gold , care se remarc\u0103 printr-o consisten\u021b\u0103 bogat\u0103 \u0219i are capacitatea de a hidrata \u0219i&#8230;<\/p>\n","protected":false},"featured_media":430302,"comment_status":"closed","ping_status":"open","template":"","meta":{"_acf_changed":false,"_kadence_starter_templates_imported_post":false,"_kad_post_transparent":"","_kad_post_title":"","_kad_post_layout":"","_kad_post_sidebar_id":"","_kad_post_content_style":"","_kad_post_vertical_padding":"","_kad_post_feature":"","_kad_post_feature_position":"","_kad_post_header":false,"_kad_post_footer":false,"_kad_post_classname":""},"product_brand":[1914],"product_cat":[3548,3558,1103,3553,3557,1881,3544,3554,3539,3540,3543,3542,3541,1563,3545,614,3546,1562,3549,3551,3552,3555,3556,3547,3550],"product_tag":[],"class_list":{"0":"post-430301","1":"product","2":"type-product","3":"status-publish","4":"has-post-thumbnail","6":"product_brand-stenders","7":"product_cat-accesorii-cosmetice-2","8":"product_cat-alte-echipamente","9":"product_cat-alte-parfumuri","10":"product_cat-alte-suplimente","11":"product_cat-aparate-de-aerosoli","12":"product_cat-barbierit-si-ingrijire","13":"product_cat-cosmetice-ingrijire-intima","14":"product_cat-echipamente-medicale","15":"product_cat-ingrijire-corporala","16":"product_cat-ingrijire-faciala","17":"product_cat-ingrijire-intima","18":"product_cat-ingrijire-orala-2","19":"product_cat-ingrijire-par","20":"product_cat-ingrijire-personala","21":"product_cat-machiaj-2","22":"product_cat-parfumuri","23":"product_cat-produse-de-ingrijire","24":"product_cat-sanatate-si-frumusete","25":"product_cat-suplimente-alimentare","26":"product_cat-suplimente-pentru-slabit","27":"product_cat-suplimente-pentru-sportivi","28":"product_cat-tensiometre","29":"product_cat-termometre-2","30":"product_cat-unghii","31":"product_cat-vitamine-si-minerale","32":"pa_gen-female","33":"pa_marime-200-ml","35":"first","36":"instock","37":"product-type-external","38":"entry","39":"content-bg","40":"loop-entry"},"acf":[],"yoast_head":"<!-- This site is optimized with the Yoast SEO plugin v27.4 - https:\/\/yoast.com\/product\/yoast-seo-wordpress\/ -->\n<title>STENDERS 24 Carat Gold crema de corp nutritiva cu aur de 24 de karate 200 ml - SHOPATOA.COM<\/title>\n<meta name=\"robots\" content=\"index, follow, max-snippet:-1, max-image-preview:large, max-video-preview:-1\" \/>\n<link rel=\"canonical\" href=\"https:\/\/shopatoa.com\/ro\/stenders-24-carat-gold-crema-de-corp-nutritiva-cu-aur-de-24-de-karate-200-ml\/\" \/>\n<meta property=\"og:locale\" content=\"ro_RO\" \/>\n<meta property=\"og:type\" content=\"article\" \/>\n<meta property=\"og:title\" content=\"STENDERS 24 Carat Gold crema de corp nutritiva cu aur de 24 de karate 200 ml - SHOPATOA.COM\" \/>\n<meta property=\"og:description\" content=\"STENDERS 24 Carat Gold, 200 ml, Creme de corp pentru femei, Sim\u021bi\u021bi c\u0103 pielea dvs. are nevoie de o \u00eengrijire mai intens\u0103 dec\u00e2t v\u0103 poate oferi lo\u021biunea de corp? Va avea grij\u0103 de asta crema de corp STENDERS 24 Carat Gold , care se remarc\u0103 printr-o consisten\u021b\u0103 bogat\u0103 \u0219i are capacitatea de a hidrata \u0219i...\" \/>\n<meta property=\"og:url\" content=\"https:\/\/shopatoa.com\/ro\/stenders-24-carat-gold-crema-de-corp-nutritiva-cu-aur-de-24-de-karate-200-ml\/\" \/>\n<meta property=\"og:site_name\" content=\"SHOPATOA\" \/>\n<meta property=\"article:modified_time\" content=\"2025-12-11T07:35:13+00:00\" \/>\n<meta property=\"og:image\" content=\"https:\/\/storage.googleapis.com\/cz-shopatoa-img\/ro\/102099fa-unnamed-file.webp\" \/>\n\t<meta property=\"og:image:width\" content=\"800\" \/>\n\t<meta property=\"og:image:height\" content=\"800\" \/>\n\t<meta property=\"og:image:type\" content=\"image\/webp\" \/>\n<meta name=\"twitter:card\" content=\"summary_large_image\" \/>\n<meta name=\"twitter:label1\" content=\"Timp estimat pentru citire\" \/>\n\t<meta name=\"twitter:data1\" content=\"1 minut\" \/>\n<script type=\"application\/ld+json\" class=\"yoast-schema-graph\">{\"@context\":\"https:\\\/\\\/schema.org\",\"@graph\":[{\"@type\":\"WebPage\",\"@id\":\"https:\\\/\\\/shopatoa.com\\\/ro\\\/stenders-24-carat-gold-crema-de-corp-nutritiva-cu-aur-de-24-de-karate-200-ml\\\/\",\"url\":\"https:\\\/\\\/shopatoa.com\\\/ro\\\/stenders-24-carat-gold-crema-de-corp-nutritiva-cu-aur-de-24-de-karate-200-ml\\\/\",\"name\":\"STENDERS 24 Carat Gold crema de corp nutritiva cu aur de 24 de karate 200 ml - SHOPATOA.COM\",\"isPartOf\":{\"@id\":\"https:\\\/\\\/shopatoa.com\\\/ro\\\/#website\"},\"primaryImageOfPage\":{\"@id\":\"https:\\\/\\\/shopatoa.com\\\/ro\\\/stenders-24-carat-gold-crema-de-corp-nutritiva-cu-aur-de-24-de-karate-200-ml\\\/#primaryimage\"},\"image\":{\"@id\":\"https:\\\/\\\/shopatoa.com\\\/ro\\\/stenders-24-carat-gold-crema-de-corp-nutritiva-cu-aur-de-24-de-karate-200-ml\\\/#primaryimage\"},\"thumbnailUrl\":\"https:\\\/\\\/storage.googleapis.com\\\/cz-shopatoa-img\\\/ro\\\/102099fa-unnamed-file.webp\",\"datePublished\":\"2025-06-23T14:41:57+00:00\",\"dateModified\":\"2025-12-11T07:35:13+00:00\",\"breadcrumb\":{\"@id\":\"https:\\\/\\\/shopatoa.com\\\/ro\\\/stenders-24-carat-gold-crema-de-corp-nutritiva-cu-aur-de-24-de-karate-200-ml\\\/#breadcrumb\"},\"inLanguage\":\"ro-RO\",\"potentialAction\":[{\"@type\":\"ReadAction\",\"target\":[\"https:\\\/\\\/shopatoa.com\\\/ro\\\/stenders-24-carat-gold-crema-de-corp-nutritiva-cu-aur-de-24-de-karate-200-ml\\\/\"]}]},{\"@type\":\"ImageObject\",\"inLanguage\":\"ro-RO\",\"@id\":\"https:\\\/\\\/shopatoa.com\\\/ro\\\/stenders-24-carat-gold-crema-de-corp-nutritiva-cu-aur-de-24-de-karate-200-ml\\\/#primaryimage\",\"url\":\"https:\\\/\\\/storage.googleapis.com\\\/cz-shopatoa-img\\\/ro\\\/102099fa-unnamed-file.webp\",\"contentUrl\":\"https:\\\/\\\/storage.googleapis.com\\\/cz-shopatoa-img\\\/ro\\\/102099fa-unnamed-file.webp\",\"width\":800,\"height\":800},{\"@type\":\"BreadcrumbList\",\"@id\":\"https:\\\/\\\/shopatoa.com\\\/ro\\\/stenders-24-carat-gold-crema-de-corp-nutritiva-cu-aur-de-24-de-karate-200-ml\\\/#breadcrumb\",\"itemListElement\":[{\"@type\":\"ListItem\",\"position\":1,\"name\":\"Dom\u016f\",\"item\":\"https:\\\/\\\/shopatoa.com\\\/ro\\\/\"},{\"@type\":\"ListItem\",\"position\":2,\"name\":\"Shop\",\"item\":\"https:\\\/\\\/shopatoa.com\\\/ro\\\/shop\\\/\"},{\"@type\":\"ListItem\",\"position\":3,\"name\":\"S\u0103n\u0103tate \u0219i frumuse\u021be\",\"item\":\"https:\\\/\\\/shopatoa.com\\\/ro\\\/sanatate-si-frumusete\\\/\"},{\"@type\":\"ListItem\",\"position\":4,\"name\":\"\u00cengrijire personal\u0103\",\"item\":\"https:\\\/\\\/shopatoa.com\\\/ro\\\/ingrijire-personala\\\/\"},{\"@type\":\"ListItem\",\"position\":5,\"name\":\"B\u0103rbierit \u0219i \u00eengrijire\",\"item\":\"https:\\\/\\\/shopatoa.com\\\/ro\\\/barbierit-si-ingrijire\\\/\"},{\"@type\":\"ListItem\",\"position\":6,\"name\":\"\u00cengrijire corporal\u0103\",\"item\":\"https:\\\/\\\/shopatoa.com\\\/ro\\\/ingrijire-corporala\\\/\"},{\"@type\":\"ListItem\",\"position\":7,\"name\":\"STENDERS 24 Carat Gold crema de corp nutritiva cu aur de 24 de karate 200 ml\"}]},{\"@type\":\"WebSite\",\"@id\":\"https:\\\/\\\/shopatoa.com\\\/ro\\\/#website\",\"url\":\"https:\\\/\\\/shopatoa.com\\\/ro\\\/\",\"name\":\"SHOPATOA\",\"description\":\"\",\"publisher\":{\"@id\":\"https:\\\/\\\/shopatoa.com\\\/ro\\\/#organization\"},\"potentialAction\":[{\"@type\":\"SearchAction\",\"target\":{\"@type\":\"EntryPoint\",\"urlTemplate\":\"https:\\\/\\\/shopatoa.com\\\/ro\\\/?s={search_term_string}\"},\"query-input\":{\"@type\":\"PropertyValueSpecification\",\"valueRequired\":true,\"valueName\":\"search_term_string\"}}],\"inLanguage\":\"ro-RO\"},{\"@type\":\"Organization\",\"@id\":\"https:\\\/\\\/shopatoa.com\\\/ro\\\/#organization\",\"name\":\"SHOPATOA\",\"url\":\"https:\\\/\\\/shopatoa.com\\\/ro\\\/\",\"logo\":{\"@type\":\"ImageObject\",\"inLanguage\":\"ro-RO\",\"@id\":\"https:\\\/\\\/shopatoa.com\\\/ro\\\/#\\\/schema\\\/logo\\\/image\\\/\",\"url\":\"https:\\\/\\\/storage.googleapis.com\\\/cz-shopatoa-img\\\/ro\\\/b4dac915-shopatoa_logo.png\",\"contentUrl\":\"https:\\\/\\\/storage.googleapis.com\\\/cz-shopatoa-img\\\/ro\\\/b4dac915-shopatoa_logo.png\",\"width\":416,\"height\":63,\"caption\":\"SHOPATOA\"},\"image\":{\"@id\":\"https:\\\/\\\/shopatoa.com\\\/ro\\\/#\\\/schema\\\/logo\\\/image\\\/\"}}]}<\/script>\n<!-- \/ Yoast SEO plugin. -->","yoast_head_json":{"title":"STENDERS 24 Carat Gold crema de corp nutritiva cu aur de 24 de karate 200 ml - SHOPATOA.COM","robots":{"index":"index","follow":"follow","max-snippet":"max-snippet:-1","max-image-preview":"max-image-preview:large","max-video-preview":"max-video-preview:-1"},"canonical":"https:\/\/shopatoa.com\/ro\/stenders-24-carat-gold-crema-de-corp-nutritiva-cu-aur-de-24-de-karate-200-ml\/","og_locale":"ro_RO","og_type":"article","og_title":"STENDERS 24 Carat Gold crema de corp nutritiva cu aur de 24 de karate 200 ml - SHOPATOA.COM","og_description":"STENDERS 24 Carat Gold, 200 ml, Creme de corp pentru femei, Sim\u021bi\u021bi c\u0103 pielea dvs. are nevoie de o \u00eengrijire mai intens\u0103 dec\u00e2t v\u0103 poate oferi lo\u021biunea de corp? Va avea grij\u0103 de asta crema de corp STENDERS 24 Carat Gold , care se remarc\u0103 printr-o consisten\u021b\u0103 bogat\u0103 \u0219i are capacitatea de a hidrata \u0219i...","og_url":"https:\/\/shopatoa.com\/ro\/stenders-24-carat-gold-crema-de-corp-nutritiva-cu-aur-de-24-de-karate-200-ml\/","og_site_name":"SHOPATOA","article_modified_time":"2025-12-11T07:35:13+00:00","og_image":[{"width":800,"height":800,"url":"https:\/\/storage.googleapis.com\/cz-shopatoa-img\/ro\/102099fa-unnamed-file.webp","type":"image\/webp"}],"twitter_card":"summary_large_image","twitter_misc":{"Timp estimat pentru citire":"1 minut"},"schema":{"@context":"https:\/\/schema.org","@graph":[{"@type":"WebPage","@id":"https:\/\/shopatoa.com\/ro\/stenders-24-carat-gold-crema-de-corp-nutritiva-cu-aur-de-24-de-karate-200-ml\/","url":"https:\/\/shopatoa.com\/ro\/stenders-24-carat-gold-crema-de-corp-nutritiva-cu-aur-de-24-de-karate-200-ml\/","name":"STENDERS 24 Carat Gold crema de corp nutritiva cu aur de 24 de karate 200 ml - SHOPATOA.COM","isPartOf":{"@id":"https:\/\/shopatoa.com\/ro\/#website"},"primaryImageOfPage":{"@id":"https:\/\/shopatoa.com\/ro\/stenders-24-carat-gold-crema-de-corp-nutritiva-cu-aur-de-24-de-karate-200-ml\/#primaryimage"},"image":{"@id":"https:\/\/shopatoa.com\/ro\/stenders-24-carat-gold-crema-de-corp-nutritiva-cu-aur-de-24-de-karate-200-ml\/#primaryimage"},"thumbnailUrl":"https:\/\/storage.googleapis.com\/cz-shopatoa-img\/ro\/102099fa-unnamed-file.webp","datePublished":"2025-06-23T14:41:57+00:00","dateModified":"2025-12-11T07:35:13+00:00","breadcrumb":{"@id":"https:\/\/shopatoa.com\/ro\/stenders-24-carat-gold-crema-de-corp-nutritiva-cu-aur-de-24-de-karate-200-ml\/#breadcrumb"},"inLanguage":"ro-RO","potentialAction":[{"@type":"ReadAction","target":["https:\/\/shopatoa.com\/ro\/stenders-24-carat-gold-crema-de-corp-nutritiva-cu-aur-de-24-de-karate-200-ml\/"]}]},{"@type":"ImageObject","inLanguage":"ro-RO","@id":"https:\/\/shopatoa.com\/ro\/stenders-24-carat-gold-crema-de-corp-nutritiva-cu-aur-de-24-de-karate-200-ml\/#primaryimage","url":"https:\/\/storage.googleapis.com\/cz-shopatoa-img\/ro\/102099fa-unnamed-file.webp","contentUrl":"https:\/\/storage.googleapis.com\/cz-shopatoa-img\/ro\/102099fa-unnamed-file.webp","width":800,"height":800},{"@type":"BreadcrumbList","@id":"https:\/\/shopatoa.com\/ro\/stenders-24-carat-gold-crema-de-corp-nutritiva-cu-aur-de-24-de-karate-200-ml\/#breadcrumb","itemListElement":[{"@type":"ListItem","position":1,"name":"Dom\u016f","item":"https:\/\/shopatoa.com\/ro\/"},{"@type":"ListItem","position":2,"name":"Shop","item":"https:\/\/shopatoa.com\/ro\/shop\/"},{"@type":"ListItem","position":3,"name":"S\u0103n\u0103tate \u0219i frumuse\u021be","item":"https:\/\/shopatoa.com\/ro\/sanatate-si-frumusete\/"},{"@type":"ListItem","position":4,"name":"\u00cengrijire personal\u0103","item":"https:\/\/shopatoa.com\/ro\/ingrijire-personala\/"},{"@type":"ListItem","position":5,"name":"B\u0103rbierit \u0219i \u00eengrijire","item":"https:\/\/shopatoa.com\/ro\/barbierit-si-ingrijire\/"},{"@type":"ListItem","position":6,"name":"\u00cengrijire corporal\u0103","item":"https:\/\/shopatoa.com\/ro\/ingrijire-corporala\/"},{"@type":"ListItem","position":7,"name":"STENDERS 24 Carat Gold crema de corp nutritiva cu aur de 24 de karate 200 ml"}]},{"@type":"WebSite","@id":"https:\/\/shopatoa.com\/ro\/#website","url":"https:\/\/shopatoa.com\/ro\/","name":"SHOPATOA","description":"","publisher":{"@id":"https:\/\/shopatoa.com\/ro\/#organization"},"potentialAction":[{"@type":"SearchAction","target":{"@type":"EntryPoint","urlTemplate":"https:\/\/shopatoa.com\/ro\/?s={search_term_string}"},"query-input":{"@type":"PropertyValueSpecification","valueRequired":true,"valueName":"search_term_string"}}],"inLanguage":"ro-RO"},{"@type":"Organization","@id":"https:\/\/shopatoa.com\/ro\/#organization","name":"SHOPATOA","url":"https:\/\/shopatoa.com\/ro\/","logo":{"@type":"ImageObject","inLanguage":"ro-RO","@id":"https:\/\/shopatoa.com\/ro\/#\/schema\/logo\/image\/","url":"https:\/\/storage.googleapis.com\/cz-shopatoa-img\/ro\/b4dac915-shopatoa_logo.png","contentUrl":"https:\/\/storage.googleapis.com\/cz-shopatoa-img\/ro\/b4dac915-shopatoa_logo.png","width":416,"height":63,"caption":"SHOPATOA"},"image":{"@id":"https:\/\/shopatoa.com\/ro\/#\/schema\/logo\/image\/"}}]}},"_links":{"self":[{"href":"https:\/\/shopatoa.com\/ro\/wp-json\/wp\/v2\/product\/430301","targetHints":{"allow":["GET"]}}],"collection":[{"href":"https:\/\/shopatoa.com\/ro\/wp-json\/wp\/v2\/product"}],"about":[{"href":"https:\/\/shopatoa.com\/ro\/wp-json\/wp\/v2\/types\/product"}],"replies":[{"embeddable":true,"href":"https:\/\/shopatoa.com\/ro\/wp-json\/wp\/v2\/comments?post=430301"}],"wp:featuredmedia":[{"embeddable":true,"href":"https:\/\/shopatoa.com\/ro\/wp-json\/wp\/v2\/media\/430302"}],"wp:attachment":[{"href":"https:\/\/shopatoa.com\/ro\/wp-json\/wp\/v2\/media?parent=430301"}],"wp:term":[{"taxonomy":"product_brand","embeddable":true,"href":"https:\/\/shopatoa.com\/ro\/wp-json\/wp\/v2\/product_brand?post=430301"},{"taxonomy":"product_cat","embeddable":true,"href":"https:\/\/shopatoa.com\/ro\/wp-json\/wp\/v2\/product_cat?post=430301"},{"taxonomy":"product_tag","embeddable":true,"href":"https:\/\/shopatoa.com\/ro\/wp-json\/wp\/v2\/product_tag?post=430301"}],"curies":[{"name":"wp","href":"https:\/\/api.w.org\/{rel}","templated":true}]}}