{"id":430597,"date":"2025-06-23T17:10:22","date_gmt":"2025-06-23T15:10:22","guid":{"rendered":"https:\/\/shopatoa.com\/ro\/janod-bath-memory-pexoso-pentru-cada-sea-animals-2-y-24-buc\/"},"modified":"2025-12-13T14:14:32","modified_gmt":"2025-12-13T13:14:32","slug":"janod-bath-memory-pexoso-pentru-cada-sea-animals-2-y-24-buc","status":"publish","type":"product","link":"https:\/\/shopatoa.com\/ro\/janod-bath-memory-pexoso-pentru-cada-sea-animals-2-y-24-buc\/","title":{"rendered":"Janod Bath Memory Pexoso pentru cad\u0103 Sea Animals 2 y+ 24 buc"},"content":{"rendered":"<p>Janod Bath Memory, 24 buc, Juc\u0103rii interactive pentru copii, Juc\u0103riile reprezint\u0103 un mod ideal de a-i distra pe cei mici. Juc\u0103ria Janod Bath Memory nu numai c\u0103 v\u0103 amuz\u0103 copilul, ci favorizeaz\u0103 \u0219i dezvoltarea percep\u021biei senzoriale \u0219i a altor abilit\u0103\u021bi ale acestuia.  Caracteristici:  distreaz\u0103 copilul \u00een timpul b\u0103i\u021bei stimuleaz\u0103 dezvoltarea sim\u021burilor vizual \u0219i tactil dezvolt\u0103 abilit\u0103\u021bile bebelu\u0219ului de a-\u0219i concentra aten\u021bia<\/p>\n","protected":false},"excerpt":{"rendered":"<p>Janod Bath Memory, 24 buc, Juc\u0103rii interactive pentru copii, Juc\u0103riile reprezint\u0103 un mod ideal de a-i distra pe cei mici. Juc\u0103ria Janod Bath Memory nu numai c\u0103 v\u0103 amuz\u0103 copilul, ci favorizeaz\u0103 \u0219i dezvoltarea percep\u021biei senzoriale \u0219i a altor abilit\u0103\u021bi ale acestuia. Caracteristici: distreaz\u0103 copilul \u00een timpul b\u0103i\u021bei stimuleaz\u0103 dezvoltarea sim\u021burilor vizual \u0219i tactil dezvolt\u0103&#8230;<\/p>\n","protected":false},"featured_media":430598,"comment_status":"closed","ping_status":"open","template":"","meta":{"_acf_changed":false,"_kadence_starter_templates_imported_post":false,"_kad_post_transparent":"","_kad_post_title":"","_kad_post_layout":"","_kad_post_sidebar_id":"","_kad_post_content_style":"","_kad_post_vertical_padding":"","_kad_post_feature":"","_kad_post_feature_position":"","_kad_post_header":false,"_kad_post_footer":false,"_kad_post_classname":""},"product_brand":[3600],"product_cat":[3548,3558,1103,3553,3557,1881,3544,3554,3539,3540,3543,3542,3541,1563,3545,614,3546,1562,3549,3551,3552,3555,3556,3547,3550],"product_tag":[],"class_list":{"0":"post-430597","1":"product","2":"type-product","3":"status-publish","4":"has-post-thumbnail","6":"product_brand-janod","7":"product_cat-accesorii-cosmetice-2","8":"product_cat-alte-echipamente","9":"product_cat-alte-parfumuri","10":"product_cat-alte-suplimente","11":"product_cat-aparate-de-aerosoli","12":"product_cat-barbierit-si-ingrijire","13":"product_cat-cosmetice-ingrijire-intima","14":"product_cat-echipamente-medicale","15":"product_cat-ingrijire-corporala","16":"product_cat-ingrijire-faciala","17":"product_cat-ingrijire-intima","18":"product_cat-ingrijire-orala-2","19":"product_cat-ingrijire-par","20":"product_cat-ingrijire-personala","21":"product_cat-machiaj-2","22":"product_cat-parfumuri","23":"product_cat-produse-de-ingrijire","24":"product_cat-sanatate-si-frumusete","25":"product_cat-suplimente-alimentare","26":"product_cat-suplimente-pentru-slabit","27":"product_cat-suplimente-pentru-sportivi","28":"product_cat-tensiometre","29":"product_cat-termometre-2","30":"product_cat-unghii","31":"product_cat-vitamine-si-minerale","32":"pa_gen-unisex","33":"pa_marime-24-buc","35":"first","36":"instock","37":"product-type-external","38":"entry","39":"content-bg","40":"loop-entry"},"acf":[],"yoast_head":"<!-- This site is optimized with the Yoast SEO plugin v27.3 - https:\/\/yoast.com\/product\/yoast-seo-wordpress\/ -->\n<title>Janod Bath Memory Pexoso pentru cad\u0103 Sea Animals 2 y+ 24 buc - SHOPATOA.COM<\/title>\n<meta name=\"robots\" content=\"index, follow, max-snippet:-1, max-image-preview:large, max-video-preview:-1\" \/>\n<link rel=\"canonical\" href=\"https:\/\/shopatoa.com\/ro\/janod-bath-memory-pexoso-pentru-cada-sea-animals-2-y-24-buc\/\" \/>\n<meta property=\"og:locale\" content=\"ro_RO\" \/>\n<meta property=\"og:type\" content=\"article\" \/>\n<meta property=\"og:title\" content=\"Janod Bath Memory Pexoso pentru cad\u0103 Sea Animals 2 y+ 24 buc - SHOPATOA.COM\" \/>\n<meta property=\"og:description\" content=\"Janod Bath Memory, 24 buc, Juc\u0103rii interactive pentru copii, Juc\u0103riile reprezint\u0103 un mod ideal de a-i distra pe cei mici. Juc\u0103ria Janod Bath Memory nu numai c\u0103 v\u0103 amuz\u0103 copilul, ci favorizeaz\u0103 \u0219i dezvoltarea percep\u021biei senzoriale \u0219i a altor abilit\u0103\u021bi ale acestuia. Caracteristici: distreaz\u0103 copilul \u00een timpul b\u0103i\u021bei stimuleaz\u0103 dezvoltarea sim\u021burilor vizual \u0219i tactil dezvolt\u0103...\" \/>\n<meta property=\"og:url\" content=\"https:\/\/shopatoa.com\/ro\/janod-bath-memory-pexoso-pentru-cada-sea-animals-2-y-24-buc\/\" \/>\n<meta property=\"og:site_name\" content=\"SHOPATOA\" \/>\n<meta property=\"article:modified_time\" content=\"2025-12-13T13:14:32+00:00\" \/>\n<meta property=\"og:image\" content=\"https:\/\/storage.googleapis.com\/cz-shopatoa-img\/ro\/2a0a5de7-unnamed-file.webp\" \/>\n\t<meta property=\"og:image:width\" content=\"800\" \/>\n\t<meta property=\"og:image:height\" content=\"800\" \/>\n\t<meta property=\"og:image:type\" content=\"image\/webp\" \/>\n<meta name=\"twitter:card\" content=\"summary_large_image\" \/>\n<script type=\"application\/ld+json\" class=\"yoast-schema-graph\">{\"@context\":\"https:\\\/\\\/schema.org\",\"@graph\":[{\"@type\":\"WebPage\",\"@id\":\"https:\\\/\\\/shopatoa.com\\\/ro\\\/janod-bath-memory-pexoso-pentru-cada-sea-animals-2-y-24-buc\\\/\",\"url\":\"https:\\\/\\\/shopatoa.com\\\/ro\\\/janod-bath-memory-pexoso-pentru-cada-sea-animals-2-y-24-buc\\\/\",\"name\":\"Janod Bath Memory Pexoso pentru cad\u0103 Sea Animals 2 y+ 24 buc - SHOPATOA.COM\",\"isPartOf\":{\"@id\":\"https:\\\/\\\/shopatoa.com\\\/ro\\\/#website\"},\"primaryImageOfPage\":{\"@id\":\"https:\\\/\\\/shopatoa.com\\\/ro\\\/janod-bath-memory-pexoso-pentru-cada-sea-animals-2-y-24-buc\\\/#primaryimage\"},\"image\":{\"@id\":\"https:\\\/\\\/shopatoa.com\\\/ro\\\/janod-bath-memory-pexoso-pentru-cada-sea-animals-2-y-24-buc\\\/#primaryimage\"},\"thumbnailUrl\":\"https:\\\/\\\/storage.googleapis.com\\\/cz-shopatoa-img\\\/ro\\\/2a0a5de7-unnamed-file.webp\",\"datePublished\":\"2025-06-23T15:10:22+00:00\",\"dateModified\":\"2025-12-13T13:14:32+00:00\",\"breadcrumb\":{\"@id\":\"https:\\\/\\\/shopatoa.com\\\/ro\\\/janod-bath-memory-pexoso-pentru-cada-sea-animals-2-y-24-buc\\\/#breadcrumb\"},\"inLanguage\":\"ro-RO\",\"potentialAction\":[{\"@type\":\"ReadAction\",\"target\":[\"https:\\\/\\\/shopatoa.com\\\/ro\\\/janod-bath-memory-pexoso-pentru-cada-sea-animals-2-y-24-buc\\\/\"]}]},{\"@type\":\"ImageObject\",\"inLanguage\":\"ro-RO\",\"@id\":\"https:\\\/\\\/shopatoa.com\\\/ro\\\/janod-bath-memory-pexoso-pentru-cada-sea-animals-2-y-24-buc\\\/#primaryimage\",\"url\":\"https:\\\/\\\/storage.googleapis.com\\\/cz-shopatoa-img\\\/ro\\\/2a0a5de7-unnamed-file.webp\",\"contentUrl\":\"https:\\\/\\\/storage.googleapis.com\\\/cz-shopatoa-img\\\/ro\\\/2a0a5de7-unnamed-file.webp\",\"width\":800,\"height\":800},{\"@type\":\"BreadcrumbList\",\"@id\":\"https:\\\/\\\/shopatoa.com\\\/ro\\\/janod-bath-memory-pexoso-pentru-cada-sea-animals-2-y-24-buc\\\/#breadcrumb\",\"itemListElement\":[{\"@type\":\"ListItem\",\"position\":1,\"name\":\"Dom\u016f\",\"item\":\"https:\\\/\\\/shopatoa.com\\\/ro\\\/\"},{\"@type\":\"ListItem\",\"position\":2,\"name\":\"Shop\",\"item\":\"https:\\\/\\\/shopatoa.com\\\/ro\\\/shop\\\/\"},{\"@type\":\"ListItem\",\"position\":3,\"name\":\"S\u0103n\u0103tate \u0219i frumuse\u021be\",\"item\":\"https:\\\/\\\/shopatoa.com\\\/ro\\\/sanatate-si-frumusete\\\/\"},{\"@type\":\"ListItem\",\"position\":4,\"name\":\"\u00cengrijire personal\u0103\",\"item\":\"https:\\\/\\\/shopatoa.com\\\/ro\\\/ingrijire-personala\\\/\"},{\"@type\":\"ListItem\",\"position\":5,\"name\":\"B\u0103rbierit \u0219i \u00eengrijire\",\"item\":\"https:\\\/\\\/shopatoa.com\\\/ro\\\/barbierit-si-ingrijire\\\/\"},{\"@type\":\"ListItem\",\"position\":6,\"name\":\"\u00cengrijire corporal\u0103\",\"item\":\"https:\\\/\\\/shopatoa.com\\\/ro\\\/ingrijire-corporala\\\/\"},{\"@type\":\"ListItem\",\"position\":7,\"name\":\"Janod Bath Memory Pexoso pentru cad\u0103 Sea Animals 2 y+ 24 buc\"}]},{\"@type\":\"WebSite\",\"@id\":\"https:\\\/\\\/shopatoa.com\\\/ro\\\/#website\",\"url\":\"https:\\\/\\\/shopatoa.com\\\/ro\\\/\",\"name\":\"SHOPATOA\",\"description\":\"\",\"publisher\":{\"@id\":\"https:\\\/\\\/shopatoa.com\\\/ro\\\/#organization\"},\"potentialAction\":[{\"@type\":\"SearchAction\",\"target\":{\"@type\":\"EntryPoint\",\"urlTemplate\":\"https:\\\/\\\/shopatoa.com\\\/ro\\\/?s={search_term_string}\"},\"query-input\":{\"@type\":\"PropertyValueSpecification\",\"valueRequired\":true,\"valueName\":\"search_term_string\"}}],\"inLanguage\":\"ro-RO\"},{\"@type\":\"Organization\",\"@id\":\"https:\\\/\\\/shopatoa.com\\\/ro\\\/#organization\",\"name\":\"SHOPATOA\",\"url\":\"https:\\\/\\\/shopatoa.com\\\/ro\\\/\",\"logo\":{\"@type\":\"ImageObject\",\"inLanguage\":\"ro-RO\",\"@id\":\"https:\\\/\\\/shopatoa.com\\\/ro\\\/#\\\/schema\\\/logo\\\/image\\\/\",\"url\":\"https:\\\/\\\/storage.googleapis.com\\\/cz-shopatoa-img\\\/ro\\\/b4dac915-shopatoa_logo.png\",\"contentUrl\":\"https:\\\/\\\/storage.googleapis.com\\\/cz-shopatoa-img\\\/ro\\\/b4dac915-shopatoa_logo.png\",\"width\":416,\"height\":63,\"caption\":\"SHOPATOA\"},\"image\":{\"@id\":\"https:\\\/\\\/shopatoa.com\\\/ro\\\/#\\\/schema\\\/logo\\\/image\\\/\"}}]}<\/script>\n<!-- \/ Yoast SEO plugin. -->","yoast_head_json":{"title":"Janod Bath Memory Pexoso pentru cad\u0103 Sea Animals 2 y+ 24 buc - SHOPATOA.COM","robots":{"index":"index","follow":"follow","max-snippet":"max-snippet:-1","max-image-preview":"max-image-preview:large","max-video-preview":"max-video-preview:-1"},"canonical":"https:\/\/shopatoa.com\/ro\/janod-bath-memory-pexoso-pentru-cada-sea-animals-2-y-24-buc\/","og_locale":"ro_RO","og_type":"article","og_title":"Janod Bath Memory Pexoso pentru cad\u0103 Sea Animals 2 y+ 24 buc - SHOPATOA.COM","og_description":"Janod Bath Memory, 24 buc, Juc\u0103rii interactive pentru copii, Juc\u0103riile reprezint\u0103 un mod ideal de a-i distra pe cei mici. Juc\u0103ria Janod Bath Memory nu numai c\u0103 v\u0103 amuz\u0103 copilul, ci favorizeaz\u0103 \u0219i dezvoltarea percep\u021biei senzoriale \u0219i a altor abilit\u0103\u021bi ale acestuia. Caracteristici: distreaz\u0103 copilul \u00een timpul b\u0103i\u021bei stimuleaz\u0103 dezvoltarea sim\u021burilor vizual \u0219i tactil dezvolt\u0103...","og_url":"https:\/\/shopatoa.com\/ro\/janod-bath-memory-pexoso-pentru-cada-sea-animals-2-y-24-buc\/","og_site_name":"SHOPATOA","article_modified_time":"2025-12-13T13:14:32+00:00","og_image":[{"width":800,"height":800,"url":"https:\/\/storage.googleapis.com\/cz-shopatoa-img\/ro\/2a0a5de7-unnamed-file.webp","type":"image\/webp"}],"twitter_card":"summary_large_image","schema":{"@context":"https:\/\/schema.org","@graph":[{"@type":"WebPage","@id":"https:\/\/shopatoa.com\/ro\/janod-bath-memory-pexoso-pentru-cada-sea-animals-2-y-24-buc\/","url":"https:\/\/shopatoa.com\/ro\/janod-bath-memory-pexoso-pentru-cada-sea-animals-2-y-24-buc\/","name":"Janod Bath Memory Pexoso pentru cad\u0103 Sea Animals 2 y+ 24 buc - SHOPATOA.COM","isPartOf":{"@id":"https:\/\/shopatoa.com\/ro\/#website"},"primaryImageOfPage":{"@id":"https:\/\/shopatoa.com\/ro\/janod-bath-memory-pexoso-pentru-cada-sea-animals-2-y-24-buc\/#primaryimage"},"image":{"@id":"https:\/\/shopatoa.com\/ro\/janod-bath-memory-pexoso-pentru-cada-sea-animals-2-y-24-buc\/#primaryimage"},"thumbnailUrl":"https:\/\/storage.googleapis.com\/cz-shopatoa-img\/ro\/2a0a5de7-unnamed-file.webp","datePublished":"2025-06-23T15:10:22+00:00","dateModified":"2025-12-13T13:14:32+00:00","breadcrumb":{"@id":"https:\/\/shopatoa.com\/ro\/janod-bath-memory-pexoso-pentru-cada-sea-animals-2-y-24-buc\/#breadcrumb"},"inLanguage":"ro-RO","potentialAction":[{"@type":"ReadAction","target":["https:\/\/shopatoa.com\/ro\/janod-bath-memory-pexoso-pentru-cada-sea-animals-2-y-24-buc\/"]}]},{"@type":"ImageObject","inLanguage":"ro-RO","@id":"https:\/\/shopatoa.com\/ro\/janod-bath-memory-pexoso-pentru-cada-sea-animals-2-y-24-buc\/#primaryimage","url":"https:\/\/storage.googleapis.com\/cz-shopatoa-img\/ro\/2a0a5de7-unnamed-file.webp","contentUrl":"https:\/\/storage.googleapis.com\/cz-shopatoa-img\/ro\/2a0a5de7-unnamed-file.webp","width":800,"height":800},{"@type":"BreadcrumbList","@id":"https:\/\/shopatoa.com\/ro\/janod-bath-memory-pexoso-pentru-cada-sea-animals-2-y-24-buc\/#breadcrumb","itemListElement":[{"@type":"ListItem","position":1,"name":"Dom\u016f","item":"https:\/\/shopatoa.com\/ro\/"},{"@type":"ListItem","position":2,"name":"Shop","item":"https:\/\/shopatoa.com\/ro\/shop\/"},{"@type":"ListItem","position":3,"name":"S\u0103n\u0103tate \u0219i frumuse\u021be","item":"https:\/\/shopatoa.com\/ro\/sanatate-si-frumusete\/"},{"@type":"ListItem","position":4,"name":"\u00cengrijire personal\u0103","item":"https:\/\/shopatoa.com\/ro\/ingrijire-personala\/"},{"@type":"ListItem","position":5,"name":"B\u0103rbierit \u0219i \u00eengrijire","item":"https:\/\/shopatoa.com\/ro\/barbierit-si-ingrijire\/"},{"@type":"ListItem","position":6,"name":"\u00cengrijire corporal\u0103","item":"https:\/\/shopatoa.com\/ro\/ingrijire-corporala\/"},{"@type":"ListItem","position":7,"name":"Janod Bath Memory Pexoso pentru cad\u0103 Sea Animals 2 y+ 24 buc"}]},{"@type":"WebSite","@id":"https:\/\/shopatoa.com\/ro\/#website","url":"https:\/\/shopatoa.com\/ro\/","name":"SHOPATOA","description":"","publisher":{"@id":"https:\/\/shopatoa.com\/ro\/#organization"},"potentialAction":[{"@type":"SearchAction","target":{"@type":"EntryPoint","urlTemplate":"https:\/\/shopatoa.com\/ro\/?s={search_term_string}"},"query-input":{"@type":"PropertyValueSpecification","valueRequired":true,"valueName":"search_term_string"}}],"inLanguage":"ro-RO"},{"@type":"Organization","@id":"https:\/\/shopatoa.com\/ro\/#organization","name":"SHOPATOA","url":"https:\/\/shopatoa.com\/ro\/","logo":{"@type":"ImageObject","inLanguage":"ro-RO","@id":"https:\/\/shopatoa.com\/ro\/#\/schema\/logo\/image\/","url":"https:\/\/storage.googleapis.com\/cz-shopatoa-img\/ro\/b4dac915-shopatoa_logo.png","contentUrl":"https:\/\/storage.googleapis.com\/cz-shopatoa-img\/ro\/b4dac915-shopatoa_logo.png","width":416,"height":63,"caption":"SHOPATOA"},"image":{"@id":"https:\/\/shopatoa.com\/ro\/#\/schema\/logo\/image\/"}}]}},"_links":{"self":[{"href":"https:\/\/shopatoa.com\/ro\/wp-json\/wp\/v2\/product\/430597","targetHints":{"allow":["GET"]}}],"collection":[{"href":"https:\/\/shopatoa.com\/ro\/wp-json\/wp\/v2\/product"}],"about":[{"href":"https:\/\/shopatoa.com\/ro\/wp-json\/wp\/v2\/types\/product"}],"replies":[{"embeddable":true,"href":"https:\/\/shopatoa.com\/ro\/wp-json\/wp\/v2\/comments?post=430597"}],"wp:featuredmedia":[{"embeddable":true,"href":"https:\/\/shopatoa.com\/ro\/wp-json\/wp\/v2\/media\/430598"}],"wp:attachment":[{"href":"https:\/\/shopatoa.com\/ro\/wp-json\/wp\/v2\/media?parent=430597"}],"wp:term":[{"taxonomy":"product_brand","embeddable":true,"href":"https:\/\/shopatoa.com\/ro\/wp-json\/wp\/v2\/product_brand?post=430597"},{"taxonomy":"product_cat","embeddable":true,"href":"https:\/\/shopatoa.com\/ro\/wp-json\/wp\/v2\/product_cat?post=430597"},{"taxonomy":"product_tag","embeddable":true,"href":"https:\/\/shopatoa.com\/ro\/wp-json\/wp\/v2\/product_tag?post=430597"}],"curies":[{"name":"wp","href":"https:\/\/api.w.org\/{rel}","templated":true}]}}