{"id":430711,"date":"2025-06-23T17:32:05","date_gmt":"2025-06-23T15:32:05","guid":{"rendered":"https:\/\/shopatoa.com\/ro\/yankee-candle-ultrasonic-electric-diffuser-kit-black-cherry-difuzor-de-aroma-cu-ultrasunete-1-buc\/"},"modified":"2025-12-13T13:54:58","modified_gmt":"2025-12-13T12:54:58","slug":"yankee-candle-ultrasonic-electric-diffuser-kit-black-cherry-difuzor-de-aroma-cu-ultrasunete-1-buc","status":"publish","type":"product","link":"https:\/\/shopatoa.com\/ro\/yankee-candle-ultrasonic-electric-diffuser-kit-black-cherry-difuzor-de-aroma-cu-ultrasunete-1-buc\/","title":{"rendered":"Yankee Candle Ultrasonic Electric Diffuser Kit Black Cherry Difuzor de arom\u0103 cu ultrasunete 1 buc"},"content":{"rendered":"<p>Yankee Candle Ultrasonic Electric Diffuser Kit Black Cherry, 1 buc, Difuzoare de arom\u0103 cu rezerv\u0103  Parfumuri pentru casa, Difuzorul de arom\u0103 Yankee Candle Ultrasonic Electric Diffuser Kit Black Cherry este un mod pl\u0103cut \u0219i stilat de a parfuma interiorul.  Caracteristici:  parfum de fructe arom\u0103 dulce  Setul con\u021bine:  Difuzor de arom\u0103 cu ultrasunete ulei aromatic 10 ml  Cum se utilizeaz\u0103: A nu se l\u0103sa la \u00eendem\u00e2na copiilor. \u00cen cazul \u00een care con\u021binutul difuzorului intr\u0103 \u00een contact cu pielea, aceasta se spal\u0103 imediat cu mult\u0103 ap\u0103 \u0219i s\u0103pun. \u00cen cazul contactului cu ochii, se vor cl\u0103ti cu ap\u0103 timp de c\u00e2teva minute.<\/p>\n","protected":false},"excerpt":{"rendered":"<p>Yankee Candle Ultrasonic Electric Diffuser Kit Black Cherry, 1 buc, Difuzoare de arom\u0103 cu rezerv\u0103 Parfumuri pentru casa, Difuzorul de arom\u0103 Yankee Candle Ultrasonic Electric Diffuser Kit Black Cherry este un mod pl\u0103cut \u0219i stilat de a parfuma interiorul. Caracteristici: parfum de fructe arom\u0103 dulce Setul con\u021bine: Difuzor de arom\u0103 cu ultrasunete ulei aromatic 10&#8230;<\/p>\n","protected":false},"featured_media":430712,"comment_status":"closed","ping_status":"open","template":"","meta":{"_acf_changed":false,"_kadence_starter_templates_imported_post":false,"_kad_post_transparent":"","_kad_post_title":"","_kad_post_layout":"","_kad_post_sidebar_id":"","_kad_post_content_style":"","_kad_post_vertical_padding":"","_kad_post_feature":"","_kad_post_feature_position":"","_kad_post_header":false,"_kad_post_footer":false,"_kad_post_classname":""},"product_brand":[149],"product_cat":[3548,3558,1103,3553,3557,1881,3544,3554,3539,3540,3543,3542,3541,1563,3545,614,3546,1562,3549,3551,3552,3555,3556,3547,3550],"product_tag":[],"class_list":{"0":"post-430711","1":"product","2":"type-product","3":"status-publish","4":"has-post-thumbnail","6":"product_brand-yankee-candle","7":"product_cat-accesorii-cosmetice-2","8":"product_cat-alte-echipamente","9":"product_cat-alte-parfumuri","10":"product_cat-alte-suplimente","11":"product_cat-aparate-de-aerosoli","12":"product_cat-barbierit-si-ingrijire","13":"product_cat-cosmetice-ingrijire-intima","14":"product_cat-echipamente-medicale","15":"product_cat-ingrijire-corporala","16":"product_cat-ingrijire-faciala","17":"product_cat-ingrijire-intima","18":"product_cat-ingrijire-orala-2","19":"product_cat-ingrijire-par","20":"product_cat-ingrijire-personala","21":"product_cat-machiaj-2","22":"product_cat-parfumuri","23":"product_cat-produse-de-ingrijire","24":"product_cat-sanatate-si-frumusete","25":"product_cat-suplimente-alimentare","26":"product_cat-suplimente-pentru-slabit","27":"product_cat-suplimente-pentru-sportivi","28":"product_cat-tensiometre","29":"product_cat-termometre-2","30":"product_cat-unghii","31":"product_cat-vitamine-si-minerale","32":"pa_gen-unisex","33":"pa_marime-1-buc","35":"first","36":"instock","37":"product-type-external","38":"entry","39":"content-bg","40":"loop-entry"},"acf":[],"yoast_head":"<!-- This site is optimized with the Yoast SEO plugin v27.4 - https:\/\/yoast.com\/product\/yoast-seo-wordpress\/ -->\n<title>Yankee Candle Ultrasonic Electric Diffuser Kit Black Cherry Difuzor de arom\u0103 cu ultrasunete 1 buc - SHOPATOA.COM<\/title>\n<meta name=\"robots\" content=\"index, follow, max-snippet:-1, max-image-preview:large, max-video-preview:-1\" \/>\n<link rel=\"canonical\" href=\"https:\/\/shopatoa.com\/ro\/yankee-candle-ultrasonic-electric-diffuser-kit-black-cherry-difuzor-de-aroma-cu-ultrasunete-1-buc\/\" \/>\n<meta property=\"og:locale\" content=\"ro_RO\" \/>\n<meta property=\"og:type\" content=\"article\" \/>\n<meta property=\"og:title\" content=\"Yankee Candle Ultrasonic Electric Diffuser Kit Black Cherry Difuzor de arom\u0103 cu ultrasunete 1 buc - SHOPATOA.COM\" \/>\n<meta property=\"og:description\" content=\"Yankee Candle Ultrasonic Electric Diffuser Kit Black Cherry, 1 buc, Difuzoare de arom\u0103 cu rezerv\u0103 Parfumuri pentru casa, Difuzorul de arom\u0103 Yankee Candle Ultrasonic Electric Diffuser Kit Black Cherry este un mod pl\u0103cut \u0219i stilat de a parfuma interiorul. Caracteristici: parfum de fructe arom\u0103 dulce Setul con\u021bine: Difuzor de arom\u0103 cu ultrasunete ulei aromatic 10...\" \/>\n<meta property=\"og:url\" content=\"https:\/\/shopatoa.com\/ro\/yankee-candle-ultrasonic-electric-diffuser-kit-black-cherry-difuzor-de-aroma-cu-ultrasunete-1-buc\/\" \/>\n<meta property=\"og:site_name\" content=\"SHOPATOA\" \/>\n<meta property=\"article:modified_time\" content=\"2025-12-13T12:54:58+00:00\" \/>\n<meta property=\"og:image\" content=\"https:\/\/storage.googleapis.com\/cz-shopatoa-img\/ro\/a09d694c-unnamed-file.webp\" \/>\n\t<meta property=\"og:image:width\" content=\"800\" \/>\n\t<meta property=\"og:image:height\" content=\"800\" \/>\n\t<meta property=\"og:image:type\" content=\"image\/webp\" \/>\n<meta name=\"twitter:card\" content=\"summary_large_image\" \/>\n<meta name=\"twitter:label1\" content=\"Timp estimat pentru citire\" \/>\n\t<meta name=\"twitter:data1\" content=\"1 minut\" \/>\n<script type=\"application\/ld+json\" class=\"yoast-schema-graph\">{\"@context\":\"https:\\\/\\\/schema.org\",\"@graph\":[{\"@type\":\"WebPage\",\"@id\":\"https:\\\/\\\/shopatoa.com\\\/ro\\\/yankee-candle-ultrasonic-electric-diffuser-kit-black-cherry-difuzor-de-aroma-cu-ultrasunete-1-buc\\\/\",\"url\":\"https:\\\/\\\/shopatoa.com\\\/ro\\\/yankee-candle-ultrasonic-electric-diffuser-kit-black-cherry-difuzor-de-aroma-cu-ultrasunete-1-buc\\\/\",\"name\":\"Yankee Candle Ultrasonic Electric Diffuser Kit Black Cherry Difuzor de arom\u0103 cu ultrasunete 1 buc - SHOPATOA.COM\",\"isPartOf\":{\"@id\":\"https:\\\/\\\/shopatoa.com\\\/ro\\\/#website\"},\"primaryImageOfPage\":{\"@id\":\"https:\\\/\\\/shopatoa.com\\\/ro\\\/yankee-candle-ultrasonic-electric-diffuser-kit-black-cherry-difuzor-de-aroma-cu-ultrasunete-1-buc\\\/#primaryimage\"},\"image\":{\"@id\":\"https:\\\/\\\/shopatoa.com\\\/ro\\\/yankee-candle-ultrasonic-electric-diffuser-kit-black-cherry-difuzor-de-aroma-cu-ultrasunete-1-buc\\\/#primaryimage\"},\"thumbnailUrl\":\"https:\\\/\\\/storage.googleapis.com\\\/cz-shopatoa-img\\\/ro\\\/a09d694c-unnamed-file.webp\",\"datePublished\":\"2025-06-23T15:32:05+00:00\",\"dateModified\":\"2025-12-13T12:54:58+00:00\",\"breadcrumb\":{\"@id\":\"https:\\\/\\\/shopatoa.com\\\/ro\\\/yankee-candle-ultrasonic-electric-diffuser-kit-black-cherry-difuzor-de-aroma-cu-ultrasunete-1-buc\\\/#breadcrumb\"},\"inLanguage\":\"ro-RO\",\"potentialAction\":[{\"@type\":\"ReadAction\",\"target\":[\"https:\\\/\\\/shopatoa.com\\\/ro\\\/yankee-candle-ultrasonic-electric-diffuser-kit-black-cherry-difuzor-de-aroma-cu-ultrasunete-1-buc\\\/\"]}]},{\"@type\":\"ImageObject\",\"inLanguage\":\"ro-RO\",\"@id\":\"https:\\\/\\\/shopatoa.com\\\/ro\\\/yankee-candle-ultrasonic-electric-diffuser-kit-black-cherry-difuzor-de-aroma-cu-ultrasunete-1-buc\\\/#primaryimage\",\"url\":\"https:\\\/\\\/storage.googleapis.com\\\/cz-shopatoa-img\\\/ro\\\/a09d694c-unnamed-file.webp\",\"contentUrl\":\"https:\\\/\\\/storage.googleapis.com\\\/cz-shopatoa-img\\\/ro\\\/a09d694c-unnamed-file.webp\",\"width\":800,\"height\":800},{\"@type\":\"BreadcrumbList\",\"@id\":\"https:\\\/\\\/shopatoa.com\\\/ro\\\/yankee-candle-ultrasonic-electric-diffuser-kit-black-cherry-difuzor-de-aroma-cu-ultrasunete-1-buc\\\/#breadcrumb\",\"itemListElement\":[{\"@type\":\"ListItem\",\"position\":1,\"name\":\"Dom\u016f\",\"item\":\"https:\\\/\\\/shopatoa.com\\\/ro\\\/\"},{\"@type\":\"ListItem\",\"position\":2,\"name\":\"Shop\",\"item\":\"https:\\\/\\\/shopatoa.com\\\/ro\\\/shop\\\/\"},{\"@type\":\"ListItem\",\"position\":3,\"name\":\"S\u0103n\u0103tate \u0219i frumuse\u021be\",\"item\":\"https:\\\/\\\/shopatoa.com\\\/ro\\\/sanatate-si-frumusete\\\/\"},{\"@type\":\"ListItem\",\"position\":4,\"name\":\"\u00cengrijire personal\u0103\",\"item\":\"https:\\\/\\\/shopatoa.com\\\/ro\\\/ingrijire-personala\\\/\"},{\"@type\":\"ListItem\",\"position\":5,\"name\":\"B\u0103rbierit \u0219i \u00eengrijire\",\"item\":\"https:\\\/\\\/shopatoa.com\\\/ro\\\/barbierit-si-ingrijire\\\/\"},{\"@type\":\"ListItem\",\"position\":6,\"name\":\"\u00cengrijire corporal\u0103\",\"item\":\"https:\\\/\\\/shopatoa.com\\\/ro\\\/ingrijire-corporala\\\/\"},{\"@type\":\"ListItem\",\"position\":7,\"name\":\"Yankee Candle Ultrasonic Electric Diffuser Kit Black Cherry Difuzor de arom\u0103 cu ultrasunete 1 buc\"}]},{\"@type\":\"WebSite\",\"@id\":\"https:\\\/\\\/shopatoa.com\\\/ro\\\/#website\",\"url\":\"https:\\\/\\\/shopatoa.com\\\/ro\\\/\",\"name\":\"SHOPATOA\",\"description\":\"\",\"publisher\":{\"@id\":\"https:\\\/\\\/shopatoa.com\\\/ro\\\/#organization\"},\"potentialAction\":[{\"@type\":\"SearchAction\",\"target\":{\"@type\":\"EntryPoint\",\"urlTemplate\":\"https:\\\/\\\/shopatoa.com\\\/ro\\\/?s={search_term_string}\"},\"query-input\":{\"@type\":\"PropertyValueSpecification\",\"valueRequired\":true,\"valueName\":\"search_term_string\"}}],\"inLanguage\":\"ro-RO\"},{\"@type\":\"Organization\",\"@id\":\"https:\\\/\\\/shopatoa.com\\\/ro\\\/#organization\",\"name\":\"SHOPATOA\",\"url\":\"https:\\\/\\\/shopatoa.com\\\/ro\\\/\",\"logo\":{\"@type\":\"ImageObject\",\"inLanguage\":\"ro-RO\",\"@id\":\"https:\\\/\\\/shopatoa.com\\\/ro\\\/#\\\/schema\\\/logo\\\/image\\\/\",\"url\":\"https:\\\/\\\/storage.googleapis.com\\\/cz-shopatoa-img\\\/ro\\\/b4dac915-shopatoa_logo.png\",\"contentUrl\":\"https:\\\/\\\/storage.googleapis.com\\\/cz-shopatoa-img\\\/ro\\\/b4dac915-shopatoa_logo.png\",\"width\":416,\"height\":63,\"caption\":\"SHOPATOA\"},\"image\":{\"@id\":\"https:\\\/\\\/shopatoa.com\\\/ro\\\/#\\\/schema\\\/logo\\\/image\\\/\"}}]}<\/script>\n<!-- \/ Yoast SEO plugin. -->","yoast_head_json":{"title":"Yankee Candle Ultrasonic Electric Diffuser Kit Black Cherry Difuzor de arom\u0103 cu ultrasunete 1 buc - SHOPATOA.COM","robots":{"index":"index","follow":"follow","max-snippet":"max-snippet:-1","max-image-preview":"max-image-preview:large","max-video-preview":"max-video-preview:-1"},"canonical":"https:\/\/shopatoa.com\/ro\/yankee-candle-ultrasonic-electric-diffuser-kit-black-cherry-difuzor-de-aroma-cu-ultrasunete-1-buc\/","og_locale":"ro_RO","og_type":"article","og_title":"Yankee Candle Ultrasonic Electric Diffuser Kit Black Cherry Difuzor de arom\u0103 cu ultrasunete 1 buc - SHOPATOA.COM","og_description":"Yankee Candle Ultrasonic Electric Diffuser Kit Black Cherry, 1 buc, Difuzoare de arom\u0103 cu rezerv\u0103 Parfumuri pentru casa, Difuzorul de arom\u0103 Yankee Candle Ultrasonic Electric Diffuser Kit Black Cherry este un mod pl\u0103cut \u0219i stilat de a parfuma interiorul. Caracteristici: parfum de fructe arom\u0103 dulce Setul con\u021bine: Difuzor de arom\u0103 cu ultrasunete ulei aromatic 10...","og_url":"https:\/\/shopatoa.com\/ro\/yankee-candle-ultrasonic-electric-diffuser-kit-black-cherry-difuzor-de-aroma-cu-ultrasunete-1-buc\/","og_site_name":"SHOPATOA","article_modified_time":"2025-12-13T12:54:58+00:00","og_image":[{"width":800,"height":800,"url":"https:\/\/storage.googleapis.com\/cz-shopatoa-img\/ro\/a09d694c-unnamed-file.webp","type":"image\/webp"}],"twitter_card":"summary_large_image","twitter_misc":{"Timp estimat pentru citire":"1 minut"},"schema":{"@context":"https:\/\/schema.org","@graph":[{"@type":"WebPage","@id":"https:\/\/shopatoa.com\/ro\/yankee-candle-ultrasonic-electric-diffuser-kit-black-cherry-difuzor-de-aroma-cu-ultrasunete-1-buc\/","url":"https:\/\/shopatoa.com\/ro\/yankee-candle-ultrasonic-electric-diffuser-kit-black-cherry-difuzor-de-aroma-cu-ultrasunete-1-buc\/","name":"Yankee Candle Ultrasonic Electric Diffuser Kit Black Cherry Difuzor de arom\u0103 cu ultrasunete 1 buc - SHOPATOA.COM","isPartOf":{"@id":"https:\/\/shopatoa.com\/ro\/#website"},"primaryImageOfPage":{"@id":"https:\/\/shopatoa.com\/ro\/yankee-candle-ultrasonic-electric-diffuser-kit-black-cherry-difuzor-de-aroma-cu-ultrasunete-1-buc\/#primaryimage"},"image":{"@id":"https:\/\/shopatoa.com\/ro\/yankee-candle-ultrasonic-electric-diffuser-kit-black-cherry-difuzor-de-aroma-cu-ultrasunete-1-buc\/#primaryimage"},"thumbnailUrl":"https:\/\/storage.googleapis.com\/cz-shopatoa-img\/ro\/a09d694c-unnamed-file.webp","datePublished":"2025-06-23T15:32:05+00:00","dateModified":"2025-12-13T12:54:58+00:00","breadcrumb":{"@id":"https:\/\/shopatoa.com\/ro\/yankee-candle-ultrasonic-electric-diffuser-kit-black-cherry-difuzor-de-aroma-cu-ultrasunete-1-buc\/#breadcrumb"},"inLanguage":"ro-RO","potentialAction":[{"@type":"ReadAction","target":["https:\/\/shopatoa.com\/ro\/yankee-candle-ultrasonic-electric-diffuser-kit-black-cherry-difuzor-de-aroma-cu-ultrasunete-1-buc\/"]}]},{"@type":"ImageObject","inLanguage":"ro-RO","@id":"https:\/\/shopatoa.com\/ro\/yankee-candle-ultrasonic-electric-diffuser-kit-black-cherry-difuzor-de-aroma-cu-ultrasunete-1-buc\/#primaryimage","url":"https:\/\/storage.googleapis.com\/cz-shopatoa-img\/ro\/a09d694c-unnamed-file.webp","contentUrl":"https:\/\/storage.googleapis.com\/cz-shopatoa-img\/ro\/a09d694c-unnamed-file.webp","width":800,"height":800},{"@type":"BreadcrumbList","@id":"https:\/\/shopatoa.com\/ro\/yankee-candle-ultrasonic-electric-diffuser-kit-black-cherry-difuzor-de-aroma-cu-ultrasunete-1-buc\/#breadcrumb","itemListElement":[{"@type":"ListItem","position":1,"name":"Dom\u016f","item":"https:\/\/shopatoa.com\/ro\/"},{"@type":"ListItem","position":2,"name":"Shop","item":"https:\/\/shopatoa.com\/ro\/shop\/"},{"@type":"ListItem","position":3,"name":"S\u0103n\u0103tate \u0219i frumuse\u021be","item":"https:\/\/shopatoa.com\/ro\/sanatate-si-frumusete\/"},{"@type":"ListItem","position":4,"name":"\u00cengrijire personal\u0103","item":"https:\/\/shopatoa.com\/ro\/ingrijire-personala\/"},{"@type":"ListItem","position":5,"name":"B\u0103rbierit \u0219i \u00eengrijire","item":"https:\/\/shopatoa.com\/ro\/barbierit-si-ingrijire\/"},{"@type":"ListItem","position":6,"name":"\u00cengrijire corporal\u0103","item":"https:\/\/shopatoa.com\/ro\/ingrijire-corporala\/"},{"@type":"ListItem","position":7,"name":"Yankee Candle Ultrasonic Electric Diffuser Kit Black Cherry Difuzor de arom\u0103 cu ultrasunete 1 buc"}]},{"@type":"WebSite","@id":"https:\/\/shopatoa.com\/ro\/#website","url":"https:\/\/shopatoa.com\/ro\/","name":"SHOPATOA","description":"","publisher":{"@id":"https:\/\/shopatoa.com\/ro\/#organization"},"potentialAction":[{"@type":"SearchAction","target":{"@type":"EntryPoint","urlTemplate":"https:\/\/shopatoa.com\/ro\/?s={search_term_string}"},"query-input":{"@type":"PropertyValueSpecification","valueRequired":true,"valueName":"search_term_string"}}],"inLanguage":"ro-RO"},{"@type":"Organization","@id":"https:\/\/shopatoa.com\/ro\/#organization","name":"SHOPATOA","url":"https:\/\/shopatoa.com\/ro\/","logo":{"@type":"ImageObject","inLanguage":"ro-RO","@id":"https:\/\/shopatoa.com\/ro\/#\/schema\/logo\/image\/","url":"https:\/\/storage.googleapis.com\/cz-shopatoa-img\/ro\/b4dac915-shopatoa_logo.png","contentUrl":"https:\/\/storage.googleapis.com\/cz-shopatoa-img\/ro\/b4dac915-shopatoa_logo.png","width":416,"height":63,"caption":"SHOPATOA"},"image":{"@id":"https:\/\/shopatoa.com\/ro\/#\/schema\/logo\/image\/"}}]}},"_links":{"self":[{"href":"https:\/\/shopatoa.com\/ro\/wp-json\/wp\/v2\/product\/430711","targetHints":{"allow":["GET"]}}],"collection":[{"href":"https:\/\/shopatoa.com\/ro\/wp-json\/wp\/v2\/product"}],"about":[{"href":"https:\/\/shopatoa.com\/ro\/wp-json\/wp\/v2\/types\/product"}],"replies":[{"embeddable":true,"href":"https:\/\/shopatoa.com\/ro\/wp-json\/wp\/v2\/comments?post=430711"}],"wp:featuredmedia":[{"embeddable":true,"href":"https:\/\/shopatoa.com\/ro\/wp-json\/wp\/v2\/media\/430712"}],"wp:attachment":[{"href":"https:\/\/shopatoa.com\/ro\/wp-json\/wp\/v2\/media?parent=430711"}],"wp:term":[{"taxonomy":"product_brand","embeddable":true,"href":"https:\/\/shopatoa.com\/ro\/wp-json\/wp\/v2\/product_brand?post=430711"},{"taxonomy":"product_cat","embeddable":true,"href":"https:\/\/shopatoa.com\/ro\/wp-json\/wp\/v2\/product_cat?post=430711"},{"taxonomy":"product_tag","embeddable":true,"href":"https:\/\/shopatoa.com\/ro\/wp-json\/wp\/v2\/product_tag?post=430711"}],"curies":[{"name":"wp","href":"https:\/\/api.w.org\/{rel}","templated":true}]}}