{"id":430795,"date":"2025-06-23T17:51:26","date_gmt":"2025-06-23T15:51:26","guid":{"rendered":"https:\/\/shopatoa.com\/ro\/pierre-rene-face-make-up-setting-spray-fixator-make-up-rezistent-la-apa-150-ml\/"},"modified":"2025-12-13T13:35:46","modified_gmt":"2025-12-13T12:35:46","slug":"pierre-rene-face-make-up-setting-spray-fixator-make-up-rezistent-la-apa-150-ml","status":"publish","type":"product","link":"https:\/\/shopatoa.com\/ro\/pierre-rene-face-make-up-setting-spray-fixator-make-up-rezistent-la-apa-150-ml\/","title":{"rendered":"Pierre Ren\u00e9 Face Make-up Setting Spray fixator make-up rezistent la apa 150 ml"},"content":{"rendered":"<p>Pierre Ren\u00e9 Face Make-up Setting Spray, 150 ml, Fixator make-up pentru femei, Dori\u021bi s\u0103 evita\u021bi situa\u021biile \u00een care crea\u021bi machiajul perfect \u00eenainte de a ie\u0219i din cas\u0103, iar \u00een c\u00e2teva ore deja luci\u021bi sau v\u0103 apar pete pe fa\u021b\u0103? Sprayul de fixare Pierre Ren\u00e9 Face Make-up Setting Spray v\u0103 va permite acest lucru. Men\u021bine fondul de ten, pudra, dar \u0219i fardul de ochi \u0219i produsele pentru spr\u00e2ncene la locul lor \u0219i fixate, astfel \u00eenc\u00e2t s\u0103 nu se murd\u0103reasc\u0103, estompeze, scurg\u0103 sau s\u0103 se depun\u0103 \u00een riduri \u0219i pliuri. Pe scurt, asigur\u0103 ca machiajul s\u0103 r\u0103m\u00e2n\u0103 la fel de perfect ca atunci c\u00e2nd l-a\u021bi aplicat, chiar \u0219i dup\u0103 c\u00e2teva ore.  Caracteristici:  fixare de durat\u0103 a fondului de ten asigur\u0103 un aspect impecabil produsul este rezistent la ap\u0103  Cum se utilizeaz\u0103: Se agit\u0103 bine \u00eenainte de utilizare, apoi se pulverizeaz\u0103 o cantitate rezonabil\u0103 de produs pe fa\u021b\u0103. A se evita contactul direct cu ochii. Se poate repeta, dac\u0103 este necesar, \u00een orice moment al zilei.<\/p>\n","protected":false},"excerpt":{"rendered":"<p>Pierre Ren\u00e9 Face Make-up Setting Spray, 150 ml, Fixator make-up pentru femei, Dori\u021bi s\u0103 evita\u021bi situa\u021biile \u00een care crea\u021bi machiajul perfect \u00eenainte de a ie\u0219i din cas\u0103, iar \u00een c\u00e2teva ore deja luci\u021bi sau v\u0103 apar pete pe fa\u021b\u0103? Sprayul de fixare Pierre Ren\u00e9 Face Make-up Setting Spray v\u0103 va permite acest lucru. Men\u021bine fondul&#8230;<\/p>\n","protected":false},"featured_media":430796,"comment_status":"closed","ping_status":"open","template":"","meta":{"_acf_changed":false,"_kadence_starter_templates_imported_post":false,"_kad_post_transparent":"","_kad_post_title":"","_kad_post_layout":"","_kad_post_sidebar_id":"","_kad_post_content_style":"","_kad_post_vertical_padding":"","_kad_post_feature":"","_kad_post_feature_position":"","_kad_post_header":false,"_kad_post_footer":false,"_kad_post_classname":""},"product_brand":[1800],"product_cat":[1564,3598,1563,1576,1562],"product_tag":[],"class_list":{"0":"post-430795","1":"product","2":"type-product","3":"status-publish","4":"has-post-thumbnail","6":"product_brand-pierre-rene","7":"product_cat-cosmetice-ingrijire-personala","8":"product_cat-fixatoare-de-machiaj","9":"product_cat-ingrijire-personala","10":"product_cat-machiaj","11":"product_cat-sanatate-si-frumusete","12":"pa_gen-female","13":"pa_marime-150-ml","15":"first","16":"instock","17":"sale","18":"product-type-external","19":"entry","20":"content-bg","21":"loop-entry"},"acf":[],"yoast_head":"<!-- This site is optimized with the Yoast SEO plugin v27.4 - https:\/\/yoast.com\/product\/yoast-seo-wordpress\/ -->\n<title>Pierre Ren\u00e9 Face Make-up Setting Spray fixator make-up rezistent la apa 150 ml - SHOPATOA.COM<\/title>\n<meta name=\"robots\" content=\"index, follow, max-snippet:-1, max-image-preview:large, max-video-preview:-1\" \/>\n<link rel=\"canonical\" href=\"https:\/\/shopatoa.com\/ro\/pierre-rene-face-make-up-setting-spray-fixator-make-up-rezistent-la-apa-150-ml\/\" \/>\n<meta property=\"og:locale\" content=\"ro_RO\" \/>\n<meta property=\"og:type\" content=\"article\" \/>\n<meta property=\"og:title\" content=\"Pierre Ren\u00e9 Face Make-up Setting Spray fixator make-up rezistent la apa 150 ml - SHOPATOA.COM\" \/>\n<meta property=\"og:description\" content=\"Pierre Ren\u00e9 Face Make-up Setting Spray, 150 ml, Fixator make-up pentru femei, Dori\u021bi s\u0103 evita\u021bi situa\u021biile \u00een care crea\u021bi machiajul perfect \u00eenainte de a ie\u0219i din cas\u0103, iar \u00een c\u00e2teva ore deja luci\u021bi sau v\u0103 apar pete pe fa\u021b\u0103? Sprayul de fixare Pierre Ren\u00e9 Face Make-up Setting Spray v\u0103 va permite acest lucru. Men\u021bine fondul...\" \/>\n<meta property=\"og:url\" content=\"https:\/\/shopatoa.com\/ro\/pierre-rene-face-make-up-setting-spray-fixator-make-up-rezistent-la-apa-150-ml\/\" \/>\n<meta property=\"og:site_name\" content=\"SHOPATOA\" \/>\n<meta property=\"article:modified_time\" content=\"2025-12-13T12:35:46+00:00\" \/>\n<meta property=\"og:image\" content=\"https:\/\/storage.googleapis.com\/cz-shopatoa-img\/ro\/bd1a6b04-unnamed-file.webp\" \/>\n\t<meta property=\"og:image:width\" content=\"800\" \/>\n\t<meta property=\"og:image:height\" content=\"800\" \/>\n\t<meta property=\"og:image:type\" content=\"image\/webp\" \/>\n<meta name=\"twitter:card\" content=\"summary_large_image\" \/>\n<meta name=\"twitter:label1\" content=\"Timp estimat pentru citire\" \/>\n\t<meta name=\"twitter:data1\" content=\"1 minut\" \/>\n<script type=\"application\/ld+json\" class=\"yoast-schema-graph\">{\"@context\":\"https:\\\/\\\/schema.org\",\"@graph\":[{\"@type\":\"WebPage\",\"@id\":\"https:\\\/\\\/shopatoa.com\\\/ro\\\/pierre-rene-face-make-up-setting-spray-fixator-make-up-rezistent-la-apa-150-ml\\\/\",\"url\":\"https:\\\/\\\/shopatoa.com\\\/ro\\\/pierre-rene-face-make-up-setting-spray-fixator-make-up-rezistent-la-apa-150-ml\\\/\",\"name\":\"Pierre Ren\u00e9 Face Make-up Setting Spray fixator make-up rezistent la apa 150 ml - SHOPATOA.COM\",\"isPartOf\":{\"@id\":\"https:\\\/\\\/shopatoa.com\\\/ro\\\/#website\"},\"primaryImageOfPage\":{\"@id\":\"https:\\\/\\\/shopatoa.com\\\/ro\\\/pierre-rene-face-make-up-setting-spray-fixator-make-up-rezistent-la-apa-150-ml\\\/#primaryimage\"},\"image\":{\"@id\":\"https:\\\/\\\/shopatoa.com\\\/ro\\\/pierre-rene-face-make-up-setting-spray-fixator-make-up-rezistent-la-apa-150-ml\\\/#primaryimage\"},\"thumbnailUrl\":\"https:\\\/\\\/storage.googleapis.com\\\/cz-shopatoa-img\\\/ro\\\/bd1a6b04-unnamed-file.webp\",\"datePublished\":\"2025-06-23T15:51:26+00:00\",\"dateModified\":\"2025-12-13T12:35:46+00:00\",\"breadcrumb\":{\"@id\":\"https:\\\/\\\/shopatoa.com\\\/ro\\\/pierre-rene-face-make-up-setting-spray-fixator-make-up-rezistent-la-apa-150-ml\\\/#breadcrumb\"},\"inLanguage\":\"ro-RO\",\"potentialAction\":[{\"@type\":\"ReadAction\",\"target\":[\"https:\\\/\\\/shopatoa.com\\\/ro\\\/pierre-rene-face-make-up-setting-spray-fixator-make-up-rezistent-la-apa-150-ml\\\/\"]}]},{\"@type\":\"ImageObject\",\"inLanguage\":\"ro-RO\",\"@id\":\"https:\\\/\\\/shopatoa.com\\\/ro\\\/pierre-rene-face-make-up-setting-spray-fixator-make-up-rezistent-la-apa-150-ml\\\/#primaryimage\",\"url\":\"https:\\\/\\\/storage.googleapis.com\\\/cz-shopatoa-img\\\/ro\\\/bd1a6b04-unnamed-file.webp\",\"contentUrl\":\"https:\\\/\\\/storage.googleapis.com\\\/cz-shopatoa-img\\\/ro\\\/bd1a6b04-unnamed-file.webp\",\"width\":800,\"height\":800},{\"@type\":\"BreadcrumbList\",\"@id\":\"https:\\\/\\\/shopatoa.com\\\/ro\\\/pierre-rene-face-make-up-setting-spray-fixator-make-up-rezistent-la-apa-150-ml\\\/#breadcrumb\",\"itemListElement\":[{\"@type\":\"ListItem\",\"position\":1,\"name\":\"Dom\u016f\",\"item\":\"https:\\\/\\\/shopatoa.com\\\/ro\\\/\"},{\"@type\":\"ListItem\",\"position\":2,\"name\":\"Shop\",\"item\":\"https:\\\/\\\/shopatoa.com\\\/ro\\\/shop\\\/\"},{\"@type\":\"ListItem\",\"position\":3,\"name\":\"S\u0103n\u0103tate \u0219i frumuse\u021be\",\"item\":\"https:\\\/\\\/shopatoa.com\\\/ro\\\/sanatate-si-frumusete\\\/\"},{\"@type\":\"ListItem\",\"position\":4,\"name\":\"\u00cengrijire personal\u0103\",\"item\":\"https:\\\/\\\/shopatoa.com\\\/ro\\\/ingrijire-personala\\\/\"},{\"@type\":\"ListItem\",\"position\":5,\"name\":\"Cosmetice\",\"item\":\"https:\\\/\\\/shopatoa.com\\\/ro\\\/cosmetice-ingrijire-personala\\\/\"},{\"@type\":\"ListItem\",\"position\":6,\"name\":\"Machiaj\",\"item\":\"https:\\\/\\\/shopatoa.com\\\/ro\\\/machiaj\\\/\"},{\"@type\":\"ListItem\",\"position\":7,\"name\":\"Fixatoare de machiaj\",\"item\":\"https:\\\/\\\/shopatoa.com\\\/ro\\\/fixatoare-de-machiaj\\\/\"},{\"@type\":\"ListItem\",\"position\":8,\"name\":\"Pierre Ren\u00e9 Face Make-up Setting Spray fixator make-up rezistent la apa 150 ml\"}]},{\"@type\":\"WebSite\",\"@id\":\"https:\\\/\\\/shopatoa.com\\\/ro\\\/#website\",\"url\":\"https:\\\/\\\/shopatoa.com\\\/ro\\\/\",\"name\":\"SHOPATOA\",\"description\":\"\",\"publisher\":{\"@id\":\"https:\\\/\\\/shopatoa.com\\\/ro\\\/#organization\"},\"potentialAction\":[{\"@type\":\"SearchAction\",\"target\":{\"@type\":\"EntryPoint\",\"urlTemplate\":\"https:\\\/\\\/shopatoa.com\\\/ro\\\/?s={search_term_string}\"},\"query-input\":{\"@type\":\"PropertyValueSpecification\",\"valueRequired\":true,\"valueName\":\"search_term_string\"}}],\"inLanguage\":\"ro-RO\"},{\"@type\":\"Organization\",\"@id\":\"https:\\\/\\\/shopatoa.com\\\/ro\\\/#organization\",\"name\":\"SHOPATOA\",\"url\":\"https:\\\/\\\/shopatoa.com\\\/ro\\\/\",\"logo\":{\"@type\":\"ImageObject\",\"inLanguage\":\"ro-RO\",\"@id\":\"https:\\\/\\\/shopatoa.com\\\/ro\\\/#\\\/schema\\\/logo\\\/image\\\/\",\"url\":\"https:\\\/\\\/storage.googleapis.com\\\/cz-shopatoa-img\\\/ro\\\/b4dac915-shopatoa_logo.png\",\"contentUrl\":\"https:\\\/\\\/storage.googleapis.com\\\/cz-shopatoa-img\\\/ro\\\/b4dac915-shopatoa_logo.png\",\"width\":416,\"height\":63,\"caption\":\"SHOPATOA\"},\"image\":{\"@id\":\"https:\\\/\\\/shopatoa.com\\\/ro\\\/#\\\/schema\\\/logo\\\/image\\\/\"}}]}<\/script>\n<!-- \/ Yoast SEO plugin. -->","yoast_head_json":{"title":"Pierre Ren\u00e9 Face Make-up Setting Spray fixator make-up rezistent la apa 150 ml - SHOPATOA.COM","robots":{"index":"index","follow":"follow","max-snippet":"max-snippet:-1","max-image-preview":"max-image-preview:large","max-video-preview":"max-video-preview:-1"},"canonical":"https:\/\/shopatoa.com\/ro\/pierre-rene-face-make-up-setting-spray-fixator-make-up-rezistent-la-apa-150-ml\/","og_locale":"ro_RO","og_type":"article","og_title":"Pierre Ren\u00e9 Face Make-up Setting Spray fixator make-up rezistent la apa 150 ml - SHOPATOA.COM","og_description":"Pierre Ren\u00e9 Face Make-up Setting Spray, 150 ml, Fixator make-up pentru femei, Dori\u021bi s\u0103 evita\u021bi situa\u021biile \u00een care crea\u021bi machiajul perfect \u00eenainte de a ie\u0219i din cas\u0103, iar \u00een c\u00e2teva ore deja luci\u021bi sau v\u0103 apar pete pe fa\u021b\u0103? Sprayul de fixare Pierre Ren\u00e9 Face Make-up Setting Spray v\u0103 va permite acest lucru. Men\u021bine fondul...","og_url":"https:\/\/shopatoa.com\/ro\/pierre-rene-face-make-up-setting-spray-fixator-make-up-rezistent-la-apa-150-ml\/","og_site_name":"SHOPATOA","article_modified_time":"2025-12-13T12:35:46+00:00","og_image":[{"width":800,"height":800,"url":"https:\/\/storage.googleapis.com\/cz-shopatoa-img\/ro\/bd1a6b04-unnamed-file.webp","type":"image\/webp"}],"twitter_card":"summary_large_image","twitter_misc":{"Timp estimat pentru citire":"1 minut"},"schema":{"@context":"https:\/\/schema.org","@graph":[{"@type":"WebPage","@id":"https:\/\/shopatoa.com\/ro\/pierre-rene-face-make-up-setting-spray-fixator-make-up-rezistent-la-apa-150-ml\/","url":"https:\/\/shopatoa.com\/ro\/pierre-rene-face-make-up-setting-spray-fixator-make-up-rezistent-la-apa-150-ml\/","name":"Pierre Ren\u00e9 Face Make-up Setting Spray fixator make-up rezistent la apa 150 ml - SHOPATOA.COM","isPartOf":{"@id":"https:\/\/shopatoa.com\/ro\/#website"},"primaryImageOfPage":{"@id":"https:\/\/shopatoa.com\/ro\/pierre-rene-face-make-up-setting-spray-fixator-make-up-rezistent-la-apa-150-ml\/#primaryimage"},"image":{"@id":"https:\/\/shopatoa.com\/ro\/pierre-rene-face-make-up-setting-spray-fixator-make-up-rezistent-la-apa-150-ml\/#primaryimage"},"thumbnailUrl":"https:\/\/storage.googleapis.com\/cz-shopatoa-img\/ro\/bd1a6b04-unnamed-file.webp","datePublished":"2025-06-23T15:51:26+00:00","dateModified":"2025-12-13T12:35:46+00:00","breadcrumb":{"@id":"https:\/\/shopatoa.com\/ro\/pierre-rene-face-make-up-setting-spray-fixator-make-up-rezistent-la-apa-150-ml\/#breadcrumb"},"inLanguage":"ro-RO","potentialAction":[{"@type":"ReadAction","target":["https:\/\/shopatoa.com\/ro\/pierre-rene-face-make-up-setting-spray-fixator-make-up-rezistent-la-apa-150-ml\/"]}]},{"@type":"ImageObject","inLanguage":"ro-RO","@id":"https:\/\/shopatoa.com\/ro\/pierre-rene-face-make-up-setting-spray-fixator-make-up-rezistent-la-apa-150-ml\/#primaryimage","url":"https:\/\/storage.googleapis.com\/cz-shopatoa-img\/ro\/bd1a6b04-unnamed-file.webp","contentUrl":"https:\/\/storage.googleapis.com\/cz-shopatoa-img\/ro\/bd1a6b04-unnamed-file.webp","width":800,"height":800},{"@type":"BreadcrumbList","@id":"https:\/\/shopatoa.com\/ro\/pierre-rene-face-make-up-setting-spray-fixator-make-up-rezistent-la-apa-150-ml\/#breadcrumb","itemListElement":[{"@type":"ListItem","position":1,"name":"Dom\u016f","item":"https:\/\/shopatoa.com\/ro\/"},{"@type":"ListItem","position":2,"name":"Shop","item":"https:\/\/shopatoa.com\/ro\/shop\/"},{"@type":"ListItem","position":3,"name":"S\u0103n\u0103tate \u0219i frumuse\u021be","item":"https:\/\/shopatoa.com\/ro\/sanatate-si-frumusete\/"},{"@type":"ListItem","position":4,"name":"\u00cengrijire personal\u0103","item":"https:\/\/shopatoa.com\/ro\/ingrijire-personala\/"},{"@type":"ListItem","position":5,"name":"Cosmetice","item":"https:\/\/shopatoa.com\/ro\/cosmetice-ingrijire-personala\/"},{"@type":"ListItem","position":6,"name":"Machiaj","item":"https:\/\/shopatoa.com\/ro\/machiaj\/"},{"@type":"ListItem","position":7,"name":"Fixatoare de machiaj","item":"https:\/\/shopatoa.com\/ro\/fixatoare-de-machiaj\/"},{"@type":"ListItem","position":8,"name":"Pierre Ren\u00e9 Face Make-up Setting Spray fixator make-up rezistent la apa 150 ml"}]},{"@type":"WebSite","@id":"https:\/\/shopatoa.com\/ro\/#website","url":"https:\/\/shopatoa.com\/ro\/","name":"SHOPATOA","description":"","publisher":{"@id":"https:\/\/shopatoa.com\/ro\/#organization"},"potentialAction":[{"@type":"SearchAction","target":{"@type":"EntryPoint","urlTemplate":"https:\/\/shopatoa.com\/ro\/?s={search_term_string}"},"query-input":{"@type":"PropertyValueSpecification","valueRequired":true,"valueName":"search_term_string"}}],"inLanguage":"ro-RO"},{"@type":"Organization","@id":"https:\/\/shopatoa.com\/ro\/#organization","name":"SHOPATOA","url":"https:\/\/shopatoa.com\/ro\/","logo":{"@type":"ImageObject","inLanguage":"ro-RO","@id":"https:\/\/shopatoa.com\/ro\/#\/schema\/logo\/image\/","url":"https:\/\/storage.googleapis.com\/cz-shopatoa-img\/ro\/b4dac915-shopatoa_logo.png","contentUrl":"https:\/\/storage.googleapis.com\/cz-shopatoa-img\/ro\/b4dac915-shopatoa_logo.png","width":416,"height":63,"caption":"SHOPATOA"},"image":{"@id":"https:\/\/shopatoa.com\/ro\/#\/schema\/logo\/image\/"}}]}},"_links":{"self":[{"href":"https:\/\/shopatoa.com\/ro\/wp-json\/wp\/v2\/product\/430795","targetHints":{"allow":["GET"]}}],"collection":[{"href":"https:\/\/shopatoa.com\/ro\/wp-json\/wp\/v2\/product"}],"about":[{"href":"https:\/\/shopatoa.com\/ro\/wp-json\/wp\/v2\/types\/product"}],"replies":[{"embeddable":true,"href":"https:\/\/shopatoa.com\/ro\/wp-json\/wp\/v2\/comments?post=430795"}],"wp:featuredmedia":[{"embeddable":true,"href":"https:\/\/shopatoa.com\/ro\/wp-json\/wp\/v2\/media\/430796"}],"wp:attachment":[{"href":"https:\/\/shopatoa.com\/ro\/wp-json\/wp\/v2\/media?parent=430795"}],"wp:term":[{"taxonomy":"product_brand","embeddable":true,"href":"https:\/\/shopatoa.com\/ro\/wp-json\/wp\/v2\/product_brand?post=430795"},{"taxonomy":"product_cat","embeddable":true,"href":"https:\/\/shopatoa.com\/ro\/wp-json\/wp\/v2\/product_cat?post=430795"},{"taxonomy":"product_tag","embeddable":true,"href":"https:\/\/shopatoa.com\/ro\/wp-json\/wp\/v2\/product_tag?post=430795"}],"curies":[{"name":"wp","href":"https:\/\/api.w.org\/{rel}","templated":true}]}}