{"id":431009,"date":"2025-06-23T18:34:27","date_gmt":"2025-06-23T16:34:27","guid":{"rendered":"https:\/\/shopatoa.com\/ro\/naninails-nani-vata-de-celuloza-500-buc\/"},"modified":"2025-12-11T17:43:31","modified_gmt":"2025-12-11T16:43:31","slug":"naninails-nani-vata-de-celuloza-500-buc","status":"publish","type":"product","link":"https:\/\/shopatoa.com\/ro\/naninails-nani-vata-de-celuloza-500-buc\/","title":{"rendered":"NaniNails Nani vat\u0103 de celuloz\u0103 500 buc"},"content":{"rendered":"<p>NaniNails Nani, 500 buc, tratament unghii pentru femei, Extinde\u021bi op\u021biunile de \u00eengrijire a unghiilor la un aspect absolut perfect. Produsul NaniNails Nani v\u0103 va ajuta s\u0103 ob\u021bine\u021bi acas\u0103 o manichiur\u0103 ca de la un profesionist \u2013 v\u0103 va \u00eembun\u0103t\u0103\u021bi rutina \u0219i va completa perfect instrumentele sau produsele cosmetice pe care le folosi\u021bi deja. Va avea grij\u0103 ca unghiile dvs. s\u0103 aib\u0103 \u00eentotdeauna o form\u0103 perfect\u0103 \u0219i un aspect \u00eengrijit, pentru ca m\u00e2inile dvs. s\u0103 fie chiar mai frumoase \u0219i s\u0103 reprezinte cartea dvs. de vizit\u0103.  Caracteristici:  accesoriul ideal pentru o manichiur\u0103 perfect\u0103<\/p>\n","protected":false},"excerpt":{"rendered":"<p>NaniNails Nani, 500 buc, tratament unghii pentru femei, Extinde\u021bi op\u021biunile de \u00eengrijire a unghiilor la un aspect absolut perfect. Produsul NaniNails Nani v\u0103 va ajuta s\u0103 ob\u021bine\u021bi acas\u0103 o manichiur\u0103 ca de la un profesionist \u2013 v\u0103 va \u00eembun\u0103t\u0103\u021bi rutina \u0219i va completa perfect instrumentele sau produsele cosmetice pe care le folosi\u021bi deja. Va avea&#8230;<\/p>\n","protected":false},"featured_media":431010,"comment_status":"closed","ping_status":"open","template":"","meta":{"_acf_changed":false,"_kadence_starter_templates_imported_post":false,"_kad_post_transparent":"","_kad_post_title":"","_kad_post_layout":"","_kad_post_sidebar_id":"","_kad_post_content_style":"","_kad_post_vertical_padding":"","_kad_post_feature":"","_kad_post_feature_position":"","_kad_post_header":false,"_kad_post_footer":false,"_kad_post_classname":""},"product_brand":[2314],"product_cat":[1564,1563,1659,1872,1562],"product_tag":[],"class_list":{"0":"post-431009","1":"product","2":"type-product","3":"status-publish","4":"has-post-thumbnail","6":"product_brand-naninails","7":"product_cat-cosmetice-ingrijire-personala","8":"product_cat-ingrijire-personala","9":"product_cat-instrumente-cosmetice","10":"product_cat-instrumente-pentru-unghii","11":"product_cat-sanatate-si-frumusete","12":"pa_gen-female","13":"pa_marime-500-buc","15":"first","16":"instock","17":"sale","18":"product-type-external","19":"entry","20":"content-bg","21":"loop-entry"},"acf":[],"yoast_head":"<!-- This site is optimized with the Yoast SEO plugin v27.4 - https:\/\/yoast.com\/product\/yoast-seo-wordpress\/ -->\n<title>NaniNails Nani vat\u0103 de celuloz\u0103 500 buc - SHOPATOA.COM<\/title>\n<meta name=\"robots\" content=\"index, follow, max-snippet:-1, max-image-preview:large, max-video-preview:-1\" \/>\n<link rel=\"canonical\" href=\"https:\/\/shopatoa.com\/ro\/naninails-nani-vata-de-celuloza-500-buc\/\" \/>\n<meta property=\"og:locale\" content=\"ro_RO\" \/>\n<meta property=\"og:type\" content=\"article\" \/>\n<meta property=\"og:title\" content=\"NaniNails Nani vat\u0103 de celuloz\u0103 500 buc - SHOPATOA.COM\" \/>\n<meta property=\"og:description\" content=\"NaniNails Nani, 500 buc, tratament unghii pentru femei, Extinde\u021bi op\u021biunile de \u00eengrijire a unghiilor la un aspect absolut perfect. Produsul NaniNails Nani v\u0103 va ajuta s\u0103 ob\u021bine\u021bi acas\u0103 o manichiur\u0103 ca de la un profesionist \u2013 v\u0103 va \u00eembun\u0103t\u0103\u021bi rutina \u0219i va completa perfect instrumentele sau produsele cosmetice pe care le folosi\u021bi deja. Va avea...\" \/>\n<meta property=\"og:url\" content=\"https:\/\/shopatoa.com\/ro\/naninails-nani-vata-de-celuloza-500-buc\/\" \/>\n<meta property=\"og:site_name\" content=\"SHOPATOA\" \/>\n<meta property=\"article:modified_time\" content=\"2025-12-11T16:43:31+00:00\" \/>\n<meta property=\"og:image\" content=\"https:\/\/storage.googleapis.com\/cz-shopatoa-img\/ro\/898b9d1f-unnamed-file.webp\" \/>\n\t<meta property=\"og:image:width\" content=\"800\" \/>\n\t<meta property=\"og:image:height\" content=\"800\" \/>\n\t<meta property=\"og:image:type\" content=\"image\/webp\" \/>\n<meta name=\"twitter:card\" content=\"summary_large_image\" \/>\n<script type=\"application\/ld+json\" class=\"yoast-schema-graph\">{\"@context\":\"https:\\\/\\\/schema.org\",\"@graph\":[{\"@type\":\"WebPage\",\"@id\":\"https:\\\/\\\/shopatoa.com\\\/ro\\\/naninails-nani-vata-de-celuloza-500-buc\\\/\",\"url\":\"https:\\\/\\\/shopatoa.com\\\/ro\\\/naninails-nani-vata-de-celuloza-500-buc\\\/\",\"name\":\"NaniNails Nani vat\u0103 de celuloz\u0103 500 buc - SHOPATOA.COM\",\"isPartOf\":{\"@id\":\"https:\\\/\\\/shopatoa.com\\\/ro\\\/#website\"},\"primaryImageOfPage\":{\"@id\":\"https:\\\/\\\/shopatoa.com\\\/ro\\\/naninails-nani-vata-de-celuloza-500-buc\\\/#primaryimage\"},\"image\":{\"@id\":\"https:\\\/\\\/shopatoa.com\\\/ro\\\/naninails-nani-vata-de-celuloza-500-buc\\\/#primaryimage\"},\"thumbnailUrl\":\"https:\\\/\\\/storage.googleapis.com\\\/cz-shopatoa-img\\\/ro\\\/898b9d1f-unnamed-file.webp\",\"datePublished\":\"2025-06-23T16:34:27+00:00\",\"dateModified\":\"2025-12-11T16:43:31+00:00\",\"breadcrumb\":{\"@id\":\"https:\\\/\\\/shopatoa.com\\\/ro\\\/naninails-nani-vata-de-celuloza-500-buc\\\/#breadcrumb\"},\"inLanguage\":\"ro-RO\",\"potentialAction\":[{\"@type\":\"ReadAction\",\"target\":[\"https:\\\/\\\/shopatoa.com\\\/ro\\\/naninails-nani-vata-de-celuloza-500-buc\\\/\"]}]},{\"@type\":\"ImageObject\",\"inLanguage\":\"ro-RO\",\"@id\":\"https:\\\/\\\/shopatoa.com\\\/ro\\\/naninails-nani-vata-de-celuloza-500-buc\\\/#primaryimage\",\"url\":\"https:\\\/\\\/storage.googleapis.com\\\/cz-shopatoa-img\\\/ro\\\/898b9d1f-unnamed-file.webp\",\"contentUrl\":\"https:\\\/\\\/storage.googleapis.com\\\/cz-shopatoa-img\\\/ro\\\/898b9d1f-unnamed-file.webp\",\"width\":800,\"height\":800},{\"@type\":\"BreadcrumbList\",\"@id\":\"https:\\\/\\\/shopatoa.com\\\/ro\\\/naninails-nani-vata-de-celuloza-500-buc\\\/#breadcrumb\",\"itemListElement\":[{\"@type\":\"ListItem\",\"position\":1,\"name\":\"Dom\u016f\",\"item\":\"https:\\\/\\\/shopatoa.com\\\/ro\\\/\"},{\"@type\":\"ListItem\",\"position\":2,\"name\":\"Shop\",\"item\":\"https:\\\/\\\/shopatoa.com\\\/ro\\\/shop\\\/\"},{\"@type\":\"ListItem\",\"position\":3,\"name\":\"S\u0103n\u0103tate \u0219i frumuse\u021be\",\"item\":\"https:\\\/\\\/shopatoa.com\\\/ro\\\/sanatate-si-frumusete\\\/\"},{\"@type\":\"ListItem\",\"position\":4,\"name\":\"\u00cengrijire personal\u0103\",\"item\":\"https:\\\/\\\/shopatoa.com\\\/ro\\\/ingrijire-personala\\\/\"},{\"@type\":\"ListItem\",\"position\":5,\"name\":\"Cosmetice\",\"item\":\"https:\\\/\\\/shopatoa.com\\\/ro\\\/cosmetice-ingrijire-personala\\\/\"},{\"@type\":\"ListItem\",\"position\":6,\"name\":\"Instrumente cosmetice\",\"item\":\"https:\\\/\\\/shopatoa.com\\\/ro\\\/instrumente-cosmetice\\\/\"},{\"@type\":\"ListItem\",\"position\":7,\"name\":\"Instrumente pentru unghii\",\"item\":\"https:\\\/\\\/shopatoa.com\\\/ro\\\/instrumente-pentru-unghii\\\/\"},{\"@type\":\"ListItem\",\"position\":8,\"name\":\"NaniNails Nani vat\u0103 de celuloz\u0103 500 buc\"}]},{\"@type\":\"WebSite\",\"@id\":\"https:\\\/\\\/shopatoa.com\\\/ro\\\/#website\",\"url\":\"https:\\\/\\\/shopatoa.com\\\/ro\\\/\",\"name\":\"SHOPATOA\",\"description\":\"\",\"publisher\":{\"@id\":\"https:\\\/\\\/shopatoa.com\\\/ro\\\/#organization\"},\"potentialAction\":[{\"@type\":\"SearchAction\",\"target\":{\"@type\":\"EntryPoint\",\"urlTemplate\":\"https:\\\/\\\/shopatoa.com\\\/ro\\\/?s={search_term_string}\"},\"query-input\":{\"@type\":\"PropertyValueSpecification\",\"valueRequired\":true,\"valueName\":\"search_term_string\"}}],\"inLanguage\":\"ro-RO\"},{\"@type\":\"Organization\",\"@id\":\"https:\\\/\\\/shopatoa.com\\\/ro\\\/#organization\",\"name\":\"SHOPATOA\",\"url\":\"https:\\\/\\\/shopatoa.com\\\/ro\\\/\",\"logo\":{\"@type\":\"ImageObject\",\"inLanguage\":\"ro-RO\",\"@id\":\"https:\\\/\\\/shopatoa.com\\\/ro\\\/#\\\/schema\\\/logo\\\/image\\\/\",\"url\":\"https:\\\/\\\/storage.googleapis.com\\\/cz-shopatoa-img\\\/ro\\\/b4dac915-shopatoa_logo.png\",\"contentUrl\":\"https:\\\/\\\/storage.googleapis.com\\\/cz-shopatoa-img\\\/ro\\\/b4dac915-shopatoa_logo.png\",\"width\":416,\"height\":63,\"caption\":\"SHOPATOA\"},\"image\":{\"@id\":\"https:\\\/\\\/shopatoa.com\\\/ro\\\/#\\\/schema\\\/logo\\\/image\\\/\"}}]}<\/script>\n<!-- \/ Yoast SEO plugin. -->","yoast_head_json":{"title":"NaniNails Nani vat\u0103 de celuloz\u0103 500 buc - SHOPATOA.COM","robots":{"index":"index","follow":"follow","max-snippet":"max-snippet:-1","max-image-preview":"max-image-preview:large","max-video-preview":"max-video-preview:-1"},"canonical":"https:\/\/shopatoa.com\/ro\/naninails-nani-vata-de-celuloza-500-buc\/","og_locale":"ro_RO","og_type":"article","og_title":"NaniNails Nani vat\u0103 de celuloz\u0103 500 buc - SHOPATOA.COM","og_description":"NaniNails Nani, 500 buc, tratament unghii pentru femei, Extinde\u021bi op\u021biunile de \u00eengrijire a unghiilor la un aspect absolut perfect. Produsul NaniNails Nani v\u0103 va ajuta s\u0103 ob\u021bine\u021bi acas\u0103 o manichiur\u0103 ca de la un profesionist \u2013 v\u0103 va \u00eembun\u0103t\u0103\u021bi rutina \u0219i va completa perfect instrumentele sau produsele cosmetice pe care le folosi\u021bi deja. Va avea...","og_url":"https:\/\/shopatoa.com\/ro\/naninails-nani-vata-de-celuloza-500-buc\/","og_site_name":"SHOPATOA","article_modified_time":"2025-12-11T16:43:31+00:00","og_image":[{"width":800,"height":800,"url":"https:\/\/storage.googleapis.com\/cz-shopatoa-img\/ro\/898b9d1f-unnamed-file.webp","type":"image\/webp"}],"twitter_card":"summary_large_image","schema":{"@context":"https:\/\/schema.org","@graph":[{"@type":"WebPage","@id":"https:\/\/shopatoa.com\/ro\/naninails-nani-vata-de-celuloza-500-buc\/","url":"https:\/\/shopatoa.com\/ro\/naninails-nani-vata-de-celuloza-500-buc\/","name":"NaniNails Nani vat\u0103 de celuloz\u0103 500 buc - SHOPATOA.COM","isPartOf":{"@id":"https:\/\/shopatoa.com\/ro\/#website"},"primaryImageOfPage":{"@id":"https:\/\/shopatoa.com\/ro\/naninails-nani-vata-de-celuloza-500-buc\/#primaryimage"},"image":{"@id":"https:\/\/shopatoa.com\/ro\/naninails-nani-vata-de-celuloza-500-buc\/#primaryimage"},"thumbnailUrl":"https:\/\/storage.googleapis.com\/cz-shopatoa-img\/ro\/898b9d1f-unnamed-file.webp","datePublished":"2025-06-23T16:34:27+00:00","dateModified":"2025-12-11T16:43:31+00:00","breadcrumb":{"@id":"https:\/\/shopatoa.com\/ro\/naninails-nani-vata-de-celuloza-500-buc\/#breadcrumb"},"inLanguage":"ro-RO","potentialAction":[{"@type":"ReadAction","target":["https:\/\/shopatoa.com\/ro\/naninails-nani-vata-de-celuloza-500-buc\/"]}]},{"@type":"ImageObject","inLanguage":"ro-RO","@id":"https:\/\/shopatoa.com\/ro\/naninails-nani-vata-de-celuloza-500-buc\/#primaryimage","url":"https:\/\/storage.googleapis.com\/cz-shopatoa-img\/ro\/898b9d1f-unnamed-file.webp","contentUrl":"https:\/\/storage.googleapis.com\/cz-shopatoa-img\/ro\/898b9d1f-unnamed-file.webp","width":800,"height":800},{"@type":"BreadcrumbList","@id":"https:\/\/shopatoa.com\/ro\/naninails-nani-vata-de-celuloza-500-buc\/#breadcrumb","itemListElement":[{"@type":"ListItem","position":1,"name":"Dom\u016f","item":"https:\/\/shopatoa.com\/ro\/"},{"@type":"ListItem","position":2,"name":"Shop","item":"https:\/\/shopatoa.com\/ro\/shop\/"},{"@type":"ListItem","position":3,"name":"S\u0103n\u0103tate \u0219i frumuse\u021be","item":"https:\/\/shopatoa.com\/ro\/sanatate-si-frumusete\/"},{"@type":"ListItem","position":4,"name":"\u00cengrijire personal\u0103","item":"https:\/\/shopatoa.com\/ro\/ingrijire-personala\/"},{"@type":"ListItem","position":5,"name":"Cosmetice","item":"https:\/\/shopatoa.com\/ro\/cosmetice-ingrijire-personala\/"},{"@type":"ListItem","position":6,"name":"Instrumente cosmetice","item":"https:\/\/shopatoa.com\/ro\/instrumente-cosmetice\/"},{"@type":"ListItem","position":7,"name":"Instrumente pentru unghii","item":"https:\/\/shopatoa.com\/ro\/instrumente-pentru-unghii\/"},{"@type":"ListItem","position":8,"name":"NaniNails Nani vat\u0103 de celuloz\u0103 500 buc"}]},{"@type":"WebSite","@id":"https:\/\/shopatoa.com\/ro\/#website","url":"https:\/\/shopatoa.com\/ro\/","name":"SHOPATOA","description":"","publisher":{"@id":"https:\/\/shopatoa.com\/ro\/#organization"},"potentialAction":[{"@type":"SearchAction","target":{"@type":"EntryPoint","urlTemplate":"https:\/\/shopatoa.com\/ro\/?s={search_term_string}"},"query-input":{"@type":"PropertyValueSpecification","valueRequired":true,"valueName":"search_term_string"}}],"inLanguage":"ro-RO"},{"@type":"Organization","@id":"https:\/\/shopatoa.com\/ro\/#organization","name":"SHOPATOA","url":"https:\/\/shopatoa.com\/ro\/","logo":{"@type":"ImageObject","inLanguage":"ro-RO","@id":"https:\/\/shopatoa.com\/ro\/#\/schema\/logo\/image\/","url":"https:\/\/storage.googleapis.com\/cz-shopatoa-img\/ro\/b4dac915-shopatoa_logo.png","contentUrl":"https:\/\/storage.googleapis.com\/cz-shopatoa-img\/ro\/b4dac915-shopatoa_logo.png","width":416,"height":63,"caption":"SHOPATOA"},"image":{"@id":"https:\/\/shopatoa.com\/ro\/#\/schema\/logo\/image\/"}}]}},"_links":{"self":[{"href":"https:\/\/shopatoa.com\/ro\/wp-json\/wp\/v2\/product\/431009","targetHints":{"allow":["GET"]}}],"collection":[{"href":"https:\/\/shopatoa.com\/ro\/wp-json\/wp\/v2\/product"}],"about":[{"href":"https:\/\/shopatoa.com\/ro\/wp-json\/wp\/v2\/types\/product"}],"replies":[{"embeddable":true,"href":"https:\/\/shopatoa.com\/ro\/wp-json\/wp\/v2\/comments?post=431009"}],"wp:featuredmedia":[{"embeddable":true,"href":"https:\/\/shopatoa.com\/ro\/wp-json\/wp\/v2\/media\/431010"}],"wp:attachment":[{"href":"https:\/\/shopatoa.com\/ro\/wp-json\/wp\/v2\/media?parent=431009"}],"wp:term":[{"taxonomy":"product_brand","embeddable":true,"href":"https:\/\/shopatoa.com\/ro\/wp-json\/wp\/v2\/product_brand?post=431009"},{"taxonomy":"product_cat","embeddable":true,"href":"https:\/\/shopatoa.com\/ro\/wp-json\/wp\/v2\/product_cat?post=431009"},{"taxonomy":"product_tag","embeddable":true,"href":"https:\/\/shopatoa.com\/ro\/wp-json\/wp\/v2\/product_tag?post=431009"}],"curies":[{"name":"wp","href":"https:\/\/api.w.org\/{rel}","templated":true}]}}