{"id":431301,"date":"2025-06-23T18:58:08","date_gmt":"2025-06-23T16:58:08","guid":{"rendered":"https:\/\/shopatoa.com\/ro\/flatyz-holiday-easter-basket-lumanare-6x15-cm\/"},"modified":"2025-06-23T18:59:32","modified_gmt":"2025-06-23T16:59:32","slug":"flatyz-holiday-easter-basket-lumanare-6x15-cm","status":"publish","type":"product","link":"https:\/\/shopatoa.com\/ro\/flatyz-holiday-easter-basket-lumanare-6x15-cm\/","title":{"rendered":"Flatyz Holiday Easter Basket lumanare 6&#215;15 cm"},"content":{"rendered":"<p>Flatyz Holiday Easter Basket, 6&#215;15 cm, Lum\u00e2n\u0103ri decorative Parfumuri pentru casa, Da\u021bi fiec\u0103rei \u00eenc\u0103peri un plus de stil, ca s\u0103 crea\u021bi \u00een locuin\u021b\u0103 un ambient mai confortabil. Lum\u00e2narea decorativ\u0103 Flatyz Holiday Easter Basket ofer\u0103 o modalitate simpl\u0103 \u0219i elegant\u0103 de a contribui la atmosfera pl\u0103cut\u0103 din casa dvs.  Caracteristici:  lucrat manual ideal de oferit cadou 2 fitiluri flac\u0103ra lum\u00e2n\u0103rii creeaz\u0103 o lumin\u0103 difuz\u0103 pl\u0103cut\u0103  Cum se utilizeaz\u0103: Lum\u00e2narea se plaseaz\u0103 pe o suprafa\u021b\u0103 rezistent\u0103 la c\u0103ldur\u0103. Nu se las\u0103 s\u0103 ard\u0103 mai mult de 4 ore. Lum\u00e2narea aprins\u0103 nu se las\u0103 niciodat\u0103 s\u0103 ard\u0103 p\u00e2n\u0103 la cap\u0103t, nesupravegheat\u0103 \u0219i \u00een apropierea obiectelor u\u0219or inflamabile. A nu se l\u0103sa la \u00eendem\u00e2na copiilor \u0219i a animalelor de companie. L\u0103sa\u021bi lum\u00e2narea s\u0103 ard\u0103, cel pu\u021bin p\u00e2n\u0103 c\u00e2nd se tope\u0219te tot stratul superior. Preveni\u021bi astfel formarea unor ad\u00e2ncituri nedorite \u00een suprafa\u021ba de cear\u0103. Pentru o ardere optim\u0103, recomand\u0103m scurtarea regulat\u0103 a fitilului la lungimea recomandat\u0103.<\/p>\n","protected":false},"excerpt":{"rendered":"<p>Flatyz Holiday Easter Basket, 6&#215;15 cm, Lum\u00e2n\u0103ri decorative Parfumuri pentru casa, Da\u021bi fiec\u0103rei \u00eenc\u0103peri un plus de stil, ca s\u0103 crea\u021bi \u00een locuin\u021b\u0103 un ambient mai confortabil. Lum\u00e2narea decorativ\u0103 Flatyz Holiday Easter Basket ofer\u0103 o modalitate simpl\u0103 \u0219i elegant\u0103 de a contribui la atmosfera pl\u0103cut\u0103 din casa dvs. Caracteristici: lucrat manual ideal de oferit cadou&#8230;<\/p>\n","protected":false},"featured_media":431302,"comment_status":"closed","ping_status":"open","template":"","meta":{"_acf_changed":false,"_kadence_starter_templates_imported_post":false,"_kad_post_transparent":"","_kad_post_title":"","_kad_post_layout":"","_kad_post_sidebar_id":"","_kad_post_content_style":"","_kad_post_vertical_padding":"","_kad_post_feature":"","_kad_post_feature_position":"","_kad_post_header":false,"_kad_post_footer":false,"_kad_post_classname":""},"product_brand":[2605],"product_cat":[1642,1641,1644,1643],"product_tag":[],"class_list":{"0":"post-431301","1":"product","2":"type-product","3":"status-publish","4":"has-post-thumbnail","6":"product_brand-flatyz","7":"product_cat-decor","8":"product_cat-home-garden","9":"product_cat-lumanari","10":"product_cat-parfumuri-de-casa","11":"pa_gen-unisex","12":"pa_marime-6x15-cm","14":"first","15":"instock","16":"sale","17":"product-type-external","18":"entry","19":"content-bg","20":"loop-entry"},"acf":[],"yoast_head":"<!-- This site is optimized with the Yoast SEO plugin v27.3 - https:\/\/yoast.com\/product\/yoast-seo-wordpress\/ -->\n<title>Flatyz Holiday Easter Basket lumanare 6x15 cm - SHOPATOA.COM<\/title>\n<meta name=\"robots\" content=\"index, follow, max-snippet:-1, max-image-preview:large, max-video-preview:-1\" \/>\n<link rel=\"canonical\" href=\"https:\/\/shopatoa.com\/ro\/flatyz-holiday-easter-basket-lumanare-6x15-cm\/\" \/>\n<meta property=\"og:locale\" content=\"ro_RO\" \/>\n<meta property=\"og:type\" content=\"article\" \/>\n<meta property=\"og:title\" content=\"Flatyz Holiday Easter Basket lumanare 6x15 cm - SHOPATOA.COM\" \/>\n<meta property=\"og:description\" content=\"Flatyz Holiday Easter Basket, 6&#215;15 cm, Lum\u00e2n\u0103ri decorative Parfumuri pentru casa, Da\u021bi fiec\u0103rei \u00eenc\u0103peri un plus de stil, ca s\u0103 crea\u021bi \u00een locuin\u021b\u0103 un ambient mai confortabil. Lum\u00e2narea decorativ\u0103 Flatyz Holiday Easter Basket ofer\u0103 o modalitate simpl\u0103 \u0219i elegant\u0103 de a contribui la atmosfera pl\u0103cut\u0103 din casa dvs. Caracteristici: lucrat manual ideal de oferit cadou...\" \/>\n<meta property=\"og:url\" content=\"https:\/\/shopatoa.com\/ro\/flatyz-holiday-easter-basket-lumanare-6x15-cm\/\" \/>\n<meta property=\"og:site_name\" content=\"SHOPATOA\" \/>\n<meta property=\"article:modified_time\" content=\"2025-06-23T16:59:32+00:00\" \/>\n<meta property=\"og:image\" content=\"https:\/\/storage.googleapis.com\/cz-shopatoa-img\/ro\/44551066-unnamed-file.webp\" \/>\n\t<meta property=\"og:image:width\" content=\"800\" \/>\n\t<meta property=\"og:image:height\" content=\"800\" \/>\n\t<meta property=\"og:image:type\" content=\"image\/webp\" \/>\n<meta name=\"twitter:card\" content=\"summary_large_image\" \/>\n<meta name=\"twitter:label1\" content=\"Timp estimat pentru citire\" \/>\n\t<meta name=\"twitter:data1\" content=\"1 minut\" \/>\n<script type=\"application\/ld+json\" class=\"yoast-schema-graph\">{\"@context\":\"https:\\\/\\\/schema.org\",\"@graph\":[{\"@type\":\"WebPage\",\"@id\":\"https:\\\/\\\/shopatoa.com\\\/ro\\\/flatyz-holiday-easter-basket-lumanare-6x15-cm\\\/\",\"url\":\"https:\\\/\\\/shopatoa.com\\\/ro\\\/flatyz-holiday-easter-basket-lumanare-6x15-cm\\\/\",\"name\":\"Flatyz Holiday Easter Basket lumanare 6x15 cm - SHOPATOA.COM\",\"isPartOf\":{\"@id\":\"https:\\\/\\\/shopatoa.com\\\/ro\\\/#website\"},\"primaryImageOfPage\":{\"@id\":\"https:\\\/\\\/shopatoa.com\\\/ro\\\/flatyz-holiday-easter-basket-lumanare-6x15-cm\\\/#primaryimage\"},\"image\":{\"@id\":\"https:\\\/\\\/shopatoa.com\\\/ro\\\/flatyz-holiday-easter-basket-lumanare-6x15-cm\\\/#primaryimage\"},\"thumbnailUrl\":\"https:\\\/\\\/storage.googleapis.com\\\/cz-shopatoa-img\\\/ro\\\/44551066-unnamed-file.webp\",\"datePublished\":\"2025-06-23T16:58:08+00:00\",\"dateModified\":\"2025-06-23T16:59:32+00:00\",\"breadcrumb\":{\"@id\":\"https:\\\/\\\/shopatoa.com\\\/ro\\\/flatyz-holiday-easter-basket-lumanare-6x15-cm\\\/#breadcrumb\"},\"inLanguage\":\"ro-RO\",\"potentialAction\":[{\"@type\":\"ReadAction\",\"target\":[\"https:\\\/\\\/shopatoa.com\\\/ro\\\/flatyz-holiday-easter-basket-lumanare-6x15-cm\\\/\"]}]},{\"@type\":\"ImageObject\",\"inLanguage\":\"ro-RO\",\"@id\":\"https:\\\/\\\/shopatoa.com\\\/ro\\\/flatyz-holiday-easter-basket-lumanare-6x15-cm\\\/#primaryimage\",\"url\":\"https:\\\/\\\/storage.googleapis.com\\\/cz-shopatoa-img\\\/ro\\\/44551066-unnamed-file.webp\",\"contentUrl\":\"https:\\\/\\\/storage.googleapis.com\\\/cz-shopatoa-img\\\/ro\\\/44551066-unnamed-file.webp\",\"width\":800,\"height\":800},{\"@type\":\"BreadcrumbList\",\"@id\":\"https:\\\/\\\/shopatoa.com\\\/ro\\\/flatyz-holiday-easter-basket-lumanare-6x15-cm\\\/#breadcrumb\",\"itemListElement\":[{\"@type\":\"ListItem\",\"position\":1,\"name\":\"Dom\u016f\",\"item\":\"https:\\\/\\\/shopatoa.com\\\/ro\\\/\"},{\"@type\":\"ListItem\",\"position\":2,\"name\":\"Shop\",\"item\":\"https:\\\/\\\/shopatoa.com\\\/ro\\\/shop\\\/\"},{\"@type\":\"ListItem\",\"position\":3,\"name\":\"Flatyz Holiday Easter Basket lumanare 6&#215;15 cm\"}]},{\"@type\":\"WebSite\",\"@id\":\"https:\\\/\\\/shopatoa.com\\\/ro\\\/#website\",\"url\":\"https:\\\/\\\/shopatoa.com\\\/ro\\\/\",\"name\":\"SHOPATOA\",\"description\":\"\",\"publisher\":{\"@id\":\"https:\\\/\\\/shopatoa.com\\\/ro\\\/#organization\"},\"potentialAction\":[{\"@type\":\"SearchAction\",\"target\":{\"@type\":\"EntryPoint\",\"urlTemplate\":\"https:\\\/\\\/shopatoa.com\\\/ro\\\/?s={search_term_string}\"},\"query-input\":{\"@type\":\"PropertyValueSpecification\",\"valueRequired\":true,\"valueName\":\"search_term_string\"}}],\"inLanguage\":\"ro-RO\"},{\"@type\":\"Organization\",\"@id\":\"https:\\\/\\\/shopatoa.com\\\/ro\\\/#organization\",\"name\":\"SHOPATOA\",\"url\":\"https:\\\/\\\/shopatoa.com\\\/ro\\\/\",\"logo\":{\"@type\":\"ImageObject\",\"inLanguage\":\"ro-RO\",\"@id\":\"https:\\\/\\\/shopatoa.com\\\/ro\\\/#\\\/schema\\\/logo\\\/image\\\/\",\"url\":\"https:\\\/\\\/storage.googleapis.com\\\/cz-shopatoa-img\\\/ro\\\/b4dac915-shopatoa_logo.png\",\"contentUrl\":\"https:\\\/\\\/storage.googleapis.com\\\/cz-shopatoa-img\\\/ro\\\/b4dac915-shopatoa_logo.png\",\"width\":416,\"height\":63,\"caption\":\"SHOPATOA\"},\"image\":{\"@id\":\"https:\\\/\\\/shopatoa.com\\\/ro\\\/#\\\/schema\\\/logo\\\/image\\\/\"}}]}<\/script>\n<!-- \/ Yoast SEO plugin. -->","yoast_head_json":{"title":"Flatyz Holiday Easter Basket lumanare 6x15 cm - SHOPATOA.COM","robots":{"index":"index","follow":"follow","max-snippet":"max-snippet:-1","max-image-preview":"max-image-preview:large","max-video-preview":"max-video-preview:-1"},"canonical":"https:\/\/shopatoa.com\/ro\/flatyz-holiday-easter-basket-lumanare-6x15-cm\/","og_locale":"ro_RO","og_type":"article","og_title":"Flatyz Holiday Easter Basket lumanare 6x15 cm - SHOPATOA.COM","og_description":"Flatyz Holiday Easter Basket, 6&#215;15 cm, Lum\u00e2n\u0103ri decorative Parfumuri pentru casa, Da\u021bi fiec\u0103rei \u00eenc\u0103peri un plus de stil, ca s\u0103 crea\u021bi \u00een locuin\u021b\u0103 un ambient mai confortabil. Lum\u00e2narea decorativ\u0103 Flatyz Holiday Easter Basket ofer\u0103 o modalitate simpl\u0103 \u0219i elegant\u0103 de a contribui la atmosfera pl\u0103cut\u0103 din casa dvs. Caracteristici: lucrat manual ideal de oferit cadou...","og_url":"https:\/\/shopatoa.com\/ro\/flatyz-holiday-easter-basket-lumanare-6x15-cm\/","og_site_name":"SHOPATOA","article_modified_time":"2025-06-23T16:59:32+00:00","og_image":[{"width":800,"height":800,"url":"https:\/\/storage.googleapis.com\/cz-shopatoa-img\/ro\/44551066-unnamed-file.webp","type":"image\/webp"}],"twitter_card":"summary_large_image","twitter_misc":{"Timp estimat pentru citire":"1 minut"},"schema":{"@context":"https:\/\/schema.org","@graph":[{"@type":"WebPage","@id":"https:\/\/shopatoa.com\/ro\/flatyz-holiday-easter-basket-lumanare-6x15-cm\/","url":"https:\/\/shopatoa.com\/ro\/flatyz-holiday-easter-basket-lumanare-6x15-cm\/","name":"Flatyz Holiday Easter Basket lumanare 6x15 cm - SHOPATOA.COM","isPartOf":{"@id":"https:\/\/shopatoa.com\/ro\/#website"},"primaryImageOfPage":{"@id":"https:\/\/shopatoa.com\/ro\/flatyz-holiday-easter-basket-lumanare-6x15-cm\/#primaryimage"},"image":{"@id":"https:\/\/shopatoa.com\/ro\/flatyz-holiday-easter-basket-lumanare-6x15-cm\/#primaryimage"},"thumbnailUrl":"https:\/\/storage.googleapis.com\/cz-shopatoa-img\/ro\/44551066-unnamed-file.webp","datePublished":"2025-06-23T16:58:08+00:00","dateModified":"2025-06-23T16:59:32+00:00","breadcrumb":{"@id":"https:\/\/shopatoa.com\/ro\/flatyz-holiday-easter-basket-lumanare-6x15-cm\/#breadcrumb"},"inLanguage":"ro-RO","potentialAction":[{"@type":"ReadAction","target":["https:\/\/shopatoa.com\/ro\/flatyz-holiday-easter-basket-lumanare-6x15-cm\/"]}]},{"@type":"ImageObject","inLanguage":"ro-RO","@id":"https:\/\/shopatoa.com\/ro\/flatyz-holiday-easter-basket-lumanare-6x15-cm\/#primaryimage","url":"https:\/\/storage.googleapis.com\/cz-shopatoa-img\/ro\/44551066-unnamed-file.webp","contentUrl":"https:\/\/storage.googleapis.com\/cz-shopatoa-img\/ro\/44551066-unnamed-file.webp","width":800,"height":800},{"@type":"BreadcrumbList","@id":"https:\/\/shopatoa.com\/ro\/flatyz-holiday-easter-basket-lumanare-6x15-cm\/#breadcrumb","itemListElement":[{"@type":"ListItem","position":1,"name":"Dom\u016f","item":"https:\/\/shopatoa.com\/ro\/"},{"@type":"ListItem","position":2,"name":"Shop","item":"https:\/\/shopatoa.com\/ro\/shop\/"},{"@type":"ListItem","position":3,"name":"Flatyz Holiday Easter Basket lumanare 6&#215;15 cm"}]},{"@type":"WebSite","@id":"https:\/\/shopatoa.com\/ro\/#website","url":"https:\/\/shopatoa.com\/ro\/","name":"SHOPATOA","description":"","publisher":{"@id":"https:\/\/shopatoa.com\/ro\/#organization"},"potentialAction":[{"@type":"SearchAction","target":{"@type":"EntryPoint","urlTemplate":"https:\/\/shopatoa.com\/ro\/?s={search_term_string}"},"query-input":{"@type":"PropertyValueSpecification","valueRequired":true,"valueName":"search_term_string"}}],"inLanguage":"ro-RO"},{"@type":"Organization","@id":"https:\/\/shopatoa.com\/ro\/#organization","name":"SHOPATOA","url":"https:\/\/shopatoa.com\/ro\/","logo":{"@type":"ImageObject","inLanguage":"ro-RO","@id":"https:\/\/shopatoa.com\/ro\/#\/schema\/logo\/image\/","url":"https:\/\/storage.googleapis.com\/cz-shopatoa-img\/ro\/b4dac915-shopatoa_logo.png","contentUrl":"https:\/\/storage.googleapis.com\/cz-shopatoa-img\/ro\/b4dac915-shopatoa_logo.png","width":416,"height":63,"caption":"SHOPATOA"},"image":{"@id":"https:\/\/shopatoa.com\/ro\/#\/schema\/logo\/image\/"}}]}},"_links":{"self":[{"href":"https:\/\/shopatoa.com\/ro\/wp-json\/wp\/v2\/product\/431301","targetHints":{"allow":["GET"]}}],"collection":[{"href":"https:\/\/shopatoa.com\/ro\/wp-json\/wp\/v2\/product"}],"about":[{"href":"https:\/\/shopatoa.com\/ro\/wp-json\/wp\/v2\/types\/product"}],"replies":[{"embeddable":true,"href":"https:\/\/shopatoa.com\/ro\/wp-json\/wp\/v2\/comments?post=431301"}],"wp:featuredmedia":[{"embeddable":true,"href":"https:\/\/shopatoa.com\/ro\/wp-json\/wp\/v2\/media\/431302"}],"wp:attachment":[{"href":"https:\/\/shopatoa.com\/ro\/wp-json\/wp\/v2\/media?parent=431301"}],"wp:term":[{"taxonomy":"product_brand","embeddable":true,"href":"https:\/\/shopatoa.com\/ro\/wp-json\/wp\/v2\/product_brand?post=431301"},{"taxonomy":"product_cat","embeddable":true,"href":"https:\/\/shopatoa.com\/ro\/wp-json\/wp\/v2\/product_cat?post=431301"},{"taxonomy":"product_tag","embeddable":true,"href":"https:\/\/shopatoa.com\/ro\/wp-json\/wp\/v2\/product_tag?post=431301"}],"curies":[{"name":"wp","href":"https:\/\/api.w.org\/{rel}","templated":true}]}}