{"id":431321,"date":"2025-06-23T18:59:44","date_gmt":"2025-06-23T16:59:44","guid":{"rendered":"https:\/\/shopatoa.com\/ro\/guam-inthenso-gel-de-dus-imbogatit-cu-unt-150-ml\/"},"modified":"2025-06-23T19:01:10","modified_gmt":"2025-06-23T17:01:10","slug":"guam-inthenso-gel-de-dus-imbogatit-cu-unt-150-ml","status":"publish","type":"product","link":"https:\/\/shopatoa.com\/ro\/guam-inthenso-gel-de-dus-imbogatit-cu-unt-150-ml\/","title":{"rendered":"Guam Inthenso gel de dus imbogatit cu unt 150 ml"},"content":{"rendered":"<p>Guam Inthenso, 150 ml, Geluri de dus pentru femei, Du\u0219ul sau baia regulat\u0103 este foarte important\u0103, \u00eens\u0103 dac\u0103 pielea dvs. este predispus\u0103 la uscare, gelurile de du\u0219 obi\u0219nuite \u00eei pot perturba echilibrul delicat. Gelul de du\u0219 Guam Inthenso este, prin urmare, \u00eembog\u0103\u021bit cu ingrediente de \u00eengrijire, asigur\u00e2nd pielii \u00een timpul sp\u0103l\u0103rii hidratarea \u0219i nutri\u021bia necesare. Produce o spum\u0103 delicat\u0103, care \u00eendep\u0103rteaz\u0103 u\u0219or toate impurit\u0103\u021bile, hidrat\u00e2nd pielea \u0219i l\u0103s\u00e2nd-o protejat\u0103 \u00eempotriva usc\u0103rii nedorite. Gata cu descuam\u0103rile sau senza\u021bia nepl\u0103cut\u0103 de tensiune, bucura\u021bi-v\u0103 de o piele perfect curat\u0103, catifelat\u0103 \u0219i hidratat\u0103.  Caracteristici:  are efect de calmare \u00eent\u0103re\u0219te bariera de protec\u021bie a pielii las\u0103 pielea catifelat\u0103, moale \u0219i neted\u0103 red\u0103 pielii senza\u021bia de confort<\/p>\n","protected":false},"excerpt":{"rendered":"<p>Guam Inthenso, 150 ml, Geluri de dus pentru femei, Du\u0219ul sau baia regulat\u0103 este foarte important\u0103, \u00eens\u0103 dac\u0103 pielea dvs. este predispus\u0103 la uscare, gelurile de du\u0219 obi\u0219nuite \u00eei pot perturba echilibrul delicat. Gelul de du\u0219 Guam Inthenso este, prin urmare, \u00eembog\u0103\u021bit cu ingrediente de \u00eengrijire, asigur\u00e2nd pielii \u00een timpul sp\u0103l\u0103rii hidratarea \u0219i nutri\u021bia necesare&#8230;.<\/p>\n","protected":false},"featured_media":431322,"comment_status":"closed","ping_status":"open","template":"","meta":{"_acf_changed":false,"_kadence_starter_templates_imported_post":false,"_kad_post_transparent":"","_kad_post_title":"","_kad_post_layout":"","_kad_post_sidebar_id":"","_kad_post_content_style":"","_kad_post_vertical_padding":"","_kad_post_feature":"","_kad_post_feature_position":"","_kad_post_header":false,"_kad_post_footer":false,"_kad_post_classname":""},"product_brand":[3316],"product_cat":[1570,1564,1571,1563,1562],"product_tag":[],"class_list":{"0":"post-431321","1":"product","2":"type-product","3":"status-publish","4":"has-post-thumbnail","6":"product_brand-guam","7":"product_cat-baie-si-corp","8":"product_cat-cosmetice-ingrijire-personala","9":"product_cat-gel-de-dus","10":"product_cat-ingrijire-personala","11":"product_cat-sanatate-si-frumusete","12":"pa_gen-female","13":"pa_marime-150-ml","15":"first","16":"instock","17":"sale","18":"product-type-external","19":"entry","20":"content-bg","21":"loop-entry"},"acf":[],"yoast_head":"<!-- This site is optimized with the Yoast SEO plugin v27.4 - https:\/\/yoast.com\/product\/yoast-seo-wordpress\/ -->\n<title>Guam Inthenso gel de dus imbogatit cu unt 150 ml - SHOPATOA.COM<\/title>\n<meta name=\"robots\" content=\"index, follow, max-snippet:-1, max-image-preview:large, max-video-preview:-1\" \/>\n<link rel=\"canonical\" href=\"https:\/\/shopatoa.com\/ro\/guam-inthenso-gel-de-dus-imbogatit-cu-unt-150-ml\/\" \/>\n<meta property=\"og:locale\" content=\"ro_RO\" \/>\n<meta property=\"og:type\" content=\"article\" \/>\n<meta property=\"og:title\" content=\"Guam Inthenso gel de dus imbogatit cu unt 150 ml - SHOPATOA.COM\" \/>\n<meta property=\"og:description\" content=\"Guam Inthenso, 150 ml, Geluri de dus pentru femei, Du\u0219ul sau baia regulat\u0103 este foarte important\u0103, \u00eens\u0103 dac\u0103 pielea dvs. este predispus\u0103 la uscare, gelurile de du\u0219 obi\u0219nuite \u00eei pot perturba echilibrul delicat. Gelul de du\u0219 Guam Inthenso este, prin urmare, \u00eembog\u0103\u021bit cu ingrediente de \u00eengrijire, asigur\u00e2nd pielii \u00een timpul sp\u0103l\u0103rii hidratarea \u0219i nutri\u021bia necesare....\" \/>\n<meta property=\"og:url\" content=\"https:\/\/shopatoa.com\/ro\/guam-inthenso-gel-de-dus-imbogatit-cu-unt-150-ml\/\" \/>\n<meta property=\"og:site_name\" content=\"SHOPATOA\" \/>\n<meta property=\"article:modified_time\" content=\"2025-06-23T17:01:10+00:00\" \/>\n<meta property=\"og:image\" content=\"https:\/\/storage.googleapis.com\/cz-shopatoa-img\/ro\/41210932-unnamed-file.webp\" \/>\n\t<meta property=\"og:image:width\" content=\"800\" \/>\n\t<meta property=\"og:image:height\" content=\"800\" \/>\n\t<meta property=\"og:image:type\" content=\"image\/webp\" \/>\n<meta name=\"twitter:card\" content=\"summary_large_image\" \/>\n<meta name=\"twitter:label1\" content=\"Timp estimat pentru citire\" \/>\n\t<meta name=\"twitter:data1\" content=\"1 minut\" \/>\n<script type=\"application\/ld+json\" class=\"yoast-schema-graph\">{\"@context\":\"https:\\\/\\\/schema.org\",\"@graph\":[{\"@type\":\"WebPage\",\"@id\":\"https:\\\/\\\/shopatoa.com\\\/ro\\\/guam-inthenso-gel-de-dus-imbogatit-cu-unt-150-ml\\\/\",\"url\":\"https:\\\/\\\/shopatoa.com\\\/ro\\\/guam-inthenso-gel-de-dus-imbogatit-cu-unt-150-ml\\\/\",\"name\":\"Guam Inthenso gel de dus imbogatit cu unt 150 ml - SHOPATOA.COM\",\"isPartOf\":{\"@id\":\"https:\\\/\\\/shopatoa.com\\\/ro\\\/#website\"},\"primaryImageOfPage\":{\"@id\":\"https:\\\/\\\/shopatoa.com\\\/ro\\\/guam-inthenso-gel-de-dus-imbogatit-cu-unt-150-ml\\\/#primaryimage\"},\"image\":{\"@id\":\"https:\\\/\\\/shopatoa.com\\\/ro\\\/guam-inthenso-gel-de-dus-imbogatit-cu-unt-150-ml\\\/#primaryimage\"},\"thumbnailUrl\":\"https:\\\/\\\/storage.googleapis.com\\\/cz-shopatoa-img\\\/ro\\\/41210932-unnamed-file.webp\",\"datePublished\":\"2025-06-23T16:59:44+00:00\",\"dateModified\":\"2025-06-23T17:01:10+00:00\",\"breadcrumb\":{\"@id\":\"https:\\\/\\\/shopatoa.com\\\/ro\\\/guam-inthenso-gel-de-dus-imbogatit-cu-unt-150-ml\\\/#breadcrumb\"},\"inLanguage\":\"ro-RO\",\"potentialAction\":[{\"@type\":\"ReadAction\",\"target\":[\"https:\\\/\\\/shopatoa.com\\\/ro\\\/guam-inthenso-gel-de-dus-imbogatit-cu-unt-150-ml\\\/\"]}]},{\"@type\":\"ImageObject\",\"inLanguage\":\"ro-RO\",\"@id\":\"https:\\\/\\\/shopatoa.com\\\/ro\\\/guam-inthenso-gel-de-dus-imbogatit-cu-unt-150-ml\\\/#primaryimage\",\"url\":\"https:\\\/\\\/storage.googleapis.com\\\/cz-shopatoa-img\\\/ro\\\/41210932-unnamed-file.webp\",\"contentUrl\":\"https:\\\/\\\/storage.googleapis.com\\\/cz-shopatoa-img\\\/ro\\\/41210932-unnamed-file.webp\",\"width\":800,\"height\":800},{\"@type\":\"BreadcrumbList\",\"@id\":\"https:\\\/\\\/shopatoa.com\\\/ro\\\/guam-inthenso-gel-de-dus-imbogatit-cu-unt-150-ml\\\/#breadcrumb\",\"itemListElement\":[{\"@type\":\"ListItem\",\"position\":1,\"name\":\"Dom\u016f\",\"item\":\"https:\\\/\\\/shopatoa.com\\\/ro\\\/\"},{\"@type\":\"ListItem\",\"position\":2,\"name\":\"Shop\",\"item\":\"https:\\\/\\\/shopatoa.com\\\/ro\\\/shop\\\/\"},{\"@type\":\"ListItem\",\"position\":3,\"name\":\"Guam Inthenso gel de dus imbogatit cu unt 150 ml\"}]},{\"@type\":\"WebSite\",\"@id\":\"https:\\\/\\\/shopatoa.com\\\/ro\\\/#website\",\"url\":\"https:\\\/\\\/shopatoa.com\\\/ro\\\/\",\"name\":\"SHOPATOA\",\"description\":\"\",\"publisher\":{\"@id\":\"https:\\\/\\\/shopatoa.com\\\/ro\\\/#organization\"},\"potentialAction\":[{\"@type\":\"SearchAction\",\"target\":{\"@type\":\"EntryPoint\",\"urlTemplate\":\"https:\\\/\\\/shopatoa.com\\\/ro\\\/?s={search_term_string}\"},\"query-input\":{\"@type\":\"PropertyValueSpecification\",\"valueRequired\":true,\"valueName\":\"search_term_string\"}}],\"inLanguage\":\"ro-RO\"},{\"@type\":\"Organization\",\"@id\":\"https:\\\/\\\/shopatoa.com\\\/ro\\\/#organization\",\"name\":\"SHOPATOA\",\"url\":\"https:\\\/\\\/shopatoa.com\\\/ro\\\/\",\"logo\":{\"@type\":\"ImageObject\",\"inLanguage\":\"ro-RO\",\"@id\":\"https:\\\/\\\/shopatoa.com\\\/ro\\\/#\\\/schema\\\/logo\\\/image\\\/\",\"url\":\"https:\\\/\\\/storage.googleapis.com\\\/cz-shopatoa-img\\\/ro\\\/b4dac915-shopatoa_logo.png\",\"contentUrl\":\"https:\\\/\\\/storage.googleapis.com\\\/cz-shopatoa-img\\\/ro\\\/b4dac915-shopatoa_logo.png\",\"width\":416,\"height\":63,\"caption\":\"SHOPATOA\"},\"image\":{\"@id\":\"https:\\\/\\\/shopatoa.com\\\/ro\\\/#\\\/schema\\\/logo\\\/image\\\/\"}}]}<\/script>\n<!-- \/ Yoast SEO plugin. -->","yoast_head_json":{"title":"Guam Inthenso gel de dus imbogatit cu unt 150 ml - SHOPATOA.COM","robots":{"index":"index","follow":"follow","max-snippet":"max-snippet:-1","max-image-preview":"max-image-preview:large","max-video-preview":"max-video-preview:-1"},"canonical":"https:\/\/shopatoa.com\/ro\/guam-inthenso-gel-de-dus-imbogatit-cu-unt-150-ml\/","og_locale":"ro_RO","og_type":"article","og_title":"Guam Inthenso gel de dus imbogatit cu unt 150 ml - SHOPATOA.COM","og_description":"Guam Inthenso, 150 ml, Geluri de dus pentru femei, Du\u0219ul sau baia regulat\u0103 este foarte important\u0103, \u00eens\u0103 dac\u0103 pielea dvs. este predispus\u0103 la uscare, gelurile de du\u0219 obi\u0219nuite \u00eei pot perturba echilibrul delicat. Gelul de du\u0219 Guam Inthenso este, prin urmare, \u00eembog\u0103\u021bit cu ingrediente de \u00eengrijire, asigur\u00e2nd pielii \u00een timpul sp\u0103l\u0103rii hidratarea \u0219i nutri\u021bia necesare....","og_url":"https:\/\/shopatoa.com\/ro\/guam-inthenso-gel-de-dus-imbogatit-cu-unt-150-ml\/","og_site_name":"SHOPATOA","article_modified_time":"2025-06-23T17:01:10+00:00","og_image":[{"width":800,"height":800,"url":"https:\/\/storage.googleapis.com\/cz-shopatoa-img\/ro\/41210932-unnamed-file.webp","type":"image\/webp"}],"twitter_card":"summary_large_image","twitter_misc":{"Timp estimat pentru citire":"1 minut"},"schema":{"@context":"https:\/\/schema.org","@graph":[{"@type":"WebPage","@id":"https:\/\/shopatoa.com\/ro\/guam-inthenso-gel-de-dus-imbogatit-cu-unt-150-ml\/","url":"https:\/\/shopatoa.com\/ro\/guam-inthenso-gel-de-dus-imbogatit-cu-unt-150-ml\/","name":"Guam Inthenso gel de dus imbogatit cu unt 150 ml - SHOPATOA.COM","isPartOf":{"@id":"https:\/\/shopatoa.com\/ro\/#website"},"primaryImageOfPage":{"@id":"https:\/\/shopatoa.com\/ro\/guam-inthenso-gel-de-dus-imbogatit-cu-unt-150-ml\/#primaryimage"},"image":{"@id":"https:\/\/shopatoa.com\/ro\/guam-inthenso-gel-de-dus-imbogatit-cu-unt-150-ml\/#primaryimage"},"thumbnailUrl":"https:\/\/storage.googleapis.com\/cz-shopatoa-img\/ro\/41210932-unnamed-file.webp","datePublished":"2025-06-23T16:59:44+00:00","dateModified":"2025-06-23T17:01:10+00:00","breadcrumb":{"@id":"https:\/\/shopatoa.com\/ro\/guam-inthenso-gel-de-dus-imbogatit-cu-unt-150-ml\/#breadcrumb"},"inLanguage":"ro-RO","potentialAction":[{"@type":"ReadAction","target":["https:\/\/shopatoa.com\/ro\/guam-inthenso-gel-de-dus-imbogatit-cu-unt-150-ml\/"]}]},{"@type":"ImageObject","inLanguage":"ro-RO","@id":"https:\/\/shopatoa.com\/ro\/guam-inthenso-gel-de-dus-imbogatit-cu-unt-150-ml\/#primaryimage","url":"https:\/\/storage.googleapis.com\/cz-shopatoa-img\/ro\/41210932-unnamed-file.webp","contentUrl":"https:\/\/storage.googleapis.com\/cz-shopatoa-img\/ro\/41210932-unnamed-file.webp","width":800,"height":800},{"@type":"BreadcrumbList","@id":"https:\/\/shopatoa.com\/ro\/guam-inthenso-gel-de-dus-imbogatit-cu-unt-150-ml\/#breadcrumb","itemListElement":[{"@type":"ListItem","position":1,"name":"Dom\u016f","item":"https:\/\/shopatoa.com\/ro\/"},{"@type":"ListItem","position":2,"name":"Shop","item":"https:\/\/shopatoa.com\/ro\/shop\/"},{"@type":"ListItem","position":3,"name":"Guam Inthenso gel de dus imbogatit cu unt 150 ml"}]},{"@type":"WebSite","@id":"https:\/\/shopatoa.com\/ro\/#website","url":"https:\/\/shopatoa.com\/ro\/","name":"SHOPATOA","description":"","publisher":{"@id":"https:\/\/shopatoa.com\/ro\/#organization"},"potentialAction":[{"@type":"SearchAction","target":{"@type":"EntryPoint","urlTemplate":"https:\/\/shopatoa.com\/ro\/?s={search_term_string}"},"query-input":{"@type":"PropertyValueSpecification","valueRequired":true,"valueName":"search_term_string"}}],"inLanguage":"ro-RO"},{"@type":"Organization","@id":"https:\/\/shopatoa.com\/ro\/#organization","name":"SHOPATOA","url":"https:\/\/shopatoa.com\/ro\/","logo":{"@type":"ImageObject","inLanguage":"ro-RO","@id":"https:\/\/shopatoa.com\/ro\/#\/schema\/logo\/image\/","url":"https:\/\/storage.googleapis.com\/cz-shopatoa-img\/ro\/b4dac915-shopatoa_logo.png","contentUrl":"https:\/\/storage.googleapis.com\/cz-shopatoa-img\/ro\/b4dac915-shopatoa_logo.png","width":416,"height":63,"caption":"SHOPATOA"},"image":{"@id":"https:\/\/shopatoa.com\/ro\/#\/schema\/logo\/image\/"}}]}},"_links":{"self":[{"href":"https:\/\/shopatoa.com\/ro\/wp-json\/wp\/v2\/product\/431321","targetHints":{"allow":["GET"]}}],"collection":[{"href":"https:\/\/shopatoa.com\/ro\/wp-json\/wp\/v2\/product"}],"about":[{"href":"https:\/\/shopatoa.com\/ro\/wp-json\/wp\/v2\/types\/product"}],"replies":[{"embeddable":true,"href":"https:\/\/shopatoa.com\/ro\/wp-json\/wp\/v2\/comments?post=431321"}],"wp:featuredmedia":[{"embeddable":true,"href":"https:\/\/shopatoa.com\/ro\/wp-json\/wp\/v2\/media\/431322"}],"wp:attachment":[{"href":"https:\/\/shopatoa.com\/ro\/wp-json\/wp\/v2\/media?parent=431321"}],"wp:term":[{"taxonomy":"product_brand","embeddable":true,"href":"https:\/\/shopatoa.com\/ro\/wp-json\/wp\/v2\/product_brand?post=431321"},{"taxonomy":"product_cat","embeddable":true,"href":"https:\/\/shopatoa.com\/ro\/wp-json\/wp\/v2\/product_cat?post=431321"},{"taxonomy":"product_tag","embeddable":true,"href":"https:\/\/shopatoa.com\/ro\/wp-json\/wp\/v2\/product_tag?post=431321"}],"curies":[{"name":"wp","href":"https:\/\/api.w.org\/{rel}","templated":true}]}}