{"id":431425,"date":"2025-06-23T19:10:50","date_gmt":"2025-06-23T17:10:50","guid":{"rendered":"https:\/\/shopatoa.com\/ro\/osmo-wonder-10-set-pentru-par\/"},"modified":"2025-10-31T19:13:59","modified_gmt":"2025-10-31T18:13:59","slug":"osmo-wonder-10-set-pentru-par","status":"publish","type":"product","link":"https:\/\/shopatoa.com\/ro\/osmo-wonder-10-set-pentru-par\/","title":{"rendered":"Osmo Wonder 10 set pentru p\u0103r"},"content":{"rendered":"<p>Osmo Wonder 10, 4&#215;1 buc, Piepteni pentru femei, Totul pentru un p\u0103r frumos \u00eentr-un singur pachet. Setul de cosmetice Osmo Wonder 10 con\u021bine nu unul, ci mai multe produse pentru a v\u0103 ajuta s\u0103 crea\u021bi sau s\u0103 \u00eembog\u0103\u021bi\u021bi rutina obi\u0219nuit\u0103 de \u00eengrijire a p\u0103rului. Pachetul plin de produse de \u00eengrijire a p\u0103rului v\u0103 va \u00eenc\u00e2nta cu siguran\u021b\u0103 sau, drept cadou, \u00eei va \u00eenc\u00e2nta pe cei dragi.  Setul con\u021bine:  Osmo Wonder 10 Conditioner balsam de p\u0103r 200 ml Osmo Wonder 10 Shampoo \u0219ampon de p\u0103r 200 ml  Osmo Wonder 10 balsam (nu necesita clatire) pentru p\u0103r 250 ml  pieptene de p\u0103r 1 buc  Caracteristici:  ofer\u0103 hidratarea necesar\u0103 \u00eempiedic\u0103 electrizarea  Ingrediente:  cheratin\u0103  Cum se utilizeaz\u0103: Folosi\u021bi fiecare produs din setul cosmetic conform instruc\u021biunilor proprii.<\/p>\n","protected":false},"excerpt":{"rendered":"<p>Osmo Wonder 10, 4&#215;1 buc, Piepteni pentru femei, Totul pentru un p\u0103r frumos \u00eentr-un singur pachet. Setul de cosmetice Osmo Wonder 10 con\u021bine nu unul, ci mai multe produse pentru a v\u0103 ajuta s\u0103 crea\u021bi sau s\u0103 \u00eembog\u0103\u021bi\u021bi rutina obi\u0219nuit\u0103 de \u00eengrijire a p\u0103rului. Pachetul plin de produse de \u00eengrijire a p\u0103rului v\u0103 va \u00eenc\u00e2nta&#8230;<\/p>\n","protected":false},"featured_media":431426,"comment_status":"closed","ping_status":"open","template":"","meta":{"_acf_changed":false,"_kadence_starter_templates_imported_post":false,"_kad_post_transparent":"","_kad_post_title":"","_kad_post_layout":"","_kad_post_sidebar_id":"","_kad_post_content_style":"","_kad_post_vertical_padding":"","_kad_post_feature":"","_kad_post_feature_position":"","_kad_post_header":false,"_kad_post_footer":false,"_kad_post_classname":""},"product_brand":[1746],"product_cat":[1563,1590,1591,1562],"product_tag":[],"class_list":{"0":"post-431425","1":"product","2":"type-product","3":"status-publish","4":"has-post-thumbnail","6":"product_brand-osmo","7":"product_cat-ingrijire-personala","8":"product_cat-ingrijirea-parului","9":"product_cat-sampon-balsam","10":"product_cat-sanatate-si-frumusete","11":"pa_gen-female","12":"pa_marime-4x1-buc","14":"first","15":"instock","16":"sale","17":"product-type-external","18":"entry","19":"content-bg","20":"loop-entry"},"acf":[],"yoast_head":"<!-- This site is optimized with the Yoast SEO plugin v27.3 - https:\/\/yoast.com\/product\/yoast-seo-wordpress\/ -->\n<title>Osmo Wonder 10 set pentru p\u0103r - SHOPATOA.COM<\/title>\n<meta name=\"robots\" content=\"index, follow, max-snippet:-1, max-image-preview:large, max-video-preview:-1\" \/>\n<link rel=\"canonical\" href=\"https:\/\/shopatoa.com\/ro\/osmo-wonder-10-set-pentru-par\/\" \/>\n<meta property=\"og:locale\" content=\"ro_RO\" \/>\n<meta property=\"og:type\" content=\"article\" \/>\n<meta property=\"og:title\" content=\"Osmo Wonder 10 set pentru p\u0103r - SHOPATOA.COM\" \/>\n<meta property=\"og:description\" content=\"Osmo Wonder 10, 4&#215;1 buc, Piepteni pentru femei, Totul pentru un p\u0103r frumos \u00eentr-un singur pachet. Setul de cosmetice Osmo Wonder 10 con\u021bine nu unul, ci mai multe produse pentru a v\u0103 ajuta s\u0103 crea\u021bi sau s\u0103 \u00eembog\u0103\u021bi\u021bi rutina obi\u0219nuit\u0103 de \u00eengrijire a p\u0103rului. Pachetul plin de produse de \u00eengrijire a p\u0103rului v\u0103 va \u00eenc\u00e2nta...\" \/>\n<meta property=\"og:url\" content=\"https:\/\/shopatoa.com\/ro\/osmo-wonder-10-set-pentru-par\/\" \/>\n<meta property=\"og:site_name\" content=\"SHOPATOA\" \/>\n<meta property=\"article:modified_time\" content=\"2025-10-31T18:13:59+00:00\" \/>\n<meta property=\"og:image\" content=\"https:\/\/storage.googleapis.com\/cz-shopatoa-img\/ro\/6121b65d-unnamed-file.webp\" \/>\n\t<meta property=\"og:image:width\" content=\"800\" \/>\n\t<meta property=\"og:image:height\" content=\"800\" \/>\n\t<meta property=\"og:image:type\" content=\"image\/webp\" \/>\n<meta name=\"twitter:card\" content=\"summary_large_image\" \/>\n<meta name=\"twitter:label1\" content=\"Timp estimat pentru citire\" \/>\n\t<meta name=\"twitter:data1\" content=\"1 minut\" \/>\n<script type=\"application\/ld+json\" class=\"yoast-schema-graph\">{\"@context\":\"https:\\\/\\\/schema.org\",\"@graph\":[{\"@type\":\"WebPage\",\"@id\":\"https:\\\/\\\/shopatoa.com\\\/ro\\\/osmo-wonder-10-set-pentru-par\\\/\",\"url\":\"https:\\\/\\\/shopatoa.com\\\/ro\\\/osmo-wonder-10-set-pentru-par\\\/\",\"name\":\"Osmo Wonder 10 set pentru p\u0103r - SHOPATOA.COM\",\"isPartOf\":{\"@id\":\"https:\\\/\\\/shopatoa.com\\\/ro\\\/#website\"},\"primaryImageOfPage\":{\"@id\":\"https:\\\/\\\/shopatoa.com\\\/ro\\\/osmo-wonder-10-set-pentru-par\\\/#primaryimage\"},\"image\":{\"@id\":\"https:\\\/\\\/shopatoa.com\\\/ro\\\/osmo-wonder-10-set-pentru-par\\\/#primaryimage\"},\"thumbnailUrl\":\"https:\\\/\\\/storage.googleapis.com\\\/cz-shopatoa-img\\\/ro\\\/6121b65d-unnamed-file.webp\",\"datePublished\":\"2025-06-23T17:10:50+00:00\",\"dateModified\":\"2025-10-31T18:13:59+00:00\",\"breadcrumb\":{\"@id\":\"https:\\\/\\\/shopatoa.com\\\/ro\\\/osmo-wonder-10-set-pentru-par\\\/#breadcrumb\"},\"inLanguage\":\"ro-RO\",\"potentialAction\":[{\"@type\":\"ReadAction\",\"target\":[\"https:\\\/\\\/shopatoa.com\\\/ro\\\/osmo-wonder-10-set-pentru-par\\\/\"]}]},{\"@type\":\"ImageObject\",\"inLanguage\":\"ro-RO\",\"@id\":\"https:\\\/\\\/shopatoa.com\\\/ro\\\/osmo-wonder-10-set-pentru-par\\\/#primaryimage\",\"url\":\"https:\\\/\\\/storage.googleapis.com\\\/cz-shopatoa-img\\\/ro\\\/6121b65d-unnamed-file.webp\",\"contentUrl\":\"https:\\\/\\\/storage.googleapis.com\\\/cz-shopatoa-img\\\/ro\\\/6121b65d-unnamed-file.webp\",\"width\":800,\"height\":800},{\"@type\":\"BreadcrumbList\",\"@id\":\"https:\\\/\\\/shopatoa.com\\\/ro\\\/osmo-wonder-10-set-pentru-par\\\/#breadcrumb\",\"itemListElement\":[{\"@type\":\"ListItem\",\"position\":1,\"name\":\"Dom\u016f\",\"item\":\"https:\\\/\\\/shopatoa.com\\\/ro\\\/\"},{\"@type\":\"ListItem\",\"position\":2,\"name\":\"Shop\",\"item\":\"https:\\\/\\\/shopatoa.com\\\/ro\\\/shop\\\/\"},{\"@type\":\"ListItem\",\"position\":3,\"name\":\"S\u0103n\u0103tate \u0219i frumuse\u021be\",\"item\":\"https:\\\/\\\/shopatoa.com\\\/ro\\\/sanatate-si-frumusete\\\/\"},{\"@type\":\"ListItem\",\"position\":4,\"name\":\"\u00cengrijire personal\u0103\",\"item\":\"https:\\\/\\\/shopatoa.com\\\/ro\\\/ingrijire-personala\\\/\"},{\"@type\":\"ListItem\",\"position\":5,\"name\":\"\u00cengrijirea p\u0103rului\",\"item\":\"https:\\\/\\\/shopatoa.com\\\/ro\\\/ingrijirea-parului\\\/\"},{\"@type\":\"ListItem\",\"position\":6,\"name\":\"\u0218ampon &amp; Balsam\",\"item\":\"https:\\\/\\\/shopatoa.com\\\/ro\\\/sampon-balsam\\\/\"},{\"@type\":\"ListItem\",\"position\":7,\"name\":\"Osmo Wonder 10 set pentru p\u0103r\"}]},{\"@type\":\"WebSite\",\"@id\":\"https:\\\/\\\/shopatoa.com\\\/ro\\\/#website\",\"url\":\"https:\\\/\\\/shopatoa.com\\\/ro\\\/\",\"name\":\"SHOPATOA\",\"description\":\"\",\"publisher\":{\"@id\":\"https:\\\/\\\/shopatoa.com\\\/ro\\\/#organization\"},\"potentialAction\":[{\"@type\":\"SearchAction\",\"target\":{\"@type\":\"EntryPoint\",\"urlTemplate\":\"https:\\\/\\\/shopatoa.com\\\/ro\\\/?s={search_term_string}\"},\"query-input\":{\"@type\":\"PropertyValueSpecification\",\"valueRequired\":true,\"valueName\":\"search_term_string\"}}],\"inLanguage\":\"ro-RO\"},{\"@type\":\"Organization\",\"@id\":\"https:\\\/\\\/shopatoa.com\\\/ro\\\/#organization\",\"name\":\"SHOPATOA\",\"url\":\"https:\\\/\\\/shopatoa.com\\\/ro\\\/\",\"logo\":{\"@type\":\"ImageObject\",\"inLanguage\":\"ro-RO\",\"@id\":\"https:\\\/\\\/shopatoa.com\\\/ro\\\/#\\\/schema\\\/logo\\\/image\\\/\",\"url\":\"https:\\\/\\\/storage.googleapis.com\\\/cz-shopatoa-img\\\/ro\\\/b4dac915-shopatoa_logo.png\",\"contentUrl\":\"https:\\\/\\\/storage.googleapis.com\\\/cz-shopatoa-img\\\/ro\\\/b4dac915-shopatoa_logo.png\",\"width\":416,\"height\":63,\"caption\":\"SHOPATOA\"},\"image\":{\"@id\":\"https:\\\/\\\/shopatoa.com\\\/ro\\\/#\\\/schema\\\/logo\\\/image\\\/\"}}]}<\/script>\n<!-- \/ Yoast SEO plugin. -->","yoast_head_json":{"title":"Osmo Wonder 10 set pentru p\u0103r - SHOPATOA.COM","robots":{"index":"index","follow":"follow","max-snippet":"max-snippet:-1","max-image-preview":"max-image-preview:large","max-video-preview":"max-video-preview:-1"},"canonical":"https:\/\/shopatoa.com\/ro\/osmo-wonder-10-set-pentru-par\/","og_locale":"ro_RO","og_type":"article","og_title":"Osmo Wonder 10 set pentru p\u0103r - SHOPATOA.COM","og_description":"Osmo Wonder 10, 4&#215;1 buc, Piepteni pentru femei, Totul pentru un p\u0103r frumos \u00eentr-un singur pachet. Setul de cosmetice Osmo Wonder 10 con\u021bine nu unul, ci mai multe produse pentru a v\u0103 ajuta s\u0103 crea\u021bi sau s\u0103 \u00eembog\u0103\u021bi\u021bi rutina obi\u0219nuit\u0103 de \u00eengrijire a p\u0103rului. Pachetul plin de produse de \u00eengrijire a p\u0103rului v\u0103 va \u00eenc\u00e2nta...","og_url":"https:\/\/shopatoa.com\/ro\/osmo-wonder-10-set-pentru-par\/","og_site_name":"SHOPATOA","article_modified_time":"2025-10-31T18:13:59+00:00","og_image":[{"width":800,"height":800,"url":"https:\/\/storage.googleapis.com\/cz-shopatoa-img\/ro\/6121b65d-unnamed-file.webp","type":"image\/webp"}],"twitter_card":"summary_large_image","twitter_misc":{"Timp estimat pentru citire":"1 minut"},"schema":{"@context":"https:\/\/schema.org","@graph":[{"@type":"WebPage","@id":"https:\/\/shopatoa.com\/ro\/osmo-wonder-10-set-pentru-par\/","url":"https:\/\/shopatoa.com\/ro\/osmo-wonder-10-set-pentru-par\/","name":"Osmo Wonder 10 set pentru p\u0103r - SHOPATOA.COM","isPartOf":{"@id":"https:\/\/shopatoa.com\/ro\/#website"},"primaryImageOfPage":{"@id":"https:\/\/shopatoa.com\/ro\/osmo-wonder-10-set-pentru-par\/#primaryimage"},"image":{"@id":"https:\/\/shopatoa.com\/ro\/osmo-wonder-10-set-pentru-par\/#primaryimage"},"thumbnailUrl":"https:\/\/storage.googleapis.com\/cz-shopatoa-img\/ro\/6121b65d-unnamed-file.webp","datePublished":"2025-06-23T17:10:50+00:00","dateModified":"2025-10-31T18:13:59+00:00","breadcrumb":{"@id":"https:\/\/shopatoa.com\/ro\/osmo-wonder-10-set-pentru-par\/#breadcrumb"},"inLanguage":"ro-RO","potentialAction":[{"@type":"ReadAction","target":["https:\/\/shopatoa.com\/ro\/osmo-wonder-10-set-pentru-par\/"]}]},{"@type":"ImageObject","inLanguage":"ro-RO","@id":"https:\/\/shopatoa.com\/ro\/osmo-wonder-10-set-pentru-par\/#primaryimage","url":"https:\/\/storage.googleapis.com\/cz-shopatoa-img\/ro\/6121b65d-unnamed-file.webp","contentUrl":"https:\/\/storage.googleapis.com\/cz-shopatoa-img\/ro\/6121b65d-unnamed-file.webp","width":800,"height":800},{"@type":"BreadcrumbList","@id":"https:\/\/shopatoa.com\/ro\/osmo-wonder-10-set-pentru-par\/#breadcrumb","itemListElement":[{"@type":"ListItem","position":1,"name":"Dom\u016f","item":"https:\/\/shopatoa.com\/ro\/"},{"@type":"ListItem","position":2,"name":"Shop","item":"https:\/\/shopatoa.com\/ro\/shop\/"},{"@type":"ListItem","position":3,"name":"S\u0103n\u0103tate \u0219i frumuse\u021be","item":"https:\/\/shopatoa.com\/ro\/sanatate-si-frumusete\/"},{"@type":"ListItem","position":4,"name":"\u00cengrijire personal\u0103","item":"https:\/\/shopatoa.com\/ro\/ingrijire-personala\/"},{"@type":"ListItem","position":5,"name":"\u00cengrijirea p\u0103rului","item":"https:\/\/shopatoa.com\/ro\/ingrijirea-parului\/"},{"@type":"ListItem","position":6,"name":"\u0218ampon &amp; Balsam","item":"https:\/\/shopatoa.com\/ro\/sampon-balsam\/"},{"@type":"ListItem","position":7,"name":"Osmo Wonder 10 set pentru p\u0103r"}]},{"@type":"WebSite","@id":"https:\/\/shopatoa.com\/ro\/#website","url":"https:\/\/shopatoa.com\/ro\/","name":"SHOPATOA","description":"","publisher":{"@id":"https:\/\/shopatoa.com\/ro\/#organization"},"potentialAction":[{"@type":"SearchAction","target":{"@type":"EntryPoint","urlTemplate":"https:\/\/shopatoa.com\/ro\/?s={search_term_string}"},"query-input":{"@type":"PropertyValueSpecification","valueRequired":true,"valueName":"search_term_string"}}],"inLanguage":"ro-RO"},{"@type":"Organization","@id":"https:\/\/shopatoa.com\/ro\/#organization","name":"SHOPATOA","url":"https:\/\/shopatoa.com\/ro\/","logo":{"@type":"ImageObject","inLanguage":"ro-RO","@id":"https:\/\/shopatoa.com\/ro\/#\/schema\/logo\/image\/","url":"https:\/\/storage.googleapis.com\/cz-shopatoa-img\/ro\/b4dac915-shopatoa_logo.png","contentUrl":"https:\/\/storage.googleapis.com\/cz-shopatoa-img\/ro\/b4dac915-shopatoa_logo.png","width":416,"height":63,"caption":"SHOPATOA"},"image":{"@id":"https:\/\/shopatoa.com\/ro\/#\/schema\/logo\/image\/"}}]}},"_links":{"self":[{"href":"https:\/\/shopatoa.com\/ro\/wp-json\/wp\/v2\/product\/431425","targetHints":{"allow":["GET"]}}],"collection":[{"href":"https:\/\/shopatoa.com\/ro\/wp-json\/wp\/v2\/product"}],"about":[{"href":"https:\/\/shopatoa.com\/ro\/wp-json\/wp\/v2\/types\/product"}],"replies":[{"embeddable":true,"href":"https:\/\/shopatoa.com\/ro\/wp-json\/wp\/v2\/comments?post=431425"}],"wp:featuredmedia":[{"embeddable":true,"href":"https:\/\/shopatoa.com\/ro\/wp-json\/wp\/v2\/media\/431426"}],"wp:attachment":[{"href":"https:\/\/shopatoa.com\/ro\/wp-json\/wp\/v2\/media?parent=431425"}],"wp:term":[{"taxonomy":"product_brand","embeddable":true,"href":"https:\/\/shopatoa.com\/ro\/wp-json\/wp\/v2\/product_brand?post=431425"},{"taxonomy":"product_cat","embeddable":true,"href":"https:\/\/shopatoa.com\/ro\/wp-json\/wp\/v2\/product_cat?post=431425"},{"taxonomy":"product_tag","embeddable":true,"href":"https:\/\/shopatoa.com\/ro\/wp-json\/wp\/v2\/product_tag?post=431425"}],"curies":[{"name":"wp","href":"https:\/\/api.w.org\/{rel}","templated":true}]}}