{"id":431536,"date":"2025-06-23T19:30:36","date_gmt":"2025-06-23T17:30:36","guid":{"rendered":"https:\/\/shopatoa.com\/ro\/atopalm-mle-ultra-crema-nutritiva-pentru-regenerarea-si-reinnoirea-pielii-35-ml\/"},"modified":"2025-12-11T15:35:13","modified_gmt":"2025-12-11T14:35:13","slug":"atopalm-mle-ultra-crema-nutritiva-pentru-regenerarea-si-reinnoirea-pielii-35-ml","status":"publish","type":"product","link":"https:\/\/shopatoa.com\/ro\/atopalm-mle-ultra-crema-nutritiva-pentru-regenerarea-si-reinnoirea-pielii-35-ml\/","title":{"rendered":"ATOPALM MLE Ultra &#8211; crema nutritiva pentru regenerarea \u0219i re\u00eennoirea pielii 35 ml"},"content":{"rendered":"<p>ATOPALM MLE, 35 ml, Creme pentru ten pentru femei, Nu dori\u021bi s\u0103 subestima\u021bi \u00eengrijirea tenului? Folosi\u021bi zilnic o crem\u0103 de fa\u021b\u0103 \u2013 este elementul de baz\u0103 al \u00eengrijirii tenului, care nu ar trebui s\u0103 lipseasc\u0103 din nicio rutin\u0103 cosmetic\u0103, indiferent de tipul de ten \u0219i nevoile acestuia. Crema de fa\u021b\u0103 ATOPALM MLE sus\u021bine func\u021biile naturale cutanate, contribuie la men\u021binerea echilibrului \u0219i a hidrat\u0103rii tenului \u0219i favorizeaz\u0103 un aspect mai s\u0103n\u0103tos.  Caracteristici:  regenereaz\u0103 \u0219i revitalizeaz\u0103 hr\u0103ne\u0219te \u00een profunzime regenereaz\u0103 bariera pielii calmeaz\u0103 irita\u021biile \u0219i \u00eenro\u0219irea  Cum se utilizeaz\u0103: Se aplic\u0103 pe pielea curat\u0103, cu mi\u0219c\u0103ri circulare \u0219i se maseaz\u0103 u\u0219or.<\/p>\n","protected":false},"excerpt":{"rendered":"<p>ATOPALM MLE, 35 ml, Creme pentru ten pentru femei, Nu dori\u021bi s\u0103 subestima\u021bi \u00eengrijirea tenului? Folosi\u021bi zilnic o crem\u0103 de fa\u021b\u0103 \u2013 este elementul de baz\u0103 al \u00eengrijirii tenului, care nu ar trebui s\u0103 lipseasc\u0103 din nicio rutin\u0103 cosmetic\u0103, indiferent de tipul de ten \u0219i nevoile acestuia. Crema de fa\u021b\u0103 ATOPALM MLE sus\u021bine func\u021biile naturale&#8230;<\/p>\n","protected":false},"featured_media":431537,"comment_status":"closed","ping_status":"open","template":"","meta":{"_acf_changed":false,"_kadence_starter_templates_imported_post":false,"_kad_post_transparent":"","_kad_post_title":"","_kad_post_layout":"","_kad_post_sidebar_id":"","_kad_post_content_style":"","_kad_post_vertical_padding":"","_kad_post_feature":"","_kad_post_feature_position":"","_kad_post_header":false,"_kad_post_footer":false,"_kad_post_classname":""},"product_brand":[3300],"product_cat":[1564,1563,1565,1562],"product_tag":[],"class_list":{"0":"post-431536","1":"product","2":"type-product","3":"status-publish","4":"has-post-thumbnail","6":"product_brand-atopalm","7":"product_cat-cosmetice-ingrijire-personala","8":"product_cat-ingrijire-personala","9":"product_cat-ingrijirea-pielii","10":"product_cat-sanatate-si-frumusete","11":"pa_gen-female","12":"pa_marime-35-ml","14":"first","15":"instock","16":"sale","17":"product-type-external","18":"entry","19":"content-bg","20":"loop-entry"},"acf":[],"yoast_head":"<!-- This site is optimized with the Yoast SEO plugin v27.4 - https:\/\/yoast.com\/product\/yoast-seo-wordpress\/ -->\n<title>ATOPALM MLE Ultra - crema nutritiva pentru regenerarea \u0219i re\u00eennoirea pielii 35 ml - SHOPATOA.COM<\/title>\n<meta name=\"robots\" content=\"index, follow, max-snippet:-1, max-image-preview:large, max-video-preview:-1\" \/>\n<link rel=\"canonical\" href=\"https:\/\/shopatoa.com\/ro\/atopalm-mle-ultra-crema-nutritiva-pentru-regenerarea-si-reinnoirea-pielii-35-ml\/\" \/>\n<meta property=\"og:locale\" content=\"ro_RO\" \/>\n<meta property=\"og:type\" content=\"article\" \/>\n<meta property=\"og:title\" content=\"ATOPALM MLE Ultra - crema nutritiva pentru regenerarea \u0219i re\u00eennoirea pielii 35 ml - SHOPATOA.COM\" \/>\n<meta property=\"og:description\" content=\"ATOPALM MLE, 35 ml, Creme pentru ten pentru femei, Nu dori\u021bi s\u0103 subestima\u021bi \u00eengrijirea tenului? Folosi\u021bi zilnic o crem\u0103 de fa\u021b\u0103 \u2013 este elementul de baz\u0103 al \u00eengrijirii tenului, care nu ar trebui s\u0103 lipseasc\u0103 din nicio rutin\u0103 cosmetic\u0103, indiferent de tipul de ten \u0219i nevoile acestuia. Crema de fa\u021b\u0103 ATOPALM MLE sus\u021bine func\u021biile naturale...\" \/>\n<meta property=\"og:url\" content=\"https:\/\/shopatoa.com\/ro\/atopalm-mle-ultra-crema-nutritiva-pentru-regenerarea-si-reinnoirea-pielii-35-ml\/\" \/>\n<meta property=\"og:site_name\" content=\"SHOPATOA\" \/>\n<meta property=\"article:modified_time\" content=\"2025-12-11T14:35:13+00:00\" \/>\n<meta property=\"og:image\" content=\"https:\/\/storage.googleapis.com\/cz-shopatoa-img\/ro\/740d7556-unnamed-file.webp\" \/>\n\t<meta property=\"og:image:width\" content=\"800\" \/>\n\t<meta property=\"og:image:height\" content=\"800\" \/>\n\t<meta property=\"og:image:type\" content=\"image\/webp\" \/>\n<meta name=\"twitter:card\" content=\"summary_large_image\" \/>\n<meta name=\"twitter:label1\" content=\"Timp estimat pentru citire\" \/>\n\t<meta name=\"twitter:data1\" content=\"1 minut\" \/>\n<script type=\"application\/ld+json\" class=\"yoast-schema-graph\">{\"@context\":\"https:\\\/\\\/schema.org\",\"@graph\":[{\"@type\":\"WebPage\",\"@id\":\"https:\\\/\\\/shopatoa.com\\\/ro\\\/atopalm-mle-ultra-crema-nutritiva-pentru-regenerarea-si-reinnoirea-pielii-35-ml\\\/\",\"url\":\"https:\\\/\\\/shopatoa.com\\\/ro\\\/atopalm-mle-ultra-crema-nutritiva-pentru-regenerarea-si-reinnoirea-pielii-35-ml\\\/\",\"name\":\"ATOPALM MLE Ultra - crema nutritiva pentru regenerarea \u0219i re\u00eennoirea pielii 35 ml - SHOPATOA.COM\",\"isPartOf\":{\"@id\":\"https:\\\/\\\/shopatoa.com\\\/ro\\\/#website\"},\"primaryImageOfPage\":{\"@id\":\"https:\\\/\\\/shopatoa.com\\\/ro\\\/atopalm-mle-ultra-crema-nutritiva-pentru-regenerarea-si-reinnoirea-pielii-35-ml\\\/#primaryimage\"},\"image\":{\"@id\":\"https:\\\/\\\/shopatoa.com\\\/ro\\\/atopalm-mle-ultra-crema-nutritiva-pentru-regenerarea-si-reinnoirea-pielii-35-ml\\\/#primaryimage\"},\"thumbnailUrl\":\"https:\\\/\\\/storage.googleapis.com\\\/cz-shopatoa-img\\\/ro\\\/740d7556-unnamed-file.webp\",\"datePublished\":\"2025-06-23T17:30:36+00:00\",\"dateModified\":\"2025-12-11T14:35:13+00:00\",\"breadcrumb\":{\"@id\":\"https:\\\/\\\/shopatoa.com\\\/ro\\\/atopalm-mle-ultra-crema-nutritiva-pentru-regenerarea-si-reinnoirea-pielii-35-ml\\\/#breadcrumb\"},\"inLanguage\":\"ro-RO\",\"potentialAction\":[{\"@type\":\"ReadAction\",\"target\":[\"https:\\\/\\\/shopatoa.com\\\/ro\\\/atopalm-mle-ultra-crema-nutritiva-pentru-regenerarea-si-reinnoirea-pielii-35-ml\\\/\"]}]},{\"@type\":\"ImageObject\",\"inLanguage\":\"ro-RO\",\"@id\":\"https:\\\/\\\/shopatoa.com\\\/ro\\\/atopalm-mle-ultra-crema-nutritiva-pentru-regenerarea-si-reinnoirea-pielii-35-ml\\\/#primaryimage\",\"url\":\"https:\\\/\\\/storage.googleapis.com\\\/cz-shopatoa-img\\\/ro\\\/740d7556-unnamed-file.webp\",\"contentUrl\":\"https:\\\/\\\/storage.googleapis.com\\\/cz-shopatoa-img\\\/ro\\\/740d7556-unnamed-file.webp\",\"width\":800,\"height\":800},{\"@type\":\"BreadcrumbList\",\"@id\":\"https:\\\/\\\/shopatoa.com\\\/ro\\\/atopalm-mle-ultra-crema-nutritiva-pentru-regenerarea-si-reinnoirea-pielii-35-ml\\\/#breadcrumb\",\"itemListElement\":[{\"@type\":\"ListItem\",\"position\":1,\"name\":\"Dom\u016f\",\"item\":\"https:\\\/\\\/shopatoa.com\\\/ro\\\/\"},{\"@type\":\"ListItem\",\"position\":2,\"name\":\"Shop\",\"item\":\"https:\\\/\\\/shopatoa.com\\\/ro\\\/shop\\\/\"},{\"@type\":\"ListItem\",\"position\":3,\"name\":\"S\u0103n\u0103tate \u0219i frumuse\u021be\",\"item\":\"https:\\\/\\\/shopatoa.com\\\/ro\\\/sanatate-si-frumusete\\\/\"},{\"@type\":\"ListItem\",\"position\":4,\"name\":\"\u00cengrijire personal\u0103\",\"item\":\"https:\\\/\\\/shopatoa.com\\\/ro\\\/ingrijire-personala\\\/\"},{\"@type\":\"ListItem\",\"position\":5,\"name\":\"Cosmetice\",\"item\":\"https:\\\/\\\/shopatoa.com\\\/ro\\\/cosmetice-ingrijire-personala\\\/\"},{\"@type\":\"ListItem\",\"position\":6,\"name\":\"\u00cengrijirea pielii\",\"item\":\"https:\\\/\\\/shopatoa.com\\\/ro\\\/ingrijirea-pielii\\\/\"},{\"@type\":\"ListItem\",\"position\":7,\"name\":\"ATOPALM MLE Ultra &#8211; crema nutritiva pentru regenerarea \u0219i re\u00eennoirea pielii 35 ml\"}]},{\"@type\":\"WebSite\",\"@id\":\"https:\\\/\\\/shopatoa.com\\\/ro\\\/#website\",\"url\":\"https:\\\/\\\/shopatoa.com\\\/ro\\\/\",\"name\":\"SHOPATOA\",\"description\":\"\",\"publisher\":{\"@id\":\"https:\\\/\\\/shopatoa.com\\\/ro\\\/#organization\"},\"potentialAction\":[{\"@type\":\"SearchAction\",\"target\":{\"@type\":\"EntryPoint\",\"urlTemplate\":\"https:\\\/\\\/shopatoa.com\\\/ro\\\/?s={search_term_string}\"},\"query-input\":{\"@type\":\"PropertyValueSpecification\",\"valueRequired\":true,\"valueName\":\"search_term_string\"}}],\"inLanguage\":\"ro-RO\"},{\"@type\":\"Organization\",\"@id\":\"https:\\\/\\\/shopatoa.com\\\/ro\\\/#organization\",\"name\":\"SHOPATOA\",\"url\":\"https:\\\/\\\/shopatoa.com\\\/ro\\\/\",\"logo\":{\"@type\":\"ImageObject\",\"inLanguage\":\"ro-RO\",\"@id\":\"https:\\\/\\\/shopatoa.com\\\/ro\\\/#\\\/schema\\\/logo\\\/image\\\/\",\"url\":\"https:\\\/\\\/storage.googleapis.com\\\/cz-shopatoa-img\\\/ro\\\/b4dac915-shopatoa_logo.png\",\"contentUrl\":\"https:\\\/\\\/storage.googleapis.com\\\/cz-shopatoa-img\\\/ro\\\/b4dac915-shopatoa_logo.png\",\"width\":416,\"height\":63,\"caption\":\"SHOPATOA\"},\"image\":{\"@id\":\"https:\\\/\\\/shopatoa.com\\\/ro\\\/#\\\/schema\\\/logo\\\/image\\\/\"}}]}<\/script>\n<!-- \/ Yoast SEO plugin. -->","yoast_head_json":{"title":"ATOPALM MLE Ultra - crema nutritiva pentru regenerarea \u0219i re\u00eennoirea pielii 35 ml - SHOPATOA.COM","robots":{"index":"index","follow":"follow","max-snippet":"max-snippet:-1","max-image-preview":"max-image-preview:large","max-video-preview":"max-video-preview:-1"},"canonical":"https:\/\/shopatoa.com\/ro\/atopalm-mle-ultra-crema-nutritiva-pentru-regenerarea-si-reinnoirea-pielii-35-ml\/","og_locale":"ro_RO","og_type":"article","og_title":"ATOPALM MLE Ultra - crema nutritiva pentru regenerarea \u0219i re\u00eennoirea pielii 35 ml - SHOPATOA.COM","og_description":"ATOPALM MLE, 35 ml, Creme pentru ten pentru femei, Nu dori\u021bi s\u0103 subestima\u021bi \u00eengrijirea tenului? Folosi\u021bi zilnic o crem\u0103 de fa\u021b\u0103 \u2013 este elementul de baz\u0103 al \u00eengrijirii tenului, care nu ar trebui s\u0103 lipseasc\u0103 din nicio rutin\u0103 cosmetic\u0103, indiferent de tipul de ten \u0219i nevoile acestuia. Crema de fa\u021b\u0103 ATOPALM MLE sus\u021bine func\u021biile naturale...","og_url":"https:\/\/shopatoa.com\/ro\/atopalm-mle-ultra-crema-nutritiva-pentru-regenerarea-si-reinnoirea-pielii-35-ml\/","og_site_name":"SHOPATOA","article_modified_time":"2025-12-11T14:35:13+00:00","og_image":[{"width":800,"height":800,"url":"https:\/\/storage.googleapis.com\/cz-shopatoa-img\/ro\/740d7556-unnamed-file.webp","type":"image\/webp"}],"twitter_card":"summary_large_image","twitter_misc":{"Timp estimat pentru citire":"1 minut"},"schema":{"@context":"https:\/\/schema.org","@graph":[{"@type":"WebPage","@id":"https:\/\/shopatoa.com\/ro\/atopalm-mle-ultra-crema-nutritiva-pentru-regenerarea-si-reinnoirea-pielii-35-ml\/","url":"https:\/\/shopatoa.com\/ro\/atopalm-mle-ultra-crema-nutritiva-pentru-regenerarea-si-reinnoirea-pielii-35-ml\/","name":"ATOPALM MLE Ultra - crema nutritiva pentru regenerarea \u0219i re\u00eennoirea pielii 35 ml - SHOPATOA.COM","isPartOf":{"@id":"https:\/\/shopatoa.com\/ro\/#website"},"primaryImageOfPage":{"@id":"https:\/\/shopatoa.com\/ro\/atopalm-mle-ultra-crema-nutritiva-pentru-regenerarea-si-reinnoirea-pielii-35-ml\/#primaryimage"},"image":{"@id":"https:\/\/shopatoa.com\/ro\/atopalm-mle-ultra-crema-nutritiva-pentru-regenerarea-si-reinnoirea-pielii-35-ml\/#primaryimage"},"thumbnailUrl":"https:\/\/storage.googleapis.com\/cz-shopatoa-img\/ro\/740d7556-unnamed-file.webp","datePublished":"2025-06-23T17:30:36+00:00","dateModified":"2025-12-11T14:35:13+00:00","breadcrumb":{"@id":"https:\/\/shopatoa.com\/ro\/atopalm-mle-ultra-crema-nutritiva-pentru-regenerarea-si-reinnoirea-pielii-35-ml\/#breadcrumb"},"inLanguage":"ro-RO","potentialAction":[{"@type":"ReadAction","target":["https:\/\/shopatoa.com\/ro\/atopalm-mle-ultra-crema-nutritiva-pentru-regenerarea-si-reinnoirea-pielii-35-ml\/"]}]},{"@type":"ImageObject","inLanguage":"ro-RO","@id":"https:\/\/shopatoa.com\/ro\/atopalm-mle-ultra-crema-nutritiva-pentru-regenerarea-si-reinnoirea-pielii-35-ml\/#primaryimage","url":"https:\/\/storage.googleapis.com\/cz-shopatoa-img\/ro\/740d7556-unnamed-file.webp","contentUrl":"https:\/\/storage.googleapis.com\/cz-shopatoa-img\/ro\/740d7556-unnamed-file.webp","width":800,"height":800},{"@type":"BreadcrumbList","@id":"https:\/\/shopatoa.com\/ro\/atopalm-mle-ultra-crema-nutritiva-pentru-regenerarea-si-reinnoirea-pielii-35-ml\/#breadcrumb","itemListElement":[{"@type":"ListItem","position":1,"name":"Dom\u016f","item":"https:\/\/shopatoa.com\/ro\/"},{"@type":"ListItem","position":2,"name":"Shop","item":"https:\/\/shopatoa.com\/ro\/shop\/"},{"@type":"ListItem","position":3,"name":"S\u0103n\u0103tate \u0219i frumuse\u021be","item":"https:\/\/shopatoa.com\/ro\/sanatate-si-frumusete\/"},{"@type":"ListItem","position":4,"name":"\u00cengrijire personal\u0103","item":"https:\/\/shopatoa.com\/ro\/ingrijire-personala\/"},{"@type":"ListItem","position":5,"name":"Cosmetice","item":"https:\/\/shopatoa.com\/ro\/cosmetice-ingrijire-personala\/"},{"@type":"ListItem","position":6,"name":"\u00cengrijirea pielii","item":"https:\/\/shopatoa.com\/ro\/ingrijirea-pielii\/"},{"@type":"ListItem","position":7,"name":"ATOPALM MLE Ultra &#8211; crema nutritiva pentru regenerarea \u0219i re\u00eennoirea pielii 35 ml"}]},{"@type":"WebSite","@id":"https:\/\/shopatoa.com\/ro\/#website","url":"https:\/\/shopatoa.com\/ro\/","name":"SHOPATOA","description":"","publisher":{"@id":"https:\/\/shopatoa.com\/ro\/#organization"},"potentialAction":[{"@type":"SearchAction","target":{"@type":"EntryPoint","urlTemplate":"https:\/\/shopatoa.com\/ro\/?s={search_term_string}"},"query-input":{"@type":"PropertyValueSpecification","valueRequired":true,"valueName":"search_term_string"}}],"inLanguage":"ro-RO"},{"@type":"Organization","@id":"https:\/\/shopatoa.com\/ro\/#organization","name":"SHOPATOA","url":"https:\/\/shopatoa.com\/ro\/","logo":{"@type":"ImageObject","inLanguage":"ro-RO","@id":"https:\/\/shopatoa.com\/ro\/#\/schema\/logo\/image\/","url":"https:\/\/storage.googleapis.com\/cz-shopatoa-img\/ro\/b4dac915-shopatoa_logo.png","contentUrl":"https:\/\/storage.googleapis.com\/cz-shopatoa-img\/ro\/b4dac915-shopatoa_logo.png","width":416,"height":63,"caption":"SHOPATOA"},"image":{"@id":"https:\/\/shopatoa.com\/ro\/#\/schema\/logo\/image\/"}}]}},"_links":{"self":[{"href":"https:\/\/shopatoa.com\/ro\/wp-json\/wp\/v2\/product\/431536","targetHints":{"allow":["GET"]}}],"collection":[{"href":"https:\/\/shopatoa.com\/ro\/wp-json\/wp\/v2\/product"}],"about":[{"href":"https:\/\/shopatoa.com\/ro\/wp-json\/wp\/v2\/types\/product"}],"replies":[{"embeddable":true,"href":"https:\/\/shopatoa.com\/ro\/wp-json\/wp\/v2\/comments?post=431536"}],"wp:featuredmedia":[{"embeddable":true,"href":"https:\/\/shopatoa.com\/ro\/wp-json\/wp\/v2\/media\/431537"}],"wp:attachment":[{"href":"https:\/\/shopatoa.com\/ro\/wp-json\/wp\/v2\/media?parent=431536"}],"wp:term":[{"taxonomy":"product_brand","embeddable":true,"href":"https:\/\/shopatoa.com\/ro\/wp-json\/wp\/v2\/product_brand?post=431536"},{"taxonomy":"product_cat","embeddable":true,"href":"https:\/\/shopatoa.com\/ro\/wp-json\/wp\/v2\/product_cat?post=431536"},{"taxonomy":"product_tag","embeddable":true,"href":"https:\/\/shopatoa.com\/ro\/wp-json\/wp\/v2\/product_tag?post=431536"}],"curies":[{"name":"wp","href":"https:\/\/api.w.org\/{rel}","templated":true}]}}