{"id":431780,"date":"2025-06-23T19:51:46","date_gmt":"2025-06-23T17:51:46","guid":{"rendered":"https:\/\/shopatoa.com\/ro\/parlux-alyon-ceramic-ionic-difuzor-pentru-uscator-de-par-1-buc\/"},"modified":"2025-12-11T14:35:00","modified_gmt":"2025-12-11T13:35:00","slug":"parlux-alyon-ceramic-ionic-difuzor-pentru-uscator-de-par-1-buc","status":"publish","type":"product","link":"https:\/\/shopatoa.com\/ro\/parlux-alyon-ceramic-ionic-difuzor-pentru-uscator-de-par-1-buc\/","title":{"rendered":"Parlux Alyon Ceramic &amp; Ionic difuzor pentru uscator de par 1 buc"},"content":{"rendered":"<p>Parlux Alyon Ceramic &amp; Ionic, 1 buc, Difuzoare pentru par pentru femei, Dori\u021bi s\u0103 v\u0103 men\u021bine\u021bi sau chiar s\u0103 v\u0103 accentua\u021bi valurile sau buclele \u00een timp ce v\u0103 usca\u021bi p\u0103rul cu usc\u0103torul? Trebuie doar s\u0103 ata\u0219a\u021bi difuzorul Parlux Alyon Ceramic &amp; Ionic la usc\u0103torul de p\u0103r ca orice alt\u0103 extensie \u0219i s\u0103 usca\u021bi p\u0103rul ondulat sau cre\u021b cu o mi\u0219care circular\u0103. Acest difuzor v\u0103 ajut\u0103 s\u0103 men\u021bine\u021bi forma buclelor sau s\u0103 le ondula\u021bi mai mult, distribuie c\u0103ldura uniform pe tot capul, astfel \u00eenc\u00e2t s\u0103 nu deterioreze buclele, faciliteaz\u0103 crearea unei coafuri voluminoase de la r\u0103d\u0103cin\u0103. Datorit\u0103 construc\u021biei sale speciale, poate crea bucle bogate chiar \u0219i din p\u0103rul u\u0219or ondulat. Accentua\u021bi-v\u0103 p\u0103rul ondulat sau cre\u021b \u0219i oferi\u021bi-i un volum bogat!  Caracteristici:  confer\u0103 volum p\u0103rului asigur\u0103 uscarea uniform\u0103 a p\u0103rului previne deshidratarea \u0219i electrizarea  Cum se utilizeaz\u0103: Capul se fixeaz\u0103 pe g\u00e2tul usc\u0103torului compatibil. \u00cen timpul usc\u0103rii, se prind \u0219uvi\u021be individuale \u00eentre \u021bepii rotunji\u021bi ai difuzorului \u0219i se ridic\u0103 u\u0219or.<\/p>\n","protected":false},"excerpt":{"rendered":"<p>Parlux Alyon Ceramic &amp; Ionic, 1 buc, Difuzoare pentru par pentru femei, Dori\u021bi s\u0103 v\u0103 men\u021bine\u021bi sau chiar s\u0103 v\u0103 accentua\u021bi valurile sau buclele \u00een timp ce v\u0103 usca\u021bi p\u0103rul cu usc\u0103torul? Trebuie doar s\u0103 ata\u0219a\u021bi difuzorul Parlux Alyon Ceramic &amp; Ionic la usc\u0103torul de p\u0103r ca orice alt\u0103 extensie \u0219i s\u0103 usca\u021bi p\u0103rul ondulat&#8230;<\/p>\n","protected":false},"featured_media":431781,"comment_status":"closed","ping_status":"open","template":"","meta":{"_acf_changed":false,"_kadence_starter_templates_imported_post":false,"_kad_post_transparent":"","_kad_post_title":"","_kad_post_layout":"","_kad_post_sidebar_id":"","_kad_post_content_style":"","_kad_post_vertical_padding":"","_kad_post_feature":"","_kad_post_feature_position":"","_kad_post_header":false,"_kad_post_footer":false,"_kad_post_classname":""},"product_brand":[1781],"product_cat":[1563,1590,1562,1657,1658],"product_tag":[],"class_list":{"0":"post-431780","1":"product","2":"type-product","3":"status-publish","4":"has-post-thumbnail","6":"product_brand-parlux","7":"product_cat-ingrijire-personala","8":"product_cat-ingrijirea-parului","9":"product_cat-sanatate-si-frumusete","10":"product_cat-unelte-de-coafat","11":"product_cat-uscatoare-de-par","12":"pa_gen-female","13":"pa_marime-1-buc","15":"first","16":"instock","17":"product-type-external","18":"entry","19":"content-bg","20":"loop-entry"},"acf":[],"yoast_head":"<!-- This site is optimized with the Yoast SEO plugin v27.4 - https:\/\/yoast.com\/product\/yoast-seo-wordpress\/ -->\n<title>Parlux Alyon Ceramic &amp; Ionic difuzor pentru uscator de par 1 buc - SHOPATOA.COM<\/title>\n<meta name=\"robots\" content=\"index, follow, max-snippet:-1, max-image-preview:large, max-video-preview:-1\" \/>\n<link rel=\"canonical\" href=\"https:\/\/shopatoa.com\/ro\/parlux-alyon-ceramic-ionic-difuzor-pentru-uscator-de-par-1-buc\/\" \/>\n<meta property=\"og:locale\" content=\"ro_RO\" \/>\n<meta property=\"og:type\" content=\"article\" \/>\n<meta property=\"og:title\" content=\"Parlux Alyon Ceramic &amp; Ionic difuzor pentru uscator de par 1 buc - SHOPATOA.COM\" \/>\n<meta property=\"og:description\" content=\"Parlux Alyon Ceramic &amp; Ionic, 1 buc, Difuzoare pentru par pentru femei, Dori\u021bi s\u0103 v\u0103 men\u021bine\u021bi sau chiar s\u0103 v\u0103 accentua\u021bi valurile sau buclele \u00een timp ce v\u0103 usca\u021bi p\u0103rul cu usc\u0103torul? Trebuie doar s\u0103 ata\u0219a\u021bi difuzorul Parlux Alyon Ceramic &amp; Ionic la usc\u0103torul de p\u0103r ca orice alt\u0103 extensie \u0219i s\u0103 usca\u021bi p\u0103rul ondulat...\" \/>\n<meta property=\"og:url\" content=\"https:\/\/shopatoa.com\/ro\/parlux-alyon-ceramic-ionic-difuzor-pentru-uscator-de-par-1-buc\/\" \/>\n<meta property=\"og:site_name\" content=\"SHOPATOA\" \/>\n<meta property=\"article:modified_time\" content=\"2025-12-11T13:35:00+00:00\" \/>\n<meta property=\"og:image\" content=\"https:\/\/storage.googleapis.com\/cz-shopatoa-img\/ro\/2c2ed735-unnamed-file.webp\" \/>\n\t<meta property=\"og:image:width\" content=\"800\" \/>\n\t<meta property=\"og:image:height\" content=\"800\" \/>\n\t<meta property=\"og:image:type\" content=\"image\/webp\" \/>\n<meta name=\"twitter:card\" content=\"summary_large_image\" \/>\n<meta name=\"twitter:label1\" content=\"Timp estimat pentru citire\" \/>\n\t<meta name=\"twitter:data1\" content=\"1 minut\" \/>\n<script type=\"application\/ld+json\" class=\"yoast-schema-graph\">{\"@context\":\"https:\\\/\\\/schema.org\",\"@graph\":[{\"@type\":\"WebPage\",\"@id\":\"https:\\\/\\\/shopatoa.com\\\/ro\\\/parlux-alyon-ceramic-ionic-difuzor-pentru-uscator-de-par-1-buc\\\/\",\"url\":\"https:\\\/\\\/shopatoa.com\\\/ro\\\/parlux-alyon-ceramic-ionic-difuzor-pentru-uscator-de-par-1-buc\\\/\",\"name\":\"Parlux Alyon Ceramic & Ionic difuzor pentru uscator de par 1 buc - SHOPATOA.COM\",\"isPartOf\":{\"@id\":\"https:\\\/\\\/shopatoa.com\\\/ro\\\/#website\"},\"primaryImageOfPage\":{\"@id\":\"https:\\\/\\\/shopatoa.com\\\/ro\\\/parlux-alyon-ceramic-ionic-difuzor-pentru-uscator-de-par-1-buc\\\/#primaryimage\"},\"image\":{\"@id\":\"https:\\\/\\\/shopatoa.com\\\/ro\\\/parlux-alyon-ceramic-ionic-difuzor-pentru-uscator-de-par-1-buc\\\/#primaryimage\"},\"thumbnailUrl\":\"https:\\\/\\\/storage.googleapis.com\\\/cz-shopatoa-img\\\/ro\\\/2c2ed735-unnamed-file.webp\",\"datePublished\":\"2025-06-23T17:51:46+00:00\",\"dateModified\":\"2025-12-11T13:35:00+00:00\",\"breadcrumb\":{\"@id\":\"https:\\\/\\\/shopatoa.com\\\/ro\\\/parlux-alyon-ceramic-ionic-difuzor-pentru-uscator-de-par-1-buc\\\/#breadcrumb\"},\"inLanguage\":\"ro-RO\",\"potentialAction\":[{\"@type\":\"ReadAction\",\"target\":[\"https:\\\/\\\/shopatoa.com\\\/ro\\\/parlux-alyon-ceramic-ionic-difuzor-pentru-uscator-de-par-1-buc\\\/\"]}]},{\"@type\":\"ImageObject\",\"inLanguage\":\"ro-RO\",\"@id\":\"https:\\\/\\\/shopatoa.com\\\/ro\\\/parlux-alyon-ceramic-ionic-difuzor-pentru-uscator-de-par-1-buc\\\/#primaryimage\",\"url\":\"https:\\\/\\\/storage.googleapis.com\\\/cz-shopatoa-img\\\/ro\\\/2c2ed735-unnamed-file.webp\",\"contentUrl\":\"https:\\\/\\\/storage.googleapis.com\\\/cz-shopatoa-img\\\/ro\\\/2c2ed735-unnamed-file.webp\",\"width\":800,\"height\":800},{\"@type\":\"BreadcrumbList\",\"@id\":\"https:\\\/\\\/shopatoa.com\\\/ro\\\/parlux-alyon-ceramic-ionic-difuzor-pentru-uscator-de-par-1-buc\\\/#breadcrumb\",\"itemListElement\":[{\"@type\":\"ListItem\",\"position\":1,\"name\":\"Dom\u016f\",\"item\":\"https:\\\/\\\/shopatoa.com\\\/ro\\\/\"},{\"@type\":\"ListItem\",\"position\":2,\"name\":\"Shop\",\"item\":\"https:\\\/\\\/shopatoa.com\\\/ro\\\/shop\\\/\"},{\"@type\":\"ListItem\",\"position\":3,\"name\":\"S\u0103n\u0103tate \u0219i frumuse\u021be\",\"item\":\"https:\\\/\\\/shopatoa.com\\\/ro\\\/sanatate-si-frumusete\\\/\"},{\"@type\":\"ListItem\",\"position\":4,\"name\":\"\u00cengrijire personal\u0103\",\"item\":\"https:\\\/\\\/shopatoa.com\\\/ro\\\/ingrijire-personala\\\/\"},{\"@type\":\"ListItem\",\"position\":5,\"name\":\"\u00cengrijirea p\u0103rului\",\"item\":\"https:\\\/\\\/shopatoa.com\\\/ro\\\/ingrijirea-parului\\\/\"},{\"@type\":\"ListItem\",\"position\":6,\"name\":\"Unelte de coafat\",\"item\":\"https:\\\/\\\/shopatoa.com\\\/ro\\\/unelte-de-coafat\\\/\"},{\"@type\":\"ListItem\",\"position\":7,\"name\":\"Usc\u0103toare de p\u0103r\",\"item\":\"https:\\\/\\\/shopatoa.com\\\/ro\\\/uscatoare-de-par\\\/\"},{\"@type\":\"ListItem\",\"position\":8,\"name\":\"Parlux Alyon Ceramic &amp; Ionic difuzor pentru uscator de par 1 buc\"}]},{\"@type\":\"WebSite\",\"@id\":\"https:\\\/\\\/shopatoa.com\\\/ro\\\/#website\",\"url\":\"https:\\\/\\\/shopatoa.com\\\/ro\\\/\",\"name\":\"SHOPATOA\",\"description\":\"\",\"publisher\":{\"@id\":\"https:\\\/\\\/shopatoa.com\\\/ro\\\/#organization\"},\"potentialAction\":[{\"@type\":\"SearchAction\",\"target\":{\"@type\":\"EntryPoint\",\"urlTemplate\":\"https:\\\/\\\/shopatoa.com\\\/ro\\\/?s={search_term_string}\"},\"query-input\":{\"@type\":\"PropertyValueSpecification\",\"valueRequired\":true,\"valueName\":\"search_term_string\"}}],\"inLanguage\":\"ro-RO\"},{\"@type\":\"Organization\",\"@id\":\"https:\\\/\\\/shopatoa.com\\\/ro\\\/#organization\",\"name\":\"SHOPATOA\",\"url\":\"https:\\\/\\\/shopatoa.com\\\/ro\\\/\",\"logo\":{\"@type\":\"ImageObject\",\"inLanguage\":\"ro-RO\",\"@id\":\"https:\\\/\\\/shopatoa.com\\\/ro\\\/#\\\/schema\\\/logo\\\/image\\\/\",\"url\":\"https:\\\/\\\/storage.googleapis.com\\\/cz-shopatoa-img\\\/ro\\\/b4dac915-shopatoa_logo.png\",\"contentUrl\":\"https:\\\/\\\/storage.googleapis.com\\\/cz-shopatoa-img\\\/ro\\\/b4dac915-shopatoa_logo.png\",\"width\":416,\"height\":63,\"caption\":\"SHOPATOA\"},\"image\":{\"@id\":\"https:\\\/\\\/shopatoa.com\\\/ro\\\/#\\\/schema\\\/logo\\\/image\\\/\"}}]}<\/script>\n<!-- \/ Yoast SEO plugin. -->","yoast_head_json":{"title":"Parlux Alyon Ceramic & Ionic difuzor pentru uscator de par 1 buc - SHOPATOA.COM","robots":{"index":"index","follow":"follow","max-snippet":"max-snippet:-1","max-image-preview":"max-image-preview:large","max-video-preview":"max-video-preview:-1"},"canonical":"https:\/\/shopatoa.com\/ro\/parlux-alyon-ceramic-ionic-difuzor-pentru-uscator-de-par-1-buc\/","og_locale":"ro_RO","og_type":"article","og_title":"Parlux Alyon Ceramic & Ionic difuzor pentru uscator de par 1 buc - SHOPATOA.COM","og_description":"Parlux Alyon Ceramic &amp; Ionic, 1 buc, Difuzoare pentru par pentru femei, Dori\u021bi s\u0103 v\u0103 men\u021bine\u021bi sau chiar s\u0103 v\u0103 accentua\u021bi valurile sau buclele \u00een timp ce v\u0103 usca\u021bi p\u0103rul cu usc\u0103torul? Trebuie doar s\u0103 ata\u0219a\u021bi difuzorul Parlux Alyon Ceramic &amp; Ionic la usc\u0103torul de p\u0103r ca orice alt\u0103 extensie \u0219i s\u0103 usca\u021bi p\u0103rul ondulat...","og_url":"https:\/\/shopatoa.com\/ro\/parlux-alyon-ceramic-ionic-difuzor-pentru-uscator-de-par-1-buc\/","og_site_name":"SHOPATOA","article_modified_time":"2025-12-11T13:35:00+00:00","og_image":[{"width":800,"height":800,"url":"https:\/\/storage.googleapis.com\/cz-shopatoa-img\/ro\/2c2ed735-unnamed-file.webp","type":"image\/webp"}],"twitter_card":"summary_large_image","twitter_misc":{"Timp estimat pentru citire":"1 minut"},"schema":{"@context":"https:\/\/schema.org","@graph":[{"@type":"WebPage","@id":"https:\/\/shopatoa.com\/ro\/parlux-alyon-ceramic-ionic-difuzor-pentru-uscator-de-par-1-buc\/","url":"https:\/\/shopatoa.com\/ro\/parlux-alyon-ceramic-ionic-difuzor-pentru-uscator-de-par-1-buc\/","name":"Parlux Alyon Ceramic & Ionic difuzor pentru uscator de par 1 buc - SHOPATOA.COM","isPartOf":{"@id":"https:\/\/shopatoa.com\/ro\/#website"},"primaryImageOfPage":{"@id":"https:\/\/shopatoa.com\/ro\/parlux-alyon-ceramic-ionic-difuzor-pentru-uscator-de-par-1-buc\/#primaryimage"},"image":{"@id":"https:\/\/shopatoa.com\/ro\/parlux-alyon-ceramic-ionic-difuzor-pentru-uscator-de-par-1-buc\/#primaryimage"},"thumbnailUrl":"https:\/\/storage.googleapis.com\/cz-shopatoa-img\/ro\/2c2ed735-unnamed-file.webp","datePublished":"2025-06-23T17:51:46+00:00","dateModified":"2025-12-11T13:35:00+00:00","breadcrumb":{"@id":"https:\/\/shopatoa.com\/ro\/parlux-alyon-ceramic-ionic-difuzor-pentru-uscator-de-par-1-buc\/#breadcrumb"},"inLanguage":"ro-RO","potentialAction":[{"@type":"ReadAction","target":["https:\/\/shopatoa.com\/ro\/parlux-alyon-ceramic-ionic-difuzor-pentru-uscator-de-par-1-buc\/"]}]},{"@type":"ImageObject","inLanguage":"ro-RO","@id":"https:\/\/shopatoa.com\/ro\/parlux-alyon-ceramic-ionic-difuzor-pentru-uscator-de-par-1-buc\/#primaryimage","url":"https:\/\/storage.googleapis.com\/cz-shopatoa-img\/ro\/2c2ed735-unnamed-file.webp","contentUrl":"https:\/\/storage.googleapis.com\/cz-shopatoa-img\/ro\/2c2ed735-unnamed-file.webp","width":800,"height":800},{"@type":"BreadcrumbList","@id":"https:\/\/shopatoa.com\/ro\/parlux-alyon-ceramic-ionic-difuzor-pentru-uscator-de-par-1-buc\/#breadcrumb","itemListElement":[{"@type":"ListItem","position":1,"name":"Dom\u016f","item":"https:\/\/shopatoa.com\/ro\/"},{"@type":"ListItem","position":2,"name":"Shop","item":"https:\/\/shopatoa.com\/ro\/shop\/"},{"@type":"ListItem","position":3,"name":"S\u0103n\u0103tate \u0219i frumuse\u021be","item":"https:\/\/shopatoa.com\/ro\/sanatate-si-frumusete\/"},{"@type":"ListItem","position":4,"name":"\u00cengrijire personal\u0103","item":"https:\/\/shopatoa.com\/ro\/ingrijire-personala\/"},{"@type":"ListItem","position":5,"name":"\u00cengrijirea p\u0103rului","item":"https:\/\/shopatoa.com\/ro\/ingrijirea-parului\/"},{"@type":"ListItem","position":6,"name":"Unelte de coafat","item":"https:\/\/shopatoa.com\/ro\/unelte-de-coafat\/"},{"@type":"ListItem","position":7,"name":"Usc\u0103toare de p\u0103r","item":"https:\/\/shopatoa.com\/ro\/uscatoare-de-par\/"},{"@type":"ListItem","position":8,"name":"Parlux Alyon Ceramic &amp; Ionic difuzor pentru uscator de par 1 buc"}]},{"@type":"WebSite","@id":"https:\/\/shopatoa.com\/ro\/#website","url":"https:\/\/shopatoa.com\/ro\/","name":"SHOPATOA","description":"","publisher":{"@id":"https:\/\/shopatoa.com\/ro\/#organization"},"potentialAction":[{"@type":"SearchAction","target":{"@type":"EntryPoint","urlTemplate":"https:\/\/shopatoa.com\/ro\/?s={search_term_string}"},"query-input":{"@type":"PropertyValueSpecification","valueRequired":true,"valueName":"search_term_string"}}],"inLanguage":"ro-RO"},{"@type":"Organization","@id":"https:\/\/shopatoa.com\/ro\/#organization","name":"SHOPATOA","url":"https:\/\/shopatoa.com\/ro\/","logo":{"@type":"ImageObject","inLanguage":"ro-RO","@id":"https:\/\/shopatoa.com\/ro\/#\/schema\/logo\/image\/","url":"https:\/\/storage.googleapis.com\/cz-shopatoa-img\/ro\/b4dac915-shopatoa_logo.png","contentUrl":"https:\/\/storage.googleapis.com\/cz-shopatoa-img\/ro\/b4dac915-shopatoa_logo.png","width":416,"height":63,"caption":"SHOPATOA"},"image":{"@id":"https:\/\/shopatoa.com\/ro\/#\/schema\/logo\/image\/"}}]}},"_links":{"self":[{"href":"https:\/\/shopatoa.com\/ro\/wp-json\/wp\/v2\/product\/431780","targetHints":{"allow":["GET"]}}],"collection":[{"href":"https:\/\/shopatoa.com\/ro\/wp-json\/wp\/v2\/product"}],"about":[{"href":"https:\/\/shopatoa.com\/ro\/wp-json\/wp\/v2\/types\/product"}],"replies":[{"embeddable":true,"href":"https:\/\/shopatoa.com\/ro\/wp-json\/wp\/v2\/comments?post=431780"}],"wp:featuredmedia":[{"embeddable":true,"href":"https:\/\/shopatoa.com\/ro\/wp-json\/wp\/v2\/media\/431781"}],"wp:attachment":[{"href":"https:\/\/shopatoa.com\/ro\/wp-json\/wp\/v2\/media?parent=431780"}],"wp:term":[{"taxonomy":"product_brand","embeddable":true,"href":"https:\/\/shopatoa.com\/ro\/wp-json\/wp\/v2\/product_brand?post=431780"},{"taxonomy":"product_cat","embeddable":true,"href":"https:\/\/shopatoa.com\/ro\/wp-json\/wp\/v2\/product_cat?post=431780"},{"taxonomy":"product_tag","embeddable":true,"href":"https:\/\/shopatoa.com\/ro\/wp-json\/wp\/v2\/product_tag?post=431780"}],"curies":[{"name":"wp","href":"https:\/\/api.w.org\/{rel}","templated":true}]}}