{"id":432148,"date":"2025-06-23T20:24:41","date_gmt":"2025-06-23T18:24:41","guid":{"rendered":"https:\/\/shopatoa.com\/ro\/sophie-la-girafe-eau-de-soin-parfumee-lotiune-pentru-fata-produs-parfumat-pentru-nou-nascuti-si-copii-50-ml\/"},"modified":"2025-12-11T12:35:45","modified_gmt":"2025-12-11T11:35:45","slug":"sophie-la-girafe-eau-de-soin-parfumee-lotiune-pentru-fata-produs-parfumat-pentru-nou-nascuti-si-copii-50-ml","status":"publish","type":"product","link":"https:\/\/shopatoa.com\/ro\/sophie-la-girafe-eau-de-soin-parfumee-lotiune-pentru-fata-produs-parfumat-pentru-nou-nascuti-si-copii-50-ml\/","title":{"rendered":"Sophie La Girafe Eau de Soin Parfumee lo\u021biune pentru fa\u021b\u0103 produs parfumat pentru nou-nascuti si copii 50 ml"},"content":{"rendered":"<p>Sophie La Girafe Eau de Soin Parfumee, 50 ml, Parfumuri pentru copii pentru copii, \u00cenconjura\u021bi-v\u0103 cu arome luxoase \u0219i \u00een baie, \u00een timpul ritualurilor dvs. matinale sau de sear\u0103. Produsul pentru \u00eengrijirea corpului Sophie La Girafe Eau de Soin Parfumee v\u0103 \u00eenc\u00e2nt\u0103 sim\u021burile \u0219i v\u0103 parfumeaz\u0103 pielea cu parfumul preferat.  Caracteristici:  calmeaz\u0103 \u0219i \u00eenvioreaz\u0103 pielea hr\u0103ne\u0219te \u0219i trateaz\u0103 pielea \u00eentre\u021bine echilibrul pielii copilului<\/p>\n","protected":false},"excerpt":{"rendered":"<p>Sophie La Girafe Eau de Soin Parfumee, 50 ml, Parfumuri pentru copii pentru copii, \u00cenconjura\u021bi-v\u0103 cu arome luxoase \u0219i \u00een baie, \u00een timpul ritualurilor dvs. matinale sau de sear\u0103. Produsul pentru \u00eengrijirea corpului Sophie La Girafe Eau de Soin Parfumee v\u0103 \u00eenc\u00e2nt\u0103 sim\u021burile \u0219i v\u0103 parfumeaz\u0103 pielea cu parfumul preferat. Caracteristici: calmeaz\u0103 \u0219i \u00eenvioreaz\u0103 pielea&#8230;<\/p>\n","protected":false},"featured_media":432149,"comment_status":"closed","ping_status":"open","template":"","meta":{"_acf_changed":false,"_kadence_starter_templates_imported_post":false,"_kad_post_transparent":"","_kad_post_title":"","_kad_post_layout":"","_kad_post_sidebar_id":"","_kad_post_content_style":"","_kad_post_vertical_padding":"","_kad_post_feature":"","_kad_post_feature_position":"","_kad_post_header":false,"_kad_post_footer":false,"_kad_post_classname":""},"product_brand":[2089],"product_cat":[1564,1563,1565,1562],"product_tag":[],"class_list":{"0":"post-432148","1":"product","2":"type-product","3":"status-publish","4":"has-post-thumbnail","6":"product_brand-sophie-la-girafe","7":"product_cat-cosmetice-ingrijire-personala","8":"product_cat-ingrijire-personala","9":"product_cat-ingrijirea-pielii","10":"product_cat-sanatate-si-frumusete","11":"pa_gen-unisex","12":"pa_marime-50-ml","14":"first","15":"instock","16":"sale","17":"product-type-external","18":"entry","19":"content-bg","20":"loop-entry"},"acf":[],"yoast_head":"<!-- This site is optimized with the Yoast SEO plugin v27.4 - https:\/\/yoast.com\/product\/yoast-seo-wordpress\/ -->\n<title>Sophie La Girafe Eau de Soin Parfumee lo\u021biune pentru fa\u021b\u0103 produs parfumat pentru nou-nascuti si copii 50 ml - SHOPATOA.COM<\/title>\n<meta name=\"robots\" content=\"index, follow, max-snippet:-1, max-image-preview:large, max-video-preview:-1\" \/>\n<link rel=\"canonical\" href=\"https:\/\/shopatoa.com\/ro\/sophie-la-girafe-eau-de-soin-parfumee-lotiune-pentru-fata-produs-parfumat-pentru-nou-nascuti-si-copii-50-ml\/\" \/>\n<meta property=\"og:locale\" content=\"ro_RO\" \/>\n<meta property=\"og:type\" content=\"article\" \/>\n<meta property=\"og:title\" content=\"Sophie La Girafe Eau de Soin Parfumee lo\u021biune pentru fa\u021b\u0103 produs parfumat pentru nou-nascuti si copii 50 ml - SHOPATOA.COM\" \/>\n<meta property=\"og:description\" content=\"Sophie La Girafe Eau de Soin Parfumee, 50 ml, Parfumuri pentru copii pentru copii, \u00cenconjura\u021bi-v\u0103 cu arome luxoase \u0219i \u00een baie, \u00een timpul ritualurilor dvs. matinale sau de sear\u0103. Produsul pentru \u00eengrijirea corpului Sophie La Girafe Eau de Soin Parfumee v\u0103 \u00eenc\u00e2nt\u0103 sim\u021burile \u0219i v\u0103 parfumeaz\u0103 pielea cu parfumul preferat. Caracteristici: calmeaz\u0103 \u0219i \u00eenvioreaz\u0103 pielea...\" \/>\n<meta property=\"og:url\" content=\"https:\/\/shopatoa.com\/ro\/sophie-la-girafe-eau-de-soin-parfumee-lotiune-pentru-fata-produs-parfumat-pentru-nou-nascuti-si-copii-50-ml\/\" \/>\n<meta property=\"og:site_name\" content=\"SHOPATOA\" \/>\n<meta property=\"article:modified_time\" content=\"2025-12-11T11:35:45+00:00\" \/>\n<meta property=\"og:image\" content=\"https:\/\/storage.googleapis.com\/cz-shopatoa-img\/ro\/cd9e41ed-unnamed-file.webp\" \/>\n\t<meta property=\"og:image:width\" content=\"800\" \/>\n\t<meta property=\"og:image:height\" content=\"800\" \/>\n\t<meta property=\"og:image:type\" content=\"image\/webp\" \/>\n<meta name=\"twitter:card\" content=\"summary_large_image\" \/>\n<script type=\"application\/ld+json\" class=\"yoast-schema-graph\">{\"@context\":\"https:\\\/\\\/schema.org\",\"@graph\":[{\"@type\":\"WebPage\",\"@id\":\"https:\\\/\\\/shopatoa.com\\\/ro\\\/sophie-la-girafe-eau-de-soin-parfumee-lotiune-pentru-fata-produs-parfumat-pentru-nou-nascuti-si-copii-50-ml\\\/\",\"url\":\"https:\\\/\\\/shopatoa.com\\\/ro\\\/sophie-la-girafe-eau-de-soin-parfumee-lotiune-pentru-fata-produs-parfumat-pentru-nou-nascuti-si-copii-50-ml\\\/\",\"name\":\"Sophie La Girafe Eau de Soin Parfumee lo\u021biune pentru fa\u021b\u0103 produs parfumat pentru nou-nascuti si copii 50 ml - SHOPATOA.COM\",\"isPartOf\":{\"@id\":\"https:\\\/\\\/shopatoa.com\\\/ro\\\/#website\"},\"primaryImageOfPage\":{\"@id\":\"https:\\\/\\\/shopatoa.com\\\/ro\\\/sophie-la-girafe-eau-de-soin-parfumee-lotiune-pentru-fata-produs-parfumat-pentru-nou-nascuti-si-copii-50-ml\\\/#primaryimage\"},\"image\":{\"@id\":\"https:\\\/\\\/shopatoa.com\\\/ro\\\/sophie-la-girafe-eau-de-soin-parfumee-lotiune-pentru-fata-produs-parfumat-pentru-nou-nascuti-si-copii-50-ml\\\/#primaryimage\"},\"thumbnailUrl\":\"https:\\\/\\\/storage.googleapis.com\\\/cz-shopatoa-img\\\/ro\\\/cd9e41ed-unnamed-file.webp\",\"datePublished\":\"2025-06-23T18:24:41+00:00\",\"dateModified\":\"2025-12-11T11:35:45+00:00\",\"breadcrumb\":{\"@id\":\"https:\\\/\\\/shopatoa.com\\\/ro\\\/sophie-la-girafe-eau-de-soin-parfumee-lotiune-pentru-fata-produs-parfumat-pentru-nou-nascuti-si-copii-50-ml\\\/#breadcrumb\"},\"inLanguage\":\"ro-RO\",\"potentialAction\":[{\"@type\":\"ReadAction\",\"target\":[\"https:\\\/\\\/shopatoa.com\\\/ro\\\/sophie-la-girafe-eau-de-soin-parfumee-lotiune-pentru-fata-produs-parfumat-pentru-nou-nascuti-si-copii-50-ml\\\/\"]}]},{\"@type\":\"ImageObject\",\"inLanguage\":\"ro-RO\",\"@id\":\"https:\\\/\\\/shopatoa.com\\\/ro\\\/sophie-la-girafe-eau-de-soin-parfumee-lotiune-pentru-fata-produs-parfumat-pentru-nou-nascuti-si-copii-50-ml\\\/#primaryimage\",\"url\":\"https:\\\/\\\/storage.googleapis.com\\\/cz-shopatoa-img\\\/ro\\\/cd9e41ed-unnamed-file.webp\",\"contentUrl\":\"https:\\\/\\\/storage.googleapis.com\\\/cz-shopatoa-img\\\/ro\\\/cd9e41ed-unnamed-file.webp\",\"width\":800,\"height\":800},{\"@type\":\"BreadcrumbList\",\"@id\":\"https:\\\/\\\/shopatoa.com\\\/ro\\\/sophie-la-girafe-eau-de-soin-parfumee-lotiune-pentru-fata-produs-parfumat-pentru-nou-nascuti-si-copii-50-ml\\\/#breadcrumb\",\"itemListElement\":[{\"@type\":\"ListItem\",\"position\":1,\"name\":\"Dom\u016f\",\"item\":\"https:\\\/\\\/shopatoa.com\\\/ro\\\/\"},{\"@type\":\"ListItem\",\"position\":2,\"name\":\"Shop\",\"item\":\"https:\\\/\\\/shopatoa.com\\\/ro\\\/shop\\\/\"},{\"@type\":\"ListItem\",\"position\":3,\"name\":\"S\u0103n\u0103tate \u0219i frumuse\u021be\",\"item\":\"https:\\\/\\\/shopatoa.com\\\/ro\\\/sanatate-si-frumusete\\\/\"},{\"@type\":\"ListItem\",\"position\":4,\"name\":\"\u00cengrijire personal\u0103\",\"item\":\"https:\\\/\\\/shopatoa.com\\\/ro\\\/ingrijire-personala\\\/\"},{\"@type\":\"ListItem\",\"position\":5,\"name\":\"Cosmetice\",\"item\":\"https:\\\/\\\/shopatoa.com\\\/ro\\\/cosmetice-ingrijire-personala\\\/\"},{\"@type\":\"ListItem\",\"position\":6,\"name\":\"\u00cengrijirea pielii\",\"item\":\"https:\\\/\\\/shopatoa.com\\\/ro\\\/ingrijirea-pielii\\\/\"},{\"@type\":\"ListItem\",\"position\":7,\"name\":\"Sophie La Girafe Eau de Soin Parfumee lo\u021biune pentru fa\u021b\u0103 produs parfumat pentru nou-nascuti si copii 50 ml\"}]},{\"@type\":\"WebSite\",\"@id\":\"https:\\\/\\\/shopatoa.com\\\/ro\\\/#website\",\"url\":\"https:\\\/\\\/shopatoa.com\\\/ro\\\/\",\"name\":\"SHOPATOA\",\"description\":\"\",\"publisher\":{\"@id\":\"https:\\\/\\\/shopatoa.com\\\/ro\\\/#organization\"},\"potentialAction\":[{\"@type\":\"SearchAction\",\"target\":{\"@type\":\"EntryPoint\",\"urlTemplate\":\"https:\\\/\\\/shopatoa.com\\\/ro\\\/?s={search_term_string}\"},\"query-input\":{\"@type\":\"PropertyValueSpecification\",\"valueRequired\":true,\"valueName\":\"search_term_string\"}}],\"inLanguage\":\"ro-RO\"},{\"@type\":\"Organization\",\"@id\":\"https:\\\/\\\/shopatoa.com\\\/ro\\\/#organization\",\"name\":\"SHOPATOA\",\"url\":\"https:\\\/\\\/shopatoa.com\\\/ro\\\/\",\"logo\":{\"@type\":\"ImageObject\",\"inLanguage\":\"ro-RO\",\"@id\":\"https:\\\/\\\/shopatoa.com\\\/ro\\\/#\\\/schema\\\/logo\\\/image\\\/\",\"url\":\"https:\\\/\\\/storage.googleapis.com\\\/cz-shopatoa-img\\\/ro\\\/b4dac915-shopatoa_logo.png\",\"contentUrl\":\"https:\\\/\\\/storage.googleapis.com\\\/cz-shopatoa-img\\\/ro\\\/b4dac915-shopatoa_logo.png\",\"width\":416,\"height\":63,\"caption\":\"SHOPATOA\"},\"image\":{\"@id\":\"https:\\\/\\\/shopatoa.com\\\/ro\\\/#\\\/schema\\\/logo\\\/image\\\/\"}}]}<\/script>\n<!-- \/ Yoast SEO plugin. -->","yoast_head_json":{"title":"Sophie La Girafe Eau de Soin Parfumee lo\u021biune pentru fa\u021b\u0103 produs parfumat pentru nou-nascuti si copii 50 ml - SHOPATOA.COM","robots":{"index":"index","follow":"follow","max-snippet":"max-snippet:-1","max-image-preview":"max-image-preview:large","max-video-preview":"max-video-preview:-1"},"canonical":"https:\/\/shopatoa.com\/ro\/sophie-la-girafe-eau-de-soin-parfumee-lotiune-pentru-fata-produs-parfumat-pentru-nou-nascuti-si-copii-50-ml\/","og_locale":"ro_RO","og_type":"article","og_title":"Sophie La Girafe Eau de Soin Parfumee lo\u021biune pentru fa\u021b\u0103 produs parfumat pentru nou-nascuti si copii 50 ml - SHOPATOA.COM","og_description":"Sophie La Girafe Eau de Soin Parfumee, 50 ml, Parfumuri pentru copii pentru copii, \u00cenconjura\u021bi-v\u0103 cu arome luxoase \u0219i \u00een baie, \u00een timpul ritualurilor dvs. matinale sau de sear\u0103. Produsul pentru \u00eengrijirea corpului Sophie La Girafe Eau de Soin Parfumee v\u0103 \u00eenc\u00e2nt\u0103 sim\u021burile \u0219i v\u0103 parfumeaz\u0103 pielea cu parfumul preferat. Caracteristici: calmeaz\u0103 \u0219i \u00eenvioreaz\u0103 pielea...","og_url":"https:\/\/shopatoa.com\/ro\/sophie-la-girafe-eau-de-soin-parfumee-lotiune-pentru-fata-produs-parfumat-pentru-nou-nascuti-si-copii-50-ml\/","og_site_name":"SHOPATOA","article_modified_time":"2025-12-11T11:35:45+00:00","og_image":[{"width":800,"height":800,"url":"https:\/\/storage.googleapis.com\/cz-shopatoa-img\/ro\/cd9e41ed-unnamed-file.webp","type":"image\/webp"}],"twitter_card":"summary_large_image","schema":{"@context":"https:\/\/schema.org","@graph":[{"@type":"WebPage","@id":"https:\/\/shopatoa.com\/ro\/sophie-la-girafe-eau-de-soin-parfumee-lotiune-pentru-fata-produs-parfumat-pentru-nou-nascuti-si-copii-50-ml\/","url":"https:\/\/shopatoa.com\/ro\/sophie-la-girafe-eau-de-soin-parfumee-lotiune-pentru-fata-produs-parfumat-pentru-nou-nascuti-si-copii-50-ml\/","name":"Sophie La Girafe Eau de Soin Parfumee lo\u021biune pentru fa\u021b\u0103 produs parfumat pentru nou-nascuti si copii 50 ml - SHOPATOA.COM","isPartOf":{"@id":"https:\/\/shopatoa.com\/ro\/#website"},"primaryImageOfPage":{"@id":"https:\/\/shopatoa.com\/ro\/sophie-la-girafe-eau-de-soin-parfumee-lotiune-pentru-fata-produs-parfumat-pentru-nou-nascuti-si-copii-50-ml\/#primaryimage"},"image":{"@id":"https:\/\/shopatoa.com\/ro\/sophie-la-girafe-eau-de-soin-parfumee-lotiune-pentru-fata-produs-parfumat-pentru-nou-nascuti-si-copii-50-ml\/#primaryimage"},"thumbnailUrl":"https:\/\/storage.googleapis.com\/cz-shopatoa-img\/ro\/cd9e41ed-unnamed-file.webp","datePublished":"2025-06-23T18:24:41+00:00","dateModified":"2025-12-11T11:35:45+00:00","breadcrumb":{"@id":"https:\/\/shopatoa.com\/ro\/sophie-la-girafe-eau-de-soin-parfumee-lotiune-pentru-fata-produs-parfumat-pentru-nou-nascuti-si-copii-50-ml\/#breadcrumb"},"inLanguage":"ro-RO","potentialAction":[{"@type":"ReadAction","target":["https:\/\/shopatoa.com\/ro\/sophie-la-girafe-eau-de-soin-parfumee-lotiune-pentru-fata-produs-parfumat-pentru-nou-nascuti-si-copii-50-ml\/"]}]},{"@type":"ImageObject","inLanguage":"ro-RO","@id":"https:\/\/shopatoa.com\/ro\/sophie-la-girafe-eau-de-soin-parfumee-lotiune-pentru-fata-produs-parfumat-pentru-nou-nascuti-si-copii-50-ml\/#primaryimage","url":"https:\/\/storage.googleapis.com\/cz-shopatoa-img\/ro\/cd9e41ed-unnamed-file.webp","contentUrl":"https:\/\/storage.googleapis.com\/cz-shopatoa-img\/ro\/cd9e41ed-unnamed-file.webp","width":800,"height":800},{"@type":"BreadcrumbList","@id":"https:\/\/shopatoa.com\/ro\/sophie-la-girafe-eau-de-soin-parfumee-lotiune-pentru-fata-produs-parfumat-pentru-nou-nascuti-si-copii-50-ml\/#breadcrumb","itemListElement":[{"@type":"ListItem","position":1,"name":"Dom\u016f","item":"https:\/\/shopatoa.com\/ro\/"},{"@type":"ListItem","position":2,"name":"Shop","item":"https:\/\/shopatoa.com\/ro\/shop\/"},{"@type":"ListItem","position":3,"name":"S\u0103n\u0103tate \u0219i frumuse\u021be","item":"https:\/\/shopatoa.com\/ro\/sanatate-si-frumusete\/"},{"@type":"ListItem","position":4,"name":"\u00cengrijire personal\u0103","item":"https:\/\/shopatoa.com\/ro\/ingrijire-personala\/"},{"@type":"ListItem","position":5,"name":"Cosmetice","item":"https:\/\/shopatoa.com\/ro\/cosmetice-ingrijire-personala\/"},{"@type":"ListItem","position":6,"name":"\u00cengrijirea pielii","item":"https:\/\/shopatoa.com\/ro\/ingrijirea-pielii\/"},{"@type":"ListItem","position":7,"name":"Sophie La Girafe Eau de Soin Parfumee lo\u021biune pentru fa\u021b\u0103 produs parfumat pentru nou-nascuti si copii 50 ml"}]},{"@type":"WebSite","@id":"https:\/\/shopatoa.com\/ro\/#website","url":"https:\/\/shopatoa.com\/ro\/","name":"SHOPATOA","description":"","publisher":{"@id":"https:\/\/shopatoa.com\/ro\/#organization"},"potentialAction":[{"@type":"SearchAction","target":{"@type":"EntryPoint","urlTemplate":"https:\/\/shopatoa.com\/ro\/?s={search_term_string}"},"query-input":{"@type":"PropertyValueSpecification","valueRequired":true,"valueName":"search_term_string"}}],"inLanguage":"ro-RO"},{"@type":"Organization","@id":"https:\/\/shopatoa.com\/ro\/#organization","name":"SHOPATOA","url":"https:\/\/shopatoa.com\/ro\/","logo":{"@type":"ImageObject","inLanguage":"ro-RO","@id":"https:\/\/shopatoa.com\/ro\/#\/schema\/logo\/image\/","url":"https:\/\/storage.googleapis.com\/cz-shopatoa-img\/ro\/b4dac915-shopatoa_logo.png","contentUrl":"https:\/\/storage.googleapis.com\/cz-shopatoa-img\/ro\/b4dac915-shopatoa_logo.png","width":416,"height":63,"caption":"SHOPATOA"},"image":{"@id":"https:\/\/shopatoa.com\/ro\/#\/schema\/logo\/image\/"}}]}},"_links":{"self":[{"href":"https:\/\/shopatoa.com\/ro\/wp-json\/wp\/v2\/product\/432148","targetHints":{"allow":["GET"]}}],"collection":[{"href":"https:\/\/shopatoa.com\/ro\/wp-json\/wp\/v2\/product"}],"about":[{"href":"https:\/\/shopatoa.com\/ro\/wp-json\/wp\/v2\/types\/product"}],"replies":[{"embeddable":true,"href":"https:\/\/shopatoa.com\/ro\/wp-json\/wp\/v2\/comments?post=432148"}],"wp:featuredmedia":[{"embeddable":true,"href":"https:\/\/shopatoa.com\/ro\/wp-json\/wp\/v2\/media\/432149"}],"wp:attachment":[{"href":"https:\/\/shopatoa.com\/ro\/wp-json\/wp\/v2\/media?parent=432148"}],"wp:term":[{"taxonomy":"product_brand","embeddable":true,"href":"https:\/\/shopatoa.com\/ro\/wp-json\/wp\/v2\/product_brand?post=432148"},{"taxonomy":"product_cat","embeddable":true,"href":"https:\/\/shopatoa.com\/ro\/wp-json\/wp\/v2\/product_cat?post=432148"},{"taxonomy":"product_tag","embeddable":true,"href":"https:\/\/shopatoa.com\/ro\/wp-json\/wp\/v2\/product_tag?post=432148"}],"curies":[{"name":"wp","href":"https:\/\/api.w.org\/{rel}","templated":true}]}}