{"id":432230,"date":"2025-06-23T20:31:12","date_gmt":"2025-06-23T18:31:12","guid":{"rendered":"https:\/\/shopatoa.com\/ro\/philips-sonicare-3100-hx3675-15-periuta-de-dinti-electrica-2-buc\/"},"modified":"2025-12-11T12:22:23","modified_gmt":"2025-12-11T11:22:23","slug":"philips-sonicare-3100-hx3675-15-periuta-de-dinti-electrica-2-buc","status":"publish","type":"product","link":"https:\/\/shopatoa.com\/ro\/philips-sonicare-3100-hx3675-15-periuta-de-dinti-electrica-2-buc\/","title":{"rendered":"Philips Sonicare 3100 HX3675\/15 periuta de dinti electrica 2 buc"},"content":{"rendered":"<p>Philips Sonicare 3100 HX3675\/15, 2 buc, Periute de dinti Sonicare pentru femei, Ave\u021bi senza\u021bia c\u0103 din\u021bii dvs. au nevoie de o cur\u0103\u021bare mai temeinic\u0103 dec\u00e2t pot oferi periu\u021bele de din\u021bi manuale? Periu\u021ba de din\u021bi electric\u0103 sonic\u0103 Philips Sonicare 3100 HX3675\/15 reu\u0219e\u0219te s\u0103 \u00eendep\u0103rteze eficient mai mult\u0103 plac\u0103 bacterian\u0103 \u0219i cur\u0103\u021b\u0103 mult mai bine at\u00e2t din\u021bii, c\u00e2t \u0219i spa\u021biile interdentare. Se caracterizeaz\u0103 prin peri care vibreaz\u0103 rapid, ceea ce asigur\u0103 o \u00eendep\u0103rtare delicat\u0103, dar foarte eficient\u0103 a pl\u0103cii bacteriene. Astfel, ob\u021bine\u021bi din\u021bi mai s\u0103n\u0103to\u0219i, mai pu\u021bin predispu\u0219i la carii, precum \u0219i un z\u00e2mbet per total mai radiant.  Caracteristici:  previne apari\u021bia tartrului \u0219i a cariilor dentare ajut\u0103 la \u00eentre\u021binerea unor din\u021bi mai albi, \u00een mod natural cur\u0103\u021b\u0103 eficient chiar \u0219i spa\u021biile interdentare nu irit\u0103 din\u021bii \u0219i gingiile sensibile cu senzor de presiune form\u0103 ergonomic\u0103 \u00eendep\u0103rteaz\u0103 mult mai mult\u0103 plac\u0103 bacterian\u0103 dec\u00e2t periu\u021bele manuale perii periu\u021bei oscileaz\u0103 cu vitez\u0103 mare, \u00eendep\u0103rt\u00e2nd maximum de plac\u0103 cu fiecare mi\u0219care cronometrul monitorizeaz\u0103 intervalul corect de cur\u0103\u021bare a din\u021bilor \u0219i aten\u021bioneaz\u0103 c\u00e2nd este cazul s\u0103 schimba\u021bi zona de cur\u0103\u021bare identific\u0103 necesitatea de \u00eenlocuire a capului potrivit \u0219i pentru persoanele cu din\u021bi sau gingii sensibile baterie cu rezisten\u021b\u0103 \u00eendelungat\u0103  Cum se utilizeaz\u0103: Se vor urma instruc\u021biunile de utilizare incluse.<\/p>\n","protected":false},"excerpt":{"rendered":"<p>Philips Sonicare 3100 HX3675\/15, 2 buc, Periute de dinti Sonicare pentru femei, Ave\u021bi senza\u021bia c\u0103 din\u021bii dvs. au nevoie de o cur\u0103\u021bare mai temeinic\u0103 dec\u00e2t pot oferi periu\u021bele de din\u021bi manuale? Periu\u021ba de din\u021bi electric\u0103 sonic\u0103 Philips Sonicare 3100 HX3675\/15 reu\u0219e\u0219te s\u0103 \u00eendep\u0103rteze eficient mai mult\u0103 plac\u0103 bacterian\u0103 \u0219i cur\u0103\u021b\u0103 mult mai bine at\u00e2t din\u021bii,&#8230;<\/p>\n","protected":false},"featured_media":432231,"comment_status":"closed","ping_status":"open","template":"","meta":{"_acf_changed":false,"_kadence_starter_templates_imported_post":false,"_kad_post_transparent":"","_kad_post_title":"","_kad_post_layout":"","_kad_post_sidebar_id":"","_kad_post_content_style":"","_kad_post_vertical_padding":"","_kad_post_feature":"","_kad_post_feature_position":"","_kad_post_header":false,"_kad_post_footer":false,"_kad_post_classname":""},"product_brand":[495],"product_cat":[1605,1563,1606,1562],"product_tag":[],"class_list":{"0":"post-432230","1":"product","2":"type-product","3":"status-publish","4":"has-post-thumbnail","6":"product_brand-philips","7":"product_cat-ingrijire-orala","8":"product_cat-ingrijire-personala","9":"product_cat-periute-de-dinti-ingrijire-orala","10":"product_cat-sanatate-si-frumusete","11":"pa_gen-female","12":"pa_marime-2-buc","14":"first","15":"instock","16":"product-type-external","17":"entry","18":"content-bg","19":"loop-entry"},"acf":[],"yoast_head":"<!-- This site is optimized with the Yoast SEO plugin v27.4 - https:\/\/yoast.com\/product\/yoast-seo-wordpress\/ -->\n<title>Philips Sonicare 3100 HX3675\/15 periuta de dinti electrica 2 buc - SHOPATOA.COM<\/title>\n<meta name=\"robots\" content=\"index, follow, max-snippet:-1, max-image-preview:large, max-video-preview:-1\" \/>\n<link rel=\"canonical\" href=\"https:\/\/shopatoa.com\/ro\/philips-sonicare-3100-hx3675-15-periuta-de-dinti-electrica-2-buc\/\" \/>\n<meta property=\"og:locale\" content=\"ro_RO\" \/>\n<meta property=\"og:type\" content=\"article\" \/>\n<meta property=\"og:title\" content=\"Philips Sonicare 3100 HX3675\/15 periuta de dinti electrica 2 buc - SHOPATOA.COM\" \/>\n<meta property=\"og:description\" content=\"Philips Sonicare 3100 HX3675\/15, 2 buc, Periute de dinti Sonicare pentru femei, Ave\u021bi senza\u021bia c\u0103 din\u021bii dvs. au nevoie de o cur\u0103\u021bare mai temeinic\u0103 dec\u00e2t pot oferi periu\u021bele de din\u021bi manuale? Periu\u021ba de din\u021bi electric\u0103 sonic\u0103 Philips Sonicare 3100 HX3675\/15 reu\u0219e\u0219te s\u0103 \u00eendep\u0103rteze eficient mai mult\u0103 plac\u0103 bacterian\u0103 \u0219i cur\u0103\u021b\u0103 mult mai bine at\u00e2t din\u021bii,...\" \/>\n<meta property=\"og:url\" content=\"https:\/\/shopatoa.com\/ro\/philips-sonicare-3100-hx3675-15-periuta-de-dinti-electrica-2-buc\/\" \/>\n<meta property=\"og:site_name\" content=\"SHOPATOA\" \/>\n<meta property=\"article:modified_time\" content=\"2025-12-11T11:22:23+00:00\" \/>\n<meta property=\"og:image\" content=\"https:\/\/storage.googleapis.com\/cz-shopatoa-img\/ro\/a6e81e2d-unnamed-file.webp\" \/>\n\t<meta property=\"og:image:width\" content=\"800\" \/>\n\t<meta property=\"og:image:height\" content=\"800\" \/>\n\t<meta property=\"og:image:type\" content=\"image\/webp\" \/>\n<meta name=\"twitter:card\" content=\"summary_large_image\" \/>\n<meta name=\"twitter:label1\" content=\"Timp estimat pentru citire\" \/>\n\t<meta name=\"twitter:data1\" content=\"1 minut\" \/>\n<script type=\"application\/ld+json\" class=\"yoast-schema-graph\">{\"@context\":\"https:\\\/\\\/schema.org\",\"@graph\":[{\"@type\":\"WebPage\",\"@id\":\"https:\\\/\\\/shopatoa.com\\\/ro\\\/philips-sonicare-3100-hx3675-15-periuta-de-dinti-electrica-2-buc\\\/\",\"url\":\"https:\\\/\\\/shopatoa.com\\\/ro\\\/philips-sonicare-3100-hx3675-15-periuta-de-dinti-electrica-2-buc\\\/\",\"name\":\"Philips Sonicare 3100 HX3675\\\/15 periuta de dinti electrica 2 buc - SHOPATOA.COM\",\"isPartOf\":{\"@id\":\"https:\\\/\\\/shopatoa.com\\\/ro\\\/#website\"},\"primaryImageOfPage\":{\"@id\":\"https:\\\/\\\/shopatoa.com\\\/ro\\\/philips-sonicare-3100-hx3675-15-periuta-de-dinti-electrica-2-buc\\\/#primaryimage\"},\"image\":{\"@id\":\"https:\\\/\\\/shopatoa.com\\\/ro\\\/philips-sonicare-3100-hx3675-15-periuta-de-dinti-electrica-2-buc\\\/#primaryimage\"},\"thumbnailUrl\":\"https:\\\/\\\/storage.googleapis.com\\\/cz-shopatoa-img\\\/ro\\\/a6e81e2d-unnamed-file.webp\",\"datePublished\":\"2025-06-23T18:31:12+00:00\",\"dateModified\":\"2025-12-11T11:22:23+00:00\",\"breadcrumb\":{\"@id\":\"https:\\\/\\\/shopatoa.com\\\/ro\\\/philips-sonicare-3100-hx3675-15-periuta-de-dinti-electrica-2-buc\\\/#breadcrumb\"},\"inLanguage\":\"ro-RO\",\"potentialAction\":[{\"@type\":\"ReadAction\",\"target\":[\"https:\\\/\\\/shopatoa.com\\\/ro\\\/philips-sonicare-3100-hx3675-15-periuta-de-dinti-electrica-2-buc\\\/\"]}]},{\"@type\":\"ImageObject\",\"inLanguage\":\"ro-RO\",\"@id\":\"https:\\\/\\\/shopatoa.com\\\/ro\\\/philips-sonicare-3100-hx3675-15-periuta-de-dinti-electrica-2-buc\\\/#primaryimage\",\"url\":\"https:\\\/\\\/storage.googleapis.com\\\/cz-shopatoa-img\\\/ro\\\/a6e81e2d-unnamed-file.webp\",\"contentUrl\":\"https:\\\/\\\/storage.googleapis.com\\\/cz-shopatoa-img\\\/ro\\\/a6e81e2d-unnamed-file.webp\",\"width\":800,\"height\":800},{\"@type\":\"BreadcrumbList\",\"@id\":\"https:\\\/\\\/shopatoa.com\\\/ro\\\/philips-sonicare-3100-hx3675-15-periuta-de-dinti-electrica-2-buc\\\/#breadcrumb\",\"itemListElement\":[{\"@type\":\"ListItem\",\"position\":1,\"name\":\"Dom\u016f\",\"item\":\"https:\\\/\\\/shopatoa.com\\\/ro\\\/\"},{\"@type\":\"ListItem\",\"position\":2,\"name\":\"Shop\",\"item\":\"https:\\\/\\\/shopatoa.com\\\/ro\\\/shop\\\/\"},{\"@type\":\"ListItem\",\"position\":3,\"name\":\"S\u0103n\u0103tate \u0219i frumuse\u021be\",\"item\":\"https:\\\/\\\/shopatoa.com\\\/ro\\\/sanatate-si-frumusete\\\/\"},{\"@type\":\"ListItem\",\"position\":4,\"name\":\"\u00cengrijire personal\u0103\",\"item\":\"https:\\\/\\\/shopatoa.com\\\/ro\\\/ingrijire-personala\\\/\"},{\"@type\":\"ListItem\",\"position\":5,\"name\":\"\u00cengrijire oral\u0103\",\"item\":\"https:\\\/\\\/shopatoa.com\\\/ro\\\/ingrijire-orala\\\/\"},{\"@type\":\"ListItem\",\"position\":6,\"name\":\"Periu\u021be de din\u021bi\",\"item\":\"https:\\\/\\\/shopatoa.com\\\/ro\\\/periute-de-dinti-ingrijire-orala\\\/\"},{\"@type\":\"ListItem\",\"position\":7,\"name\":\"Philips Sonicare 3100 HX3675\\\/15 periuta de dinti electrica 2 buc\"}]},{\"@type\":\"WebSite\",\"@id\":\"https:\\\/\\\/shopatoa.com\\\/ro\\\/#website\",\"url\":\"https:\\\/\\\/shopatoa.com\\\/ro\\\/\",\"name\":\"SHOPATOA\",\"description\":\"\",\"publisher\":{\"@id\":\"https:\\\/\\\/shopatoa.com\\\/ro\\\/#organization\"},\"potentialAction\":[{\"@type\":\"SearchAction\",\"target\":{\"@type\":\"EntryPoint\",\"urlTemplate\":\"https:\\\/\\\/shopatoa.com\\\/ro\\\/?s={search_term_string}\"},\"query-input\":{\"@type\":\"PropertyValueSpecification\",\"valueRequired\":true,\"valueName\":\"search_term_string\"}}],\"inLanguage\":\"ro-RO\"},{\"@type\":\"Organization\",\"@id\":\"https:\\\/\\\/shopatoa.com\\\/ro\\\/#organization\",\"name\":\"SHOPATOA\",\"url\":\"https:\\\/\\\/shopatoa.com\\\/ro\\\/\",\"logo\":{\"@type\":\"ImageObject\",\"inLanguage\":\"ro-RO\",\"@id\":\"https:\\\/\\\/shopatoa.com\\\/ro\\\/#\\\/schema\\\/logo\\\/image\\\/\",\"url\":\"https:\\\/\\\/storage.googleapis.com\\\/cz-shopatoa-img\\\/ro\\\/b4dac915-shopatoa_logo.png\",\"contentUrl\":\"https:\\\/\\\/storage.googleapis.com\\\/cz-shopatoa-img\\\/ro\\\/b4dac915-shopatoa_logo.png\",\"width\":416,\"height\":63,\"caption\":\"SHOPATOA\"},\"image\":{\"@id\":\"https:\\\/\\\/shopatoa.com\\\/ro\\\/#\\\/schema\\\/logo\\\/image\\\/\"}}]}<\/script>\n<!-- \/ Yoast SEO plugin. -->","yoast_head_json":{"title":"Philips Sonicare 3100 HX3675\/15 periuta de dinti electrica 2 buc - SHOPATOA.COM","robots":{"index":"index","follow":"follow","max-snippet":"max-snippet:-1","max-image-preview":"max-image-preview:large","max-video-preview":"max-video-preview:-1"},"canonical":"https:\/\/shopatoa.com\/ro\/philips-sonicare-3100-hx3675-15-periuta-de-dinti-electrica-2-buc\/","og_locale":"ro_RO","og_type":"article","og_title":"Philips Sonicare 3100 HX3675\/15 periuta de dinti electrica 2 buc - SHOPATOA.COM","og_description":"Philips Sonicare 3100 HX3675\/15, 2 buc, Periute de dinti Sonicare pentru femei, Ave\u021bi senza\u021bia c\u0103 din\u021bii dvs. au nevoie de o cur\u0103\u021bare mai temeinic\u0103 dec\u00e2t pot oferi periu\u021bele de din\u021bi manuale? Periu\u021ba de din\u021bi electric\u0103 sonic\u0103 Philips Sonicare 3100 HX3675\/15 reu\u0219e\u0219te s\u0103 \u00eendep\u0103rteze eficient mai mult\u0103 plac\u0103 bacterian\u0103 \u0219i cur\u0103\u021b\u0103 mult mai bine at\u00e2t din\u021bii,...","og_url":"https:\/\/shopatoa.com\/ro\/philips-sonicare-3100-hx3675-15-periuta-de-dinti-electrica-2-buc\/","og_site_name":"SHOPATOA","article_modified_time":"2025-12-11T11:22:23+00:00","og_image":[{"width":800,"height":800,"url":"https:\/\/storage.googleapis.com\/cz-shopatoa-img\/ro\/a6e81e2d-unnamed-file.webp","type":"image\/webp"}],"twitter_card":"summary_large_image","twitter_misc":{"Timp estimat pentru citire":"1 minut"},"schema":{"@context":"https:\/\/schema.org","@graph":[{"@type":"WebPage","@id":"https:\/\/shopatoa.com\/ro\/philips-sonicare-3100-hx3675-15-periuta-de-dinti-electrica-2-buc\/","url":"https:\/\/shopatoa.com\/ro\/philips-sonicare-3100-hx3675-15-periuta-de-dinti-electrica-2-buc\/","name":"Philips Sonicare 3100 HX3675\/15 periuta de dinti electrica 2 buc - SHOPATOA.COM","isPartOf":{"@id":"https:\/\/shopatoa.com\/ro\/#website"},"primaryImageOfPage":{"@id":"https:\/\/shopatoa.com\/ro\/philips-sonicare-3100-hx3675-15-periuta-de-dinti-electrica-2-buc\/#primaryimage"},"image":{"@id":"https:\/\/shopatoa.com\/ro\/philips-sonicare-3100-hx3675-15-periuta-de-dinti-electrica-2-buc\/#primaryimage"},"thumbnailUrl":"https:\/\/storage.googleapis.com\/cz-shopatoa-img\/ro\/a6e81e2d-unnamed-file.webp","datePublished":"2025-06-23T18:31:12+00:00","dateModified":"2025-12-11T11:22:23+00:00","breadcrumb":{"@id":"https:\/\/shopatoa.com\/ro\/philips-sonicare-3100-hx3675-15-periuta-de-dinti-electrica-2-buc\/#breadcrumb"},"inLanguage":"ro-RO","potentialAction":[{"@type":"ReadAction","target":["https:\/\/shopatoa.com\/ro\/philips-sonicare-3100-hx3675-15-periuta-de-dinti-electrica-2-buc\/"]}]},{"@type":"ImageObject","inLanguage":"ro-RO","@id":"https:\/\/shopatoa.com\/ro\/philips-sonicare-3100-hx3675-15-periuta-de-dinti-electrica-2-buc\/#primaryimage","url":"https:\/\/storage.googleapis.com\/cz-shopatoa-img\/ro\/a6e81e2d-unnamed-file.webp","contentUrl":"https:\/\/storage.googleapis.com\/cz-shopatoa-img\/ro\/a6e81e2d-unnamed-file.webp","width":800,"height":800},{"@type":"BreadcrumbList","@id":"https:\/\/shopatoa.com\/ro\/philips-sonicare-3100-hx3675-15-periuta-de-dinti-electrica-2-buc\/#breadcrumb","itemListElement":[{"@type":"ListItem","position":1,"name":"Dom\u016f","item":"https:\/\/shopatoa.com\/ro\/"},{"@type":"ListItem","position":2,"name":"Shop","item":"https:\/\/shopatoa.com\/ro\/shop\/"},{"@type":"ListItem","position":3,"name":"S\u0103n\u0103tate \u0219i frumuse\u021be","item":"https:\/\/shopatoa.com\/ro\/sanatate-si-frumusete\/"},{"@type":"ListItem","position":4,"name":"\u00cengrijire personal\u0103","item":"https:\/\/shopatoa.com\/ro\/ingrijire-personala\/"},{"@type":"ListItem","position":5,"name":"\u00cengrijire oral\u0103","item":"https:\/\/shopatoa.com\/ro\/ingrijire-orala\/"},{"@type":"ListItem","position":6,"name":"Periu\u021be de din\u021bi","item":"https:\/\/shopatoa.com\/ro\/periute-de-dinti-ingrijire-orala\/"},{"@type":"ListItem","position":7,"name":"Philips Sonicare 3100 HX3675\/15 periuta de dinti electrica 2 buc"}]},{"@type":"WebSite","@id":"https:\/\/shopatoa.com\/ro\/#website","url":"https:\/\/shopatoa.com\/ro\/","name":"SHOPATOA","description":"","publisher":{"@id":"https:\/\/shopatoa.com\/ro\/#organization"},"potentialAction":[{"@type":"SearchAction","target":{"@type":"EntryPoint","urlTemplate":"https:\/\/shopatoa.com\/ro\/?s={search_term_string}"},"query-input":{"@type":"PropertyValueSpecification","valueRequired":true,"valueName":"search_term_string"}}],"inLanguage":"ro-RO"},{"@type":"Organization","@id":"https:\/\/shopatoa.com\/ro\/#organization","name":"SHOPATOA","url":"https:\/\/shopatoa.com\/ro\/","logo":{"@type":"ImageObject","inLanguage":"ro-RO","@id":"https:\/\/shopatoa.com\/ro\/#\/schema\/logo\/image\/","url":"https:\/\/storage.googleapis.com\/cz-shopatoa-img\/ro\/b4dac915-shopatoa_logo.png","contentUrl":"https:\/\/storage.googleapis.com\/cz-shopatoa-img\/ro\/b4dac915-shopatoa_logo.png","width":416,"height":63,"caption":"SHOPATOA"},"image":{"@id":"https:\/\/shopatoa.com\/ro\/#\/schema\/logo\/image\/"}}]}},"_links":{"self":[{"href":"https:\/\/shopatoa.com\/ro\/wp-json\/wp\/v2\/product\/432230","targetHints":{"allow":["GET"]}}],"collection":[{"href":"https:\/\/shopatoa.com\/ro\/wp-json\/wp\/v2\/product"}],"about":[{"href":"https:\/\/shopatoa.com\/ro\/wp-json\/wp\/v2\/types\/product"}],"replies":[{"embeddable":true,"href":"https:\/\/shopatoa.com\/ro\/wp-json\/wp\/v2\/comments?post=432230"}],"wp:featuredmedia":[{"embeddable":true,"href":"https:\/\/shopatoa.com\/ro\/wp-json\/wp\/v2\/media\/432231"}],"wp:attachment":[{"href":"https:\/\/shopatoa.com\/ro\/wp-json\/wp\/v2\/media?parent=432230"}],"wp:term":[{"taxonomy":"product_brand","embeddable":true,"href":"https:\/\/shopatoa.com\/ro\/wp-json\/wp\/v2\/product_brand?post=432230"},{"taxonomy":"product_cat","embeddable":true,"href":"https:\/\/shopatoa.com\/ro\/wp-json\/wp\/v2\/product_cat?post=432230"},{"taxonomy":"product_tag","embeddable":true,"href":"https:\/\/shopatoa.com\/ro\/wp-json\/wp\/v2\/product_tag?post=432230"}],"curies":[{"name":"wp","href":"https:\/\/api.w.org\/{rel}","templated":true}]}}