{"id":432988,"date":"2025-06-23T21:37:47","date_gmt":"2025-06-23T19:37:47","guid":{"rendered":"https:\/\/shopatoa.com\/ro\/disney-frozen-set-pentru-copii-2\/"},"modified":"2025-12-12T00:05:39","modified_gmt":"2025-12-11T23:05:39","slug":"disney-frozen-set-pentru-copii-2","status":"publish","type":"product","link":"https:\/\/shopatoa.com\/ro\/disney-frozen-set-pentru-copii-2\/","title":{"rendered":"Disney Frozen set pentru copii"},"content":{"rendered":"<p>Disney Frozen, Oj\u0103 de unghii pentru copii pentru copii, Pe primul loc, distrac\u021bia. Produsul Disney Frozen amuz\u0103 copiii, le permite s\u0103 se simt\u0103 pentru scurt timp \u201eoameni mari\u201c, iar designul s\u0103u juc\u0103u\u0219 \u00eei garanteaz\u0103 succesul.  Caracteristici:  lac de unghii colorat un design juc\u0103u\u0219, care se potrive\u0219te perfect \u00een camera copiilor dup\u0103 celebrul basm ecranizat pentru copii bucur\u0103 orice feti\u021b\u0103 foarte potrivit ca un cadou \u00een ambalaj juc\u0103u\u0219  idee de cadou, care sigur aduce bucurie  Setul con\u021bine:  Eau de Toilette pentru copii 50 ml lac de unghii pentru copii 1 buc usc\u0103tor de unghii 1 buc folii autocolante pentru unghii 1 buc<\/p>\n","protected":false},"excerpt":{"rendered":"<p>Disney Frozen, Oj\u0103 de unghii pentru copii pentru copii, Pe primul loc, distrac\u021bia. Produsul Disney Frozen amuz\u0103 copiii, le permite s\u0103 se simt\u0103 pentru scurt timp \u201eoameni mari\u201c, iar designul s\u0103u juc\u0103u\u0219 \u00eei garanteaz\u0103 succesul. Caracteristici: lac de unghii colorat un design juc\u0103u\u0219, care se potrive\u0219te perfect \u00een camera copiilor dup\u0103 celebrul basm ecranizat pentru&#8230;<\/p>\n","protected":false},"featured_media":432989,"comment_status":"closed","ping_status":"open","template":"","meta":{"_acf_changed":false,"_kadence_starter_templates_imported_post":false,"_kad_post_transparent":"","_kad_post_title":"","_kad_post_layout":"","_kad_post_sidebar_id":"","_kad_post_content_style":"","_kad_post_vertical_padding":"","_kad_post_feature":"","_kad_post_feature_position":"","_kad_post_header":false,"_kad_post_footer":false,"_kad_post_classname":""},"product_brand":[545],"product_cat":[3204,1564,1563,3200,1562],"product_tag":[],"class_list":{"0":"post-432988","1":"product","2":"type-product","3":"status-publish","4":"has-post-thumbnail","6":"product_brand-disney","7":"product_cat-apa-de-toaleta","8":"product_cat-cosmetice-ingrijire-personala","9":"product_cat-ingrijire-personala","10":"product_cat-parfumuri-si-colonii","11":"product_cat-sanatate-si-frumusete","12":"pa_gen-unisex","14":"first","15":"instock","16":"sale","17":"product-type-external","18":"entry","19":"content-bg","20":"loop-entry"},"acf":[],"yoast_head":"<!-- This site is optimized with the Yoast SEO plugin v27.3 - https:\/\/yoast.com\/product\/yoast-seo-wordpress\/ -->\n<title>Disney Frozen set pentru copii - SHOPATOA.COM<\/title>\n<meta name=\"robots\" content=\"index, follow, max-snippet:-1, max-image-preview:large, max-video-preview:-1\" \/>\n<link rel=\"canonical\" href=\"https:\/\/shopatoa.com\/ro\/disney-frozen-set-pentru-copii-2\/\" \/>\n<meta property=\"og:locale\" content=\"ro_RO\" \/>\n<meta property=\"og:type\" content=\"article\" \/>\n<meta property=\"og:title\" content=\"Disney Frozen set pentru copii - SHOPATOA.COM\" \/>\n<meta property=\"og:description\" content=\"Disney Frozen, Oj\u0103 de unghii pentru copii pentru copii, Pe primul loc, distrac\u021bia. Produsul Disney Frozen amuz\u0103 copiii, le permite s\u0103 se simt\u0103 pentru scurt timp \u201eoameni mari\u201c, iar designul s\u0103u juc\u0103u\u0219 \u00eei garanteaz\u0103 succesul. Caracteristici: lac de unghii colorat un design juc\u0103u\u0219, care se potrive\u0219te perfect \u00een camera copiilor dup\u0103 celebrul basm ecranizat pentru...\" \/>\n<meta property=\"og:url\" content=\"https:\/\/shopatoa.com\/ro\/disney-frozen-set-pentru-copii-2\/\" \/>\n<meta property=\"og:site_name\" content=\"SHOPATOA\" \/>\n<meta property=\"article:modified_time\" content=\"2025-12-11T23:05:39+00:00\" \/>\n<meta property=\"og:image\" content=\"https:\/\/storage.googleapis.com\/cz-shopatoa-img\/ro\/49bede3f-unnamed-file.webp\" \/>\n\t<meta property=\"og:image:width\" content=\"800\" \/>\n\t<meta property=\"og:image:height\" content=\"800\" \/>\n\t<meta property=\"og:image:type\" content=\"image\/webp\" \/>\n<meta name=\"twitter:card\" content=\"summary_large_image\" \/>\n<meta name=\"twitter:label1\" content=\"Timp estimat pentru citire\" \/>\n\t<meta name=\"twitter:data1\" content=\"1 minut\" \/>\n<script type=\"application\/ld+json\" class=\"yoast-schema-graph\">{\"@context\":\"https:\\\/\\\/schema.org\",\"@graph\":[{\"@type\":\"WebPage\",\"@id\":\"https:\\\/\\\/shopatoa.com\\\/ro\\\/disney-frozen-set-pentru-copii-2\\\/\",\"url\":\"https:\\\/\\\/shopatoa.com\\\/ro\\\/disney-frozen-set-pentru-copii-2\\\/\",\"name\":\"Disney Frozen set pentru copii - SHOPATOA.COM\",\"isPartOf\":{\"@id\":\"https:\\\/\\\/shopatoa.com\\\/ro\\\/#website\"},\"primaryImageOfPage\":{\"@id\":\"https:\\\/\\\/shopatoa.com\\\/ro\\\/disney-frozen-set-pentru-copii-2\\\/#primaryimage\"},\"image\":{\"@id\":\"https:\\\/\\\/shopatoa.com\\\/ro\\\/disney-frozen-set-pentru-copii-2\\\/#primaryimage\"},\"thumbnailUrl\":\"https:\\\/\\\/storage.googleapis.com\\\/cz-shopatoa-img\\\/ro\\\/49bede3f-unnamed-file.webp\",\"datePublished\":\"2025-06-23T19:37:47+00:00\",\"dateModified\":\"2025-12-11T23:05:39+00:00\",\"breadcrumb\":{\"@id\":\"https:\\\/\\\/shopatoa.com\\\/ro\\\/disney-frozen-set-pentru-copii-2\\\/#breadcrumb\"},\"inLanguage\":\"ro-RO\",\"potentialAction\":[{\"@type\":\"ReadAction\",\"target\":[\"https:\\\/\\\/shopatoa.com\\\/ro\\\/disney-frozen-set-pentru-copii-2\\\/\"]}]},{\"@type\":\"ImageObject\",\"inLanguage\":\"ro-RO\",\"@id\":\"https:\\\/\\\/shopatoa.com\\\/ro\\\/disney-frozen-set-pentru-copii-2\\\/#primaryimage\",\"url\":\"https:\\\/\\\/storage.googleapis.com\\\/cz-shopatoa-img\\\/ro\\\/49bede3f-unnamed-file.webp\",\"contentUrl\":\"https:\\\/\\\/storage.googleapis.com\\\/cz-shopatoa-img\\\/ro\\\/49bede3f-unnamed-file.webp\",\"width\":800,\"height\":800},{\"@type\":\"BreadcrumbList\",\"@id\":\"https:\\\/\\\/shopatoa.com\\\/ro\\\/disney-frozen-set-pentru-copii-2\\\/#breadcrumb\",\"itemListElement\":[{\"@type\":\"ListItem\",\"position\":1,\"name\":\"Dom\u016f\",\"item\":\"https:\\\/\\\/shopatoa.com\\\/ro\\\/\"},{\"@type\":\"ListItem\",\"position\":2,\"name\":\"Shop\",\"item\":\"https:\\\/\\\/shopatoa.com\\\/ro\\\/shop\\\/\"},{\"@type\":\"ListItem\",\"position\":3,\"name\":\"S\u0103n\u0103tate \u0219i frumuse\u021be\",\"item\":\"https:\\\/\\\/shopatoa.com\\\/ro\\\/sanatate-si-frumusete\\\/\"},{\"@type\":\"ListItem\",\"position\":4,\"name\":\"\u00cengrijire personal\u0103\",\"item\":\"https:\\\/\\\/shopatoa.com\\\/ro\\\/ingrijire-personala\\\/\"},{\"@type\":\"ListItem\",\"position\":5,\"name\":\"Cosmetice\",\"item\":\"https:\\\/\\\/shopatoa.com\\\/ro\\\/cosmetice-ingrijire-personala\\\/\"},{\"@type\":\"ListItem\",\"position\":6,\"name\":\"Parfumuri \u0219i colonii\",\"item\":\"https:\\\/\\\/shopatoa.com\\\/ro\\\/parfumuri-si-colonii\\\/\"},{\"@type\":\"ListItem\",\"position\":7,\"name\":\"Ap\u0103 de toalet\u0103\",\"item\":\"https:\\\/\\\/shopatoa.com\\\/ro\\\/apa-de-toaleta\\\/\"},{\"@type\":\"ListItem\",\"position\":8,\"name\":\"Disney Frozen set pentru copii\"}]},{\"@type\":\"WebSite\",\"@id\":\"https:\\\/\\\/shopatoa.com\\\/ro\\\/#website\",\"url\":\"https:\\\/\\\/shopatoa.com\\\/ro\\\/\",\"name\":\"SHOPATOA\",\"description\":\"\",\"publisher\":{\"@id\":\"https:\\\/\\\/shopatoa.com\\\/ro\\\/#organization\"},\"potentialAction\":[{\"@type\":\"SearchAction\",\"target\":{\"@type\":\"EntryPoint\",\"urlTemplate\":\"https:\\\/\\\/shopatoa.com\\\/ro\\\/?s={search_term_string}\"},\"query-input\":{\"@type\":\"PropertyValueSpecification\",\"valueRequired\":true,\"valueName\":\"search_term_string\"}}],\"inLanguage\":\"ro-RO\"},{\"@type\":\"Organization\",\"@id\":\"https:\\\/\\\/shopatoa.com\\\/ro\\\/#organization\",\"name\":\"SHOPATOA\",\"url\":\"https:\\\/\\\/shopatoa.com\\\/ro\\\/\",\"logo\":{\"@type\":\"ImageObject\",\"inLanguage\":\"ro-RO\",\"@id\":\"https:\\\/\\\/shopatoa.com\\\/ro\\\/#\\\/schema\\\/logo\\\/image\\\/\",\"url\":\"https:\\\/\\\/storage.googleapis.com\\\/cz-shopatoa-img\\\/ro\\\/b4dac915-shopatoa_logo.png\",\"contentUrl\":\"https:\\\/\\\/storage.googleapis.com\\\/cz-shopatoa-img\\\/ro\\\/b4dac915-shopatoa_logo.png\",\"width\":416,\"height\":63,\"caption\":\"SHOPATOA\"},\"image\":{\"@id\":\"https:\\\/\\\/shopatoa.com\\\/ro\\\/#\\\/schema\\\/logo\\\/image\\\/\"}}]}<\/script>\n<!-- \/ Yoast SEO plugin. -->","yoast_head_json":{"title":"Disney Frozen set pentru copii - SHOPATOA.COM","robots":{"index":"index","follow":"follow","max-snippet":"max-snippet:-1","max-image-preview":"max-image-preview:large","max-video-preview":"max-video-preview:-1"},"canonical":"https:\/\/shopatoa.com\/ro\/disney-frozen-set-pentru-copii-2\/","og_locale":"ro_RO","og_type":"article","og_title":"Disney Frozen set pentru copii - SHOPATOA.COM","og_description":"Disney Frozen, Oj\u0103 de unghii pentru copii pentru copii, Pe primul loc, distrac\u021bia. Produsul Disney Frozen amuz\u0103 copiii, le permite s\u0103 se simt\u0103 pentru scurt timp \u201eoameni mari\u201c, iar designul s\u0103u juc\u0103u\u0219 \u00eei garanteaz\u0103 succesul. Caracteristici: lac de unghii colorat un design juc\u0103u\u0219, care se potrive\u0219te perfect \u00een camera copiilor dup\u0103 celebrul basm ecranizat pentru...","og_url":"https:\/\/shopatoa.com\/ro\/disney-frozen-set-pentru-copii-2\/","og_site_name":"SHOPATOA","article_modified_time":"2025-12-11T23:05:39+00:00","og_image":[{"width":800,"height":800,"url":"https:\/\/storage.googleapis.com\/cz-shopatoa-img\/ro\/49bede3f-unnamed-file.webp","type":"image\/webp"}],"twitter_card":"summary_large_image","twitter_misc":{"Timp estimat pentru citire":"1 minut"},"schema":{"@context":"https:\/\/schema.org","@graph":[{"@type":"WebPage","@id":"https:\/\/shopatoa.com\/ro\/disney-frozen-set-pentru-copii-2\/","url":"https:\/\/shopatoa.com\/ro\/disney-frozen-set-pentru-copii-2\/","name":"Disney Frozen set pentru copii - SHOPATOA.COM","isPartOf":{"@id":"https:\/\/shopatoa.com\/ro\/#website"},"primaryImageOfPage":{"@id":"https:\/\/shopatoa.com\/ro\/disney-frozen-set-pentru-copii-2\/#primaryimage"},"image":{"@id":"https:\/\/shopatoa.com\/ro\/disney-frozen-set-pentru-copii-2\/#primaryimage"},"thumbnailUrl":"https:\/\/storage.googleapis.com\/cz-shopatoa-img\/ro\/49bede3f-unnamed-file.webp","datePublished":"2025-06-23T19:37:47+00:00","dateModified":"2025-12-11T23:05:39+00:00","breadcrumb":{"@id":"https:\/\/shopatoa.com\/ro\/disney-frozen-set-pentru-copii-2\/#breadcrumb"},"inLanguage":"ro-RO","potentialAction":[{"@type":"ReadAction","target":["https:\/\/shopatoa.com\/ro\/disney-frozen-set-pentru-copii-2\/"]}]},{"@type":"ImageObject","inLanguage":"ro-RO","@id":"https:\/\/shopatoa.com\/ro\/disney-frozen-set-pentru-copii-2\/#primaryimage","url":"https:\/\/storage.googleapis.com\/cz-shopatoa-img\/ro\/49bede3f-unnamed-file.webp","contentUrl":"https:\/\/storage.googleapis.com\/cz-shopatoa-img\/ro\/49bede3f-unnamed-file.webp","width":800,"height":800},{"@type":"BreadcrumbList","@id":"https:\/\/shopatoa.com\/ro\/disney-frozen-set-pentru-copii-2\/#breadcrumb","itemListElement":[{"@type":"ListItem","position":1,"name":"Dom\u016f","item":"https:\/\/shopatoa.com\/ro\/"},{"@type":"ListItem","position":2,"name":"Shop","item":"https:\/\/shopatoa.com\/ro\/shop\/"},{"@type":"ListItem","position":3,"name":"S\u0103n\u0103tate \u0219i frumuse\u021be","item":"https:\/\/shopatoa.com\/ro\/sanatate-si-frumusete\/"},{"@type":"ListItem","position":4,"name":"\u00cengrijire personal\u0103","item":"https:\/\/shopatoa.com\/ro\/ingrijire-personala\/"},{"@type":"ListItem","position":5,"name":"Cosmetice","item":"https:\/\/shopatoa.com\/ro\/cosmetice-ingrijire-personala\/"},{"@type":"ListItem","position":6,"name":"Parfumuri \u0219i colonii","item":"https:\/\/shopatoa.com\/ro\/parfumuri-si-colonii\/"},{"@type":"ListItem","position":7,"name":"Ap\u0103 de toalet\u0103","item":"https:\/\/shopatoa.com\/ro\/apa-de-toaleta\/"},{"@type":"ListItem","position":8,"name":"Disney Frozen set pentru copii"}]},{"@type":"WebSite","@id":"https:\/\/shopatoa.com\/ro\/#website","url":"https:\/\/shopatoa.com\/ro\/","name":"SHOPATOA","description":"","publisher":{"@id":"https:\/\/shopatoa.com\/ro\/#organization"},"potentialAction":[{"@type":"SearchAction","target":{"@type":"EntryPoint","urlTemplate":"https:\/\/shopatoa.com\/ro\/?s={search_term_string}"},"query-input":{"@type":"PropertyValueSpecification","valueRequired":true,"valueName":"search_term_string"}}],"inLanguage":"ro-RO"},{"@type":"Organization","@id":"https:\/\/shopatoa.com\/ro\/#organization","name":"SHOPATOA","url":"https:\/\/shopatoa.com\/ro\/","logo":{"@type":"ImageObject","inLanguage":"ro-RO","@id":"https:\/\/shopatoa.com\/ro\/#\/schema\/logo\/image\/","url":"https:\/\/storage.googleapis.com\/cz-shopatoa-img\/ro\/b4dac915-shopatoa_logo.png","contentUrl":"https:\/\/storage.googleapis.com\/cz-shopatoa-img\/ro\/b4dac915-shopatoa_logo.png","width":416,"height":63,"caption":"SHOPATOA"},"image":{"@id":"https:\/\/shopatoa.com\/ro\/#\/schema\/logo\/image\/"}}]}},"_links":{"self":[{"href":"https:\/\/shopatoa.com\/ro\/wp-json\/wp\/v2\/product\/432988","targetHints":{"allow":["GET"]}}],"collection":[{"href":"https:\/\/shopatoa.com\/ro\/wp-json\/wp\/v2\/product"}],"about":[{"href":"https:\/\/shopatoa.com\/ro\/wp-json\/wp\/v2\/types\/product"}],"replies":[{"embeddable":true,"href":"https:\/\/shopatoa.com\/ro\/wp-json\/wp\/v2\/comments?post=432988"}],"wp:featuredmedia":[{"embeddable":true,"href":"https:\/\/shopatoa.com\/ro\/wp-json\/wp\/v2\/media\/432989"}],"wp:attachment":[{"href":"https:\/\/shopatoa.com\/ro\/wp-json\/wp\/v2\/media?parent=432988"}],"wp:term":[{"taxonomy":"product_brand","embeddable":true,"href":"https:\/\/shopatoa.com\/ro\/wp-json\/wp\/v2\/product_brand?post=432988"},{"taxonomy":"product_cat","embeddable":true,"href":"https:\/\/shopatoa.com\/ro\/wp-json\/wp\/v2\/product_cat?post=432988"},{"taxonomy":"product_tag","embeddable":true,"href":"https:\/\/shopatoa.com\/ro\/wp-json\/wp\/v2\/product_tag?post=432988"}],"curies":[{"name":"wp","href":"https:\/\/api.w.org\/{rel}","templated":true}]}}