{"id":432996,"date":"2025-06-23T21:37:47","date_gmt":"2025-06-23T19:37:47","guid":{"rendered":"https:\/\/shopatoa.com\/ro\/la-florentina-rose-bouquet-set-set-cadou-de-maini\/"},"modified":"2025-12-12T00:12:31","modified_gmt":"2025-12-11T23:12:31","slug":"la-florentina-rose-bouquet-set-set-cadou-de-maini","status":"publish","type":"product","link":"https:\/\/shopatoa.com\/ro\/la-florentina-rose-bouquet-set-set-cadou-de-maini\/","title":{"rendered":"La Florentina Rose Bouquet Set set cadou de maini"},"content":{"rendered":"<p>La Florentina Rose Bouquet Set, 3&#215;75 ml, Seturi cosmetice pentru femei, Totul pentru o piele frumoas\u0103, \u00eentr-un singur pachet. R\u0103sf\u0103\u021ba\u021bi-v\u0103 cu setul de cosmetice La Florentina Rose Bouquet Set sau oferi\u021bi-l cadou celor dragi.  Setul con\u021bine:  La Florentina Bouquet di Rose Hand Cream crem\u0103 natural\u0103 de m\u00e2ini 75 ml La Florentina Bouquet di Rose Hand Cream crem\u0103 natural\u0103 de m\u00e2ini 75 ml La Florentina Bouquet di Rose Hand Cream crem\u0103 natural\u0103 de m\u00e2ini 75 ml  Caracteristici:  foarte potrivit ca un cadou bucur\u0103 orice femeie produse pentru nutri\u021bie \u0219i hidratare \u00een profunzime las\u0103 pielea fin\u0103 \u0219i neted\u0103 se absoarbe rapid miroase pl\u0103cut  Ingrediente:  produs vegan con\u021bine cel pu\u021bin 99 % ingrediente de origine natural\u0103  Cum se utilizeaz\u0103: Se aplic\u0103 crema pe m\u00e2ini, dup\u0103 nevoie \u0219i se maseaz\u0103 p\u00e2n\u0103 la absorb\u021bie.<\/p>\n","protected":false},"excerpt":{"rendered":"<p>La Florentina Rose Bouquet Set, 3&#215;75 ml, Seturi cosmetice pentru femei, Totul pentru o piele frumoas\u0103, \u00eentr-un singur pachet. R\u0103sf\u0103\u021ba\u021bi-v\u0103 cu setul de cosmetice La Florentina Rose Bouquet Set sau oferi\u021bi-l cadou celor dragi. Setul con\u021bine: La Florentina Bouquet di Rose Hand Cream crem\u0103 natural\u0103 de m\u00e2ini 75 ml La Florentina Bouquet di Rose Hand&#8230;<\/p>\n","protected":false},"featured_media":432997,"comment_status":"closed","ping_status":"open","template":"","meta":{"_acf_changed":false,"_kadence_starter_templates_imported_post":false,"_kad_post_transparent":"","_kad_post_title":"","_kad_post_layout":"","_kad_post_sidebar_id":"","_kad_post_content_style":"","_kad_post_vertical_padding":"","_kad_post_feature":"","_kad_post_feature_position":"","_kad_post_header":false,"_kad_post_footer":false,"_kad_post_classname":""},"product_brand":[2468],"product_cat":[1564,1563,1565,1562],"product_tag":[],"class_list":{"0":"post-432996","1":"product","2":"type-product","3":"status-publish","4":"has-post-thumbnail","6":"product_brand-la-florentina","7":"product_cat-cosmetice-ingrijire-personala","8":"product_cat-ingrijire-personala","9":"product_cat-ingrijirea-pielii","10":"product_cat-sanatate-si-frumusete","11":"pa_gen-female","12":"pa_marime-3x75-ml","14":"first","15":"instock","16":"sale","17":"product-type-external","18":"entry","19":"content-bg","20":"loop-entry"},"acf":[],"yoast_head":"<!-- This site is optimized with the Yoast SEO plugin v27.4 - https:\/\/yoast.com\/product\/yoast-seo-wordpress\/ -->\n<title>La Florentina Rose Bouquet Set set cadou de maini - SHOPATOA.COM<\/title>\n<meta name=\"robots\" content=\"index, follow, max-snippet:-1, max-image-preview:large, max-video-preview:-1\" \/>\n<link rel=\"canonical\" href=\"https:\/\/shopatoa.com\/ro\/la-florentina-rose-bouquet-set-set-cadou-de-maini\/\" \/>\n<meta property=\"og:locale\" content=\"ro_RO\" \/>\n<meta property=\"og:type\" content=\"article\" \/>\n<meta property=\"og:title\" content=\"La Florentina Rose Bouquet Set set cadou de maini - SHOPATOA.COM\" \/>\n<meta property=\"og:description\" content=\"La Florentina Rose Bouquet Set, 3&#215;75 ml, Seturi cosmetice pentru femei, Totul pentru o piele frumoas\u0103, \u00eentr-un singur pachet. R\u0103sf\u0103\u021ba\u021bi-v\u0103 cu setul de cosmetice La Florentina Rose Bouquet Set sau oferi\u021bi-l cadou celor dragi. Setul con\u021bine: La Florentina Bouquet di Rose Hand Cream crem\u0103 natural\u0103 de m\u00e2ini 75 ml La Florentina Bouquet di Rose Hand...\" \/>\n<meta property=\"og:url\" content=\"https:\/\/shopatoa.com\/ro\/la-florentina-rose-bouquet-set-set-cadou-de-maini\/\" \/>\n<meta property=\"og:site_name\" content=\"SHOPATOA\" \/>\n<meta property=\"article:modified_time\" content=\"2025-12-11T23:12:31+00:00\" \/>\n<meta property=\"og:image\" content=\"https:\/\/storage.googleapis.com\/cz-shopatoa-img\/ro\/6bc835f5-unnamed-file.webp\" \/>\n\t<meta property=\"og:image:width\" content=\"800\" \/>\n\t<meta property=\"og:image:height\" content=\"800\" \/>\n\t<meta property=\"og:image:type\" content=\"image\/webp\" \/>\n<meta name=\"twitter:card\" content=\"summary_large_image\" \/>\n<meta name=\"twitter:label1\" content=\"Timp estimat pentru citire\" \/>\n\t<meta name=\"twitter:data1\" content=\"1 minut\" \/>\n<script type=\"application\/ld+json\" class=\"yoast-schema-graph\">{\"@context\":\"https:\\\/\\\/schema.org\",\"@graph\":[{\"@type\":\"WebPage\",\"@id\":\"https:\\\/\\\/shopatoa.com\\\/ro\\\/la-florentina-rose-bouquet-set-set-cadou-de-maini\\\/\",\"url\":\"https:\\\/\\\/shopatoa.com\\\/ro\\\/la-florentina-rose-bouquet-set-set-cadou-de-maini\\\/\",\"name\":\"La Florentina Rose Bouquet Set set cadou de maini - SHOPATOA.COM\",\"isPartOf\":{\"@id\":\"https:\\\/\\\/shopatoa.com\\\/ro\\\/#website\"},\"primaryImageOfPage\":{\"@id\":\"https:\\\/\\\/shopatoa.com\\\/ro\\\/la-florentina-rose-bouquet-set-set-cadou-de-maini\\\/#primaryimage\"},\"image\":{\"@id\":\"https:\\\/\\\/shopatoa.com\\\/ro\\\/la-florentina-rose-bouquet-set-set-cadou-de-maini\\\/#primaryimage\"},\"thumbnailUrl\":\"https:\\\/\\\/storage.googleapis.com\\\/cz-shopatoa-img\\\/ro\\\/6bc835f5-unnamed-file.webp\",\"datePublished\":\"2025-06-23T19:37:47+00:00\",\"dateModified\":\"2025-12-11T23:12:31+00:00\",\"breadcrumb\":{\"@id\":\"https:\\\/\\\/shopatoa.com\\\/ro\\\/la-florentina-rose-bouquet-set-set-cadou-de-maini\\\/#breadcrumb\"},\"inLanguage\":\"ro-RO\",\"potentialAction\":[{\"@type\":\"ReadAction\",\"target\":[\"https:\\\/\\\/shopatoa.com\\\/ro\\\/la-florentina-rose-bouquet-set-set-cadou-de-maini\\\/\"]}]},{\"@type\":\"ImageObject\",\"inLanguage\":\"ro-RO\",\"@id\":\"https:\\\/\\\/shopatoa.com\\\/ro\\\/la-florentina-rose-bouquet-set-set-cadou-de-maini\\\/#primaryimage\",\"url\":\"https:\\\/\\\/storage.googleapis.com\\\/cz-shopatoa-img\\\/ro\\\/6bc835f5-unnamed-file.webp\",\"contentUrl\":\"https:\\\/\\\/storage.googleapis.com\\\/cz-shopatoa-img\\\/ro\\\/6bc835f5-unnamed-file.webp\",\"width\":800,\"height\":800},{\"@type\":\"BreadcrumbList\",\"@id\":\"https:\\\/\\\/shopatoa.com\\\/ro\\\/la-florentina-rose-bouquet-set-set-cadou-de-maini\\\/#breadcrumb\",\"itemListElement\":[{\"@type\":\"ListItem\",\"position\":1,\"name\":\"Dom\u016f\",\"item\":\"https:\\\/\\\/shopatoa.com\\\/ro\\\/\"},{\"@type\":\"ListItem\",\"position\":2,\"name\":\"Shop\",\"item\":\"https:\\\/\\\/shopatoa.com\\\/ro\\\/shop\\\/\"},{\"@type\":\"ListItem\",\"position\":3,\"name\":\"S\u0103n\u0103tate \u0219i frumuse\u021be\",\"item\":\"https:\\\/\\\/shopatoa.com\\\/ro\\\/sanatate-si-frumusete\\\/\"},{\"@type\":\"ListItem\",\"position\":4,\"name\":\"\u00cengrijire personal\u0103\",\"item\":\"https:\\\/\\\/shopatoa.com\\\/ro\\\/ingrijire-personala\\\/\"},{\"@type\":\"ListItem\",\"position\":5,\"name\":\"Cosmetice\",\"item\":\"https:\\\/\\\/shopatoa.com\\\/ro\\\/cosmetice-ingrijire-personala\\\/\"},{\"@type\":\"ListItem\",\"position\":6,\"name\":\"\u00cengrijirea pielii\",\"item\":\"https:\\\/\\\/shopatoa.com\\\/ro\\\/ingrijirea-pielii\\\/\"},{\"@type\":\"ListItem\",\"position\":7,\"name\":\"La Florentina Rose Bouquet Set set cadou de maini\"}]},{\"@type\":\"WebSite\",\"@id\":\"https:\\\/\\\/shopatoa.com\\\/ro\\\/#website\",\"url\":\"https:\\\/\\\/shopatoa.com\\\/ro\\\/\",\"name\":\"SHOPATOA\",\"description\":\"\",\"publisher\":{\"@id\":\"https:\\\/\\\/shopatoa.com\\\/ro\\\/#organization\"},\"potentialAction\":[{\"@type\":\"SearchAction\",\"target\":{\"@type\":\"EntryPoint\",\"urlTemplate\":\"https:\\\/\\\/shopatoa.com\\\/ro\\\/?s={search_term_string}\"},\"query-input\":{\"@type\":\"PropertyValueSpecification\",\"valueRequired\":true,\"valueName\":\"search_term_string\"}}],\"inLanguage\":\"ro-RO\"},{\"@type\":\"Organization\",\"@id\":\"https:\\\/\\\/shopatoa.com\\\/ro\\\/#organization\",\"name\":\"SHOPATOA\",\"url\":\"https:\\\/\\\/shopatoa.com\\\/ro\\\/\",\"logo\":{\"@type\":\"ImageObject\",\"inLanguage\":\"ro-RO\",\"@id\":\"https:\\\/\\\/shopatoa.com\\\/ro\\\/#\\\/schema\\\/logo\\\/image\\\/\",\"url\":\"https:\\\/\\\/storage.googleapis.com\\\/cz-shopatoa-img\\\/ro\\\/b4dac915-shopatoa_logo.png\",\"contentUrl\":\"https:\\\/\\\/storage.googleapis.com\\\/cz-shopatoa-img\\\/ro\\\/b4dac915-shopatoa_logo.png\",\"width\":416,\"height\":63,\"caption\":\"SHOPATOA\"},\"image\":{\"@id\":\"https:\\\/\\\/shopatoa.com\\\/ro\\\/#\\\/schema\\\/logo\\\/image\\\/\"}}]}<\/script>\n<!-- \/ Yoast SEO plugin. -->","yoast_head_json":{"title":"La Florentina Rose Bouquet Set set cadou de maini - SHOPATOA.COM","robots":{"index":"index","follow":"follow","max-snippet":"max-snippet:-1","max-image-preview":"max-image-preview:large","max-video-preview":"max-video-preview:-1"},"canonical":"https:\/\/shopatoa.com\/ro\/la-florentina-rose-bouquet-set-set-cadou-de-maini\/","og_locale":"ro_RO","og_type":"article","og_title":"La Florentina Rose Bouquet Set set cadou de maini - SHOPATOA.COM","og_description":"La Florentina Rose Bouquet Set, 3&#215;75 ml, Seturi cosmetice pentru femei, Totul pentru o piele frumoas\u0103, \u00eentr-un singur pachet. R\u0103sf\u0103\u021ba\u021bi-v\u0103 cu setul de cosmetice La Florentina Rose Bouquet Set sau oferi\u021bi-l cadou celor dragi. Setul con\u021bine: La Florentina Bouquet di Rose Hand Cream crem\u0103 natural\u0103 de m\u00e2ini 75 ml La Florentina Bouquet di Rose Hand...","og_url":"https:\/\/shopatoa.com\/ro\/la-florentina-rose-bouquet-set-set-cadou-de-maini\/","og_site_name":"SHOPATOA","article_modified_time":"2025-12-11T23:12:31+00:00","og_image":[{"width":800,"height":800,"url":"https:\/\/storage.googleapis.com\/cz-shopatoa-img\/ro\/6bc835f5-unnamed-file.webp","type":"image\/webp"}],"twitter_card":"summary_large_image","twitter_misc":{"Timp estimat pentru citire":"1 minut"},"schema":{"@context":"https:\/\/schema.org","@graph":[{"@type":"WebPage","@id":"https:\/\/shopatoa.com\/ro\/la-florentina-rose-bouquet-set-set-cadou-de-maini\/","url":"https:\/\/shopatoa.com\/ro\/la-florentina-rose-bouquet-set-set-cadou-de-maini\/","name":"La Florentina Rose Bouquet Set set cadou de maini - SHOPATOA.COM","isPartOf":{"@id":"https:\/\/shopatoa.com\/ro\/#website"},"primaryImageOfPage":{"@id":"https:\/\/shopatoa.com\/ro\/la-florentina-rose-bouquet-set-set-cadou-de-maini\/#primaryimage"},"image":{"@id":"https:\/\/shopatoa.com\/ro\/la-florentina-rose-bouquet-set-set-cadou-de-maini\/#primaryimage"},"thumbnailUrl":"https:\/\/storage.googleapis.com\/cz-shopatoa-img\/ro\/6bc835f5-unnamed-file.webp","datePublished":"2025-06-23T19:37:47+00:00","dateModified":"2025-12-11T23:12:31+00:00","breadcrumb":{"@id":"https:\/\/shopatoa.com\/ro\/la-florentina-rose-bouquet-set-set-cadou-de-maini\/#breadcrumb"},"inLanguage":"ro-RO","potentialAction":[{"@type":"ReadAction","target":["https:\/\/shopatoa.com\/ro\/la-florentina-rose-bouquet-set-set-cadou-de-maini\/"]}]},{"@type":"ImageObject","inLanguage":"ro-RO","@id":"https:\/\/shopatoa.com\/ro\/la-florentina-rose-bouquet-set-set-cadou-de-maini\/#primaryimage","url":"https:\/\/storage.googleapis.com\/cz-shopatoa-img\/ro\/6bc835f5-unnamed-file.webp","contentUrl":"https:\/\/storage.googleapis.com\/cz-shopatoa-img\/ro\/6bc835f5-unnamed-file.webp","width":800,"height":800},{"@type":"BreadcrumbList","@id":"https:\/\/shopatoa.com\/ro\/la-florentina-rose-bouquet-set-set-cadou-de-maini\/#breadcrumb","itemListElement":[{"@type":"ListItem","position":1,"name":"Dom\u016f","item":"https:\/\/shopatoa.com\/ro\/"},{"@type":"ListItem","position":2,"name":"Shop","item":"https:\/\/shopatoa.com\/ro\/shop\/"},{"@type":"ListItem","position":3,"name":"S\u0103n\u0103tate \u0219i frumuse\u021be","item":"https:\/\/shopatoa.com\/ro\/sanatate-si-frumusete\/"},{"@type":"ListItem","position":4,"name":"\u00cengrijire personal\u0103","item":"https:\/\/shopatoa.com\/ro\/ingrijire-personala\/"},{"@type":"ListItem","position":5,"name":"Cosmetice","item":"https:\/\/shopatoa.com\/ro\/cosmetice-ingrijire-personala\/"},{"@type":"ListItem","position":6,"name":"\u00cengrijirea pielii","item":"https:\/\/shopatoa.com\/ro\/ingrijirea-pielii\/"},{"@type":"ListItem","position":7,"name":"La Florentina Rose Bouquet Set set cadou de maini"}]},{"@type":"WebSite","@id":"https:\/\/shopatoa.com\/ro\/#website","url":"https:\/\/shopatoa.com\/ro\/","name":"SHOPATOA","description":"","publisher":{"@id":"https:\/\/shopatoa.com\/ro\/#organization"},"potentialAction":[{"@type":"SearchAction","target":{"@type":"EntryPoint","urlTemplate":"https:\/\/shopatoa.com\/ro\/?s={search_term_string}"},"query-input":{"@type":"PropertyValueSpecification","valueRequired":true,"valueName":"search_term_string"}}],"inLanguage":"ro-RO"},{"@type":"Organization","@id":"https:\/\/shopatoa.com\/ro\/#organization","name":"SHOPATOA","url":"https:\/\/shopatoa.com\/ro\/","logo":{"@type":"ImageObject","inLanguage":"ro-RO","@id":"https:\/\/shopatoa.com\/ro\/#\/schema\/logo\/image\/","url":"https:\/\/storage.googleapis.com\/cz-shopatoa-img\/ro\/b4dac915-shopatoa_logo.png","contentUrl":"https:\/\/storage.googleapis.com\/cz-shopatoa-img\/ro\/b4dac915-shopatoa_logo.png","width":416,"height":63,"caption":"SHOPATOA"},"image":{"@id":"https:\/\/shopatoa.com\/ro\/#\/schema\/logo\/image\/"}}]}},"_links":{"self":[{"href":"https:\/\/shopatoa.com\/ro\/wp-json\/wp\/v2\/product\/432996","targetHints":{"allow":["GET"]}}],"collection":[{"href":"https:\/\/shopatoa.com\/ro\/wp-json\/wp\/v2\/product"}],"about":[{"href":"https:\/\/shopatoa.com\/ro\/wp-json\/wp\/v2\/types\/product"}],"replies":[{"embeddable":true,"href":"https:\/\/shopatoa.com\/ro\/wp-json\/wp\/v2\/comments?post=432996"}],"wp:featuredmedia":[{"embeddable":true,"href":"https:\/\/shopatoa.com\/ro\/wp-json\/wp\/v2\/media\/432997"}],"wp:attachment":[{"href":"https:\/\/shopatoa.com\/ro\/wp-json\/wp\/v2\/media?parent=432996"}],"wp:term":[{"taxonomy":"product_brand","embeddable":true,"href":"https:\/\/shopatoa.com\/ro\/wp-json\/wp\/v2\/product_brand?post=432996"},{"taxonomy":"product_cat","embeddable":true,"href":"https:\/\/shopatoa.com\/ro\/wp-json\/wp\/v2\/product_cat?post=432996"},{"taxonomy":"product_tag","embeddable":true,"href":"https:\/\/shopatoa.com\/ro\/wp-json\/wp\/v2\/product_tag?post=432996"}],"curies":[{"name":"wp","href":"https:\/\/api.w.org\/{rel}","templated":true}]}}