{"id":433036,"date":"2025-06-23T21:41:20","date_gmt":"2025-06-23T19:41:20","guid":{"rendered":"https:\/\/shopatoa.com\/ro\/bath-body-works-gingham-spray-pentru-camera-425-g\/"},"modified":"2025-12-12T00:02:39","modified_gmt":"2025-12-11T23:02:39","slug":"bath-body-works-gingham-spray-pentru-camera-425-g","status":"publish","type":"product","link":"https:\/\/shopatoa.com\/ro\/bath-body-works-gingham-spray-pentru-camera-425-g\/","title":{"rendered":"Bath &amp; Body Works Gingham spray pentru camera 42,5 g"},"content":{"rendered":"<p>Bath &amp; Body Works Gingham, 42,5 g, Odorizante de camer\u0103 Parfumuri pentru casa, Odorizantul de camer\u0103 Bath &amp; Body Works Gingham parfumeaz\u0103 minunat \u00eenc\u0103perile, cu o singur\u0103 pulverizare. Datorit\u0103 efectului imediat, te po\u021bi bucura de aroma pl\u0103cut\u0103 oric\u00e2nd dore\u0219ti.  Caracteristici:  parfum floral parfum de fructe  Cum se utilizeaz\u0103: A nu se l\u0103sa la \u00eendem\u00e2na copiilor \u0219i a animalelor de companie. \u00cen cazul \u00een care con\u021binutul difuzorului intr\u0103 \u00een contact cu pielea, aceasta se spal\u0103 imediat cu mult\u0103 ap\u0103 \u0219i s\u0103pun. \u00cen cazul contactului cu ochii, se vor cl\u0103ti cu ap\u0103 timp de c\u00e2teva minute. Con\u021bine aerosoli extrem de inflamabili. Se va evita apropierea de suprafe\u021be fierbin\u021bi, de sc\u00e2ntei, de flac\u0103r\u0103 deschis\u0103 \u0219i de alte surse de c\u0103ldur\u0103. Recipient sub presiune, pericol de explozie \u00een cazul \u00eenc\u0103lzirii sau deterior\u0103rii ambalajului.<\/p>\n","protected":false},"excerpt":{"rendered":"<p>Bath &amp; Body Works Gingham, 42,5 g, Odorizante de camer\u0103 Parfumuri pentru casa, Odorizantul de camer\u0103 Bath &amp; Body Works Gingham parfumeaz\u0103 minunat \u00eenc\u0103perile, cu o singur\u0103 pulverizare. Datorit\u0103 efectului imediat, te po\u021bi bucura de aroma pl\u0103cut\u0103 oric\u00e2nd dore\u0219ti. Caracteristici: parfum floral parfum de fructe Cum se utilizeaz\u0103: A nu se l\u0103sa la \u00eendem\u00e2na copiilor&#8230;<\/p>\n","protected":false},"featured_media":433037,"comment_status":"closed","ping_status":"open","template":"","meta":{"_acf_changed":false,"_kadence_starter_templates_imported_post":false,"_kad_post_transparent":"","_kad_post_title":"","_kad_post_layout":"","_kad_post_sidebar_id":"","_kad_post_content_style":"","_kad_post_vertical_padding":"","_kad_post_feature":"","_kad_post_feature_position":"","_kad_post_header":false,"_kad_post_footer":false,"_kad_post_classname":""},"product_brand":[1640],"product_cat":[1821,1642,1822,1641,1820,1824,1823],"product_tag":[],"class_list":{"0":"post-433036","1":"product","2":"type-product","3":"status-publish","4":"has-post-thumbnail","6":"product_brand-bath-body-works","7":"product_cat-air-fresheners-casa-si-gradina","8":"product_cat-decor","9":"product_cat-decoratiuni","10":"product_cat-home-garden","11":"product_cat-home-fragrances","12":"product_cat-odorizante-de-aer","13":"product_cat-parfumuri-de-casa-decoratiuni","14":"pa_gen-unisex","15":"pa_marime-425-g","17":"first","18":"instock","19":"sale","20":"product-type-external","21":"entry","22":"content-bg","23":"loop-entry"},"acf":[],"yoast_head":"<!-- This site is optimized with the Yoast SEO plugin v27.3 - https:\/\/yoast.com\/product\/yoast-seo-wordpress\/ -->\n<title>Bath &amp; Body Works Gingham spray pentru camera 42,5 g - SHOPATOA.COM<\/title>\n<meta name=\"robots\" content=\"index, follow, max-snippet:-1, max-image-preview:large, max-video-preview:-1\" \/>\n<link rel=\"canonical\" href=\"https:\/\/shopatoa.com\/ro\/bath-body-works-gingham-spray-pentru-camera-425-g\/\" \/>\n<meta property=\"og:locale\" content=\"ro_RO\" \/>\n<meta property=\"og:type\" content=\"article\" \/>\n<meta property=\"og:title\" content=\"Bath &amp; Body Works Gingham spray pentru camera 42,5 g - SHOPATOA.COM\" \/>\n<meta property=\"og:description\" content=\"Bath &amp; Body Works Gingham, 42,5 g, Odorizante de camer\u0103 Parfumuri pentru casa, Odorizantul de camer\u0103 Bath &amp; Body Works Gingham parfumeaz\u0103 minunat \u00eenc\u0103perile, cu o singur\u0103 pulverizare. Datorit\u0103 efectului imediat, te po\u021bi bucura de aroma pl\u0103cut\u0103 oric\u00e2nd dore\u0219ti. Caracteristici: parfum floral parfum de fructe Cum se utilizeaz\u0103: A nu se l\u0103sa la \u00eendem\u00e2na copiilor...\" \/>\n<meta property=\"og:url\" content=\"https:\/\/shopatoa.com\/ro\/bath-body-works-gingham-spray-pentru-camera-425-g\/\" \/>\n<meta property=\"og:site_name\" content=\"SHOPATOA\" \/>\n<meta property=\"article:modified_time\" content=\"2025-12-11T23:02:39+00:00\" \/>\n<meta property=\"og:image\" content=\"https:\/\/storage.googleapis.com\/cz-shopatoa-img\/ro\/90d7cdd7-unnamed-file.webp\" \/>\n\t<meta property=\"og:image:width\" content=\"800\" \/>\n\t<meta property=\"og:image:height\" content=\"800\" \/>\n\t<meta property=\"og:image:type\" content=\"image\/webp\" \/>\n<meta name=\"twitter:card\" content=\"summary_large_image\" \/>\n<meta name=\"twitter:label1\" content=\"Timp estimat pentru citire\" \/>\n\t<meta name=\"twitter:data1\" content=\"1 minut\" \/>\n<script type=\"application\/ld+json\" class=\"yoast-schema-graph\">{\"@context\":\"https:\\\/\\\/schema.org\",\"@graph\":[{\"@type\":\"WebPage\",\"@id\":\"https:\\\/\\\/shopatoa.com\\\/ro\\\/bath-body-works-gingham-spray-pentru-camera-425-g\\\/\",\"url\":\"https:\\\/\\\/shopatoa.com\\\/ro\\\/bath-body-works-gingham-spray-pentru-camera-425-g\\\/\",\"name\":\"Bath & Body Works Gingham spray pentru camera 42,5 g - SHOPATOA.COM\",\"isPartOf\":{\"@id\":\"https:\\\/\\\/shopatoa.com\\\/ro\\\/#website\"},\"primaryImageOfPage\":{\"@id\":\"https:\\\/\\\/shopatoa.com\\\/ro\\\/bath-body-works-gingham-spray-pentru-camera-425-g\\\/#primaryimage\"},\"image\":{\"@id\":\"https:\\\/\\\/shopatoa.com\\\/ro\\\/bath-body-works-gingham-spray-pentru-camera-425-g\\\/#primaryimage\"},\"thumbnailUrl\":\"https:\\\/\\\/storage.googleapis.com\\\/cz-shopatoa-img\\\/ro\\\/90d7cdd7-unnamed-file.webp\",\"datePublished\":\"2025-06-23T19:41:20+00:00\",\"dateModified\":\"2025-12-11T23:02:39+00:00\",\"breadcrumb\":{\"@id\":\"https:\\\/\\\/shopatoa.com\\\/ro\\\/bath-body-works-gingham-spray-pentru-camera-425-g\\\/#breadcrumb\"},\"inLanguage\":\"ro-RO\",\"potentialAction\":[{\"@type\":\"ReadAction\",\"target\":[\"https:\\\/\\\/shopatoa.com\\\/ro\\\/bath-body-works-gingham-spray-pentru-camera-425-g\\\/\"]}]},{\"@type\":\"ImageObject\",\"inLanguage\":\"ro-RO\",\"@id\":\"https:\\\/\\\/shopatoa.com\\\/ro\\\/bath-body-works-gingham-spray-pentru-camera-425-g\\\/#primaryimage\",\"url\":\"https:\\\/\\\/storage.googleapis.com\\\/cz-shopatoa-img\\\/ro\\\/90d7cdd7-unnamed-file.webp\",\"contentUrl\":\"https:\\\/\\\/storage.googleapis.com\\\/cz-shopatoa-img\\\/ro\\\/90d7cdd7-unnamed-file.webp\",\"width\":800,\"height\":800},{\"@type\":\"BreadcrumbList\",\"@id\":\"https:\\\/\\\/shopatoa.com\\\/ro\\\/bath-body-works-gingham-spray-pentru-camera-425-g\\\/#breadcrumb\",\"itemListElement\":[{\"@type\":\"ListItem\",\"position\":1,\"name\":\"Dom\u016f\",\"item\":\"https:\\\/\\\/shopatoa.com\\\/ro\\\/\"},{\"@type\":\"ListItem\",\"position\":2,\"name\":\"Shop\",\"item\":\"https:\\\/\\\/shopatoa.com\\\/ro\\\/shop\\\/\"},{\"@type\":\"ListItem\",\"position\":3,\"name\":\"Home &amp; Garden\",\"item\":\"https:\\\/\\\/shopatoa.com\\\/ro\\\/home-garden\\\/\"},{\"@type\":\"ListItem\",\"position\":4,\"name\":\"Decor\",\"item\":\"https:\\\/\\\/shopatoa.com\\\/ro\\\/decor\\\/\"},{\"@type\":\"ListItem\",\"position\":5,\"name\":\"Home Fragrances\",\"item\":\"https:\\\/\\\/shopatoa.com\\\/ro\\\/home-fragrances\\\/\"},{\"@type\":\"ListItem\",\"position\":6,\"name\":\"Air Fresheners Casa \u0219i gr\u0103din\u0103\",\"item\":\"https:\\\/\\\/shopatoa.com\\\/ro\\\/air-fresheners-casa-si-gradina\\\/\"},{\"@type\":\"ListItem\",\"position\":7,\"name\":\"Decora\u021biuni\",\"item\":\"https:\\\/\\\/shopatoa.com\\\/ro\\\/decoratiuni\\\/\"},{\"@type\":\"ListItem\",\"position\":8,\"name\":\"Parfumuri de cas\u0103\",\"item\":\"https:\\\/\\\/shopatoa.com\\\/ro\\\/parfumuri-de-casa-decoratiuni\\\/\"},{\"@type\":\"ListItem\",\"position\":9,\"name\":\"Odorizante de aer\",\"item\":\"https:\\\/\\\/shopatoa.com\\\/ro\\\/odorizante-de-aer\\\/\"},{\"@type\":\"ListItem\",\"position\":10,\"name\":\"Bath &amp; Body Works Gingham spray pentru camera 42,5 g\"}]},{\"@type\":\"WebSite\",\"@id\":\"https:\\\/\\\/shopatoa.com\\\/ro\\\/#website\",\"url\":\"https:\\\/\\\/shopatoa.com\\\/ro\\\/\",\"name\":\"SHOPATOA\",\"description\":\"\",\"publisher\":{\"@id\":\"https:\\\/\\\/shopatoa.com\\\/ro\\\/#organization\"},\"potentialAction\":[{\"@type\":\"SearchAction\",\"target\":{\"@type\":\"EntryPoint\",\"urlTemplate\":\"https:\\\/\\\/shopatoa.com\\\/ro\\\/?s={search_term_string}\"},\"query-input\":{\"@type\":\"PropertyValueSpecification\",\"valueRequired\":true,\"valueName\":\"search_term_string\"}}],\"inLanguage\":\"ro-RO\"},{\"@type\":\"Organization\",\"@id\":\"https:\\\/\\\/shopatoa.com\\\/ro\\\/#organization\",\"name\":\"SHOPATOA\",\"url\":\"https:\\\/\\\/shopatoa.com\\\/ro\\\/\",\"logo\":{\"@type\":\"ImageObject\",\"inLanguage\":\"ro-RO\",\"@id\":\"https:\\\/\\\/shopatoa.com\\\/ro\\\/#\\\/schema\\\/logo\\\/image\\\/\",\"url\":\"https:\\\/\\\/storage.googleapis.com\\\/cz-shopatoa-img\\\/ro\\\/b4dac915-shopatoa_logo.png\",\"contentUrl\":\"https:\\\/\\\/storage.googleapis.com\\\/cz-shopatoa-img\\\/ro\\\/b4dac915-shopatoa_logo.png\",\"width\":416,\"height\":63,\"caption\":\"SHOPATOA\"},\"image\":{\"@id\":\"https:\\\/\\\/shopatoa.com\\\/ro\\\/#\\\/schema\\\/logo\\\/image\\\/\"}}]}<\/script>\n<!-- \/ Yoast SEO plugin. -->","yoast_head_json":{"title":"Bath & Body Works Gingham spray pentru camera 42,5 g - SHOPATOA.COM","robots":{"index":"index","follow":"follow","max-snippet":"max-snippet:-1","max-image-preview":"max-image-preview:large","max-video-preview":"max-video-preview:-1"},"canonical":"https:\/\/shopatoa.com\/ro\/bath-body-works-gingham-spray-pentru-camera-425-g\/","og_locale":"ro_RO","og_type":"article","og_title":"Bath & Body Works Gingham spray pentru camera 42,5 g - SHOPATOA.COM","og_description":"Bath &amp; Body Works Gingham, 42,5 g, Odorizante de camer\u0103 Parfumuri pentru casa, Odorizantul de camer\u0103 Bath &amp; Body Works Gingham parfumeaz\u0103 minunat \u00eenc\u0103perile, cu o singur\u0103 pulverizare. Datorit\u0103 efectului imediat, te po\u021bi bucura de aroma pl\u0103cut\u0103 oric\u00e2nd dore\u0219ti. Caracteristici: parfum floral parfum de fructe Cum se utilizeaz\u0103: A nu se l\u0103sa la \u00eendem\u00e2na copiilor...","og_url":"https:\/\/shopatoa.com\/ro\/bath-body-works-gingham-spray-pentru-camera-425-g\/","og_site_name":"SHOPATOA","article_modified_time":"2025-12-11T23:02:39+00:00","og_image":[{"width":800,"height":800,"url":"https:\/\/storage.googleapis.com\/cz-shopatoa-img\/ro\/90d7cdd7-unnamed-file.webp","type":"image\/webp"}],"twitter_card":"summary_large_image","twitter_misc":{"Timp estimat pentru citire":"1 minut"},"schema":{"@context":"https:\/\/schema.org","@graph":[{"@type":"WebPage","@id":"https:\/\/shopatoa.com\/ro\/bath-body-works-gingham-spray-pentru-camera-425-g\/","url":"https:\/\/shopatoa.com\/ro\/bath-body-works-gingham-spray-pentru-camera-425-g\/","name":"Bath & Body Works Gingham spray pentru camera 42,5 g - SHOPATOA.COM","isPartOf":{"@id":"https:\/\/shopatoa.com\/ro\/#website"},"primaryImageOfPage":{"@id":"https:\/\/shopatoa.com\/ro\/bath-body-works-gingham-spray-pentru-camera-425-g\/#primaryimage"},"image":{"@id":"https:\/\/shopatoa.com\/ro\/bath-body-works-gingham-spray-pentru-camera-425-g\/#primaryimage"},"thumbnailUrl":"https:\/\/storage.googleapis.com\/cz-shopatoa-img\/ro\/90d7cdd7-unnamed-file.webp","datePublished":"2025-06-23T19:41:20+00:00","dateModified":"2025-12-11T23:02:39+00:00","breadcrumb":{"@id":"https:\/\/shopatoa.com\/ro\/bath-body-works-gingham-spray-pentru-camera-425-g\/#breadcrumb"},"inLanguage":"ro-RO","potentialAction":[{"@type":"ReadAction","target":["https:\/\/shopatoa.com\/ro\/bath-body-works-gingham-spray-pentru-camera-425-g\/"]}]},{"@type":"ImageObject","inLanguage":"ro-RO","@id":"https:\/\/shopatoa.com\/ro\/bath-body-works-gingham-spray-pentru-camera-425-g\/#primaryimage","url":"https:\/\/storage.googleapis.com\/cz-shopatoa-img\/ro\/90d7cdd7-unnamed-file.webp","contentUrl":"https:\/\/storage.googleapis.com\/cz-shopatoa-img\/ro\/90d7cdd7-unnamed-file.webp","width":800,"height":800},{"@type":"BreadcrumbList","@id":"https:\/\/shopatoa.com\/ro\/bath-body-works-gingham-spray-pentru-camera-425-g\/#breadcrumb","itemListElement":[{"@type":"ListItem","position":1,"name":"Dom\u016f","item":"https:\/\/shopatoa.com\/ro\/"},{"@type":"ListItem","position":2,"name":"Shop","item":"https:\/\/shopatoa.com\/ro\/shop\/"},{"@type":"ListItem","position":3,"name":"Home &amp; Garden","item":"https:\/\/shopatoa.com\/ro\/home-garden\/"},{"@type":"ListItem","position":4,"name":"Decor","item":"https:\/\/shopatoa.com\/ro\/decor\/"},{"@type":"ListItem","position":5,"name":"Home Fragrances","item":"https:\/\/shopatoa.com\/ro\/home-fragrances\/"},{"@type":"ListItem","position":6,"name":"Air Fresheners Casa \u0219i gr\u0103din\u0103","item":"https:\/\/shopatoa.com\/ro\/air-fresheners-casa-si-gradina\/"},{"@type":"ListItem","position":7,"name":"Decora\u021biuni","item":"https:\/\/shopatoa.com\/ro\/decoratiuni\/"},{"@type":"ListItem","position":8,"name":"Parfumuri de cas\u0103","item":"https:\/\/shopatoa.com\/ro\/parfumuri-de-casa-decoratiuni\/"},{"@type":"ListItem","position":9,"name":"Odorizante de aer","item":"https:\/\/shopatoa.com\/ro\/odorizante-de-aer\/"},{"@type":"ListItem","position":10,"name":"Bath &amp; Body Works Gingham spray pentru camera 42,5 g"}]},{"@type":"WebSite","@id":"https:\/\/shopatoa.com\/ro\/#website","url":"https:\/\/shopatoa.com\/ro\/","name":"SHOPATOA","description":"","publisher":{"@id":"https:\/\/shopatoa.com\/ro\/#organization"},"potentialAction":[{"@type":"SearchAction","target":{"@type":"EntryPoint","urlTemplate":"https:\/\/shopatoa.com\/ro\/?s={search_term_string}"},"query-input":{"@type":"PropertyValueSpecification","valueRequired":true,"valueName":"search_term_string"}}],"inLanguage":"ro-RO"},{"@type":"Organization","@id":"https:\/\/shopatoa.com\/ro\/#organization","name":"SHOPATOA","url":"https:\/\/shopatoa.com\/ro\/","logo":{"@type":"ImageObject","inLanguage":"ro-RO","@id":"https:\/\/shopatoa.com\/ro\/#\/schema\/logo\/image\/","url":"https:\/\/storage.googleapis.com\/cz-shopatoa-img\/ro\/b4dac915-shopatoa_logo.png","contentUrl":"https:\/\/storage.googleapis.com\/cz-shopatoa-img\/ro\/b4dac915-shopatoa_logo.png","width":416,"height":63,"caption":"SHOPATOA"},"image":{"@id":"https:\/\/shopatoa.com\/ro\/#\/schema\/logo\/image\/"}}]}},"_links":{"self":[{"href":"https:\/\/shopatoa.com\/ro\/wp-json\/wp\/v2\/product\/433036","targetHints":{"allow":["GET"]}}],"collection":[{"href":"https:\/\/shopatoa.com\/ro\/wp-json\/wp\/v2\/product"}],"about":[{"href":"https:\/\/shopatoa.com\/ro\/wp-json\/wp\/v2\/types\/product"}],"replies":[{"embeddable":true,"href":"https:\/\/shopatoa.com\/ro\/wp-json\/wp\/v2\/comments?post=433036"}],"wp:featuredmedia":[{"embeddable":true,"href":"https:\/\/shopatoa.com\/ro\/wp-json\/wp\/v2\/media\/433037"}],"wp:attachment":[{"href":"https:\/\/shopatoa.com\/ro\/wp-json\/wp\/v2\/media?parent=433036"}],"wp:term":[{"taxonomy":"product_brand","embeddable":true,"href":"https:\/\/shopatoa.com\/ro\/wp-json\/wp\/v2\/product_brand?post=433036"},{"taxonomy":"product_cat","embeddable":true,"href":"https:\/\/shopatoa.com\/ro\/wp-json\/wp\/v2\/product_cat?post=433036"},{"taxonomy":"product_tag","embeddable":true,"href":"https:\/\/shopatoa.com\/ro\/wp-json\/wp\/v2\/product_tag?post=433036"}],"curies":[{"name":"wp","href":"https:\/\/api.w.org\/{rel}","templated":true}]}}