{"id":433462,"date":"2025-06-23T22:17:07","date_gmt":"2025-06-23T20:17:07","guid":{"rendered":"https:\/\/shopatoa.com\/ro\/t-tomi-small-baggie-geanta-pentru-calatorii-fern-18x24-cm\/"},"modified":"2025-06-23T22:18:38","modified_gmt":"2025-06-23T20:18:38","slug":"t-tomi-small-baggie-geanta-pentru-calatorii-fern-18x24-cm","status":"publish","type":"product","link":"https:\/\/shopatoa.com\/ro\/t-tomi-small-baggie-geanta-pentru-calatorii-fern-18x24-cm\/","title":{"rendered":"T-TOMI Small Baggie geant\u0103 pentru c\u0103l\u0103torii Fern 18&#215;24 cm"},"content":{"rendered":"<p>T-TOMI Small Baggie, 18&#215;24 cm, Gen\u021bi \u0219i rucsacuri pentru copii pentru femei, P\u00e2n\u0103 \u0219i copiii vor s\u0103-\u0219i p\u0103streze produsele cosmetice esen\u021biale ordonat \u00eentr-un singur loc. R\u0103sf\u0103\u021ba\u021bi-v\u0103 feti\u021ba stilat\u0103 sau b\u0103ie\u021belul cu o geant\u0103 cosmetic\u0103 proprie, \u00een care \u00ee\u0219i poate depozita produsele esen\u021biale la fel ca adul\u021bii. Geanta cosmetic\u0103 T-TOMISmall Baggie este suficient de mare pentru a depozita tot ce are nevoie copilul dvs. Este excelent\u0103 at\u00e2t pentru c\u0103l\u0103torii, c\u00e2t \u0219i pentru depozitarea cosmeticelor \u0219i accesoriilor pentru copii \u00een locuin\u021ba dvs. \u00cen plus, depozitarea \u00een geant\u0103 \u00eel va ajuta pe copil s\u0103 \u00eenve\u021be c\u0103 totul are locul s\u0103u \u0219i c\u0103 este important s\u0103 p\u0103streze lucrurile \u00een ordine.  Caracteristici:  ofer\u0103 posibilitatea unor utiliz\u0103ri versatile material rezistent \u0219i de calitate Ideali pentru plimb\u0103ri \u0219i excursii spa\u021biu suficient buzunare cu fermoar<\/p>\n","protected":false},"excerpt":{"rendered":"<p>T-TOMI Small Baggie, 18&#215;24 cm, Gen\u021bi \u0219i rucsacuri pentru copii pentru femei, P\u00e2n\u0103 \u0219i copiii vor s\u0103-\u0219i p\u0103streze produsele cosmetice esen\u021biale ordonat \u00eentr-un singur loc. R\u0103sf\u0103\u021ba\u021bi-v\u0103 feti\u021ba stilat\u0103 sau b\u0103ie\u021belul cu o geant\u0103 cosmetic\u0103 proprie, \u00een care \u00ee\u0219i poate depozita produsele esen\u021biale la fel ca adul\u021bii. Geanta cosmetic\u0103 T-TOMISmall Baggie este suficient de mare pentru&#8230;<\/p>\n","protected":false},"featured_media":433463,"comment_status":"closed","ping_status":"open","template":"","meta":{"_acf_changed":false,"_kadence_starter_templates_imported_post":false,"_kad_post_transparent":"","_kad_post_title":"","_kad_post_layout":"","_kad_post_sidebar_id":"","_kad_post_content_style":"","_kad_post_vertical_padding":"","_kad_post_feature":"","_kad_post_feature_position":"","_kad_post_header":false,"_kad_post_footer":false,"_kad_post_classname":""},"product_brand":[3595],"product_cat":[3217,1564,3218,1563,1576,1562],"product_tag":[],"class_list":{"0":"post-433462","1":"product","2":"type-product","3":"status-publish","4":"has-post-thumbnail","6":"product_brand-t-tomi","7":"product_cat-accesorii","8":"product_cat-cosmetice-ingrijire-personala","9":"product_cat-genti-cosmetice","10":"product_cat-ingrijire-personala","11":"product_cat-machiaj","12":"product_cat-sanatate-si-frumusete","13":"pa_gen-female","14":"pa_marime-18x24-cm","16":"first","17":"instock","18":"product-type-external","19":"entry","20":"content-bg","21":"loop-entry"},"acf":[],"yoast_head":"<!-- This site is optimized with the Yoast SEO plugin v27.4 - https:\/\/yoast.com\/product\/yoast-seo-wordpress\/ -->\n<title>T-TOMI Small Baggie geant\u0103 pentru c\u0103l\u0103torii Fern 18x24 cm - SHOPATOA.COM<\/title>\n<meta name=\"robots\" content=\"index, follow, max-snippet:-1, max-image-preview:large, max-video-preview:-1\" \/>\n<link rel=\"canonical\" href=\"https:\/\/shopatoa.com\/ro\/t-tomi-small-baggie-geanta-pentru-calatorii-fern-18x24-cm\/\" \/>\n<meta property=\"og:locale\" content=\"ro_RO\" \/>\n<meta property=\"og:type\" content=\"article\" \/>\n<meta property=\"og:title\" content=\"T-TOMI Small Baggie geant\u0103 pentru c\u0103l\u0103torii Fern 18x24 cm - SHOPATOA.COM\" \/>\n<meta property=\"og:description\" content=\"T-TOMI Small Baggie, 18&#215;24 cm, Gen\u021bi \u0219i rucsacuri pentru copii pentru femei, P\u00e2n\u0103 \u0219i copiii vor s\u0103-\u0219i p\u0103streze produsele cosmetice esen\u021biale ordonat \u00eentr-un singur loc. R\u0103sf\u0103\u021ba\u021bi-v\u0103 feti\u021ba stilat\u0103 sau b\u0103ie\u021belul cu o geant\u0103 cosmetic\u0103 proprie, \u00een care \u00ee\u0219i poate depozita produsele esen\u021biale la fel ca adul\u021bii. Geanta cosmetic\u0103 T-TOMISmall Baggie este suficient de mare pentru...\" \/>\n<meta property=\"og:url\" content=\"https:\/\/shopatoa.com\/ro\/t-tomi-small-baggie-geanta-pentru-calatorii-fern-18x24-cm\/\" \/>\n<meta property=\"og:site_name\" content=\"SHOPATOA\" \/>\n<meta property=\"article:modified_time\" content=\"2025-06-23T20:18:38+00:00\" \/>\n<meta property=\"og:image\" content=\"https:\/\/storage.googleapis.com\/cz-shopatoa-img\/ro\/c972698a-unnamed-file.webp\" \/>\n\t<meta property=\"og:image:width\" content=\"800\" \/>\n\t<meta property=\"og:image:height\" content=\"800\" \/>\n\t<meta property=\"og:image:type\" content=\"image\/webp\" \/>\n<meta name=\"twitter:card\" content=\"summary_large_image\" \/>\n<meta name=\"twitter:label1\" content=\"Timp estimat pentru citire\" \/>\n\t<meta name=\"twitter:data1\" content=\"1 minut\" \/>\n<script type=\"application\/ld+json\" class=\"yoast-schema-graph\">{\"@context\":\"https:\\\/\\\/schema.org\",\"@graph\":[{\"@type\":\"WebPage\",\"@id\":\"https:\\\/\\\/shopatoa.com\\\/ro\\\/t-tomi-small-baggie-geanta-pentru-calatorii-fern-18x24-cm\\\/\",\"url\":\"https:\\\/\\\/shopatoa.com\\\/ro\\\/t-tomi-small-baggie-geanta-pentru-calatorii-fern-18x24-cm\\\/\",\"name\":\"T-TOMI Small Baggie geant\u0103 pentru c\u0103l\u0103torii Fern 18x24 cm - SHOPATOA.COM\",\"isPartOf\":{\"@id\":\"https:\\\/\\\/shopatoa.com\\\/ro\\\/#website\"},\"primaryImageOfPage\":{\"@id\":\"https:\\\/\\\/shopatoa.com\\\/ro\\\/t-tomi-small-baggie-geanta-pentru-calatorii-fern-18x24-cm\\\/#primaryimage\"},\"image\":{\"@id\":\"https:\\\/\\\/shopatoa.com\\\/ro\\\/t-tomi-small-baggie-geanta-pentru-calatorii-fern-18x24-cm\\\/#primaryimage\"},\"thumbnailUrl\":\"https:\\\/\\\/storage.googleapis.com\\\/cz-shopatoa-img\\\/ro\\\/c972698a-unnamed-file.webp\",\"datePublished\":\"2025-06-23T20:17:07+00:00\",\"dateModified\":\"2025-06-23T20:18:38+00:00\",\"breadcrumb\":{\"@id\":\"https:\\\/\\\/shopatoa.com\\\/ro\\\/t-tomi-small-baggie-geanta-pentru-calatorii-fern-18x24-cm\\\/#breadcrumb\"},\"inLanguage\":\"ro-RO\",\"potentialAction\":[{\"@type\":\"ReadAction\",\"target\":[\"https:\\\/\\\/shopatoa.com\\\/ro\\\/t-tomi-small-baggie-geanta-pentru-calatorii-fern-18x24-cm\\\/\"]}]},{\"@type\":\"ImageObject\",\"inLanguage\":\"ro-RO\",\"@id\":\"https:\\\/\\\/shopatoa.com\\\/ro\\\/t-tomi-small-baggie-geanta-pentru-calatorii-fern-18x24-cm\\\/#primaryimage\",\"url\":\"https:\\\/\\\/storage.googleapis.com\\\/cz-shopatoa-img\\\/ro\\\/c972698a-unnamed-file.webp\",\"contentUrl\":\"https:\\\/\\\/storage.googleapis.com\\\/cz-shopatoa-img\\\/ro\\\/c972698a-unnamed-file.webp\",\"width\":800,\"height\":800},{\"@type\":\"BreadcrumbList\",\"@id\":\"https:\\\/\\\/shopatoa.com\\\/ro\\\/t-tomi-small-baggie-geanta-pentru-calatorii-fern-18x24-cm\\\/#breadcrumb\",\"itemListElement\":[{\"@type\":\"ListItem\",\"position\":1,\"name\":\"Dom\u016f\",\"item\":\"https:\\\/\\\/shopatoa.com\\\/ro\\\/\"},{\"@type\":\"ListItem\",\"position\":2,\"name\":\"Shop\",\"item\":\"https:\\\/\\\/shopatoa.com\\\/ro\\\/shop\\\/\"},{\"@type\":\"ListItem\",\"position\":3,\"name\":\"T-TOMI Small Baggie geant\u0103 pentru c\u0103l\u0103torii Fern 18&#215;24 cm\"}]},{\"@type\":\"WebSite\",\"@id\":\"https:\\\/\\\/shopatoa.com\\\/ro\\\/#website\",\"url\":\"https:\\\/\\\/shopatoa.com\\\/ro\\\/\",\"name\":\"SHOPATOA\",\"description\":\"\",\"publisher\":{\"@id\":\"https:\\\/\\\/shopatoa.com\\\/ro\\\/#organization\"},\"potentialAction\":[{\"@type\":\"SearchAction\",\"target\":{\"@type\":\"EntryPoint\",\"urlTemplate\":\"https:\\\/\\\/shopatoa.com\\\/ro\\\/?s={search_term_string}\"},\"query-input\":{\"@type\":\"PropertyValueSpecification\",\"valueRequired\":true,\"valueName\":\"search_term_string\"}}],\"inLanguage\":\"ro-RO\"},{\"@type\":\"Organization\",\"@id\":\"https:\\\/\\\/shopatoa.com\\\/ro\\\/#organization\",\"name\":\"SHOPATOA\",\"url\":\"https:\\\/\\\/shopatoa.com\\\/ro\\\/\",\"logo\":{\"@type\":\"ImageObject\",\"inLanguage\":\"ro-RO\",\"@id\":\"https:\\\/\\\/shopatoa.com\\\/ro\\\/#\\\/schema\\\/logo\\\/image\\\/\",\"url\":\"https:\\\/\\\/storage.googleapis.com\\\/cz-shopatoa-img\\\/ro\\\/b4dac915-shopatoa_logo.png\",\"contentUrl\":\"https:\\\/\\\/storage.googleapis.com\\\/cz-shopatoa-img\\\/ro\\\/b4dac915-shopatoa_logo.png\",\"width\":416,\"height\":63,\"caption\":\"SHOPATOA\"},\"image\":{\"@id\":\"https:\\\/\\\/shopatoa.com\\\/ro\\\/#\\\/schema\\\/logo\\\/image\\\/\"}}]}<\/script>\n<!-- \/ Yoast SEO plugin. -->","yoast_head_json":{"title":"T-TOMI Small Baggie geant\u0103 pentru c\u0103l\u0103torii Fern 18x24 cm - SHOPATOA.COM","robots":{"index":"index","follow":"follow","max-snippet":"max-snippet:-1","max-image-preview":"max-image-preview:large","max-video-preview":"max-video-preview:-1"},"canonical":"https:\/\/shopatoa.com\/ro\/t-tomi-small-baggie-geanta-pentru-calatorii-fern-18x24-cm\/","og_locale":"ro_RO","og_type":"article","og_title":"T-TOMI Small Baggie geant\u0103 pentru c\u0103l\u0103torii Fern 18x24 cm - SHOPATOA.COM","og_description":"T-TOMI Small Baggie, 18&#215;24 cm, Gen\u021bi \u0219i rucsacuri pentru copii pentru femei, P\u00e2n\u0103 \u0219i copiii vor s\u0103-\u0219i p\u0103streze produsele cosmetice esen\u021biale ordonat \u00eentr-un singur loc. R\u0103sf\u0103\u021ba\u021bi-v\u0103 feti\u021ba stilat\u0103 sau b\u0103ie\u021belul cu o geant\u0103 cosmetic\u0103 proprie, \u00een care \u00ee\u0219i poate depozita produsele esen\u021biale la fel ca adul\u021bii. Geanta cosmetic\u0103 T-TOMISmall Baggie este suficient de mare pentru...","og_url":"https:\/\/shopatoa.com\/ro\/t-tomi-small-baggie-geanta-pentru-calatorii-fern-18x24-cm\/","og_site_name":"SHOPATOA","article_modified_time":"2025-06-23T20:18:38+00:00","og_image":[{"width":800,"height":800,"url":"https:\/\/storage.googleapis.com\/cz-shopatoa-img\/ro\/c972698a-unnamed-file.webp","type":"image\/webp"}],"twitter_card":"summary_large_image","twitter_misc":{"Timp estimat pentru citire":"1 minut"},"schema":{"@context":"https:\/\/schema.org","@graph":[{"@type":"WebPage","@id":"https:\/\/shopatoa.com\/ro\/t-tomi-small-baggie-geanta-pentru-calatorii-fern-18x24-cm\/","url":"https:\/\/shopatoa.com\/ro\/t-tomi-small-baggie-geanta-pentru-calatorii-fern-18x24-cm\/","name":"T-TOMI Small Baggie geant\u0103 pentru c\u0103l\u0103torii Fern 18x24 cm - SHOPATOA.COM","isPartOf":{"@id":"https:\/\/shopatoa.com\/ro\/#website"},"primaryImageOfPage":{"@id":"https:\/\/shopatoa.com\/ro\/t-tomi-small-baggie-geanta-pentru-calatorii-fern-18x24-cm\/#primaryimage"},"image":{"@id":"https:\/\/shopatoa.com\/ro\/t-tomi-small-baggie-geanta-pentru-calatorii-fern-18x24-cm\/#primaryimage"},"thumbnailUrl":"https:\/\/storage.googleapis.com\/cz-shopatoa-img\/ro\/c972698a-unnamed-file.webp","datePublished":"2025-06-23T20:17:07+00:00","dateModified":"2025-06-23T20:18:38+00:00","breadcrumb":{"@id":"https:\/\/shopatoa.com\/ro\/t-tomi-small-baggie-geanta-pentru-calatorii-fern-18x24-cm\/#breadcrumb"},"inLanguage":"ro-RO","potentialAction":[{"@type":"ReadAction","target":["https:\/\/shopatoa.com\/ro\/t-tomi-small-baggie-geanta-pentru-calatorii-fern-18x24-cm\/"]}]},{"@type":"ImageObject","inLanguage":"ro-RO","@id":"https:\/\/shopatoa.com\/ro\/t-tomi-small-baggie-geanta-pentru-calatorii-fern-18x24-cm\/#primaryimage","url":"https:\/\/storage.googleapis.com\/cz-shopatoa-img\/ro\/c972698a-unnamed-file.webp","contentUrl":"https:\/\/storage.googleapis.com\/cz-shopatoa-img\/ro\/c972698a-unnamed-file.webp","width":800,"height":800},{"@type":"BreadcrumbList","@id":"https:\/\/shopatoa.com\/ro\/t-tomi-small-baggie-geanta-pentru-calatorii-fern-18x24-cm\/#breadcrumb","itemListElement":[{"@type":"ListItem","position":1,"name":"Dom\u016f","item":"https:\/\/shopatoa.com\/ro\/"},{"@type":"ListItem","position":2,"name":"Shop","item":"https:\/\/shopatoa.com\/ro\/shop\/"},{"@type":"ListItem","position":3,"name":"T-TOMI Small Baggie geant\u0103 pentru c\u0103l\u0103torii Fern 18&#215;24 cm"}]},{"@type":"WebSite","@id":"https:\/\/shopatoa.com\/ro\/#website","url":"https:\/\/shopatoa.com\/ro\/","name":"SHOPATOA","description":"","publisher":{"@id":"https:\/\/shopatoa.com\/ro\/#organization"},"potentialAction":[{"@type":"SearchAction","target":{"@type":"EntryPoint","urlTemplate":"https:\/\/shopatoa.com\/ro\/?s={search_term_string}"},"query-input":{"@type":"PropertyValueSpecification","valueRequired":true,"valueName":"search_term_string"}}],"inLanguage":"ro-RO"},{"@type":"Organization","@id":"https:\/\/shopatoa.com\/ro\/#organization","name":"SHOPATOA","url":"https:\/\/shopatoa.com\/ro\/","logo":{"@type":"ImageObject","inLanguage":"ro-RO","@id":"https:\/\/shopatoa.com\/ro\/#\/schema\/logo\/image\/","url":"https:\/\/storage.googleapis.com\/cz-shopatoa-img\/ro\/b4dac915-shopatoa_logo.png","contentUrl":"https:\/\/storage.googleapis.com\/cz-shopatoa-img\/ro\/b4dac915-shopatoa_logo.png","width":416,"height":63,"caption":"SHOPATOA"},"image":{"@id":"https:\/\/shopatoa.com\/ro\/#\/schema\/logo\/image\/"}}]}},"_links":{"self":[{"href":"https:\/\/shopatoa.com\/ro\/wp-json\/wp\/v2\/product\/433462","targetHints":{"allow":["GET"]}}],"collection":[{"href":"https:\/\/shopatoa.com\/ro\/wp-json\/wp\/v2\/product"}],"about":[{"href":"https:\/\/shopatoa.com\/ro\/wp-json\/wp\/v2\/types\/product"}],"replies":[{"embeddable":true,"href":"https:\/\/shopatoa.com\/ro\/wp-json\/wp\/v2\/comments?post=433462"}],"wp:featuredmedia":[{"embeddable":true,"href":"https:\/\/shopatoa.com\/ro\/wp-json\/wp\/v2\/media\/433463"}],"wp:attachment":[{"href":"https:\/\/shopatoa.com\/ro\/wp-json\/wp\/v2\/media?parent=433462"}],"wp:term":[{"taxonomy":"product_brand","embeddable":true,"href":"https:\/\/shopatoa.com\/ro\/wp-json\/wp\/v2\/product_brand?post=433462"},{"taxonomy":"product_cat","embeddable":true,"href":"https:\/\/shopatoa.com\/ro\/wp-json\/wp\/v2\/product_cat?post=433462"},{"taxonomy":"product_tag","embeddable":true,"href":"https:\/\/shopatoa.com\/ro\/wp-json\/wp\/v2\/product_tag?post=433462"}],"curies":[{"name":"wp","href":"https:\/\/api.w.org\/{rel}","templated":true}]}}