{"id":433650,"date":"2025-06-23T22:34:37","date_gmt":"2025-06-23T20:34:37","guid":{"rendered":"https:\/\/shopatoa.com\/ro\/friendly-soap-cleansing-bar-shea-butter-sapun-natural-faciale-95-g\/"},"modified":"2025-12-11T21:34:14","modified_gmt":"2025-12-11T20:34:14","slug":"friendly-soap-cleansing-bar-shea-butter-sapun-natural-faciale-95-g","status":"publish","type":"product","link":"https:\/\/shopatoa.com\/ro\/friendly-soap-cleansing-bar-shea-butter-sapun-natural-faciale-95-g\/","title":{"rendered":"Friendly Soap Cleansing Bar Shea Butter s\u0103pun natural faciale 95 g"},"content":{"rendered":"<p>Friendly Soap Cleansing Bar Shea Butter, 95 g, Cur\u0103\u021barea pielii pentru femei, Sp\u0103larea temeinic\u0103 \u0219i regulat\u0103 a pielii este esen\u021bial\u0103 pentru men\u021binerea unei igiene corecte, iar doar apa nu este suficient\u0103 pentru asta. S\u0103punul solid Friendly Soap Cleansing Bar Shea Butter este un clasic dovedit \u00een timp, care garanteaz\u0103 o igien\u0103 de calitate. Spal\u0103 eficient pielea, \u00eendep\u0103rteaz\u0103 toate impurit\u0103\u021bile \u0219i gr\u0103simea, l\u0103s\u00e2nd-o delicat\u0103 la atingere. \u00cen plus, ve\u021bi evita s\u0103 arunca\u021bi o mul\u021bime de de\u0219euri din plastic, odat\u0103 consumat \u2013 spre deosebire de s\u0103punurile lichide obi\u0219nuite, acesta nu este ambalat \u00eentr-o sticl\u0103 de plastic.  Caracteristici:  calmeaz\u0103 iritarea cur\u0103\u021b\u0103 delicat pielea nu irit\u0103 \u0219i nu usuc\u0103 pielea hr\u0103ne\u0219te \u0219i hidrateaz\u0103 atenueaz\u0103 senza\u021bia de tensiune \u00een piele are pH neutru se recomand\u0103 pentru tenul sensibil hipoalergenic are efect de calmare ac\u021bioneaz\u0103 \u00eempotriva imperfec\u021biunilor  Ingrediente:  nu con\u021bine parfum produs vegan testat dermatologic  Cum se utilizeaz\u0103: Se aplic\u0103 s\u0103punul pe piele, se spumeaz\u0103 delicat \u0219i se maseaz\u0103. Se cl\u0103te\u0219te cu ap\u0103 c\u0103ldu\u021b\u0103.<\/p>\n","protected":false},"excerpt":{"rendered":"<p>Friendly Soap Cleansing Bar Shea Butter, 95 g, Cur\u0103\u021barea pielii pentru femei, Sp\u0103larea temeinic\u0103 \u0219i regulat\u0103 a pielii este esen\u021bial\u0103 pentru men\u021binerea unei igiene corecte, iar doar apa nu este suficient\u0103 pentru asta. S\u0103punul solid Friendly Soap Cleansing Bar Shea Butter este un clasic dovedit \u00een timp, care garanteaz\u0103 o igien\u0103 de calitate. Spal\u0103 eficient&#8230;<\/p>\n","protected":false},"featured_media":433651,"comment_status":"closed","ping_status":"open","template":"","meta":{"_acf_changed":false,"_kadence_starter_templates_imported_post":false,"_kad_post_transparent":"","_kad_post_title":"","_kad_post_layout":"","_kad_post_sidebar_id":"","_kad_post_content_style":"","_kad_post_vertical_padding":"","_kad_post_feature":"","_kad_post_feature_position":"","_kad_post_header":false,"_kad_post_footer":false,"_kad_post_classname":""},"product_brand":[2043],"product_cat":[1570,1564,1563,1562,1573],"product_tag":[],"class_list":{"0":"post-433650","1":"product","2":"type-product","3":"status-publish","4":"has-post-thumbnail","6":"product_brand-friendly-soap","7":"product_cat-baie-si-corp","8":"product_cat-cosmetice-ingrijire-personala","9":"product_cat-ingrijire-personala","10":"product_cat-sanatate-si-frumusete","11":"product_cat-sapun-solid","12":"pa_gen-female","13":"pa_marime-95-g","15":"first","16":"instock","17":"sale","18":"product-type-external","19":"entry","20":"content-bg","21":"loop-entry"},"acf":[],"yoast_head":"<!-- This site is optimized with the Yoast SEO plugin v27.4 - https:\/\/yoast.com\/product\/yoast-seo-wordpress\/ -->\n<title>Friendly Soap Cleansing Bar Shea Butter s\u0103pun natural faciale 95 g - SHOPATOA.COM<\/title>\n<meta name=\"robots\" content=\"index, follow, max-snippet:-1, max-image-preview:large, max-video-preview:-1\" \/>\n<link rel=\"canonical\" href=\"https:\/\/shopatoa.com\/ro\/friendly-soap-cleansing-bar-shea-butter-sapun-natural-faciale-95-g\/\" \/>\n<meta property=\"og:locale\" content=\"ro_RO\" \/>\n<meta property=\"og:type\" content=\"article\" \/>\n<meta property=\"og:title\" content=\"Friendly Soap Cleansing Bar Shea Butter s\u0103pun natural faciale 95 g - SHOPATOA.COM\" \/>\n<meta property=\"og:description\" content=\"Friendly Soap Cleansing Bar Shea Butter, 95 g, Cur\u0103\u021barea pielii pentru femei, Sp\u0103larea temeinic\u0103 \u0219i regulat\u0103 a pielii este esen\u021bial\u0103 pentru men\u021binerea unei igiene corecte, iar doar apa nu este suficient\u0103 pentru asta. S\u0103punul solid Friendly Soap Cleansing Bar Shea Butter este un clasic dovedit \u00een timp, care garanteaz\u0103 o igien\u0103 de calitate. Spal\u0103 eficient...\" \/>\n<meta property=\"og:url\" content=\"https:\/\/shopatoa.com\/ro\/friendly-soap-cleansing-bar-shea-butter-sapun-natural-faciale-95-g\/\" \/>\n<meta property=\"og:site_name\" content=\"SHOPATOA\" \/>\n<meta property=\"article:modified_time\" content=\"2025-12-11T20:34:14+00:00\" \/>\n<meta property=\"og:image\" content=\"https:\/\/storage.googleapis.com\/cz-shopatoa-img\/ro\/c00fd175-unnamed-file.webp\" \/>\n\t<meta property=\"og:image:width\" content=\"800\" \/>\n\t<meta property=\"og:image:height\" content=\"800\" \/>\n\t<meta property=\"og:image:type\" content=\"image\/webp\" \/>\n<meta name=\"twitter:card\" content=\"summary_large_image\" \/>\n<meta name=\"twitter:label1\" content=\"Timp estimat pentru citire\" \/>\n\t<meta name=\"twitter:data1\" content=\"1 minut\" \/>\n<script type=\"application\/ld+json\" class=\"yoast-schema-graph\">{\"@context\":\"https:\\\/\\\/schema.org\",\"@graph\":[{\"@type\":\"WebPage\",\"@id\":\"https:\\\/\\\/shopatoa.com\\\/ro\\\/friendly-soap-cleansing-bar-shea-butter-sapun-natural-faciale-95-g\\\/\",\"url\":\"https:\\\/\\\/shopatoa.com\\\/ro\\\/friendly-soap-cleansing-bar-shea-butter-sapun-natural-faciale-95-g\\\/\",\"name\":\"Friendly Soap Cleansing Bar Shea Butter s\u0103pun natural faciale 95 g - SHOPATOA.COM\",\"isPartOf\":{\"@id\":\"https:\\\/\\\/shopatoa.com\\\/ro\\\/#website\"},\"primaryImageOfPage\":{\"@id\":\"https:\\\/\\\/shopatoa.com\\\/ro\\\/friendly-soap-cleansing-bar-shea-butter-sapun-natural-faciale-95-g\\\/#primaryimage\"},\"image\":{\"@id\":\"https:\\\/\\\/shopatoa.com\\\/ro\\\/friendly-soap-cleansing-bar-shea-butter-sapun-natural-faciale-95-g\\\/#primaryimage\"},\"thumbnailUrl\":\"https:\\\/\\\/storage.googleapis.com\\\/cz-shopatoa-img\\\/ro\\\/c00fd175-unnamed-file.webp\",\"datePublished\":\"2025-06-23T20:34:37+00:00\",\"dateModified\":\"2025-12-11T20:34:14+00:00\",\"breadcrumb\":{\"@id\":\"https:\\\/\\\/shopatoa.com\\\/ro\\\/friendly-soap-cleansing-bar-shea-butter-sapun-natural-faciale-95-g\\\/#breadcrumb\"},\"inLanguage\":\"ro-RO\",\"potentialAction\":[{\"@type\":\"ReadAction\",\"target\":[\"https:\\\/\\\/shopatoa.com\\\/ro\\\/friendly-soap-cleansing-bar-shea-butter-sapun-natural-faciale-95-g\\\/\"]}]},{\"@type\":\"ImageObject\",\"inLanguage\":\"ro-RO\",\"@id\":\"https:\\\/\\\/shopatoa.com\\\/ro\\\/friendly-soap-cleansing-bar-shea-butter-sapun-natural-faciale-95-g\\\/#primaryimage\",\"url\":\"https:\\\/\\\/storage.googleapis.com\\\/cz-shopatoa-img\\\/ro\\\/c00fd175-unnamed-file.webp\",\"contentUrl\":\"https:\\\/\\\/storage.googleapis.com\\\/cz-shopatoa-img\\\/ro\\\/c00fd175-unnamed-file.webp\",\"width\":800,\"height\":800},{\"@type\":\"BreadcrumbList\",\"@id\":\"https:\\\/\\\/shopatoa.com\\\/ro\\\/friendly-soap-cleansing-bar-shea-butter-sapun-natural-faciale-95-g\\\/#breadcrumb\",\"itemListElement\":[{\"@type\":\"ListItem\",\"position\":1,\"name\":\"Dom\u016f\",\"item\":\"https:\\\/\\\/shopatoa.com\\\/ro\\\/\"},{\"@type\":\"ListItem\",\"position\":2,\"name\":\"Shop\",\"item\":\"https:\\\/\\\/shopatoa.com\\\/ro\\\/shop\\\/\"},{\"@type\":\"ListItem\",\"position\":3,\"name\":\"S\u0103n\u0103tate \u0219i frumuse\u021be\",\"item\":\"https:\\\/\\\/shopatoa.com\\\/ro\\\/sanatate-si-frumusete\\\/\"},{\"@type\":\"ListItem\",\"position\":4,\"name\":\"\u00cengrijire personal\u0103\",\"item\":\"https:\\\/\\\/shopatoa.com\\\/ro\\\/ingrijire-personala\\\/\"},{\"@type\":\"ListItem\",\"position\":5,\"name\":\"Cosmetice\",\"item\":\"https:\\\/\\\/shopatoa.com\\\/ro\\\/cosmetice-ingrijire-personala\\\/\"},{\"@type\":\"ListItem\",\"position\":6,\"name\":\"Baie \u0219i corp\",\"item\":\"https:\\\/\\\/shopatoa.com\\\/ro\\\/baie-si-corp\\\/\"},{\"@type\":\"ListItem\",\"position\":7,\"name\":\"S\u0103pun solid\",\"item\":\"https:\\\/\\\/shopatoa.com\\\/ro\\\/sapun-solid\\\/\"},{\"@type\":\"ListItem\",\"position\":8,\"name\":\"Friendly Soap Cleansing Bar Shea Butter s\u0103pun natural faciale 95 g\"}]},{\"@type\":\"WebSite\",\"@id\":\"https:\\\/\\\/shopatoa.com\\\/ro\\\/#website\",\"url\":\"https:\\\/\\\/shopatoa.com\\\/ro\\\/\",\"name\":\"SHOPATOA\",\"description\":\"\",\"publisher\":{\"@id\":\"https:\\\/\\\/shopatoa.com\\\/ro\\\/#organization\"},\"potentialAction\":[{\"@type\":\"SearchAction\",\"target\":{\"@type\":\"EntryPoint\",\"urlTemplate\":\"https:\\\/\\\/shopatoa.com\\\/ro\\\/?s={search_term_string}\"},\"query-input\":{\"@type\":\"PropertyValueSpecification\",\"valueRequired\":true,\"valueName\":\"search_term_string\"}}],\"inLanguage\":\"ro-RO\"},{\"@type\":\"Organization\",\"@id\":\"https:\\\/\\\/shopatoa.com\\\/ro\\\/#organization\",\"name\":\"SHOPATOA\",\"url\":\"https:\\\/\\\/shopatoa.com\\\/ro\\\/\",\"logo\":{\"@type\":\"ImageObject\",\"inLanguage\":\"ro-RO\",\"@id\":\"https:\\\/\\\/shopatoa.com\\\/ro\\\/#\\\/schema\\\/logo\\\/image\\\/\",\"url\":\"https:\\\/\\\/storage.googleapis.com\\\/cz-shopatoa-img\\\/ro\\\/b4dac915-shopatoa_logo.png\",\"contentUrl\":\"https:\\\/\\\/storage.googleapis.com\\\/cz-shopatoa-img\\\/ro\\\/b4dac915-shopatoa_logo.png\",\"width\":416,\"height\":63,\"caption\":\"SHOPATOA\"},\"image\":{\"@id\":\"https:\\\/\\\/shopatoa.com\\\/ro\\\/#\\\/schema\\\/logo\\\/image\\\/\"}}]}<\/script>\n<!-- \/ Yoast SEO plugin. -->","yoast_head_json":{"title":"Friendly Soap Cleansing Bar Shea Butter s\u0103pun natural faciale 95 g - SHOPATOA.COM","robots":{"index":"index","follow":"follow","max-snippet":"max-snippet:-1","max-image-preview":"max-image-preview:large","max-video-preview":"max-video-preview:-1"},"canonical":"https:\/\/shopatoa.com\/ro\/friendly-soap-cleansing-bar-shea-butter-sapun-natural-faciale-95-g\/","og_locale":"ro_RO","og_type":"article","og_title":"Friendly Soap Cleansing Bar Shea Butter s\u0103pun natural faciale 95 g - SHOPATOA.COM","og_description":"Friendly Soap Cleansing Bar Shea Butter, 95 g, Cur\u0103\u021barea pielii pentru femei, Sp\u0103larea temeinic\u0103 \u0219i regulat\u0103 a pielii este esen\u021bial\u0103 pentru men\u021binerea unei igiene corecte, iar doar apa nu este suficient\u0103 pentru asta. S\u0103punul solid Friendly Soap Cleansing Bar Shea Butter este un clasic dovedit \u00een timp, care garanteaz\u0103 o igien\u0103 de calitate. Spal\u0103 eficient...","og_url":"https:\/\/shopatoa.com\/ro\/friendly-soap-cleansing-bar-shea-butter-sapun-natural-faciale-95-g\/","og_site_name":"SHOPATOA","article_modified_time":"2025-12-11T20:34:14+00:00","og_image":[{"width":800,"height":800,"url":"https:\/\/storage.googleapis.com\/cz-shopatoa-img\/ro\/c00fd175-unnamed-file.webp","type":"image\/webp"}],"twitter_card":"summary_large_image","twitter_misc":{"Timp estimat pentru citire":"1 minut"},"schema":{"@context":"https:\/\/schema.org","@graph":[{"@type":"WebPage","@id":"https:\/\/shopatoa.com\/ro\/friendly-soap-cleansing-bar-shea-butter-sapun-natural-faciale-95-g\/","url":"https:\/\/shopatoa.com\/ro\/friendly-soap-cleansing-bar-shea-butter-sapun-natural-faciale-95-g\/","name":"Friendly Soap Cleansing Bar Shea Butter s\u0103pun natural faciale 95 g - SHOPATOA.COM","isPartOf":{"@id":"https:\/\/shopatoa.com\/ro\/#website"},"primaryImageOfPage":{"@id":"https:\/\/shopatoa.com\/ro\/friendly-soap-cleansing-bar-shea-butter-sapun-natural-faciale-95-g\/#primaryimage"},"image":{"@id":"https:\/\/shopatoa.com\/ro\/friendly-soap-cleansing-bar-shea-butter-sapun-natural-faciale-95-g\/#primaryimage"},"thumbnailUrl":"https:\/\/storage.googleapis.com\/cz-shopatoa-img\/ro\/c00fd175-unnamed-file.webp","datePublished":"2025-06-23T20:34:37+00:00","dateModified":"2025-12-11T20:34:14+00:00","breadcrumb":{"@id":"https:\/\/shopatoa.com\/ro\/friendly-soap-cleansing-bar-shea-butter-sapun-natural-faciale-95-g\/#breadcrumb"},"inLanguage":"ro-RO","potentialAction":[{"@type":"ReadAction","target":["https:\/\/shopatoa.com\/ro\/friendly-soap-cleansing-bar-shea-butter-sapun-natural-faciale-95-g\/"]}]},{"@type":"ImageObject","inLanguage":"ro-RO","@id":"https:\/\/shopatoa.com\/ro\/friendly-soap-cleansing-bar-shea-butter-sapun-natural-faciale-95-g\/#primaryimage","url":"https:\/\/storage.googleapis.com\/cz-shopatoa-img\/ro\/c00fd175-unnamed-file.webp","contentUrl":"https:\/\/storage.googleapis.com\/cz-shopatoa-img\/ro\/c00fd175-unnamed-file.webp","width":800,"height":800},{"@type":"BreadcrumbList","@id":"https:\/\/shopatoa.com\/ro\/friendly-soap-cleansing-bar-shea-butter-sapun-natural-faciale-95-g\/#breadcrumb","itemListElement":[{"@type":"ListItem","position":1,"name":"Dom\u016f","item":"https:\/\/shopatoa.com\/ro\/"},{"@type":"ListItem","position":2,"name":"Shop","item":"https:\/\/shopatoa.com\/ro\/shop\/"},{"@type":"ListItem","position":3,"name":"S\u0103n\u0103tate \u0219i frumuse\u021be","item":"https:\/\/shopatoa.com\/ro\/sanatate-si-frumusete\/"},{"@type":"ListItem","position":4,"name":"\u00cengrijire personal\u0103","item":"https:\/\/shopatoa.com\/ro\/ingrijire-personala\/"},{"@type":"ListItem","position":5,"name":"Cosmetice","item":"https:\/\/shopatoa.com\/ro\/cosmetice-ingrijire-personala\/"},{"@type":"ListItem","position":6,"name":"Baie \u0219i corp","item":"https:\/\/shopatoa.com\/ro\/baie-si-corp\/"},{"@type":"ListItem","position":7,"name":"S\u0103pun solid","item":"https:\/\/shopatoa.com\/ro\/sapun-solid\/"},{"@type":"ListItem","position":8,"name":"Friendly Soap Cleansing Bar Shea Butter s\u0103pun natural faciale 95 g"}]},{"@type":"WebSite","@id":"https:\/\/shopatoa.com\/ro\/#website","url":"https:\/\/shopatoa.com\/ro\/","name":"SHOPATOA","description":"","publisher":{"@id":"https:\/\/shopatoa.com\/ro\/#organization"},"potentialAction":[{"@type":"SearchAction","target":{"@type":"EntryPoint","urlTemplate":"https:\/\/shopatoa.com\/ro\/?s={search_term_string}"},"query-input":{"@type":"PropertyValueSpecification","valueRequired":true,"valueName":"search_term_string"}}],"inLanguage":"ro-RO"},{"@type":"Organization","@id":"https:\/\/shopatoa.com\/ro\/#organization","name":"SHOPATOA","url":"https:\/\/shopatoa.com\/ro\/","logo":{"@type":"ImageObject","inLanguage":"ro-RO","@id":"https:\/\/shopatoa.com\/ro\/#\/schema\/logo\/image\/","url":"https:\/\/storage.googleapis.com\/cz-shopatoa-img\/ro\/b4dac915-shopatoa_logo.png","contentUrl":"https:\/\/storage.googleapis.com\/cz-shopatoa-img\/ro\/b4dac915-shopatoa_logo.png","width":416,"height":63,"caption":"SHOPATOA"},"image":{"@id":"https:\/\/shopatoa.com\/ro\/#\/schema\/logo\/image\/"}}]}},"_links":{"self":[{"href":"https:\/\/shopatoa.com\/ro\/wp-json\/wp\/v2\/product\/433650","targetHints":{"allow":["GET"]}}],"collection":[{"href":"https:\/\/shopatoa.com\/ro\/wp-json\/wp\/v2\/product"}],"about":[{"href":"https:\/\/shopatoa.com\/ro\/wp-json\/wp\/v2\/types\/product"}],"replies":[{"embeddable":true,"href":"https:\/\/shopatoa.com\/ro\/wp-json\/wp\/v2\/comments?post=433650"}],"wp:featuredmedia":[{"embeddable":true,"href":"https:\/\/shopatoa.com\/ro\/wp-json\/wp\/v2\/media\/433651"}],"wp:attachment":[{"href":"https:\/\/shopatoa.com\/ro\/wp-json\/wp\/v2\/media?parent=433650"}],"wp:term":[{"taxonomy":"product_brand","embeddable":true,"href":"https:\/\/shopatoa.com\/ro\/wp-json\/wp\/v2\/product_brand?post=433650"},{"taxonomy":"product_cat","embeddable":true,"href":"https:\/\/shopatoa.com\/ro\/wp-json\/wp\/v2\/product_cat?post=433650"},{"taxonomy":"product_tag","embeddable":true,"href":"https:\/\/shopatoa.com\/ro\/wp-json\/wp\/v2\/product_tag?post=433650"}],"curies":[{"name":"wp","href":"https:\/\/api.w.org\/{rel}","templated":true}]}}