{"id":433712,"date":"2025-06-23T22:39:53","date_gmt":"2025-06-23T20:39:53","guid":{"rendered":"https:\/\/shopatoa.com\/ro\/isdin-pediatrics-transparent-spray-protectie-solara-pentru-copii-spf-50-250-ml\/"},"modified":"2025-06-23T22:40:30","modified_gmt":"2025-06-23T20:40:30","slug":"isdin-pediatrics-transparent-spray-protectie-solara-pentru-copii-spf-50-250-ml","status":"publish","type":"product","link":"https:\/\/shopatoa.com\/ro\/isdin-pediatrics-transparent-spray-protectie-solara-pentru-copii-spf-50-250-ml\/","title":{"rendered":"ISDIN Pediatrics Transparent Spray protectie solara pentru copii SPF 50 250 ml"},"content":{"rendered":"<p>ISDIN Pediatrics Transparent Spray, 250 ml, Cosmetice solare pentru copii pentru copii, Pielea copiilor este extrem de sensibil\u0103 la razele solare, de aceea, este important s\u0103 le oferi\u021bi o protec\u021bie suficient de eficient\u0103 \u0219i sigur\u0103. Produsul de protec\u021bie solar\u0103 ISDIN Pediatrics Transparent Spray va avea grij\u0103 de asta. Datorit\u0103 combina\u021biei de filtre UV eficiente, va preveni irita\u021biile, arsurile solare sau alte afec\u021biuni cauzate de razele nocive ale soarelui. \u00cen acela\u0219i timp, formula sa creat\u0103 special pentru nevoile copiilor asigur\u0103 cea mai delicat\u0103 \u00eengrijire, potrivit\u0103 chiar \u0219i pentru cea mai sensibil\u0103 piele.  Caracteristici:  protejeaz\u0103 pielea fa\u021b\u0103 de radia\u021biile UVA \u0219i UVB are o textur\u0103 rezistent\u0103 la ap\u0103 poate fi folosit \u0219i pe pielea ud\u0103 se absoarbe rapid produsul este prietenos cu pielea \u0219i cu mediul \u00eenconjur\u0103tor  Cum se utilizeaz\u0103: Se pulverizeaz\u0103 pe piele, \u00een cantit\u0103\u021bi suficiente, \u00eenainte de expunerea la soare. Se repet\u0103 dac\u0103 este necesar, \u00een special dup\u0103 \u00eemb\u0103iere, \u00een caz de transpira\u021bie \u0219i dup\u0103 uscarea pielii cu prosopul.<\/p>\n","protected":false},"excerpt":{"rendered":"<p>ISDIN Pediatrics Transparent Spray, 250 ml, Cosmetice solare pentru copii pentru copii, Pielea copiilor este extrem de sensibil\u0103 la razele solare, de aceea, este important s\u0103 le oferi\u021bi o protec\u021bie suficient de eficient\u0103 \u0219i sigur\u0103. Produsul de protec\u021bie solar\u0103 ISDIN Pediatrics Transparent Spray va avea grij\u0103 de asta. Datorit\u0103 combina\u021biei de filtre UV eficiente, va&#8230;<\/p>\n","protected":false},"featured_media":433713,"comment_status":"closed","ping_status":"open","template":"","meta":{"_acf_changed":false,"_kadence_starter_templates_imported_post":false,"_kad_post_transparent":"","_kad_post_title":"","_kad_post_layout":"","_kad_post_sidebar_id":"","_kad_post_content_style":"","_kad_post_vertical_padding":"","_kad_post_feature":"","_kad_post_feature_position":"","_kad_post_header":false,"_kad_post_footer":false,"_kad_post_classname":""},"product_brand":[2131],"product_cat":[1564,1563,1565,1722,1562],"product_tag":[],"class_list":{"0":"post-433712","1":"product","2":"type-product","3":"status-publish","4":"has-post-thumbnail","6":"product_brand-isdin","7":"product_cat-cosmetice-ingrijire-personala","8":"product_cat-ingrijire-personala","9":"product_cat-ingrijirea-pielii","10":"product_cat-produse-pentru-bronzare-ingrijirea-pielii","11":"product_cat-sanatate-si-frumusete","12":"pa_gen-unisex","13":"pa_marime-250-ml","15":"first","16":"instock","17":"sale","18":"product-type-external","19":"entry","20":"content-bg","21":"loop-entry"},"acf":[],"yoast_head":"<!-- This site is optimized with the Yoast SEO plugin v27.4 - https:\/\/yoast.com\/product\/yoast-seo-wordpress\/ -->\n<title>ISDIN Pediatrics Transparent Spray protectie solara pentru copii SPF 50 250 ml - SHOPATOA.COM<\/title>\n<meta name=\"robots\" content=\"index, follow, max-snippet:-1, max-image-preview:large, max-video-preview:-1\" \/>\n<link rel=\"canonical\" href=\"https:\/\/shopatoa.com\/ro\/isdin-pediatrics-transparent-spray-protectie-solara-pentru-copii-spf-50-250-ml\/\" \/>\n<meta property=\"og:locale\" content=\"ro_RO\" \/>\n<meta property=\"og:type\" content=\"article\" \/>\n<meta property=\"og:title\" content=\"ISDIN Pediatrics Transparent Spray protectie solara pentru copii SPF 50 250 ml - SHOPATOA.COM\" \/>\n<meta property=\"og:description\" content=\"ISDIN Pediatrics Transparent Spray, 250 ml, Cosmetice solare pentru copii pentru copii, Pielea copiilor este extrem de sensibil\u0103 la razele solare, de aceea, este important s\u0103 le oferi\u021bi o protec\u021bie suficient de eficient\u0103 \u0219i sigur\u0103. Produsul de protec\u021bie solar\u0103 ISDIN Pediatrics Transparent Spray va avea grij\u0103 de asta. Datorit\u0103 combina\u021biei de filtre UV eficiente, va...\" \/>\n<meta property=\"og:url\" content=\"https:\/\/shopatoa.com\/ro\/isdin-pediatrics-transparent-spray-protectie-solara-pentru-copii-spf-50-250-ml\/\" \/>\n<meta property=\"og:site_name\" content=\"SHOPATOA\" \/>\n<meta property=\"article:modified_time\" content=\"2025-06-23T20:40:30+00:00\" \/>\n<meta property=\"og:image\" content=\"https:\/\/storage.googleapis.com\/cz-shopatoa-img\/ro\/b99057f6-unnamed-file.webp\" \/>\n\t<meta property=\"og:image:width\" content=\"800\" \/>\n\t<meta property=\"og:image:height\" content=\"800\" \/>\n\t<meta property=\"og:image:type\" content=\"image\/webp\" \/>\n<meta name=\"twitter:card\" content=\"summary_large_image\" \/>\n<meta name=\"twitter:label1\" content=\"Timp estimat pentru citire\" \/>\n\t<meta name=\"twitter:data1\" content=\"1 minut\" \/>\n<script type=\"application\/ld+json\" class=\"yoast-schema-graph\">{\"@context\":\"https:\\\/\\\/schema.org\",\"@graph\":[{\"@type\":\"WebPage\",\"@id\":\"https:\\\/\\\/shopatoa.com\\\/ro\\\/isdin-pediatrics-transparent-spray-protectie-solara-pentru-copii-spf-50-250-ml\\\/\",\"url\":\"https:\\\/\\\/shopatoa.com\\\/ro\\\/isdin-pediatrics-transparent-spray-protectie-solara-pentru-copii-spf-50-250-ml\\\/\",\"name\":\"ISDIN Pediatrics Transparent Spray protectie solara pentru copii SPF 50 250 ml - SHOPATOA.COM\",\"isPartOf\":{\"@id\":\"https:\\\/\\\/shopatoa.com\\\/ro\\\/#website\"},\"primaryImageOfPage\":{\"@id\":\"https:\\\/\\\/shopatoa.com\\\/ro\\\/isdin-pediatrics-transparent-spray-protectie-solara-pentru-copii-spf-50-250-ml\\\/#primaryimage\"},\"image\":{\"@id\":\"https:\\\/\\\/shopatoa.com\\\/ro\\\/isdin-pediatrics-transparent-spray-protectie-solara-pentru-copii-spf-50-250-ml\\\/#primaryimage\"},\"thumbnailUrl\":\"https:\\\/\\\/storage.googleapis.com\\\/cz-shopatoa-img\\\/ro\\\/b99057f6-unnamed-file.webp\",\"datePublished\":\"2025-06-23T20:39:53+00:00\",\"dateModified\":\"2025-06-23T20:40:30+00:00\",\"breadcrumb\":{\"@id\":\"https:\\\/\\\/shopatoa.com\\\/ro\\\/isdin-pediatrics-transparent-spray-protectie-solara-pentru-copii-spf-50-250-ml\\\/#breadcrumb\"},\"inLanguage\":\"ro-RO\",\"potentialAction\":[{\"@type\":\"ReadAction\",\"target\":[\"https:\\\/\\\/shopatoa.com\\\/ro\\\/isdin-pediatrics-transparent-spray-protectie-solara-pentru-copii-spf-50-250-ml\\\/\"]}]},{\"@type\":\"ImageObject\",\"inLanguage\":\"ro-RO\",\"@id\":\"https:\\\/\\\/shopatoa.com\\\/ro\\\/isdin-pediatrics-transparent-spray-protectie-solara-pentru-copii-spf-50-250-ml\\\/#primaryimage\",\"url\":\"https:\\\/\\\/storage.googleapis.com\\\/cz-shopatoa-img\\\/ro\\\/b99057f6-unnamed-file.webp\",\"contentUrl\":\"https:\\\/\\\/storage.googleapis.com\\\/cz-shopatoa-img\\\/ro\\\/b99057f6-unnamed-file.webp\",\"width\":800,\"height\":800},{\"@type\":\"BreadcrumbList\",\"@id\":\"https:\\\/\\\/shopatoa.com\\\/ro\\\/isdin-pediatrics-transparent-spray-protectie-solara-pentru-copii-spf-50-250-ml\\\/#breadcrumb\",\"itemListElement\":[{\"@type\":\"ListItem\",\"position\":1,\"name\":\"Dom\u016f\",\"item\":\"https:\\\/\\\/shopatoa.com\\\/ro\\\/\"},{\"@type\":\"ListItem\",\"position\":2,\"name\":\"Shop\",\"item\":\"https:\\\/\\\/shopatoa.com\\\/ro\\\/shop\\\/\"},{\"@type\":\"ListItem\",\"position\":3,\"name\":\"ISDIN Pediatrics Transparent Spray protectie solara pentru copii SPF 50 250 ml\"}]},{\"@type\":\"WebSite\",\"@id\":\"https:\\\/\\\/shopatoa.com\\\/ro\\\/#website\",\"url\":\"https:\\\/\\\/shopatoa.com\\\/ro\\\/\",\"name\":\"SHOPATOA\",\"description\":\"\",\"publisher\":{\"@id\":\"https:\\\/\\\/shopatoa.com\\\/ro\\\/#organization\"},\"potentialAction\":[{\"@type\":\"SearchAction\",\"target\":{\"@type\":\"EntryPoint\",\"urlTemplate\":\"https:\\\/\\\/shopatoa.com\\\/ro\\\/?s={search_term_string}\"},\"query-input\":{\"@type\":\"PropertyValueSpecification\",\"valueRequired\":true,\"valueName\":\"search_term_string\"}}],\"inLanguage\":\"ro-RO\"},{\"@type\":\"Organization\",\"@id\":\"https:\\\/\\\/shopatoa.com\\\/ro\\\/#organization\",\"name\":\"SHOPATOA\",\"url\":\"https:\\\/\\\/shopatoa.com\\\/ro\\\/\",\"logo\":{\"@type\":\"ImageObject\",\"inLanguage\":\"ro-RO\",\"@id\":\"https:\\\/\\\/shopatoa.com\\\/ro\\\/#\\\/schema\\\/logo\\\/image\\\/\",\"url\":\"https:\\\/\\\/storage.googleapis.com\\\/cz-shopatoa-img\\\/ro\\\/b4dac915-shopatoa_logo.png\",\"contentUrl\":\"https:\\\/\\\/storage.googleapis.com\\\/cz-shopatoa-img\\\/ro\\\/b4dac915-shopatoa_logo.png\",\"width\":416,\"height\":63,\"caption\":\"SHOPATOA\"},\"image\":{\"@id\":\"https:\\\/\\\/shopatoa.com\\\/ro\\\/#\\\/schema\\\/logo\\\/image\\\/\"}}]}<\/script>\n<!-- \/ Yoast SEO plugin. -->","yoast_head_json":{"title":"ISDIN Pediatrics Transparent Spray protectie solara pentru copii SPF 50 250 ml - SHOPATOA.COM","robots":{"index":"index","follow":"follow","max-snippet":"max-snippet:-1","max-image-preview":"max-image-preview:large","max-video-preview":"max-video-preview:-1"},"canonical":"https:\/\/shopatoa.com\/ro\/isdin-pediatrics-transparent-spray-protectie-solara-pentru-copii-spf-50-250-ml\/","og_locale":"ro_RO","og_type":"article","og_title":"ISDIN Pediatrics Transparent Spray protectie solara pentru copii SPF 50 250 ml - SHOPATOA.COM","og_description":"ISDIN Pediatrics Transparent Spray, 250 ml, Cosmetice solare pentru copii pentru copii, Pielea copiilor este extrem de sensibil\u0103 la razele solare, de aceea, este important s\u0103 le oferi\u021bi o protec\u021bie suficient de eficient\u0103 \u0219i sigur\u0103. Produsul de protec\u021bie solar\u0103 ISDIN Pediatrics Transparent Spray va avea grij\u0103 de asta. Datorit\u0103 combina\u021biei de filtre UV eficiente, va...","og_url":"https:\/\/shopatoa.com\/ro\/isdin-pediatrics-transparent-spray-protectie-solara-pentru-copii-spf-50-250-ml\/","og_site_name":"SHOPATOA","article_modified_time":"2025-06-23T20:40:30+00:00","og_image":[{"width":800,"height":800,"url":"https:\/\/storage.googleapis.com\/cz-shopatoa-img\/ro\/b99057f6-unnamed-file.webp","type":"image\/webp"}],"twitter_card":"summary_large_image","twitter_misc":{"Timp estimat pentru citire":"1 minut"},"schema":{"@context":"https:\/\/schema.org","@graph":[{"@type":"WebPage","@id":"https:\/\/shopatoa.com\/ro\/isdin-pediatrics-transparent-spray-protectie-solara-pentru-copii-spf-50-250-ml\/","url":"https:\/\/shopatoa.com\/ro\/isdin-pediatrics-transparent-spray-protectie-solara-pentru-copii-spf-50-250-ml\/","name":"ISDIN Pediatrics Transparent Spray protectie solara pentru copii SPF 50 250 ml - SHOPATOA.COM","isPartOf":{"@id":"https:\/\/shopatoa.com\/ro\/#website"},"primaryImageOfPage":{"@id":"https:\/\/shopatoa.com\/ro\/isdin-pediatrics-transparent-spray-protectie-solara-pentru-copii-spf-50-250-ml\/#primaryimage"},"image":{"@id":"https:\/\/shopatoa.com\/ro\/isdin-pediatrics-transparent-spray-protectie-solara-pentru-copii-spf-50-250-ml\/#primaryimage"},"thumbnailUrl":"https:\/\/storage.googleapis.com\/cz-shopatoa-img\/ro\/b99057f6-unnamed-file.webp","datePublished":"2025-06-23T20:39:53+00:00","dateModified":"2025-06-23T20:40:30+00:00","breadcrumb":{"@id":"https:\/\/shopatoa.com\/ro\/isdin-pediatrics-transparent-spray-protectie-solara-pentru-copii-spf-50-250-ml\/#breadcrumb"},"inLanguage":"ro-RO","potentialAction":[{"@type":"ReadAction","target":["https:\/\/shopatoa.com\/ro\/isdin-pediatrics-transparent-spray-protectie-solara-pentru-copii-spf-50-250-ml\/"]}]},{"@type":"ImageObject","inLanguage":"ro-RO","@id":"https:\/\/shopatoa.com\/ro\/isdin-pediatrics-transparent-spray-protectie-solara-pentru-copii-spf-50-250-ml\/#primaryimage","url":"https:\/\/storage.googleapis.com\/cz-shopatoa-img\/ro\/b99057f6-unnamed-file.webp","contentUrl":"https:\/\/storage.googleapis.com\/cz-shopatoa-img\/ro\/b99057f6-unnamed-file.webp","width":800,"height":800},{"@type":"BreadcrumbList","@id":"https:\/\/shopatoa.com\/ro\/isdin-pediatrics-transparent-spray-protectie-solara-pentru-copii-spf-50-250-ml\/#breadcrumb","itemListElement":[{"@type":"ListItem","position":1,"name":"Dom\u016f","item":"https:\/\/shopatoa.com\/ro\/"},{"@type":"ListItem","position":2,"name":"Shop","item":"https:\/\/shopatoa.com\/ro\/shop\/"},{"@type":"ListItem","position":3,"name":"ISDIN Pediatrics Transparent Spray protectie solara pentru copii SPF 50 250 ml"}]},{"@type":"WebSite","@id":"https:\/\/shopatoa.com\/ro\/#website","url":"https:\/\/shopatoa.com\/ro\/","name":"SHOPATOA","description":"","publisher":{"@id":"https:\/\/shopatoa.com\/ro\/#organization"},"potentialAction":[{"@type":"SearchAction","target":{"@type":"EntryPoint","urlTemplate":"https:\/\/shopatoa.com\/ro\/?s={search_term_string}"},"query-input":{"@type":"PropertyValueSpecification","valueRequired":true,"valueName":"search_term_string"}}],"inLanguage":"ro-RO"},{"@type":"Organization","@id":"https:\/\/shopatoa.com\/ro\/#organization","name":"SHOPATOA","url":"https:\/\/shopatoa.com\/ro\/","logo":{"@type":"ImageObject","inLanguage":"ro-RO","@id":"https:\/\/shopatoa.com\/ro\/#\/schema\/logo\/image\/","url":"https:\/\/storage.googleapis.com\/cz-shopatoa-img\/ro\/b4dac915-shopatoa_logo.png","contentUrl":"https:\/\/storage.googleapis.com\/cz-shopatoa-img\/ro\/b4dac915-shopatoa_logo.png","width":416,"height":63,"caption":"SHOPATOA"},"image":{"@id":"https:\/\/shopatoa.com\/ro\/#\/schema\/logo\/image\/"}}]}},"_links":{"self":[{"href":"https:\/\/shopatoa.com\/ro\/wp-json\/wp\/v2\/product\/433712","targetHints":{"allow":["GET"]}}],"collection":[{"href":"https:\/\/shopatoa.com\/ro\/wp-json\/wp\/v2\/product"}],"about":[{"href":"https:\/\/shopatoa.com\/ro\/wp-json\/wp\/v2\/types\/product"}],"replies":[{"embeddable":true,"href":"https:\/\/shopatoa.com\/ro\/wp-json\/wp\/v2\/comments?post=433712"}],"wp:featuredmedia":[{"embeddable":true,"href":"https:\/\/shopatoa.com\/ro\/wp-json\/wp\/v2\/media\/433713"}],"wp:attachment":[{"href":"https:\/\/shopatoa.com\/ro\/wp-json\/wp\/v2\/media?parent=433712"}],"wp:term":[{"taxonomy":"product_brand","embeddable":true,"href":"https:\/\/shopatoa.com\/ro\/wp-json\/wp\/v2\/product_brand?post=433712"},{"taxonomy":"product_cat","embeddable":true,"href":"https:\/\/shopatoa.com\/ro\/wp-json\/wp\/v2\/product_cat?post=433712"},{"taxonomy":"product_tag","embeddable":true,"href":"https:\/\/shopatoa.com\/ro\/wp-json\/wp\/v2\/product_tag?post=433712"}],"curies":[{"name":"wp","href":"https:\/\/api.w.org\/{rel}","templated":true}]}}