{"id":433964,"date":"2025-06-23T22:59:48","date_gmt":"2025-06-23T20:59:48","guid":{"rendered":"https:\/\/shopatoa.com\/ro\/guess-seductive-homme-red-eau-de-toilette-pentru-barbati-50-ml\/"},"modified":"2025-06-23T23:01:18","modified_gmt":"2025-06-23T21:01:18","slug":"guess-seductive-homme-red-eau-de-toilette-pentru-barbati-50-ml","status":"publish","type":"product","link":"https:\/\/shopatoa.com\/ro\/guess-seductive-homme-red-eau-de-toilette-pentru-barbati-50-ml\/","title":{"rendered":"Guess Seductive Homme Red Eau de Toilette pentru b\u0103rba\u021bi 50 ml"},"content":{"rendered":"<p>Guess Seductive Homme Red, 50 ml, Ap\u0103 de toalet\u0103 pentru b\u0103rba\u021bi, Nu pierde\u021bi ritmul nici m\u0103car la finalul unei zile solicitante! Apa de toalet\u0103 pentru b\u0103rba\u021bi Guess Seductive Homme Red v\u0103 cucere\u0219te prin combina\u021bia de ingrediente parfumate, care stimuleaz\u0103 distrac\u021bia \u0219i men\u021bin ritmul.  parfum picant un parfum juc\u0103u\u0219, de care nu v\u0103 plictisi\u021bi niciodat\u0103 idee de cadou, care sigur aduce bucurie<\/p>\n","protected":false},"excerpt":{"rendered":"<p>Guess Seductive Homme Red, 50 ml, Ap\u0103 de toalet\u0103 pentru b\u0103rba\u021bi, Nu pierde\u021bi ritmul nici m\u0103car la finalul unei zile solicitante! Apa de toalet\u0103 pentru b\u0103rba\u021bi Guess Seductive Homme Red v\u0103 cucere\u0219te prin combina\u021bia de ingrediente parfumate, care stimuleaz\u0103 distrac\u021bia \u0219i men\u021bin ritmul. parfum picant un parfum juc\u0103u\u0219, de care nu v\u0103 plictisi\u021bi niciodat\u0103 idee&#8230;<\/p>\n","protected":false},"featured_media":433965,"comment_status":"closed","ping_status":"open","template":"","meta":{"_acf_changed":false,"_kadence_starter_templates_imported_post":false,"_kad_post_transparent":"","_kad_post_title":"","_kad_post_layout":"","_kad_post_sidebar_id":"","_kad_post_content_style":"","_kad_post_vertical_padding":"","_kad_post_feature":"","_kad_post_feature_position":"","_kad_post_header":false,"_kad_post_footer":false,"_kad_post_classname":""},"product_brand":[277],"product_cat":[3204,1564,1563,3200,1562],"product_tag":[],"class_list":{"0":"post-433964","1":"product","2":"type-product","3":"status-publish","4":"has-post-thumbnail","6":"product_brand-guess","7":"product_cat-apa-de-toaleta","8":"product_cat-cosmetice-ingrijire-personala","9":"product_cat-ingrijire-personala","10":"product_cat-parfumuri-si-colonii","11":"product_cat-sanatate-si-frumusete","12":"pa_gen-male","13":"pa_marime-50-ml","15":"first","16":"instock","17":"sale","18":"product-type-external","19":"entry","20":"content-bg","21":"loop-entry"},"acf":[],"yoast_head":"<!-- This site is optimized with the Yoast SEO plugin v27.4 - https:\/\/yoast.com\/product\/yoast-seo-wordpress\/ -->\n<title>Guess Seductive Homme Red Eau de Toilette pentru b\u0103rba\u021bi 50 ml - SHOPATOA.COM<\/title>\n<meta name=\"robots\" content=\"index, follow, max-snippet:-1, max-image-preview:large, max-video-preview:-1\" \/>\n<link rel=\"canonical\" href=\"https:\/\/shopatoa.com\/ro\/guess-seductive-homme-red-eau-de-toilette-pentru-barbati-50-ml\/\" \/>\n<meta property=\"og:locale\" content=\"ro_RO\" \/>\n<meta property=\"og:type\" content=\"article\" \/>\n<meta property=\"og:title\" content=\"Guess Seductive Homme Red Eau de Toilette pentru b\u0103rba\u021bi 50 ml - SHOPATOA.COM\" \/>\n<meta property=\"og:description\" content=\"Guess Seductive Homme Red, 50 ml, Ap\u0103 de toalet\u0103 pentru b\u0103rba\u021bi, Nu pierde\u021bi ritmul nici m\u0103car la finalul unei zile solicitante! Apa de toalet\u0103 pentru b\u0103rba\u021bi Guess Seductive Homme Red v\u0103 cucere\u0219te prin combina\u021bia de ingrediente parfumate, care stimuleaz\u0103 distrac\u021bia \u0219i men\u021bin ritmul. parfum picant un parfum juc\u0103u\u0219, de care nu v\u0103 plictisi\u021bi niciodat\u0103 idee...\" \/>\n<meta property=\"og:url\" content=\"https:\/\/shopatoa.com\/ro\/guess-seductive-homme-red-eau-de-toilette-pentru-barbati-50-ml\/\" \/>\n<meta property=\"og:site_name\" content=\"SHOPATOA\" \/>\n<meta property=\"article:modified_time\" content=\"2025-06-23T21:01:18+00:00\" \/>\n<meta property=\"og:image\" content=\"https:\/\/storage.googleapis.com\/cz-shopatoa-img\/ro\/82de83fc-unnamed-file.webp\" \/>\n\t<meta property=\"og:image:width\" content=\"800\" \/>\n\t<meta property=\"og:image:height\" content=\"800\" \/>\n\t<meta property=\"og:image:type\" content=\"image\/webp\" \/>\n<meta name=\"twitter:card\" content=\"summary_large_image\" \/>\n<script type=\"application\/ld+json\" class=\"yoast-schema-graph\">{\"@context\":\"https:\\\/\\\/schema.org\",\"@graph\":[{\"@type\":\"WebPage\",\"@id\":\"https:\\\/\\\/shopatoa.com\\\/ro\\\/guess-seductive-homme-red-eau-de-toilette-pentru-barbati-50-ml\\\/\",\"url\":\"https:\\\/\\\/shopatoa.com\\\/ro\\\/guess-seductive-homme-red-eau-de-toilette-pentru-barbati-50-ml\\\/\",\"name\":\"Guess Seductive Homme Red Eau de Toilette pentru b\u0103rba\u021bi 50 ml - SHOPATOA.COM\",\"isPartOf\":{\"@id\":\"https:\\\/\\\/shopatoa.com\\\/ro\\\/#website\"},\"primaryImageOfPage\":{\"@id\":\"https:\\\/\\\/shopatoa.com\\\/ro\\\/guess-seductive-homme-red-eau-de-toilette-pentru-barbati-50-ml\\\/#primaryimage\"},\"image\":{\"@id\":\"https:\\\/\\\/shopatoa.com\\\/ro\\\/guess-seductive-homme-red-eau-de-toilette-pentru-barbati-50-ml\\\/#primaryimage\"},\"thumbnailUrl\":\"https:\\\/\\\/storage.googleapis.com\\\/cz-shopatoa-img\\\/ro\\\/82de83fc-unnamed-file.webp\",\"datePublished\":\"2025-06-23T20:59:48+00:00\",\"dateModified\":\"2025-06-23T21:01:18+00:00\",\"breadcrumb\":{\"@id\":\"https:\\\/\\\/shopatoa.com\\\/ro\\\/guess-seductive-homme-red-eau-de-toilette-pentru-barbati-50-ml\\\/#breadcrumb\"},\"inLanguage\":\"ro-RO\",\"potentialAction\":[{\"@type\":\"ReadAction\",\"target\":[\"https:\\\/\\\/shopatoa.com\\\/ro\\\/guess-seductive-homme-red-eau-de-toilette-pentru-barbati-50-ml\\\/\"]}]},{\"@type\":\"ImageObject\",\"inLanguage\":\"ro-RO\",\"@id\":\"https:\\\/\\\/shopatoa.com\\\/ro\\\/guess-seductive-homme-red-eau-de-toilette-pentru-barbati-50-ml\\\/#primaryimage\",\"url\":\"https:\\\/\\\/storage.googleapis.com\\\/cz-shopatoa-img\\\/ro\\\/82de83fc-unnamed-file.webp\",\"contentUrl\":\"https:\\\/\\\/storage.googleapis.com\\\/cz-shopatoa-img\\\/ro\\\/82de83fc-unnamed-file.webp\",\"width\":800,\"height\":800},{\"@type\":\"BreadcrumbList\",\"@id\":\"https:\\\/\\\/shopatoa.com\\\/ro\\\/guess-seductive-homme-red-eau-de-toilette-pentru-barbati-50-ml\\\/#breadcrumb\",\"itemListElement\":[{\"@type\":\"ListItem\",\"position\":1,\"name\":\"Dom\u016f\",\"item\":\"https:\\\/\\\/shopatoa.com\\\/ro\\\/\"},{\"@type\":\"ListItem\",\"position\":2,\"name\":\"Shop\",\"item\":\"https:\\\/\\\/shopatoa.com\\\/ro\\\/shop\\\/\"},{\"@type\":\"ListItem\",\"position\":3,\"name\":\"Guess Seductive Homme Red Eau de Toilette pentru b\u0103rba\u021bi 50 ml\"}]},{\"@type\":\"WebSite\",\"@id\":\"https:\\\/\\\/shopatoa.com\\\/ro\\\/#website\",\"url\":\"https:\\\/\\\/shopatoa.com\\\/ro\\\/\",\"name\":\"SHOPATOA\",\"description\":\"\",\"publisher\":{\"@id\":\"https:\\\/\\\/shopatoa.com\\\/ro\\\/#organization\"},\"potentialAction\":[{\"@type\":\"SearchAction\",\"target\":{\"@type\":\"EntryPoint\",\"urlTemplate\":\"https:\\\/\\\/shopatoa.com\\\/ro\\\/?s={search_term_string}\"},\"query-input\":{\"@type\":\"PropertyValueSpecification\",\"valueRequired\":true,\"valueName\":\"search_term_string\"}}],\"inLanguage\":\"ro-RO\"},{\"@type\":\"Organization\",\"@id\":\"https:\\\/\\\/shopatoa.com\\\/ro\\\/#organization\",\"name\":\"SHOPATOA\",\"url\":\"https:\\\/\\\/shopatoa.com\\\/ro\\\/\",\"logo\":{\"@type\":\"ImageObject\",\"inLanguage\":\"ro-RO\",\"@id\":\"https:\\\/\\\/shopatoa.com\\\/ro\\\/#\\\/schema\\\/logo\\\/image\\\/\",\"url\":\"https:\\\/\\\/storage.googleapis.com\\\/cz-shopatoa-img\\\/ro\\\/b4dac915-shopatoa_logo.png\",\"contentUrl\":\"https:\\\/\\\/storage.googleapis.com\\\/cz-shopatoa-img\\\/ro\\\/b4dac915-shopatoa_logo.png\",\"width\":416,\"height\":63,\"caption\":\"SHOPATOA\"},\"image\":{\"@id\":\"https:\\\/\\\/shopatoa.com\\\/ro\\\/#\\\/schema\\\/logo\\\/image\\\/\"}}]}<\/script>\n<!-- \/ Yoast SEO plugin. -->","yoast_head_json":{"title":"Guess Seductive Homme Red Eau de Toilette pentru b\u0103rba\u021bi 50 ml - SHOPATOA.COM","robots":{"index":"index","follow":"follow","max-snippet":"max-snippet:-1","max-image-preview":"max-image-preview:large","max-video-preview":"max-video-preview:-1"},"canonical":"https:\/\/shopatoa.com\/ro\/guess-seductive-homme-red-eau-de-toilette-pentru-barbati-50-ml\/","og_locale":"ro_RO","og_type":"article","og_title":"Guess Seductive Homme Red Eau de Toilette pentru b\u0103rba\u021bi 50 ml - SHOPATOA.COM","og_description":"Guess Seductive Homme Red, 50 ml, Ap\u0103 de toalet\u0103 pentru b\u0103rba\u021bi, Nu pierde\u021bi ritmul nici m\u0103car la finalul unei zile solicitante! Apa de toalet\u0103 pentru b\u0103rba\u021bi Guess Seductive Homme Red v\u0103 cucere\u0219te prin combina\u021bia de ingrediente parfumate, care stimuleaz\u0103 distrac\u021bia \u0219i men\u021bin ritmul. parfum picant un parfum juc\u0103u\u0219, de care nu v\u0103 plictisi\u021bi niciodat\u0103 idee...","og_url":"https:\/\/shopatoa.com\/ro\/guess-seductive-homme-red-eau-de-toilette-pentru-barbati-50-ml\/","og_site_name":"SHOPATOA","article_modified_time":"2025-06-23T21:01:18+00:00","og_image":[{"width":800,"height":800,"url":"https:\/\/storage.googleapis.com\/cz-shopatoa-img\/ro\/82de83fc-unnamed-file.webp","type":"image\/webp"}],"twitter_card":"summary_large_image","schema":{"@context":"https:\/\/schema.org","@graph":[{"@type":"WebPage","@id":"https:\/\/shopatoa.com\/ro\/guess-seductive-homme-red-eau-de-toilette-pentru-barbati-50-ml\/","url":"https:\/\/shopatoa.com\/ro\/guess-seductive-homme-red-eau-de-toilette-pentru-barbati-50-ml\/","name":"Guess Seductive Homme Red Eau de Toilette pentru b\u0103rba\u021bi 50 ml - SHOPATOA.COM","isPartOf":{"@id":"https:\/\/shopatoa.com\/ro\/#website"},"primaryImageOfPage":{"@id":"https:\/\/shopatoa.com\/ro\/guess-seductive-homme-red-eau-de-toilette-pentru-barbati-50-ml\/#primaryimage"},"image":{"@id":"https:\/\/shopatoa.com\/ro\/guess-seductive-homme-red-eau-de-toilette-pentru-barbati-50-ml\/#primaryimage"},"thumbnailUrl":"https:\/\/storage.googleapis.com\/cz-shopatoa-img\/ro\/82de83fc-unnamed-file.webp","datePublished":"2025-06-23T20:59:48+00:00","dateModified":"2025-06-23T21:01:18+00:00","breadcrumb":{"@id":"https:\/\/shopatoa.com\/ro\/guess-seductive-homme-red-eau-de-toilette-pentru-barbati-50-ml\/#breadcrumb"},"inLanguage":"ro-RO","potentialAction":[{"@type":"ReadAction","target":["https:\/\/shopatoa.com\/ro\/guess-seductive-homme-red-eau-de-toilette-pentru-barbati-50-ml\/"]}]},{"@type":"ImageObject","inLanguage":"ro-RO","@id":"https:\/\/shopatoa.com\/ro\/guess-seductive-homme-red-eau-de-toilette-pentru-barbati-50-ml\/#primaryimage","url":"https:\/\/storage.googleapis.com\/cz-shopatoa-img\/ro\/82de83fc-unnamed-file.webp","contentUrl":"https:\/\/storage.googleapis.com\/cz-shopatoa-img\/ro\/82de83fc-unnamed-file.webp","width":800,"height":800},{"@type":"BreadcrumbList","@id":"https:\/\/shopatoa.com\/ro\/guess-seductive-homme-red-eau-de-toilette-pentru-barbati-50-ml\/#breadcrumb","itemListElement":[{"@type":"ListItem","position":1,"name":"Dom\u016f","item":"https:\/\/shopatoa.com\/ro\/"},{"@type":"ListItem","position":2,"name":"Shop","item":"https:\/\/shopatoa.com\/ro\/shop\/"},{"@type":"ListItem","position":3,"name":"Guess Seductive Homme Red Eau de Toilette pentru b\u0103rba\u021bi 50 ml"}]},{"@type":"WebSite","@id":"https:\/\/shopatoa.com\/ro\/#website","url":"https:\/\/shopatoa.com\/ro\/","name":"SHOPATOA","description":"","publisher":{"@id":"https:\/\/shopatoa.com\/ro\/#organization"},"potentialAction":[{"@type":"SearchAction","target":{"@type":"EntryPoint","urlTemplate":"https:\/\/shopatoa.com\/ro\/?s={search_term_string}"},"query-input":{"@type":"PropertyValueSpecification","valueRequired":true,"valueName":"search_term_string"}}],"inLanguage":"ro-RO"},{"@type":"Organization","@id":"https:\/\/shopatoa.com\/ro\/#organization","name":"SHOPATOA","url":"https:\/\/shopatoa.com\/ro\/","logo":{"@type":"ImageObject","inLanguage":"ro-RO","@id":"https:\/\/shopatoa.com\/ro\/#\/schema\/logo\/image\/","url":"https:\/\/storage.googleapis.com\/cz-shopatoa-img\/ro\/b4dac915-shopatoa_logo.png","contentUrl":"https:\/\/storage.googleapis.com\/cz-shopatoa-img\/ro\/b4dac915-shopatoa_logo.png","width":416,"height":63,"caption":"SHOPATOA"},"image":{"@id":"https:\/\/shopatoa.com\/ro\/#\/schema\/logo\/image\/"}}]}},"_links":{"self":[{"href":"https:\/\/shopatoa.com\/ro\/wp-json\/wp\/v2\/product\/433964","targetHints":{"allow":["GET"]}}],"collection":[{"href":"https:\/\/shopatoa.com\/ro\/wp-json\/wp\/v2\/product"}],"about":[{"href":"https:\/\/shopatoa.com\/ro\/wp-json\/wp\/v2\/types\/product"}],"replies":[{"embeddable":true,"href":"https:\/\/shopatoa.com\/ro\/wp-json\/wp\/v2\/comments?post=433964"}],"wp:featuredmedia":[{"embeddable":true,"href":"https:\/\/shopatoa.com\/ro\/wp-json\/wp\/v2\/media\/433965"}],"wp:attachment":[{"href":"https:\/\/shopatoa.com\/ro\/wp-json\/wp\/v2\/media?parent=433964"}],"wp:term":[{"taxonomy":"product_brand","embeddable":true,"href":"https:\/\/shopatoa.com\/ro\/wp-json\/wp\/v2\/product_brand?post=433964"},{"taxonomy":"product_cat","embeddable":true,"href":"https:\/\/shopatoa.com\/ro\/wp-json\/wp\/v2\/product_cat?post=433964"},{"taxonomy":"product_tag","embeddable":true,"href":"https:\/\/shopatoa.com\/ro\/wp-json\/wp\/v2\/product_tag?post=433964"}],"curies":[{"name":"wp","href":"https:\/\/api.w.org\/{rel}","templated":true}]}}