{"id":434110,"date":"2025-06-23T23:13:30","date_gmt":"2025-06-23T21:13:30","guid":{"rendered":"https:\/\/shopatoa.com\/ro\/bioelixire-thick-hair-ser-pentru-stimularea-cresterii-parului-150-cm\/"},"modified":"2025-12-12T16:53:54","modified_gmt":"2025-12-12T15:53:54","slug":"bioelixire-thick-hair-ser-pentru-stimularea-cresterii-parului-150-cm","status":"publish","type":"product","link":"https:\/\/shopatoa.com\/ro\/bioelixire-thick-hair-ser-pentru-stimularea-cresterii-parului-150-cm\/","title":{"rendered":"Bio\u00e9lixire Thick Hair Ser pentru stimularea cresterii parului 150 cm"},"content":{"rendered":"<p>Bio\u00e9lixire Thick Hair, 150 cm, Seruri pentru p\u0103r pentru femei, Tratamentul pentru p\u0103r Bio\u00e9lixire Thick Hair stimuleaz\u0103 eficient cre\u0219terea p\u0103rului nou, \u00eel fortific\u0103 \u0219i reduce pierderea p\u0103rului existent. Bucura\u021bi-v\u0103 din nou de un p\u0103r frumos \u0219i des.  Caracteristici:  dinamizeaz\u0103 activitatea r\u0103d\u0103cinilor p\u0103rului stimuleaz\u0103 scalpul hr\u0103ne\u0219te p\u0103rul pe \u00eentreaga sa lungime fortific\u0103 structura intern\u0103 a fibrei p\u0103rului  Ingrediente:  produs vegan  Cum se utilizeaz\u0103: Se agit\u0103 bine, \u00eenainte de utilizare. Aplica\u021bi direct pe scalp, \u00een p\u0103rul uscat.<\/p>\n","protected":false},"excerpt":{"rendered":"<p>Bio\u00e9lixire Thick Hair, 150 cm, Seruri pentru p\u0103r pentru femei, Tratamentul pentru p\u0103r Bio\u00e9lixire Thick Hair stimuleaz\u0103 eficient cre\u0219terea p\u0103rului nou, \u00eel fortific\u0103 \u0219i reduce pierderea p\u0103rului existent. Bucura\u021bi-v\u0103 din nou de un p\u0103r frumos \u0219i des. Caracteristici: dinamizeaz\u0103 activitatea r\u0103d\u0103cinilor p\u0103rului stimuleaz\u0103 scalpul hr\u0103ne\u0219te p\u0103rul pe \u00eentreaga sa lungime fortific\u0103 structura intern\u0103 a fibrei&#8230;<\/p>\n","protected":false},"featured_media":434111,"comment_status":"closed","ping_status":"open","template":"","meta":{"_acf_changed":false,"_kadence_starter_templates_imported_post":false,"_kad_post_transparent":"","_kad_post_title":"","_kad_post_layout":"","_kad_post_sidebar_id":"","_kad_post_content_style":"","_kad_post_vertical_padding":"","_kad_post_feature":"","_kad_post_feature_position":"","_kad_post_header":false,"_kad_post_footer":false,"_kad_post_classname":""},"product_brand":[3026],"product_cat":[1839,1563,1590,1562],"product_tag":[],"class_list":{"0":"post-434110","1":"product","2":"type-product","3":"status-publish","4":"has-post-thumbnail","6":"product_brand-bioelixire","7":"product_cat-concealer-pentru-caderea-parului","8":"product_cat-ingrijire-personala","9":"product_cat-ingrijirea-parului","10":"product_cat-sanatate-si-frumusete","11":"pa_gen-female","12":"pa_marime-150-cm","14":"first","15":"instock","16":"sale","17":"product-type-external","18":"entry","19":"content-bg","20":"loop-entry"},"acf":[],"yoast_head":"<!-- This site is optimized with the Yoast SEO plugin v27.4 - https:\/\/yoast.com\/product\/yoast-seo-wordpress\/ -->\n<title>Bio\u00e9lixire Thick Hair Ser pentru stimularea cresterii parului 150 cm - SHOPATOA.COM<\/title>\n<meta name=\"robots\" content=\"index, follow, max-snippet:-1, max-image-preview:large, max-video-preview:-1\" \/>\n<link rel=\"canonical\" href=\"https:\/\/shopatoa.com\/ro\/bioelixire-thick-hair-ser-pentru-stimularea-cresterii-parului-150-cm\/\" \/>\n<meta property=\"og:locale\" content=\"ro_RO\" \/>\n<meta property=\"og:type\" content=\"article\" \/>\n<meta property=\"og:title\" content=\"Bio\u00e9lixire Thick Hair Ser pentru stimularea cresterii parului 150 cm - SHOPATOA.COM\" \/>\n<meta property=\"og:description\" content=\"Bio\u00e9lixire Thick Hair, 150 cm, Seruri pentru p\u0103r pentru femei, Tratamentul pentru p\u0103r Bio\u00e9lixire Thick Hair stimuleaz\u0103 eficient cre\u0219terea p\u0103rului nou, \u00eel fortific\u0103 \u0219i reduce pierderea p\u0103rului existent. Bucura\u021bi-v\u0103 din nou de un p\u0103r frumos \u0219i des. Caracteristici: dinamizeaz\u0103 activitatea r\u0103d\u0103cinilor p\u0103rului stimuleaz\u0103 scalpul hr\u0103ne\u0219te p\u0103rul pe \u00eentreaga sa lungime fortific\u0103 structura intern\u0103 a fibrei...\" \/>\n<meta property=\"og:url\" content=\"https:\/\/shopatoa.com\/ro\/bioelixire-thick-hair-ser-pentru-stimularea-cresterii-parului-150-cm\/\" \/>\n<meta property=\"og:site_name\" content=\"SHOPATOA\" \/>\n<meta property=\"article:modified_time\" content=\"2025-12-12T15:53:54+00:00\" \/>\n<meta property=\"og:image\" content=\"https:\/\/storage.googleapis.com\/cz-shopatoa-img\/ro\/4d683b4f-unnamed-file.webp\" \/>\n\t<meta property=\"og:image:width\" content=\"800\" \/>\n\t<meta property=\"og:image:height\" content=\"800\" \/>\n\t<meta property=\"og:image:type\" content=\"image\/webp\" \/>\n<meta name=\"twitter:card\" content=\"summary_large_image\" \/>\n<script type=\"application\/ld+json\" class=\"yoast-schema-graph\">{\"@context\":\"https:\\\/\\\/schema.org\",\"@graph\":[{\"@type\":\"WebPage\",\"@id\":\"https:\\\/\\\/shopatoa.com\\\/ro\\\/bioelixire-thick-hair-ser-pentru-stimularea-cresterii-parului-150-cm\\\/\",\"url\":\"https:\\\/\\\/shopatoa.com\\\/ro\\\/bioelixire-thick-hair-ser-pentru-stimularea-cresterii-parului-150-cm\\\/\",\"name\":\"Bio\u00e9lixire Thick Hair Ser pentru stimularea cresterii parului 150 cm - SHOPATOA.COM\",\"isPartOf\":{\"@id\":\"https:\\\/\\\/shopatoa.com\\\/ro\\\/#website\"},\"primaryImageOfPage\":{\"@id\":\"https:\\\/\\\/shopatoa.com\\\/ro\\\/bioelixire-thick-hair-ser-pentru-stimularea-cresterii-parului-150-cm\\\/#primaryimage\"},\"image\":{\"@id\":\"https:\\\/\\\/shopatoa.com\\\/ro\\\/bioelixire-thick-hair-ser-pentru-stimularea-cresterii-parului-150-cm\\\/#primaryimage\"},\"thumbnailUrl\":\"https:\\\/\\\/storage.googleapis.com\\\/cz-shopatoa-img\\\/ro\\\/4d683b4f-unnamed-file.webp\",\"datePublished\":\"2025-06-23T21:13:30+00:00\",\"dateModified\":\"2025-12-12T15:53:54+00:00\",\"breadcrumb\":{\"@id\":\"https:\\\/\\\/shopatoa.com\\\/ro\\\/bioelixire-thick-hair-ser-pentru-stimularea-cresterii-parului-150-cm\\\/#breadcrumb\"},\"inLanguage\":\"ro-RO\",\"potentialAction\":[{\"@type\":\"ReadAction\",\"target\":[\"https:\\\/\\\/shopatoa.com\\\/ro\\\/bioelixire-thick-hair-ser-pentru-stimularea-cresterii-parului-150-cm\\\/\"]}]},{\"@type\":\"ImageObject\",\"inLanguage\":\"ro-RO\",\"@id\":\"https:\\\/\\\/shopatoa.com\\\/ro\\\/bioelixire-thick-hair-ser-pentru-stimularea-cresterii-parului-150-cm\\\/#primaryimage\",\"url\":\"https:\\\/\\\/storage.googleapis.com\\\/cz-shopatoa-img\\\/ro\\\/4d683b4f-unnamed-file.webp\",\"contentUrl\":\"https:\\\/\\\/storage.googleapis.com\\\/cz-shopatoa-img\\\/ro\\\/4d683b4f-unnamed-file.webp\",\"width\":800,\"height\":800},{\"@type\":\"BreadcrumbList\",\"@id\":\"https:\\\/\\\/shopatoa.com\\\/ro\\\/bioelixire-thick-hair-ser-pentru-stimularea-cresterii-parului-150-cm\\\/#breadcrumb\",\"itemListElement\":[{\"@type\":\"ListItem\",\"position\":1,\"name\":\"Dom\u016f\",\"item\":\"https:\\\/\\\/shopatoa.com\\\/ro\\\/\"},{\"@type\":\"ListItem\",\"position\":2,\"name\":\"Shop\",\"item\":\"https:\\\/\\\/shopatoa.com\\\/ro\\\/shop\\\/\"},{\"@type\":\"ListItem\",\"position\":3,\"name\":\"S\u0103n\u0103tate \u0219i frumuse\u021be\",\"item\":\"https:\\\/\\\/shopatoa.com\\\/ro\\\/sanatate-si-frumusete\\\/\"},{\"@type\":\"ListItem\",\"position\":4,\"name\":\"\u00cengrijire personal\u0103\",\"item\":\"https:\\\/\\\/shopatoa.com\\\/ro\\\/ingrijire-personala\\\/\"},{\"@type\":\"ListItem\",\"position\":5,\"name\":\"\u00cengrijirea p\u0103rului\",\"item\":\"https:\\\/\\\/shopatoa.com\\\/ro\\\/ingrijirea-parului\\\/\"},{\"@type\":\"ListItem\",\"position\":6,\"name\":\"Concealer pentru c\u0103derea p\u0103rului\",\"item\":\"https:\\\/\\\/shopatoa.com\\\/ro\\\/concealer-pentru-caderea-parului\\\/\"},{\"@type\":\"ListItem\",\"position\":7,\"name\":\"Bio\u00e9lixire Thick Hair Ser pentru stimularea cresterii parului 150 cm\"}]},{\"@type\":\"WebSite\",\"@id\":\"https:\\\/\\\/shopatoa.com\\\/ro\\\/#website\",\"url\":\"https:\\\/\\\/shopatoa.com\\\/ro\\\/\",\"name\":\"SHOPATOA\",\"description\":\"\",\"publisher\":{\"@id\":\"https:\\\/\\\/shopatoa.com\\\/ro\\\/#organization\"},\"potentialAction\":[{\"@type\":\"SearchAction\",\"target\":{\"@type\":\"EntryPoint\",\"urlTemplate\":\"https:\\\/\\\/shopatoa.com\\\/ro\\\/?s={search_term_string}\"},\"query-input\":{\"@type\":\"PropertyValueSpecification\",\"valueRequired\":true,\"valueName\":\"search_term_string\"}}],\"inLanguage\":\"ro-RO\"},{\"@type\":\"Organization\",\"@id\":\"https:\\\/\\\/shopatoa.com\\\/ro\\\/#organization\",\"name\":\"SHOPATOA\",\"url\":\"https:\\\/\\\/shopatoa.com\\\/ro\\\/\",\"logo\":{\"@type\":\"ImageObject\",\"inLanguage\":\"ro-RO\",\"@id\":\"https:\\\/\\\/shopatoa.com\\\/ro\\\/#\\\/schema\\\/logo\\\/image\\\/\",\"url\":\"https:\\\/\\\/storage.googleapis.com\\\/cz-shopatoa-img\\\/ro\\\/b4dac915-shopatoa_logo.png\",\"contentUrl\":\"https:\\\/\\\/storage.googleapis.com\\\/cz-shopatoa-img\\\/ro\\\/b4dac915-shopatoa_logo.png\",\"width\":416,\"height\":63,\"caption\":\"SHOPATOA\"},\"image\":{\"@id\":\"https:\\\/\\\/shopatoa.com\\\/ro\\\/#\\\/schema\\\/logo\\\/image\\\/\"}}]}<\/script>\n<!-- \/ Yoast SEO plugin. -->","yoast_head_json":{"title":"Bio\u00e9lixire Thick Hair Ser pentru stimularea cresterii parului 150 cm - SHOPATOA.COM","robots":{"index":"index","follow":"follow","max-snippet":"max-snippet:-1","max-image-preview":"max-image-preview:large","max-video-preview":"max-video-preview:-1"},"canonical":"https:\/\/shopatoa.com\/ro\/bioelixire-thick-hair-ser-pentru-stimularea-cresterii-parului-150-cm\/","og_locale":"ro_RO","og_type":"article","og_title":"Bio\u00e9lixire Thick Hair Ser pentru stimularea cresterii parului 150 cm - SHOPATOA.COM","og_description":"Bio\u00e9lixire Thick Hair, 150 cm, Seruri pentru p\u0103r pentru femei, Tratamentul pentru p\u0103r Bio\u00e9lixire Thick Hair stimuleaz\u0103 eficient cre\u0219terea p\u0103rului nou, \u00eel fortific\u0103 \u0219i reduce pierderea p\u0103rului existent. Bucura\u021bi-v\u0103 din nou de un p\u0103r frumos \u0219i des. Caracteristici: dinamizeaz\u0103 activitatea r\u0103d\u0103cinilor p\u0103rului stimuleaz\u0103 scalpul hr\u0103ne\u0219te p\u0103rul pe \u00eentreaga sa lungime fortific\u0103 structura intern\u0103 a fibrei...","og_url":"https:\/\/shopatoa.com\/ro\/bioelixire-thick-hair-ser-pentru-stimularea-cresterii-parului-150-cm\/","og_site_name":"SHOPATOA","article_modified_time":"2025-12-12T15:53:54+00:00","og_image":[{"width":800,"height":800,"url":"https:\/\/storage.googleapis.com\/cz-shopatoa-img\/ro\/4d683b4f-unnamed-file.webp","type":"image\/webp"}],"twitter_card":"summary_large_image","schema":{"@context":"https:\/\/schema.org","@graph":[{"@type":"WebPage","@id":"https:\/\/shopatoa.com\/ro\/bioelixire-thick-hair-ser-pentru-stimularea-cresterii-parului-150-cm\/","url":"https:\/\/shopatoa.com\/ro\/bioelixire-thick-hair-ser-pentru-stimularea-cresterii-parului-150-cm\/","name":"Bio\u00e9lixire Thick Hair Ser pentru stimularea cresterii parului 150 cm - SHOPATOA.COM","isPartOf":{"@id":"https:\/\/shopatoa.com\/ro\/#website"},"primaryImageOfPage":{"@id":"https:\/\/shopatoa.com\/ro\/bioelixire-thick-hair-ser-pentru-stimularea-cresterii-parului-150-cm\/#primaryimage"},"image":{"@id":"https:\/\/shopatoa.com\/ro\/bioelixire-thick-hair-ser-pentru-stimularea-cresterii-parului-150-cm\/#primaryimage"},"thumbnailUrl":"https:\/\/storage.googleapis.com\/cz-shopatoa-img\/ro\/4d683b4f-unnamed-file.webp","datePublished":"2025-06-23T21:13:30+00:00","dateModified":"2025-12-12T15:53:54+00:00","breadcrumb":{"@id":"https:\/\/shopatoa.com\/ro\/bioelixire-thick-hair-ser-pentru-stimularea-cresterii-parului-150-cm\/#breadcrumb"},"inLanguage":"ro-RO","potentialAction":[{"@type":"ReadAction","target":["https:\/\/shopatoa.com\/ro\/bioelixire-thick-hair-ser-pentru-stimularea-cresterii-parului-150-cm\/"]}]},{"@type":"ImageObject","inLanguage":"ro-RO","@id":"https:\/\/shopatoa.com\/ro\/bioelixire-thick-hair-ser-pentru-stimularea-cresterii-parului-150-cm\/#primaryimage","url":"https:\/\/storage.googleapis.com\/cz-shopatoa-img\/ro\/4d683b4f-unnamed-file.webp","contentUrl":"https:\/\/storage.googleapis.com\/cz-shopatoa-img\/ro\/4d683b4f-unnamed-file.webp","width":800,"height":800},{"@type":"BreadcrumbList","@id":"https:\/\/shopatoa.com\/ro\/bioelixire-thick-hair-ser-pentru-stimularea-cresterii-parului-150-cm\/#breadcrumb","itemListElement":[{"@type":"ListItem","position":1,"name":"Dom\u016f","item":"https:\/\/shopatoa.com\/ro\/"},{"@type":"ListItem","position":2,"name":"Shop","item":"https:\/\/shopatoa.com\/ro\/shop\/"},{"@type":"ListItem","position":3,"name":"S\u0103n\u0103tate \u0219i frumuse\u021be","item":"https:\/\/shopatoa.com\/ro\/sanatate-si-frumusete\/"},{"@type":"ListItem","position":4,"name":"\u00cengrijire personal\u0103","item":"https:\/\/shopatoa.com\/ro\/ingrijire-personala\/"},{"@type":"ListItem","position":5,"name":"\u00cengrijirea p\u0103rului","item":"https:\/\/shopatoa.com\/ro\/ingrijirea-parului\/"},{"@type":"ListItem","position":6,"name":"Concealer pentru c\u0103derea p\u0103rului","item":"https:\/\/shopatoa.com\/ro\/concealer-pentru-caderea-parului\/"},{"@type":"ListItem","position":7,"name":"Bio\u00e9lixire Thick Hair Ser pentru stimularea cresterii parului 150 cm"}]},{"@type":"WebSite","@id":"https:\/\/shopatoa.com\/ro\/#website","url":"https:\/\/shopatoa.com\/ro\/","name":"SHOPATOA","description":"","publisher":{"@id":"https:\/\/shopatoa.com\/ro\/#organization"},"potentialAction":[{"@type":"SearchAction","target":{"@type":"EntryPoint","urlTemplate":"https:\/\/shopatoa.com\/ro\/?s={search_term_string}"},"query-input":{"@type":"PropertyValueSpecification","valueRequired":true,"valueName":"search_term_string"}}],"inLanguage":"ro-RO"},{"@type":"Organization","@id":"https:\/\/shopatoa.com\/ro\/#organization","name":"SHOPATOA","url":"https:\/\/shopatoa.com\/ro\/","logo":{"@type":"ImageObject","inLanguage":"ro-RO","@id":"https:\/\/shopatoa.com\/ro\/#\/schema\/logo\/image\/","url":"https:\/\/storage.googleapis.com\/cz-shopatoa-img\/ro\/b4dac915-shopatoa_logo.png","contentUrl":"https:\/\/storage.googleapis.com\/cz-shopatoa-img\/ro\/b4dac915-shopatoa_logo.png","width":416,"height":63,"caption":"SHOPATOA"},"image":{"@id":"https:\/\/shopatoa.com\/ro\/#\/schema\/logo\/image\/"}}]}},"_links":{"self":[{"href":"https:\/\/shopatoa.com\/ro\/wp-json\/wp\/v2\/product\/434110","targetHints":{"allow":["GET"]}}],"collection":[{"href":"https:\/\/shopatoa.com\/ro\/wp-json\/wp\/v2\/product"}],"about":[{"href":"https:\/\/shopatoa.com\/ro\/wp-json\/wp\/v2\/types\/product"}],"replies":[{"embeddable":true,"href":"https:\/\/shopatoa.com\/ro\/wp-json\/wp\/v2\/comments?post=434110"}],"wp:featuredmedia":[{"embeddable":true,"href":"https:\/\/shopatoa.com\/ro\/wp-json\/wp\/v2\/media\/434111"}],"wp:attachment":[{"href":"https:\/\/shopatoa.com\/ro\/wp-json\/wp\/v2\/media?parent=434110"}],"wp:term":[{"taxonomy":"product_brand","embeddable":true,"href":"https:\/\/shopatoa.com\/ro\/wp-json\/wp\/v2\/product_brand?post=434110"},{"taxonomy":"product_cat","embeddable":true,"href":"https:\/\/shopatoa.com\/ro\/wp-json\/wp\/v2\/product_cat?post=434110"},{"taxonomy":"product_tag","embeddable":true,"href":"https:\/\/shopatoa.com\/ro\/wp-json\/wp\/v2\/product_tag?post=434110"}],"curies":[{"name":"wp","href":"https:\/\/api.w.org\/{rel}","templated":true}]}}