{"id":434673,"date":"2025-06-24T00:23:22","date_gmt":"2025-06-23T22:23:22","guid":{"rendered":"https:\/\/shopatoa.com\/ro\/arcocere-after-wax-aloe-gel-fresh-de-curatare-dupa-epilare-150-ml\/"},"modified":"2025-06-24T00:23:59","modified_gmt":"2025-06-23T22:23:59","slug":"arcocere-after-wax-aloe-gel-fresh-de-curatare-dupa-epilare-150-ml","status":"publish","type":"product","link":"https:\/\/shopatoa.com\/ro\/arcocere-after-wax-aloe-gel-fresh-de-curatare-dupa-epilare-150-ml\/","title":{"rendered":"Arcocere After Wax Aloe gel fresh de curatare dup\u0103 epilare 150 ml"},"content":{"rendered":"<p>Arcocere After Wax Aloe, 150 ml, Produse dup\u0103 ras pentru femei, Produsul Arcocere After Wax este destinat trat\u0103rii pielii \u00eentregului corp, dup\u0103 epilare sau depilare. Ofer\u0103 pielii hrana \u0219i catifelarea necesare.  Caracteristici:  calmeaz\u0103 \u0219i regenereaz\u0103 pielea hidrateaz\u0103 pielea hr\u0103ne\u0219te pielea \u00een profunzime neteze\u0219te intens pielea  Cum se utilizeaz\u0103: Crema se aplic\u0103 direct pe piele dup\u0103 ras, depilare sau epilare.<\/p>\n","protected":false},"excerpt":{"rendered":"<p>Arcocere After Wax Aloe, 150 ml, Produse dup\u0103 ras pentru femei, Produsul Arcocere After Wax este destinat trat\u0103rii pielii \u00eentregului corp, dup\u0103 epilare sau depilare. Ofer\u0103 pielii hrana \u0219i catifelarea necesare. Caracteristici: calmeaz\u0103 \u0219i regenereaz\u0103 pielea hidrateaz\u0103 pielea hr\u0103ne\u0219te pielea \u00een profunzime neteze\u0219te intens pielea Cum se utilizeaz\u0103: Crema se aplic\u0103 direct pe piele dup\u0103&#8230;<\/p>\n","protected":false},"featured_media":434674,"comment_status":"closed","ping_status":"open","template":"","meta":{"_acf_changed":false,"_kadence_starter_templates_imported_post":false,"_kad_post_transparent":"","_kad_post_title":"","_kad_post_layout":"","_kad_post_sidebar_id":"","_kad_post_content_style":"","_kad_post_vertical_padding":"","_kad_post_feature":"","_kad_post_feature_position":"","_kad_post_header":false,"_kad_post_footer":false,"_kad_post_classname":""},"product_brand":[1946],"product_cat":[1947,1881,1563,1562],"product_tag":[],"class_list":{"0":"post-434673","1":"product","2":"type-product","3":"status-publish","4":"has-post-thumbnail","6":"product_brand-arcocere","7":"product_cat-balsam-dupa-ras","8":"product_cat-barbierit-si-ingrijire","9":"product_cat-ingrijire-personala","10":"product_cat-sanatate-si-frumusete","11":"pa_gen-female","12":"pa_marime-150-ml","14":"first","15":"instock","16":"product-type-external","17":"entry","18":"content-bg","19":"loop-entry"},"acf":[],"yoast_head":"<!-- This site is optimized with the Yoast SEO plugin v27.4 - https:\/\/yoast.com\/product\/yoast-seo-wordpress\/ -->\n<title>Arcocere After Wax Aloe gel fresh de curatare dup\u0103 epilare 150 ml - SHOPATOA.COM<\/title>\n<meta name=\"robots\" content=\"index, follow, max-snippet:-1, max-image-preview:large, max-video-preview:-1\" \/>\n<link rel=\"canonical\" href=\"https:\/\/shopatoa.com\/ro\/arcocere-after-wax-aloe-gel-fresh-de-curatare-dupa-epilare-150-ml\/\" \/>\n<meta property=\"og:locale\" content=\"ro_RO\" \/>\n<meta property=\"og:type\" content=\"article\" \/>\n<meta property=\"og:title\" content=\"Arcocere After Wax Aloe gel fresh de curatare dup\u0103 epilare 150 ml - SHOPATOA.COM\" \/>\n<meta property=\"og:description\" content=\"Arcocere After Wax Aloe, 150 ml, Produse dup\u0103 ras pentru femei, Produsul Arcocere After Wax este destinat trat\u0103rii pielii \u00eentregului corp, dup\u0103 epilare sau depilare. Ofer\u0103 pielii hrana \u0219i catifelarea necesare. Caracteristici: calmeaz\u0103 \u0219i regenereaz\u0103 pielea hidrateaz\u0103 pielea hr\u0103ne\u0219te pielea \u00een profunzime neteze\u0219te intens pielea Cum se utilizeaz\u0103: Crema se aplic\u0103 direct pe piele dup\u0103...\" \/>\n<meta property=\"og:url\" content=\"https:\/\/shopatoa.com\/ro\/arcocere-after-wax-aloe-gel-fresh-de-curatare-dupa-epilare-150-ml\/\" \/>\n<meta property=\"og:site_name\" content=\"SHOPATOA\" \/>\n<meta property=\"article:modified_time\" content=\"2025-06-23T22:23:59+00:00\" \/>\n<meta property=\"og:image\" content=\"https:\/\/storage.googleapis.com\/cz-shopatoa-img\/ro\/79078786-unnamed-file.webp\" \/>\n\t<meta property=\"og:image:width\" content=\"800\" \/>\n\t<meta property=\"og:image:height\" content=\"800\" \/>\n\t<meta property=\"og:image:type\" content=\"image\/webp\" \/>\n<meta name=\"twitter:card\" content=\"summary_large_image\" \/>\n<script type=\"application\/ld+json\" class=\"yoast-schema-graph\">{\"@context\":\"https:\\\/\\\/schema.org\",\"@graph\":[{\"@type\":\"WebPage\",\"@id\":\"https:\\\/\\\/shopatoa.com\\\/ro\\\/arcocere-after-wax-aloe-gel-fresh-de-curatare-dupa-epilare-150-ml\\\/\",\"url\":\"https:\\\/\\\/shopatoa.com\\\/ro\\\/arcocere-after-wax-aloe-gel-fresh-de-curatare-dupa-epilare-150-ml\\\/\",\"name\":\"Arcocere After Wax Aloe gel fresh de curatare dup\u0103 epilare 150 ml - SHOPATOA.COM\",\"isPartOf\":{\"@id\":\"https:\\\/\\\/shopatoa.com\\\/ro\\\/#website\"},\"primaryImageOfPage\":{\"@id\":\"https:\\\/\\\/shopatoa.com\\\/ro\\\/arcocere-after-wax-aloe-gel-fresh-de-curatare-dupa-epilare-150-ml\\\/#primaryimage\"},\"image\":{\"@id\":\"https:\\\/\\\/shopatoa.com\\\/ro\\\/arcocere-after-wax-aloe-gel-fresh-de-curatare-dupa-epilare-150-ml\\\/#primaryimage\"},\"thumbnailUrl\":\"https:\\\/\\\/storage.googleapis.com\\\/cz-shopatoa-img\\\/ro\\\/79078786-unnamed-file.webp\",\"datePublished\":\"2025-06-23T22:23:22+00:00\",\"dateModified\":\"2025-06-23T22:23:59+00:00\",\"breadcrumb\":{\"@id\":\"https:\\\/\\\/shopatoa.com\\\/ro\\\/arcocere-after-wax-aloe-gel-fresh-de-curatare-dupa-epilare-150-ml\\\/#breadcrumb\"},\"inLanguage\":\"ro-RO\",\"potentialAction\":[{\"@type\":\"ReadAction\",\"target\":[\"https:\\\/\\\/shopatoa.com\\\/ro\\\/arcocere-after-wax-aloe-gel-fresh-de-curatare-dupa-epilare-150-ml\\\/\"]}]},{\"@type\":\"ImageObject\",\"inLanguage\":\"ro-RO\",\"@id\":\"https:\\\/\\\/shopatoa.com\\\/ro\\\/arcocere-after-wax-aloe-gel-fresh-de-curatare-dupa-epilare-150-ml\\\/#primaryimage\",\"url\":\"https:\\\/\\\/storage.googleapis.com\\\/cz-shopatoa-img\\\/ro\\\/79078786-unnamed-file.webp\",\"contentUrl\":\"https:\\\/\\\/storage.googleapis.com\\\/cz-shopatoa-img\\\/ro\\\/79078786-unnamed-file.webp\",\"width\":800,\"height\":800},{\"@type\":\"BreadcrumbList\",\"@id\":\"https:\\\/\\\/shopatoa.com\\\/ro\\\/arcocere-after-wax-aloe-gel-fresh-de-curatare-dupa-epilare-150-ml\\\/#breadcrumb\",\"itemListElement\":[{\"@type\":\"ListItem\",\"position\":1,\"name\":\"Dom\u016f\",\"item\":\"https:\\\/\\\/shopatoa.com\\\/ro\\\/\"},{\"@type\":\"ListItem\",\"position\":2,\"name\":\"Shop\",\"item\":\"https:\\\/\\\/shopatoa.com\\\/ro\\\/shop\\\/\"},{\"@type\":\"ListItem\",\"position\":3,\"name\":\"Arcocere After Wax Aloe gel fresh de curatare dup\u0103 epilare 150 ml\"}]},{\"@type\":\"WebSite\",\"@id\":\"https:\\\/\\\/shopatoa.com\\\/ro\\\/#website\",\"url\":\"https:\\\/\\\/shopatoa.com\\\/ro\\\/\",\"name\":\"SHOPATOA\",\"description\":\"\",\"publisher\":{\"@id\":\"https:\\\/\\\/shopatoa.com\\\/ro\\\/#organization\"},\"potentialAction\":[{\"@type\":\"SearchAction\",\"target\":{\"@type\":\"EntryPoint\",\"urlTemplate\":\"https:\\\/\\\/shopatoa.com\\\/ro\\\/?s={search_term_string}\"},\"query-input\":{\"@type\":\"PropertyValueSpecification\",\"valueRequired\":true,\"valueName\":\"search_term_string\"}}],\"inLanguage\":\"ro-RO\"},{\"@type\":\"Organization\",\"@id\":\"https:\\\/\\\/shopatoa.com\\\/ro\\\/#organization\",\"name\":\"SHOPATOA\",\"url\":\"https:\\\/\\\/shopatoa.com\\\/ro\\\/\",\"logo\":{\"@type\":\"ImageObject\",\"inLanguage\":\"ro-RO\",\"@id\":\"https:\\\/\\\/shopatoa.com\\\/ro\\\/#\\\/schema\\\/logo\\\/image\\\/\",\"url\":\"https:\\\/\\\/storage.googleapis.com\\\/cz-shopatoa-img\\\/ro\\\/b4dac915-shopatoa_logo.png\",\"contentUrl\":\"https:\\\/\\\/storage.googleapis.com\\\/cz-shopatoa-img\\\/ro\\\/b4dac915-shopatoa_logo.png\",\"width\":416,\"height\":63,\"caption\":\"SHOPATOA\"},\"image\":{\"@id\":\"https:\\\/\\\/shopatoa.com\\\/ro\\\/#\\\/schema\\\/logo\\\/image\\\/\"}}]}<\/script>\n<!-- \/ Yoast SEO plugin. -->","yoast_head_json":{"title":"Arcocere After Wax Aloe gel fresh de curatare dup\u0103 epilare 150 ml - SHOPATOA.COM","robots":{"index":"index","follow":"follow","max-snippet":"max-snippet:-1","max-image-preview":"max-image-preview:large","max-video-preview":"max-video-preview:-1"},"canonical":"https:\/\/shopatoa.com\/ro\/arcocere-after-wax-aloe-gel-fresh-de-curatare-dupa-epilare-150-ml\/","og_locale":"ro_RO","og_type":"article","og_title":"Arcocere After Wax Aloe gel fresh de curatare dup\u0103 epilare 150 ml - SHOPATOA.COM","og_description":"Arcocere After Wax Aloe, 150 ml, Produse dup\u0103 ras pentru femei, Produsul Arcocere After Wax este destinat trat\u0103rii pielii \u00eentregului corp, dup\u0103 epilare sau depilare. Ofer\u0103 pielii hrana \u0219i catifelarea necesare. Caracteristici: calmeaz\u0103 \u0219i regenereaz\u0103 pielea hidrateaz\u0103 pielea hr\u0103ne\u0219te pielea \u00een profunzime neteze\u0219te intens pielea Cum se utilizeaz\u0103: Crema se aplic\u0103 direct pe piele dup\u0103...","og_url":"https:\/\/shopatoa.com\/ro\/arcocere-after-wax-aloe-gel-fresh-de-curatare-dupa-epilare-150-ml\/","og_site_name":"SHOPATOA","article_modified_time":"2025-06-23T22:23:59+00:00","og_image":[{"width":800,"height":800,"url":"https:\/\/storage.googleapis.com\/cz-shopatoa-img\/ro\/79078786-unnamed-file.webp","type":"image\/webp"}],"twitter_card":"summary_large_image","schema":{"@context":"https:\/\/schema.org","@graph":[{"@type":"WebPage","@id":"https:\/\/shopatoa.com\/ro\/arcocere-after-wax-aloe-gel-fresh-de-curatare-dupa-epilare-150-ml\/","url":"https:\/\/shopatoa.com\/ro\/arcocere-after-wax-aloe-gel-fresh-de-curatare-dupa-epilare-150-ml\/","name":"Arcocere After Wax Aloe gel fresh de curatare dup\u0103 epilare 150 ml - SHOPATOA.COM","isPartOf":{"@id":"https:\/\/shopatoa.com\/ro\/#website"},"primaryImageOfPage":{"@id":"https:\/\/shopatoa.com\/ro\/arcocere-after-wax-aloe-gel-fresh-de-curatare-dupa-epilare-150-ml\/#primaryimage"},"image":{"@id":"https:\/\/shopatoa.com\/ro\/arcocere-after-wax-aloe-gel-fresh-de-curatare-dupa-epilare-150-ml\/#primaryimage"},"thumbnailUrl":"https:\/\/storage.googleapis.com\/cz-shopatoa-img\/ro\/79078786-unnamed-file.webp","datePublished":"2025-06-23T22:23:22+00:00","dateModified":"2025-06-23T22:23:59+00:00","breadcrumb":{"@id":"https:\/\/shopatoa.com\/ro\/arcocere-after-wax-aloe-gel-fresh-de-curatare-dupa-epilare-150-ml\/#breadcrumb"},"inLanguage":"ro-RO","potentialAction":[{"@type":"ReadAction","target":["https:\/\/shopatoa.com\/ro\/arcocere-after-wax-aloe-gel-fresh-de-curatare-dupa-epilare-150-ml\/"]}]},{"@type":"ImageObject","inLanguage":"ro-RO","@id":"https:\/\/shopatoa.com\/ro\/arcocere-after-wax-aloe-gel-fresh-de-curatare-dupa-epilare-150-ml\/#primaryimage","url":"https:\/\/storage.googleapis.com\/cz-shopatoa-img\/ro\/79078786-unnamed-file.webp","contentUrl":"https:\/\/storage.googleapis.com\/cz-shopatoa-img\/ro\/79078786-unnamed-file.webp","width":800,"height":800},{"@type":"BreadcrumbList","@id":"https:\/\/shopatoa.com\/ro\/arcocere-after-wax-aloe-gel-fresh-de-curatare-dupa-epilare-150-ml\/#breadcrumb","itemListElement":[{"@type":"ListItem","position":1,"name":"Dom\u016f","item":"https:\/\/shopatoa.com\/ro\/"},{"@type":"ListItem","position":2,"name":"Shop","item":"https:\/\/shopatoa.com\/ro\/shop\/"},{"@type":"ListItem","position":3,"name":"Arcocere After Wax Aloe gel fresh de curatare dup\u0103 epilare 150 ml"}]},{"@type":"WebSite","@id":"https:\/\/shopatoa.com\/ro\/#website","url":"https:\/\/shopatoa.com\/ro\/","name":"SHOPATOA","description":"","publisher":{"@id":"https:\/\/shopatoa.com\/ro\/#organization"},"potentialAction":[{"@type":"SearchAction","target":{"@type":"EntryPoint","urlTemplate":"https:\/\/shopatoa.com\/ro\/?s={search_term_string}"},"query-input":{"@type":"PropertyValueSpecification","valueRequired":true,"valueName":"search_term_string"}}],"inLanguage":"ro-RO"},{"@type":"Organization","@id":"https:\/\/shopatoa.com\/ro\/#organization","name":"SHOPATOA","url":"https:\/\/shopatoa.com\/ro\/","logo":{"@type":"ImageObject","inLanguage":"ro-RO","@id":"https:\/\/shopatoa.com\/ro\/#\/schema\/logo\/image\/","url":"https:\/\/storage.googleapis.com\/cz-shopatoa-img\/ro\/b4dac915-shopatoa_logo.png","contentUrl":"https:\/\/storage.googleapis.com\/cz-shopatoa-img\/ro\/b4dac915-shopatoa_logo.png","width":416,"height":63,"caption":"SHOPATOA"},"image":{"@id":"https:\/\/shopatoa.com\/ro\/#\/schema\/logo\/image\/"}}]}},"_links":{"self":[{"href":"https:\/\/shopatoa.com\/ro\/wp-json\/wp\/v2\/product\/434673","targetHints":{"allow":["GET"]}}],"collection":[{"href":"https:\/\/shopatoa.com\/ro\/wp-json\/wp\/v2\/product"}],"about":[{"href":"https:\/\/shopatoa.com\/ro\/wp-json\/wp\/v2\/types\/product"}],"replies":[{"embeddable":true,"href":"https:\/\/shopatoa.com\/ro\/wp-json\/wp\/v2\/comments?post=434673"}],"wp:featuredmedia":[{"embeddable":true,"href":"https:\/\/shopatoa.com\/ro\/wp-json\/wp\/v2\/media\/434674"}],"wp:attachment":[{"href":"https:\/\/shopatoa.com\/ro\/wp-json\/wp\/v2\/media?parent=434673"}],"wp:term":[{"taxonomy":"product_brand","embeddable":true,"href":"https:\/\/shopatoa.com\/ro\/wp-json\/wp\/v2\/product_brand?post=434673"},{"taxonomy":"product_cat","embeddable":true,"href":"https:\/\/shopatoa.com\/ro\/wp-json\/wp\/v2\/product_cat?post=434673"},{"taxonomy":"product_tag","embeddable":true,"href":"https:\/\/shopatoa.com\/ro\/wp-json\/wp\/v2\/product_tag?post=434673"}],"curies":[{"name":"wp","href":"https:\/\/api.w.org\/{rel}","templated":true}]}}