{"id":434948,"date":"2025-06-24T00:58:03","date_gmt":"2025-06-23T22:58:03","guid":{"rendered":"https:\/\/shopatoa.com\/ro\/jack-n-jill-natural-bathtime-blissful-bubbles-spuma-de-baie-cu-inel-pentru-baloane-de-sapun-300-ml\/"},"modified":"2025-12-12T13:14:32","modified_gmt":"2025-12-12T12:14:32","slug":"jack-n-jill-natural-bathtime-blissful-bubbles-spuma-de-baie-cu-inel-pentru-baloane-de-sapun-300-ml","status":"publish","type":"product","link":"https:\/\/shopatoa.com\/ro\/jack-n-jill-natural-bathtime-blissful-bubbles-spuma-de-baie-cu-inel-pentru-baloane-de-sapun-300-ml\/","title":{"rendered":"Jack N\u2019 Jill Natural Bathtime Blissful Bubbles spuma de baie cu inel pentru baloane de s\u0103pun 300 ml"},"content":{"rendered":"<p>Jack N\u2019 Jill Natural Bathtime Blissful Bubbles, 300 ml, Accesorii de baie pentru copii, \u00cemb\u0103ierea nu ar trebui s\u0103 fie o activitate de temut pentru dvs. \u0219i pentru copii, ci o experien\u021b\u0103 pl\u0103cut\u0103, \u00een care pielea copilului dvs. prime\u0219te cea mai bun\u0103 \u00eengrijire. Produsul Jack N\u2019 Jill Natural Bathtime Blissful Bubbles ajut\u0103 la sp\u0103larea corpului \u0219i \u00eendep\u0103rtarea impurit\u0103\u021bilor de pe pielea sensibil\u0103 a bebelu\u0219ilor, f\u0103r\u0103 s\u0103 o usuce sau s\u0103 o irite. \u00cengrije\u0219te delicat pielea \u00een timpul \u00eemb\u0103ierii, o calmeaz\u0103 \u0219i \u00eei ofer\u0103 bebelu\u0219ului o senza\u021bie de confort.  Caracteristici:  miroase pl\u0103cut creeaz\u0103 o spum\u0103 u\u0219oar\u0103 \u00eengrije\u0219te delicat pielea copilului design cu motiv juc\u0103u\u0219, pentru copii nu irit\u0103 ochii hr\u0103ne\u0219te pielea  Cum se utilizeaz\u0103: Se adaug\u0103 o cantitate mic\u0103 de produs \u00een cada plin\u0103 cu ap\u0103 cald\u0103.<\/p>\n","protected":false},"excerpt":{"rendered":"<p>Jack N\u2019 Jill Natural Bathtime Blissful Bubbles, 300 ml, Accesorii de baie pentru copii, \u00cemb\u0103ierea nu ar trebui s\u0103 fie o activitate de temut pentru dvs. \u0219i pentru copii, ci o experien\u021b\u0103 pl\u0103cut\u0103, \u00een care pielea copilului dvs. prime\u0219te cea mai bun\u0103 \u00eengrijire. Produsul Jack N\u2019 Jill Natural Bathtime Blissful Bubbles ajut\u0103 la sp\u0103larea corpului&#8230;<\/p>\n","protected":false},"featured_media":434949,"comment_status":"closed","ping_status":"open","template":"","meta":{"_acf_changed":false,"_kadence_starter_templates_imported_post":false,"_kad_post_transparent":"","_kad_post_title":"","_kad_post_layout":"","_kad_post_sidebar_id":"","_kad_post_content_style":"","_kad_post_vertical_padding":"","_kad_post_feature":"","_kad_post_feature_position":"","_kad_post_header":false,"_kad_post_footer":false,"_kad_post_classname":""},"product_brand":[2448],"product_cat":[1570,1564,1563,1562],"product_tag":[],"class_list":{"0":"post-434948","1":"product","2":"type-product","3":"status-publish","4":"has-post-thumbnail","6":"product_brand-jack-n-jill","7":"product_cat-baie-si-corp","8":"product_cat-cosmetice-ingrijire-personala","9":"product_cat-ingrijire-personala","10":"product_cat-sanatate-si-frumusete","11":"pa_gen-unisex","12":"pa_marime-300-ml","14":"first","15":"instock","16":"sale","17":"product-type-external","18":"entry","19":"content-bg","20":"loop-entry"},"acf":[],"yoast_head":"<!-- This site is optimized with the Yoast SEO plugin v27.4 - https:\/\/yoast.com\/product\/yoast-seo-wordpress\/ -->\n<title>Jack N\u2019 Jill Natural Bathtime Blissful Bubbles spuma de baie cu inel pentru baloane de s\u0103pun 300 ml - SHOPATOA.COM<\/title>\n<meta name=\"robots\" content=\"index, follow, max-snippet:-1, max-image-preview:large, max-video-preview:-1\" \/>\n<link rel=\"canonical\" href=\"https:\/\/shopatoa.com\/ro\/jack-n-jill-natural-bathtime-blissful-bubbles-spuma-de-baie-cu-inel-pentru-baloane-de-sapun-300-ml\/\" \/>\n<meta property=\"og:locale\" content=\"ro_RO\" \/>\n<meta property=\"og:type\" content=\"article\" \/>\n<meta property=\"og:title\" content=\"Jack N\u2019 Jill Natural Bathtime Blissful Bubbles spuma de baie cu inel pentru baloane de s\u0103pun 300 ml - SHOPATOA.COM\" \/>\n<meta property=\"og:description\" content=\"Jack N\u2019 Jill Natural Bathtime Blissful Bubbles, 300 ml, Accesorii de baie pentru copii, \u00cemb\u0103ierea nu ar trebui s\u0103 fie o activitate de temut pentru dvs. \u0219i pentru copii, ci o experien\u021b\u0103 pl\u0103cut\u0103, \u00een care pielea copilului dvs. prime\u0219te cea mai bun\u0103 \u00eengrijire. Produsul Jack N\u2019 Jill Natural Bathtime Blissful Bubbles ajut\u0103 la sp\u0103larea corpului...\" \/>\n<meta property=\"og:url\" content=\"https:\/\/shopatoa.com\/ro\/jack-n-jill-natural-bathtime-blissful-bubbles-spuma-de-baie-cu-inel-pentru-baloane-de-sapun-300-ml\/\" \/>\n<meta property=\"og:site_name\" content=\"SHOPATOA\" \/>\n<meta property=\"article:modified_time\" content=\"2025-12-12T12:14:32+00:00\" \/>\n<meta property=\"og:image\" content=\"https:\/\/storage.googleapis.com\/cz-shopatoa-img\/ro\/40bdbadd-unnamed-file.webp\" \/>\n\t<meta property=\"og:image:width\" content=\"800\" \/>\n\t<meta property=\"og:image:height\" content=\"800\" \/>\n\t<meta property=\"og:image:type\" content=\"image\/webp\" \/>\n<meta name=\"twitter:card\" content=\"summary_large_image\" \/>\n<meta name=\"twitter:label1\" content=\"Timp estimat pentru citire\" \/>\n\t<meta name=\"twitter:data1\" content=\"1 minut\" \/>\n<script type=\"application\/ld+json\" class=\"yoast-schema-graph\">{\"@context\":\"https:\\\/\\\/schema.org\",\"@graph\":[{\"@type\":\"WebPage\",\"@id\":\"https:\\\/\\\/shopatoa.com\\\/ro\\\/jack-n-jill-natural-bathtime-blissful-bubbles-spuma-de-baie-cu-inel-pentru-baloane-de-sapun-300-ml\\\/\",\"url\":\"https:\\\/\\\/shopatoa.com\\\/ro\\\/jack-n-jill-natural-bathtime-blissful-bubbles-spuma-de-baie-cu-inel-pentru-baloane-de-sapun-300-ml\\\/\",\"name\":\"Jack N\u2019 Jill Natural Bathtime Blissful Bubbles spuma de baie cu inel pentru baloane de s\u0103pun 300 ml - SHOPATOA.COM\",\"isPartOf\":{\"@id\":\"https:\\\/\\\/shopatoa.com\\\/ro\\\/#website\"},\"primaryImageOfPage\":{\"@id\":\"https:\\\/\\\/shopatoa.com\\\/ro\\\/jack-n-jill-natural-bathtime-blissful-bubbles-spuma-de-baie-cu-inel-pentru-baloane-de-sapun-300-ml\\\/#primaryimage\"},\"image\":{\"@id\":\"https:\\\/\\\/shopatoa.com\\\/ro\\\/jack-n-jill-natural-bathtime-blissful-bubbles-spuma-de-baie-cu-inel-pentru-baloane-de-sapun-300-ml\\\/#primaryimage\"},\"thumbnailUrl\":\"https:\\\/\\\/storage.googleapis.com\\\/cz-shopatoa-img\\\/ro\\\/40bdbadd-unnamed-file.webp\",\"datePublished\":\"2025-06-23T22:58:03+00:00\",\"dateModified\":\"2025-12-12T12:14:32+00:00\",\"breadcrumb\":{\"@id\":\"https:\\\/\\\/shopatoa.com\\\/ro\\\/jack-n-jill-natural-bathtime-blissful-bubbles-spuma-de-baie-cu-inel-pentru-baloane-de-sapun-300-ml\\\/#breadcrumb\"},\"inLanguage\":\"ro-RO\",\"potentialAction\":[{\"@type\":\"ReadAction\",\"target\":[\"https:\\\/\\\/shopatoa.com\\\/ro\\\/jack-n-jill-natural-bathtime-blissful-bubbles-spuma-de-baie-cu-inel-pentru-baloane-de-sapun-300-ml\\\/\"]}]},{\"@type\":\"ImageObject\",\"inLanguage\":\"ro-RO\",\"@id\":\"https:\\\/\\\/shopatoa.com\\\/ro\\\/jack-n-jill-natural-bathtime-blissful-bubbles-spuma-de-baie-cu-inel-pentru-baloane-de-sapun-300-ml\\\/#primaryimage\",\"url\":\"https:\\\/\\\/storage.googleapis.com\\\/cz-shopatoa-img\\\/ro\\\/40bdbadd-unnamed-file.webp\",\"contentUrl\":\"https:\\\/\\\/storage.googleapis.com\\\/cz-shopatoa-img\\\/ro\\\/40bdbadd-unnamed-file.webp\",\"width\":800,\"height\":800},{\"@type\":\"BreadcrumbList\",\"@id\":\"https:\\\/\\\/shopatoa.com\\\/ro\\\/jack-n-jill-natural-bathtime-blissful-bubbles-spuma-de-baie-cu-inel-pentru-baloane-de-sapun-300-ml\\\/#breadcrumb\",\"itemListElement\":[{\"@type\":\"ListItem\",\"position\":1,\"name\":\"Dom\u016f\",\"item\":\"https:\\\/\\\/shopatoa.com\\\/ro\\\/\"},{\"@type\":\"ListItem\",\"position\":2,\"name\":\"Shop\",\"item\":\"https:\\\/\\\/shopatoa.com\\\/ro\\\/shop\\\/\"},{\"@type\":\"ListItem\",\"position\":3,\"name\":\"S\u0103n\u0103tate \u0219i frumuse\u021be\",\"item\":\"https:\\\/\\\/shopatoa.com\\\/ro\\\/sanatate-si-frumusete\\\/\"},{\"@type\":\"ListItem\",\"position\":4,\"name\":\"\u00cengrijire personal\u0103\",\"item\":\"https:\\\/\\\/shopatoa.com\\\/ro\\\/ingrijire-personala\\\/\"},{\"@type\":\"ListItem\",\"position\":5,\"name\":\"Cosmetice\",\"item\":\"https:\\\/\\\/shopatoa.com\\\/ro\\\/cosmetice-ingrijire-personala\\\/\"},{\"@type\":\"ListItem\",\"position\":6,\"name\":\"Baie \u0219i corp\",\"item\":\"https:\\\/\\\/shopatoa.com\\\/ro\\\/baie-si-corp\\\/\"},{\"@type\":\"ListItem\",\"position\":7,\"name\":\"Jack N\u2019 Jill Natural Bathtime Blissful Bubbles spuma de baie cu inel pentru baloane de s\u0103pun 300 ml\"}]},{\"@type\":\"WebSite\",\"@id\":\"https:\\\/\\\/shopatoa.com\\\/ro\\\/#website\",\"url\":\"https:\\\/\\\/shopatoa.com\\\/ro\\\/\",\"name\":\"SHOPATOA\",\"description\":\"\",\"publisher\":{\"@id\":\"https:\\\/\\\/shopatoa.com\\\/ro\\\/#organization\"},\"potentialAction\":[{\"@type\":\"SearchAction\",\"target\":{\"@type\":\"EntryPoint\",\"urlTemplate\":\"https:\\\/\\\/shopatoa.com\\\/ro\\\/?s={search_term_string}\"},\"query-input\":{\"@type\":\"PropertyValueSpecification\",\"valueRequired\":true,\"valueName\":\"search_term_string\"}}],\"inLanguage\":\"ro-RO\"},{\"@type\":\"Organization\",\"@id\":\"https:\\\/\\\/shopatoa.com\\\/ro\\\/#organization\",\"name\":\"SHOPATOA\",\"url\":\"https:\\\/\\\/shopatoa.com\\\/ro\\\/\",\"logo\":{\"@type\":\"ImageObject\",\"inLanguage\":\"ro-RO\",\"@id\":\"https:\\\/\\\/shopatoa.com\\\/ro\\\/#\\\/schema\\\/logo\\\/image\\\/\",\"url\":\"https:\\\/\\\/storage.googleapis.com\\\/cz-shopatoa-img\\\/ro\\\/b4dac915-shopatoa_logo.png\",\"contentUrl\":\"https:\\\/\\\/storage.googleapis.com\\\/cz-shopatoa-img\\\/ro\\\/b4dac915-shopatoa_logo.png\",\"width\":416,\"height\":63,\"caption\":\"SHOPATOA\"},\"image\":{\"@id\":\"https:\\\/\\\/shopatoa.com\\\/ro\\\/#\\\/schema\\\/logo\\\/image\\\/\"}}]}<\/script>\n<!-- \/ Yoast SEO plugin. -->","yoast_head_json":{"title":"Jack N\u2019 Jill Natural Bathtime Blissful Bubbles spuma de baie cu inel pentru baloane de s\u0103pun 300 ml - SHOPATOA.COM","robots":{"index":"index","follow":"follow","max-snippet":"max-snippet:-1","max-image-preview":"max-image-preview:large","max-video-preview":"max-video-preview:-1"},"canonical":"https:\/\/shopatoa.com\/ro\/jack-n-jill-natural-bathtime-blissful-bubbles-spuma-de-baie-cu-inel-pentru-baloane-de-sapun-300-ml\/","og_locale":"ro_RO","og_type":"article","og_title":"Jack N\u2019 Jill Natural Bathtime Blissful Bubbles spuma de baie cu inel pentru baloane de s\u0103pun 300 ml - SHOPATOA.COM","og_description":"Jack N\u2019 Jill Natural Bathtime Blissful Bubbles, 300 ml, Accesorii de baie pentru copii, \u00cemb\u0103ierea nu ar trebui s\u0103 fie o activitate de temut pentru dvs. \u0219i pentru copii, ci o experien\u021b\u0103 pl\u0103cut\u0103, \u00een care pielea copilului dvs. prime\u0219te cea mai bun\u0103 \u00eengrijire. Produsul Jack N\u2019 Jill Natural Bathtime Blissful Bubbles ajut\u0103 la sp\u0103larea corpului...","og_url":"https:\/\/shopatoa.com\/ro\/jack-n-jill-natural-bathtime-blissful-bubbles-spuma-de-baie-cu-inel-pentru-baloane-de-sapun-300-ml\/","og_site_name":"SHOPATOA","article_modified_time":"2025-12-12T12:14:32+00:00","og_image":[{"width":800,"height":800,"url":"https:\/\/storage.googleapis.com\/cz-shopatoa-img\/ro\/40bdbadd-unnamed-file.webp","type":"image\/webp"}],"twitter_card":"summary_large_image","twitter_misc":{"Timp estimat pentru citire":"1 minut"},"schema":{"@context":"https:\/\/schema.org","@graph":[{"@type":"WebPage","@id":"https:\/\/shopatoa.com\/ro\/jack-n-jill-natural-bathtime-blissful-bubbles-spuma-de-baie-cu-inel-pentru-baloane-de-sapun-300-ml\/","url":"https:\/\/shopatoa.com\/ro\/jack-n-jill-natural-bathtime-blissful-bubbles-spuma-de-baie-cu-inel-pentru-baloane-de-sapun-300-ml\/","name":"Jack N\u2019 Jill Natural Bathtime Blissful Bubbles spuma de baie cu inel pentru baloane de s\u0103pun 300 ml - SHOPATOA.COM","isPartOf":{"@id":"https:\/\/shopatoa.com\/ro\/#website"},"primaryImageOfPage":{"@id":"https:\/\/shopatoa.com\/ro\/jack-n-jill-natural-bathtime-blissful-bubbles-spuma-de-baie-cu-inel-pentru-baloane-de-sapun-300-ml\/#primaryimage"},"image":{"@id":"https:\/\/shopatoa.com\/ro\/jack-n-jill-natural-bathtime-blissful-bubbles-spuma-de-baie-cu-inel-pentru-baloane-de-sapun-300-ml\/#primaryimage"},"thumbnailUrl":"https:\/\/storage.googleapis.com\/cz-shopatoa-img\/ro\/40bdbadd-unnamed-file.webp","datePublished":"2025-06-23T22:58:03+00:00","dateModified":"2025-12-12T12:14:32+00:00","breadcrumb":{"@id":"https:\/\/shopatoa.com\/ro\/jack-n-jill-natural-bathtime-blissful-bubbles-spuma-de-baie-cu-inel-pentru-baloane-de-sapun-300-ml\/#breadcrumb"},"inLanguage":"ro-RO","potentialAction":[{"@type":"ReadAction","target":["https:\/\/shopatoa.com\/ro\/jack-n-jill-natural-bathtime-blissful-bubbles-spuma-de-baie-cu-inel-pentru-baloane-de-sapun-300-ml\/"]}]},{"@type":"ImageObject","inLanguage":"ro-RO","@id":"https:\/\/shopatoa.com\/ro\/jack-n-jill-natural-bathtime-blissful-bubbles-spuma-de-baie-cu-inel-pentru-baloane-de-sapun-300-ml\/#primaryimage","url":"https:\/\/storage.googleapis.com\/cz-shopatoa-img\/ro\/40bdbadd-unnamed-file.webp","contentUrl":"https:\/\/storage.googleapis.com\/cz-shopatoa-img\/ro\/40bdbadd-unnamed-file.webp","width":800,"height":800},{"@type":"BreadcrumbList","@id":"https:\/\/shopatoa.com\/ro\/jack-n-jill-natural-bathtime-blissful-bubbles-spuma-de-baie-cu-inel-pentru-baloane-de-sapun-300-ml\/#breadcrumb","itemListElement":[{"@type":"ListItem","position":1,"name":"Dom\u016f","item":"https:\/\/shopatoa.com\/ro\/"},{"@type":"ListItem","position":2,"name":"Shop","item":"https:\/\/shopatoa.com\/ro\/shop\/"},{"@type":"ListItem","position":3,"name":"S\u0103n\u0103tate \u0219i frumuse\u021be","item":"https:\/\/shopatoa.com\/ro\/sanatate-si-frumusete\/"},{"@type":"ListItem","position":4,"name":"\u00cengrijire personal\u0103","item":"https:\/\/shopatoa.com\/ro\/ingrijire-personala\/"},{"@type":"ListItem","position":5,"name":"Cosmetice","item":"https:\/\/shopatoa.com\/ro\/cosmetice-ingrijire-personala\/"},{"@type":"ListItem","position":6,"name":"Baie \u0219i corp","item":"https:\/\/shopatoa.com\/ro\/baie-si-corp\/"},{"@type":"ListItem","position":7,"name":"Jack N\u2019 Jill Natural Bathtime Blissful Bubbles spuma de baie cu inel pentru baloane de s\u0103pun 300 ml"}]},{"@type":"WebSite","@id":"https:\/\/shopatoa.com\/ro\/#website","url":"https:\/\/shopatoa.com\/ro\/","name":"SHOPATOA","description":"","publisher":{"@id":"https:\/\/shopatoa.com\/ro\/#organization"},"potentialAction":[{"@type":"SearchAction","target":{"@type":"EntryPoint","urlTemplate":"https:\/\/shopatoa.com\/ro\/?s={search_term_string}"},"query-input":{"@type":"PropertyValueSpecification","valueRequired":true,"valueName":"search_term_string"}}],"inLanguage":"ro-RO"},{"@type":"Organization","@id":"https:\/\/shopatoa.com\/ro\/#organization","name":"SHOPATOA","url":"https:\/\/shopatoa.com\/ro\/","logo":{"@type":"ImageObject","inLanguage":"ro-RO","@id":"https:\/\/shopatoa.com\/ro\/#\/schema\/logo\/image\/","url":"https:\/\/storage.googleapis.com\/cz-shopatoa-img\/ro\/b4dac915-shopatoa_logo.png","contentUrl":"https:\/\/storage.googleapis.com\/cz-shopatoa-img\/ro\/b4dac915-shopatoa_logo.png","width":416,"height":63,"caption":"SHOPATOA"},"image":{"@id":"https:\/\/shopatoa.com\/ro\/#\/schema\/logo\/image\/"}}]}},"_links":{"self":[{"href":"https:\/\/shopatoa.com\/ro\/wp-json\/wp\/v2\/product\/434948","targetHints":{"allow":["GET"]}}],"collection":[{"href":"https:\/\/shopatoa.com\/ro\/wp-json\/wp\/v2\/product"}],"about":[{"href":"https:\/\/shopatoa.com\/ro\/wp-json\/wp\/v2\/types\/product"}],"replies":[{"embeddable":true,"href":"https:\/\/shopatoa.com\/ro\/wp-json\/wp\/v2\/comments?post=434948"}],"wp:featuredmedia":[{"embeddable":true,"href":"https:\/\/shopatoa.com\/ro\/wp-json\/wp\/v2\/media\/434949"}],"wp:attachment":[{"href":"https:\/\/shopatoa.com\/ro\/wp-json\/wp\/v2\/media?parent=434948"}],"wp:term":[{"taxonomy":"product_brand","embeddable":true,"href":"https:\/\/shopatoa.com\/ro\/wp-json\/wp\/v2\/product_brand?post=434948"},{"taxonomy":"product_cat","embeddable":true,"href":"https:\/\/shopatoa.com\/ro\/wp-json\/wp\/v2\/product_cat?post=434948"},{"taxonomy":"product_tag","embeddable":true,"href":"https:\/\/shopatoa.com\/ro\/wp-json\/wp\/v2\/product_tag?post=434948"}],"curies":[{"name":"wp","href":"https:\/\/api.w.org\/{rel}","templated":true}]}}