{"id":434994,"date":"2025-06-24T01:01:47","date_gmt":"2025-06-23T23:01:47","guid":{"rendered":"https:\/\/shopatoa.com\/ro\/guess-seductive-homme-red-set-cadou-pentru-barbati\/"},"modified":"2025-06-24T01:02:28","modified_gmt":"2025-06-23T23:02:28","slug":"guess-seductive-homme-red-set-cadou-pentru-barbati","status":"publish","type":"product","link":"https:\/\/shopatoa.com\/ro\/guess-seductive-homme-red-set-cadou-pentru-barbati\/","title":{"rendered":"Guess Seductive Homme Red set cadou pentru b\u0103rba\u021bi"},"content":{"rendered":"<p>Guess Seductive Homme Red, Seturi pentru b\u0103rba\u021bi pentru b\u0103rba\u021bi, Un parfum de lux este \u00eentotdeauna alegerea ideal\u0103, atunci c\u00e2nd dori\u021bi s\u0103 face\u021bi cu adev\u0103rat pl\u0103cere cuiva. Setul de parfum b\u0103rb\u0103tesc Guess Seductive Homme Redfrumos ambalat aduce destinatarului o bucurie \u0219i mai mare. Pute\u021bi fi sigur c\u0103 fermec\u0103torul set perfect asortat va avea mare succes.  Caracteristici:  parfum cald, ideal pentru vreme rece foarte potrivit ca un cadou parfumul \u00een set cadou aduce mai mult\u0103 bucurie  Setul con\u021bine:  Eau de Toilette 100 ml gel de du\u0219 200 ml deodorant 226 ml<\/p>\n","protected":false},"excerpt":{"rendered":"<p>Guess Seductive Homme Red, Seturi pentru b\u0103rba\u021bi pentru b\u0103rba\u021bi, Un parfum de lux este \u00eentotdeauna alegerea ideal\u0103, atunci c\u00e2nd dori\u021bi s\u0103 face\u021bi cu adev\u0103rat pl\u0103cere cuiva. Setul de parfum b\u0103rb\u0103tesc Guess Seductive Homme Redfrumos ambalat aduce destinatarului o bucurie \u0219i mai mare. Pute\u021bi fi sigur c\u0103 fermec\u0103torul set perfect asortat va avea mare succes. Caracteristici:&#8230;<\/p>\n","protected":false},"featured_media":434995,"comment_status":"closed","ping_status":"open","template":"","meta":{"_acf_changed":false,"_kadence_starter_templates_imported_post":false,"_kad_post_transparent":"","_kad_post_title":"","_kad_post_layout":"","_kad_post_sidebar_id":"","_kad_post_content_style":"","_kad_post_vertical_padding":"","_kad_post_feature":"","_kad_post_feature_position":"","_kad_post_header":false,"_kad_post_footer":false,"_kad_post_classname":""},"product_brand":[277],"product_cat":[1564,1563,1562,1651],"product_tag":[],"class_list":{"0":"post-434994","1":"product","2":"type-product","3":"status-publish","4":"has-post-thumbnail","6":"product_brand-guess","7":"product_cat-cosmetice-ingrijire-personala","8":"product_cat-ingrijire-personala","9":"product_cat-sanatate-si-frumusete","10":"product_cat-seturi-cosmetice","11":"pa_gen-male","13":"first","14":"instock","15":"sale","16":"product-type-external","17":"entry","18":"content-bg","19":"loop-entry"},"acf":[],"yoast_head":"<!-- This site is optimized with the Yoast SEO plugin v27.4 - https:\/\/yoast.com\/product\/yoast-seo-wordpress\/ -->\n<title>Guess Seductive Homme Red set cadou pentru b\u0103rba\u021bi - SHOPATOA.COM<\/title>\n<meta name=\"robots\" content=\"index, follow, max-snippet:-1, max-image-preview:large, max-video-preview:-1\" \/>\n<link rel=\"canonical\" href=\"https:\/\/shopatoa.com\/ro\/guess-seductive-homme-red-set-cadou-pentru-barbati\/\" \/>\n<meta property=\"og:locale\" content=\"ro_RO\" \/>\n<meta property=\"og:type\" content=\"article\" \/>\n<meta property=\"og:title\" content=\"Guess Seductive Homme Red set cadou pentru b\u0103rba\u021bi - SHOPATOA.COM\" \/>\n<meta property=\"og:description\" content=\"Guess Seductive Homme Red, Seturi pentru b\u0103rba\u021bi pentru b\u0103rba\u021bi, Un parfum de lux este \u00eentotdeauna alegerea ideal\u0103, atunci c\u00e2nd dori\u021bi s\u0103 face\u021bi cu adev\u0103rat pl\u0103cere cuiva. Setul de parfum b\u0103rb\u0103tesc Guess Seductive Homme Redfrumos ambalat aduce destinatarului o bucurie \u0219i mai mare. Pute\u021bi fi sigur c\u0103 fermec\u0103torul set perfect asortat va avea mare succes. Caracteristici:...\" \/>\n<meta property=\"og:url\" content=\"https:\/\/shopatoa.com\/ro\/guess-seductive-homme-red-set-cadou-pentru-barbati\/\" \/>\n<meta property=\"og:site_name\" content=\"SHOPATOA\" \/>\n<meta property=\"article:modified_time\" content=\"2025-06-23T23:02:28+00:00\" \/>\n<meta property=\"og:image\" content=\"https:\/\/storage.googleapis.com\/cz-shopatoa-img\/ro\/87283884-unnamed-file.webp\" \/>\n\t<meta property=\"og:image:width\" content=\"800\" \/>\n\t<meta property=\"og:image:height\" content=\"800\" \/>\n\t<meta property=\"og:image:type\" content=\"image\/webp\" \/>\n<meta name=\"twitter:card\" content=\"summary_large_image\" \/>\n<meta name=\"twitter:label1\" content=\"Timp estimat pentru citire\" \/>\n\t<meta name=\"twitter:data1\" content=\"1 minut\" \/>\n<script type=\"application\/ld+json\" class=\"yoast-schema-graph\">{\"@context\":\"https:\\\/\\\/schema.org\",\"@graph\":[{\"@type\":\"WebPage\",\"@id\":\"https:\\\/\\\/shopatoa.com\\\/ro\\\/guess-seductive-homme-red-set-cadou-pentru-barbati\\\/\",\"url\":\"https:\\\/\\\/shopatoa.com\\\/ro\\\/guess-seductive-homme-red-set-cadou-pentru-barbati\\\/\",\"name\":\"Guess Seductive Homme Red set cadou pentru b\u0103rba\u021bi - SHOPATOA.COM\",\"isPartOf\":{\"@id\":\"https:\\\/\\\/shopatoa.com\\\/ro\\\/#website\"},\"primaryImageOfPage\":{\"@id\":\"https:\\\/\\\/shopatoa.com\\\/ro\\\/guess-seductive-homme-red-set-cadou-pentru-barbati\\\/#primaryimage\"},\"image\":{\"@id\":\"https:\\\/\\\/shopatoa.com\\\/ro\\\/guess-seductive-homme-red-set-cadou-pentru-barbati\\\/#primaryimage\"},\"thumbnailUrl\":\"https:\\\/\\\/storage.googleapis.com\\\/cz-shopatoa-img\\\/ro\\\/87283884-unnamed-file.webp\",\"datePublished\":\"2025-06-23T23:01:47+00:00\",\"dateModified\":\"2025-06-23T23:02:28+00:00\",\"breadcrumb\":{\"@id\":\"https:\\\/\\\/shopatoa.com\\\/ro\\\/guess-seductive-homme-red-set-cadou-pentru-barbati\\\/#breadcrumb\"},\"inLanguage\":\"ro-RO\",\"potentialAction\":[{\"@type\":\"ReadAction\",\"target\":[\"https:\\\/\\\/shopatoa.com\\\/ro\\\/guess-seductive-homme-red-set-cadou-pentru-barbati\\\/\"]}]},{\"@type\":\"ImageObject\",\"inLanguage\":\"ro-RO\",\"@id\":\"https:\\\/\\\/shopatoa.com\\\/ro\\\/guess-seductive-homme-red-set-cadou-pentru-barbati\\\/#primaryimage\",\"url\":\"https:\\\/\\\/storage.googleapis.com\\\/cz-shopatoa-img\\\/ro\\\/87283884-unnamed-file.webp\",\"contentUrl\":\"https:\\\/\\\/storage.googleapis.com\\\/cz-shopatoa-img\\\/ro\\\/87283884-unnamed-file.webp\",\"width\":800,\"height\":800},{\"@type\":\"BreadcrumbList\",\"@id\":\"https:\\\/\\\/shopatoa.com\\\/ro\\\/guess-seductive-homme-red-set-cadou-pentru-barbati\\\/#breadcrumb\",\"itemListElement\":[{\"@type\":\"ListItem\",\"position\":1,\"name\":\"Dom\u016f\",\"item\":\"https:\\\/\\\/shopatoa.com\\\/ro\\\/\"},{\"@type\":\"ListItem\",\"position\":2,\"name\":\"Shop\",\"item\":\"https:\\\/\\\/shopatoa.com\\\/ro\\\/shop\\\/\"},{\"@type\":\"ListItem\",\"position\":3,\"name\":\"Guess Seductive Homme Red set cadou pentru b\u0103rba\u021bi\"}]},{\"@type\":\"WebSite\",\"@id\":\"https:\\\/\\\/shopatoa.com\\\/ro\\\/#website\",\"url\":\"https:\\\/\\\/shopatoa.com\\\/ro\\\/\",\"name\":\"SHOPATOA\",\"description\":\"\",\"publisher\":{\"@id\":\"https:\\\/\\\/shopatoa.com\\\/ro\\\/#organization\"},\"potentialAction\":[{\"@type\":\"SearchAction\",\"target\":{\"@type\":\"EntryPoint\",\"urlTemplate\":\"https:\\\/\\\/shopatoa.com\\\/ro\\\/?s={search_term_string}\"},\"query-input\":{\"@type\":\"PropertyValueSpecification\",\"valueRequired\":true,\"valueName\":\"search_term_string\"}}],\"inLanguage\":\"ro-RO\"},{\"@type\":\"Organization\",\"@id\":\"https:\\\/\\\/shopatoa.com\\\/ro\\\/#organization\",\"name\":\"SHOPATOA\",\"url\":\"https:\\\/\\\/shopatoa.com\\\/ro\\\/\",\"logo\":{\"@type\":\"ImageObject\",\"inLanguage\":\"ro-RO\",\"@id\":\"https:\\\/\\\/shopatoa.com\\\/ro\\\/#\\\/schema\\\/logo\\\/image\\\/\",\"url\":\"https:\\\/\\\/storage.googleapis.com\\\/cz-shopatoa-img\\\/ro\\\/b4dac915-shopatoa_logo.png\",\"contentUrl\":\"https:\\\/\\\/storage.googleapis.com\\\/cz-shopatoa-img\\\/ro\\\/b4dac915-shopatoa_logo.png\",\"width\":416,\"height\":63,\"caption\":\"SHOPATOA\"},\"image\":{\"@id\":\"https:\\\/\\\/shopatoa.com\\\/ro\\\/#\\\/schema\\\/logo\\\/image\\\/\"}}]}<\/script>\n<!-- \/ Yoast SEO plugin. -->","yoast_head_json":{"title":"Guess Seductive Homme Red set cadou pentru b\u0103rba\u021bi - SHOPATOA.COM","robots":{"index":"index","follow":"follow","max-snippet":"max-snippet:-1","max-image-preview":"max-image-preview:large","max-video-preview":"max-video-preview:-1"},"canonical":"https:\/\/shopatoa.com\/ro\/guess-seductive-homme-red-set-cadou-pentru-barbati\/","og_locale":"ro_RO","og_type":"article","og_title":"Guess Seductive Homme Red set cadou pentru b\u0103rba\u021bi - SHOPATOA.COM","og_description":"Guess Seductive Homme Red, Seturi pentru b\u0103rba\u021bi pentru b\u0103rba\u021bi, Un parfum de lux este \u00eentotdeauna alegerea ideal\u0103, atunci c\u00e2nd dori\u021bi s\u0103 face\u021bi cu adev\u0103rat pl\u0103cere cuiva. Setul de parfum b\u0103rb\u0103tesc Guess Seductive Homme Redfrumos ambalat aduce destinatarului o bucurie \u0219i mai mare. Pute\u021bi fi sigur c\u0103 fermec\u0103torul set perfect asortat va avea mare succes. Caracteristici:...","og_url":"https:\/\/shopatoa.com\/ro\/guess-seductive-homme-red-set-cadou-pentru-barbati\/","og_site_name":"SHOPATOA","article_modified_time":"2025-06-23T23:02:28+00:00","og_image":[{"width":800,"height":800,"url":"https:\/\/storage.googleapis.com\/cz-shopatoa-img\/ro\/87283884-unnamed-file.webp","type":"image\/webp"}],"twitter_card":"summary_large_image","twitter_misc":{"Timp estimat pentru citire":"1 minut"},"schema":{"@context":"https:\/\/schema.org","@graph":[{"@type":"WebPage","@id":"https:\/\/shopatoa.com\/ro\/guess-seductive-homme-red-set-cadou-pentru-barbati\/","url":"https:\/\/shopatoa.com\/ro\/guess-seductive-homme-red-set-cadou-pentru-barbati\/","name":"Guess Seductive Homme Red set cadou pentru b\u0103rba\u021bi - SHOPATOA.COM","isPartOf":{"@id":"https:\/\/shopatoa.com\/ro\/#website"},"primaryImageOfPage":{"@id":"https:\/\/shopatoa.com\/ro\/guess-seductive-homme-red-set-cadou-pentru-barbati\/#primaryimage"},"image":{"@id":"https:\/\/shopatoa.com\/ro\/guess-seductive-homme-red-set-cadou-pentru-barbati\/#primaryimage"},"thumbnailUrl":"https:\/\/storage.googleapis.com\/cz-shopatoa-img\/ro\/87283884-unnamed-file.webp","datePublished":"2025-06-23T23:01:47+00:00","dateModified":"2025-06-23T23:02:28+00:00","breadcrumb":{"@id":"https:\/\/shopatoa.com\/ro\/guess-seductive-homme-red-set-cadou-pentru-barbati\/#breadcrumb"},"inLanguage":"ro-RO","potentialAction":[{"@type":"ReadAction","target":["https:\/\/shopatoa.com\/ro\/guess-seductive-homme-red-set-cadou-pentru-barbati\/"]}]},{"@type":"ImageObject","inLanguage":"ro-RO","@id":"https:\/\/shopatoa.com\/ro\/guess-seductive-homme-red-set-cadou-pentru-barbati\/#primaryimage","url":"https:\/\/storage.googleapis.com\/cz-shopatoa-img\/ro\/87283884-unnamed-file.webp","contentUrl":"https:\/\/storage.googleapis.com\/cz-shopatoa-img\/ro\/87283884-unnamed-file.webp","width":800,"height":800},{"@type":"BreadcrumbList","@id":"https:\/\/shopatoa.com\/ro\/guess-seductive-homme-red-set-cadou-pentru-barbati\/#breadcrumb","itemListElement":[{"@type":"ListItem","position":1,"name":"Dom\u016f","item":"https:\/\/shopatoa.com\/ro\/"},{"@type":"ListItem","position":2,"name":"Shop","item":"https:\/\/shopatoa.com\/ro\/shop\/"},{"@type":"ListItem","position":3,"name":"Guess Seductive Homme Red set cadou pentru b\u0103rba\u021bi"}]},{"@type":"WebSite","@id":"https:\/\/shopatoa.com\/ro\/#website","url":"https:\/\/shopatoa.com\/ro\/","name":"SHOPATOA","description":"","publisher":{"@id":"https:\/\/shopatoa.com\/ro\/#organization"},"potentialAction":[{"@type":"SearchAction","target":{"@type":"EntryPoint","urlTemplate":"https:\/\/shopatoa.com\/ro\/?s={search_term_string}"},"query-input":{"@type":"PropertyValueSpecification","valueRequired":true,"valueName":"search_term_string"}}],"inLanguage":"ro-RO"},{"@type":"Organization","@id":"https:\/\/shopatoa.com\/ro\/#organization","name":"SHOPATOA","url":"https:\/\/shopatoa.com\/ro\/","logo":{"@type":"ImageObject","inLanguage":"ro-RO","@id":"https:\/\/shopatoa.com\/ro\/#\/schema\/logo\/image\/","url":"https:\/\/storage.googleapis.com\/cz-shopatoa-img\/ro\/b4dac915-shopatoa_logo.png","contentUrl":"https:\/\/storage.googleapis.com\/cz-shopatoa-img\/ro\/b4dac915-shopatoa_logo.png","width":416,"height":63,"caption":"SHOPATOA"},"image":{"@id":"https:\/\/shopatoa.com\/ro\/#\/schema\/logo\/image\/"}}]}},"_links":{"self":[{"href":"https:\/\/shopatoa.com\/ro\/wp-json\/wp\/v2\/product\/434994","targetHints":{"allow":["GET"]}}],"collection":[{"href":"https:\/\/shopatoa.com\/ro\/wp-json\/wp\/v2\/product"}],"about":[{"href":"https:\/\/shopatoa.com\/ro\/wp-json\/wp\/v2\/types\/product"}],"replies":[{"embeddable":true,"href":"https:\/\/shopatoa.com\/ro\/wp-json\/wp\/v2\/comments?post=434994"}],"wp:featuredmedia":[{"embeddable":true,"href":"https:\/\/shopatoa.com\/ro\/wp-json\/wp\/v2\/media\/434995"}],"wp:attachment":[{"href":"https:\/\/shopatoa.com\/ro\/wp-json\/wp\/v2\/media?parent=434994"}],"wp:term":[{"taxonomy":"product_brand","embeddable":true,"href":"https:\/\/shopatoa.com\/ro\/wp-json\/wp\/v2\/product_brand?post=434994"},{"taxonomy":"product_cat","embeddable":true,"href":"https:\/\/shopatoa.com\/ro\/wp-json\/wp\/v2\/product_cat?post=434994"},{"taxonomy":"product_tag","embeddable":true,"href":"https:\/\/shopatoa.com\/ro\/wp-json\/wp\/v2\/product_tag?post=434994"}],"curies":[{"name":"wp","href":"https:\/\/api.w.org\/{rel}","templated":true}]}}