{"id":435074,"date":"2025-06-24T01:10:04","date_gmt":"2025-06-23T23:10:04","guid":{"rendered":"https:\/\/shopatoa.com\/ro\/muhle-beard-shampoo-sapun-pentru-barba-200-ml\/"},"modified":"2025-12-12T12:36:28","modified_gmt":"2025-12-12T11:36:28","slug":"muhle-beard-shampoo-sapun-pentru-barba-200-ml","status":"publish","type":"product","link":"https:\/\/shopatoa.com\/ro\/muhle-beard-shampoo-sapun-pentru-barba-200-ml\/","title":{"rendered":"M\u00fchle Beard Shampoo sapun pentru barba 200 ml"},"content":{"rendered":"<p>M\u00fchle Beard Shampoo, 200 ml, S\u0103punuri \u0219i \u0219ampoane pentru b\u0103rba\u021bi, La fel ca p\u0103rul, barba necesit\u0103 \u00eengrijire regulat\u0103. Produsul pentru sp\u0103lat M\u00fchle Beard Shampoo este delicat, dar cur\u0103\u021b\u0103 temeinic toate impurit\u0103\u021bile.  Caracteristici:  spal\u0103 delicat fa\u021ba \u0219i barba hidrateaz\u0103 \u0219i nu usuc\u0103 pielea  Cum se utilizeaz\u0103: Se maseaz\u0103 \u00een barba ud\u0103, se spumeaz\u0103 \u0219i se las\u0103 s\u0103 ac\u021bioneze c\u00e2teva minute. Apoi se cl\u0103te\u0219te bine barba.<\/p>\n","protected":false},"excerpt":{"rendered":"<p>M\u00fchle Beard Shampoo, 200 ml, S\u0103punuri \u0219i \u0219ampoane pentru b\u0103rba\u021bi, La fel ca p\u0103rul, barba necesit\u0103 \u00eengrijire regulat\u0103. Produsul pentru sp\u0103lat M\u00fchle Beard Shampoo este delicat, dar cur\u0103\u021b\u0103 temeinic toate impurit\u0103\u021bile. Caracteristici: spal\u0103 delicat fa\u021ba \u0219i barba hidrateaz\u0103 \u0219i nu usuc\u0103 pielea Cum se utilizeaz\u0103: Se maseaz\u0103 \u00een barba ud\u0103, se spumeaz\u0103 \u0219i se las\u0103&#8230;<\/p>\n","protected":false},"featured_media":435075,"comment_status":"closed","ping_status":"open","template":"","meta":{"_acf_changed":false,"_kadence_starter_templates_imported_post":false,"_kad_post_transparent":"","_kad_post_title":"","_kad_post_layout":"","_kad_post_sidebar_id":"","_kad_post_content_style":"","_kad_post_vertical_padding":"","_kad_post_feature":"","_kad_post_feature_position":"","_kad_post_header":false,"_kad_post_footer":false,"_kad_post_classname":""},"product_brand":[2634],"product_cat":[1563,1590,1591,1562],"product_tag":[],"class_list":{"0":"post-435074","1":"product","2":"type-product","3":"status-publish","4":"has-post-thumbnail","6":"product_brand-muhle","7":"product_cat-ingrijire-personala","8":"product_cat-ingrijirea-parului","9":"product_cat-sampon-balsam","10":"product_cat-sanatate-si-frumusete","11":"pa_gen-male","12":"pa_marime-200-ml","14":"first","15":"instock","16":"sale","17":"product-type-external","18":"entry","19":"content-bg","20":"loop-entry"},"acf":[],"yoast_head":"<!-- This site is optimized with the Yoast SEO plugin v27.3 - https:\/\/yoast.com\/product\/yoast-seo-wordpress\/ -->\n<title>M\u00fchle Beard Shampoo sapun pentru barba 200 ml - SHOPATOA.COM<\/title>\n<meta name=\"robots\" content=\"index, follow, max-snippet:-1, max-image-preview:large, max-video-preview:-1\" \/>\n<link rel=\"canonical\" href=\"https:\/\/shopatoa.com\/ro\/muhle-beard-shampoo-sapun-pentru-barba-200-ml\/\" \/>\n<meta property=\"og:locale\" content=\"ro_RO\" \/>\n<meta property=\"og:type\" content=\"article\" \/>\n<meta property=\"og:title\" content=\"M\u00fchle Beard Shampoo sapun pentru barba 200 ml - SHOPATOA.COM\" \/>\n<meta property=\"og:description\" content=\"M\u00fchle Beard Shampoo, 200 ml, S\u0103punuri \u0219i \u0219ampoane pentru b\u0103rba\u021bi, La fel ca p\u0103rul, barba necesit\u0103 \u00eengrijire regulat\u0103. Produsul pentru sp\u0103lat M\u00fchle Beard Shampoo este delicat, dar cur\u0103\u021b\u0103 temeinic toate impurit\u0103\u021bile. Caracteristici: spal\u0103 delicat fa\u021ba \u0219i barba hidrateaz\u0103 \u0219i nu usuc\u0103 pielea Cum se utilizeaz\u0103: Se maseaz\u0103 \u00een barba ud\u0103, se spumeaz\u0103 \u0219i se las\u0103...\" \/>\n<meta property=\"og:url\" content=\"https:\/\/shopatoa.com\/ro\/muhle-beard-shampoo-sapun-pentru-barba-200-ml\/\" \/>\n<meta property=\"og:site_name\" content=\"SHOPATOA\" \/>\n<meta property=\"article:modified_time\" content=\"2025-12-12T11:36:28+00:00\" \/>\n<meta property=\"og:image\" content=\"https:\/\/storage.googleapis.com\/cz-shopatoa-img\/ro\/dded5731-unnamed-file.webp\" \/>\n\t<meta property=\"og:image:width\" content=\"800\" \/>\n\t<meta property=\"og:image:height\" content=\"800\" \/>\n\t<meta property=\"og:image:type\" content=\"image\/webp\" \/>\n<meta name=\"twitter:card\" content=\"summary_large_image\" \/>\n<script type=\"application\/ld+json\" class=\"yoast-schema-graph\">{\"@context\":\"https:\\\/\\\/schema.org\",\"@graph\":[{\"@type\":\"WebPage\",\"@id\":\"https:\\\/\\\/shopatoa.com\\\/ro\\\/muhle-beard-shampoo-sapun-pentru-barba-200-ml\\\/\",\"url\":\"https:\\\/\\\/shopatoa.com\\\/ro\\\/muhle-beard-shampoo-sapun-pentru-barba-200-ml\\\/\",\"name\":\"M\u00fchle Beard Shampoo sapun pentru barba 200 ml - SHOPATOA.COM\",\"isPartOf\":{\"@id\":\"https:\\\/\\\/shopatoa.com\\\/ro\\\/#website\"},\"primaryImageOfPage\":{\"@id\":\"https:\\\/\\\/shopatoa.com\\\/ro\\\/muhle-beard-shampoo-sapun-pentru-barba-200-ml\\\/#primaryimage\"},\"image\":{\"@id\":\"https:\\\/\\\/shopatoa.com\\\/ro\\\/muhle-beard-shampoo-sapun-pentru-barba-200-ml\\\/#primaryimage\"},\"thumbnailUrl\":\"https:\\\/\\\/storage.googleapis.com\\\/cz-shopatoa-img\\\/ro\\\/dded5731-unnamed-file.webp\",\"datePublished\":\"2025-06-23T23:10:04+00:00\",\"dateModified\":\"2025-12-12T11:36:28+00:00\",\"breadcrumb\":{\"@id\":\"https:\\\/\\\/shopatoa.com\\\/ro\\\/muhle-beard-shampoo-sapun-pentru-barba-200-ml\\\/#breadcrumb\"},\"inLanguage\":\"ro-RO\",\"potentialAction\":[{\"@type\":\"ReadAction\",\"target\":[\"https:\\\/\\\/shopatoa.com\\\/ro\\\/muhle-beard-shampoo-sapun-pentru-barba-200-ml\\\/\"]}]},{\"@type\":\"ImageObject\",\"inLanguage\":\"ro-RO\",\"@id\":\"https:\\\/\\\/shopatoa.com\\\/ro\\\/muhle-beard-shampoo-sapun-pentru-barba-200-ml\\\/#primaryimage\",\"url\":\"https:\\\/\\\/storage.googleapis.com\\\/cz-shopatoa-img\\\/ro\\\/dded5731-unnamed-file.webp\",\"contentUrl\":\"https:\\\/\\\/storage.googleapis.com\\\/cz-shopatoa-img\\\/ro\\\/dded5731-unnamed-file.webp\",\"width\":800,\"height\":800},{\"@type\":\"BreadcrumbList\",\"@id\":\"https:\\\/\\\/shopatoa.com\\\/ro\\\/muhle-beard-shampoo-sapun-pentru-barba-200-ml\\\/#breadcrumb\",\"itemListElement\":[{\"@type\":\"ListItem\",\"position\":1,\"name\":\"Dom\u016f\",\"item\":\"https:\\\/\\\/shopatoa.com\\\/ro\\\/\"},{\"@type\":\"ListItem\",\"position\":2,\"name\":\"Shop\",\"item\":\"https:\\\/\\\/shopatoa.com\\\/ro\\\/shop\\\/\"},{\"@type\":\"ListItem\",\"position\":3,\"name\":\"S\u0103n\u0103tate \u0219i frumuse\u021be\",\"item\":\"https:\\\/\\\/shopatoa.com\\\/ro\\\/sanatate-si-frumusete\\\/\"},{\"@type\":\"ListItem\",\"position\":4,\"name\":\"\u00cengrijire personal\u0103\",\"item\":\"https:\\\/\\\/shopatoa.com\\\/ro\\\/ingrijire-personala\\\/\"},{\"@type\":\"ListItem\",\"position\":5,\"name\":\"\u00cengrijirea p\u0103rului\",\"item\":\"https:\\\/\\\/shopatoa.com\\\/ro\\\/ingrijirea-parului\\\/\"},{\"@type\":\"ListItem\",\"position\":6,\"name\":\"\u0218ampon &amp; Balsam\",\"item\":\"https:\\\/\\\/shopatoa.com\\\/ro\\\/sampon-balsam\\\/\"},{\"@type\":\"ListItem\",\"position\":7,\"name\":\"M\u00fchle Beard Shampoo sapun pentru barba 200 ml\"}]},{\"@type\":\"WebSite\",\"@id\":\"https:\\\/\\\/shopatoa.com\\\/ro\\\/#website\",\"url\":\"https:\\\/\\\/shopatoa.com\\\/ro\\\/\",\"name\":\"SHOPATOA\",\"description\":\"\",\"publisher\":{\"@id\":\"https:\\\/\\\/shopatoa.com\\\/ro\\\/#organization\"},\"potentialAction\":[{\"@type\":\"SearchAction\",\"target\":{\"@type\":\"EntryPoint\",\"urlTemplate\":\"https:\\\/\\\/shopatoa.com\\\/ro\\\/?s={search_term_string}\"},\"query-input\":{\"@type\":\"PropertyValueSpecification\",\"valueRequired\":true,\"valueName\":\"search_term_string\"}}],\"inLanguage\":\"ro-RO\"},{\"@type\":\"Organization\",\"@id\":\"https:\\\/\\\/shopatoa.com\\\/ro\\\/#organization\",\"name\":\"SHOPATOA\",\"url\":\"https:\\\/\\\/shopatoa.com\\\/ro\\\/\",\"logo\":{\"@type\":\"ImageObject\",\"inLanguage\":\"ro-RO\",\"@id\":\"https:\\\/\\\/shopatoa.com\\\/ro\\\/#\\\/schema\\\/logo\\\/image\\\/\",\"url\":\"https:\\\/\\\/storage.googleapis.com\\\/cz-shopatoa-img\\\/ro\\\/b4dac915-shopatoa_logo.png\",\"contentUrl\":\"https:\\\/\\\/storage.googleapis.com\\\/cz-shopatoa-img\\\/ro\\\/b4dac915-shopatoa_logo.png\",\"width\":416,\"height\":63,\"caption\":\"SHOPATOA\"},\"image\":{\"@id\":\"https:\\\/\\\/shopatoa.com\\\/ro\\\/#\\\/schema\\\/logo\\\/image\\\/\"}}]}<\/script>\n<!-- \/ Yoast SEO plugin. -->","yoast_head_json":{"title":"M\u00fchle Beard Shampoo sapun pentru barba 200 ml - SHOPATOA.COM","robots":{"index":"index","follow":"follow","max-snippet":"max-snippet:-1","max-image-preview":"max-image-preview:large","max-video-preview":"max-video-preview:-1"},"canonical":"https:\/\/shopatoa.com\/ro\/muhle-beard-shampoo-sapun-pentru-barba-200-ml\/","og_locale":"ro_RO","og_type":"article","og_title":"M\u00fchle Beard Shampoo sapun pentru barba 200 ml - SHOPATOA.COM","og_description":"M\u00fchle Beard Shampoo, 200 ml, S\u0103punuri \u0219i \u0219ampoane pentru b\u0103rba\u021bi, La fel ca p\u0103rul, barba necesit\u0103 \u00eengrijire regulat\u0103. Produsul pentru sp\u0103lat M\u00fchle Beard Shampoo este delicat, dar cur\u0103\u021b\u0103 temeinic toate impurit\u0103\u021bile. Caracteristici: spal\u0103 delicat fa\u021ba \u0219i barba hidrateaz\u0103 \u0219i nu usuc\u0103 pielea Cum se utilizeaz\u0103: Se maseaz\u0103 \u00een barba ud\u0103, se spumeaz\u0103 \u0219i se las\u0103...","og_url":"https:\/\/shopatoa.com\/ro\/muhle-beard-shampoo-sapun-pentru-barba-200-ml\/","og_site_name":"SHOPATOA","article_modified_time":"2025-12-12T11:36:28+00:00","og_image":[{"width":800,"height":800,"url":"https:\/\/storage.googleapis.com\/cz-shopatoa-img\/ro\/dded5731-unnamed-file.webp","type":"image\/webp"}],"twitter_card":"summary_large_image","schema":{"@context":"https:\/\/schema.org","@graph":[{"@type":"WebPage","@id":"https:\/\/shopatoa.com\/ro\/muhle-beard-shampoo-sapun-pentru-barba-200-ml\/","url":"https:\/\/shopatoa.com\/ro\/muhle-beard-shampoo-sapun-pentru-barba-200-ml\/","name":"M\u00fchle Beard Shampoo sapun pentru barba 200 ml - SHOPATOA.COM","isPartOf":{"@id":"https:\/\/shopatoa.com\/ro\/#website"},"primaryImageOfPage":{"@id":"https:\/\/shopatoa.com\/ro\/muhle-beard-shampoo-sapun-pentru-barba-200-ml\/#primaryimage"},"image":{"@id":"https:\/\/shopatoa.com\/ro\/muhle-beard-shampoo-sapun-pentru-barba-200-ml\/#primaryimage"},"thumbnailUrl":"https:\/\/storage.googleapis.com\/cz-shopatoa-img\/ro\/dded5731-unnamed-file.webp","datePublished":"2025-06-23T23:10:04+00:00","dateModified":"2025-12-12T11:36:28+00:00","breadcrumb":{"@id":"https:\/\/shopatoa.com\/ro\/muhle-beard-shampoo-sapun-pentru-barba-200-ml\/#breadcrumb"},"inLanguage":"ro-RO","potentialAction":[{"@type":"ReadAction","target":["https:\/\/shopatoa.com\/ro\/muhle-beard-shampoo-sapun-pentru-barba-200-ml\/"]}]},{"@type":"ImageObject","inLanguage":"ro-RO","@id":"https:\/\/shopatoa.com\/ro\/muhle-beard-shampoo-sapun-pentru-barba-200-ml\/#primaryimage","url":"https:\/\/storage.googleapis.com\/cz-shopatoa-img\/ro\/dded5731-unnamed-file.webp","contentUrl":"https:\/\/storage.googleapis.com\/cz-shopatoa-img\/ro\/dded5731-unnamed-file.webp","width":800,"height":800},{"@type":"BreadcrumbList","@id":"https:\/\/shopatoa.com\/ro\/muhle-beard-shampoo-sapun-pentru-barba-200-ml\/#breadcrumb","itemListElement":[{"@type":"ListItem","position":1,"name":"Dom\u016f","item":"https:\/\/shopatoa.com\/ro\/"},{"@type":"ListItem","position":2,"name":"Shop","item":"https:\/\/shopatoa.com\/ro\/shop\/"},{"@type":"ListItem","position":3,"name":"S\u0103n\u0103tate \u0219i frumuse\u021be","item":"https:\/\/shopatoa.com\/ro\/sanatate-si-frumusete\/"},{"@type":"ListItem","position":4,"name":"\u00cengrijire personal\u0103","item":"https:\/\/shopatoa.com\/ro\/ingrijire-personala\/"},{"@type":"ListItem","position":5,"name":"\u00cengrijirea p\u0103rului","item":"https:\/\/shopatoa.com\/ro\/ingrijirea-parului\/"},{"@type":"ListItem","position":6,"name":"\u0218ampon &amp; Balsam","item":"https:\/\/shopatoa.com\/ro\/sampon-balsam\/"},{"@type":"ListItem","position":7,"name":"M\u00fchle Beard Shampoo sapun pentru barba 200 ml"}]},{"@type":"WebSite","@id":"https:\/\/shopatoa.com\/ro\/#website","url":"https:\/\/shopatoa.com\/ro\/","name":"SHOPATOA","description":"","publisher":{"@id":"https:\/\/shopatoa.com\/ro\/#organization"},"potentialAction":[{"@type":"SearchAction","target":{"@type":"EntryPoint","urlTemplate":"https:\/\/shopatoa.com\/ro\/?s={search_term_string}"},"query-input":{"@type":"PropertyValueSpecification","valueRequired":true,"valueName":"search_term_string"}}],"inLanguage":"ro-RO"},{"@type":"Organization","@id":"https:\/\/shopatoa.com\/ro\/#organization","name":"SHOPATOA","url":"https:\/\/shopatoa.com\/ro\/","logo":{"@type":"ImageObject","inLanguage":"ro-RO","@id":"https:\/\/shopatoa.com\/ro\/#\/schema\/logo\/image\/","url":"https:\/\/storage.googleapis.com\/cz-shopatoa-img\/ro\/b4dac915-shopatoa_logo.png","contentUrl":"https:\/\/storage.googleapis.com\/cz-shopatoa-img\/ro\/b4dac915-shopatoa_logo.png","width":416,"height":63,"caption":"SHOPATOA"},"image":{"@id":"https:\/\/shopatoa.com\/ro\/#\/schema\/logo\/image\/"}}]}},"_links":{"self":[{"href":"https:\/\/shopatoa.com\/ro\/wp-json\/wp\/v2\/product\/435074","targetHints":{"allow":["GET"]}}],"collection":[{"href":"https:\/\/shopatoa.com\/ro\/wp-json\/wp\/v2\/product"}],"about":[{"href":"https:\/\/shopatoa.com\/ro\/wp-json\/wp\/v2\/types\/product"}],"replies":[{"embeddable":true,"href":"https:\/\/shopatoa.com\/ro\/wp-json\/wp\/v2\/comments?post=435074"}],"wp:featuredmedia":[{"embeddable":true,"href":"https:\/\/shopatoa.com\/ro\/wp-json\/wp\/v2\/media\/435075"}],"wp:attachment":[{"href":"https:\/\/shopatoa.com\/ro\/wp-json\/wp\/v2\/media?parent=435074"}],"wp:term":[{"taxonomy":"product_brand","embeddable":true,"href":"https:\/\/shopatoa.com\/ro\/wp-json\/wp\/v2\/product_brand?post=435074"},{"taxonomy":"product_cat","embeddable":true,"href":"https:\/\/shopatoa.com\/ro\/wp-json\/wp\/v2\/product_cat?post=435074"},{"taxonomy":"product_tag","embeddable":true,"href":"https:\/\/shopatoa.com\/ro\/wp-json\/wp\/v2\/product_tag?post=435074"}],"curies":[{"name":"wp","href":"https:\/\/api.w.org\/{rel}","templated":true}]}}