{"id":435132,"date":"2025-06-24T01:15:54","date_gmt":"2025-06-23T23:15:54","guid":{"rendered":"https:\/\/shopatoa.com\/ro\/gillette-venus-deluxe-smooth-sensitive-aparat-de-ras-rezerva-lame-10-buc\/"},"modified":"2025-06-24T01:16:26","modified_gmt":"2025-06-23T23:16:26","slug":"gillette-venus-deluxe-smooth-sensitive-aparat-de-ras-rezerva-lame-10-buc","status":"publish","type":"product","link":"https:\/\/shopatoa.com\/ro\/gillette-venus-deluxe-smooth-sensitive-aparat-de-ras-rezerva-lame-10-buc\/","title":{"rendered":"Gillette Venus Deluxe Smooth Sensitive Aparat de ras + rezerv\u0103 lame 10 buc"},"content":{"rendered":"<p>Gillette Venus Deluxe Smooth Sensitive, 10 buc, Lame de schimb pentru femei, Dori\u021bi s\u0103 ob\u021bine\u021bi un corp neted \u0219i epilat, sau anumite zone ale acestuia? Aparatul de ras Gillette Venus Deluxe Smooth Sensitive reprezint\u0103 cel mai simplu mod de a ob\u021bine un astfel de rezultat \u2013 u\u0219or, rapid \u0219i f\u0103r\u0103 durere. Datorit\u0103 lamelor sale, capteaz\u0103 fiecare fir de p\u0103r nedorit \u0219i \u00eendep\u0103rteaz\u0103 cu precizie. Bucura\u021bi-v\u0103 de un corp perfect neted, exact a\u0219a cum v\u0103 dori\u021bi.  Caracteristici:  se adapteaz\u0103 liniilor corpului aparatul este echipat cu o band\u0103 lubrifiant\u0103 rade la axile, pe picioare \u0219i \u00een zonele intime ajunge \u0219i \u00een locuri greu accesibile lamele asigur\u0103 un b\u0103rbierit neted gelul de ras nu este necesar &#8211; se \u00eenmoaie \u00een ap\u0103 rade rapid \u0219i u\u0219or  Cum se utilizeaz\u0103: Capul de ras se \u00eenlocuie\u0219te imediat dup\u0103 uzarea benzilor de lubrifiere sau dup\u0103 tocirea lamelor.<\/p>\n","protected":false},"excerpt":{"rendered":"<p>Gillette Venus Deluxe Smooth Sensitive, 10 buc, Lame de schimb pentru femei, Dori\u021bi s\u0103 ob\u021bine\u021bi un corp neted \u0219i epilat, sau anumite zone ale acestuia? Aparatul de ras Gillette Venus Deluxe Smooth Sensitive reprezint\u0103 cel mai simplu mod de a ob\u021bine un astfel de rezultat \u2013 u\u0219or, rapid \u0219i f\u0103r\u0103 durere. Datorit\u0103 lamelor sale, capteaz\u0103&#8230;<\/p>\n","protected":false},"featured_media":435133,"comment_status":"closed","ping_status":"open","template":"","meta":{"_acf_changed":false,"_kadence_starter_templates_imported_post":false,"_kad_post_transparent":"","_kad_post_title":"","_kad_post_layout":"","_kad_post_sidebar_id":"","_kad_post_content_style":"","_kad_post_vertical_padding":"","_kad_post_feature":"","_kad_post_feature_position":"","_kad_post_header":false,"_kad_post_footer":false,"_kad_post_classname":""},"product_brand":[184],"product_cat":[1881,1563,1882,1562],"product_tag":[],"class_list":{"0":"post-435132","1":"product","2":"type-product","3":"status-publish","4":"has-post-thumbnail","6":"product_brand-gillette","7":"product_cat-barbierit-si-ingrijire","8":"product_cat-ingrijire-personala","9":"product_cat-masini-de-ras-si-lame-de-ras","10":"product_cat-sanatate-si-frumusete","11":"pa_gen-female","12":"pa_marime-10-buc","14":"first","15":"instock","16":"sale","17":"product-type-external","18":"entry","19":"content-bg","20":"loop-entry"},"acf":[],"yoast_head":"<!-- This site is optimized with the Yoast SEO plugin v27.4 - https:\/\/yoast.com\/product\/yoast-seo-wordpress\/ -->\n<title>Gillette Venus Deluxe Smooth Sensitive Aparat de ras + rezerv\u0103 lame 10 buc - SHOPATOA.COM<\/title>\n<meta name=\"robots\" content=\"index, follow, max-snippet:-1, max-image-preview:large, max-video-preview:-1\" \/>\n<link rel=\"canonical\" href=\"https:\/\/shopatoa.com\/ro\/gillette-venus-deluxe-smooth-sensitive-aparat-de-ras-rezerva-lame-10-buc\/\" \/>\n<meta property=\"og:locale\" content=\"ro_RO\" \/>\n<meta property=\"og:type\" content=\"article\" \/>\n<meta property=\"og:title\" content=\"Gillette Venus Deluxe Smooth Sensitive Aparat de ras + rezerv\u0103 lame 10 buc - SHOPATOA.COM\" \/>\n<meta property=\"og:description\" content=\"Gillette Venus Deluxe Smooth Sensitive, 10 buc, Lame de schimb pentru femei, Dori\u021bi s\u0103 ob\u021bine\u021bi un corp neted \u0219i epilat, sau anumite zone ale acestuia? Aparatul de ras Gillette Venus Deluxe Smooth Sensitive reprezint\u0103 cel mai simplu mod de a ob\u021bine un astfel de rezultat \u2013 u\u0219or, rapid \u0219i f\u0103r\u0103 durere. Datorit\u0103 lamelor sale, capteaz\u0103...\" \/>\n<meta property=\"og:url\" content=\"https:\/\/shopatoa.com\/ro\/gillette-venus-deluxe-smooth-sensitive-aparat-de-ras-rezerva-lame-10-buc\/\" \/>\n<meta property=\"og:site_name\" content=\"SHOPATOA\" \/>\n<meta property=\"article:modified_time\" content=\"2025-06-23T23:16:26+00:00\" \/>\n<meta property=\"og:image\" content=\"https:\/\/storage.googleapis.com\/cz-shopatoa-img\/ro\/3986f69e-unnamed-file.webp\" \/>\n\t<meta property=\"og:image:width\" content=\"800\" \/>\n\t<meta property=\"og:image:height\" content=\"800\" \/>\n\t<meta property=\"og:image:type\" content=\"image\/webp\" \/>\n<meta name=\"twitter:card\" content=\"summary_large_image\" \/>\n<meta name=\"twitter:label1\" content=\"Timp estimat pentru citire\" \/>\n\t<meta name=\"twitter:data1\" content=\"1 minut\" \/>\n<script type=\"application\/ld+json\" class=\"yoast-schema-graph\">{\"@context\":\"https:\\\/\\\/schema.org\",\"@graph\":[{\"@type\":\"WebPage\",\"@id\":\"https:\\\/\\\/shopatoa.com\\\/ro\\\/gillette-venus-deluxe-smooth-sensitive-aparat-de-ras-rezerva-lame-10-buc\\\/\",\"url\":\"https:\\\/\\\/shopatoa.com\\\/ro\\\/gillette-venus-deluxe-smooth-sensitive-aparat-de-ras-rezerva-lame-10-buc\\\/\",\"name\":\"Gillette Venus Deluxe Smooth Sensitive Aparat de ras + rezerv\u0103 lame 10 buc - SHOPATOA.COM\",\"isPartOf\":{\"@id\":\"https:\\\/\\\/shopatoa.com\\\/ro\\\/#website\"},\"primaryImageOfPage\":{\"@id\":\"https:\\\/\\\/shopatoa.com\\\/ro\\\/gillette-venus-deluxe-smooth-sensitive-aparat-de-ras-rezerva-lame-10-buc\\\/#primaryimage\"},\"image\":{\"@id\":\"https:\\\/\\\/shopatoa.com\\\/ro\\\/gillette-venus-deluxe-smooth-sensitive-aparat-de-ras-rezerva-lame-10-buc\\\/#primaryimage\"},\"thumbnailUrl\":\"https:\\\/\\\/storage.googleapis.com\\\/cz-shopatoa-img\\\/ro\\\/3986f69e-unnamed-file.webp\",\"datePublished\":\"2025-06-23T23:15:54+00:00\",\"dateModified\":\"2025-06-23T23:16:26+00:00\",\"breadcrumb\":{\"@id\":\"https:\\\/\\\/shopatoa.com\\\/ro\\\/gillette-venus-deluxe-smooth-sensitive-aparat-de-ras-rezerva-lame-10-buc\\\/#breadcrumb\"},\"inLanguage\":\"ro-RO\",\"potentialAction\":[{\"@type\":\"ReadAction\",\"target\":[\"https:\\\/\\\/shopatoa.com\\\/ro\\\/gillette-venus-deluxe-smooth-sensitive-aparat-de-ras-rezerva-lame-10-buc\\\/\"]}]},{\"@type\":\"ImageObject\",\"inLanguage\":\"ro-RO\",\"@id\":\"https:\\\/\\\/shopatoa.com\\\/ro\\\/gillette-venus-deluxe-smooth-sensitive-aparat-de-ras-rezerva-lame-10-buc\\\/#primaryimage\",\"url\":\"https:\\\/\\\/storage.googleapis.com\\\/cz-shopatoa-img\\\/ro\\\/3986f69e-unnamed-file.webp\",\"contentUrl\":\"https:\\\/\\\/storage.googleapis.com\\\/cz-shopatoa-img\\\/ro\\\/3986f69e-unnamed-file.webp\",\"width\":800,\"height\":800},{\"@type\":\"BreadcrumbList\",\"@id\":\"https:\\\/\\\/shopatoa.com\\\/ro\\\/gillette-venus-deluxe-smooth-sensitive-aparat-de-ras-rezerva-lame-10-buc\\\/#breadcrumb\",\"itemListElement\":[{\"@type\":\"ListItem\",\"position\":1,\"name\":\"Dom\u016f\",\"item\":\"https:\\\/\\\/shopatoa.com\\\/ro\\\/\"},{\"@type\":\"ListItem\",\"position\":2,\"name\":\"Shop\",\"item\":\"https:\\\/\\\/shopatoa.com\\\/ro\\\/shop\\\/\"},{\"@type\":\"ListItem\",\"position\":3,\"name\":\"Gillette Venus Deluxe Smooth Sensitive Aparat de ras + rezerv\u0103 lame 10 buc\"}]},{\"@type\":\"WebSite\",\"@id\":\"https:\\\/\\\/shopatoa.com\\\/ro\\\/#website\",\"url\":\"https:\\\/\\\/shopatoa.com\\\/ro\\\/\",\"name\":\"SHOPATOA\",\"description\":\"\",\"publisher\":{\"@id\":\"https:\\\/\\\/shopatoa.com\\\/ro\\\/#organization\"},\"potentialAction\":[{\"@type\":\"SearchAction\",\"target\":{\"@type\":\"EntryPoint\",\"urlTemplate\":\"https:\\\/\\\/shopatoa.com\\\/ro\\\/?s={search_term_string}\"},\"query-input\":{\"@type\":\"PropertyValueSpecification\",\"valueRequired\":true,\"valueName\":\"search_term_string\"}}],\"inLanguage\":\"ro-RO\"},{\"@type\":\"Organization\",\"@id\":\"https:\\\/\\\/shopatoa.com\\\/ro\\\/#organization\",\"name\":\"SHOPATOA\",\"url\":\"https:\\\/\\\/shopatoa.com\\\/ro\\\/\",\"logo\":{\"@type\":\"ImageObject\",\"inLanguage\":\"ro-RO\",\"@id\":\"https:\\\/\\\/shopatoa.com\\\/ro\\\/#\\\/schema\\\/logo\\\/image\\\/\",\"url\":\"https:\\\/\\\/storage.googleapis.com\\\/cz-shopatoa-img\\\/ro\\\/b4dac915-shopatoa_logo.png\",\"contentUrl\":\"https:\\\/\\\/storage.googleapis.com\\\/cz-shopatoa-img\\\/ro\\\/b4dac915-shopatoa_logo.png\",\"width\":416,\"height\":63,\"caption\":\"SHOPATOA\"},\"image\":{\"@id\":\"https:\\\/\\\/shopatoa.com\\\/ro\\\/#\\\/schema\\\/logo\\\/image\\\/\"}}]}<\/script>\n<!-- \/ Yoast SEO plugin. -->","yoast_head_json":{"title":"Gillette Venus Deluxe Smooth Sensitive Aparat de ras + rezerv\u0103 lame 10 buc - SHOPATOA.COM","robots":{"index":"index","follow":"follow","max-snippet":"max-snippet:-1","max-image-preview":"max-image-preview:large","max-video-preview":"max-video-preview:-1"},"canonical":"https:\/\/shopatoa.com\/ro\/gillette-venus-deluxe-smooth-sensitive-aparat-de-ras-rezerva-lame-10-buc\/","og_locale":"ro_RO","og_type":"article","og_title":"Gillette Venus Deluxe Smooth Sensitive Aparat de ras + rezerv\u0103 lame 10 buc - SHOPATOA.COM","og_description":"Gillette Venus Deluxe Smooth Sensitive, 10 buc, Lame de schimb pentru femei, Dori\u021bi s\u0103 ob\u021bine\u021bi un corp neted \u0219i epilat, sau anumite zone ale acestuia? Aparatul de ras Gillette Venus Deluxe Smooth Sensitive reprezint\u0103 cel mai simplu mod de a ob\u021bine un astfel de rezultat \u2013 u\u0219or, rapid \u0219i f\u0103r\u0103 durere. Datorit\u0103 lamelor sale, capteaz\u0103...","og_url":"https:\/\/shopatoa.com\/ro\/gillette-venus-deluxe-smooth-sensitive-aparat-de-ras-rezerva-lame-10-buc\/","og_site_name":"SHOPATOA","article_modified_time":"2025-06-23T23:16:26+00:00","og_image":[{"width":800,"height":800,"url":"https:\/\/storage.googleapis.com\/cz-shopatoa-img\/ro\/3986f69e-unnamed-file.webp","type":"image\/webp"}],"twitter_card":"summary_large_image","twitter_misc":{"Timp estimat pentru citire":"1 minut"},"schema":{"@context":"https:\/\/schema.org","@graph":[{"@type":"WebPage","@id":"https:\/\/shopatoa.com\/ro\/gillette-venus-deluxe-smooth-sensitive-aparat-de-ras-rezerva-lame-10-buc\/","url":"https:\/\/shopatoa.com\/ro\/gillette-venus-deluxe-smooth-sensitive-aparat-de-ras-rezerva-lame-10-buc\/","name":"Gillette Venus Deluxe Smooth Sensitive Aparat de ras + rezerv\u0103 lame 10 buc - SHOPATOA.COM","isPartOf":{"@id":"https:\/\/shopatoa.com\/ro\/#website"},"primaryImageOfPage":{"@id":"https:\/\/shopatoa.com\/ro\/gillette-venus-deluxe-smooth-sensitive-aparat-de-ras-rezerva-lame-10-buc\/#primaryimage"},"image":{"@id":"https:\/\/shopatoa.com\/ro\/gillette-venus-deluxe-smooth-sensitive-aparat-de-ras-rezerva-lame-10-buc\/#primaryimage"},"thumbnailUrl":"https:\/\/storage.googleapis.com\/cz-shopatoa-img\/ro\/3986f69e-unnamed-file.webp","datePublished":"2025-06-23T23:15:54+00:00","dateModified":"2025-06-23T23:16:26+00:00","breadcrumb":{"@id":"https:\/\/shopatoa.com\/ro\/gillette-venus-deluxe-smooth-sensitive-aparat-de-ras-rezerva-lame-10-buc\/#breadcrumb"},"inLanguage":"ro-RO","potentialAction":[{"@type":"ReadAction","target":["https:\/\/shopatoa.com\/ro\/gillette-venus-deluxe-smooth-sensitive-aparat-de-ras-rezerva-lame-10-buc\/"]}]},{"@type":"ImageObject","inLanguage":"ro-RO","@id":"https:\/\/shopatoa.com\/ro\/gillette-venus-deluxe-smooth-sensitive-aparat-de-ras-rezerva-lame-10-buc\/#primaryimage","url":"https:\/\/storage.googleapis.com\/cz-shopatoa-img\/ro\/3986f69e-unnamed-file.webp","contentUrl":"https:\/\/storage.googleapis.com\/cz-shopatoa-img\/ro\/3986f69e-unnamed-file.webp","width":800,"height":800},{"@type":"BreadcrumbList","@id":"https:\/\/shopatoa.com\/ro\/gillette-venus-deluxe-smooth-sensitive-aparat-de-ras-rezerva-lame-10-buc\/#breadcrumb","itemListElement":[{"@type":"ListItem","position":1,"name":"Dom\u016f","item":"https:\/\/shopatoa.com\/ro\/"},{"@type":"ListItem","position":2,"name":"Shop","item":"https:\/\/shopatoa.com\/ro\/shop\/"},{"@type":"ListItem","position":3,"name":"Gillette Venus Deluxe Smooth Sensitive Aparat de ras + rezerv\u0103 lame 10 buc"}]},{"@type":"WebSite","@id":"https:\/\/shopatoa.com\/ro\/#website","url":"https:\/\/shopatoa.com\/ro\/","name":"SHOPATOA","description":"","publisher":{"@id":"https:\/\/shopatoa.com\/ro\/#organization"},"potentialAction":[{"@type":"SearchAction","target":{"@type":"EntryPoint","urlTemplate":"https:\/\/shopatoa.com\/ro\/?s={search_term_string}"},"query-input":{"@type":"PropertyValueSpecification","valueRequired":true,"valueName":"search_term_string"}}],"inLanguage":"ro-RO"},{"@type":"Organization","@id":"https:\/\/shopatoa.com\/ro\/#organization","name":"SHOPATOA","url":"https:\/\/shopatoa.com\/ro\/","logo":{"@type":"ImageObject","inLanguage":"ro-RO","@id":"https:\/\/shopatoa.com\/ro\/#\/schema\/logo\/image\/","url":"https:\/\/storage.googleapis.com\/cz-shopatoa-img\/ro\/b4dac915-shopatoa_logo.png","contentUrl":"https:\/\/storage.googleapis.com\/cz-shopatoa-img\/ro\/b4dac915-shopatoa_logo.png","width":416,"height":63,"caption":"SHOPATOA"},"image":{"@id":"https:\/\/shopatoa.com\/ro\/#\/schema\/logo\/image\/"}}]}},"_links":{"self":[{"href":"https:\/\/shopatoa.com\/ro\/wp-json\/wp\/v2\/product\/435132","targetHints":{"allow":["GET"]}}],"collection":[{"href":"https:\/\/shopatoa.com\/ro\/wp-json\/wp\/v2\/product"}],"about":[{"href":"https:\/\/shopatoa.com\/ro\/wp-json\/wp\/v2\/types\/product"}],"replies":[{"embeddable":true,"href":"https:\/\/shopatoa.com\/ro\/wp-json\/wp\/v2\/comments?post=435132"}],"wp:featuredmedia":[{"embeddable":true,"href":"https:\/\/shopatoa.com\/ro\/wp-json\/wp\/v2\/media\/435133"}],"wp:attachment":[{"href":"https:\/\/shopatoa.com\/ro\/wp-json\/wp\/v2\/media?parent=435132"}],"wp:term":[{"taxonomy":"product_brand","embeddable":true,"href":"https:\/\/shopatoa.com\/ro\/wp-json\/wp\/v2\/product_brand?post=435132"},{"taxonomy":"product_cat","embeddable":true,"href":"https:\/\/shopatoa.com\/ro\/wp-json\/wp\/v2\/product_cat?post=435132"},{"taxonomy":"product_tag","embeddable":true,"href":"https:\/\/shopatoa.com\/ro\/wp-json\/wp\/v2\/product_tag?post=435132"}],"curies":[{"name":"wp","href":"https:\/\/api.w.org\/{rel}","templated":true}]}}