{"id":435144,"date":"2025-06-24T01:15:54","date_gmt":"2025-06-23T23:15:54","guid":{"rendered":"https:\/\/shopatoa.com\/ro\/revox-b77-just-salicylic-acid-2-ser-pentru-scalp-curatare-profunda-30-ml\/"},"modified":"2025-12-12T12:26:40","modified_gmt":"2025-12-12T11:26:40","slug":"revox-b77-just-salicylic-acid-2-ser-pentru-scalp-curatare-profunda-30-ml","status":"publish","type":"product","link":"https:\/\/shopatoa.com\/ro\/revox-b77-just-salicylic-acid-2-ser-pentru-scalp-curatare-profunda-30-ml\/","title":{"rendered":"Revox B77 JUST Salicylic Acid 2% Ser pentru scalp cur\u0103\u021bare profund\u0103 30 ml"},"content":{"rendered":"<p>Revox B77 JUST Salicylic Acid 2%, 30 ml, Exfoliant pentru p\u0103r pentru femei, R\u0103sf\u0103\u021ba\u021bi-v\u0103 p\u0103rul cu ceva \u00een plus, sub form\u0103 de \u00eengrijire special\u0103 \u00een timpul sp\u0103l\u0103rii. Exfoliantul pentru p\u0103r Revox B77 JUST Salicylic Acid 2% asigur\u0103 o cur\u0103\u021bare cu adev\u0103rat temeinic\u0103 \u0219i profund\u0103 a scalpului, l\u0103s\u00e2ndu-v\u0103 p\u0103rul revitalizat, radiant \u0219i preg\u0103tit s\u0103 absoarb\u0103 mai bine \u00eengrijirea ulterioar\u0103.  Caracteristici:  cur\u0103\u021b\u0103 scalpul stimuleaz\u0103 scalpul \u0219i \u00eei confer\u0103 o senza\u021bie de prospe\u021bime are efect de calmare  Ingrediente:  f\u0103r\u0103 silicon f\u0103r\u0103 parfumuri artificiale produs vegan acid salicilic \u2013 cur\u0103\u021b\u0103 \u00een profunzime scalpul, ajut\u0103 la exfolierea pielii moarte \u0219i la eliminarea excesului de sebum, combate m\u0103trea\u021ba \u0219i \u00eengrije\u0219te scalpul gras ulei de tea tree \u2013 are efecte de cur\u0103\u021bare, calmeaz\u0103 scalpul, \u00eei amelioreaz\u0103 irita\u021bia, uscarea \u0219i senza\u021biile de m\u00e2nc\u0103rime, ajut\u0103 la combaterea m\u0103tre\u021bii, favorizeaz\u0103 cre\u0219terea firelor de p\u0103r noi, previne casarea \u0219i confer\u0103 str\u0103lucire pantenol \u2013 hidrateaz\u0103, men\u021bine p\u0103rul \u0219i scalpul hidratate, calmeaz\u0103 \u0219i combate iritarea scalpului, neteze\u0219te fibrele de p\u0103r, \u00eembun\u0103t\u0103\u021be\u0219te elasticitatea acestora  Cum se utilizeaz\u0103: Aplica\u021bi direct pe scalp, \u00een p\u0103rul uscat. Se maseaz\u0103 bine pe scalp. L\u0103sa\u021bi s\u0103 ac\u021bioneze pentru num\u0103rul de minute indicat: 15-20. Ulterior, sp\u0103la\u021bi bine cu \u0219ampon.<\/p>\n","protected":false},"excerpt":{"rendered":"<p>Revox B77 JUST Salicylic Acid 2%, 30 ml, Exfoliant pentru p\u0103r pentru femei, R\u0103sf\u0103\u021ba\u021bi-v\u0103 p\u0103rul cu ceva \u00een plus, sub form\u0103 de \u00eengrijire special\u0103 \u00een timpul sp\u0103l\u0103rii. Exfoliantul pentru p\u0103r Revox B77 JUST Salicylic Acid 2% asigur\u0103 o cur\u0103\u021bare cu adev\u0103rat temeinic\u0103 \u0219i profund\u0103 a scalpului, l\u0103s\u00e2ndu-v\u0103 p\u0103rul revitalizat, radiant \u0219i preg\u0103tit s\u0103 absoarb\u0103 mai&#8230;<\/p>\n","protected":false},"featured_media":435145,"comment_status":"closed","ping_status":"open","template":"","meta":{"_acf_changed":false,"_kadence_starter_templates_imported_post":false,"_kad_post_transparent":"","_kad_post_title":"","_kad_post_layout":"","_kad_post_sidebar_id":"","_kad_post_content_style":"","_kad_post_vertical_padding":"","_kad_post_feature":"","_kad_post_feature_position":"","_kad_post_header":false,"_kad_post_footer":false,"_kad_post_classname":""},"product_brand":[2325],"product_cat":[1563,1590,1562],"product_tag":[],"class_list":{"0":"post-435144","1":"product","2":"type-product","3":"status-publish","4":"has-post-thumbnail","6":"product_brand-revox-b77","7":"product_cat-ingrijire-personala","8":"product_cat-ingrijirea-parului","9":"product_cat-sanatate-si-frumusete","10":"pa_gen-female","11":"pa_marime-30-ml","13":"first","14":"instock","15":"sale","16":"product-type-external","17":"entry","18":"content-bg","19":"loop-entry"},"acf":[],"yoast_head":"<!-- This site is optimized with the Yoast SEO plugin v27.4 - https:\/\/yoast.com\/product\/yoast-seo-wordpress\/ -->\n<title>Revox B77 JUST Salicylic Acid 2% Ser pentru scalp cur\u0103\u021bare profund\u0103 30 ml - SHOPATOA.COM<\/title>\n<meta name=\"robots\" content=\"index, follow, max-snippet:-1, max-image-preview:large, max-video-preview:-1\" \/>\n<link rel=\"canonical\" href=\"https:\/\/shopatoa.com\/ro\/revox-b77-just-salicylic-acid-2-ser-pentru-scalp-curatare-profunda-30-ml\/\" \/>\n<meta property=\"og:locale\" content=\"ro_RO\" \/>\n<meta property=\"og:type\" content=\"article\" \/>\n<meta property=\"og:title\" content=\"Revox B77 JUST Salicylic Acid 2% Ser pentru scalp cur\u0103\u021bare profund\u0103 30 ml - SHOPATOA.COM\" \/>\n<meta property=\"og:description\" content=\"Revox B77 JUST Salicylic Acid 2%, 30 ml, Exfoliant pentru p\u0103r pentru femei, R\u0103sf\u0103\u021ba\u021bi-v\u0103 p\u0103rul cu ceva \u00een plus, sub form\u0103 de \u00eengrijire special\u0103 \u00een timpul sp\u0103l\u0103rii. Exfoliantul pentru p\u0103r Revox B77 JUST Salicylic Acid 2% asigur\u0103 o cur\u0103\u021bare cu adev\u0103rat temeinic\u0103 \u0219i profund\u0103 a scalpului, l\u0103s\u00e2ndu-v\u0103 p\u0103rul revitalizat, radiant \u0219i preg\u0103tit s\u0103 absoarb\u0103 mai...\" \/>\n<meta property=\"og:url\" content=\"https:\/\/shopatoa.com\/ro\/revox-b77-just-salicylic-acid-2-ser-pentru-scalp-curatare-profunda-30-ml\/\" \/>\n<meta property=\"og:site_name\" content=\"SHOPATOA\" \/>\n<meta property=\"article:modified_time\" content=\"2025-12-12T11:26:40+00:00\" \/>\n<meta property=\"og:image\" content=\"https:\/\/storage.googleapis.com\/cz-shopatoa-img\/ro\/7d41c74d-unnamed-file.webp\" \/>\n\t<meta property=\"og:image:width\" content=\"800\" \/>\n\t<meta property=\"og:image:height\" content=\"800\" \/>\n\t<meta property=\"og:image:type\" content=\"image\/webp\" \/>\n<meta name=\"twitter:card\" content=\"summary_large_image\" \/>\n<meta name=\"twitter:label1\" content=\"Timp estimat pentru citire\" \/>\n\t<meta name=\"twitter:data1\" content=\"1 minut\" \/>\n<script type=\"application\/ld+json\" class=\"yoast-schema-graph\">{\"@context\":\"https:\\\/\\\/schema.org\",\"@graph\":[{\"@type\":\"WebPage\",\"@id\":\"https:\\\/\\\/shopatoa.com\\\/ro\\\/revox-b77-just-salicylic-acid-2-ser-pentru-scalp-curatare-profunda-30-ml\\\/\",\"url\":\"https:\\\/\\\/shopatoa.com\\\/ro\\\/revox-b77-just-salicylic-acid-2-ser-pentru-scalp-curatare-profunda-30-ml\\\/\",\"name\":\"Revox B77 JUST Salicylic Acid 2% Ser pentru scalp cur\u0103\u021bare profund\u0103 30 ml - SHOPATOA.COM\",\"isPartOf\":{\"@id\":\"https:\\\/\\\/shopatoa.com\\\/ro\\\/#website\"},\"primaryImageOfPage\":{\"@id\":\"https:\\\/\\\/shopatoa.com\\\/ro\\\/revox-b77-just-salicylic-acid-2-ser-pentru-scalp-curatare-profunda-30-ml\\\/#primaryimage\"},\"image\":{\"@id\":\"https:\\\/\\\/shopatoa.com\\\/ro\\\/revox-b77-just-salicylic-acid-2-ser-pentru-scalp-curatare-profunda-30-ml\\\/#primaryimage\"},\"thumbnailUrl\":\"https:\\\/\\\/storage.googleapis.com\\\/cz-shopatoa-img\\\/ro\\\/7d41c74d-unnamed-file.webp\",\"datePublished\":\"2025-06-23T23:15:54+00:00\",\"dateModified\":\"2025-12-12T11:26:40+00:00\",\"breadcrumb\":{\"@id\":\"https:\\\/\\\/shopatoa.com\\\/ro\\\/revox-b77-just-salicylic-acid-2-ser-pentru-scalp-curatare-profunda-30-ml\\\/#breadcrumb\"},\"inLanguage\":\"ro-RO\",\"potentialAction\":[{\"@type\":\"ReadAction\",\"target\":[\"https:\\\/\\\/shopatoa.com\\\/ro\\\/revox-b77-just-salicylic-acid-2-ser-pentru-scalp-curatare-profunda-30-ml\\\/\"]}]},{\"@type\":\"ImageObject\",\"inLanguage\":\"ro-RO\",\"@id\":\"https:\\\/\\\/shopatoa.com\\\/ro\\\/revox-b77-just-salicylic-acid-2-ser-pentru-scalp-curatare-profunda-30-ml\\\/#primaryimage\",\"url\":\"https:\\\/\\\/storage.googleapis.com\\\/cz-shopatoa-img\\\/ro\\\/7d41c74d-unnamed-file.webp\",\"contentUrl\":\"https:\\\/\\\/storage.googleapis.com\\\/cz-shopatoa-img\\\/ro\\\/7d41c74d-unnamed-file.webp\",\"width\":800,\"height\":800},{\"@type\":\"BreadcrumbList\",\"@id\":\"https:\\\/\\\/shopatoa.com\\\/ro\\\/revox-b77-just-salicylic-acid-2-ser-pentru-scalp-curatare-profunda-30-ml\\\/#breadcrumb\",\"itemListElement\":[{\"@type\":\"ListItem\",\"position\":1,\"name\":\"Dom\u016f\",\"item\":\"https:\\\/\\\/shopatoa.com\\\/ro\\\/\"},{\"@type\":\"ListItem\",\"position\":2,\"name\":\"Shop\",\"item\":\"https:\\\/\\\/shopatoa.com\\\/ro\\\/shop\\\/\"},{\"@type\":\"ListItem\",\"position\":3,\"name\":\"S\u0103n\u0103tate \u0219i frumuse\u021be\",\"item\":\"https:\\\/\\\/shopatoa.com\\\/ro\\\/sanatate-si-frumusete\\\/\"},{\"@type\":\"ListItem\",\"position\":4,\"name\":\"\u00cengrijire personal\u0103\",\"item\":\"https:\\\/\\\/shopatoa.com\\\/ro\\\/ingrijire-personala\\\/\"},{\"@type\":\"ListItem\",\"position\":5,\"name\":\"\u00cengrijirea p\u0103rului\",\"item\":\"https:\\\/\\\/shopatoa.com\\\/ro\\\/ingrijirea-parului\\\/\"},{\"@type\":\"ListItem\",\"position\":6,\"name\":\"Revox B77 JUST Salicylic Acid 2% Ser pentru scalp cur\u0103\u021bare profund\u0103 30 ml\"}]},{\"@type\":\"WebSite\",\"@id\":\"https:\\\/\\\/shopatoa.com\\\/ro\\\/#website\",\"url\":\"https:\\\/\\\/shopatoa.com\\\/ro\\\/\",\"name\":\"SHOPATOA\",\"description\":\"\",\"publisher\":{\"@id\":\"https:\\\/\\\/shopatoa.com\\\/ro\\\/#organization\"},\"potentialAction\":[{\"@type\":\"SearchAction\",\"target\":{\"@type\":\"EntryPoint\",\"urlTemplate\":\"https:\\\/\\\/shopatoa.com\\\/ro\\\/?s={search_term_string}\"},\"query-input\":{\"@type\":\"PropertyValueSpecification\",\"valueRequired\":true,\"valueName\":\"search_term_string\"}}],\"inLanguage\":\"ro-RO\"},{\"@type\":\"Organization\",\"@id\":\"https:\\\/\\\/shopatoa.com\\\/ro\\\/#organization\",\"name\":\"SHOPATOA\",\"url\":\"https:\\\/\\\/shopatoa.com\\\/ro\\\/\",\"logo\":{\"@type\":\"ImageObject\",\"inLanguage\":\"ro-RO\",\"@id\":\"https:\\\/\\\/shopatoa.com\\\/ro\\\/#\\\/schema\\\/logo\\\/image\\\/\",\"url\":\"https:\\\/\\\/storage.googleapis.com\\\/cz-shopatoa-img\\\/ro\\\/b4dac915-shopatoa_logo.png\",\"contentUrl\":\"https:\\\/\\\/storage.googleapis.com\\\/cz-shopatoa-img\\\/ro\\\/b4dac915-shopatoa_logo.png\",\"width\":416,\"height\":63,\"caption\":\"SHOPATOA\"},\"image\":{\"@id\":\"https:\\\/\\\/shopatoa.com\\\/ro\\\/#\\\/schema\\\/logo\\\/image\\\/\"}}]}<\/script>\n<!-- \/ Yoast SEO plugin. -->","yoast_head_json":{"title":"Revox B77 JUST Salicylic Acid 2% Ser pentru scalp cur\u0103\u021bare profund\u0103 30 ml - SHOPATOA.COM","robots":{"index":"index","follow":"follow","max-snippet":"max-snippet:-1","max-image-preview":"max-image-preview:large","max-video-preview":"max-video-preview:-1"},"canonical":"https:\/\/shopatoa.com\/ro\/revox-b77-just-salicylic-acid-2-ser-pentru-scalp-curatare-profunda-30-ml\/","og_locale":"ro_RO","og_type":"article","og_title":"Revox B77 JUST Salicylic Acid 2% Ser pentru scalp cur\u0103\u021bare profund\u0103 30 ml - SHOPATOA.COM","og_description":"Revox B77 JUST Salicylic Acid 2%, 30 ml, Exfoliant pentru p\u0103r pentru femei, R\u0103sf\u0103\u021ba\u021bi-v\u0103 p\u0103rul cu ceva \u00een plus, sub form\u0103 de \u00eengrijire special\u0103 \u00een timpul sp\u0103l\u0103rii. Exfoliantul pentru p\u0103r Revox B77 JUST Salicylic Acid 2% asigur\u0103 o cur\u0103\u021bare cu adev\u0103rat temeinic\u0103 \u0219i profund\u0103 a scalpului, l\u0103s\u00e2ndu-v\u0103 p\u0103rul revitalizat, radiant \u0219i preg\u0103tit s\u0103 absoarb\u0103 mai...","og_url":"https:\/\/shopatoa.com\/ro\/revox-b77-just-salicylic-acid-2-ser-pentru-scalp-curatare-profunda-30-ml\/","og_site_name":"SHOPATOA","article_modified_time":"2025-12-12T11:26:40+00:00","og_image":[{"width":800,"height":800,"url":"https:\/\/storage.googleapis.com\/cz-shopatoa-img\/ro\/7d41c74d-unnamed-file.webp","type":"image\/webp"}],"twitter_card":"summary_large_image","twitter_misc":{"Timp estimat pentru citire":"1 minut"},"schema":{"@context":"https:\/\/schema.org","@graph":[{"@type":"WebPage","@id":"https:\/\/shopatoa.com\/ro\/revox-b77-just-salicylic-acid-2-ser-pentru-scalp-curatare-profunda-30-ml\/","url":"https:\/\/shopatoa.com\/ro\/revox-b77-just-salicylic-acid-2-ser-pentru-scalp-curatare-profunda-30-ml\/","name":"Revox B77 JUST Salicylic Acid 2% Ser pentru scalp cur\u0103\u021bare profund\u0103 30 ml - SHOPATOA.COM","isPartOf":{"@id":"https:\/\/shopatoa.com\/ro\/#website"},"primaryImageOfPage":{"@id":"https:\/\/shopatoa.com\/ro\/revox-b77-just-salicylic-acid-2-ser-pentru-scalp-curatare-profunda-30-ml\/#primaryimage"},"image":{"@id":"https:\/\/shopatoa.com\/ro\/revox-b77-just-salicylic-acid-2-ser-pentru-scalp-curatare-profunda-30-ml\/#primaryimage"},"thumbnailUrl":"https:\/\/storage.googleapis.com\/cz-shopatoa-img\/ro\/7d41c74d-unnamed-file.webp","datePublished":"2025-06-23T23:15:54+00:00","dateModified":"2025-12-12T11:26:40+00:00","breadcrumb":{"@id":"https:\/\/shopatoa.com\/ro\/revox-b77-just-salicylic-acid-2-ser-pentru-scalp-curatare-profunda-30-ml\/#breadcrumb"},"inLanguage":"ro-RO","potentialAction":[{"@type":"ReadAction","target":["https:\/\/shopatoa.com\/ro\/revox-b77-just-salicylic-acid-2-ser-pentru-scalp-curatare-profunda-30-ml\/"]}]},{"@type":"ImageObject","inLanguage":"ro-RO","@id":"https:\/\/shopatoa.com\/ro\/revox-b77-just-salicylic-acid-2-ser-pentru-scalp-curatare-profunda-30-ml\/#primaryimage","url":"https:\/\/storage.googleapis.com\/cz-shopatoa-img\/ro\/7d41c74d-unnamed-file.webp","contentUrl":"https:\/\/storage.googleapis.com\/cz-shopatoa-img\/ro\/7d41c74d-unnamed-file.webp","width":800,"height":800},{"@type":"BreadcrumbList","@id":"https:\/\/shopatoa.com\/ro\/revox-b77-just-salicylic-acid-2-ser-pentru-scalp-curatare-profunda-30-ml\/#breadcrumb","itemListElement":[{"@type":"ListItem","position":1,"name":"Dom\u016f","item":"https:\/\/shopatoa.com\/ro\/"},{"@type":"ListItem","position":2,"name":"Shop","item":"https:\/\/shopatoa.com\/ro\/shop\/"},{"@type":"ListItem","position":3,"name":"S\u0103n\u0103tate \u0219i frumuse\u021be","item":"https:\/\/shopatoa.com\/ro\/sanatate-si-frumusete\/"},{"@type":"ListItem","position":4,"name":"\u00cengrijire personal\u0103","item":"https:\/\/shopatoa.com\/ro\/ingrijire-personala\/"},{"@type":"ListItem","position":5,"name":"\u00cengrijirea p\u0103rului","item":"https:\/\/shopatoa.com\/ro\/ingrijirea-parului\/"},{"@type":"ListItem","position":6,"name":"Revox B77 JUST Salicylic Acid 2% Ser pentru scalp cur\u0103\u021bare profund\u0103 30 ml"}]},{"@type":"WebSite","@id":"https:\/\/shopatoa.com\/ro\/#website","url":"https:\/\/shopatoa.com\/ro\/","name":"SHOPATOA","description":"","publisher":{"@id":"https:\/\/shopatoa.com\/ro\/#organization"},"potentialAction":[{"@type":"SearchAction","target":{"@type":"EntryPoint","urlTemplate":"https:\/\/shopatoa.com\/ro\/?s={search_term_string}"},"query-input":{"@type":"PropertyValueSpecification","valueRequired":true,"valueName":"search_term_string"}}],"inLanguage":"ro-RO"},{"@type":"Organization","@id":"https:\/\/shopatoa.com\/ro\/#organization","name":"SHOPATOA","url":"https:\/\/shopatoa.com\/ro\/","logo":{"@type":"ImageObject","inLanguage":"ro-RO","@id":"https:\/\/shopatoa.com\/ro\/#\/schema\/logo\/image\/","url":"https:\/\/storage.googleapis.com\/cz-shopatoa-img\/ro\/b4dac915-shopatoa_logo.png","contentUrl":"https:\/\/storage.googleapis.com\/cz-shopatoa-img\/ro\/b4dac915-shopatoa_logo.png","width":416,"height":63,"caption":"SHOPATOA"},"image":{"@id":"https:\/\/shopatoa.com\/ro\/#\/schema\/logo\/image\/"}}]}},"_links":{"self":[{"href":"https:\/\/shopatoa.com\/ro\/wp-json\/wp\/v2\/product\/435144","targetHints":{"allow":["GET"]}}],"collection":[{"href":"https:\/\/shopatoa.com\/ro\/wp-json\/wp\/v2\/product"}],"about":[{"href":"https:\/\/shopatoa.com\/ro\/wp-json\/wp\/v2\/types\/product"}],"replies":[{"embeddable":true,"href":"https:\/\/shopatoa.com\/ro\/wp-json\/wp\/v2\/comments?post=435144"}],"wp:featuredmedia":[{"embeddable":true,"href":"https:\/\/shopatoa.com\/ro\/wp-json\/wp\/v2\/media\/435145"}],"wp:attachment":[{"href":"https:\/\/shopatoa.com\/ro\/wp-json\/wp\/v2\/media?parent=435144"}],"wp:term":[{"taxonomy":"product_brand","embeddable":true,"href":"https:\/\/shopatoa.com\/ro\/wp-json\/wp\/v2\/product_brand?post=435144"},{"taxonomy":"product_cat","embeddable":true,"href":"https:\/\/shopatoa.com\/ro\/wp-json\/wp\/v2\/product_cat?post=435144"},{"taxonomy":"product_tag","embeddable":true,"href":"https:\/\/shopatoa.com\/ro\/wp-json\/wp\/v2\/product_tag?post=435144"}],"curies":[{"name":"wp","href":"https:\/\/api.w.org\/{rel}","templated":true}]}}