{"id":435170,"date":"2025-06-24T01:19:44","date_gmt":"2025-06-23T23:19:44","guid":{"rendered":"https:\/\/shopatoa.com\/ro\/yardley-lily-of-the-valley-crema-de-maini-hidratanta-75-ml\/"},"modified":"2025-12-12T12:14:27","modified_gmt":"2025-12-12T11:14:27","slug":"yardley-lily-of-the-valley-crema-de-maini-hidratanta-75-ml","status":"publish","type":"product","link":"https:\/\/shopatoa.com\/ro\/yardley-lily-of-the-valley-crema-de-maini-hidratanta-75-ml\/","title":{"rendered":"Yardley Lily Of The Valley crema de maini hidratanta 75 ml"},"content":{"rendered":"<p>Yardley Lily Of The Valley, 75 ml, Creme de maini pentru femei, M\u00e2inile \u00eengrijite sunt cartea dvs. de vizit\u0103. Crema Yardley Lily Of The Valley le va men\u021bine perfect catifelate \u0219i hidratate. Va asigura m\u00e2inilor o nutri\u021bie de lung\u0103 durat\u0103, catifelare \u0219i protec\u021bie \u00eempotriva usc\u0103rii, pentru ca acestea s\u0103 fie frumoase \u00eentreaga zi.  Caracteristici:  hidrateaz\u0103 \u0219i hr\u0103ne\u0219te pielea las\u0103 pielea fin\u0103 \u0219i neted\u0103 miroase pl\u0103cut  Cum se utilizeaz\u0103: Se aplic\u0103 crema pe m\u00e2ini, dup\u0103 nevoie \u0219i se maseaz\u0103 p\u00e2n\u0103 la absorb\u021bie. Se aplic\u0103 \u00een orice moment, \u00een timpul zilei.<\/p>\n","protected":false},"excerpt":{"rendered":"<p>Yardley Lily Of The Valley, 75 ml, Creme de maini pentru femei, M\u00e2inile \u00eengrijite sunt cartea dvs. de vizit\u0103. Crema Yardley Lily Of The Valley le va men\u021bine perfect catifelate \u0219i hidratate. Va asigura m\u00e2inilor o nutri\u021bie de lung\u0103 durat\u0103, catifelare \u0219i protec\u021bie \u00eempotriva usc\u0103rii, pentru ca acestea s\u0103 fie frumoase \u00eentreaga zi. Caracteristici: hidrateaz\u0103&#8230;<\/p>\n","protected":false},"featured_media":435171,"comment_status":"closed","ping_status":"open","template":"","meta":{"_acf_changed":false,"_kadence_starter_templates_imported_post":false,"_kad_post_transparent":"","_kad_post_title":"","_kad_post_layout":"","_kad_post_sidebar_id":"","_kad_post_content_style":"","_kad_post_vertical_padding":"","_kad_post_feature":"","_kad_post_feature_position":"","_kad_post_header":false,"_kad_post_footer":false,"_kad_post_classname":""},"product_brand":[2332],"product_cat":[1564,1563,1565,1562],"product_tag":[],"class_list":{"0":"post-435170","1":"product","2":"type-product","3":"status-publish","4":"has-post-thumbnail","6":"product_brand-yardley","7":"product_cat-cosmetice-ingrijire-personala","8":"product_cat-ingrijire-personala","9":"product_cat-ingrijirea-pielii","10":"product_cat-sanatate-si-frumusete","11":"pa_gen-female","12":"pa_marime-75-ml","14":"first","15":"instock","16":"sale","17":"product-type-external","18":"entry","19":"content-bg","20":"loop-entry"},"acf":[],"yoast_head":"<!-- This site is optimized with the Yoast SEO plugin v27.4 - https:\/\/yoast.com\/product\/yoast-seo-wordpress\/ -->\n<title>Yardley Lily Of The Valley crema de maini hidratanta 75 ml - SHOPATOA.COM<\/title>\n<meta name=\"robots\" content=\"index, follow, max-snippet:-1, max-image-preview:large, max-video-preview:-1\" \/>\n<link rel=\"canonical\" href=\"https:\/\/shopatoa.com\/ro\/yardley-lily-of-the-valley-crema-de-maini-hidratanta-75-ml\/\" \/>\n<meta property=\"og:locale\" content=\"ro_RO\" \/>\n<meta property=\"og:type\" content=\"article\" \/>\n<meta property=\"og:title\" content=\"Yardley Lily Of The Valley crema de maini hidratanta 75 ml - SHOPATOA.COM\" \/>\n<meta property=\"og:description\" content=\"Yardley Lily Of The Valley, 75 ml, Creme de maini pentru femei, M\u00e2inile \u00eengrijite sunt cartea dvs. de vizit\u0103. Crema Yardley Lily Of The Valley le va men\u021bine perfect catifelate \u0219i hidratate. Va asigura m\u00e2inilor o nutri\u021bie de lung\u0103 durat\u0103, catifelare \u0219i protec\u021bie \u00eempotriva usc\u0103rii, pentru ca acestea s\u0103 fie frumoase \u00eentreaga zi. Caracteristici: hidrateaz\u0103...\" \/>\n<meta property=\"og:url\" content=\"https:\/\/shopatoa.com\/ro\/yardley-lily-of-the-valley-crema-de-maini-hidratanta-75-ml\/\" \/>\n<meta property=\"og:site_name\" content=\"SHOPATOA\" \/>\n<meta property=\"article:modified_time\" content=\"2025-12-12T11:14:27+00:00\" \/>\n<meta property=\"og:image\" content=\"https:\/\/storage.googleapis.com\/cz-shopatoa-img\/ro\/2f6e8b60-unnamed-file.webp\" \/>\n\t<meta property=\"og:image:width\" content=\"800\" \/>\n\t<meta property=\"og:image:height\" content=\"800\" \/>\n\t<meta property=\"og:image:type\" content=\"image\/webp\" \/>\n<meta name=\"twitter:card\" content=\"summary_large_image\" \/>\n<meta name=\"twitter:label1\" content=\"Timp estimat pentru citire\" \/>\n\t<meta name=\"twitter:data1\" content=\"1 minut\" \/>\n<script type=\"application\/ld+json\" class=\"yoast-schema-graph\">{\"@context\":\"https:\\\/\\\/schema.org\",\"@graph\":[{\"@type\":\"WebPage\",\"@id\":\"https:\\\/\\\/shopatoa.com\\\/ro\\\/yardley-lily-of-the-valley-crema-de-maini-hidratanta-75-ml\\\/\",\"url\":\"https:\\\/\\\/shopatoa.com\\\/ro\\\/yardley-lily-of-the-valley-crema-de-maini-hidratanta-75-ml\\\/\",\"name\":\"Yardley Lily Of The Valley crema de maini hidratanta 75 ml - SHOPATOA.COM\",\"isPartOf\":{\"@id\":\"https:\\\/\\\/shopatoa.com\\\/ro\\\/#website\"},\"primaryImageOfPage\":{\"@id\":\"https:\\\/\\\/shopatoa.com\\\/ro\\\/yardley-lily-of-the-valley-crema-de-maini-hidratanta-75-ml\\\/#primaryimage\"},\"image\":{\"@id\":\"https:\\\/\\\/shopatoa.com\\\/ro\\\/yardley-lily-of-the-valley-crema-de-maini-hidratanta-75-ml\\\/#primaryimage\"},\"thumbnailUrl\":\"https:\\\/\\\/storage.googleapis.com\\\/cz-shopatoa-img\\\/ro\\\/2f6e8b60-unnamed-file.webp\",\"datePublished\":\"2025-06-23T23:19:44+00:00\",\"dateModified\":\"2025-12-12T11:14:27+00:00\",\"breadcrumb\":{\"@id\":\"https:\\\/\\\/shopatoa.com\\\/ro\\\/yardley-lily-of-the-valley-crema-de-maini-hidratanta-75-ml\\\/#breadcrumb\"},\"inLanguage\":\"ro-RO\",\"potentialAction\":[{\"@type\":\"ReadAction\",\"target\":[\"https:\\\/\\\/shopatoa.com\\\/ro\\\/yardley-lily-of-the-valley-crema-de-maini-hidratanta-75-ml\\\/\"]}]},{\"@type\":\"ImageObject\",\"inLanguage\":\"ro-RO\",\"@id\":\"https:\\\/\\\/shopatoa.com\\\/ro\\\/yardley-lily-of-the-valley-crema-de-maini-hidratanta-75-ml\\\/#primaryimage\",\"url\":\"https:\\\/\\\/storage.googleapis.com\\\/cz-shopatoa-img\\\/ro\\\/2f6e8b60-unnamed-file.webp\",\"contentUrl\":\"https:\\\/\\\/storage.googleapis.com\\\/cz-shopatoa-img\\\/ro\\\/2f6e8b60-unnamed-file.webp\",\"width\":800,\"height\":800},{\"@type\":\"BreadcrumbList\",\"@id\":\"https:\\\/\\\/shopatoa.com\\\/ro\\\/yardley-lily-of-the-valley-crema-de-maini-hidratanta-75-ml\\\/#breadcrumb\",\"itemListElement\":[{\"@type\":\"ListItem\",\"position\":1,\"name\":\"Dom\u016f\",\"item\":\"https:\\\/\\\/shopatoa.com\\\/ro\\\/\"},{\"@type\":\"ListItem\",\"position\":2,\"name\":\"Shop\",\"item\":\"https:\\\/\\\/shopatoa.com\\\/ro\\\/shop\\\/\"},{\"@type\":\"ListItem\",\"position\":3,\"name\":\"S\u0103n\u0103tate \u0219i frumuse\u021be\",\"item\":\"https:\\\/\\\/shopatoa.com\\\/ro\\\/sanatate-si-frumusete\\\/\"},{\"@type\":\"ListItem\",\"position\":4,\"name\":\"\u00cengrijire personal\u0103\",\"item\":\"https:\\\/\\\/shopatoa.com\\\/ro\\\/ingrijire-personala\\\/\"},{\"@type\":\"ListItem\",\"position\":5,\"name\":\"Cosmetice\",\"item\":\"https:\\\/\\\/shopatoa.com\\\/ro\\\/cosmetice-ingrijire-personala\\\/\"},{\"@type\":\"ListItem\",\"position\":6,\"name\":\"\u00cengrijirea pielii\",\"item\":\"https:\\\/\\\/shopatoa.com\\\/ro\\\/ingrijirea-pielii\\\/\"},{\"@type\":\"ListItem\",\"position\":7,\"name\":\"Yardley Lily Of The Valley crema de maini hidratanta 75 ml\"}]},{\"@type\":\"WebSite\",\"@id\":\"https:\\\/\\\/shopatoa.com\\\/ro\\\/#website\",\"url\":\"https:\\\/\\\/shopatoa.com\\\/ro\\\/\",\"name\":\"SHOPATOA\",\"description\":\"\",\"publisher\":{\"@id\":\"https:\\\/\\\/shopatoa.com\\\/ro\\\/#organization\"},\"potentialAction\":[{\"@type\":\"SearchAction\",\"target\":{\"@type\":\"EntryPoint\",\"urlTemplate\":\"https:\\\/\\\/shopatoa.com\\\/ro\\\/?s={search_term_string}\"},\"query-input\":{\"@type\":\"PropertyValueSpecification\",\"valueRequired\":true,\"valueName\":\"search_term_string\"}}],\"inLanguage\":\"ro-RO\"},{\"@type\":\"Organization\",\"@id\":\"https:\\\/\\\/shopatoa.com\\\/ro\\\/#organization\",\"name\":\"SHOPATOA\",\"url\":\"https:\\\/\\\/shopatoa.com\\\/ro\\\/\",\"logo\":{\"@type\":\"ImageObject\",\"inLanguage\":\"ro-RO\",\"@id\":\"https:\\\/\\\/shopatoa.com\\\/ro\\\/#\\\/schema\\\/logo\\\/image\\\/\",\"url\":\"https:\\\/\\\/storage.googleapis.com\\\/cz-shopatoa-img\\\/ro\\\/b4dac915-shopatoa_logo.png\",\"contentUrl\":\"https:\\\/\\\/storage.googleapis.com\\\/cz-shopatoa-img\\\/ro\\\/b4dac915-shopatoa_logo.png\",\"width\":416,\"height\":63,\"caption\":\"SHOPATOA\"},\"image\":{\"@id\":\"https:\\\/\\\/shopatoa.com\\\/ro\\\/#\\\/schema\\\/logo\\\/image\\\/\"}}]}<\/script>\n<!-- \/ Yoast SEO plugin. -->","yoast_head_json":{"title":"Yardley Lily Of The Valley crema de maini hidratanta 75 ml - SHOPATOA.COM","robots":{"index":"index","follow":"follow","max-snippet":"max-snippet:-1","max-image-preview":"max-image-preview:large","max-video-preview":"max-video-preview:-1"},"canonical":"https:\/\/shopatoa.com\/ro\/yardley-lily-of-the-valley-crema-de-maini-hidratanta-75-ml\/","og_locale":"ro_RO","og_type":"article","og_title":"Yardley Lily Of The Valley crema de maini hidratanta 75 ml - SHOPATOA.COM","og_description":"Yardley Lily Of The Valley, 75 ml, Creme de maini pentru femei, M\u00e2inile \u00eengrijite sunt cartea dvs. de vizit\u0103. Crema Yardley Lily Of The Valley le va men\u021bine perfect catifelate \u0219i hidratate. Va asigura m\u00e2inilor o nutri\u021bie de lung\u0103 durat\u0103, catifelare \u0219i protec\u021bie \u00eempotriva usc\u0103rii, pentru ca acestea s\u0103 fie frumoase \u00eentreaga zi. Caracteristici: hidrateaz\u0103...","og_url":"https:\/\/shopatoa.com\/ro\/yardley-lily-of-the-valley-crema-de-maini-hidratanta-75-ml\/","og_site_name":"SHOPATOA","article_modified_time":"2025-12-12T11:14:27+00:00","og_image":[{"width":800,"height":800,"url":"https:\/\/storage.googleapis.com\/cz-shopatoa-img\/ro\/2f6e8b60-unnamed-file.webp","type":"image\/webp"}],"twitter_card":"summary_large_image","twitter_misc":{"Timp estimat pentru citire":"1 minut"},"schema":{"@context":"https:\/\/schema.org","@graph":[{"@type":"WebPage","@id":"https:\/\/shopatoa.com\/ro\/yardley-lily-of-the-valley-crema-de-maini-hidratanta-75-ml\/","url":"https:\/\/shopatoa.com\/ro\/yardley-lily-of-the-valley-crema-de-maini-hidratanta-75-ml\/","name":"Yardley Lily Of The Valley crema de maini hidratanta 75 ml - SHOPATOA.COM","isPartOf":{"@id":"https:\/\/shopatoa.com\/ro\/#website"},"primaryImageOfPage":{"@id":"https:\/\/shopatoa.com\/ro\/yardley-lily-of-the-valley-crema-de-maini-hidratanta-75-ml\/#primaryimage"},"image":{"@id":"https:\/\/shopatoa.com\/ro\/yardley-lily-of-the-valley-crema-de-maini-hidratanta-75-ml\/#primaryimage"},"thumbnailUrl":"https:\/\/storage.googleapis.com\/cz-shopatoa-img\/ro\/2f6e8b60-unnamed-file.webp","datePublished":"2025-06-23T23:19:44+00:00","dateModified":"2025-12-12T11:14:27+00:00","breadcrumb":{"@id":"https:\/\/shopatoa.com\/ro\/yardley-lily-of-the-valley-crema-de-maini-hidratanta-75-ml\/#breadcrumb"},"inLanguage":"ro-RO","potentialAction":[{"@type":"ReadAction","target":["https:\/\/shopatoa.com\/ro\/yardley-lily-of-the-valley-crema-de-maini-hidratanta-75-ml\/"]}]},{"@type":"ImageObject","inLanguage":"ro-RO","@id":"https:\/\/shopatoa.com\/ro\/yardley-lily-of-the-valley-crema-de-maini-hidratanta-75-ml\/#primaryimage","url":"https:\/\/storage.googleapis.com\/cz-shopatoa-img\/ro\/2f6e8b60-unnamed-file.webp","contentUrl":"https:\/\/storage.googleapis.com\/cz-shopatoa-img\/ro\/2f6e8b60-unnamed-file.webp","width":800,"height":800},{"@type":"BreadcrumbList","@id":"https:\/\/shopatoa.com\/ro\/yardley-lily-of-the-valley-crema-de-maini-hidratanta-75-ml\/#breadcrumb","itemListElement":[{"@type":"ListItem","position":1,"name":"Dom\u016f","item":"https:\/\/shopatoa.com\/ro\/"},{"@type":"ListItem","position":2,"name":"Shop","item":"https:\/\/shopatoa.com\/ro\/shop\/"},{"@type":"ListItem","position":3,"name":"S\u0103n\u0103tate \u0219i frumuse\u021be","item":"https:\/\/shopatoa.com\/ro\/sanatate-si-frumusete\/"},{"@type":"ListItem","position":4,"name":"\u00cengrijire personal\u0103","item":"https:\/\/shopatoa.com\/ro\/ingrijire-personala\/"},{"@type":"ListItem","position":5,"name":"Cosmetice","item":"https:\/\/shopatoa.com\/ro\/cosmetice-ingrijire-personala\/"},{"@type":"ListItem","position":6,"name":"\u00cengrijirea pielii","item":"https:\/\/shopatoa.com\/ro\/ingrijirea-pielii\/"},{"@type":"ListItem","position":7,"name":"Yardley Lily Of The Valley crema de maini hidratanta 75 ml"}]},{"@type":"WebSite","@id":"https:\/\/shopatoa.com\/ro\/#website","url":"https:\/\/shopatoa.com\/ro\/","name":"SHOPATOA","description":"","publisher":{"@id":"https:\/\/shopatoa.com\/ro\/#organization"},"potentialAction":[{"@type":"SearchAction","target":{"@type":"EntryPoint","urlTemplate":"https:\/\/shopatoa.com\/ro\/?s={search_term_string}"},"query-input":{"@type":"PropertyValueSpecification","valueRequired":true,"valueName":"search_term_string"}}],"inLanguage":"ro-RO"},{"@type":"Organization","@id":"https:\/\/shopatoa.com\/ro\/#organization","name":"SHOPATOA","url":"https:\/\/shopatoa.com\/ro\/","logo":{"@type":"ImageObject","inLanguage":"ro-RO","@id":"https:\/\/shopatoa.com\/ro\/#\/schema\/logo\/image\/","url":"https:\/\/storage.googleapis.com\/cz-shopatoa-img\/ro\/b4dac915-shopatoa_logo.png","contentUrl":"https:\/\/storage.googleapis.com\/cz-shopatoa-img\/ro\/b4dac915-shopatoa_logo.png","width":416,"height":63,"caption":"SHOPATOA"},"image":{"@id":"https:\/\/shopatoa.com\/ro\/#\/schema\/logo\/image\/"}}]}},"_links":{"self":[{"href":"https:\/\/shopatoa.com\/ro\/wp-json\/wp\/v2\/product\/435170","targetHints":{"allow":["GET"]}}],"collection":[{"href":"https:\/\/shopatoa.com\/ro\/wp-json\/wp\/v2\/product"}],"about":[{"href":"https:\/\/shopatoa.com\/ro\/wp-json\/wp\/v2\/types\/product"}],"replies":[{"embeddable":true,"href":"https:\/\/shopatoa.com\/ro\/wp-json\/wp\/v2\/comments?post=435170"}],"wp:featuredmedia":[{"embeddable":true,"href":"https:\/\/shopatoa.com\/ro\/wp-json\/wp\/v2\/media\/435171"}],"wp:attachment":[{"href":"https:\/\/shopatoa.com\/ro\/wp-json\/wp\/v2\/media?parent=435170"}],"wp:term":[{"taxonomy":"product_brand","embeddable":true,"href":"https:\/\/shopatoa.com\/ro\/wp-json\/wp\/v2\/product_brand?post=435170"},{"taxonomy":"product_cat","embeddable":true,"href":"https:\/\/shopatoa.com\/ro\/wp-json\/wp\/v2\/product_cat?post=435170"},{"taxonomy":"product_tag","embeddable":true,"href":"https:\/\/shopatoa.com\/ro\/wp-json\/wp\/v2\/product_tag?post=435170"}],"curies":[{"name":"wp","href":"https:\/\/api.w.org\/{rel}","templated":true}]}}