{"id":435394,"date":"2025-06-24T01:48:48","date_gmt":"2025-06-23T23:48:48","guid":{"rendered":"https:\/\/shopatoa.com\/ro\/cannaderm-aknea-roll-on-ser-pentru-pielea-problematica-5-ml\/"},"modified":"2025-12-12T11:35:14","modified_gmt":"2025-12-12T10:35:14","slug":"cannaderm-aknea-roll-on-ser-pentru-pielea-problematica-5-ml","status":"publish","type":"product","link":"https:\/\/shopatoa.com\/ro\/cannaderm-aknea-roll-on-ser-pentru-pielea-problematica-5-ml\/","title":{"rendered":"Cannaderm Aknea Roll-on ser pentru pielea problematica 5 ml"},"content":{"rendered":"<p>Cannaderm Aknea Roll-on, 5 ml, \u00cengrijire special\u0103 pentru piele unisex, Sim\u021bi\u021bi c\u0103 anumite zone ale fe\u021bei dvs. au nevoie de o \u00eengrijire mai intens\u0103 \u0219i \u021bintit\u0103, \u00eentruc\u00e2t cremele \u0219i serurile din rutina dvs. obi\u0219nuit\u0103 nu sunt suficiente? \u00cengrijirea local\u0103 Cannaderm Aknea Roll-on se va ocupa de aceste zone problematice \u2013 datorit\u0103 compozi\u021biei sale concentrate cu un con\u021binut ridicat de ingrediente active, efectul s\u0103u asupra tenului va fi mult mai intens \u0219i mai rapid dec\u00e2t \u00een cazul \u00eengrijirii obi\u0219nuite a tenului.  Caracteristici:  nu astup\u0103 porii preparatul este non-comedogenic reducerea produc\u021biei excesive de sebum ac\u021bioneaz\u0103 \u00eempotriva imperfec\u021biunilor trateaz\u0103 local simptomele tenului problematic  Cum se utilizeaz\u0103: \u00centinde\u021bi produsul cu aplicatorul, pe zonele afectate.<\/p>\n","protected":false},"excerpt":{"rendered":"<p>Cannaderm Aknea Roll-on, 5 ml, \u00cengrijire special\u0103 pentru piele unisex, Sim\u021bi\u021bi c\u0103 anumite zone ale fe\u021bei dvs. au nevoie de o \u00eengrijire mai intens\u0103 \u0219i \u021bintit\u0103, \u00eentruc\u00e2t cremele \u0219i serurile din rutina dvs. obi\u0219nuit\u0103 nu sunt suficiente? \u00cengrijirea local\u0103 Cannaderm Aknea Roll-on se va ocupa de aceste zone problematice \u2013 datorit\u0103 compozi\u021biei sale concentrate cu&#8230;<\/p>\n","protected":false},"featured_media":435395,"comment_status":"closed","ping_status":"open","template":"","meta":{"_acf_changed":false,"_kadence_starter_templates_imported_post":false,"_kad_post_transparent":"","_kad_post_title":"","_kad_post_layout":"","_kad_post_sidebar_id":"","_kad_post_content_style":"","_kad_post_vertical_padding":"","_kad_post_feature":"","_kad_post_feature_position":"","_kad_post_header":false,"_kad_post_footer":false,"_kad_post_classname":""},"product_brand":[2367],"product_cat":[1564,1563,1565,1562],"product_tag":[],"class_list":{"0":"post-435394","1":"product","2":"type-product","3":"status-publish","4":"has-post-thumbnail","6":"product_brand-cannaderm","7":"product_cat-cosmetice-ingrijire-personala","8":"product_cat-ingrijire-personala","9":"product_cat-ingrijirea-pielii","10":"product_cat-sanatate-si-frumusete","11":"pa_gen-male","12":"pa_marime-5-ml","14":"first","15":"instock","16":"sale","17":"product-type-external","18":"entry","19":"content-bg","20":"loop-entry"},"acf":[],"yoast_head":"<!-- This site is optimized with the Yoast SEO plugin v27.3 - https:\/\/yoast.com\/product\/yoast-seo-wordpress\/ -->\n<title>Cannaderm Aknea Roll-on ser pentru pielea problematica 5 ml - SHOPATOA.COM<\/title>\n<meta name=\"robots\" content=\"index, follow, max-snippet:-1, max-image-preview:large, max-video-preview:-1\" \/>\n<link rel=\"canonical\" href=\"https:\/\/shopatoa.com\/ro\/cannaderm-aknea-roll-on-ser-pentru-pielea-problematica-5-ml\/\" \/>\n<meta property=\"og:locale\" content=\"ro_RO\" \/>\n<meta property=\"og:type\" content=\"article\" \/>\n<meta property=\"og:title\" content=\"Cannaderm Aknea Roll-on ser pentru pielea problematica 5 ml - SHOPATOA.COM\" \/>\n<meta property=\"og:description\" content=\"Cannaderm Aknea Roll-on, 5 ml, \u00cengrijire special\u0103 pentru piele unisex, Sim\u021bi\u021bi c\u0103 anumite zone ale fe\u021bei dvs. au nevoie de o \u00eengrijire mai intens\u0103 \u0219i \u021bintit\u0103, \u00eentruc\u00e2t cremele \u0219i serurile din rutina dvs. obi\u0219nuit\u0103 nu sunt suficiente? \u00cengrijirea local\u0103 Cannaderm Aknea Roll-on se va ocupa de aceste zone problematice \u2013 datorit\u0103 compozi\u021biei sale concentrate cu...\" \/>\n<meta property=\"og:url\" content=\"https:\/\/shopatoa.com\/ro\/cannaderm-aknea-roll-on-ser-pentru-pielea-problematica-5-ml\/\" \/>\n<meta property=\"og:site_name\" content=\"SHOPATOA\" \/>\n<meta property=\"article:modified_time\" content=\"2025-12-12T10:35:14+00:00\" \/>\n<meta property=\"og:image\" content=\"https:\/\/storage.googleapis.com\/cz-shopatoa-img\/ro\/72a2c985-unnamed-file.webp\" \/>\n\t<meta property=\"og:image:width\" content=\"800\" \/>\n\t<meta property=\"og:image:height\" content=\"800\" \/>\n\t<meta property=\"og:image:type\" content=\"image\/webp\" \/>\n<meta name=\"twitter:card\" content=\"summary_large_image\" \/>\n<meta name=\"twitter:label1\" content=\"Timp estimat pentru citire\" \/>\n\t<meta name=\"twitter:data1\" content=\"1 minut\" \/>\n<script type=\"application\/ld+json\" class=\"yoast-schema-graph\">{\"@context\":\"https:\\\/\\\/schema.org\",\"@graph\":[{\"@type\":\"WebPage\",\"@id\":\"https:\\\/\\\/shopatoa.com\\\/ro\\\/cannaderm-aknea-roll-on-ser-pentru-pielea-problematica-5-ml\\\/\",\"url\":\"https:\\\/\\\/shopatoa.com\\\/ro\\\/cannaderm-aknea-roll-on-ser-pentru-pielea-problematica-5-ml\\\/\",\"name\":\"Cannaderm Aknea Roll-on ser pentru pielea problematica 5 ml - SHOPATOA.COM\",\"isPartOf\":{\"@id\":\"https:\\\/\\\/shopatoa.com\\\/ro\\\/#website\"},\"primaryImageOfPage\":{\"@id\":\"https:\\\/\\\/shopatoa.com\\\/ro\\\/cannaderm-aknea-roll-on-ser-pentru-pielea-problematica-5-ml\\\/#primaryimage\"},\"image\":{\"@id\":\"https:\\\/\\\/shopatoa.com\\\/ro\\\/cannaderm-aknea-roll-on-ser-pentru-pielea-problematica-5-ml\\\/#primaryimage\"},\"thumbnailUrl\":\"https:\\\/\\\/storage.googleapis.com\\\/cz-shopatoa-img\\\/ro\\\/72a2c985-unnamed-file.webp\",\"datePublished\":\"2025-06-23T23:48:48+00:00\",\"dateModified\":\"2025-12-12T10:35:14+00:00\",\"breadcrumb\":{\"@id\":\"https:\\\/\\\/shopatoa.com\\\/ro\\\/cannaderm-aknea-roll-on-ser-pentru-pielea-problematica-5-ml\\\/#breadcrumb\"},\"inLanguage\":\"ro-RO\",\"potentialAction\":[{\"@type\":\"ReadAction\",\"target\":[\"https:\\\/\\\/shopatoa.com\\\/ro\\\/cannaderm-aknea-roll-on-ser-pentru-pielea-problematica-5-ml\\\/\"]}]},{\"@type\":\"ImageObject\",\"inLanguage\":\"ro-RO\",\"@id\":\"https:\\\/\\\/shopatoa.com\\\/ro\\\/cannaderm-aknea-roll-on-ser-pentru-pielea-problematica-5-ml\\\/#primaryimage\",\"url\":\"https:\\\/\\\/storage.googleapis.com\\\/cz-shopatoa-img\\\/ro\\\/72a2c985-unnamed-file.webp\",\"contentUrl\":\"https:\\\/\\\/storage.googleapis.com\\\/cz-shopatoa-img\\\/ro\\\/72a2c985-unnamed-file.webp\",\"width\":800,\"height\":800},{\"@type\":\"BreadcrumbList\",\"@id\":\"https:\\\/\\\/shopatoa.com\\\/ro\\\/cannaderm-aknea-roll-on-ser-pentru-pielea-problematica-5-ml\\\/#breadcrumb\",\"itemListElement\":[{\"@type\":\"ListItem\",\"position\":1,\"name\":\"Dom\u016f\",\"item\":\"https:\\\/\\\/shopatoa.com\\\/ro\\\/\"},{\"@type\":\"ListItem\",\"position\":2,\"name\":\"Shop\",\"item\":\"https:\\\/\\\/shopatoa.com\\\/ro\\\/shop\\\/\"},{\"@type\":\"ListItem\",\"position\":3,\"name\":\"S\u0103n\u0103tate \u0219i frumuse\u021be\",\"item\":\"https:\\\/\\\/shopatoa.com\\\/ro\\\/sanatate-si-frumusete\\\/\"},{\"@type\":\"ListItem\",\"position\":4,\"name\":\"\u00cengrijire personal\u0103\",\"item\":\"https:\\\/\\\/shopatoa.com\\\/ro\\\/ingrijire-personala\\\/\"},{\"@type\":\"ListItem\",\"position\":5,\"name\":\"Cosmetice\",\"item\":\"https:\\\/\\\/shopatoa.com\\\/ro\\\/cosmetice-ingrijire-personala\\\/\"},{\"@type\":\"ListItem\",\"position\":6,\"name\":\"\u00cengrijirea pielii\",\"item\":\"https:\\\/\\\/shopatoa.com\\\/ro\\\/ingrijirea-pielii\\\/\"},{\"@type\":\"ListItem\",\"position\":7,\"name\":\"Cannaderm Aknea Roll-on ser pentru pielea problematica 5 ml\"}]},{\"@type\":\"WebSite\",\"@id\":\"https:\\\/\\\/shopatoa.com\\\/ro\\\/#website\",\"url\":\"https:\\\/\\\/shopatoa.com\\\/ro\\\/\",\"name\":\"SHOPATOA\",\"description\":\"\",\"publisher\":{\"@id\":\"https:\\\/\\\/shopatoa.com\\\/ro\\\/#organization\"},\"potentialAction\":[{\"@type\":\"SearchAction\",\"target\":{\"@type\":\"EntryPoint\",\"urlTemplate\":\"https:\\\/\\\/shopatoa.com\\\/ro\\\/?s={search_term_string}\"},\"query-input\":{\"@type\":\"PropertyValueSpecification\",\"valueRequired\":true,\"valueName\":\"search_term_string\"}}],\"inLanguage\":\"ro-RO\"},{\"@type\":\"Organization\",\"@id\":\"https:\\\/\\\/shopatoa.com\\\/ro\\\/#organization\",\"name\":\"SHOPATOA\",\"url\":\"https:\\\/\\\/shopatoa.com\\\/ro\\\/\",\"logo\":{\"@type\":\"ImageObject\",\"inLanguage\":\"ro-RO\",\"@id\":\"https:\\\/\\\/shopatoa.com\\\/ro\\\/#\\\/schema\\\/logo\\\/image\\\/\",\"url\":\"https:\\\/\\\/storage.googleapis.com\\\/cz-shopatoa-img\\\/ro\\\/b4dac915-shopatoa_logo.png\",\"contentUrl\":\"https:\\\/\\\/storage.googleapis.com\\\/cz-shopatoa-img\\\/ro\\\/b4dac915-shopatoa_logo.png\",\"width\":416,\"height\":63,\"caption\":\"SHOPATOA\"},\"image\":{\"@id\":\"https:\\\/\\\/shopatoa.com\\\/ro\\\/#\\\/schema\\\/logo\\\/image\\\/\"}}]}<\/script>\n<!-- \/ Yoast SEO plugin. -->","yoast_head_json":{"title":"Cannaderm Aknea Roll-on ser pentru pielea problematica 5 ml - SHOPATOA.COM","robots":{"index":"index","follow":"follow","max-snippet":"max-snippet:-1","max-image-preview":"max-image-preview:large","max-video-preview":"max-video-preview:-1"},"canonical":"https:\/\/shopatoa.com\/ro\/cannaderm-aknea-roll-on-ser-pentru-pielea-problematica-5-ml\/","og_locale":"ro_RO","og_type":"article","og_title":"Cannaderm Aknea Roll-on ser pentru pielea problematica 5 ml - SHOPATOA.COM","og_description":"Cannaderm Aknea Roll-on, 5 ml, \u00cengrijire special\u0103 pentru piele unisex, Sim\u021bi\u021bi c\u0103 anumite zone ale fe\u021bei dvs. au nevoie de o \u00eengrijire mai intens\u0103 \u0219i \u021bintit\u0103, \u00eentruc\u00e2t cremele \u0219i serurile din rutina dvs. obi\u0219nuit\u0103 nu sunt suficiente? \u00cengrijirea local\u0103 Cannaderm Aknea Roll-on se va ocupa de aceste zone problematice \u2013 datorit\u0103 compozi\u021biei sale concentrate cu...","og_url":"https:\/\/shopatoa.com\/ro\/cannaderm-aknea-roll-on-ser-pentru-pielea-problematica-5-ml\/","og_site_name":"SHOPATOA","article_modified_time":"2025-12-12T10:35:14+00:00","og_image":[{"width":800,"height":800,"url":"https:\/\/storage.googleapis.com\/cz-shopatoa-img\/ro\/72a2c985-unnamed-file.webp","type":"image\/webp"}],"twitter_card":"summary_large_image","twitter_misc":{"Timp estimat pentru citire":"1 minut"},"schema":{"@context":"https:\/\/schema.org","@graph":[{"@type":"WebPage","@id":"https:\/\/shopatoa.com\/ro\/cannaderm-aknea-roll-on-ser-pentru-pielea-problematica-5-ml\/","url":"https:\/\/shopatoa.com\/ro\/cannaderm-aknea-roll-on-ser-pentru-pielea-problematica-5-ml\/","name":"Cannaderm Aknea Roll-on ser pentru pielea problematica 5 ml - SHOPATOA.COM","isPartOf":{"@id":"https:\/\/shopatoa.com\/ro\/#website"},"primaryImageOfPage":{"@id":"https:\/\/shopatoa.com\/ro\/cannaderm-aknea-roll-on-ser-pentru-pielea-problematica-5-ml\/#primaryimage"},"image":{"@id":"https:\/\/shopatoa.com\/ro\/cannaderm-aknea-roll-on-ser-pentru-pielea-problematica-5-ml\/#primaryimage"},"thumbnailUrl":"https:\/\/storage.googleapis.com\/cz-shopatoa-img\/ro\/72a2c985-unnamed-file.webp","datePublished":"2025-06-23T23:48:48+00:00","dateModified":"2025-12-12T10:35:14+00:00","breadcrumb":{"@id":"https:\/\/shopatoa.com\/ro\/cannaderm-aknea-roll-on-ser-pentru-pielea-problematica-5-ml\/#breadcrumb"},"inLanguage":"ro-RO","potentialAction":[{"@type":"ReadAction","target":["https:\/\/shopatoa.com\/ro\/cannaderm-aknea-roll-on-ser-pentru-pielea-problematica-5-ml\/"]}]},{"@type":"ImageObject","inLanguage":"ro-RO","@id":"https:\/\/shopatoa.com\/ro\/cannaderm-aknea-roll-on-ser-pentru-pielea-problematica-5-ml\/#primaryimage","url":"https:\/\/storage.googleapis.com\/cz-shopatoa-img\/ro\/72a2c985-unnamed-file.webp","contentUrl":"https:\/\/storage.googleapis.com\/cz-shopatoa-img\/ro\/72a2c985-unnamed-file.webp","width":800,"height":800},{"@type":"BreadcrumbList","@id":"https:\/\/shopatoa.com\/ro\/cannaderm-aknea-roll-on-ser-pentru-pielea-problematica-5-ml\/#breadcrumb","itemListElement":[{"@type":"ListItem","position":1,"name":"Dom\u016f","item":"https:\/\/shopatoa.com\/ro\/"},{"@type":"ListItem","position":2,"name":"Shop","item":"https:\/\/shopatoa.com\/ro\/shop\/"},{"@type":"ListItem","position":3,"name":"S\u0103n\u0103tate \u0219i frumuse\u021be","item":"https:\/\/shopatoa.com\/ro\/sanatate-si-frumusete\/"},{"@type":"ListItem","position":4,"name":"\u00cengrijire personal\u0103","item":"https:\/\/shopatoa.com\/ro\/ingrijire-personala\/"},{"@type":"ListItem","position":5,"name":"Cosmetice","item":"https:\/\/shopatoa.com\/ro\/cosmetice-ingrijire-personala\/"},{"@type":"ListItem","position":6,"name":"\u00cengrijirea pielii","item":"https:\/\/shopatoa.com\/ro\/ingrijirea-pielii\/"},{"@type":"ListItem","position":7,"name":"Cannaderm Aknea Roll-on ser pentru pielea problematica 5 ml"}]},{"@type":"WebSite","@id":"https:\/\/shopatoa.com\/ro\/#website","url":"https:\/\/shopatoa.com\/ro\/","name":"SHOPATOA","description":"","publisher":{"@id":"https:\/\/shopatoa.com\/ro\/#organization"},"potentialAction":[{"@type":"SearchAction","target":{"@type":"EntryPoint","urlTemplate":"https:\/\/shopatoa.com\/ro\/?s={search_term_string}"},"query-input":{"@type":"PropertyValueSpecification","valueRequired":true,"valueName":"search_term_string"}}],"inLanguage":"ro-RO"},{"@type":"Organization","@id":"https:\/\/shopatoa.com\/ro\/#organization","name":"SHOPATOA","url":"https:\/\/shopatoa.com\/ro\/","logo":{"@type":"ImageObject","inLanguage":"ro-RO","@id":"https:\/\/shopatoa.com\/ro\/#\/schema\/logo\/image\/","url":"https:\/\/storage.googleapis.com\/cz-shopatoa-img\/ro\/b4dac915-shopatoa_logo.png","contentUrl":"https:\/\/storage.googleapis.com\/cz-shopatoa-img\/ro\/b4dac915-shopatoa_logo.png","width":416,"height":63,"caption":"SHOPATOA"},"image":{"@id":"https:\/\/shopatoa.com\/ro\/#\/schema\/logo\/image\/"}}]}},"_links":{"self":[{"href":"https:\/\/shopatoa.com\/ro\/wp-json\/wp\/v2\/product\/435394","targetHints":{"allow":["GET"]}}],"collection":[{"href":"https:\/\/shopatoa.com\/ro\/wp-json\/wp\/v2\/product"}],"about":[{"href":"https:\/\/shopatoa.com\/ro\/wp-json\/wp\/v2\/types\/product"}],"replies":[{"embeddable":true,"href":"https:\/\/shopatoa.com\/ro\/wp-json\/wp\/v2\/comments?post=435394"}],"wp:featuredmedia":[{"embeddable":true,"href":"https:\/\/shopatoa.com\/ro\/wp-json\/wp\/v2\/media\/435395"}],"wp:attachment":[{"href":"https:\/\/shopatoa.com\/ro\/wp-json\/wp\/v2\/media?parent=435394"}],"wp:term":[{"taxonomy":"product_brand","embeddable":true,"href":"https:\/\/shopatoa.com\/ro\/wp-json\/wp\/v2\/product_brand?post=435394"},{"taxonomy":"product_cat","embeddable":true,"href":"https:\/\/shopatoa.com\/ro\/wp-json\/wp\/v2\/product_cat?post=435394"},{"taxonomy":"product_tag","embeddable":true,"href":"https:\/\/shopatoa.com\/ro\/wp-json\/wp\/v2\/product_tag?post=435394"}],"curies":[{"name":"wp","href":"https:\/\/api.w.org\/{rel}","templated":true}]}}