{"id":435886,"date":"2025-06-24T02:57:11","date_gmt":"2025-06-24T00:57:11","guid":{"rendered":"https:\/\/shopatoa.com\/ro\/isdin-fotoprotector-fusionwater-fluid-protector-tonifiant-pentru-fata-spf-50-50-ml\/"},"modified":"2025-12-13T05:55:52","modified_gmt":"2025-12-13T04:55:52","slug":"isdin-fotoprotector-fusionwater-fluid-protector-tonifiant-pentru-fata-spf-50-50-ml","status":"publish","type":"product","link":"https:\/\/shopatoa.com\/ro\/isdin-fotoprotector-fusionwater-fluid-protector-tonifiant-pentru-fata-spf-50-50-ml\/","title":{"rendered":"ISDIN Fotoprotector FusionWater fluid protector tonifiant pentru fa\u021b\u0103 SPF 50 50 ml"},"content":{"rendered":"<p>ISDIN Fotoprotector FusionWater, 50 ml, Produse \u00eenainte de plaj\u0103 pentru femei, C\u0103uta\u021bi un produs care s\u0103 ofere tenului dvs. at\u00e2t un aspect instantaneu mai frumos, c\u00e2t \u0219i \u00eengrijire suficient\u0103 \u00eentr-un singur pas? Produsul nuan\u021bator ISDIN Fotoprotector FusionWater va fi perfect pentru dvs., \u00eentruc\u00e2t combin\u0103 beneficiile produselor cosmetice decorative \u0219i ale celor de \u00eengrijire. Ofer\u0103 tenului dvs. doza necesar\u0103 de hidratare, \u00een timp ce mascheaz\u0103 orice imperfec\u021biune \u0219i uniformizeaz\u0103 nuan\u021ba.  Caracteristici:  protejeaz\u0103 pielea fa\u021b\u0103 de radia\u021biile UVA \u0219i UVB uniformizeaz\u0103 culoarea pielii hidrateaz\u0103 \u0219i hr\u0103ne\u0219te nu provoc\u0103 reac\u021bii alergice protejeaz\u0103 pielea de ac\u021biunea negativ\u0103 a radia\u021biilor UV ac\u021bioneaz\u0103 preventiv \u00eempotriva \u00eemb\u0103tr\u00e2nirii confer\u0103 un look natural Acoper\u0103 u\u0219or co\u0219urile \u0219i alte imperfec\u021biuni ale tenului  Ingrediente:  nu con\u021bine ulei  Cum se utilizeaz\u0103: Se aplic\u0103 pe piele, imediat \u00eenainte de expunerea la soare. Se aplic\u0103 \u00eenainte de expunerea la soare sau la solar, \u00eentinz\u00e2ndu-se foarte bine. Se poate folosi \u0219i ca baz\u0103 sub fondul de ten clasic.<\/p>\n","protected":false},"excerpt":{"rendered":"<p>ISDIN Fotoprotector FusionWater, 50 ml, Produse \u00eenainte de plaj\u0103 pentru femei, C\u0103uta\u021bi un produs care s\u0103 ofere tenului dvs. at\u00e2t un aspect instantaneu mai frumos, c\u00e2t \u0219i \u00eengrijire suficient\u0103 \u00eentr-un singur pas? Produsul nuan\u021bator ISDIN Fotoprotector FusionWater va fi perfect pentru dvs., \u00eentruc\u00e2t combin\u0103 beneficiile produselor cosmetice decorative \u0219i ale celor de \u00eengrijire. Ofer\u0103 tenului&#8230;<\/p>\n","protected":false},"featured_media":435887,"comment_status":"closed","ping_status":"open","template":"","meta":{"_acf_changed":false,"_kadence_starter_templates_imported_post":false,"_kad_post_transparent":"","_kad_post_title":"","_kad_post_layout":"","_kad_post_sidebar_id":"","_kad_post_content_style":"","_kad_post_vertical_padding":"","_kad_post_feature":"","_kad_post_feature_position":"","_kad_post_header":false,"_kad_post_footer":false,"_kad_post_classname":""},"product_brand":[2131],"product_cat":[1564,1563,1565,1562],"product_tag":[],"class_list":{"0":"post-435886","1":"product","2":"type-product","3":"status-publish","4":"has-post-thumbnail","6":"product_brand-isdin","7":"product_cat-cosmetice-ingrijire-personala","8":"product_cat-ingrijire-personala","9":"product_cat-ingrijirea-pielii","10":"product_cat-sanatate-si-frumusete","11":"pa_gen-female","12":"pa_marime-50-ml","14":"first","15":"instock","16":"sale","17":"product-type-external","18":"entry","19":"content-bg","20":"loop-entry"},"acf":[],"yoast_head":"<!-- This site is optimized with the Yoast SEO plugin v27.4 - https:\/\/yoast.com\/product\/yoast-seo-wordpress\/ -->\n<title>ISDIN Fotoprotector FusionWater fluid protector tonifiant pentru fa\u021b\u0103 SPF 50 50 ml - SHOPATOA.COM<\/title>\n<meta name=\"robots\" content=\"index, follow, max-snippet:-1, max-image-preview:large, max-video-preview:-1\" \/>\n<link rel=\"canonical\" href=\"https:\/\/shopatoa.com\/ro\/isdin-fotoprotector-fusionwater-fluid-protector-tonifiant-pentru-fata-spf-50-50-ml\/\" \/>\n<meta property=\"og:locale\" content=\"ro_RO\" \/>\n<meta property=\"og:type\" content=\"article\" \/>\n<meta property=\"og:title\" content=\"ISDIN Fotoprotector FusionWater fluid protector tonifiant pentru fa\u021b\u0103 SPF 50 50 ml - SHOPATOA.COM\" \/>\n<meta property=\"og:description\" content=\"ISDIN Fotoprotector FusionWater, 50 ml, Produse \u00eenainte de plaj\u0103 pentru femei, C\u0103uta\u021bi un produs care s\u0103 ofere tenului dvs. at\u00e2t un aspect instantaneu mai frumos, c\u00e2t \u0219i \u00eengrijire suficient\u0103 \u00eentr-un singur pas? Produsul nuan\u021bator ISDIN Fotoprotector FusionWater va fi perfect pentru dvs., \u00eentruc\u00e2t combin\u0103 beneficiile produselor cosmetice decorative \u0219i ale celor de \u00eengrijire. Ofer\u0103 tenului...\" \/>\n<meta property=\"og:url\" content=\"https:\/\/shopatoa.com\/ro\/isdin-fotoprotector-fusionwater-fluid-protector-tonifiant-pentru-fata-spf-50-50-ml\/\" \/>\n<meta property=\"og:site_name\" content=\"SHOPATOA\" \/>\n<meta property=\"article:modified_time\" content=\"2025-12-13T04:55:52+00:00\" \/>\n<meta property=\"og:image\" content=\"https:\/\/storage.googleapis.com\/cz-shopatoa-img\/ro\/4a92fece-unnamed-file.webp\" \/>\n\t<meta property=\"og:image:width\" content=\"800\" \/>\n\t<meta property=\"og:image:height\" content=\"800\" \/>\n\t<meta property=\"og:image:type\" content=\"image\/webp\" \/>\n<meta name=\"twitter:card\" content=\"summary_large_image\" \/>\n<meta name=\"twitter:label1\" content=\"Timp estimat pentru citire\" \/>\n\t<meta name=\"twitter:data1\" content=\"1 minut\" \/>\n<script type=\"application\/ld+json\" class=\"yoast-schema-graph\">{\"@context\":\"https:\\\/\\\/schema.org\",\"@graph\":[{\"@type\":\"WebPage\",\"@id\":\"https:\\\/\\\/shopatoa.com\\\/ro\\\/isdin-fotoprotector-fusionwater-fluid-protector-tonifiant-pentru-fata-spf-50-50-ml\\\/\",\"url\":\"https:\\\/\\\/shopatoa.com\\\/ro\\\/isdin-fotoprotector-fusionwater-fluid-protector-tonifiant-pentru-fata-spf-50-50-ml\\\/\",\"name\":\"ISDIN Fotoprotector FusionWater fluid protector tonifiant pentru fa\u021b\u0103 SPF 50 50 ml - SHOPATOA.COM\",\"isPartOf\":{\"@id\":\"https:\\\/\\\/shopatoa.com\\\/ro\\\/#website\"},\"primaryImageOfPage\":{\"@id\":\"https:\\\/\\\/shopatoa.com\\\/ro\\\/isdin-fotoprotector-fusionwater-fluid-protector-tonifiant-pentru-fata-spf-50-50-ml\\\/#primaryimage\"},\"image\":{\"@id\":\"https:\\\/\\\/shopatoa.com\\\/ro\\\/isdin-fotoprotector-fusionwater-fluid-protector-tonifiant-pentru-fata-spf-50-50-ml\\\/#primaryimage\"},\"thumbnailUrl\":\"https:\\\/\\\/storage.googleapis.com\\\/cz-shopatoa-img\\\/ro\\\/4a92fece-unnamed-file.webp\",\"datePublished\":\"2025-06-24T00:57:11+00:00\",\"dateModified\":\"2025-12-13T04:55:52+00:00\",\"breadcrumb\":{\"@id\":\"https:\\\/\\\/shopatoa.com\\\/ro\\\/isdin-fotoprotector-fusionwater-fluid-protector-tonifiant-pentru-fata-spf-50-50-ml\\\/#breadcrumb\"},\"inLanguage\":\"ro-RO\",\"potentialAction\":[{\"@type\":\"ReadAction\",\"target\":[\"https:\\\/\\\/shopatoa.com\\\/ro\\\/isdin-fotoprotector-fusionwater-fluid-protector-tonifiant-pentru-fata-spf-50-50-ml\\\/\"]}]},{\"@type\":\"ImageObject\",\"inLanguage\":\"ro-RO\",\"@id\":\"https:\\\/\\\/shopatoa.com\\\/ro\\\/isdin-fotoprotector-fusionwater-fluid-protector-tonifiant-pentru-fata-spf-50-50-ml\\\/#primaryimage\",\"url\":\"https:\\\/\\\/storage.googleapis.com\\\/cz-shopatoa-img\\\/ro\\\/4a92fece-unnamed-file.webp\",\"contentUrl\":\"https:\\\/\\\/storage.googleapis.com\\\/cz-shopatoa-img\\\/ro\\\/4a92fece-unnamed-file.webp\",\"width\":800,\"height\":800},{\"@type\":\"BreadcrumbList\",\"@id\":\"https:\\\/\\\/shopatoa.com\\\/ro\\\/isdin-fotoprotector-fusionwater-fluid-protector-tonifiant-pentru-fata-spf-50-50-ml\\\/#breadcrumb\",\"itemListElement\":[{\"@type\":\"ListItem\",\"position\":1,\"name\":\"Dom\u016f\",\"item\":\"https:\\\/\\\/shopatoa.com\\\/ro\\\/\"},{\"@type\":\"ListItem\",\"position\":2,\"name\":\"Shop\",\"item\":\"https:\\\/\\\/shopatoa.com\\\/ro\\\/shop\\\/\"},{\"@type\":\"ListItem\",\"position\":3,\"name\":\"S\u0103n\u0103tate \u0219i frumuse\u021be\",\"item\":\"https:\\\/\\\/shopatoa.com\\\/ro\\\/sanatate-si-frumusete\\\/\"},{\"@type\":\"ListItem\",\"position\":4,\"name\":\"\u00cengrijire personal\u0103\",\"item\":\"https:\\\/\\\/shopatoa.com\\\/ro\\\/ingrijire-personala\\\/\"},{\"@type\":\"ListItem\",\"position\":5,\"name\":\"Cosmetice\",\"item\":\"https:\\\/\\\/shopatoa.com\\\/ro\\\/cosmetice-ingrijire-personala\\\/\"},{\"@type\":\"ListItem\",\"position\":6,\"name\":\"\u00cengrijirea pielii\",\"item\":\"https:\\\/\\\/shopatoa.com\\\/ro\\\/ingrijirea-pielii\\\/\"},{\"@type\":\"ListItem\",\"position\":7,\"name\":\"ISDIN Fotoprotector FusionWater fluid protector tonifiant pentru fa\u021b\u0103 SPF 50 50 ml\"}]},{\"@type\":\"WebSite\",\"@id\":\"https:\\\/\\\/shopatoa.com\\\/ro\\\/#website\",\"url\":\"https:\\\/\\\/shopatoa.com\\\/ro\\\/\",\"name\":\"SHOPATOA\",\"description\":\"\",\"publisher\":{\"@id\":\"https:\\\/\\\/shopatoa.com\\\/ro\\\/#organization\"},\"potentialAction\":[{\"@type\":\"SearchAction\",\"target\":{\"@type\":\"EntryPoint\",\"urlTemplate\":\"https:\\\/\\\/shopatoa.com\\\/ro\\\/?s={search_term_string}\"},\"query-input\":{\"@type\":\"PropertyValueSpecification\",\"valueRequired\":true,\"valueName\":\"search_term_string\"}}],\"inLanguage\":\"ro-RO\"},{\"@type\":\"Organization\",\"@id\":\"https:\\\/\\\/shopatoa.com\\\/ro\\\/#organization\",\"name\":\"SHOPATOA\",\"url\":\"https:\\\/\\\/shopatoa.com\\\/ro\\\/\",\"logo\":{\"@type\":\"ImageObject\",\"inLanguage\":\"ro-RO\",\"@id\":\"https:\\\/\\\/shopatoa.com\\\/ro\\\/#\\\/schema\\\/logo\\\/image\\\/\",\"url\":\"https:\\\/\\\/storage.googleapis.com\\\/cz-shopatoa-img\\\/ro\\\/b4dac915-shopatoa_logo.png\",\"contentUrl\":\"https:\\\/\\\/storage.googleapis.com\\\/cz-shopatoa-img\\\/ro\\\/b4dac915-shopatoa_logo.png\",\"width\":416,\"height\":63,\"caption\":\"SHOPATOA\"},\"image\":{\"@id\":\"https:\\\/\\\/shopatoa.com\\\/ro\\\/#\\\/schema\\\/logo\\\/image\\\/\"}}]}<\/script>\n<!-- \/ Yoast SEO plugin. -->","yoast_head_json":{"title":"ISDIN Fotoprotector FusionWater fluid protector tonifiant pentru fa\u021b\u0103 SPF 50 50 ml - SHOPATOA.COM","robots":{"index":"index","follow":"follow","max-snippet":"max-snippet:-1","max-image-preview":"max-image-preview:large","max-video-preview":"max-video-preview:-1"},"canonical":"https:\/\/shopatoa.com\/ro\/isdin-fotoprotector-fusionwater-fluid-protector-tonifiant-pentru-fata-spf-50-50-ml\/","og_locale":"ro_RO","og_type":"article","og_title":"ISDIN Fotoprotector FusionWater fluid protector tonifiant pentru fa\u021b\u0103 SPF 50 50 ml - SHOPATOA.COM","og_description":"ISDIN Fotoprotector FusionWater, 50 ml, Produse \u00eenainte de plaj\u0103 pentru femei, C\u0103uta\u021bi un produs care s\u0103 ofere tenului dvs. at\u00e2t un aspect instantaneu mai frumos, c\u00e2t \u0219i \u00eengrijire suficient\u0103 \u00eentr-un singur pas? Produsul nuan\u021bator ISDIN Fotoprotector FusionWater va fi perfect pentru dvs., \u00eentruc\u00e2t combin\u0103 beneficiile produselor cosmetice decorative \u0219i ale celor de \u00eengrijire. Ofer\u0103 tenului...","og_url":"https:\/\/shopatoa.com\/ro\/isdin-fotoprotector-fusionwater-fluid-protector-tonifiant-pentru-fata-spf-50-50-ml\/","og_site_name":"SHOPATOA","article_modified_time":"2025-12-13T04:55:52+00:00","og_image":[{"width":800,"height":800,"url":"https:\/\/storage.googleapis.com\/cz-shopatoa-img\/ro\/4a92fece-unnamed-file.webp","type":"image\/webp"}],"twitter_card":"summary_large_image","twitter_misc":{"Timp estimat pentru citire":"1 minut"},"schema":{"@context":"https:\/\/schema.org","@graph":[{"@type":"WebPage","@id":"https:\/\/shopatoa.com\/ro\/isdin-fotoprotector-fusionwater-fluid-protector-tonifiant-pentru-fata-spf-50-50-ml\/","url":"https:\/\/shopatoa.com\/ro\/isdin-fotoprotector-fusionwater-fluid-protector-tonifiant-pentru-fata-spf-50-50-ml\/","name":"ISDIN Fotoprotector FusionWater fluid protector tonifiant pentru fa\u021b\u0103 SPF 50 50 ml - SHOPATOA.COM","isPartOf":{"@id":"https:\/\/shopatoa.com\/ro\/#website"},"primaryImageOfPage":{"@id":"https:\/\/shopatoa.com\/ro\/isdin-fotoprotector-fusionwater-fluid-protector-tonifiant-pentru-fata-spf-50-50-ml\/#primaryimage"},"image":{"@id":"https:\/\/shopatoa.com\/ro\/isdin-fotoprotector-fusionwater-fluid-protector-tonifiant-pentru-fata-spf-50-50-ml\/#primaryimage"},"thumbnailUrl":"https:\/\/storage.googleapis.com\/cz-shopatoa-img\/ro\/4a92fece-unnamed-file.webp","datePublished":"2025-06-24T00:57:11+00:00","dateModified":"2025-12-13T04:55:52+00:00","breadcrumb":{"@id":"https:\/\/shopatoa.com\/ro\/isdin-fotoprotector-fusionwater-fluid-protector-tonifiant-pentru-fata-spf-50-50-ml\/#breadcrumb"},"inLanguage":"ro-RO","potentialAction":[{"@type":"ReadAction","target":["https:\/\/shopatoa.com\/ro\/isdin-fotoprotector-fusionwater-fluid-protector-tonifiant-pentru-fata-spf-50-50-ml\/"]}]},{"@type":"ImageObject","inLanguage":"ro-RO","@id":"https:\/\/shopatoa.com\/ro\/isdin-fotoprotector-fusionwater-fluid-protector-tonifiant-pentru-fata-spf-50-50-ml\/#primaryimage","url":"https:\/\/storage.googleapis.com\/cz-shopatoa-img\/ro\/4a92fece-unnamed-file.webp","contentUrl":"https:\/\/storage.googleapis.com\/cz-shopatoa-img\/ro\/4a92fece-unnamed-file.webp","width":800,"height":800},{"@type":"BreadcrumbList","@id":"https:\/\/shopatoa.com\/ro\/isdin-fotoprotector-fusionwater-fluid-protector-tonifiant-pentru-fata-spf-50-50-ml\/#breadcrumb","itemListElement":[{"@type":"ListItem","position":1,"name":"Dom\u016f","item":"https:\/\/shopatoa.com\/ro\/"},{"@type":"ListItem","position":2,"name":"Shop","item":"https:\/\/shopatoa.com\/ro\/shop\/"},{"@type":"ListItem","position":3,"name":"S\u0103n\u0103tate \u0219i frumuse\u021be","item":"https:\/\/shopatoa.com\/ro\/sanatate-si-frumusete\/"},{"@type":"ListItem","position":4,"name":"\u00cengrijire personal\u0103","item":"https:\/\/shopatoa.com\/ro\/ingrijire-personala\/"},{"@type":"ListItem","position":5,"name":"Cosmetice","item":"https:\/\/shopatoa.com\/ro\/cosmetice-ingrijire-personala\/"},{"@type":"ListItem","position":6,"name":"\u00cengrijirea pielii","item":"https:\/\/shopatoa.com\/ro\/ingrijirea-pielii\/"},{"@type":"ListItem","position":7,"name":"ISDIN Fotoprotector FusionWater fluid protector tonifiant pentru fa\u021b\u0103 SPF 50 50 ml"}]},{"@type":"WebSite","@id":"https:\/\/shopatoa.com\/ro\/#website","url":"https:\/\/shopatoa.com\/ro\/","name":"SHOPATOA","description":"","publisher":{"@id":"https:\/\/shopatoa.com\/ro\/#organization"},"potentialAction":[{"@type":"SearchAction","target":{"@type":"EntryPoint","urlTemplate":"https:\/\/shopatoa.com\/ro\/?s={search_term_string}"},"query-input":{"@type":"PropertyValueSpecification","valueRequired":true,"valueName":"search_term_string"}}],"inLanguage":"ro-RO"},{"@type":"Organization","@id":"https:\/\/shopatoa.com\/ro\/#organization","name":"SHOPATOA","url":"https:\/\/shopatoa.com\/ro\/","logo":{"@type":"ImageObject","inLanguage":"ro-RO","@id":"https:\/\/shopatoa.com\/ro\/#\/schema\/logo\/image\/","url":"https:\/\/storage.googleapis.com\/cz-shopatoa-img\/ro\/b4dac915-shopatoa_logo.png","contentUrl":"https:\/\/storage.googleapis.com\/cz-shopatoa-img\/ro\/b4dac915-shopatoa_logo.png","width":416,"height":63,"caption":"SHOPATOA"},"image":{"@id":"https:\/\/shopatoa.com\/ro\/#\/schema\/logo\/image\/"}}]}},"_links":{"self":[{"href":"https:\/\/shopatoa.com\/ro\/wp-json\/wp\/v2\/product\/435886","targetHints":{"allow":["GET"]}}],"collection":[{"href":"https:\/\/shopatoa.com\/ro\/wp-json\/wp\/v2\/product"}],"about":[{"href":"https:\/\/shopatoa.com\/ro\/wp-json\/wp\/v2\/types\/product"}],"replies":[{"embeddable":true,"href":"https:\/\/shopatoa.com\/ro\/wp-json\/wp\/v2\/comments?post=435886"}],"wp:featuredmedia":[{"embeddable":true,"href":"https:\/\/shopatoa.com\/ro\/wp-json\/wp\/v2\/media\/435887"}],"wp:attachment":[{"href":"https:\/\/shopatoa.com\/ro\/wp-json\/wp\/v2\/media?parent=435886"}],"wp:term":[{"taxonomy":"product_brand","embeddable":true,"href":"https:\/\/shopatoa.com\/ro\/wp-json\/wp\/v2\/product_brand?post=435886"},{"taxonomy":"product_cat","embeddable":true,"href":"https:\/\/shopatoa.com\/ro\/wp-json\/wp\/v2\/product_cat?post=435886"},{"taxonomy":"product_tag","embeddable":true,"href":"https:\/\/shopatoa.com\/ro\/wp-json\/wp\/v2\/product_tag?post=435886"}],"curies":[{"name":"wp","href":"https:\/\/api.w.org\/{rel}","templated":true}]}}