{"id":435892,"date":"2025-06-24T02:59:31","date_gmt":"2025-06-24T00:59:31","guid":{"rendered":"https:\/\/shopatoa.com\/ro\/invisibobble-sprunchie-the-iconic-beauties-elastice-pentru-par-2-buc\/"},"modified":"2025-12-13T05:33:36","modified_gmt":"2025-12-13T04:33:36","slug":"invisibobble-sprunchie-the-iconic-beauties-elastice-pentru-par-2-buc","status":"publish","type":"product","link":"https:\/\/shopatoa.com\/ro\/invisibobble-sprunchie-the-iconic-beauties-elastice-pentru-par-2-buc\/","title":{"rendered":"invisibobble Sprunchie The Iconic Beauties Elastice pentru par 2 buc"},"content":{"rendered":"<p>invisibobble Sprunchie The Iconic Beauties, 2 buc, Accesorii pentru p\u0103r pentru femei, Pentru o tu\u0219\u0103 final\u0103 perfect\u0103 \u0219i pentru a v\u0103 fixa coafura, v\u0103 va fi util accesoriul de p\u0103r invisibobble Sprunchie The Iconic Beauties. \u00cembl\u00e2nze\u0219te \u0219uvi\u021bele rebele \u0219i completeaz\u0103 orice coafur\u0103 \u2013 indiferent dac\u0103 este una elegant\u0103 sau casual. Se va asigura s\u0103 nu v\u0103 mai cad\u0103 p\u0103rul \u00een ochi \u00een momentul cel mai nepotrivit \u2013 v\u0103 va permite s\u0103 aranja\u021bi p\u0103rul lung sau scurt la serviciu sau \u00een timpul activit\u0103\u021bilor sportive. Bucura\u021bi-v\u0103 de posibilit\u0103\u021bile pe care le ofer\u0103 \u0219i ave\u021bi-l mereu la \u00eendem\u00e2n\u0103. \u00cen geant\u0103, rucsac sau chiar \u00een buzunarul pantalonilor. Nu \u0219ti\u021bi niciodat\u0103 c\u00e2nd va fi de folos!  Caracteristici:  design original \u0219i juc\u0103u\u0219 creeaz\u0103 o coafur\u0103 simpl\u0103 \u0219i trendy folosit pentru modelarea confortabil\u0103 a coafurii delicat cu p\u0103rul  Ingrediente:  f\u0103r\u0103 articula\u021bii metalice din material plastic  Cum se utilizeaz\u0103: Faciliteaz\u0103 crearea coafurii dorite.<\/p>\n","protected":false},"excerpt":{"rendered":"<p>invisibobble Sprunchie The Iconic Beauties, 2 buc, Accesorii pentru p\u0103r pentru femei, Pentru o tu\u0219\u0103 final\u0103 perfect\u0103 \u0219i pentru a v\u0103 fixa coafura, v\u0103 va fi util accesoriul de p\u0103r invisibobble Sprunchie The Iconic Beauties. \u00cembl\u00e2nze\u0219te \u0219uvi\u021bele rebele \u0219i completeaz\u0103 orice coafur\u0103 \u2013 indiferent dac\u0103 este una elegant\u0103 sau casual. Se va asigura s\u0103 nu&#8230;<\/p>\n","protected":false},"featured_media":435893,"comment_status":"closed","ping_status":"open","template":"","meta":{"_acf_changed":false,"_kadence_starter_templates_imported_post":false,"_kad_post_transparent":"","_kad_post_title":"","_kad_post_layout":"","_kad_post_sidebar_id":"","_kad_post_content_style":"","_kad_post_vertical_padding":"","_kad_post_feature":"","_kad_post_feature_position":"","_kad_post_header":false,"_kad_post_footer":false,"_kad_post_classname":""},"product_brand":[35],"product_cat":[1563,1590,1633,1562],"product_tag":[],"class_list":{"0":"post-435892","1":"product","2":"type-product","3":"status-publish","4":"has-post-thumbnail","6":"product_brand-invisibobble","7":"product_cat-ingrijire-personala","8":"product_cat-ingrijirea-parului","9":"product_cat-produse-de-coafare-a-parului","10":"product_cat-sanatate-si-frumusete","11":"pa_gen-female","12":"pa_marime-2-buc","14":"first","15":"instock","16":"product-type-external","17":"entry","18":"content-bg","19":"loop-entry"},"acf":[],"yoast_head":"<!-- This site is optimized with the Yoast SEO plugin v27.3 - https:\/\/yoast.com\/product\/yoast-seo-wordpress\/ -->\n<title>invisibobble Sprunchie The Iconic Beauties Elastice pentru par 2 buc - SHOPATOA.COM<\/title>\n<meta name=\"robots\" content=\"index, follow, max-snippet:-1, max-image-preview:large, max-video-preview:-1\" \/>\n<link rel=\"canonical\" href=\"https:\/\/shopatoa.com\/ro\/invisibobble-sprunchie-the-iconic-beauties-elastice-pentru-par-2-buc\/\" \/>\n<meta property=\"og:locale\" content=\"ro_RO\" \/>\n<meta property=\"og:type\" content=\"article\" \/>\n<meta property=\"og:title\" content=\"invisibobble Sprunchie The Iconic Beauties Elastice pentru par 2 buc - SHOPATOA.COM\" \/>\n<meta property=\"og:description\" content=\"invisibobble Sprunchie The Iconic Beauties, 2 buc, Accesorii pentru p\u0103r pentru femei, Pentru o tu\u0219\u0103 final\u0103 perfect\u0103 \u0219i pentru a v\u0103 fixa coafura, v\u0103 va fi util accesoriul de p\u0103r invisibobble Sprunchie The Iconic Beauties. \u00cembl\u00e2nze\u0219te \u0219uvi\u021bele rebele \u0219i completeaz\u0103 orice coafur\u0103 \u2013 indiferent dac\u0103 este una elegant\u0103 sau casual. Se va asigura s\u0103 nu...\" \/>\n<meta property=\"og:url\" content=\"https:\/\/shopatoa.com\/ro\/invisibobble-sprunchie-the-iconic-beauties-elastice-pentru-par-2-buc\/\" \/>\n<meta property=\"og:site_name\" content=\"SHOPATOA\" \/>\n<meta property=\"article:modified_time\" content=\"2025-12-13T04:33:36+00:00\" \/>\n<meta property=\"og:image\" content=\"https:\/\/storage.googleapis.com\/cz-shopatoa-img\/ro\/c36191ce-unnamed-file.webp\" \/>\n\t<meta property=\"og:image:width\" content=\"800\" \/>\n\t<meta property=\"og:image:height\" content=\"800\" \/>\n\t<meta property=\"og:image:type\" content=\"image\/webp\" \/>\n<meta name=\"twitter:card\" content=\"summary_large_image\" \/>\n<meta name=\"twitter:label1\" content=\"Timp estimat pentru citire\" \/>\n\t<meta name=\"twitter:data1\" content=\"1 minut\" \/>\n<script type=\"application\/ld+json\" class=\"yoast-schema-graph\">{\"@context\":\"https:\\\/\\\/schema.org\",\"@graph\":[{\"@type\":\"WebPage\",\"@id\":\"https:\\\/\\\/shopatoa.com\\\/ro\\\/invisibobble-sprunchie-the-iconic-beauties-elastice-pentru-par-2-buc\\\/\",\"url\":\"https:\\\/\\\/shopatoa.com\\\/ro\\\/invisibobble-sprunchie-the-iconic-beauties-elastice-pentru-par-2-buc\\\/\",\"name\":\"invisibobble Sprunchie The Iconic Beauties Elastice pentru par 2 buc - SHOPATOA.COM\",\"isPartOf\":{\"@id\":\"https:\\\/\\\/shopatoa.com\\\/ro\\\/#website\"},\"primaryImageOfPage\":{\"@id\":\"https:\\\/\\\/shopatoa.com\\\/ro\\\/invisibobble-sprunchie-the-iconic-beauties-elastice-pentru-par-2-buc\\\/#primaryimage\"},\"image\":{\"@id\":\"https:\\\/\\\/shopatoa.com\\\/ro\\\/invisibobble-sprunchie-the-iconic-beauties-elastice-pentru-par-2-buc\\\/#primaryimage\"},\"thumbnailUrl\":\"https:\\\/\\\/storage.googleapis.com\\\/cz-shopatoa-img\\\/ro\\\/c36191ce-unnamed-file.webp\",\"datePublished\":\"2025-06-24T00:59:31+00:00\",\"dateModified\":\"2025-12-13T04:33:36+00:00\",\"breadcrumb\":{\"@id\":\"https:\\\/\\\/shopatoa.com\\\/ro\\\/invisibobble-sprunchie-the-iconic-beauties-elastice-pentru-par-2-buc\\\/#breadcrumb\"},\"inLanguage\":\"ro-RO\",\"potentialAction\":[{\"@type\":\"ReadAction\",\"target\":[\"https:\\\/\\\/shopatoa.com\\\/ro\\\/invisibobble-sprunchie-the-iconic-beauties-elastice-pentru-par-2-buc\\\/\"]}]},{\"@type\":\"ImageObject\",\"inLanguage\":\"ro-RO\",\"@id\":\"https:\\\/\\\/shopatoa.com\\\/ro\\\/invisibobble-sprunchie-the-iconic-beauties-elastice-pentru-par-2-buc\\\/#primaryimage\",\"url\":\"https:\\\/\\\/storage.googleapis.com\\\/cz-shopatoa-img\\\/ro\\\/c36191ce-unnamed-file.webp\",\"contentUrl\":\"https:\\\/\\\/storage.googleapis.com\\\/cz-shopatoa-img\\\/ro\\\/c36191ce-unnamed-file.webp\",\"width\":800,\"height\":800},{\"@type\":\"BreadcrumbList\",\"@id\":\"https:\\\/\\\/shopatoa.com\\\/ro\\\/invisibobble-sprunchie-the-iconic-beauties-elastice-pentru-par-2-buc\\\/#breadcrumb\",\"itemListElement\":[{\"@type\":\"ListItem\",\"position\":1,\"name\":\"Dom\u016f\",\"item\":\"https:\\\/\\\/shopatoa.com\\\/ro\\\/\"},{\"@type\":\"ListItem\",\"position\":2,\"name\":\"Shop\",\"item\":\"https:\\\/\\\/shopatoa.com\\\/ro\\\/shop\\\/\"},{\"@type\":\"ListItem\",\"position\":3,\"name\":\"S\u0103n\u0103tate \u0219i frumuse\u021be\",\"item\":\"https:\\\/\\\/shopatoa.com\\\/ro\\\/sanatate-si-frumusete\\\/\"},{\"@type\":\"ListItem\",\"position\":4,\"name\":\"\u00cengrijire personal\u0103\",\"item\":\"https:\\\/\\\/shopatoa.com\\\/ro\\\/ingrijire-personala\\\/\"},{\"@type\":\"ListItem\",\"position\":5,\"name\":\"\u00cengrijirea p\u0103rului\",\"item\":\"https:\\\/\\\/shopatoa.com\\\/ro\\\/ingrijirea-parului\\\/\"},{\"@type\":\"ListItem\",\"position\":6,\"name\":\"Produse de coafare a p\u0103rului\",\"item\":\"https:\\\/\\\/shopatoa.com\\\/ro\\\/produse-de-coafare-a-parului\\\/\"},{\"@type\":\"ListItem\",\"position\":7,\"name\":\"invisibobble Sprunchie The Iconic Beauties Elastice pentru par 2 buc\"}]},{\"@type\":\"WebSite\",\"@id\":\"https:\\\/\\\/shopatoa.com\\\/ro\\\/#website\",\"url\":\"https:\\\/\\\/shopatoa.com\\\/ro\\\/\",\"name\":\"SHOPATOA\",\"description\":\"\",\"publisher\":{\"@id\":\"https:\\\/\\\/shopatoa.com\\\/ro\\\/#organization\"},\"potentialAction\":[{\"@type\":\"SearchAction\",\"target\":{\"@type\":\"EntryPoint\",\"urlTemplate\":\"https:\\\/\\\/shopatoa.com\\\/ro\\\/?s={search_term_string}\"},\"query-input\":{\"@type\":\"PropertyValueSpecification\",\"valueRequired\":true,\"valueName\":\"search_term_string\"}}],\"inLanguage\":\"ro-RO\"},{\"@type\":\"Organization\",\"@id\":\"https:\\\/\\\/shopatoa.com\\\/ro\\\/#organization\",\"name\":\"SHOPATOA\",\"url\":\"https:\\\/\\\/shopatoa.com\\\/ro\\\/\",\"logo\":{\"@type\":\"ImageObject\",\"inLanguage\":\"ro-RO\",\"@id\":\"https:\\\/\\\/shopatoa.com\\\/ro\\\/#\\\/schema\\\/logo\\\/image\\\/\",\"url\":\"https:\\\/\\\/storage.googleapis.com\\\/cz-shopatoa-img\\\/ro\\\/b4dac915-shopatoa_logo.png\",\"contentUrl\":\"https:\\\/\\\/storage.googleapis.com\\\/cz-shopatoa-img\\\/ro\\\/b4dac915-shopatoa_logo.png\",\"width\":416,\"height\":63,\"caption\":\"SHOPATOA\"},\"image\":{\"@id\":\"https:\\\/\\\/shopatoa.com\\\/ro\\\/#\\\/schema\\\/logo\\\/image\\\/\"}}]}<\/script>\n<!-- \/ Yoast SEO plugin. -->","yoast_head_json":{"title":"invisibobble Sprunchie The Iconic Beauties Elastice pentru par 2 buc - SHOPATOA.COM","robots":{"index":"index","follow":"follow","max-snippet":"max-snippet:-1","max-image-preview":"max-image-preview:large","max-video-preview":"max-video-preview:-1"},"canonical":"https:\/\/shopatoa.com\/ro\/invisibobble-sprunchie-the-iconic-beauties-elastice-pentru-par-2-buc\/","og_locale":"ro_RO","og_type":"article","og_title":"invisibobble Sprunchie The Iconic Beauties Elastice pentru par 2 buc - SHOPATOA.COM","og_description":"invisibobble Sprunchie The Iconic Beauties, 2 buc, Accesorii pentru p\u0103r pentru femei, Pentru o tu\u0219\u0103 final\u0103 perfect\u0103 \u0219i pentru a v\u0103 fixa coafura, v\u0103 va fi util accesoriul de p\u0103r invisibobble Sprunchie The Iconic Beauties. \u00cembl\u00e2nze\u0219te \u0219uvi\u021bele rebele \u0219i completeaz\u0103 orice coafur\u0103 \u2013 indiferent dac\u0103 este una elegant\u0103 sau casual. Se va asigura s\u0103 nu...","og_url":"https:\/\/shopatoa.com\/ro\/invisibobble-sprunchie-the-iconic-beauties-elastice-pentru-par-2-buc\/","og_site_name":"SHOPATOA","article_modified_time":"2025-12-13T04:33:36+00:00","og_image":[{"width":800,"height":800,"url":"https:\/\/storage.googleapis.com\/cz-shopatoa-img\/ro\/c36191ce-unnamed-file.webp","type":"image\/webp"}],"twitter_card":"summary_large_image","twitter_misc":{"Timp estimat pentru citire":"1 minut"},"schema":{"@context":"https:\/\/schema.org","@graph":[{"@type":"WebPage","@id":"https:\/\/shopatoa.com\/ro\/invisibobble-sprunchie-the-iconic-beauties-elastice-pentru-par-2-buc\/","url":"https:\/\/shopatoa.com\/ro\/invisibobble-sprunchie-the-iconic-beauties-elastice-pentru-par-2-buc\/","name":"invisibobble Sprunchie The Iconic Beauties Elastice pentru par 2 buc - SHOPATOA.COM","isPartOf":{"@id":"https:\/\/shopatoa.com\/ro\/#website"},"primaryImageOfPage":{"@id":"https:\/\/shopatoa.com\/ro\/invisibobble-sprunchie-the-iconic-beauties-elastice-pentru-par-2-buc\/#primaryimage"},"image":{"@id":"https:\/\/shopatoa.com\/ro\/invisibobble-sprunchie-the-iconic-beauties-elastice-pentru-par-2-buc\/#primaryimage"},"thumbnailUrl":"https:\/\/storage.googleapis.com\/cz-shopatoa-img\/ro\/c36191ce-unnamed-file.webp","datePublished":"2025-06-24T00:59:31+00:00","dateModified":"2025-12-13T04:33:36+00:00","breadcrumb":{"@id":"https:\/\/shopatoa.com\/ro\/invisibobble-sprunchie-the-iconic-beauties-elastice-pentru-par-2-buc\/#breadcrumb"},"inLanguage":"ro-RO","potentialAction":[{"@type":"ReadAction","target":["https:\/\/shopatoa.com\/ro\/invisibobble-sprunchie-the-iconic-beauties-elastice-pentru-par-2-buc\/"]}]},{"@type":"ImageObject","inLanguage":"ro-RO","@id":"https:\/\/shopatoa.com\/ro\/invisibobble-sprunchie-the-iconic-beauties-elastice-pentru-par-2-buc\/#primaryimage","url":"https:\/\/storage.googleapis.com\/cz-shopatoa-img\/ro\/c36191ce-unnamed-file.webp","contentUrl":"https:\/\/storage.googleapis.com\/cz-shopatoa-img\/ro\/c36191ce-unnamed-file.webp","width":800,"height":800},{"@type":"BreadcrumbList","@id":"https:\/\/shopatoa.com\/ro\/invisibobble-sprunchie-the-iconic-beauties-elastice-pentru-par-2-buc\/#breadcrumb","itemListElement":[{"@type":"ListItem","position":1,"name":"Dom\u016f","item":"https:\/\/shopatoa.com\/ro\/"},{"@type":"ListItem","position":2,"name":"Shop","item":"https:\/\/shopatoa.com\/ro\/shop\/"},{"@type":"ListItem","position":3,"name":"S\u0103n\u0103tate \u0219i frumuse\u021be","item":"https:\/\/shopatoa.com\/ro\/sanatate-si-frumusete\/"},{"@type":"ListItem","position":4,"name":"\u00cengrijire personal\u0103","item":"https:\/\/shopatoa.com\/ro\/ingrijire-personala\/"},{"@type":"ListItem","position":5,"name":"\u00cengrijirea p\u0103rului","item":"https:\/\/shopatoa.com\/ro\/ingrijirea-parului\/"},{"@type":"ListItem","position":6,"name":"Produse de coafare a p\u0103rului","item":"https:\/\/shopatoa.com\/ro\/produse-de-coafare-a-parului\/"},{"@type":"ListItem","position":7,"name":"invisibobble Sprunchie The Iconic Beauties Elastice pentru par 2 buc"}]},{"@type":"WebSite","@id":"https:\/\/shopatoa.com\/ro\/#website","url":"https:\/\/shopatoa.com\/ro\/","name":"SHOPATOA","description":"","publisher":{"@id":"https:\/\/shopatoa.com\/ro\/#organization"},"potentialAction":[{"@type":"SearchAction","target":{"@type":"EntryPoint","urlTemplate":"https:\/\/shopatoa.com\/ro\/?s={search_term_string}"},"query-input":{"@type":"PropertyValueSpecification","valueRequired":true,"valueName":"search_term_string"}}],"inLanguage":"ro-RO"},{"@type":"Organization","@id":"https:\/\/shopatoa.com\/ro\/#organization","name":"SHOPATOA","url":"https:\/\/shopatoa.com\/ro\/","logo":{"@type":"ImageObject","inLanguage":"ro-RO","@id":"https:\/\/shopatoa.com\/ro\/#\/schema\/logo\/image\/","url":"https:\/\/storage.googleapis.com\/cz-shopatoa-img\/ro\/b4dac915-shopatoa_logo.png","contentUrl":"https:\/\/storage.googleapis.com\/cz-shopatoa-img\/ro\/b4dac915-shopatoa_logo.png","width":416,"height":63,"caption":"SHOPATOA"},"image":{"@id":"https:\/\/shopatoa.com\/ro\/#\/schema\/logo\/image\/"}}]}},"_links":{"self":[{"href":"https:\/\/shopatoa.com\/ro\/wp-json\/wp\/v2\/product\/435892","targetHints":{"allow":["GET"]}}],"collection":[{"href":"https:\/\/shopatoa.com\/ro\/wp-json\/wp\/v2\/product"}],"about":[{"href":"https:\/\/shopatoa.com\/ro\/wp-json\/wp\/v2\/types\/product"}],"replies":[{"embeddable":true,"href":"https:\/\/shopatoa.com\/ro\/wp-json\/wp\/v2\/comments?post=435892"}],"wp:featuredmedia":[{"embeddable":true,"href":"https:\/\/shopatoa.com\/ro\/wp-json\/wp\/v2\/media\/435893"}],"wp:attachment":[{"href":"https:\/\/shopatoa.com\/ro\/wp-json\/wp\/v2\/media?parent=435892"}],"wp:term":[{"taxonomy":"product_brand","embeddable":true,"href":"https:\/\/shopatoa.com\/ro\/wp-json\/wp\/v2\/product_brand?post=435892"},{"taxonomy":"product_cat","embeddable":true,"href":"https:\/\/shopatoa.com\/ro\/wp-json\/wp\/v2\/product_cat?post=435892"},{"taxonomy":"product_tag","embeddable":true,"href":"https:\/\/shopatoa.com\/ro\/wp-json\/wp\/v2\/product_tag?post=435892"}],"curies":[{"name":"wp","href":"https:\/\/api.w.org\/{rel}","templated":true}]}}