{"id":435924,"date":"2025-06-24T03:01:07","date_gmt":"2025-06-24T01:01:07","guid":{"rendered":"https:\/\/shopatoa.com\/ro\/armani-acqua-di-gio-eau-de-parfum-pentru-barbati\/"},"modified":"2025-12-13T05:33:24","modified_gmt":"2025-12-13T04:33:24","slug":"armani-acqua-di-gio-eau-de-parfum-pentru-barbati","status":"publish","type":"product","link":"https:\/\/shopatoa.com\/ro\/armani-acqua-di-gio-eau-de-parfum-pentru-barbati\/","title":{"rendered":"Armani Acqua di Gi\u00f2 Eau de Parfum pentru b\u0103rba\u021bi"},"content":{"rendered":"<p>Armani Acqua di Gi\u00f2, Seturi pentru b\u0103rba\u021bi pentru b\u0103rba\u021bi, Ho, ho, ho! Cr\u0103ciunul bate la u\u0219\u0103 \u0219i, ca \u00een fiecare an, merit\u0103 s\u0103 alege\u021bi cadourile de Cr\u0103ciun din timp. Anul acesta v-am preg\u0103tit cutii luxoase de Cr\u0103ciun, doldora de bestseller-uri din lumea parfumurilor \u0219i a cosmeticelor, pe care vi le livr\u0103m \u00eentr-un frumos ambalaj cadou. Pute\u021bi alege dintr-o sumedenie de produse, l\u0103s\u00e2nd designul cutiei pe seama noastr\u0103, deoarece Cr\u0103ciunul \u00eenseamn\u0103, \u00een primul r\u00e2nd, surprize minunate!  Caracteristici:  con\u021bine m\u0103rimea complet\u0103 a parfumului \u0219i miniatura sa setul atrage de la prima vedere, datorit\u0103 ambalajului frumos bucur\u0103 orice b\u0103rbat foarte potrivit ca un cadou  Setul con\u021bine:   Armani Acqua di Gi\u00f2 Eau de Parfum 100 ml  Eau de Parfum 15 ml<\/p>\n","protected":false},"excerpt":{"rendered":"<p>Armani Acqua di Gi\u00f2, Seturi pentru b\u0103rba\u021bi pentru b\u0103rba\u021bi, Ho, ho, ho! Cr\u0103ciunul bate la u\u0219\u0103 \u0219i, ca \u00een fiecare an, merit\u0103 s\u0103 alege\u021bi cadourile de Cr\u0103ciun din timp. Anul acesta v-am preg\u0103tit cutii luxoase de Cr\u0103ciun, doldora de bestseller-uri din lumea parfumurilor \u0219i a cosmeticelor, pe care vi le livr\u0103m \u00eentr-un frumos ambalaj cadou&#8230;.<\/p>\n","protected":false},"featured_media":435925,"comment_status":"closed","ping_status":"open","template":"","meta":{"_acf_changed":false,"_kadence_starter_templates_imported_post":false,"_kad_post_transparent":"","_kad_post_title":"","_kad_post_layout":"","_kad_post_sidebar_id":"","_kad_post_content_style":"","_kad_post_vertical_padding":"","_kad_post_feature":"","_kad_post_feature_position":"","_kad_post_header":false,"_kad_post_footer":false,"_kad_post_classname":""},"product_brand":[1931],"product_cat":[1564,1563,1562,1651],"product_tag":[],"class_list":{"0":"post-435924","1":"product","2":"type-product","3":"status-publish","4":"has-post-thumbnail","6":"product_brand-armani","7":"product_cat-cosmetice-ingrijire-personala","8":"product_cat-ingrijire-personala","9":"product_cat-sanatate-si-frumusete","10":"product_cat-seturi-cosmetice","11":"pa_gen-male","13":"first","14":"instock","15":"sale","16":"product-type-external","17":"entry","18":"content-bg","19":"loop-entry"},"acf":[],"yoast_head":"<!-- This site is optimized with the Yoast SEO plugin v27.3 - https:\/\/yoast.com\/product\/yoast-seo-wordpress\/ -->\n<title>Armani Acqua di Gi\u00f2 Eau de Parfum pentru b\u0103rba\u021bi - SHOPATOA.COM<\/title>\n<meta name=\"robots\" content=\"index, follow, max-snippet:-1, max-image-preview:large, max-video-preview:-1\" \/>\n<link rel=\"canonical\" href=\"https:\/\/shopatoa.com\/ro\/armani-acqua-di-gio-eau-de-parfum-pentru-barbati\/\" \/>\n<meta property=\"og:locale\" content=\"ro_RO\" \/>\n<meta property=\"og:type\" content=\"article\" \/>\n<meta property=\"og:title\" content=\"Armani Acqua di Gi\u00f2 Eau de Parfum pentru b\u0103rba\u021bi - SHOPATOA.COM\" \/>\n<meta property=\"og:description\" content=\"Armani Acqua di Gi\u00f2, Seturi pentru b\u0103rba\u021bi pentru b\u0103rba\u021bi, Ho, ho, ho! Cr\u0103ciunul bate la u\u0219\u0103 \u0219i, ca \u00een fiecare an, merit\u0103 s\u0103 alege\u021bi cadourile de Cr\u0103ciun din timp. Anul acesta v-am preg\u0103tit cutii luxoase de Cr\u0103ciun, doldora de bestseller-uri din lumea parfumurilor \u0219i a cosmeticelor, pe care vi le livr\u0103m \u00eentr-un frumos ambalaj cadou....\" \/>\n<meta property=\"og:url\" content=\"https:\/\/shopatoa.com\/ro\/armani-acqua-di-gio-eau-de-parfum-pentru-barbati\/\" \/>\n<meta property=\"og:site_name\" content=\"SHOPATOA\" \/>\n<meta property=\"article:modified_time\" content=\"2025-12-13T04:33:24+00:00\" \/>\n<meta property=\"og:image\" content=\"https:\/\/storage.googleapis.com\/cz-shopatoa-img\/ro\/6065944b-unnamed-file.webp\" \/>\n\t<meta property=\"og:image:width\" content=\"800\" \/>\n\t<meta property=\"og:image:height\" content=\"800\" \/>\n\t<meta property=\"og:image:type\" content=\"image\/webp\" \/>\n<meta name=\"twitter:card\" content=\"summary_large_image\" \/>\n<meta name=\"twitter:label1\" content=\"Timp estimat pentru citire\" \/>\n\t<meta name=\"twitter:data1\" content=\"1 minut\" \/>\n<script type=\"application\/ld+json\" class=\"yoast-schema-graph\">{\"@context\":\"https:\\\/\\\/schema.org\",\"@graph\":[{\"@type\":\"WebPage\",\"@id\":\"https:\\\/\\\/shopatoa.com\\\/ro\\\/armani-acqua-di-gio-eau-de-parfum-pentru-barbati\\\/\",\"url\":\"https:\\\/\\\/shopatoa.com\\\/ro\\\/armani-acqua-di-gio-eau-de-parfum-pentru-barbati\\\/\",\"name\":\"Armani Acqua di Gi\u00f2 Eau de Parfum pentru b\u0103rba\u021bi - SHOPATOA.COM\",\"isPartOf\":{\"@id\":\"https:\\\/\\\/shopatoa.com\\\/ro\\\/#website\"},\"primaryImageOfPage\":{\"@id\":\"https:\\\/\\\/shopatoa.com\\\/ro\\\/armani-acqua-di-gio-eau-de-parfum-pentru-barbati\\\/#primaryimage\"},\"image\":{\"@id\":\"https:\\\/\\\/shopatoa.com\\\/ro\\\/armani-acqua-di-gio-eau-de-parfum-pentru-barbati\\\/#primaryimage\"},\"thumbnailUrl\":\"https:\\\/\\\/storage.googleapis.com\\\/cz-shopatoa-img\\\/ro\\\/6065944b-unnamed-file.webp\",\"datePublished\":\"2025-06-24T01:01:07+00:00\",\"dateModified\":\"2025-12-13T04:33:24+00:00\",\"breadcrumb\":{\"@id\":\"https:\\\/\\\/shopatoa.com\\\/ro\\\/armani-acqua-di-gio-eau-de-parfum-pentru-barbati\\\/#breadcrumb\"},\"inLanguage\":\"ro-RO\",\"potentialAction\":[{\"@type\":\"ReadAction\",\"target\":[\"https:\\\/\\\/shopatoa.com\\\/ro\\\/armani-acqua-di-gio-eau-de-parfum-pentru-barbati\\\/\"]}]},{\"@type\":\"ImageObject\",\"inLanguage\":\"ro-RO\",\"@id\":\"https:\\\/\\\/shopatoa.com\\\/ro\\\/armani-acqua-di-gio-eau-de-parfum-pentru-barbati\\\/#primaryimage\",\"url\":\"https:\\\/\\\/storage.googleapis.com\\\/cz-shopatoa-img\\\/ro\\\/6065944b-unnamed-file.webp\",\"contentUrl\":\"https:\\\/\\\/storage.googleapis.com\\\/cz-shopatoa-img\\\/ro\\\/6065944b-unnamed-file.webp\",\"width\":800,\"height\":800},{\"@type\":\"BreadcrumbList\",\"@id\":\"https:\\\/\\\/shopatoa.com\\\/ro\\\/armani-acqua-di-gio-eau-de-parfum-pentru-barbati\\\/#breadcrumb\",\"itemListElement\":[{\"@type\":\"ListItem\",\"position\":1,\"name\":\"Dom\u016f\",\"item\":\"https:\\\/\\\/shopatoa.com\\\/ro\\\/\"},{\"@type\":\"ListItem\",\"position\":2,\"name\":\"Shop\",\"item\":\"https:\\\/\\\/shopatoa.com\\\/ro\\\/shop\\\/\"},{\"@type\":\"ListItem\",\"position\":3,\"name\":\"S\u0103n\u0103tate \u0219i frumuse\u021be\",\"item\":\"https:\\\/\\\/shopatoa.com\\\/ro\\\/sanatate-si-frumusete\\\/\"},{\"@type\":\"ListItem\",\"position\":4,\"name\":\"\u00cengrijire personal\u0103\",\"item\":\"https:\\\/\\\/shopatoa.com\\\/ro\\\/ingrijire-personala\\\/\"},{\"@type\":\"ListItem\",\"position\":5,\"name\":\"Cosmetice\",\"item\":\"https:\\\/\\\/shopatoa.com\\\/ro\\\/cosmetice-ingrijire-personala\\\/\"},{\"@type\":\"ListItem\",\"position\":6,\"name\":\"Seturi cosmetice\",\"item\":\"https:\\\/\\\/shopatoa.com\\\/ro\\\/seturi-cosmetice\\\/\"},{\"@type\":\"ListItem\",\"position\":7,\"name\":\"Armani Acqua di Gi\u00f2 Eau de Parfum pentru b\u0103rba\u021bi\"}]},{\"@type\":\"WebSite\",\"@id\":\"https:\\\/\\\/shopatoa.com\\\/ro\\\/#website\",\"url\":\"https:\\\/\\\/shopatoa.com\\\/ro\\\/\",\"name\":\"SHOPATOA\",\"description\":\"\",\"publisher\":{\"@id\":\"https:\\\/\\\/shopatoa.com\\\/ro\\\/#organization\"},\"potentialAction\":[{\"@type\":\"SearchAction\",\"target\":{\"@type\":\"EntryPoint\",\"urlTemplate\":\"https:\\\/\\\/shopatoa.com\\\/ro\\\/?s={search_term_string}\"},\"query-input\":{\"@type\":\"PropertyValueSpecification\",\"valueRequired\":true,\"valueName\":\"search_term_string\"}}],\"inLanguage\":\"ro-RO\"},{\"@type\":\"Organization\",\"@id\":\"https:\\\/\\\/shopatoa.com\\\/ro\\\/#organization\",\"name\":\"SHOPATOA\",\"url\":\"https:\\\/\\\/shopatoa.com\\\/ro\\\/\",\"logo\":{\"@type\":\"ImageObject\",\"inLanguage\":\"ro-RO\",\"@id\":\"https:\\\/\\\/shopatoa.com\\\/ro\\\/#\\\/schema\\\/logo\\\/image\\\/\",\"url\":\"https:\\\/\\\/storage.googleapis.com\\\/cz-shopatoa-img\\\/ro\\\/b4dac915-shopatoa_logo.png\",\"contentUrl\":\"https:\\\/\\\/storage.googleapis.com\\\/cz-shopatoa-img\\\/ro\\\/b4dac915-shopatoa_logo.png\",\"width\":416,\"height\":63,\"caption\":\"SHOPATOA\"},\"image\":{\"@id\":\"https:\\\/\\\/shopatoa.com\\\/ro\\\/#\\\/schema\\\/logo\\\/image\\\/\"}}]}<\/script>\n<!-- \/ Yoast SEO plugin. -->","yoast_head_json":{"title":"Armani Acqua di Gi\u00f2 Eau de Parfum pentru b\u0103rba\u021bi - SHOPATOA.COM","robots":{"index":"index","follow":"follow","max-snippet":"max-snippet:-1","max-image-preview":"max-image-preview:large","max-video-preview":"max-video-preview:-1"},"canonical":"https:\/\/shopatoa.com\/ro\/armani-acqua-di-gio-eau-de-parfum-pentru-barbati\/","og_locale":"ro_RO","og_type":"article","og_title":"Armani Acqua di Gi\u00f2 Eau de Parfum pentru b\u0103rba\u021bi - SHOPATOA.COM","og_description":"Armani Acqua di Gi\u00f2, Seturi pentru b\u0103rba\u021bi pentru b\u0103rba\u021bi, Ho, ho, ho! Cr\u0103ciunul bate la u\u0219\u0103 \u0219i, ca \u00een fiecare an, merit\u0103 s\u0103 alege\u021bi cadourile de Cr\u0103ciun din timp. Anul acesta v-am preg\u0103tit cutii luxoase de Cr\u0103ciun, doldora de bestseller-uri din lumea parfumurilor \u0219i a cosmeticelor, pe care vi le livr\u0103m \u00eentr-un frumos ambalaj cadou....","og_url":"https:\/\/shopatoa.com\/ro\/armani-acqua-di-gio-eau-de-parfum-pentru-barbati\/","og_site_name":"SHOPATOA","article_modified_time":"2025-12-13T04:33:24+00:00","og_image":[{"width":800,"height":800,"url":"https:\/\/storage.googleapis.com\/cz-shopatoa-img\/ro\/6065944b-unnamed-file.webp","type":"image\/webp"}],"twitter_card":"summary_large_image","twitter_misc":{"Timp estimat pentru citire":"1 minut"},"schema":{"@context":"https:\/\/schema.org","@graph":[{"@type":"WebPage","@id":"https:\/\/shopatoa.com\/ro\/armani-acqua-di-gio-eau-de-parfum-pentru-barbati\/","url":"https:\/\/shopatoa.com\/ro\/armani-acqua-di-gio-eau-de-parfum-pentru-barbati\/","name":"Armani Acqua di Gi\u00f2 Eau de Parfum pentru b\u0103rba\u021bi - SHOPATOA.COM","isPartOf":{"@id":"https:\/\/shopatoa.com\/ro\/#website"},"primaryImageOfPage":{"@id":"https:\/\/shopatoa.com\/ro\/armani-acqua-di-gio-eau-de-parfum-pentru-barbati\/#primaryimage"},"image":{"@id":"https:\/\/shopatoa.com\/ro\/armani-acqua-di-gio-eau-de-parfum-pentru-barbati\/#primaryimage"},"thumbnailUrl":"https:\/\/storage.googleapis.com\/cz-shopatoa-img\/ro\/6065944b-unnamed-file.webp","datePublished":"2025-06-24T01:01:07+00:00","dateModified":"2025-12-13T04:33:24+00:00","breadcrumb":{"@id":"https:\/\/shopatoa.com\/ro\/armani-acqua-di-gio-eau-de-parfum-pentru-barbati\/#breadcrumb"},"inLanguage":"ro-RO","potentialAction":[{"@type":"ReadAction","target":["https:\/\/shopatoa.com\/ro\/armani-acqua-di-gio-eau-de-parfum-pentru-barbati\/"]}]},{"@type":"ImageObject","inLanguage":"ro-RO","@id":"https:\/\/shopatoa.com\/ro\/armani-acqua-di-gio-eau-de-parfum-pentru-barbati\/#primaryimage","url":"https:\/\/storage.googleapis.com\/cz-shopatoa-img\/ro\/6065944b-unnamed-file.webp","contentUrl":"https:\/\/storage.googleapis.com\/cz-shopatoa-img\/ro\/6065944b-unnamed-file.webp","width":800,"height":800},{"@type":"BreadcrumbList","@id":"https:\/\/shopatoa.com\/ro\/armani-acqua-di-gio-eau-de-parfum-pentru-barbati\/#breadcrumb","itemListElement":[{"@type":"ListItem","position":1,"name":"Dom\u016f","item":"https:\/\/shopatoa.com\/ro\/"},{"@type":"ListItem","position":2,"name":"Shop","item":"https:\/\/shopatoa.com\/ro\/shop\/"},{"@type":"ListItem","position":3,"name":"S\u0103n\u0103tate \u0219i frumuse\u021be","item":"https:\/\/shopatoa.com\/ro\/sanatate-si-frumusete\/"},{"@type":"ListItem","position":4,"name":"\u00cengrijire personal\u0103","item":"https:\/\/shopatoa.com\/ro\/ingrijire-personala\/"},{"@type":"ListItem","position":5,"name":"Cosmetice","item":"https:\/\/shopatoa.com\/ro\/cosmetice-ingrijire-personala\/"},{"@type":"ListItem","position":6,"name":"Seturi cosmetice","item":"https:\/\/shopatoa.com\/ro\/seturi-cosmetice\/"},{"@type":"ListItem","position":7,"name":"Armani Acqua di Gi\u00f2 Eau de Parfum pentru b\u0103rba\u021bi"}]},{"@type":"WebSite","@id":"https:\/\/shopatoa.com\/ro\/#website","url":"https:\/\/shopatoa.com\/ro\/","name":"SHOPATOA","description":"","publisher":{"@id":"https:\/\/shopatoa.com\/ro\/#organization"},"potentialAction":[{"@type":"SearchAction","target":{"@type":"EntryPoint","urlTemplate":"https:\/\/shopatoa.com\/ro\/?s={search_term_string}"},"query-input":{"@type":"PropertyValueSpecification","valueRequired":true,"valueName":"search_term_string"}}],"inLanguage":"ro-RO"},{"@type":"Organization","@id":"https:\/\/shopatoa.com\/ro\/#organization","name":"SHOPATOA","url":"https:\/\/shopatoa.com\/ro\/","logo":{"@type":"ImageObject","inLanguage":"ro-RO","@id":"https:\/\/shopatoa.com\/ro\/#\/schema\/logo\/image\/","url":"https:\/\/storage.googleapis.com\/cz-shopatoa-img\/ro\/b4dac915-shopatoa_logo.png","contentUrl":"https:\/\/storage.googleapis.com\/cz-shopatoa-img\/ro\/b4dac915-shopatoa_logo.png","width":416,"height":63,"caption":"SHOPATOA"},"image":{"@id":"https:\/\/shopatoa.com\/ro\/#\/schema\/logo\/image\/"}}]}},"_links":{"self":[{"href":"https:\/\/shopatoa.com\/ro\/wp-json\/wp\/v2\/product\/435924","targetHints":{"allow":["GET"]}}],"collection":[{"href":"https:\/\/shopatoa.com\/ro\/wp-json\/wp\/v2\/product"}],"about":[{"href":"https:\/\/shopatoa.com\/ro\/wp-json\/wp\/v2\/types\/product"}],"replies":[{"embeddable":true,"href":"https:\/\/shopatoa.com\/ro\/wp-json\/wp\/v2\/comments?post=435924"}],"wp:featuredmedia":[{"embeddable":true,"href":"https:\/\/shopatoa.com\/ro\/wp-json\/wp\/v2\/media\/435925"}],"wp:attachment":[{"href":"https:\/\/shopatoa.com\/ro\/wp-json\/wp\/v2\/media?parent=435924"}],"wp:term":[{"taxonomy":"product_brand","embeddable":true,"href":"https:\/\/shopatoa.com\/ro\/wp-json\/wp\/v2\/product_brand?post=435924"},{"taxonomy":"product_cat","embeddable":true,"href":"https:\/\/shopatoa.com\/ro\/wp-json\/wp\/v2\/product_cat?post=435924"},{"taxonomy":"product_tag","embeddable":true,"href":"https:\/\/shopatoa.com\/ro\/wp-json\/wp\/v2\/product_tag?post=435924"}],"curies":[{"name":"wp","href":"https:\/\/api.w.org\/{rel}","templated":true}]}}