{"id":436030,"date":"2025-06-24T03:11:52","date_gmt":"2025-06-24T01:11:52","guid":{"rendered":"https:\/\/shopatoa.com\/ro\/craze-inkee-galupy-unicorn-set-pentru-baie-pentru-copii\/"},"modified":"2025-12-13T04:52:59","modified_gmt":"2025-12-13T03:52:59","slug":"craze-inkee-galupy-unicorn-set-pentru-baie-pentru-copii","status":"publish","type":"product","link":"https:\/\/shopatoa.com\/ro\/craze-inkee-galupy-unicorn-set-pentru-baie-pentru-copii\/","title":{"rendered":"Craze INKEE Galupy Unicorn set pentru baie pentru copii"},"content":{"rendered":"<p>Craze INKEE Galupy Unicorn, Bile spumante pentru copii pentru copii, Caracteristici:  design vesel pentru copii setul \u00eenc\u00e2nt\u0103 de la prima vedere, datorit\u0103 ambalajului frumos inspirat de un personaj preferat din pove\u0219tile pentru copii bucur\u0103 to\u021bi copiii foarte potrivit ca un cadou  Setul con\u021bine:  bomb\u0103 de baie 4 buc pulbere pentru baie 1 buc saruri de baie 1 buc pic\u0103turi pentru baie 1 buc benti\u021b\u0103 pentru p\u0103r pentru baie 1 buc  Ingrediente:  produs vegan nu con\u021bine SLS<\/p>\n","protected":false},"excerpt":{"rendered":"<p>Craze INKEE Galupy Unicorn, Bile spumante pentru copii pentru copii, Caracteristici: design vesel pentru copii setul \u00eenc\u00e2nt\u0103 de la prima vedere, datorit\u0103 ambalajului frumos inspirat de un personaj preferat din pove\u0219tile pentru copii bucur\u0103 to\u021bi copiii foarte potrivit ca un cadou Setul con\u021bine: bomb\u0103 de baie 4 buc pulbere pentru baie 1 buc saruri de&#8230;<\/p>\n","protected":false},"featured_media":436031,"comment_status":"closed","ping_status":"open","template":"","meta":{"_acf_changed":false,"_kadence_starter_templates_imported_post":false,"_kad_post_transparent":"","_kad_post_title":"","_kad_post_layout":"","_kad_post_sidebar_id":"","_kad_post_content_style":"","_kad_post_vertical_padding":"","_kad_post_feature":"","_kad_post_feature_position":"","_kad_post_header":false,"_kad_post_footer":false,"_kad_post_classname":""},"product_brand":[2651],"product_cat":[1570,1564,1563,1562],"product_tag":[],"class_list":{"0":"post-436030","1":"product","2":"type-product","3":"status-publish","4":"has-post-thumbnail","6":"product_brand-craze","7":"product_cat-baie-si-corp","8":"product_cat-cosmetice-ingrijire-personala","9":"product_cat-ingrijire-personala","10":"product_cat-sanatate-si-frumusete","11":"pa_gen-unisex","13":"first","14":"instock","15":"sale","16":"product-type-external","17":"entry","18":"content-bg","19":"loop-entry"},"acf":[],"yoast_head":"<!-- This site is optimized with the Yoast SEO plugin v27.4 - https:\/\/yoast.com\/product\/yoast-seo-wordpress\/ -->\n<title>Craze INKEE Galupy Unicorn set pentru baie pentru copii - SHOPATOA.COM<\/title>\n<meta name=\"robots\" content=\"index, follow, max-snippet:-1, max-image-preview:large, max-video-preview:-1\" \/>\n<link rel=\"canonical\" href=\"https:\/\/shopatoa.com\/ro\/craze-inkee-galupy-unicorn-set-pentru-baie-pentru-copii\/\" \/>\n<meta property=\"og:locale\" content=\"ro_RO\" \/>\n<meta property=\"og:type\" content=\"article\" \/>\n<meta property=\"og:title\" content=\"Craze INKEE Galupy Unicorn set pentru baie pentru copii - SHOPATOA.COM\" \/>\n<meta property=\"og:description\" content=\"Craze INKEE Galupy Unicorn, Bile spumante pentru copii pentru copii, Caracteristici: design vesel pentru copii setul \u00eenc\u00e2nt\u0103 de la prima vedere, datorit\u0103 ambalajului frumos inspirat de un personaj preferat din pove\u0219tile pentru copii bucur\u0103 to\u021bi copiii foarte potrivit ca un cadou Setul con\u021bine: bomb\u0103 de baie 4 buc pulbere pentru baie 1 buc saruri de...\" \/>\n<meta property=\"og:url\" content=\"https:\/\/shopatoa.com\/ro\/craze-inkee-galupy-unicorn-set-pentru-baie-pentru-copii\/\" \/>\n<meta property=\"og:site_name\" content=\"SHOPATOA\" \/>\n<meta property=\"article:modified_time\" content=\"2025-12-13T03:52:59+00:00\" \/>\n<meta property=\"og:image\" content=\"https:\/\/storage.googleapis.com\/cz-shopatoa-img\/ro\/1ba436f0-unnamed-file.webp\" \/>\n\t<meta property=\"og:image:width\" content=\"800\" \/>\n\t<meta property=\"og:image:height\" content=\"800\" \/>\n\t<meta property=\"og:image:type\" content=\"image\/webp\" \/>\n<meta name=\"twitter:card\" content=\"summary_large_image\" \/>\n<script type=\"application\/ld+json\" class=\"yoast-schema-graph\">{\"@context\":\"https:\\\/\\\/schema.org\",\"@graph\":[{\"@type\":\"WebPage\",\"@id\":\"https:\\\/\\\/shopatoa.com\\\/ro\\\/craze-inkee-galupy-unicorn-set-pentru-baie-pentru-copii\\\/\",\"url\":\"https:\\\/\\\/shopatoa.com\\\/ro\\\/craze-inkee-galupy-unicorn-set-pentru-baie-pentru-copii\\\/\",\"name\":\"Craze INKEE Galupy Unicorn set pentru baie pentru copii - SHOPATOA.COM\",\"isPartOf\":{\"@id\":\"https:\\\/\\\/shopatoa.com\\\/ro\\\/#website\"},\"primaryImageOfPage\":{\"@id\":\"https:\\\/\\\/shopatoa.com\\\/ro\\\/craze-inkee-galupy-unicorn-set-pentru-baie-pentru-copii\\\/#primaryimage\"},\"image\":{\"@id\":\"https:\\\/\\\/shopatoa.com\\\/ro\\\/craze-inkee-galupy-unicorn-set-pentru-baie-pentru-copii\\\/#primaryimage\"},\"thumbnailUrl\":\"https:\\\/\\\/storage.googleapis.com\\\/cz-shopatoa-img\\\/ro\\\/1ba436f0-unnamed-file.webp\",\"datePublished\":\"2025-06-24T01:11:52+00:00\",\"dateModified\":\"2025-12-13T03:52:59+00:00\",\"breadcrumb\":{\"@id\":\"https:\\\/\\\/shopatoa.com\\\/ro\\\/craze-inkee-galupy-unicorn-set-pentru-baie-pentru-copii\\\/#breadcrumb\"},\"inLanguage\":\"ro-RO\",\"potentialAction\":[{\"@type\":\"ReadAction\",\"target\":[\"https:\\\/\\\/shopatoa.com\\\/ro\\\/craze-inkee-galupy-unicorn-set-pentru-baie-pentru-copii\\\/\"]}]},{\"@type\":\"ImageObject\",\"inLanguage\":\"ro-RO\",\"@id\":\"https:\\\/\\\/shopatoa.com\\\/ro\\\/craze-inkee-galupy-unicorn-set-pentru-baie-pentru-copii\\\/#primaryimage\",\"url\":\"https:\\\/\\\/storage.googleapis.com\\\/cz-shopatoa-img\\\/ro\\\/1ba436f0-unnamed-file.webp\",\"contentUrl\":\"https:\\\/\\\/storage.googleapis.com\\\/cz-shopatoa-img\\\/ro\\\/1ba436f0-unnamed-file.webp\",\"width\":800,\"height\":800},{\"@type\":\"BreadcrumbList\",\"@id\":\"https:\\\/\\\/shopatoa.com\\\/ro\\\/craze-inkee-galupy-unicorn-set-pentru-baie-pentru-copii\\\/#breadcrumb\",\"itemListElement\":[{\"@type\":\"ListItem\",\"position\":1,\"name\":\"Dom\u016f\",\"item\":\"https:\\\/\\\/shopatoa.com\\\/ro\\\/\"},{\"@type\":\"ListItem\",\"position\":2,\"name\":\"Shop\",\"item\":\"https:\\\/\\\/shopatoa.com\\\/ro\\\/shop\\\/\"},{\"@type\":\"ListItem\",\"position\":3,\"name\":\"S\u0103n\u0103tate \u0219i frumuse\u021be\",\"item\":\"https:\\\/\\\/shopatoa.com\\\/ro\\\/sanatate-si-frumusete\\\/\"},{\"@type\":\"ListItem\",\"position\":4,\"name\":\"\u00cengrijire personal\u0103\",\"item\":\"https:\\\/\\\/shopatoa.com\\\/ro\\\/ingrijire-personala\\\/\"},{\"@type\":\"ListItem\",\"position\":5,\"name\":\"Cosmetice\",\"item\":\"https:\\\/\\\/shopatoa.com\\\/ro\\\/cosmetice-ingrijire-personala\\\/\"},{\"@type\":\"ListItem\",\"position\":6,\"name\":\"Baie \u0219i corp\",\"item\":\"https:\\\/\\\/shopatoa.com\\\/ro\\\/baie-si-corp\\\/\"},{\"@type\":\"ListItem\",\"position\":7,\"name\":\"Craze INKEE Galupy Unicorn set pentru baie pentru copii\"}]},{\"@type\":\"WebSite\",\"@id\":\"https:\\\/\\\/shopatoa.com\\\/ro\\\/#website\",\"url\":\"https:\\\/\\\/shopatoa.com\\\/ro\\\/\",\"name\":\"SHOPATOA\",\"description\":\"\",\"publisher\":{\"@id\":\"https:\\\/\\\/shopatoa.com\\\/ro\\\/#organization\"},\"potentialAction\":[{\"@type\":\"SearchAction\",\"target\":{\"@type\":\"EntryPoint\",\"urlTemplate\":\"https:\\\/\\\/shopatoa.com\\\/ro\\\/?s={search_term_string}\"},\"query-input\":{\"@type\":\"PropertyValueSpecification\",\"valueRequired\":true,\"valueName\":\"search_term_string\"}}],\"inLanguage\":\"ro-RO\"},{\"@type\":\"Organization\",\"@id\":\"https:\\\/\\\/shopatoa.com\\\/ro\\\/#organization\",\"name\":\"SHOPATOA\",\"url\":\"https:\\\/\\\/shopatoa.com\\\/ro\\\/\",\"logo\":{\"@type\":\"ImageObject\",\"inLanguage\":\"ro-RO\",\"@id\":\"https:\\\/\\\/shopatoa.com\\\/ro\\\/#\\\/schema\\\/logo\\\/image\\\/\",\"url\":\"https:\\\/\\\/storage.googleapis.com\\\/cz-shopatoa-img\\\/ro\\\/b4dac915-shopatoa_logo.png\",\"contentUrl\":\"https:\\\/\\\/storage.googleapis.com\\\/cz-shopatoa-img\\\/ro\\\/b4dac915-shopatoa_logo.png\",\"width\":416,\"height\":63,\"caption\":\"SHOPATOA\"},\"image\":{\"@id\":\"https:\\\/\\\/shopatoa.com\\\/ro\\\/#\\\/schema\\\/logo\\\/image\\\/\"}}]}<\/script>\n<!-- \/ Yoast SEO plugin. -->","yoast_head_json":{"title":"Craze INKEE Galupy Unicorn set pentru baie pentru copii - SHOPATOA.COM","robots":{"index":"index","follow":"follow","max-snippet":"max-snippet:-1","max-image-preview":"max-image-preview:large","max-video-preview":"max-video-preview:-1"},"canonical":"https:\/\/shopatoa.com\/ro\/craze-inkee-galupy-unicorn-set-pentru-baie-pentru-copii\/","og_locale":"ro_RO","og_type":"article","og_title":"Craze INKEE Galupy Unicorn set pentru baie pentru copii - SHOPATOA.COM","og_description":"Craze INKEE Galupy Unicorn, Bile spumante pentru copii pentru copii, Caracteristici: design vesel pentru copii setul \u00eenc\u00e2nt\u0103 de la prima vedere, datorit\u0103 ambalajului frumos inspirat de un personaj preferat din pove\u0219tile pentru copii bucur\u0103 to\u021bi copiii foarte potrivit ca un cadou Setul con\u021bine: bomb\u0103 de baie 4 buc pulbere pentru baie 1 buc saruri de...","og_url":"https:\/\/shopatoa.com\/ro\/craze-inkee-galupy-unicorn-set-pentru-baie-pentru-copii\/","og_site_name":"SHOPATOA","article_modified_time":"2025-12-13T03:52:59+00:00","og_image":[{"width":800,"height":800,"url":"https:\/\/storage.googleapis.com\/cz-shopatoa-img\/ro\/1ba436f0-unnamed-file.webp","type":"image\/webp"}],"twitter_card":"summary_large_image","schema":{"@context":"https:\/\/schema.org","@graph":[{"@type":"WebPage","@id":"https:\/\/shopatoa.com\/ro\/craze-inkee-galupy-unicorn-set-pentru-baie-pentru-copii\/","url":"https:\/\/shopatoa.com\/ro\/craze-inkee-galupy-unicorn-set-pentru-baie-pentru-copii\/","name":"Craze INKEE Galupy Unicorn set pentru baie pentru copii - SHOPATOA.COM","isPartOf":{"@id":"https:\/\/shopatoa.com\/ro\/#website"},"primaryImageOfPage":{"@id":"https:\/\/shopatoa.com\/ro\/craze-inkee-galupy-unicorn-set-pentru-baie-pentru-copii\/#primaryimage"},"image":{"@id":"https:\/\/shopatoa.com\/ro\/craze-inkee-galupy-unicorn-set-pentru-baie-pentru-copii\/#primaryimage"},"thumbnailUrl":"https:\/\/storage.googleapis.com\/cz-shopatoa-img\/ro\/1ba436f0-unnamed-file.webp","datePublished":"2025-06-24T01:11:52+00:00","dateModified":"2025-12-13T03:52:59+00:00","breadcrumb":{"@id":"https:\/\/shopatoa.com\/ro\/craze-inkee-galupy-unicorn-set-pentru-baie-pentru-copii\/#breadcrumb"},"inLanguage":"ro-RO","potentialAction":[{"@type":"ReadAction","target":["https:\/\/shopatoa.com\/ro\/craze-inkee-galupy-unicorn-set-pentru-baie-pentru-copii\/"]}]},{"@type":"ImageObject","inLanguage":"ro-RO","@id":"https:\/\/shopatoa.com\/ro\/craze-inkee-galupy-unicorn-set-pentru-baie-pentru-copii\/#primaryimage","url":"https:\/\/storage.googleapis.com\/cz-shopatoa-img\/ro\/1ba436f0-unnamed-file.webp","contentUrl":"https:\/\/storage.googleapis.com\/cz-shopatoa-img\/ro\/1ba436f0-unnamed-file.webp","width":800,"height":800},{"@type":"BreadcrumbList","@id":"https:\/\/shopatoa.com\/ro\/craze-inkee-galupy-unicorn-set-pentru-baie-pentru-copii\/#breadcrumb","itemListElement":[{"@type":"ListItem","position":1,"name":"Dom\u016f","item":"https:\/\/shopatoa.com\/ro\/"},{"@type":"ListItem","position":2,"name":"Shop","item":"https:\/\/shopatoa.com\/ro\/shop\/"},{"@type":"ListItem","position":3,"name":"S\u0103n\u0103tate \u0219i frumuse\u021be","item":"https:\/\/shopatoa.com\/ro\/sanatate-si-frumusete\/"},{"@type":"ListItem","position":4,"name":"\u00cengrijire personal\u0103","item":"https:\/\/shopatoa.com\/ro\/ingrijire-personala\/"},{"@type":"ListItem","position":5,"name":"Cosmetice","item":"https:\/\/shopatoa.com\/ro\/cosmetice-ingrijire-personala\/"},{"@type":"ListItem","position":6,"name":"Baie \u0219i corp","item":"https:\/\/shopatoa.com\/ro\/baie-si-corp\/"},{"@type":"ListItem","position":7,"name":"Craze INKEE Galupy Unicorn set pentru baie pentru copii"}]},{"@type":"WebSite","@id":"https:\/\/shopatoa.com\/ro\/#website","url":"https:\/\/shopatoa.com\/ro\/","name":"SHOPATOA","description":"","publisher":{"@id":"https:\/\/shopatoa.com\/ro\/#organization"},"potentialAction":[{"@type":"SearchAction","target":{"@type":"EntryPoint","urlTemplate":"https:\/\/shopatoa.com\/ro\/?s={search_term_string}"},"query-input":{"@type":"PropertyValueSpecification","valueRequired":true,"valueName":"search_term_string"}}],"inLanguage":"ro-RO"},{"@type":"Organization","@id":"https:\/\/shopatoa.com\/ro\/#organization","name":"SHOPATOA","url":"https:\/\/shopatoa.com\/ro\/","logo":{"@type":"ImageObject","inLanguage":"ro-RO","@id":"https:\/\/shopatoa.com\/ro\/#\/schema\/logo\/image\/","url":"https:\/\/storage.googleapis.com\/cz-shopatoa-img\/ro\/b4dac915-shopatoa_logo.png","contentUrl":"https:\/\/storage.googleapis.com\/cz-shopatoa-img\/ro\/b4dac915-shopatoa_logo.png","width":416,"height":63,"caption":"SHOPATOA"},"image":{"@id":"https:\/\/shopatoa.com\/ro\/#\/schema\/logo\/image\/"}}]}},"_links":{"self":[{"href":"https:\/\/shopatoa.com\/ro\/wp-json\/wp\/v2\/product\/436030","targetHints":{"allow":["GET"]}}],"collection":[{"href":"https:\/\/shopatoa.com\/ro\/wp-json\/wp\/v2\/product"}],"about":[{"href":"https:\/\/shopatoa.com\/ro\/wp-json\/wp\/v2\/types\/product"}],"replies":[{"embeddable":true,"href":"https:\/\/shopatoa.com\/ro\/wp-json\/wp\/v2\/comments?post=436030"}],"wp:featuredmedia":[{"embeddable":true,"href":"https:\/\/shopatoa.com\/ro\/wp-json\/wp\/v2\/media\/436031"}],"wp:attachment":[{"href":"https:\/\/shopatoa.com\/ro\/wp-json\/wp\/v2\/media?parent=436030"}],"wp:term":[{"taxonomy":"product_brand","embeddable":true,"href":"https:\/\/shopatoa.com\/ro\/wp-json\/wp\/v2\/product_brand?post=436030"},{"taxonomy":"product_cat","embeddable":true,"href":"https:\/\/shopatoa.com\/ro\/wp-json\/wp\/v2\/product_cat?post=436030"},{"taxonomy":"product_tag","embeddable":true,"href":"https:\/\/shopatoa.com\/ro\/wp-json\/wp\/v2\/product_tag?post=436030"}],"curies":[{"name":"wp","href":"https:\/\/api.w.org\/{rel}","templated":true}]}}