{"id":436110,"date":"2025-06-24T03:18:42","date_gmt":"2025-06-24T01:18:42","guid":{"rendered":"https:\/\/shopatoa.com\/ro\/captain-fawcett-expedition-reserve-balsam-dupa-barbierit-pentru-barbati-125-ml\/"},"modified":"2025-12-13T04:34:05","modified_gmt":"2025-12-13T03:34:05","slug":"captain-fawcett-expedition-reserve-balsam-dupa-barbierit-pentru-barbati-125-ml","status":"publish","type":"product","link":"https:\/\/shopatoa.com\/ro\/captain-fawcett-expedition-reserve-balsam-dupa-barbierit-pentru-barbati-125-ml\/","title":{"rendered":"Captain Fawcett Expedition Reserve balsam dup\u0103 b\u0103rbierit pentru barbati 125 ml"},"content":{"rendered":"<p>Captain Fawcett Expedition Reserve, 125 ml, B\u0103rbierit barber pentru b\u0103rba\u021bi, \u00cen urma b\u0103rbieritului, tenul dvs. poate deveni iritat, sensibil \u0219i foarte fragil. Produsul aftershave Captain Fawcett Expedition Reserve v\u0103 va calma fa\u021ba, va ameliora semnele de irita\u021bie \u0219i va favoriza regenerarea acesteia. Ofer\u0103 \u00eengrijire regeneratoare \u0219i confort pentru tenul dvs. solicitat.  Caracteristici:  confer\u0103 pielii o arom\u0103 pl\u0103cut\u0103 \u00eemprosp\u0103teaz\u0103 tenul obosit reduce ro\u0219ea\u021ba \u0219i calmeaz\u0103 pielea hidrateaz\u0103 pielea \u00een profunzime  Cum se utilizeaz\u0103: Se aplic\u0103 pe fa\u021ba ras\u0103 \u0219i pe g\u00e2t. Se las\u0103 s\u0103 se absoarb\u0103.<\/p>\n","protected":false},"excerpt":{"rendered":"<p>Captain Fawcett Expedition Reserve, 125 ml, B\u0103rbierit barber pentru b\u0103rba\u021bi, \u00cen urma b\u0103rbieritului, tenul dvs. poate deveni iritat, sensibil \u0219i foarte fragil. Produsul aftershave Captain Fawcett Expedition Reserve v\u0103 va calma fa\u021ba, va ameliora semnele de irita\u021bie \u0219i va favoriza regenerarea acesteia. Ofer\u0103 \u00eengrijire regeneratoare \u0219i confort pentru tenul dvs. solicitat. Caracteristici: confer\u0103 pielii o&#8230;<\/p>\n","protected":false},"featured_media":436111,"comment_status":"closed","ping_status":"open","template":"","meta":{"_acf_changed":false,"_kadence_starter_templates_imported_post":false,"_kad_post_transparent":"","_kad_post_title":"","_kad_post_layout":"","_kad_post_sidebar_id":"","_kad_post_content_style":"","_kad_post_vertical_padding":"","_kad_post_feature":"","_kad_post_feature_position":"","_kad_post_header":false,"_kad_post_footer":false,"_kad_post_classname":""},"product_brand":[147],"product_cat":[1593,1563,1562],"product_tag":[],"class_list":{"0":"post-436110","1":"product","2":"type-product","3":"status-publish","4":"has-post-thumbnail","6":"product_brand-captain-fawcett","7":"product_cat-barbierit-si-ingrijire-personala","8":"product_cat-ingrijire-personala","9":"product_cat-sanatate-si-frumusete","10":"pa_gen-male","11":"pa_marime-125-ml","13":"first","14":"instock","15":"sale","16":"product-type-external","17":"entry","18":"content-bg","19":"loop-entry"},"acf":[],"yoast_head":"<!-- This site is optimized with the Yoast SEO plugin v27.4 - https:\/\/yoast.com\/product\/yoast-seo-wordpress\/ -->\n<title>Captain Fawcett Expedition Reserve balsam dup\u0103 b\u0103rbierit pentru barbati 125 ml - SHOPATOA.COM<\/title>\n<meta name=\"robots\" content=\"index, follow, max-snippet:-1, max-image-preview:large, max-video-preview:-1\" \/>\n<link rel=\"canonical\" href=\"https:\/\/shopatoa.com\/ro\/captain-fawcett-expedition-reserve-balsam-dupa-barbierit-pentru-barbati-125-ml\/\" \/>\n<meta property=\"og:locale\" content=\"ro_RO\" \/>\n<meta property=\"og:type\" content=\"article\" \/>\n<meta property=\"og:title\" content=\"Captain Fawcett Expedition Reserve balsam dup\u0103 b\u0103rbierit pentru barbati 125 ml - SHOPATOA.COM\" \/>\n<meta property=\"og:description\" content=\"Captain Fawcett Expedition Reserve, 125 ml, B\u0103rbierit barber pentru b\u0103rba\u021bi, \u00cen urma b\u0103rbieritului, tenul dvs. poate deveni iritat, sensibil \u0219i foarte fragil. Produsul aftershave Captain Fawcett Expedition Reserve v\u0103 va calma fa\u021ba, va ameliora semnele de irita\u021bie \u0219i va favoriza regenerarea acesteia. Ofer\u0103 \u00eengrijire regeneratoare \u0219i confort pentru tenul dvs. solicitat. Caracteristici: confer\u0103 pielii o...\" \/>\n<meta property=\"og:url\" content=\"https:\/\/shopatoa.com\/ro\/captain-fawcett-expedition-reserve-balsam-dupa-barbierit-pentru-barbati-125-ml\/\" \/>\n<meta property=\"og:site_name\" content=\"SHOPATOA\" \/>\n<meta property=\"article:modified_time\" content=\"2025-12-13T03:34:05+00:00\" \/>\n<meta property=\"og:image\" content=\"https:\/\/storage.googleapis.com\/cz-shopatoa-img\/ro\/11c86f6b-unnamed-file.webp\" \/>\n\t<meta property=\"og:image:width\" content=\"800\" \/>\n\t<meta property=\"og:image:height\" content=\"800\" \/>\n\t<meta property=\"og:image:type\" content=\"image\/webp\" \/>\n<meta name=\"twitter:card\" content=\"summary_large_image\" \/>\n<script type=\"application\/ld+json\" class=\"yoast-schema-graph\">{\"@context\":\"https:\\\/\\\/schema.org\",\"@graph\":[{\"@type\":\"WebPage\",\"@id\":\"https:\\\/\\\/shopatoa.com\\\/ro\\\/captain-fawcett-expedition-reserve-balsam-dupa-barbierit-pentru-barbati-125-ml\\\/\",\"url\":\"https:\\\/\\\/shopatoa.com\\\/ro\\\/captain-fawcett-expedition-reserve-balsam-dupa-barbierit-pentru-barbati-125-ml\\\/\",\"name\":\"Captain Fawcett Expedition Reserve balsam dup\u0103 b\u0103rbierit pentru barbati 125 ml - SHOPATOA.COM\",\"isPartOf\":{\"@id\":\"https:\\\/\\\/shopatoa.com\\\/ro\\\/#website\"},\"primaryImageOfPage\":{\"@id\":\"https:\\\/\\\/shopatoa.com\\\/ro\\\/captain-fawcett-expedition-reserve-balsam-dupa-barbierit-pentru-barbati-125-ml\\\/#primaryimage\"},\"image\":{\"@id\":\"https:\\\/\\\/shopatoa.com\\\/ro\\\/captain-fawcett-expedition-reserve-balsam-dupa-barbierit-pentru-barbati-125-ml\\\/#primaryimage\"},\"thumbnailUrl\":\"https:\\\/\\\/storage.googleapis.com\\\/cz-shopatoa-img\\\/ro\\\/11c86f6b-unnamed-file.webp\",\"datePublished\":\"2025-06-24T01:18:42+00:00\",\"dateModified\":\"2025-12-13T03:34:05+00:00\",\"breadcrumb\":{\"@id\":\"https:\\\/\\\/shopatoa.com\\\/ro\\\/captain-fawcett-expedition-reserve-balsam-dupa-barbierit-pentru-barbati-125-ml\\\/#breadcrumb\"},\"inLanguage\":\"ro-RO\",\"potentialAction\":[{\"@type\":\"ReadAction\",\"target\":[\"https:\\\/\\\/shopatoa.com\\\/ro\\\/captain-fawcett-expedition-reserve-balsam-dupa-barbierit-pentru-barbati-125-ml\\\/\"]}]},{\"@type\":\"ImageObject\",\"inLanguage\":\"ro-RO\",\"@id\":\"https:\\\/\\\/shopatoa.com\\\/ro\\\/captain-fawcett-expedition-reserve-balsam-dupa-barbierit-pentru-barbati-125-ml\\\/#primaryimage\",\"url\":\"https:\\\/\\\/storage.googleapis.com\\\/cz-shopatoa-img\\\/ro\\\/11c86f6b-unnamed-file.webp\",\"contentUrl\":\"https:\\\/\\\/storage.googleapis.com\\\/cz-shopatoa-img\\\/ro\\\/11c86f6b-unnamed-file.webp\",\"width\":800,\"height\":800},{\"@type\":\"BreadcrumbList\",\"@id\":\"https:\\\/\\\/shopatoa.com\\\/ro\\\/captain-fawcett-expedition-reserve-balsam-dupa-barbierit-pentru-barbati-125-ml\\\/#breadcrumb\",\"itemListElement\":[{\"@type\":\"ListItem\",\"position\":1,\"name\":\"Dom\u016f\",\"item\":\"https:\\\/\\\/shopatoa.com\\\/ro\\\/\"},{\"@type\":\"ListItem\",\"position\":2,\"name\":\"Shop\",\"item\":\"https:\\\/\\\/shopatoa.com\\\/ro\\\/shop\\\/\"},{\"@type\":\"ListItem\",\"position\":3,\"name\":\"S\u0103n\u0103tate \u0219i frumuse\u021be\",\"item\":\"https:\\\/\\\/shopatoa.com\\\/ro\\\/sanatate-si-frumusete\\\/\"},{\"@type\":\"ListItem\",\"position\":4,\"name\":\"\u00cengrijire personal\u0103\",\"item\":\"https:\\\/\\\/shopatoa.com\\\/ro\\\/ingrijire-personala\\\/\"},{\"@type\":\"ListItem\",\"position\":5,\"name\":\"B\u0103rbierit \u0219i \u00eengrijire personal\u0103\",\"item\":\"https:\\\/\\\/shopatoa.com\\\/ro\\\/barbierit-si-ingrijire-personala\\\/\"},{\"@type\":\"ListItem\",\"position\":6,\"name\":\"Captain Fawcett Expedition Reserve balsam dup\u0103 b\u0103rbierit pentru barbati 125 ml\"}]},{\"@type\":\"WebSite\",\"@id\":\"https:\\\/\\\/shopatoa.com\\\/ro\\\/#website\",\"url\":\"https:\\\/\\\/shopatoa.com\\\/ro\\\/\",\"name\":\"SHOPATOA\",\"description\":\"\",\"publisher\":{\"@id\":\"https:\\\/\\\/shopatoa.com\\\/ro\\\/#organization\"},\"potentialAction\":[{\"@type\":\"SearchAction\",\"target\":{\"@type\":\"EntryPoint\",\"urlTemplate\":\"https:\\\/\\\/shopatoa.com\\\/ro\\\/?s={search_term_string}\"},\"query-input\":{\"@type\":\"PropertyValueSpecification\",\"valueRequired\":true,\"valueName\":\"search_term_string\"}}],\"inLanguage\":\"ro-RO\"},{\"@type\":\"Organization\",\"@id\":\"https:\\\/\\\/shopatoa.com\\\/ro\\\/#organization\",\"name\":\"SHOPATOA\",\"url\":\"https:\\\/\\\/shopatoa.com\\\/ro\\\/\",\"logo\":{\"@type\":\"ImageObject\",\"inLanguage\":\"ro-RO\",\"@id\":\"https:\\\/\\\/shopatoa.com\\\/ro\\\/#\\\/schema\\\/logo\\\/image\\\/\",\"url\":\"https:\\\/\\\/storage.googleapis.com\\\/cz-shopatoa-img\\\/ro\\\/b4dac915-shopatoa_logo.png\",\"contentUrl\":\"https:\\\/\\\/storage.googleapis.com\\\/cz-shopatoa-img\\\/ro\\\/b4dac915-shopatoa_logo.png\",\"width\":416,\"height\":63,\"caption\":\"SHOPATOA\"},\"image\":{\"@id\":\"https:\\\/\\\/shopatoa.com\\\/ro\\\/#\\\/schema\\\/logo\\\/image\\\/\"}}]}<\/script>\n<!-- \/ Yoast SEO plugin. -->","yoast_head_json":{"title":"Captain Fawcett Expedition Reserve balsam dup\u0103 b\u0103rbierit pentru barbati 125 ml - SHOPATOA.COM","robots":{"index":"index","follow":"follow","max-snippet":"max-snippet:-1","max-image-preview":"max-image-preview:large","max-video-preview":"max-video-preview:-1"},"canonical":"https:\/\/shopatoa.com\/ro\/captain-fawcett-expedition-reserve-balsam-dupa-barbierit-pentru-barbati-125-ml\/","og_locale":"ro_RO","og_type":"article","og_title":"Captain Fawcett Expedition Reserve balsam dup\u0103 b\u0103rbierit pentru barbati 125 ml - SHOPATOA.COM","og_description":"Captain Fawcett Expedition Reserve, 125 ml, B\u0103rbierit barber pentru b\u0103rba\u021bi, \u00cen urma b\u0103rbieritului, tenul dvs. poate deveni iritat, sensibil \u0219i foarte fragil. Produsul aftershave Captain Fawcett Expedition Reserve v\u0103 va calma fa\u021ba, va ameliora semnele de irita\u021bie \u0219i va favoriza regenerarea acesteia. Ofer\u0103 \u00eengrijire regeneratoare \u0219i confort pentru tenul dvs. solicitat. Caracteristici: confer\u0103 pielii o...","og_url":"https:\/\/shopatoa.com\/ro\/captain-fawcett-expedition-reserve-balsam-dupa-barbierit-pentru-barbati-125-ml\/","og_site_name":"SHOPATOA","article_modified_time":"2025-12-13T03:34:05+00:00","og_image":[{"width":800,"height":800,"url":"https:\/\/storage.googleapis.com\/cz-shopatoa-img\/ro\/11c86f6b-unnamed-file.webp","type":"image\/webp"}],"twitter_card":"summary_large_image","schema":{"@context":"https:\/\/schema.org","@graph":[{"@type":"WebPage","@id":"https:\/\/shopatoa.com\/ro\/captain-fawcett-expedition-reserve-balsam-dupa-barbierit-pentru-barbati-125-ml\/","url":"https:\/\/shopatoa.com\/ro\/captain-fawcett-expedition-reserve-balsam-dupa-barbierit-pentru-barbati-125-ml\/","name":"Captain Fawcett Expedition Reserve balsam dup\u0103 b\u0103rbierit pentru barbati 125 ml - SHOPATOA.COM","isPartOf":{"@id":"https:\/\/shopatoa.com\/ro\/#website"},"primaryImageOfPage":{"@id":"https:\/\/shopatoa.com\/ro\/captain-fawcett-expedition-reserve-balsam-dupa-barbierit-pentru-barbati-125-ml\/#primaryimage"},"image":{"@id":"https:\/\/shopatoa.com\/ro\/captain-fawcett-expedition-reserve-balsam-dupa-barbierit-pentru-barbati-125-ml\/#primaryimage"},"thumbnailUrl":"https:\/\/storage.googleapis.com\/cz-shopatoa-img\/ro\/11c86f6b-unnamed-file.webp","datePublished":"2025-06-24T01:18:42+00:00","dateModified":"2025-12-13T03:34:05+00:00","breadcrumb":{"@id":"https:\/\/shopatoa.com\/ro\/captain-fawcett-expedition-reserve-balsam-dupa-barbierit-pentru-barbati-125-ml\/#breadcrumb"},"inLanguage":"ro-RO","potentialAction":[{"@type":"ReadAction","target":["https:\/\/shopatoa.com\/ro\/captain-fawcett-expedition-reserve-balsam-dupa-barbierit-pentru-barbati-125-ml\/"]}]},{"@type":"ImageObject","inLanguage":"ro-RO","@id":"https:\/\/shopatoa.com\/ro\/captain-fawcett-expedition-reserve-balsam-dupa-barbierit-pentru-barbati-125-ml\/#primaryimage","url":"https:\/\/storage.googleapis.com\/cz-shopatoa-img\/ro\/11c86f6b-unnamed-file.webp","contentUrl":"https:\/\/storage.googleapis.com\/cz-shopatoa-img\/ro\/11c86f6b-unnamed-file.webp","width":800,"height":800},{"@type":"BreadcrumbList","@id":"https:\/\/shopatoa.com\/ro\/captain-fawcett-expedition-reserve-balsam-dupa-barbierit-pentru-barbati-125-ml\/#breadcrumb","itemListElement":[{"@type":"ListItem","position":1,"name":"Dom\u016f","item":"https:\/\/shopatoa.com\/ro\/"},{"@type":"ListItem","position":2,"name":"Shop","item":"https:\/\/shopatoa.com\/ro\/shop\/"},{"@type":"ListItem","position":3,"name":"S\u0103n\u0103tate \u0219i frumuse\u021be","item":"https:\/\/shopatoa.com\/ro\/sanatate-si-frumusete\/"},{"@type":"ListItem","position":4,"name":"\u00cengrijire personal\u0103","item":"https:\/\/shopatoa.com\/ro\/ingrijire-personala\/"},{"@type":"ListItem","position":5,"name":"B\u0103rbierit \u0219i \u00eengrijire personal\u0103","item":"https:\/\/shopatoa.com\/ro\/barbierit-si-ingrijire-personala\/"},{"@type":"ListItem","position":6,"name":"Captain Fawcett Expedition Reserve balsam dup\u0103 b\u0103rbierit pentru barbati 125 ml"}]},{"@type":"WebSite","@id":"https:\/\/shopatoa.com\/ro\/#website","url":"https:\/\/shopatoa.com\/ro\/","name":"SHOPATOA","description":"","publisher":{"@id":"https:\/\/shopatoa.com\/ro\/#organization"},"potentialAction":[{"@type":"SearchAction","target":{"@type":"EntryPoint","urlTemplate":"https:\/\/shopatoa.com\/ro\/?s={search_term_string}"},"query-input":{"@type":"PropertyValueSpecification","valueRequired":true,"valueName":"search_term_string"}}],"inLanguage":"ro-RO"},{"@type":"Organization","@id":"https:\/\/shopatoa.com\/ro\/#organization","name":"SHOPATOA","url":"https:\/\/shopatoa.com\/ro\/","logo":{"@type":"ImageObject","inLanguage":"ro-RO","@id":"https:\/\/shopatoa.com\/ro\/#\/schema\/logo\/image\/","url":"https:\/\/storage.googleapis.com\/cz-shopatoa-img\/ro\/b4dac915-shopatoa_logo.png","contentUrl":"https:\/\/storage.googleapis.com\/cz-shopatoa-img\/ro\/b4dac915-shopatoa_logo.png","width":416,"height":63,"caption":"SHOPATOA"},"image":{"@id":"https:\/\/shopatoa.com\/ro\/#\/schema\/logo\/image\/"}}]}},"_links":{"self":[{"href":"https:\/\/shopatoa.com\/ro\/wp-json\/wp\/v2\/product\/436110","targetHints":{"allow":["GET"]}}],"collection":[{"href":"https:\/\/shopatoa.com\/ro\/wp-json\/wp\/v2\/product"}],"about":[{"href":"https:\/\/shopatoa.com\/ro\/wp-json\/wp\/v2\/types\/product"}],"replies":[{"embeddable":true,"href":"https:\/\/shopatoa.com\/ro\/wp-json\/wp\/v2\/comments?post=436110"}],"wp:featuredmedia":[{"embeddable":true,"href":"https:\/\/shopatoa.com\/ro\/wp-json\/wp\/v2\/media\/436111"}],"wp:attachment":[{"href":"https:\/\/shopatoa.com\/ro\/wp-json\/wp\/v2\/media?parent=436110"}],"wp:term":[{"taxonomy":"product_brand","embeddable":true,"href":"https:\/\/shopatoa.com\/ro\/wp-json\/wp\/v2\/product_brand?post=436110"},{"taxonomy":"product_cat","embeddable":true,"href":"https:\/\/shopatoa.com\/ro\/wp-json\/wp\/v2\/product_cat?post=436110"},{"taxonomy":"product_tag","embeddable":true,"href":"https:\/\/shopatoa.com\/ro\/wp-json\/wp\/v2\/product_tag?post=436110"}],"curies":[{"name":"wp","href":"https:\/\/api.w.org\/{rel}","templated":true}]}}