{"id":436226,"date":"2025-06-24T03:26:53","date_gmt":"2025-06-24T01:26:53","guid":{"rendered":"https:\/\/shopatoa.com\/ro\/captain-fawcett-hand-cream-expedition-crema-de-maini-hidratanta-unt-de-shea-pentru-barbati-90-ml\/"},"modified":"2025-06-24T03:28:30","modified_gmt":"2025-06-24T01:28:30","slug":"captain-fawcett-hand-cream-expedition-crema-de-maini-hidratanta-unt-de-shea-pentru-barbati-90-ml","status":"publish","type":"product","link":"https:\/\/shopatoa.com\/ro\/captain-fawcett-hand-cream-expedition-crema-de-maini-hidratanta-unt-de-shea-pentru-barbati-90-ml\/","title":{"rendered":"Captain Fawcett Hand Cream Expedition crema de maini hidratanta unt de shea pentru b\u0103rba\u021bi 90 ml"},"content":{"rendered":"<p>Captain Fawcett Hand Cream Expedition, 90 ml, Lo\u021biuni \u0219i creme de corp pentru b\u0103rba\u021bi, M\u00e2inile \u00eengrijite sunt cartea dvs. de vizit\u0103. Crema Captain Fawcett Hand Cream Expedition le va men\u021bine perfect catifelate \u0219i hidratate. Va asigura m\u00e2inilor o nutri\u021bie de lung\u0103 durat\u0103, catifelare \u0219i protec\u021bie \u00eempotriva usc\u0103rii, pentru ca acestea s\u0103 fie frumoase \u00eentreaga zi.  Caracteristici:  se absoarbe rapid hidrateaz\u0103 \u0219i hr\u0103ne\u0219te pielea las\u0103 pielea fin\u0103 \u0219i neted\u0103 protejeaz\u0103 \u00eempotriva influen\u021belor negative ale mediului miroase pl\u0103cut  Cum se utilizeaz\u0103: Se aplic\u0103 crema pe m\u00e2ini, dup\u0103 nevoie \u0219i se maseaz\u0103 p\u00e2n\u0103 la absorb\u021bie.<\/p>\n","protected":false},"excerpt":{"rendered":"<p>Captain Fawcett Hand Cream Expedition, 90 ml, Lo\u021biuni \u0219i creme de corp pentru b\u0103rba\u021bi, M\u00e2inile \u00eengrijite sunt cartea dvs. de vizit\u0103. Crema Captain Fawcett Hand Cream Expedition le va men\u021bine perfect catifelate \u0219i hidratate. Va asigura m\u00e2inilor o nutri\u021bie de lung\u0103 durat\u0103, catifelare \u0219i protec\u021bie \u00eempotriva usc\u0103rii, pentru ca acestea s\u0103 fie frumoase \u00eentreaga zi&#8230;.<\/p>\n","protected":false},"featured_media":436227,"comment_status":"closed","ping_status":"open","template":"","meta":{"_acf_changed":false,"_kadence_starter_templates_imported_post":false,"_kad_post_transparent":"","_kad_post_title":"","_kad_post_layout":"","_kad_post_sidebar_id":"","_kad_post_content_style":"","_kad_post_vertical_padding":"","_kad_post_feature":"","_kad_post_feature_position":"","_kad_post_header":false,"_kad_post_footer":false,"_kad_post_classname":""},"product_brand":[147],"product_cat":[1564,1563,1565,1562],"product_tag":[],"class_list":{"0":"post-436226","1":"product","2":"type-product","3":"status-publish","4":"has-post-thumbnail","6":"product_brand-captain-fawcett","7":"product_cat-cosmetice-ingrijire-personala","8":"product_cat-ingrijire-personala","9":"product_cat-ingrijirea-pielii","10":"product_cat-sanatate-si-frumusete","11":"pa_gen-male","12":"pa_marime-90-ml","14":"first","15":"instock","16":"sale","17":"product-type-external","18":"entry","19":"content-bg","20":"loop-entry"},"acf":[],"yoast_head":"<!-- This site is optimized with the Yoast SEO plugin v27.4 - https:\/\/yoast.com\/product\/yoast-seo-wordpress\/ -->\n<title>Captain Fawcett Hand Cream Expedition crema de maini hidratanta unt de shea pentru b\u0103rba\u021bi 90 ml - SHOPATOA.COM<\/title>\n<meta name=\"robots\" content=\"index, follow, max-snippet:-1, max-image-preview:large, max-video-preview:-1\" \/>\n<link rel=\"canonical\" href=\"https:\/\/shopatoa.com\/ro\/captain-fawcett-hand-cream-expedition-crema-de-maini-hidratanta-unt-de-shea-pentru-barbati-90-ml\/\" \/>\n<meta property=\"og:locale\" content=\"ro_RO\" \/>\n<meta property=\"og:type\" content=\"article\" \/>\n<meta property=\"og:title\" content=\"Captain Fawcett Hand Cream Expedition crema de maini hidratanta unt de shea pentru b\u0103rba\u021bi 90 ml - SHOPATOA.COM\" \/>\n<meta property=\"og:description\" content=\"Captain Fawcett Hand Cream Expedition, 90 ml, Lo\u021biuni \u0219i creme de corp pentru b\u0103rba\u021bi, M\u00e2inile \u00eengrijite sunt cartea dvs. de vizit\u0103. Crema Captain Fawcett Hand Cream Expedition le va men\u021bine perfect catifelate \u0219i hidratate. Va asigura m\u00e2inilor o nutri\u021bie de lung\u0103 durat\u0103, catifelare \u0219i protec\u021bie \u00eempotriva usc\u0103rii, pentru ca acestea s\u0103 fie frumoase \u00eentreaga zi....\" \/>\n<meta property=\"og:url\" content=\"https:\/\/shopatoa.com\/ro\/captain-fawcett-hand-cream-expedition-crema-de-maini-hidratanta-unt-de-shea-pentru-barbati-90-ml\/\" \/>\n<meta property=\"og:site_name\" content=\"SHOPATOA\" \/>\n<meta property=\"article:modified_time\" content=\"2025-06-24T01:28:30+00:00\" \/>\n<meta property=\"og:image\" content=\"https:\/\/storage.googleapis.com\/cz-shopatoa-img\/ro\/82b36256-unnamed-file.webp\" \/>\n\t<meta property=\"og:image:width\" content=\"800\" \/>\n\t<meta property=\"og:image:height\" content=\"800\" \/>\n\t<meta property=\"og:image:type\" content=\"image\/webp\" \/>\n<meta name=\"twitter:card\" content=\"summary_large_image\" \/>\n<meta name=\"twitter:label1\" content=\"Timp estimat pentru citire\" \/>\n\t<meta name=\"twitter:data1\" content=\"1 minut\" \/>\n<script type=\"application\/ld+json\" class=\"yoast-schema-graph\">{\"@context\":\"https:\\\/\\\/schema.org\",\"@graph\":[{\"@type\":\"WebPage\",\"@id\":\"https:\\\/\\\/shopatoa.com\\\/ro\\\/captain-fawcett-hand-cream-expedition-crema-de-maini-hidratanta-unt-de-shea-pentru-barbati-90-ml\\\/\",\"url\":\"https:\\\/\\\/shopatoa.com\\\/ro\\\/captain-fawcett-hand-cream-expedition-crema-de-maini-hidratanta-unt-de-shea-pentru-barbati-90-ml\\\/\",\"name\":\"Captain Fawcett Hand Cream Expedition crema de maini hidratanta unt de shea pentru b\u0103rba\u021bi 90 ml - SHOPATOA.COM\",\"isPartOf\":{\"@id\":\"https:\\\/\\\/shopatoa.com\\\/ro\\\/#website\"},\"primaryImageOfPage\":{\"@id\":\"https:\\\/\\\/shopatoa.com\\\/ro\\\/captain-fawcett-hand-cream-expedition-crema-de-maini-hidratanta-unt-de-shea-pentru-barbati-90-ml\\\/#primaryimage\"},\"image\":{\"@id\":\"https:\\\/\\\/shopatoa.com\\\/ro\\\/captain-fawcett-hand-cream-expedition-crema-de-maini-hidratanta-unt-de-shea-pentru-barbati-90-ml\\\/#primaryimage\"},\"thumbnailUrl\":\"https:\\\/\\\/storage.googleapis.com\\\/cz-shopatoa-img\\\/ro\\\/82b36256-unnamed-file.webp\",\"datePublished\":\"2025-06-24T01:26:53+00:00\",\"dateModified\":\"2025-06-24T01:28:30+00:00\",\"breadcrumb\":{\"@id\":\"https:\\\/\\\/shopatoa.com\\\/ro\\\/captain-fawcett-hand-cream-expedition-crema-de-maini-hidratanta-unt-de-shea-pentru-barbati-90-ml\\\/#breadcrumb\"},\"inLanguage\":\"ro-RO\",\"potentialAction\":[{\"@type\":\"ReadAction\",\"target\":[\"https:\\\/\\\/shopatoa.com\\\/ro\\\/captain-fawcett-hand-cream-expedition-crema-de-maini-hidratanta-unt-de-shea-pentru-barbati-90-ml\\\/\"]}]},{\"@type\":\"ImageObject\",\"inLanguage\":\"ro-RO\",\"@id\":\"https:\\\/\\\/shopatoa.com\\\/ro\\\/captain-fawcett-hand-cream-expedition-crema-de-maini-hidratanta-unt-de-shea-pentru-barbati-90-ml\\\/#primaryimage\",\"url\":\"https:\\\/\\\/storage.googleapis.com\\\/cz-shopatoa-img\\\/ro\\\/82b36256-unnamed-file.webp\",\"contentUrl\":\"https:\\\/\\\/storage.googleapis.com\\\/cz-shopatoa-img\\\/ro\\\/82b36256-unnamed-file.webp\",\"width\":800,\"height\":800},{\"@type\":\"BreadcrumbList\",\"@id\":\"https:\\\/\\\/shopatoa.com\\\/ro\\\/captain-fawcett-hand-cream-expedition-crema-de-maini-hidratanta-unt-de-shea-pentru-barbati-90-ml\\\/#breadcrumb\",\"itemListElement\":[{\"@type\":\"ListItem\",\"position\":1,\"name\":\"Dom\u016f\",\"item\":\"https:\\\/\\\/shopatoa.com\\\/ro\\\/\"},{\"@type\":\"ListItem\",\"position\":2,\"name\":\"Shop\",\"item\":\"https:\\\/\\\/shopatoa.com\\\/ro\\\/shop\\\/\"},{\"@type\":\"ListItem\",\"position\":3,\"name\":\"Captain Fawcett Hand Cream Expedition crema de maini hidratanta unt de shea pentru b\u0103rba\u021bi 90 ml\"}]},{\"@type\":\"WebSite\",\"@id\":\"https:\\\/\\\/shopatoa.com\\\/ro\\\/#website\",\"url\":\"https:\\\/\\\/shopatoa.com\\\/ro\\\/\",\"name\":\"SHOPATOA\",\"description\":\"\",\"publisher\":{\"@id\":\"https:\\\/\\\/shopatoa.com\\\/ro\\\/#organization\"},\"potentialAction\":[{\"@type\":\"SearchAction\",\"target\":{\"@type\":\"EntryPoint\",\"urlTemplate\":\"https:\\\/\\\/shopatoa.com\\\/ro\\\/?s={search_term_string}\"},\"query-input\":{\"@type\":\"PropertyValueSpecification\",\"valueRequired\":true,\"valueName\":\"search_term_string\"}}],\"inLanguage\":\"ro-RO\"},{\"@type\":\"Organization\",\"@id\":\"https:\\\/\\\/shopatoa.com\\\/ro\\\/#organization\",\"name\":\"SHOPATOA\",\"url\":\"https:\\\/\\\/shopatoa.com\\\/ro\\\/\",\"logo\":{\"@type\":\"ImageObject\",\"inLanguage\":\"ro-RO\",\"@id\":\"https:\\\/\\\/shopatoa.com\\\/ro\\\/#\\\/schema\\\/logo\\\/image\\\/\",\"url\":\"https:\\\/\\\/storage.googleapis.com\\\/cz-shopatoa-img\\\/ro\\\/b4dac915-shopatoa_logo.png\",\"contentUrl\":\"https:\\\/\\\/storage.googleapis.com\\\/cz-shopatoa-img\\\/ro\\\/b4dac915-shopatoa_logo.png\",\"width\":416,\"height\":63,\"caption\":\"SHOPATOA\"},\"image\":{\"@id\":\"https:\\\/\\\/shopatoa.com\\\/ro\\\/#\\\/schema\\\/logo\\\/image\\\/\"}}]}<\/script>\n<!-- \/ Yoast SEO plugin. -->","yoast_head_json":{"title":"Captain Fawcett Hand Cream Expedition crema de maini hidratanta unt de shea pentru b\u0103rba\u021bi 90 ml - SHOPATOA.COM","robots":{"index":"index","follow":"follow","max-snippet":"max-snippet:-1","max-image-preview":"max-image-preview:large","max-video-preview":"max-video-preview:-1"},"canonical":"https:\/\/shopatoa.com\/ro\/captain-fawcett-hand-cream-expedition-crema-de-maini-hidratanta-unt-de-shea-pentru-barbati-90-ml\/","og_locale":"ro_RO","og_type":"article","og_title":"Captain Fawcett Hand Cream Expedition crema de maini hidratanta unt de shea pentru b\u0103rba\u021bi 90 ml - SHOPATOA.COM","og_description":"Captain Fawcett Hand Cream Expedition, 90 ml, Lo\u021biuni \u0219i creme de corp pentru b\u0103rba\u021bi, M\u00e2inile \u00eengrijite sunt cartea dvs. de vizit\u0103. Crema Captain Fawcett Hand Cream Expedition le va men\u021bine perfect catifelate \u0219i hidratate. Va asigura m\u00e2inilor o nutri\u021bie de lung\u0103 durat\u0103, catifelare \u0219i protec\u021bie \u00eempotriva usc\u0103rii, pentru ca acestea s\u0103 fie frumoase \u00eentreaga zi....","og_url":"https:\/\/shopatoa.com\/ro\/captain-fawcett-hand-cream-expedition-crema-de-maini-hidratanta-unt-de-shea-pentru-barbati-90-ml\/","og_site_name":"SHOPATOA","article_modified_time":"2025-06-24T01:28:30+00:00","og_image":[{"width":800,"height":800,"url":"https:\/\/storage.googleapis.com\/cz-shopatoa-img\/ro\/82b36256-unnamed-file.webp","type":"image\/webp"}],"twitter_card":"summary_large_image","twitter_misc":{"Timp estimat pentru citire":"1 minut"},"schema":{"@context":"https:\/\/schema.org","@graph":[{"@type":"WebPage","@id":"https:\/\/shopatoa.com\/ro\/captain-fawcett-hand-cream-expedition-crema-de-maini-hidratanta-unt-de-shea-pentru-barbati-90-ml\/","url":"https:\/\/shopatoa.com\/ro\/captain-fawcett-hand-cream-expedition-crema-de-maini-hidratanta-unt-de-shea-pentru-barbati-90-ml\/","name":"Captain Fawcett Hand Cream Expedition crema de maini hidratanta unt de shea pentru b\u0103rba\u021bi 90 ml - SHOPATOA.COM","isPartOf":{"@id":"https:\/\/shopatoa.com\/ro\/#website"},"primaryImageOfPage":{"@id":"https:\/\/shopatoa.com\/ro\/captain-fawcett-hand-cream-expedition-crema-de-maini-hidratanta-unt-de-shea-pentru-barbati-90-ml\/#primaryimage"},"image":{"@id":"https:\/\/shopatoa.com\/ro\/captain-fawcett-hand-cream-expedition-crema-de-maini-hidratanta-unt-de-shea-pentru-barbati-90-ml\/#primaryimage"},"thumbnailUrl":"https:\/\/storage.googleapis.com\/cz-shopatoa-img\/ro\/82b36256-unnamed-file.webp","datePublished":"2025-06-24T01:26:53+00:00","dateModified":"2025-06-24T01:28:30+00:00","breadcrumb":{"@id":"https:\/\/shopatoa.com\/ro\/captain-fawcett-hand-cream-expedition-crema-de-maini-hidratanta-unt-de-shea-pentru-barbati-90-ml\/#breadcrumb"},"inLanguage":"ro-RO","potentialAction":[{"@type":"ReadAction","target":["https:\/\/shopatoa.com\/ro\/captain-fawcett-hand-cream-expedition-crema-de-maini-hidratanta-unt-de-shea-pentru-barbati-90-ml\/"]}]},{"@type":"ImageObject","inLanguage":"ro-RO","@id":"https:\/\/shopatoa.com\/ro\/captain-fawcett-hand-cream-expedition-crema-de-maini-hidratanta-unt-de-shea-pentru-barbati-90-ml\/#primaryimage","url":"https:\/\/storage.googleapis.com\/cz-shopatoa-img\/ro\/82b36256-unnamed-file.webp","contentUrl":"https:\/\/storage.googleapis.com\/cz-shopatoa-img\/ro\/82b36256-unnamed-file.webp","width":800,"height":800},{"@type":"BreadcrumbList","@id":"https:\/\/shopatoa.com\/ro\/captain-fawcett-hand-cream-expedition-crema-de-maini-hidratanta-unt-de-shea-pentru-barbati-90-ml\/#breadcrumb","itemListElement":[{"@type":"ListItem","position":1,"name":"Dom\u016f","item":"https:\/\/shopatoa.com\/ro\/"},{"@type":"ListItem","position":2,"name":"Shop","item":"https:\/\/shopatoa.com\/ro\/shop\/"},{"@type":"ListItem","position":3,"name":"Captain Fawcett Hand Cream Expedition crema de maini hidratanta unt de shea pentru b\u0103rba\u021bi 90 ml"}]},{"@type":"WebSite","@id":"https:\/\/shopatoa.com\/ro\/#website","url":"https:\/\/shopatoa.com\/ro\/","name":"SHOPATOA","description":"","publisher":{"@id":"https:\/\/shopatoa.com\/ro\/#organization"},"potentialAction":[{"@type":"SearchAction","target":{"@type":"EntryPoint","urlTemplate":"https:\/\/shopatoa.com\/ro\/?s={search_term_string}"},"query-input":{"@type":"PropertyValueSpecification","valueRequired":true,"valueName":"search_term_string"}}],"inLanguage":"ro-RO"},{"@type":"Organization","@id":"https:\/\/shopatoa.com\/ro\/#organization","name":"SHOPATOA","url":"https:\/\/shopatoa.com\/ro\/","logo":{"@type":"ImageObject","inLanguage":"ro-RO","@id":"https:\/\/shopatoa.com\/ro\/#\/schema\/logo\/image\/","url":"https:\/\/storage.googleapis.com\/cz-shopatoa-img\/ro\/b4dac915-shopatoa_logo.png","contentUrl":"https:\/\/storage.googleapis.com\/cz-shopatoa-img\/ro\/b4dac915-shopatoa_logo.png","width":416,"height":63,"caption":"SHOPATOA"},"image":{"@id":"https:\/\/shopatoa.com\/ro\/#\/schema\/logo\/image\/"}}]}},"_links":{"self":[{"href":"https:\/\/shopatoa.com\/ro\/wp-json\/wp\/v2\/product\/436226","targetHints":{"allow":["GET"]}}],"collection":[{"href":"https:\/\/shopatoa.com\/ro\/wp-json\/wp\/v2\/product"}],"about":[{"href":"https:\/\/shopatoa.com\/ro\/wp-json\/wp\/v2\/types\/product"}],"replies":[{"embeddable":true,"href":"https:\/\/shopatoa.com\/ro\/wp-json\/wp\/v2\/comments?post=436226"}],"wp:featuredmedia":[{"embeddable":true,"href":"https:\/\/shopatoa.com\/ro\/wp-json\/wp\/v2\/media\/436227"}],"wp:attachment":[{"href":"https:\/\/shopatoa.com\/ro\/wp-json\/wp\/v2\/media?parent=436226"}],"wp:term":[{"taxonomy":"product_brand","embeddable":true,"href":"https:\/\/shopatoa.com\/ro\/wp-json\/wp\/v2\/product_brand?post=436226"},{"taxonomy":"product_cat","embeddable":true,"href":"https:\/\/shopatoa.com\/ro\/wp-json\/wp\/v2\/product_cat?post=436226"},{"taxonomy":"product_tag","embeddable":true,"href":"https:\/\/shopatoa.com\/ro\/wp-json\/wp\/v2\/product_tag?post=436226"}],"curies":[{"name":"wp","href":"https:\/\/api.w.org\/{rel}","templated":true}]}}