{"id":436390,"date":"2025-06-24T03:42:23","date_gmt":"2025-06-24T01:42:23","guid":{"rendered":"https:\/\/shopatoa.com\/ro\/natura-siberica-ice-professional-repair-my-hair-tratament-de-ingrijire-intensiv-si-concentrat-pentru-par-uscat-si-deteriorat-keratin-filler-100-ml\/"},"modified":"2025-12-13T03:15:06","modified_gmt":"2025-12-13T02:15:06","slug":"natura-siberica-ice-professional-repair-my-hair-tratament-de-ingrijire-intensiv-si-concentrat-pentru-par-uscat-si-deteriorat-keratin-filler-100-ml","status":"publish","type":"product","link":"https:\/\/shopatoa.com\/ro\/natura-siberica-ice-professional-repair-my-hair-tratament-de-ingrijire-intensiv-si-concentrat-pentru-par-uscat-si-deteriorat-keratin-filler-100-ml\/","title":{"rendered":"Natura Siberica ICE Professional Repair My Hair tratament de ingrijire intensiv si concentrat pentru p\u0103r uscat \u0219i deteriorat Keratin Filler 100 ml"},"content":{"rendered":"<p>Natura Siberica ICE Professional Repair My Hair, 100 ml, Balsamuri pentru p\u0103r pentru femei, P\u0103rul dvs. are nevoie de o salvare imediat\u0103 sub forma unei \u00eengrijiri chiar mai intense dec\u00e2t cea pe care o poate oferi un balsam? Balsamul de p\u0103r Natura Siberica ICE Professional Repair My Hair va contribui la restabilirea condi\u021biei p\u0103rului, la repararea deterior\u0103rilor \u0219i la redarea aspectului s\u0103n\u0103tos al acestuia. Spre deosebire de balsamurile obi\u0219nuite, acesta nu va ac\u021biona doar la suprafa\u021ba fibrelor de p\u0103r, ci va p\u0103trunde mai ad\u00e2nc \u00een structura lor, unde va combate probleme mai serioase dec\u00e2t simpla uscare \u0219i fragilizare dup\u0103 \u0219amponare. Pe l\u00e2ng\u0103 \u00eengrijirea de hidratare \u0219i emoliere, necesar\u0103 dup\u0103 \u0219amponare, asigur\u0103 totodat\u0103 nutri\u021bie intens\u0103 \u0219i profund\u0103, fortificare \u0219i favorizarea regener\u0103rii. Las\u0103 p\u0103rul minunat de catifelat, cu o str\u0103lucire s\u0103n\u0103toas\u0103 \u0219i mai u\u0219or de piept\u0103nat.  Caracteristici:  protejeaz\u0103 p\u0103rul \u00eempotriva deterior\u0103rii las\u0103 p\u0103rul hidratat \u0219i revitalizat regenereaz\u0103 cuticulele p\u0103rului re\u00eentrege\u0219te \u0219i neteze\u0219te suprafa\u021ba p\u0103rului previne ruperea p\u0103rului regenereaz\u0103 p\u0103rul  Ingrediente:  produs vegan  Cum se utilizeaz\u0103: Se aplic\u0103 pe scalp \u0219i p\u0103r, de la r\u0103d\u0103cini p\u00e2n\u0103 la v\u00e2rfuri. Se las\u0103 s\u0103 ac\u021bioneze un timp scurt, apoi se cl\u0103te\u0219te bine.<\/p>\n","protected":false},"excerpt":{"rendered":"<p>Natura Siberica ICE Professional Repair My Hair, 100 ml, Balsamuri pentru p\u0103r pentru femei, P\u0103rul dvs. are nevoie de o salvare imediat\u0103 sub forma unei \u00eengrijiri chiar mai intense dec\u00e2t cea pe care o poate oferi un balsam? Balsamul de p\u0103r Natura Siberica ICE Professional Repair My Hair va contribui la restabilirea condi\u021biei p\u0103rului, la&#8230;<\/p>\n","protected":false},"featured_media":436391,"comment_status":"closed","ping_status":"open","template":"","meta":{"_acf_changed":false,"_kadence_starter_templates_imported_post":false,"_kad_post_transparent":"","_kad_post_title":"","_kad_post_layout":"","_kad_post_sidebar_id":"","_kad_post_content_style":"","_kad_post_vertical_padding":"","_kad_post_feature":"","_kad_post_feature_position":"","_kad_post_header":false,"_kad_post_footer":false,"_kad_post_classname":""},"product_brand":[2701],"product_cat":[1563,1590,1562],"product_tag":[],"class_list":{"0":"post-436390","1":"product","2":"type-product","3":"status-publish","4":"has-post-thumbnail","6":"product_brand-natura-siberica","7":"product_cat-ingrijire-personala","8":"product_cat-ingrijirea-parului","9":"product_cat-sanatate-si-frumusete","10":"pa_gen-female","11":"pa_marime-100-ml","13":"first","14":"instock","15":"sale","16":"product-type-external","17":"entry","18":"content-bg","19":"loop-entry"},"acf":[],"yoast_head":"<!-- This site is optimized with the Yoast SEO plugin v27.4 - https:\/\/yoast.com\/product\/yoast-seo-wordpress\/ -->\n<title>Natura Siberica ICE Professional Repair My Hair tratament de ingrijire intensiv si concentrat pentru p\u0103r uscat \u0219i deteriorat Keratin Filler 100 ml - SHOPATOA.COM<\/title>\n<meta name=\"robots\" content=\"index, follow, max-snippet:-1, max-image-preview:large, max-video-preview:-1\" \/>\n<link rel=\"canonical\" href=\"https:\/\/shopatoa.com\/ro\/natura-siberica-ice-professional-repair-my-hair-tratament-de-ingrijire-intensiv-si-concentrat-pentru-par-uscat-si-deteriorat-keratin-filler-100-ml\/\" \/>\n<meta property=\"og:locale\" content=\"ro_RO\" \/>\n<meta property=\"og:type\" content=\"article\" \/>\n<meta property=\"og:title\" content=\"Natura Siberica ICE Professional Repair My Hair tratament de ingrijire intensiv si concentrat pentru p\u0103r uscat \u0219i deteriorat Keratin Filler 100 ml - SHOPATOA.COM\" \/>\n<meta property=\"og:description\" content=\"Natura Siberica ICE Professional Repair My Hair, 100 ml, Balsamuri pentru p\u0103r pentru femei, P\u0103rul dvs. are nevoie de o salvare imediat\u0103 sub forma unei \u00eengrijiri chiar mai intense dec\u00e2t cea pe care o poate oferi un balsam? Balsamul de p\u0103r Natura Siberica ICE Professional Repair My Hair va contribui la restabilirea condi\u021biei p\u0103rului, la...\" \/>\n<meta property=\"og:url\" content=\"https:\/\/shopatoa.com\/ro\/natura-siberica-ice-professional-repair-my-hair-tratament-de-ingrijire-intensiv-si-concentrat-pentru-par-uscat-si-deteriorat-keratin-filler-100-ml\/\" \/>\n<meta property=\"og:site_name\" content=\"SHOPATOA\" \/>\n<meta property=\"article:modified_time\" content=\"2025-12-13T02:15:06+00:00\" \/>\n<meta property=\"og:image\" content=\"https:\/\/storage.googleapis.com\/cz-shopatoa-img\/ro\/a87173fd-unnamed-file.webp\" \/>\n\t<meta property=\"og:image:width\" content=\"800\" \/>\n\t<meta property=\"og:image:height\" content=\"800\" \/>\n\t<meta property=\"og:image:type\" content=\"image\/webp\" \/>\n<meta name=\"twitter:card\" content=\"summary_large_image\" \/>\n<meta name=\"twitter:label1\" content=\"Timp estimat pentru citire\" \/>\n\t<meta name=\"twitter:data1\" content=\"1 minut\" \/>\n<script type=\"application\/ld+json\" class=\"yoast-schema-graph\">{\"@context\":\"https:\\\/\\\/schema.org\",\"@graph\":[{\"@type\":\"WebPage\",\"@id\":\"https:\\\/\\\/shopatoa.com\\\/ro\\\/natura-siberica-ice-professional-repair-my-hair-tratament-de-ingrijire-intensiv-si-concentrat-pentru-par-uscat-si-deteriorat-keratin-filler-100-ml\\\/\",\"url\":\"https:\\\/\\\/shopatoa.com\\\/ro\\\/natura-siberica-ice-professional-repair-my-hair-tratament-de-ingrijire-intensiv-si-concentrat-pentru-par-uscat-si-deteriorat-keratin-filler-100-ml\\\/\",\"name\":\"Natura Siberica ICE Professional Repair My Hair tratament de ingrijire intensiv si concentrat pentru p\u0103r uscat \u0219i deteriorat Keratin Filler 100 ml - SHOPATOA.COM\",\"isPartOf\":{\"@id\":\"https:\\\/\\\/shopatoa.com\\\/ro\\\/#website\"},\"primaryImageOfPage\":{\"@id\":\"https:\\\/\\\/shopatoa.com\\\/ro\\\/natura-siberica-ice-professional-repair-my-hair-tratament-de-ingrijire-intensiv-si-concentrat-pentru-par-uscat-si-deteriorat-keratin-filler-100-ml\\\/#primaryimage\"},\"image\":{\"@id\":\"https:\\\/\\\/shopatoa.com\\\/ro\\\/natura-siberica-ice-professional-repair-my-hair-tratament-de-ingrijire-intensiv-si-concentrat-pentru-par-uscat-si-deteriorat-keratin-filler-100-ml\\\/#primaryimage\"},\"thumbnailUrl\":\"https:\\\/\\\/storage.googleapis.com\\\/cz-shopatoa-img\\\/ro\\\/a87173fd-unnamed-file.webp\",\"datePublished\":\"2025-06-24T01:42:23+00:00\",\"dateModified\":\"2025-12-13T02:15:06+00:00\",\"breadcrumb\":{\"@id\":\"https:\\\/\\\/shopatoa.com\\\/ro\\\/natura-siberica-ice-professional-repair-my-hair-tratament-de-ingrijire-intensiv-si-concentrat-pentru-par-uscat-si-deteriorat-keratin-filler-100-ml\\\/#breadcrumb\"},\"inLanguage\":\"ro-RO\",\"potentialAction\":[{\"@type\":\"ReadAction\",\"target\":[\"https:\\\/\\\/shopatoa.com\\\/ro\\\/natura-siberica-ice-professional-repair-my-hair-tratament-de-ingrijire-intensiv-si-concentrat-pentru-par-uscat-si-deteriorat-keratin-filler-100-ml\\\/\"]}]},{\"@type\":\"ImageObject\",\"inLanguage\":\"ro-RO\",\"@id\":\"https:\\\/\\\/shopatoa.com\\\/ro\\\/natura-siberica-ice-professional-repair-my-hair-tratament-de-ingrijire-intensiv-si-concentrat-pentru-par-uscat-si-deteriorat-keratin-filler-100-ml\\\/#primaryimage\",\"url\":\"https:\\\/\\\/storage.googleapis.com\\\/cz-shopatoa-img\\\/ro\\\/a87173fd-unnamed-file.webp\",\"contentUrl\":\"https:\\\/\\\/storage.googleapis.com\\\/cz-shopatoa-img\\\/ro\\\/a87173fd-unnamed-file.webp\",\"width\":800,\"height\":800},{\"@type\":\"BreadcrumbList\",\"@id\":\"https:\\\/\\\/shopatoa.com\\\/ro\\\/natura-siberica-ice-professional-repair-my-hair-tratament-de-ingrijire-intensiv-si-concentrat-pentru-par-uscat-si-deteriorat-keratin-filler-100-ml\\\/#breadcrumb\",\"itemListElement\":[{\"@type\":\"ListItem\",\"position\":1,\"name\":\"Dom\u016f\",\"item\":\"https:\\\/\\\/shopatoa.com\\\/ro\\\/\"},{\"@type\":\"ListItem\",\"position\":2,\"name\":\"Shop\",\"item\":\"https:\\\/\\\/shopatoa.com\\\/ro\\\/shop\\\/\"},{\"@type\":\"ListItem\",\"position\":3,\"name\":\"S\u0103n\u0103tate \u0219i frumuse\u021be\",\"item\":\"https:\\\/\\\/shopatoa.com\\\/ro\\\/sanatate-si-frumusete\\\/\"},{\"@type\":\"ListItem\",\"position\":4,\"name\":\"\u00cengrijire personal\u0103\",\"item\":\"https:\\\/\\\/shopatoa.com\\\/ro\\\/ingrijire-personala\\\/\"},{\"@type\":\"ListItem\",\"position\":5,\"name\":\"\u00cengrijirea p\u0103rului\",\"item\":\"https:\\\/\\\/shopatoa.com\\\/ro\\\/ingrijirea-parului\\\/\"},{\"@type\":\"ListItem\",\"position\":6,\"name\":\"Natura Siberica ICE Professional Repair My Hair tratament de ingrijire intensiv si concentrat pentru p\u0103r uscat \u0219i deteriorat Keratin Filler 100 ml\"}]},{\"@type\":\"WebSite\",\"@id\":\"https:\\\/\\\/shopatoa.com\\\/ro\\\/#website\",\"url\":\"https:\\\/\\\/shopatoa.com\\\/ro\\\/\",\"name\":\"SHOPATOA\",\"description\":\"\",\"publisher\":{\"@id\":\"https:\\\/\\\/shopatoa.com\\\/ro\\\/#organization\"},\"potentialAction\":[{\"@type\":\"SearchAction\",\"target\":{\"@type\":\"EntryPoint\",\"urlTemplate\":\"https:\\\/\\\/shopatoa.com\\\/ro\\\/?s={search_term_string}\"},\"query-input\":{\"@type\":\"PropertyValueSpecification\",\"valueRequired\":true,\"valueName\":\"search_term_string\"}}],\"inLanguage\":\"ro-RO\"},{\"@type\":\"Organization\",\"@id\":\"https:\\\/\\\/shopatoa.com\\\/ro\\\/#organization\",\"name\":\"SHOPATOA\",\"url\":\"https:\\\/\\\/shopatoa.com\\\/ro\\\/\",\"logo\":{\"@type\":\"ImageObject\",\"inLanguage\":\"ro-RO\",\"@id\":\"https:\\\/\\\/shopatoa.com\\\/ro\\\/#\\\/schema\\\/logo\\\/image\\\/\",\"url\":\"https:\\\/\\\/storage.googleapis.com\\\/cz-shopatoa-img\\\/ro\\\/b4dac915-shopatoa_logo.png\",\"contentUrl\":\"https:\\\/\\\/storage.googleapis.com\\\/cz-shopatoa-img\\\/ro\\\/b4dac915-shopatoa_logo.png\",\"width\":416,\"height\":63,\"caption\":\"SHOPATOA\"},\"image\":{\"@id\":\"https:\\\/\\\/shopatoa.com\\\/ro\\\/#\\\/schema\\\/logo\\\/image\\\/\"}}]}<\/script>\n<!-- \/ Yoast SEO plugin. -->","yoast_head_json":{"title":"Natura Siberica ICE Professional Repair My Hair tratament de ingrijire intensiv si concentrat pentru p\u0103r uscat \u0219i deteriorat Keratin Filler 100 ml - SHOPATOA.COM","robots":{"index":"index","follow":"follow","max-snippet":"max-snippet:-1","max-image-preview":"max-image-preview:large","max-video-preview":"max-video-preview:-1"},"canonical":"https:\/\/shopatoa.com\/ro\/natura-siberica-ice-professional-repair-my-hair-tratament-de-ingrijire-intensiv-si-concentrat-pentru-par-uscat-si-deteriorat-keratin-filler-100-ml\/","og_locale":"ro_RO","og_type":"article","og_title":"Natura Siberica ICE Professional Repair My Hair tratament de ingrijire intensiv si concentrat pentru p\u0103r uscat \u0219i deteriorat Keratin Filler 100 ml - SHOPATOA.COM","og_description":"Natura Siberica ICE Professional Repair My Hair, 100 ml, Balsamuri pentru p\u0103r pentru femei, P\u0103rul dvs. are nevoie de o salvare imediat\u0103 sub forma unei \u00eengrijiri chiar mai intense dec\u00e2t cea pe care o poate oferi un balsam? Balsamul de p\u0103r Natura Siberica ICE Professional Repair My Hair va contribui la restabilirea condi\u021biei p\u0103rului, la...","og_url":"https:\/\/shopatoa.com\/ro\/natura-siberica-ice-professional-repair-my-hair-tratament-de-ingrijire-intensiv-si-concentrat-pentru-par-uscat-si-deteriorat-keratin-filler-100-ml\/","og_site_name":"SHOPATOA","article_modified_time":"2025-12-13T02:15:06+00:00","og_image":[{"width":800,"height":800,"url":"https:\/\/storage.googleapis.com\/cz-shopatoa-img\/ro\/a87173fd-unnamed-file.webp","type":"image\/webp"}],"twitter_card":"summary_large_image","twitter_misc":{"Timp estimat pentru citire":"1 minut"},"schema":{"@context":"https:\/\/schema.org","@graph":[{"@type":"WebPage","@id":"https:\/\/shopatoa.com\/ro\/natura-siberica-ice-professional-repair-my-hair-tratament-de-ingrijire-intensiv-si-concentrat-pentru-par-uscat-si-deteriorat-keratin-filler-100-ml\/","url":"https:\/\/shopatoa.com\/ro\/natura-siberica-ice-professional-repair-my-hair-tratament-de-ingrijire-intensiv-si-concentrat-pentru-par-uscat-si-deteriorat-keratin-filler-100-ml\/","name":"Natura Siberica ICE Professional Repair My Hair tratament de ingrijire intensiv si concentrat pentru p\u0103r uscat \u0219i deteriorat Keratin Filler 100 ml - SHOPATOA.COM","isPartOf":{"@id":"https:\/\/shopatoa.com\/ro\/#website"},"primaryImageOfPage":{"@id":"https:\/\/shopatoa.com\/ro\/natura-siberica-ice-professional-repair-my-hair-tratament-de-ingrijire-intensiv-si-concentrat-pentru-par-uscat-si-deteriorat-keratin-filler-100-ml\/#primaryimage"},"image":{"@id":"https:\/\/shopatoa.com\/ro\/natura-siberica-ice-professional-repair-my-hair-tratament-de-ingrijire-intensiv-si-concentrat-pentru-par-uscat-si-deteriorat-keratin-filler-100-ml\/#primaryimage"},"thumbnailUrl":"https:\/\/storage.googleapis.com\/cz-shopatoa-img\/ro\/a87173fd-unnamed-file.webp","datePublished":"2025-06-24T01:42:23+00:00","dateModified":"2025-12-13T02:15:06+00:00","breadcrumb":{"@id":"https:\/\/shopatoa.com\/ro\/natura-siberica-ice-professional-repair-my-hair-tratament-de-ingrijire-intensiv-si-concentrat-pentru-par-uscat-si-deteriorat-keratin-filler-100-ml\/#breadcrumb"},"inLanguage":"ro-RO","potentialAction":[{"@type":"ReadAction","target":["https:\/\/shopatoa.com\/ro\/natura-siberica-ice-professional-repair-my-hair-tratament-de-ingrijire-intensiv-si-concentrat-pentru-par-uscat-si-deteriorat-keratin-filler-100-ml\/"]}]},{"@type":"ImageObject","inLanguage":"ro-RO","@id":"https:\/\/shopatoa.com\/ro\/natura-siberica-ice-professional-repair-my-hair-tratament-de-ingrijire-intensiv-si-concentrat-pentru-par-uscat-si-deteriorat-keratin-filler-100-ml\/#primaryimage","url":"https:\/\/storage.googleapis.com\/cz-shopatoa-img\/ro\/a87173fd-unnamed-file.webp","contentUrl":"https:\/\/storage.googleapis.com\/cz-shopatoa-img\/ro\/a87173fd-unnamed-file.webp","width":800,"height":800},{"@type":"BreadcrumbList","@id":"https:\/\/shopatoa.com\/ro\/natura-siberica-ice-professional-repair-my-hair-tratament-de-ingrijire-intensiv-si-concentrat-pentru-par-uscat-si-deteriorat-keratin-filler-100-ml\/#breadcrumb","itemListElement":[{"@type":"ListItem","position":1,"name":"Dom\u016f","item":"https:\/\/shopatoa.com\/ro\/"},{"@type":"ListItem","position":2,"name":"Shop","item":"https:\/\/shopatoa.com\/ro\/shop\/"},{"@type":"ListItem","position":3,"name":"S\u0103n\u0103tate \u0219i frumuse\u021be","item":"https:\/\/shopatoa.com\/ro\/sanatate-si-frumusete\/"},{"@type":"ListItem","position":4,"name":"\u00cengrijire personal\u0103","item":"https:\/\/shopatoa.com\/ro\/ingrijire-personala\/"},{"@type":"ListItem","position":5,"name":"\u00cengrijirea p\u0103rului","item":"https:\/\/shopatoa.com\/ro\/ingrijirea-parului\/"},{"@type":"ListItem","position":6,"name":"Natura Siberica ICE Professional Repair My Hair tratament de ingrijire intensiv si concentrat pentru p\u0103r uscat \u0219i deteriorat Keratin Filler 100 ml"}]},{"@type":"WebSite","@id":"https:\/\/shopatoa.com\/ro\/#website","url":"https:\/\/shopatoa.com\/ro\/","name":"SHOPATOA","description":"","publisher":{"@id":"https:\/\/shopatoa.com\/ro\/#organization"},"potentialAction":[{"@type":"SearchAction","target":{"@type":"EntryPoint","urlTemplate":"https:\/\/shopatoa.com\/ro\/?s={search_term_string}"},"query-input":{"@type":"PropertyValueSpecification","valueRequired":true,"valueName":"search_term_string"}}],"inLanguage":"ro-RO"},{"@type":"Organization","@id":"https:\/\/shopatoa.com\/ro\/#organization","name":"SHOPATOA","url":"https:\/\/shopatoa.com\/ro\/","logo":{"@type":"ImageObject","inLanguage":"ro-RO","@id":"https:\/\/shopatoa.com\/ro\/#\/schema\/logo\/image\/","url":"https:\/\/storage.googleapis.com\/cz-shopatoa-img\/ro\/b4dac915-shopatoa_logo.png","contentUrl":"https:\/\/storage.googleapis.com\/cz-shopatoa-img\/ro\/b4dac915-shopatoa_logo.png","width":416,"height":63,"caption":"SHOPATOA"},"image":{"@id":"https:\/\/shopatoa.com\/ro\/#\/schema\/logo\/image\/"}}]}},"_links":{"self":[{"href":"https:\/\/shopatoa.com\/ro\/wp-json\/wp\/v2\/product\/436390","targetHints":{"allow":["GET"]}}],"collection":[{"href":"https:\/\/shopatoa.com\/ro\/wp-json\/wp\/v2\/product"}],"about":[{"href":"https:\/\/shopatoa.com\/ro\/wp-json\/wp\/v2\/types\/product"}],"replies":[{"embeddable":true,"href":"https:\/\/shopatoa.com\/ro\/wp-json\/wp\/v2\/comments?post=436390"}],"wp:featuredmedia":[{"embeddable":true,"href":"https:\/\/shopatoa.com\/ro\/wp-json\/wp\/v2\/media\/436391"}],"wp:attachment":[{"href":"https:\/\/shopatoa.com\/ro\/wp-json\/wp\/v2\/media?parent=436390"}],"wp:term":[{"taxonomy":"product_brand","embeddable":true,"href":"https:\/\/shopatoa.com\/ro\/wp-json\/wp\/v2\/product_brand?post=436390"},{"taxonomy":"product_cat","embeddable":true,"href":"https:\/\/shopatoa.com\/ro\/wp-json\/wp\/v2\/product_cat?post=436390"},{"taxonomy":"product_tag","embeddable":true,"href":"https:\/\/shopatoa.com\/ro\/wp-json\/wp\/v2\/product_tag?post=436390"}],"curies":[{"name":"wp","href":"https:\/\/api.w.org\/{rel}","templated":true}]}}