{"id":436695,"date":"2025-06-24T04:30:19","date_gmt":"2025-06-24T02:30:19","guid":{"rendered":"https:\/\/shopatoa.com\/ro\/olivia-garden-hot-pink-set-set-cadou-pentru-modelarea-termica-a-parului\/"},"modified":"2025-06-24T04:30:56","modified_gmt":"2025-06-24T02:30:56","slug":"olivia-garden-hot-pink-set-set-cadou-pentru-modelarea-termica-a-parului","status":"publish","type":"product","link":"https:\/\/shopatoa.com\/ro\/olivia-garden-hot-pink-set-set-cadou-pentru-modelarea-termica-a-parului\/","title":{"rendered":"Olivia Garden Hot Pink Set set cadou pentru modelarea termica a parului"},"content":{"rendered":"<p>Olivia Garden Hot Pink Set, 1 buc, Perii cilindrice pentru femei, Nu doar \u0219amponul, balsamul \u0219i alte produse cosmetice pentru p\u0103r sunt esen\u021biale pentru frumuse\u021bea p\u0103rului dvs. O rutin\u0103 corect\u0103 de \u00eengrijire \u00eencepe cu o piept\u0103nare regulat\u0103, complet\u0103, dar suficient de delicat\u0103. Tocmai de aceea, peria de p\u0103r Olivia Garden Hot Pink Set nu ar trebui s\u0103 lipseasc\u0103 din echipamentul dvs. Fiind un ajutor indispensabil pentru coafarea de zi cu zi \u0219i pentru un styling mai complex, va completa perfect produsele dvs. de \u00eengrijire a p\u0103rului \u0219i v\u0103 va ajuta s\u0103 ob\u021bine\u021bi un p\u0103r chiar mai catifelat, mai neted \u0219i mai s\u0103n\u0103tos, pe care este o bucurie s\u0103-l atinge\u021bi.  Setul con\u021bine:  Olivia Garden Fingerbrush ThinkPink perie de tip palet\u0103 cu peri de nailon \u0219i de mistre\u021b 1 buc  Olivia Garden Expert Shine Hot Pink perie cu ventilatie pentru p\u0103r lung 1 buc   Caracteristici:  Perii special contura\u021bi descurc\u0103 p\u0103rul f\u0103r\u0103 durere minimizeaz\u0103 deteriorarea p\u0103rului previne ruperea \u0219i despicarea p\u0103rului neteze\u0219te \u0219i \u00eendreapt\u0103 p\u0103rul foarte potrivit ca un cadou  Cum se utilizeaz\u0103: P\u0103rul se va peria \u00eencet \u0219i delicat, pentru a evita deteriorarea mecanic\u0103 a firelor de p\u0103r.<\/p>\n","protected":false},"excerpt":{"rendered":"<p>Olivia Garden Hot Pink Set, 1 buc, Perii cilindrice pentru femei, Nu doar \u0219amponul, balsamul \u0219i alte produse cosmetice pentru p\u0103r sunt esen\u021biale pentru frumuse\u021bea p\u0103rului dvs. O rutin\u0103 corect\u0103 de \u00eengrijire \u00eencepe cu o piept\u0103nare regulat\u0103, complet\u0103, dar suficient de delicat\u0103. Tocmai de aceea, peria de p\u0103r Olivia Garden Hot Pink Set nu ar&#8230;<\/p>\n","protected":false},"featured_media":436696,"comment_status":"closed","ping_status":"open","template":"","meta":{"_acf_changed":false,"_kadence_starter_templates_imported_post":false,"_kad_post_transparent":"","_kad_post_title":"","_kad_post_layout":"","_kad_post_sidebar_id":"","_kad_post_content_style":"","_kad_post_vertical_padding":"","_kad_post_feature":"","_kad_post_feature_position":"","_kad_post_header":false,"_kad_post_footer":false,"_kad_post_classname":""},"product_brand":[1727],"product_cat":[1563,1590,1652,1653,1562],"product_tag":[],"class_list":{"0":"post-436695","1":"product","2":"type-product","3":"status-publish","4":"has-post-thumbnail","6":"product_brand-olivia-garden","7":"product_cat-ingrijire-personala","8":"product_cat-ingrijirea-parului","9":"product_cat-instrumente-de-coafat","10":"product_cat-piepteni-si-perii","11":"product_cat-sanatate-si-frumusete","12":"pa_gen-female","13":"pa_marime-1-buc","15":"first","16":"instock","17":"sale","18":"product-type-external","19":"entry","20":"content-bg","21":"loop-entry"},"acf":[],"yoast_head":"<!-- This site is optimized with the Yoast SEO plugin v27.4 - https:\/\/yoast.com\/product\/yoast-seo-wordpress\/ -->\n<title>Olivia Garden Hot Pink Set set cadou pentru modelarea termica a parului - SHOPATOA.COM<\/title>\n<meta name=\"robots\" content=\"index, follow, max-snippet:-1, max-image-preview:large, max-video-preview:-1\" \/>\n<link rel=\"canonical\" href=\"https:\/\/shopatoa.com\/ro\/olivia-garden-hot-pink-set-set-cadou-pentru-modelarea-termica-a-parului\/\" \/>\n<meta property=\"og:locale\" content=\"ro_RO\" \/>\n<meta property=\"og:type\" content=\"article\" \/>\n<meta property=\"og:title\" content=\"Olivia Garden Hot Pink Set set cadou pentru modelarea termica a parului - SHOPATOA.COM\" \/>\n<meta property=\"og:description\" content=\"Olivia Garden Hot Pink Set, 1 buc, Perii cilindrice pentru femei, Nu doar \u0219amponul, balsamul \u0219i alte produse cosmetice pentru p\u0103r sunt esen\u021biale pentru frumuse\u021bea p\u0103rului dvs. O rutin\u0103 corect\u0103 de \u00eengrijire \u00eencepe cu o piept\u0103nare regulat\u0103, complet\u0103, dar suficient de delicat\u0103. Tocmai de aceea, peria de p\u0103r Olivia Garden Hot Pink Set nu ar...\" \/>\n<meta property=\"og:url\" content=\"https:\/\/shopatoa.com\/ro\/olivia-garden-hot-pink-set-set-cadou-pentru-modelarea-termica-a-parului\/\" \/>\n<meta property=\"og:site_name\" content=\"SHOPATOA\" \/>\n<meta property=\"article:modified_time\" content=\"2025-06-24T02:30:56+00:00\" \/>\n<meta property=\"og:image\" content=\"https:\/\/storage.googleapis.com\/cz-shopatoa-img\/ro\/2751aa0b-unnamed-file.webp\" \/>\n\t<meta property=\"og:image:width\" content=\"800\" \/>\n\t<meta property=\"og:image:height\" content=\"800\" \/>\n\t<meta property=\"og:image:type\" content=\"image\/webp\" \/>\n<meta name=\"twitter:card\" content=\"summary_large_image\" \/>\n<meta name=\"twitter:label1\" content=\"Timp estimat pentru citire\" \/>\n\t<meta name=\"twitter:data1\" content=\"1 minut\" \/>\n<script type=\"application\/ld+json\" class=\"yoast-schema-graph\">{\"@context\":\"https:\\\/\\\/schema.org\",\"@graph\":[{\"@type\":\"WebPage\",\"@id\":\"https:\\\/\\\/shopatoa.com\\\/ro\\\/olivia-garden-hot-pink-set-set-cadou-pentru-modelarea-termica-a-parului\\\/\",\"url\":\"https:\\\/\\\/shopatoa.com\\\/ro\\\/olivia-garden-hot-pink-set-set-cadou-pentru-modelarea-termica-a-parului\\\/\",\"name\":\"Olivia Garden Hot Pink Set set cadou pentru modelarea termica a parului - SHOPATOA.COM\",\"isPartOf\":{\"@id\":\"https:\\\/\\\/shopatoa.com\\\/ro\\\/#website\"},\"primaryImageOfPage\":{\"@id\":\"https:\\\/\\\/shopatoa.com\\\/ro\\\/olivia-garden-hot-pink-set-set-cadou-pentru-modelarea-termica-a-parului\\\/#primaryimage\"},\"image\":{\"@id\":\"https:\\\/\\\/shopatoa.com\\\/ro\\\/olivia-garden-hot-pink-set-set-cadou-pentru-modelarea-termica-a-parului\\\/#primaryimage\"},\"thumbnailUrl\":\"https:\\\/\\\/storage.googleapis.com\\\/cz-shopatoa-img\\\/ro\\\/2751aa0b-unnamed-file.webp\",\"datePublished\":\"2025-06-24T02:30:19+00:00\",\"dateModified\":\"2025-06-24T02:30:56+00:00\",\"breadcrumb\":{\"@id\":\"https:\\\/\\\/shopatoa.com\\\/ro\\\/olivia-garden-hot-pink-set-set-cadou-pentru-modelarea-termica-a-parului\\\/#breadcrumb\"},\"inLanguage\":\"ro-RO\",\"potentialAction\":[{\"@type\":\"ReadAction\",\"target\":[\"https:\\\/\\\/shopatoa.com\\\/ro\\\/olivia-garden-hot-pink-set-set-cadou-pentru-modelarea-termica-a-parului\\\/\"]}]},{\"@type\":\"ImageObject\",\"inLanguage\":\"ro-RO\",\"@id\":\"https:\\\/\\\/shopatoa.com\\\/ro\\\/olivia-garden-hot-pink-set-set-cadou-pentru-modelarea-termica-a-parului\\\/#primaryimage\",\"url\":\"https:\\\/\\\/storage.googleapis.com\\\/cz-shopatoa-img\\\/ro\\\/2751aa0b-unnamed-file.webp\",\"contentUrl\":\"https:\\\/\\\/storage.googleapis.com\\\/cz-shopatoa-img\\\/ro\\\/2751aa0b-unnamed-file.webp\",\"width\":800,\"height\":800},{\"@type\":\"BreadcrumbList\",\"@id\":\"https:\\\/\\\/shopatoa.com\\\/ro\\\/olivia-garden-hot-pink-set-set-cadou-pentru-modelarea-termica-a-parului\\\/#breadcrumb\",\"itemListElement\":[{\"@type\":\"ListItem\",\"position\":1,\"name\":\"Dom\u016f\",\"item\":\"https:\\\/\\\/shopatoa.com\\\/ro\\\/\"},{\"@type\":\"ListItem\",\"position\":2,\"name\":\"Shop\",\"item\":\"https:\\\/\\\/shopatoa.com\\\/ro\\\/shop\\\/\"},{\"@type\":\"ListItem\",\"position\":3,\"name\":\"Olivia Garden Hot Pink Set set cadou pentru modelarea termica a parului\"}]},{\"@type\":\"WebSite\",\"@id\":\"https:\\\/\\\/shopatoa.com\\\/ro\\\/#website\",\"url\":\"https:\\\/\\\/shopatoa.com\\\/ro\\\/\",\"name\":\"SHOPATOA\",\"description\":\"\",\"publisher\":{\"@id\":\"https:\\\/\\\/shopatoa.com\\\/ro\\\/#organization\"},\"potentialAction\":[{\"@type\":\"SearchAction\",\"target\":{\"@type\":\"EntryPoint\",\"urlTemplate\":\"https:\\\/\\\/shopatoa.com\\\/ro\\\/?s={search_term_string}\"},\"query-input\":{\"@type\":\"PropertyValueSpecification\",\"valueRequired\":true,\"valueName\":\"search_term_string\"}}],\"inLanguage\":\"ro-RO\"},{\"@type\":\"Organization\",\"@id\":\"https:\\\/\\\/shopatoa.com\\\/ro\\\/#organization\",\"name\":\"SHOPATOA\",\"url\":\"https:\\\/\\\/shopatoa.com\\\/ro\\\/\",\"logo\":{\"@type\":\"ImageObject\",\"inLanguage\":\"ro-RO\",\"@id\":\"https:\\\/\\\/shopatoa.com\\\/ro\\\/#\\\/schema\\\/logo\\\/image\\\/\",\"url\":\"https:\\\/\\\/storage.googleapis.com\\\/cz-shopatoa-img\\\/ro\\\/b4dac915-shopatoa_logo.png\",\"contentUrl\":\"https:\\\/\\\/storage.googleapis.com\\\/cz-shopatoa-img\\\/ro\\\/b4dac915-shopatoa_logo.png\",\"width\":416,\"height\":63,\"caption\":\"SHOPATOA\"},\"image\":{\"@id\":\"https:\\\/\\\/shopatoa.com\\\/ro\\\/#\\\/schema\\\/logo\\\/image\\\/\"}}]}<\/script>\n<!-- \/ Yoast SEO plugin. -->","yoast_head_json":{"title":"Olivia Garden Hot Pink Set set cadou pentru modelarea termica a parului - SHOPATOA.COM","robots":{"index":"index","follow":"follow","max-snippet":"max-snippet:-1","max-image-preview":"max-image-preview:large","max-video-preview":"max-video-preview:-1"},"canonical":"https:\/\/shopatoa.com\/ro\/olivia-garden-hot-pink-set-set-cadou-pentru-modelarea-termica-a-parului\/","og_locale":"ro_RO","og_type":"article","og_title":"Olivia Garden Hot Pink Set set cadou pentru modelarea termica a parului - SHOPATOA.COM","og_description":"Olivia Garden Hot Pink Set, 1 buc, Perii cilindrice pentru femei, Nu doar \u0219amponul, balsamul \u0219i alte produse cosmetice pentru p\u0103r sunt esen\u021biale pentru frumuse\u021bea p\u0103rului dvs. O rutin\u0103 corect\u0103 de \u00eengrijire \u00eencepe cu o piept\u0103nare regulat\u0103, complet\u0103, dar suficient de delicat\u0103. Tocmai de aceea, peria de p\u0103r Olivia Garden Hot Pink Set nu ar...","og_url":"https:\/\/shopatoa.com\/ro\/olivia-garden-hot-pink-set-set-cadou-pentru-modelarea-termica-a-parului\/","og_site_name":"SHOPATOA","article_modified_time":"2025-06-24T02:30:56+00:00","og_image":[{"width":800,"height":800,"url":"https:\/\/storage.googleapis.com\/cz-shopatoa-img\/ro\/2751aa0b-unnamed-file.webp","type":"image\/webp"}],"twitter_card":"summary_large_image","twitter_misc":{"Timp estimat pentru citire":"1 minut"},"schema":{"@context":"https:\/\/schema.org","@graph":[{"@type":"WebPage","@id":"https:\/\/shopatoa.com\/ro\/olivia-garden-hot-pink-set-set-cadou-pentru-modelarea-termica-a-parului\/","url":"https:\/\/shopatoa.com\/ro\/olivia-garden-hot-pink-set-set-cadou-pentru-modelarea-termica-a-parului\/","name":"Olivia Garden Hot Pink Set set cadou pentru modelarea termica a parului - SHOPATOA.COM","isPartOf":{"@id":"https:\/\/shopatoa.com\/ro\/#website"},"primaryImageOfPage":{"@id":"https:\/\/shopatoa.com\/ro\/olivia-garden-hot-pink-set-set-cadou-pentru-modelarea-termica-a-parului\/#primaryimage"},"image":{"@id":"https:\/\/shopatoa.com\/ro\/olivia-garden-hot-pink-set-set-cadou-pentru-modelarea-termica-a-parului\/#primaryimage"},"thumbnailUrl":"https:\/\/storage.googleapis.com\/cz-shopatoa-img\/ro\/2751aa0b-unnamed-file.webp","datePublished":"2025-06-24T02:30:19+00:00","dateModified":"2025-06-24T02:30:56+00:00","breadcrumb":{"@id":"https:\/\/shopatoa.com\/ro\/olivia-garden-hot-pink-set-set-cadou-pentru-modelarea-termica-a-parului\/#breadcrumb"},"inLanguage":"ro-RO","potentialAction":[{"@type":"ReadAction","target":["https:\/\/shopatoa.com\/ro\/olivia-garden-hot-pink-set-set-cadou-pentru-modelarea-termica-a-parului\/"]}]},{"@type":"ImageObject","inLanguage":"ro-RO","@id":"https:\/\/shopatoa.com\/ro\/olivia-garden-hot-pink-set-set-cadou-pentru-modelarea-termica-a-parului\/#primaryimage","url":"https:\/\/storage.googleapis.com\/cz-shopatoa-img\/ro\/2751aa0b-unnamed-file.webp","contentUrl":"https:\/\/storage.googleapis.com\/cz-shopatoa-img\/ro\/2751aa0b-unnamed-file.webp","width":800,"height":800},{"@type":"BreadcrumbList","@id":"https:\/\/shopatoa.com\/ro\/olivia-garden-hot-pink-set-set-cadou-pentru-modelarea-termica-a-parului\/#breadcrumb","itemListElement":[{"@type":"ListItem","position":1,"name":"Dom\u016f","item":"https:\/\/shopatoa.com\/ro\/"},{"@type":"ListItem","position":2,"name":"Shop","item":"https:\/\/shopatoa.com\/ro\/shop\/"},{"@type":"ListItem","position":3,"name":"Olivia Garden Hot Pink Set set cadou pentru modelarea termica a parului"}]},{"@type":"WebSite","@id":"https:\/\/shopatoa.com\/ro\/#website","url":"https:\/\/shopatoa.com\/ro\/","name":"SHOPATOA","description":"","publisher":{"@id":"https:\/\/shopatoa.com\/ro\/#organization"},"potentialAction":[{"@type":"SearchAction","target":{"@type":"EntryPoint","urlTemplate":"https:\/\/shopatoa.com\/ro\/?s={search_term_string}"},"query-input":{"@type":"PropertyValueSpecification","valueRequired":true,"valueName":"search_term_string"}}],"inLanguage":"ro-RO"},{"@type":"Organization","@id":"https:\/\/shopatoa.com\/ro\/#organization","name":"SHOPATOA","url":"https:\/\/shopatoa.com\/ro\/","logo":{"@type":"ImageObject","inLanguage":"ro-RO","@id":"https:\/\/shopatoa.com\/ro\/#\/schema\/logo\/image\/","url":"https:\/\/storage.googleapis.com\/cz-shopatoa-img\/ro\/b4dac915-shopatoa_logo.png","contentUrl":"https:\/\/storage.googleapis.com\/cz-shopatoa-img\/ro\/b4dac915-shopatoa_logo.png","width":416,"height":63,"caption":"SHOPATOA"},"image":{"@id":"https:\/\/shopatoa.com\/ro\/#\/schema\/logo\/image\/"}}]}},"_links":{"self":[{"href":"https:\/\/shopatoa.com\/ro\/wp-json\/wp\/v2\/product\/436695","targetHints":{"allow":["GET"]}}],"collection":[{"href":"https:\/\/shopatoa.com\/ro\/wp-json\/wp\/v2\/product"}],"about":[{"href":"https:\/\/shopatoa.com\/ro\/wp-json\/wp\/v2\/types\/product"}],"replies":[{"embeddable":true,"href":"https:\/\/shopatoa.com\/ro\/wp-json\/wp\/v2\/comments?post=436695"}],"wp:featuredmedia":[{"embeddable":true,"href":"https:\/\/shopatoa.com\/ro\/wp-json\/wp\/v2\/media\/436696"}],"wp:attachment":[{"href":"https:\/\/shopatoa.com\/ro\/wp-json\/wp\/v2\/media?parent=436695"}],"wp:term":[{"taxonomy":"product_brand","embeddable":true,"href":"https:\/\/shopatoa.com\/ro\/wp-json\/wp\/v2\/product_brand?post=436695"},{"taxonomy":"product_cat","embeddable":true,"href":"https:\/\/shopatoa.com\/ro\/wp-json\/wp\/v2\/product_cat?post=436695"},{"taxonomy":"product_tag","embeddable":true,"href":"https:\/\/shopatoa.com\/ro\/wp-json\/wp\/v2\/product_tag?post=436695"}],"curies":[{"name":"wp","href":"https:\/\/api.w.org\/{rel}","templated":true}]}}