{"id":436825,"date":"2025-06-24T04:41:06","date_gmt":"2025-06-24T02:41:06","guid":{"rendered":"https:\/\/shopatoa.com\/ro\/claresa-soakoff-uv-led-color-ice-cream-lac-de-unghii-sub-forma-de-gel-culoare-5-5-g\/"},"modified":"2025-12-13T00:53:34","modified_gmt":"2025-12-12T23:53:34","slug":"claresa-soakoff-uv-led-color-ice-cream-lac-de-unghii-sub-forma-de-gel-culoare-5-5-g","status":"publish","type":"product","link":"https:\/\/shopatoa.com\/ro\/claresa-soakoff-uv-led-color-ice-cream-lac-de-unghii-sub-forma-de-gel-culoare-5-5-g\/","title":{"rendered":"Claresa SoakOff UV\/LED Color Ice Cream lac de unghii sub forma de gel culoare 5 5 g"},"content":{"rendered":"<p>Claresa SoakOff UV\/LED Color Ice Cream, 5 g, Modelarea unghiilor pentru femei, Caracteristici:  utiliza\u021bi numai \u00eempreun\u0103 cu lampa LED confer\u0103 un luciu intens aplicare confortabil\u0103 pentru rezisten\u021b\u0103 de lung\u0103 durat\u0103 acoper\u0103 unghiile cu un strat uniform de culoare  este rezistent la zg\u00e2riere \u0219i ciobire  Cum se utilizeaz\u0103: Aplica\u021bi pe unghii un strat sub\u021bire de lac gel pentru unghii \u2013 ac\u021biona\u021bi din centru spre laterale pentru a preveni excesul pe margini. Introduce\u021bi unghiile vopsite \u00een lampa LED sau \u00een lampa UV pentru 30 secunde sau c\u00e2teva minute (urma\u021bi \u00eentotdeauna instruc\u021biunile incluse).<\/p>\n","protected":false},"excerpt":{"rendered":"<p>Claresa SoakOff UV\/LED Color Ice Cream, 5 g, Modelarea unghiilor pentru femei, Caracteristici: utiliza\u021bi numai \u00eempreun\u0103 cu lampa LED confer\u0103 un luciu intens aplicare confortabil\u0103 pentru rezisten\u021b\u0103 de lung\u0103 durat\u0103 acoper\u0103 unghiile cu un strat uniform de culoare este rezistent la zg\u00e2riere \u0219i ciobire Cum se utilizeaz\u0103: Aplica\u021bi pe unghii un strat sub\u021bire de lac&#8230;<\/p>\n","protected":false},"featured_media":436826,"comment_status":"closed","ping_status":"open","template":"","meta":{"_acf_changed":false,"_kadence_starter_templates_imported_post":false,"_kad_post_transparent":"","_kad_post_title":"","_kad_post_layout":"","_kad_post_sidebar_id":"","_kad_post_content_style":"","_kad_post_vertical_padding":"","_kad_post_feature":"","_kad_post_feature_position":"","_kad_post_header":false,"_kad_post_footer":false,"_kad_post_classname":""},"product_brand":[1955],"product_cat":[1564,1563,1581,1585,1562],"product_tag":[],"class_list":{"0":"post-436825","1":"product","2":"type-product","3":"status-publish","4":"has-post-thumbnail","6":"product_brand-claresa","7":"product_cat-cosmetice-ingrijire-personala","8":"product_cat-ingrijire-personala","9":"product_cat-ingrijirea-unghiilor","10":"product_cat-oje-de-unghii-ingrijirea-unghiilor","11":"product_cat-sanatate-si-frumusete","12":"pa_gen-female","13":"pa_marime-5-g","15":"first","16":"instock","17":"sale","18":"product-type-external","19":"entry","20":"content-bg","21":"loop-entry"},"acf":[],"yoast_head":"<!-- This site is optimized with the Yoast SEO plugin v27.3 - https:\/\/yoast.com\/product\/yoast-seo-wordpress\/ -->\n<title>Claresa SoakOff UV\/LED Color Ice Cream lac de unghii sub forma de gel culoare 5 5 g - SHOPATOA.COM<\/title>\n<meta name=\"robots\" content=\"index, follow, max-snippet:-1, max-image-preview:large, max-video-preview:-1\" \/>\n<link rel=\"canonical\" href=\"https:\/\/shopatoa.com\/ro\/claresa-soakoff-uv-led-color-ice-cream-lac-de-unghii-sub-forma-de-gel-culoare-5-5-g\/\" \/>\n<meta property=\"og:locale\" content=\"ro_RO\" \/>\n<meta property=\"og:type\" content=\"article\" \/>\n<meta property=\"og:title\" content=\"Claresa SoakOff UV\/LED Color Ice Cream lac de unghii sub forma de gel culoare 5 5 g - SHOPATOA.COM\" \/>\n<meta property=\"og:description\" content=\"Claresa SoakOff UV\/LED Color Ice Cream, 5 g, Modelarea unghiilor pentru femei, Caracteristici: utiliza\u021bi numai \u00eempreun\u0103 cu lampa LED confer\u0103 un luciu intens aplicare confortabil\u0103 pentru rezisten\u021b\u0103 de lung\u0103 durat\u0103 acoper\u0103 unghiile cu un strat uniform de culoare este rezistent la zg\u00e2riere \u0219i ciobire Cum se utilizeaz\u0103: Aplica\u021bi pe unghii un strat sub\u021bire de lac...\" \/>\n<meta property=\"og:url\" content=\"https:\/\/shopatoa.com\/ro\/claresa-soakoff-uv-led-color-ice-cream-lac-de-unghii-sub-forma-de-gel-culoare-5-5-g\/\" \/>\n<meta property=\"og:site_name\" content=\"SHOPATOA\" \/>\n<meta property=\"article:modified_time\" content=\"2025-12-12T23:53:34+00:00\" \/>\n<meta property=\"og:image\" content=\"https:\/\/storage.googleapis.com\/cz-shopatoa-img\/ro\/0644c9f3-unnamed-file.webp\" \/>\n\t<meta property=\"og:image:width\" content=\"800\" \/>\n\t<meta property=\"og:image:height\" content=\"800\" \/>\n\t<meta property=\"og:image:type\" content=\"image\/webp\" \/>\n<meta name=\"twitter:card\" content=\"summary_large_image\" \/>\n<script type=\"application\/ld+json\" class=\"yoast-schema-graph\">{\"@context\":\"https:\\\/\\\/schema.org\",\"@graph\":[{\"@type\":\"WebPage\",\"@id\":\"https:\\\/\\\/shopatoa.com\\\/ro\\\/claresa-soakoff-uv-led-color-ice-cream-lac-de-unghii-sub-forma-de-gel-culoare-5-5-g\\\/\",\"url\":\"https:\\\/\\\/shopatoa.com\\\/ro\\\/claresa-soakoff-uv-led-color-ice-cream-lac-de-unghii-sub-forma-de-gel-culoare-5-5-g\\\/\",\"name\":\"Claresa SoakOff UV\\\/LED Color Ice Cream lac de unghii sub forma de gel culoare 5 5 g - SHOPATOA.COM\",\"isPartOf\":{\"@id\":\"https:\\\/\\\/shopatoa.com\\\/ro\\\/#website\"},\"primaryImageOfPage\":{\"@id\":\"https:\\\/\\\/shopatoa.com\\\/ro\\\/claresa-soakoff-uv-led-color-ice-cream-lac-de-unghii-sub-forma-de-gel-culoare-5-5-g\\\/#primaryimage\"},\"image\":{\"@id\":\"https:\\\/\\\/shopatoa.com\\\/ro\\\/claresa-soakoff-uv-led-color-ice-cream-lac-de-unghii-sub-forma-de-gel-culoare-5-5-g\\\/#primaryimage\"},\"thumbnailUrl\":\"https:\\\/\\\/storage.googleapis.com\\\/cz-shopatoa-img\\\/ro\\\/0644c9f3-unnamed-file.webp\",\"datePublished\":\"2025-06-24T02:41:06+00:00\",\"dateModified\":\"2025-12-12T23:53:34+00:00\",\"breadcrumb\":{\"@id\":\"https:\\\/\\\/shopatoa.com\\\/ro\\\/claresa-soakoff-uv-led-color-ice-cream-lac-de-unghii-sub-forma-de-gel-culoare-5-5-g\\\/#breadcrumb\"},\"inLanguage\":\"ro-RO\",\"potentialAction\":[{\"@type\":\"ReadAction\",\"target\":[\"https:\\\/\\\/shopatoa.com\\\/ro\\\/claresa-soakoff-uv-led-color-ice-cream-lac-de-unghii-sub-forma-de-gel-culoare-5-5-g\\\/\"]}]},{\"@type\":\"ImageObject\",\"inLanguage\":\"ro-RO\",\"@id\":\"https:\\\/\\\/shopatoa.com\\\/ro\\\/claresa-soakoff-uv-led-color-ice-cream-lac-de-unghii-sub-forma-de-gel-culoare-5-5-g\\\/#primaryimage\",\"url\":\"https:\\\/\\\/storage.googleapis.com\\\/cz-shopatoa-img\\\/ro\\\/0644c9f3-unnamed-file.webp\",\"contentUrl\":\"https:\\\/\\\/storage.googleapis.com\\\/cz-shopatoa-img\\\/ro\\\/0644c9f3-unnamed-file.webp\",\"width\":800,\"height\":800},{\"@type\":\"BreadcrumbList\",\"@id\":\"https:\\\/\\\/shopatoa.com\\\/ro\\\/claresa-soakoff-uv-led-color-ice-cream-lac-de-unghii-sub-forma-de-gel-culoare-5-5-g\\\/#breadcrumb\",\"itemListElement\":[{\"@type\":\"ListItem\",\"position\":1,\"name\":\"Dom\u016f\",\"item\":\"https:\\\/\\\/shopatoa.com\\\/ro\\\/\"},{\"@type\":\"ListItem\",\"position\":2,\"name\":\"Shop\",\"item\":\"https:\\\/\\\/shopatoa.com\\\/ro\\\/shop\\\/\"},{\"@type\":\"ListItem\",\"position\":3,\"name\":\"S\u0103n\u0103tate \u0219i frumuse\u021be\",\"item\":\"https:\\\/\\\/shopatoa.com\\\/ro\\\/sanatate-si-frumusete\\\/\"},{\"@type\":\"ListItem\",\"position\":4,\"name\":\"\u00cengrijire personal\u0103\",\"item\":\"https:\\\/\\\/shopatoa.com\\\/ro\\\/ingrijire-personala\\\/\"},{\"@type\":\"ListItem\",\"position\":5,\"name\":\"Cosmetice\",\"item\":\"https:\\\/\\\/shopatoa.com\\\/ro\\\/cosmetice-ingrijire-personala\\\/\"},{\"@type\":\"ListItem\",\"position\":6,\"name\":\"\u00cengrijirea unghiilor\",\"item\":\"https:\\\/\\\/shopatoa.com\\\/ro\\\/ingrijirea-unghiilor\\\/\"},{\"@type\":\"ListItem\",\"position\":7,\"name\":\"Oje de unghii\",\"item\":\"https:\\\/\\\/shopatoa.com\\\/ro\\\/oje-de-unghii-ingrijirea-unghiilor\\\/\"},{\"@type\":\"ListItem\",\"position\":8,\"name\":\"Claresa SoakOff UV\\\/LED Color Ice Cream lac de unghii sub forma de gel culoare 5 5 g\"}]},{\"@type\":\"WebSite\",\"@id\":\"https:\\\/\\\/shopatoa.com\\\/ro\\\/#website\",\"url\":\"https:\\\/\\\/shopatoa.com\\\/ro\\\/\",\"name\":\"SHOPATOA\",\"description\":\"\",\"publisher\":{\"@id\":\"https:\\\/\\\/shopatoa.com\\\/ro\\\/#organization\"},\"potentialAction\":[{\"@type\":\"SearchAction\",\"target\":{\"@type\":\"EntryPoint\",\"urlTemplate\":\"https:\\\/\\\/shopatoa.com\\\/ro\\\/?s={search_term_string}\"},\"query-input\":{\"@type\":\"PropertyValueSpecification\",\"valueRequired\":true,\"valueName\":\"search_term_string\"}}],\"inLanguage\":\"ro-RO\"},{\"@type\":\"Organization\",\"@id\":\"https:\\\/\\\/shopatoa.com\\\/ro\\\/#organization\",\"name\":\"SHOPATOA\",\"url\":\"https:\\\/\\\/shopatoa.com\\\/ro\\\/\",\"logo\":{\"@type\":\"ImageObject\",\"inLanguage\":\"ro-RO\",\"@id\":\"https:\\\/\\\/shopatoa.com\\\/ro\\\/#\\\/schema\\\/logo\\\/image\\\/\",\"url\":\"https:\\\/\\\/storage.googleapis.com\\\/cz-shopatoa-img\\\/ro\\\/b4dac915-shopatoa_logo.png\",\"contentUrl\":\"https:\\\/\\\/storage.googleapis.com\\\/cz-shopatoa-img\\\/ro\\\/b4dac915-shopatoa_logo.png\",\"width\":416,\"height\":63,\"caption\":\"SHOPATOA\"},\"image\":{\"@id\":\"https:\\\/\\\/shopatoa.com\\\/ro\\\/#\\\/schema\\\/logo\\\/image\\\/\"}}]}<\/script>\n<!-- \/ Yoast SEO plugin. -->","yoast_head_json":{"title":"Claresa SoakOff UV\/LED Color Ice Cream lac de unghii sub forma de gel culoare 5 5 g - SHOPATOA.COM","robots":{"index":"index","follow":"follow","max-snippet":"max-snippet:-1","max-image-preview":"max-image-preview:large","max-video-preview":"max-video-preview:-1"},"canonical":"https:\/\/shopatoa.com\/ro\/claresa-soakoff-uv-led-color-ice-cream-lac-de-unghii-sub-forma-de-gel-culoare-5-5-g\/","og_locale":"ro_RO","og_type":"article","og_title":"Claresa SoakOff UV\/LED Color Ice Cream lac de unghii sub forma de gel culoare 5 5 g - SHOPATOA.COM","og_description":"Claresa SoakOff UV\/LED Color Ice Cream, 5 g, Modelarea unghiilor pentru femei, Caracteristici: utiliza\u021bi numai \u00eempreun\u0103 cu lampa LED confer\u0103 un luciu intens aplicare confortabil\u0103 pentru rezisten\u021b\u0103 de lung\u0103 durat\u0103 acoper\u0103 unghiile cu un strat uniform de culoare este rezistent la zg\u00e2riere \u0219i ciobire Cum se utilizeaz\u0103: Aplica\u021bi pe unghii un strat sub\u021bire de lac...","og_url":"https:\/\/shopatoa.com\/ro\/claresa-soakoff-uv-led-color-ice-cream-lac-de-unghii-sub-forma-de-gel-culoare-5-5-g\/","og_site_name":"SHOPATOA","article_modified_time":"2025-12-12T23:53:34+00:00","og_image":[{"width":800,"height":800,"url":"https:\/\/storage.googleapis.com\/cz-shopatoa-img\/ro\/0644c9f3-unnamed-file.webp","type":"image\/webp"}],"twitter_card":"summary_large_image","schema":{"@context":"https:\/\/schema.org","@graph":[{"@type":"WebPage","@id":"https:\/\/shopatoa.com\/ro\/claresa-soakoff-uv-led-color-ice-cream-lac-de-unghii-sub-forma-de-gel-culoare-5-5-g\/","url":"https:\/\/shopatoa.com\/ro\/claresa-soakoff-uv-led-color-ice-cream-lac-de-unghii-sub-forma-de-gel-culoare-5-5-g\/","name":"Claresa SoakOff UV\/LED Color Ice Cream lac de unghii sub forma de gel culoare 5 5 g - SHOPATOA.COM","isPartOf":{"@id":"https:\/\/shopatoa.com\/ro\/#website"},"primaryImageOfPage":{"@id":"https:\/\/shopatoa.com\/ro\/claresa-soakoff-uv-led-color-ice-cream-lac-de-unghii-sub-forma-de-gel-culoare-5-5-g\/#primaryimage"},"image":{"@id":"https:\/\/shopatoa.com\/ro\/claresa-soakoff-uv-led-color-ice-cream-lac-de-unghii-sub-forma-de-gel-culoare-5-5-g\/#primaryimage"},"thumbnailUrl":"https:\/\/storage.googleapis.com\/cz-shopatoa-img\/ro\/0644c9f3-unnamed-file.webp","datePublished":"2025-06-24T02:41:06+00:00","dateModified":"2025-12-12T23:53:34+00:00","breadcrumb":{"@id":"https:\/\/shopatoa.com\/ro\/claresa-soakoff-uv-led-color-ice-cream-lac-de-unghii-sub-forma-de-gel-culoare-5-5-g\/#breadcrumb"},"inLanguage":"ro-RO","potentialAction":[{"@type":"ReadAction","target":["https:\/\/shopatoa.com\/ro\/claresa-soakoff-uv-led-color-ice-cream-lac-de-unghii-sub-forma-de-gel-culoare-5-5-g\/"]}]},{"@type":"ImageObject","inLanguage":"ro-RO","@id":"https:\/\/shopatoa.com\/ro\/claresa-soakoff-uv-led-color-ice-cream-lac-de-unghii-sub-forma-de-gel-culoare-5-5-g\/#primaryimage","url":"https:\/\/storage.googleapis.com\/cz-shopatoa-img\/ro\/0644c9f3-unnamed-file.webp","contentUrl":"https:\/\/storage.googleapis.com\/cz-shopatoa-img\/ro\/0644c9f3-unnamed-file.webp","width":800,"height":800},{"@type":"BreadcrumbList","@id":"https:\/\/shopatoa.com\/ro\/claresa-soakoff-uv-led-color-ice-cream-lac-de-unghii-sub-forma-de-gel-culoare-5-5-g\/#breadcrumb","itemListElement":[{"@type":"ListItem","position":1,"name":"Dom\u016f","item":"https:\/\/shopatoa.com\/ro\/"},{"@type":"ListItem","position":2,"name":"Shop","item":"https:\/\/shopatoa.com\/ro\/shop\/"},{"@type":"ListItem","position":3,"name":"S\u0103n\u0103tate \u0219i frumuse\u021be","item":"https:\/\/shopatoa.com\/ro\/sanatate-si-frumusete\/"},{"@type":"ListItem","position":4,"name":"\u00cengrijire personal\u0103","item":"https:\/\/shopatoa.com\/ro\/ingrijire-personala\/"},{"@type":"ListItem","position":5,"name":"Cosmetice","item":"https:\/\/shopatoa.com\/ro\/cosmetice-ingrijire-personala\/"},{"@type":"ListItem","position":6,"name":"\u00cengrijirea unghiilor","item":"https:\/\/shopatoa.com\/ro\/ingrijirea-unghiilor\/"},{"@type":"ListItem","position":7,"name":"Oje de unghii","item":"https:\/\/shopatoa.com\/ro\/oje-de-unghii-ingrijirea-unghiilor\/"},{"@type":"ListItem","position":8,"name":"Claresa SoakOff UV\/LED Color Ice Cream lac de unghii sub forma de gel culoare 5 5 g"}]},{"@type":"WebSite","@id":"https:\/\/shopatoa.com\/ro\/#website","url":"https:\/\/shopatoa.com\/ro\/","name":"SHOPATOA","description":"","publisher":{"@id":"https:\/\/shopatoa.com\/ro\/#organization"},"potentialAction":[{"@type":"SearchAction","target":{"@type":"EntryPoint","urlTemplate":"https:\/\/shopatoa.com\/ro\/?s={search_term_string}"},"query-input":{"@type":"PropertyValueSpecification","valueRequired":true,"valueName":"search_term_string"}}],"inLanguage":"ro-RO"},{"@type":"Organization","@id":"https:\/\/shopatoa.com\/ro\/#organization","name":"SHOPATOA","url":"https:\/\/shopatoa.com\/ro\/","logo":{"@type":"ImageObject","inLanguage":"ro-RO","@id":"https:\/\/shopatoa.com\/ro\/#\/schema\/logo\/image\/","url":"https:\/\/storage.googleapis.com\/cz-shopatoa-img\/ro\/b4dac915-shopatoa_logo.png","contentUrl":"https:\/\/storage.googleapis.com\/cz-shopatoa-img\/ro\/b4dac915-shopatoa_logo.png","width":416,"height":63,"caption":"SHOPATOA"},"image":{"@id":"https:\/\/shopatoa.com\/ro\/#\/schema\/logo\/image\/"}}]}},"_links":{"self":[{"href":"https:\/\/shopatoa.com\/ro\/wp-json\/wp\/v2\/product\/436825","targetHints":{"allow":["GET"]}}],"collection":[{"href":"https:\/\/shopatoa.com\/ro\/wp-json\/wp\/v2\/product"}],"about":[{"href":"https:\/\/shopatoa.com\/ro\/wp-json\/wp\/v2\/types\/product"}],"replies":[{"embeddable":true,"href":"https:\/\/shopatoa.com\/ro\/wp-json\/wp\/v2\/comments?post=436825"}],"wp:featuredmedia":[{"embeddable":true,"href":"https:\/\/shopatoa.com\/ro\/wp-json\/wp\/v2\/media\/436826"}],"wp:attachment":[{"href":"https:\/\/shopatoa.com\/ro\/wp-json\/wp\/v2\/media?parent=436825"}],"wp:term":[{"taxonomy":"product_brand","embeddable":true,"href":"https:\/\/shopatoa.com\/ro\/wp-json\/wp\/v2\/product_brand?post=436825"},{"taxonomy":"product_cat","embeddable":true,"href":"https:\/\/shopatoa.com\/ro\/wp-json\/wp\/v2\/product_cat?post=436825"},{"taxonomy":"product_tag","embeddable":true,"href":"https:\/\/shopatoa.com\/ro\/wp-json\/wp\/v2\/product_tag?post=436825"}],"curies":[{"name":"wp","href":"https:\/\/api.w.org\/{rel}","templated":true}]}}