{"id":437019,"date":"2025-06-24T04:58:32","date_gmt":"2025-06-24T02:58:32","guid":{"rendered":"https:\/\/shopatoa.com\/ro\/basiclab-dermocosmetics-capillus-sampon-pentru-curatarea-profunda-a-scalpului-seboreic-300-ml\/"},"modified":"2025-12-12T23:52:58","modified_gmt":"2025-12-12T22:52:58","slug":"basiclab-dermocosmetics-capillus-sampon-pentru-curatarea-profunda-a-scalpului-seboreic-300-ml","status":"publish","type":"product","link":"https:\/\/shopatoa.com\/ro\/basiclab-dermocosmetics-capillus-sampon-pentru-curatarea-profunda-a-scalpului-seboreic-300-ml\/","title":{"rendered":"BasicLab Dermocosmetics Capillus sampon pentru curatarea profunda a scalpului seboreic 300 ml"},"content":{"rendered":"<p>BasicLab Dermocosmetics Capillus, 300 ml, \u0218ampoane pentru femei, Pentru a v\u0103 men\u021bine p\u0103rul s\u0103n\u0103tos, str\u0103lucitor \u0219i vital, este important s\u0103 \u00eei oferi\u021bi o \u00eengrijire corect\u0103. Iar aceasta \u00eencepe cu sp\u0103larea regulat\u0103 a p\u0103rului. \u0218amponul BasicLab Dermocosmetics Capillus ajut\u0103 la \u00eendep\u0103rtarea eficient\u0103 a tuturor impurit\u0103\u021bilor, a gr\u0103simii \u0219i a acumul\u0103rilor produselor de styling \u0219i a altor produse cosmetice din p\u0103r \u0219i de pe scalp. \u00cen plus, v\u0103 va oferi o senza\u021bie de prospe\u021bime \u0219i curat, preg\u0103tindu-v\u0103 perfect p\u0103rul \u0219i scalpul pentru \u00eengrijirea ulterioar\u0103 \u0219i va favoriza efectele ingredientelor active con\u021binute.  Caracteristici:  spal\u0103 p\u0103rul \u0219i cur\u0103\u021b\u0103 pielea capului elimin\u0103 gr\u0103simea din p\u0103r \u0219i de pe scalp calmeaz\u0103 scalpul hidrateaz\u0103 intens parfumeaz\u0103 fin p\u0103rul pentru un p\u0103r neted  Ingrediente:  uree \u2013 hidrateaz\u0103 intens p\u0103rul \u0219i scalpul, elimin\u00e2nd de pe suprafa\u021ba lui celulele moarte cutanate, combate irita\u021bia, senza\u021bia de m\u00e2nc\u0103rime \u0219i m\u0103trea\u021ba, fortific\u0103 bariera hidrolipidic\u0103 a fibrei capilare \u0219i previne uscarea \u0219i p\u0103rul rebel pantenol \u2013 hidrateaz\u0103, men\u021bine p\u0103rul \u0219i scalpul hidratate, calmeaz\u0103 \u0219i combate iritarea scalpului, neteze\u0219te fibrele de p\u0103r, \u00eembun\u0103t\u0103\u021be\u0219te elasticitatea acestora  Cum se utilizeaz\u0103: Pe p\u0103rul ud, se aplic\u0103 o cantitate potrivit\u0103 de \u0219ampon. Se spumeaz\u0103 \u0219i se cl\u0103te\u0219te bine.<\/p>\n","protected":false},"excerpt":{"rendered":"<p>BasicLab Dermocosmetics Capillus, 300 ml, \u0218ampoane pentru femei, Pentru a v\u0103 men\u021bine p\u0103rul s\u0103n\u0103tos, str\u0103lucitor \u0219i vital, este important s\u0103 \u00eei oferi\u021bi o \u00eengrijire corect\u0103. Iar aceasta \u00eencepe cu sp\u0103larea regulat\u0103 a p\u0103rului. \u0218amponul BasicLab Dermocosmetics Capillus ajut\u0103 la \u00eendep\u0103rtarea eficient\u0103 a tuturor impurit\u0103\u021bilor, a gr\u0103simii \u0219i a acumul\u0103rilor produselor de styling \u0219i a altor&#8230;<\/p>\n","protected":false},"featured_media":437020,"comment_status":"closed","ping_status":"open","template":"","meta":{"_acf_changed":false,"_kadence_starter_templates_imported_post":false,"_kad_post_transparent":"","_kad_post_title":"","_kad_post_layout":"","_kad_post_sidebar_id":"","_kad_post_content_style":"","_kad_post_vertical_padding":"","_kad_post_feature":"","_kad_post_feature_position":"","_kad_post_header":false,"_kad_post_footer":false,"_kad_post_classname":""},"product_brand":[2993],"product_cat":[1563,1590,1591,1562],"product_tag":[],"class_list":{"0":"post-437019","1":"product","2":"type-product","3":"status-publish","4":"has-post-thumbnail","6":"product_brand-basiclab","7":"product_cat-ingrijire-personala","8":"product_cat-ingrijirea-parului","9":"product_cat-sampon-balsam","10":"product_cat-sanatate-si-frumusete","11":"pa_gen-female","12":"pa_marime-300-ml","14":"first","15":"instock","16":"sale","17":"product-type-external","18":"entry","19":"content-bg","20":"loop-entry"},"acf":[],"yoast_head":"<!-- This site is optimized with the Yoast SEO plugin v27.3 - https:\/\/yoast.com\/product\/yoast-seo-wordpress\/ -->\n<title>BasicLab Dermocosmetics Capillus sampon pentru curatarea profunda a scalpului seboreic 300 ml - SHOPATOA.COM<\/title>\n<meta name=\"robots\" content=\"index, follow, max-snippet:-1, max-image-preview:large, max-video-preview:-1\" \/>\n<link rel=\"canonical\" href=\"https:\/\/shopatoa.com\/ro\/basiclab-dermocosmetics-capillus-sampon-pentru-curatarea-profunda-a-scalpului-seboreic-300-ml\/\" \/>\n<meta property=\"og:locale\" content=\"ro_RO\" \/>\n<meta property=\"og:type\" content=\"article\" \/>\n<meta property=\"og:title\" content=\"BasicLab Dermocosmetics Capillus sampon pentru curatarea profunda a scalpului seboreic 300 ml - SHOPATOA.COM\" \/>\n<meta property=\"og:description\" content=\"BasicLab Dermocosmetics Capillus, 300 ml, \u0218ampoane pentru femei, Pentru a v\u0103 men\u021bine p\u0103rul s\u0103n\u0103tos, str\u0103lucitor \u0219i vital, este important s\u0103 \u00eei oferi\u021bi o \u00eengrijire corect\u0103. Iar aceasta \u00eencepe cu sp\u0103larea regulat\u0103 a p\u0103rului. \u0218amponul BasicLab Dermocosmetics Capillus ajut\u0103 la \u00eendep\u0103rtarea eficient\u0103 a tuturor impurit\u0103\u021bilor, a gr\u0103simii \u0219i a acumul\u0103rilor produselor de styling \u0219i a altor...\" \/>\n<meta property=\"og:url\" content=\"https:\/\/shopatoa.com\/ro\/basiclab-dermocosmetics-capillus-sampon-pentru-curatarea-profunda-a-scalpului-seboreic-300-ml\/\" \/>\n<meta property=\"og:site_name\" content=\"SHOPATOA\" \/>\n<meta property=\"article:modified_time\" content=\"2025-12-12T22:52:58+00:00\" \/>\n<meta property=\"og:image\" content=\"https:\/\/storage.googleapis.com\/cz-shopatoa-img\/ro\/8fe7c86f-unnamed-file.webp\" \/>\n\t<meta property=\"og:image:width\" content=\"800\" \/>\n\t<meta property=\"og:image:height\" content=\"800\" \/>\n\t<meta property=\"og:image:type\" content=\"image\/webp\" \/>\n<meta name=\"twitter:card\" content=\"summary_large_image\" \/>\n<meta name=\"twitter:label1\" content=\"Timp estimat pentru citire\" \/>\n\t<meta name=\"twitter:data1\" content=\"1 minut\" \/>\n<script type=\"application\/ld+json\" class=\"yoast-schema-graph\">{\"@context\":\"https:\\\/\\\/schema.org\",\"@graph\":[{\"@type\":\"WebPage\",\"@id\":\"https:\\\/\\\/shopatoa.com\\\/ro\\\/basiclab-dermocosmetics-capillus-sampon-pentru-curatarea-profunda-a-scalpului-seboreic-300-ml\\\/\",\"url\":\"https:\\\/\\\/shopatoa.com\\\/ro\\\/basiclab-dermocosmetics-capillus-sampon-pentru-curatarea-profunda-a-scalpului-seboreic-300-ml\\\/\",\"name\":\"BasicLab Dermocosmetics Capillus sampon pentru curatarea profunda a scalpului seboreic 300 ml - SHOPATOA.COM\",\"isPartOf\":{\"@id\":\"https:\\\/\\\/shopatoa.com\\\/ro\\\/#website\"},\"primaryImageOfPage\":{\"@id\":\"https:\\\/\\\/shopatoa.com\\\/ro\\\/basiclab-dermocosmetics-capillus-sampon-pentru-curatarea-profunda-a-scalpului-seboreic-300-ml\\\/#primaryimage\"},\"image\":{\"@id\":\"https:\\\/\\\/shopatoa.com\\\/ro\\\/basiclab-dermocosmetics-capillus-sampon-pentru-curatarea-profunda-a-scalpului-seboreic-300-ml\\\/#primaryimage\"},\"thumbnailUrl\":\"https:\\\/\\\/storage.googleapis.com\\\/cz-shopatoa-img\\\/ro\\\/8fe7c86f-unnamed-file.webp\",\"datePublished\":\"2025-06-24T02:58:32+00:00\",\"dateModified\":\"2025-12-12T22:52:58+00:00\",\"breadcrumb\":{\"@id\":\"https:\\\/\\\/shopatoa.com\\\/ro\\\/basiclab-dermocosmetics-capillus-sampon-pentru-curatarea-profunda-a-scalpului-seboreic-300-ml\\\/#breadcrumb\"},\"inLanguage\":\"ro-RO\",\"potentialAction\":[{\"@type\":\"ReadAction\",\"target\":[\"https:\\\/\\\/shopatoa.com\\\/ro\\\/basiclab-dermocosmetics-capillus-sampon-pentru-curatarea-profunda-a-scalpului-seboreic-300-ml\\\/\"]}]},{\"@type\":\"ImageObject\",\"inLanguage\":\"ro-RO\",\"@id\":\"https:\\\/\\\/shopatoa.com\\\/ro\\\/basiclab-dermocosmetics-capillus-sampon-pentru-curatarea-profunda-a-scalpului-seboreic-300-ml\\\/#primaryimage\",\"url\":\"https:\\\/\\\/storage.googleapis.com\\\/cz-shopatoa-img\\\/ro\\\/8fe7c86f-unnamed-file.webp\",\"contentUrl\":\"https:\\\/\\\/storage.googleapis.com\\\/cz-shopatoa-img\\\/ro\\\/8fe7c86f-unnamed-file.webp\",\"width\":800,\"height\":800},{\"@type\":\"BreadcrumbList\",\"@id\":\"https:\\\/\\\/shopatoa.com\\\/ro\\\/basiclab-dermocosmetics-capillus-sampon-pentru-curatarea-profunda-a-scalpului-seboreic-300-ml\\\/#breadcrumb\",\"itemListElement\":[{\"@type\":\"ListItem\",\"position\":1,\"name\":\"Dom\u016f\",\"item\":\"https:\\\/\\\/shopatoa.com\\\/ro\\\/\"},{\"@type\":\"ListItem\",\"position\":2,\"name\":\"Shop\",\"item\":\"https:\\\/\\\/shopatoa.com\\\/ro\\\/shop\\\/\"},{\"@type\":\"ListItem\",\"position\":3,\"name\":\"S\u0103n\u0103tate \u0219i frumuse\u021be\",\"item\":\"https:\\\/\\\/shopatoa.com\\\/ro\\\/sanatate-si-frumusete\\\/\"},{\"@type\":\"ListItem\",\"position\":4,\"name\":\"\u00cengrijire personal\u0103\",\"item\":\"https:\\\/\\\/shopatoa.com\\\/ro\\\/ingrijire-personala\\\/\"},{\"@type\":\"ListItem\",\"position\":5,\"name\":\"\u00cengrijirea p\u0103rului\",\"item\":\"https:\\\/\\\/shopatoa.com\\\/ro\\\/ingrijirea-parului\\\/\"},{\"@type\":\"ListItem\",\"position\":6,\"name\":\"\u0218ampon &amp; Balsam\",\"item\":\"https:\\\/\\\/shopatoa.com\\\/ro\\\/sampon-balsam\\\/\"},{\"@type\":\"ListItem\",\"position\":7,\"name\":\"BasicLab Dermocosmetics Capillus sampon pentru curatarea profunda a scalpului seboreic 300 ml\"}]},{\"@type\":\"WebSite\",\"@id\":\"https:\\\/\\\/shopatoa.com\\\/ro\\\/#website\",\"url\":\"https:\\\/\\\/shopatoa.com\\\/ro\\\/\",\"name\":\"SHOPATOA\",\"description\":\"\",\"publisher\":{\"@id\":\"https:\\\/\\\/shopatoa.com\\\/ro\\\/#organization\"},\"potentialAction\":[{\"@type\":\"SearchAction\",\"target\":{\"@type\":\"EntryPoint\",\"urlTemplate\":\"https:\\\/\\\/shopatoa.com\\\/ro\\\/?s={search_term_string}\"},\"query-input\":{\"@type\":\"PropertyValueSpecification\",\"valueRequired\":true,\"valueName\":\"search_term_string\"}}],\"inLanguage\":\"ro-RO\"},{\"@type\":\"Organization\",\"@id\":\"https:\\\/\\\/shopatoa.com\\\/ro\\\/#organization\",\"name\":\"SHOPATOA\",\"url\":\"https:\\\/\\\/shopatoa.com\\\/ro\\\/\",\"logo\":{\"@type\":\"ImageObject\",\"inLanguage\":\"ro-RO\",\"@id\":\"https:\\\/\\\/shopatoa.com\\\/ro\\\/#\\\/schema\\\/logo\\\/image\\\/\",\"url\":\"https:\\\/\\\/storage.googleapis.com\\\/cz-shopatoa-img\\\/ro\\\/b4dac915-shopatoa_logo.png\",\"contentUrl\":\"https:\\\/\\\/storage.googleapis.com\\\/cz-shopatoa-img\\\/ro\\\/b4dac915-shopatoa_logo.png\",\"width\":416,\"height\":63,\"caption\":\"SHOPATOA\"},\"image\":{\"@id\":\"https:\\\/\\\/shopatoa.com\\\/ro\\\/#\\\/schema\\\/logo\\\/image\\\/\"}}]}<\/script>\n<!-- \/ Yoast SEO plugin. -->","yoast_head_json":{"title":"BasicLab Dermocosmetics Capillus sampon pentru curatarea profunda a scalpului seboreic 300 ml - SHOPATOA.COM","robots":{"index":"index","follow":"follow","max-snippet":"max-snippet:-1","max-image-preview":"max-image-preview:large","max-video-preview":"max-video-preview:-1"},"canonical":"https:\/\/shopatoa.com\/ro\/basiclab-dermocosmetics-capillus-sampon-pentru-curatarea-profunda-a-scalpului-seboreic-300-ml\/","og_locale":"ro_RO","og_type":"article","og_title":"BasicLab Dermocosmetics Capillus sampon pentru curatarea profunda a scalpului seboreic 300 ml - SHOPATOA.COM","og_description":"BasicLab Dermocosmetics Capillus, 300 ml, \u0218ampoane pentru femei, Pentru a v\u0103 men\u021bine p\u0103rul s\u0103n\u0103tos, str\u0103lucitor \u0219i vital, este important s\u0103 \u00eei oferi\u021bi o \u00eengrijire corect\u0103. Iar aceasta \u00eencepe cu sp\u0103larea regulat\u0103 a p\u0103rului. \u0218amponul BasicLab Dermocosmetics Capillus ajut\u0103 la \u00eendep\u0103rtarea eficient\u0103 a tuturor impurit\u0103\u021bilor, a gr\u0103simii \u0219i a acumul\u0103rilor produselor de styling \u0219i a altor...","og_url":"https:\/\/shopatoa.com\/ro\/basiclab-dermocosmetics-capillus-sampon-pentru-curatarea-profunda-a-scalpului-seboreic-300-ml\/","og_site_name":"SHOPATOA","article_modified_time":"2025-12-12T22:52:58+00:00","og_image":[{"width":800,"height":800,"url":"https:\/\/storage.googleapis.com\/cz-shopatoa-img\/ro\/8fe7c86f-unnamed-file.webp","type":"image\/webp"}],"twitter_card":"summary_large_image","twitter_misc":{"Timp estimat pentru citire":"1 minut"},"schema":{"@context":"https:\/\/schema.org","@graph":[{"@type":"WebPage","@id":"https:\/\/shopatoa.com\/ro\/basiclab-dermocosmetics-capillus-sampon-pentru-curatarea-profunda-a-scalpului-seboreic-300-ml\/","url":"https:\/\/shopatoa.com\/ro\/basiclab-dermocosmetics-capillus-sampon-pentru-curatarea-profunda-a-scalpului-seboreic-300-ml\/","name":"BasicLab Dermocosmetics Capillus sampon pentru curatarea profunda a scalpului seboreic 300 ml - SHOPATOA.COM","isPartOf":{"@id":"https:\/\/shopatoa.com\/ro\/#website"},"primaryImageOfPage":{"@id":"https:\/\/shopatoa.com\/ro\/basiclab-dermocosmetics-capillus-sampon-pentru-curatarea-profunda-a-scalpului-seboreic-300-ml\/#primaryimage"},"image":{"@id":"https:\/\/shopatoa.com\/ro\/basiclab-dermocosmetics-capillus-sampon-pentru-curatarea-profunda-a-scalpului-seboreic-300-ml\/#primaryimage"},"thumbnailUrl":"https:\/\/storage.googleapis.com\/cz-shopatoa-img\/ro\/8fe7c86f-unnamed-file.webp","datePublished":"2025-06-24T02:58:32+00:00","dateModified":"2025-12-12T22:52:58+00:00","breadcrumb":{"@id":"https:\/\/shopatoa.com\/ro\/basiclab-dermocosmetics-capillus-sampon-pentru-curatarea-profunda-a-scalpului-seboreic-300-ml\/#breadcrumb"},"inLanguage":"ro-RO","potentialAction":[{"@type":"ReadAction","target":["https:\/\/shopatoa.com\/ro\/basiclab-dermocosmetics-capillus-sampon-pentru-curatarea-profunda-a-scalpului-seboreic-300-ml\/"]}]},{"@type":"ImageObject","inLanguage":"ro-RO","@id":"https:\/\/shopatoa.com\/ro\/basiclab-dermocosmetics-capillus-sampon-pentru-curatarea-profunda-a-scalpului-seboreic-300-ml\/#primaryimage","url":"https:\/\/storage.googleapis.com\/cz-shopatoa-img\/ro\/8fe7c86f-unnamed-file.webp","contentUrl":"https:\/\/storage.googleapis.com\/cz-shopatoa-img\/ro\/8fe7c86f-unnamed-file.webp","width":800,"height":800},{"@type":"BreadcrumbList","@id":"https:\/\/shopatoa.com\/ro\/basiclab-dermocosmetics-capillus-sampon-pentru-curatarea-profunda-a-scalpului-seboreic-300-ml\/#breadcrumb","itemListElement":[{"@type":"ListItem","position":1,"name":"Dom\u016f","item":"https:\/\/shopatoa.com\/ro\/"},{"@type":"ListItem","position":2,"name":"Shop","item":"https:\/\/shopatoa.com\/ro\/shop\/"},{"@type":"ListItem","position":3,"name":"S\u0103n\u0103tate \u0219i frumuse\u021be","item":"https:\/\/shopatoa.com\/ro\/sanatate-si-frumusete\/"},{"@type":"ListItem","position":4,"name":"\u00cengrijire personal\u0103","item":"https:\/\/shopatoa.com\/ro\/ingrijire-personala\/"},{"@type":"ListItem","position":5,"name":"\u00cengrijirea p\u0103rului","item":"https:\/\/shopatoa.com\/ro\/ingrijirea-parului\/"},{"@type":"ListItem","position":6,"name":"\u0218ampon &amp; Balsam","item":"https:\/\/shopatoa.com\/ro\/sampon-balsam\/"},{"@type":"ListItem","position":7,"name":"BasicLab Dermocosmetics Capillus sampon pentru curatarea profunda a scalpului seboreic 300 ml"}]},{"@type":"WebSite","@id":"https:\/\/shopatoa.com\/ro\/#website","url":"https:\/\/shopatoa.com\/ro\/","name":"SHOPATOA","description":"","publisher":{"@id":"https:\/\/shopatoa.com\/ro\/#organization"},"potentialAction":[{"@type":"SearchAction","target":{"@type":"EntryPoint","urlTemplate":"https:\/\/shopatoa.com\/ro\/?s={search_term_string}"},"query-input":{"@type":"PropertyValueSpecification","valueRequired":true,"valueName":"search_term_string"}}],"inLanguage":"ro-RO"},{"@type":"Organization","@id":"https:\/\/shopatoa.com\/ro\/#organization","name":"SHOPATOA","url":"https:\/\/shopatoa.com\/ro\/","logo":{"@type":"ImageObject","inLanguage":"ro-RO","@id":"https:\/\/shopatoa.com\/ro\/#\/schema\/logo\/image\/","url":"https:\/\/storage.googleapis.com\/cz-shopatoa-img\/ro\/b4dac915-shopatoa_logo.png","contentUrl":"https:\/\/storage.googleapis.com\/cz-shopatoa-img\/ro\/b4dac915-shopatoa_logo.png","width":416,"height":63,"caption":"SHOPATOA"},"image":{"@id":"https:\/\/shopatoa.com\/ro\/#\/schema\/logo\/image\/"}}]}},"_links":{"self":[{"href":"https:\/\/shopatoa.com\/ro\/wp-json\/wp\/v2\/product\/437019","targetHints":{"allow":["GET"]}}],"collection":[{"href":"https:\/\/shopatoa.com\/ro\/wp-json\/wp\/v2\/product"}],"about":[{"href":"https:\/\/shopatoa.com\/ro\/wp-json\/wp\/v2\/types\/product"}],"replies":[{"embeddable":true,"href":"https:\/\/shopatoa.com\/ro\/wp-json\/wp\/v2\/comments?post=437019"}],"wp:featuredmedia":[{"embeddable":true,"href":"https:\/\/shopatoa.com\/ro\/wp-json\/wp\/v2\/media\/437020"}],"wp:attachment":[{"href":"https:\/\/shopatoa.com\/ro\/wp-json\/wp\/v2\/media?parent=437019"}],"wp:term":[{"taxonomy":"product_brand","embeddable":true,"href":"https:\/\/shopatoa.com\/ro\/wp-json\/wp\/v2\/product_brand?post=437019"},{"taxonomy":"product_cat","embeddable":true,"href":"https:\/\/shopatoa.com\/ro\/wp-json\/wp\/v2\/product_cat?post=437019"},{"taxonomy":"product_tag","embeddable":true,"href":"https:\/\/shopatoa.com\/ro\/wp-json\/wp\/v2\/product_tag?post=437019"}],"curies":[{"name":"wp","href":"https:\/\/api.w.org\/{rel}","templated":true}]}}