{"id":437533,"date":"2025-06-24T05:45:21","date_gmt":"2025-06-24T03:45:21","guid":{"rendered":"https:\/\/shopatoa.com\/ro\/kundal-head-spa-scalp-care-scalp-tonic-tonic-pentru-par-impotriva-caderii-parului-100-ml\/"},"modified":"2025-06-24T05:45:51","modified_gmt":"2025-06-24T03:45:51","slug":"kundal-head-spa-scalp-care-scalp-tonic-tonic-pentru-par-impotriva-caderii-parului-100-ml","status":"publish","type":"product","link":"https:\/\/shopatoa.com\/ro\/kundal-head-spa-scalp-care-scalp-tonic-tonic-pentru-par-impotriva-caderii-parului-100-ml\/","title":{"rendered":"KUNDAL Head Spa &#038; Scalp Care+ Scalp Tonic tonic pentru par impotriva caderii parului 100 ml"},"content":{"rendered":"<p>KUNDAL Head Spa &#038; Scalp Care+ Scalp Tonic, 100 ml, Tonic \u0219i ape de p\u0103r pentru femei, De obicei, la baza unui p\u0103r cu adev\u0103rat frumos \u0219i bogat se afl\u0103 ceva \u00een plus fa\u021b\u0103 de \u0219ampon \u0219i balsam. Sim\u021bi\u021bi c\u0103 p\u0103rul dvs. are nevoie de ceva \u00een plus fa\u021b\u0103 de \u00eengrijirea de baz\u0103? Tonicul pentru p\u0103r KUNDAL Head Spa &#038; Scalp Care+ Scalp Tonic v\u0103 va completa de minute rutina de \u00eengrijire. Va oferi nutri\u021bia necesar\u0103, fortific\u00e2nd p\u0103rul de la r\u0103d\u0103cin\u0103 \u0219i oferindu-i tot ce are nevoie pentru a str\u0103luci din nou. Cu o utilizare regulat\u0103, datorit\u0103 \u00eengrijirii sale \u021bintite, ve\u021bi observa \u00een scurt timp un p\u0103r puternic, str\u0103lucitor \u0219i cu aspect s\u0103n\u0103tos.  Caracteristici:  are efect de calmare dinamizeaz\u0103 activitatea r\u0103d\u0103cinilor p\u0103rului parfumeaz\u0103 pl\u0103cut p\u0103rul elimin\u0103 m\u0103trea\u021ba  Ingrediente:  f\u0103r\u0103 silicon  Cum se utilizeaz\u0103: Se agit\u0103 bine, \u00eenainte de utilizare. Aplica\u021bi direct pe scalp, \u00een p\u0103rul uscat sau sp\u0103lat \u0219i uscat par\u021bial cu prosopul. Se maseaz\u0103 delicat. Nu cl\u0103ti\u021bi.<\/p>\n","protected":false},"excerpt":{"rendered":"<p>KUNDAL Head Spa &#038; Scalp Care+ Scalp Tonic, 100 ml, Tonic \u0219i ape de p\u0103r pentru femei, De obicei, la baza unui p\u0103r cu adev\u0103rat frumos \u0219i bogat se afl\u0103 ceva \u00een plus fa\u021b\u0103 de \u0219ampon \u0219i balsam. Sim\u021bi\u021bi c\u0103 p\u0103rul dvs. are nevoie de ceva \u00een plus fa\u021b\u0103 de \u00eengrijirea de baz\u0103? Tonicul pentru&#8230;<\/p>\n","protected":false},"featured_media":437534,"comment_status":"closed","ping_status":"open","template":"","meta":{"_acf_changed":false,"_kadence_starter_templates_imported_post":false,"_kad_post_transparent":"","_kad_post_title":"","_kad_post_layout":"","_kad_post_sidebar_id":"","_kad_post_content_style":"","_kad_post_vertical_padding":"","_kad_post_feature":"","_kad_post_feature_position":"","_kad_post_header":false,"_kad_post_footer":false,"_kad_post_classname":""},"product_brand":[2321],"product_cat":[1563,1590,1562],"product_tag":[],"class_list":{"0":"post-437533","1":"product","2":"type-product","3":"status-publish","4":"has-post-thumbnail","6":"product_brand-kundal","7":"product_cat-ingrijire-personala","8":"product_cat-ingrijirea-parului","9":"product_cat-sanatate-si-frumusete","10":"pa_gen-female","11":"pa_marime-100-ml","13":"first","14":"instock","15":"sale","16":"product-type-external","17":"entry","18":"content-bg","19":"loop-entry"},"acf":[],"yoast_head":"<!-- This site is optimized with the Yoast SEO plugin v27.4 - https:\/\/yoast.com\/product\/yoast-seo-wordpress\/ -->\n<title>KUNDAL Head Spa &amp; Scalp Care+ Scalp Tonic tonic pentru par impotriva caderii parului 100 ml - SHOPATOA.COM<\/title>\n<meta name=\"robots\" content=\"index, follow, max-snippet:-1, max-image-preview:large, max-video-preview:-1\" \/>\n<link rel=\"canonical\" href=\"https:\/\/shopatoa.com\/ro\/kundal-head-spa-scalp-care-scalp-tonic-tonic-pentru-par-impotriva-caderii-parului-100-ml\/\" \/>\n<meta property=\"og:locale\" content=\"ro_RO\" \/>\n<meta property=\"og:type\" content=\"article\" \/>\n<meta property=\"og:title\" content=\"KUNDAL Head Spa &amp; Scalp Care+ Scalp Tonic tonic pentru par impotriva caderii parului 100 ml - SHOPATOA.COM\" \/>\n<meta property=\"og:description\" content=\"KUNDAL Head Spa &#038; Scalp Care+ Scalp Tonic, 100 ml, Tonic \u0219i ape de p\u0103r pentru femei, De obicei, la baza unui p\u0103r cu adev\u0103rat frumos \u0219i bogat se afl\u0103 ceva \u00een plus fa\u021b\u0103 de \u0219ampon \u0219i balsam. Sim\u021bi\u021bi c\u0103 p\u0103rul dvs. are nevoie de ceva \u00een plus fa\u021b\u0103 de \u00eengrijirea de baz\u0103? Tonicul pentru...\" \/>\n<meta property=\"og:url\" content=\"https:\/\/shopatoa.com\/ro\/kundal-head-spa-scalp-care-scalp-tonic-tonic-pentru-par-impotriva-caderii-parului-100-ml\/\" \/>\n<meta property=\"og:site_name\" content=\"SHOPATOA\" \/>\n<meta property=\"article:modified_time\" content=\"2025-06-24T03:45:51+00:00\" \/>\n<meta property=\"og:image\" content=\"https:\/\/storage.googleapis.com\/cz-shopatoa-img\/ro\/30ed8431-unnamed-file.webp\" \/>\n\t<meta property=\"og:image:width\" content=\"800\" \/>\n\t<meta property=\"og:image:height\" content=\"800\" \/>\n\t<meta property=\"og:image:type\" content=\"image\/webp\" \/>\n<meta name=\"twitter:card\" content=\"summary_large_image\" \/>\n<meta name=\"twitter:label1\" content=\"Timp estimat pentru citire\" \/>\n\t<meta name=\"twitter:data1\" content=\"1 minut\" \/>\n<script type=\"application\/ld+json\" class=\"yoast-schema-graph\">{\"@context\":\"https:\\\/\\\/schema.org\",\"@graph\":[{\"@type\":\"WebPage\",\"@id\":\"https:\\\/\\\/shopatoa.com\\\/ro\\\/kundal-head-spa-scalp-care-scalp-tonic-tonic-pentru-par-impotriva-caderii-parului-100-ml\\\/\",\"url\":\"https:\\\/\\\/shopatoa.com\\\/ro\\\/kundal-head-spa-scalp-care-scalp-tonic-tonic-pentru-par-impotriva-caderii-parului-100-ml\\\/\",\"name\":\"KUNDAL Head Spa & Scalp Care+ Scalp Tonic tonic pentru par impotriva caderii parului 100 ml - SHOPATOA.COM\",\"isPartOf\":{\"@id\":\"https:\\\/\\\/shopatoa.com\\\/ro\\\/#website\"},\"primaryImageOfPage\":{\"@id\":\"https:\\\/\\\/shopatoa.com\\\/ro\\\/kundal-head-spa-scalp-care-scalp-tonic-tonic-pentru-par-impotriva-caderii-parului-100-ml\\\/#primaryimage\"},\"image\":{\"@id\":\"https:\\\/\\\/shopatoa.com\\\/ro\\\/kundal-head-spa-scalp-care-scalp-tonic-tonic-pentru-par-impotriva-caderii-parului-100-ml\\\/#primaryimage\"},\"thumbnailUrl\":\"https:\\\/\\\/storage.googleapis.com\\\/cz-shopatoa-img\\\/ro\\\/30ed8431-unnamed-file.webp\",\"datePublished\":\"2025-06-24T03:45:21+00:00\",\"dateModified\":\"2025-06-24T03:45:51+00:00\",\"breadcrumb\":{\"@id\":\"https:\\\/\\\/shopatoa.com\\\/ro\\\/kundal-head-spa-scalp-care-scalp-tonic-tonic-pentru-par-impotriva-caderii-parului-100-ml\\\/#breadcrumb\"},\"inLanguage\":\"ro-RO\",\"potentialAction\":[{\"@type\":\"ReadAction\",\"target\":[\"https:\\\/\\\/shopatoa.com\\\/ro\\\/kundal-head-spa-scalp-care-scalp-tonic-tonic-pentru-par-impotriva-caderii-parului-100-ml\\\/\"]}]},{\"@type\":\"ImageObject\",\"inLanguage\":\"ro-RO\",\"@id\":\"https:\\\/\\\/shopatoa.com\\\/ro\\\/kundal-head-spa-scalp-care-scalp-tonic-tonic-pentru-par-impotriva-caderii-parului-100-ml\\\/#primaryimage\",\"url\":\"https:\\\/\\\/storage.googleapis.com\\\/cz-shopatoa-img\\\/ro\\\/30ed8431-unnamed-file.webp\",\"contentUrl\":\"https:\\\/\\\/storage.googleapis.com\\\/cz-shopatoa-img\\\/ro\\\/30ed8431-unnamed-file.webp\",\"width\":800,\"height\":800},{\"@type\":\"BreadcrumbList\",\"@id\":\"https:\\\/\\\/shopatoa.com\\\/ro\\\/kundal-head-spa-scalp-care-scalp-tonic-tonic-pentru-par-impotriva-caderii-parului-100-ml\\\/#breadcrumb\",\"itemListElement\":[{\"@type\":\"ListItem\",\"position\":1,\"name\":\"Dom\u016f\",\"item\":\"https:\\\/\\\/shopatoa.com\\\/ro\\\/\"},{\"@type\":\"ListItem\",\"position\":2,\"name\":\"Shop\",\"item\":\"https:\\\/\\\/shopatoa.com\\\/ro\\\/shop\\\/\"},{\"@type\":\"ListItem\",\"position\":3,\"name\":\"KUNDAL Head Spa &#038; Scalp Care+ Scalp Tonic tonic pentru par impotriva caderii parului 100 ml\"}]},{\"@type\":\"WebSite\",\"@id\":\"https:\\\/\\\/shopatoa.com\\\/ro\\\/#website\",\"url\":\"https:\\\/\\\/shopatoa.com\\\/ro\\\/\",\"name\":\"SHOPATOA\",\"description\":\"\",\"publisher\":{\"@id\":\"https:\\\/\\\/shopatoa.com\\\/ro\\\/#organization\"},\"potentialAction\":[{\"@type\":\"SearchAction\",\"target\":{\"@type\":\"EntryPoint\",\"urlTemplate\":\"https:\\\/\\\/shopatoa.com\\\/ro\\\/?s={search_term_string}\"},\"query-input\":{\"@type\":\"PropertyValueSpecification\",\"valueRequired\":true,\"valueName\":\"search_term_string\"}}],\"inLanguage\":\"ro-RO\"},{\"@type\":\"Organization\",\"@id\":\"https:\\\/\\\/shopatoa.com\\\/ro\\\/#organization\",\"name\":\"SHOPATOA\",\"url\":\"https:\\\/\\\/shopatoa.com\\\/ro\\\/\",\"logo\":{\"@type\":\"ImageObject\",\"inLanguage\":\"ro-RO\",\"@id\":\"https:\\\/\\\/shopatoa.com\\\/ro\\\/#\\\/schema\\\/logo\\\/image\\\/\",\"url\":\"https:\\\/\\\/storage.googleapis.com\\\/cz-shopatoa-img\\\/ro\\\/b4dac915-shopatoa_logo.png\",\"contentUrl\":\"https:\\\/\\\/storage.googleapis.com\\\/cz-shopatoa-img\\\/ro\\\/b4dac915-shopatoa_logo.png\",\"width\":416,\"height\":63,\"caption\":\"SHOPATOA\"},\"image\":{\"@id\":\"https:\\\/\\\/shopatoa.com\\\/ro\\\/#\\\/schema\\\/logo\\\/image\\\/\"}}]}<\/script>\n<!-- \/ Yoast SEO plugin. -->","yoast_head_json":{"title":"KUNDAL Head Spa & Scalp Care+ Scalp Tonic tonic pentru par impotriva caderii parului 100 ml - SHOPATOA.COM","robots":{"index":"index","follow":"follow","max-snippet":"max-snippet:-1","max-image-preview":"max-image-preview:large","max-video-preview":"max-video-preview:-1"},"canonical":"https:\/\/shopatoa.com\/ro\/kundal-head-spa-scalp-care-scalp-tonic-tonic-pentru-par-impotriva-caderii-parului-100-ml\/","og_locale":"ro_RO","og_type":"article","og_title":"KUNDAL Head Spa & Scalp Care+ Scalp Tonic tonic pentru par impotriva caderii parului 100 ml - SHOPATOA.COM","og_description":"KUNDAL Head Spa &#038; Scalp Care+ Scalp Tonic, 100 ml, Tonic \u0219i ape de p\u0103r pentru femei, De obicei, la baza unui p\u0103r cu adev\u0103rat frumos \u0219i bogat se afl\u0103 ceva \u00een plus fa\u021b\u0103 de \u0219ampon \u0219i balsam. Sim\u021bi\u021bi c\u0103 p\u0103rul dvs. are nevoie de ceva \u00een plus fa\u021b\u0103 de \u00eengrijirea de baz\u0103? Tonicul pentru...","og_url":"https:\/\/shopatoa.com\/ro\/kundal-head-spa-scalp-care-scalp-tonic-tonic-pentru-par-impotriva-caderii-parului-100-ml\/","og_site_name":"SHOPATOA","article_modified_time":"2025-06-24T03:45:51+00:00","og_image":[{"width":800,"height":800,"url":"https:\/\/storage.googleapis.com\/cz-shopatoa-img\/ro\/30ed8431-unnamed-file.webp","type":"image\/webp"}],"twitter_card":"summary_large_image","twitter_misc":{"Timp estimat pentru citire":"1 minut"},"schema":{"@context":"https:\/\/schema.org","@graph":[{"@type":"WebPage","@id":"https:\/\/shopatoa.com\/ro\/kundal-head-spa-scalp-care-scalp-tonic-tonic-pentru-par-impotriva-caderii-parului-100-ml\/","url":"https:\/\/shopatoa.com\/ro\/kundal-head-spa-scalp-care-scalp-tonic-tonic-pentru-par-impotriva-caderii-parului-100-ml\/","name":"KUNDAL Head Spa & Scalp Care+ Scalp Tonic tonic pentru par impotriva caderii parului 100 ml - SHOPATOA.COM","isPartOf":{"@id":"https:\/\/shopatoa.com\/ro\/#website"},"primaryImageOfPage":{"@id":"https:\/\/shopatoa.com\/ro\/kundal-head-spa-scalp-care-scalp-tonic-tonic-pentru-par-impotriva-caderii-parului-100-ml\/#primaryimage"},"image":{"@id":"https:\/\/shopatoa.com\/ro\/kundal-head-spa-scalp-care-scalp-tonic-tonic-pentru-par-impotriva-caderii-parului-100-ml\/#primaryimage"},"thumbnailUrl":"https:\/\/storage.googleapis.com\/cz-shopatoa-img\/ro\/30ed8431-unnamed-file.webp","datePublished":"2025-06-24T03:45:21+00:00","dateModified":"2025-06-24T03:45:51+00:00","breadcrumb":{"@id":"https:\/\/shopatoa.com\/ro\/kundal-head-spa-scalp-care-scalp-tonic-tonic-pentru-par-impotriva-caderii-parului-100-ml\/#breadcrumb"},"inLanguage":"ro-RO","potentialAction":[{"@type":"ReadAction","target":["https:\/\/shopatoa.com\/ro\/kundal-head-spa-scalp-care-scalp-tonic-tonic-pentru-par-impotriva-caderii-parului-100-ml\/"]}]},{"@type":"ImageObject","inLanguage":"ro-RO","@id":"https:\/\/shopatoa.com\/ro\/kundal-head-spa-scalp-care-scalp-tonic-tonic-pentru-par-impotriva-caderii-parului-100-ml\/#primaryimage","url":"https:\/\/storage.googleapis.com\/cz-shopatoa-img\/ro\/30ed8431-unnamed-file.webp","contentUrl":"https:\/\/storage.googleapis.com\/cz-shopatoa-img\/ro\/30ed8431-unnamed-file.webp","width":800,"height":800},{"@type":"BreadcrumbList","@id":"https:\/\/shopatoa.com\/ro\/kundal-head-spa-scalp-care-scalp-tonic-tonic-pentru-par-impotriva-caderii-parului-100-ml\/#breadcrumb","itemListElement":[{"@type":"ListItem","position":1,"name":"Dom\u016f","item":"https:\/\/shopatoa.com\/ro\/"},{"@type":"ListItem","position":2,"name":"Shop","item":"https:\/\/shopatoa.com\/ro\/shop\/"},{"@type":"ListItem","position":3,"name":"KUNDAL Head Spa &#038; Scalp Care+ Scalp Tonic tonic pentru par impotriva caderii parului 100 ml"}]},{"@type":"WebSite","@id":"https:\/\/shopatoa.com\/ro\/#website","url":"https:\/\/shopatoa.com\/ro\/","name":"SHOPATOA","description":"","publisher":{"@id":"https:\/\/shopatoa.com\/ro\/#organization"},"potentialAction":[{"@type":"SearchAction","target":{"@type":"EntryPoint","urlTemplate":"https:\/\/shopatoa.com\/ro\/?s={search_term_string}"},"query-input":{"@type":"PropertyValueSpecification","valueRequired":true,"valueName":"search_term_string"}}],"inLanguage":"ro-RO"},{"@type":"Organization","@id":"https:\/\/shopatoa.com\/ro\/#organization","name":"SHOPATOA","url":"https:\/\/shopatoa.com\/ro\/","logo":{"@type":"ImageObject","inLanguage":"ro-RO","@id":"https:\/\/shopatoa.com\/ro\/#\/schema\/logo\/image\/","url":"https:\/\/storage.googleapis.com\/cz-shopatoa-img\/ro\/b4dac915-shopatoa_logo.png","contentUrl":"https:\/\/storage.googleapis.com\/cz-shopatoa-img\/ro\/b4dac915-shopatoa_logo.png","width":416,"height":63,"caption":"SHOPATOA"},"image":{"@id":"https:\/\/shopatoa.com\/ro\/#\/schema\/logo\/image\/"}}]}},"_links":{"self":[{"href":"https:\/\/shopatoa.com\/ro\/wp-json\/wp\/v2\/product\/437533","targetHints":{"allow":["GET"]}}],"collection":[{"href":"https:\/\/shopatoa.com\/ro\/wp-json\/wp\/v2\/product"}],"about":[{"href":"https:\/\/shopatoa.com\/ro\/wp-json\/wp\/v2\/types\/product"}],"replies":[{"embeddable":true,"href":"https:\/\/shopatoa.com\/ro\/wp-json\/wp\/v2\/comments?post=437533"}],"wp:featuredmedia":[{"embeddable":true,"href":"https:\/\/shopatoa.com\/ro\/wp-json\/wp\/v2\/media\/437534"}],"wp:attachment":[{"href":"https:\/\/shopatoa.com\/ro\/wp-json\/wp\/v2\/media?parent=437533"}],"wp:term":[{"taxonomy":"product_brand","embeddable":true,"href":"https:\/\/shopatoa.com\/ro\/wp-json\/wp\/v2\/product_brand?post=437533"},{"taxonomy":"product_cat","embeddable":true,"href":"https:\/\/shopatoa.com\/ro\/wp-json\/wp\/v2\/product_cat?post=437533"},{"taxonomy":"product_tag","embeddable":true,"href":"https:\/\/shopatoa.com\/ro\/wp-json\/wp\/v2\/product_tag?post=437533"}],"curies":[{"name":"wp","href":"https:\/\/api.w.org\/{rel}","templated":true}]}}