{"id":437705,"date":"2025-06-24T05:59:33","date_gmt":"2025-06-24T03:59:33","guid":{"rendered":"https:\/\/shopatoa.com\/ro\/naif-baby-kids-baby-cream-crema-pentru-ingrijire-pentru-piele-uscata-si-sensibila-pentru-nou-nascuti-si-copii-75-ml\/"},"modified":"2025-06-24T06:00:56","modified_gmt":"2025-06-24T04:00:56","slug":"naif-baby-kids-baby-cream-crema-pentru-ingrijire-pentru-piele-uscata-si-sensibila-pentru-nou-nascuti-si-copii-75-ml","status":"publish","type":"product","link":"https:\/\/shopatoa.com\/ro\/naif-baby-kids-baby-cream-crema-pentru-ingrijire-pentru-piele-uscata-si-sensibila-pentru-nou-nascuti-si-copii-75-ml\/","title":{"rendered":"Naif Baby &#038; Kids Baby Cream crema pentru ingrijire pentru piele uscata si sensibila pentru nou-nascuti si copii 75 ml"},"content":{"rendered":"<p>Naif Baby &#038; Kids Baby Cream, 75 ml, \u00cengrijirea corpului copilului pentru copii, Pielea sensibil\u0103 a copiilor merit\u0103 s\u0103 fie r\u0103sf\u0103\u021bat\u0103 nu doar de mama, ci \u0219i de cosmeticele de \u00eengrijire. De aceea, oferi\u021bi copiilor dvs. cea mai delicat\u0103 \u00eengrijire. Produsul Naif Baby &#038; Kids Baby Cream va oferi pielii delicate a copiilor tot ce are nevoie, fiind \u00een acela\u0219i timp extrem de bl\u00e2nd, pentru a nu afecta func\u021biile ei naturale.  Caracteristici:  cre\u0219te rezisten\u021ba pielii \u00eempotriva influen\u021belor externe hidrateaz\u0103 \u0219i catifeleaz\u0103 pielea copilului calmeaz\u0103 instantaneu pruritul se aplic\u0103 u\u0219or \u0219i se absoarbe rapid reduce irita\u021biile, ro\u0219ea\u021ba \u0219i m\u00e2nc\u0103rimea pielii regenereaz\u0103 eficient catifeleaz\u0103 \u0219i hidrateaz\u0103 calmeaz\u0103 irita\u021bia \u0219i \u00eenro\u0219irea  Ingrediente:  nu con\u021bine parfum produs vegan  Cum se utilizeaz\u0103: Se maseaz\u0103 o cantitate adecvat\u0103 de preparat \u00een pielea curat\u0103 \u0219i uscat\u0103 \u0219i se las\u0103 s\u0103 se absoarb\u0103.<\/p>\n","protected":false},"excerpt":{"rendered":"<p>Naif Baby &#038; Kids Baby Cream, 75 ml, \u00cengrijirea corpului copilului pentru copii, Pielea sensibil\u0103 a copiilor merit\u0103 s\u0103 fie r\u0103sf\u0103\u021bat\u0103 nu doar de mama, ci \u0219i de cosmeticele de \u00eengrijire. De aceea, oferi\u021bi copiilor dvs. cea mai delicat\u0103 \u00eengrijire. Produsul Naif Baby &#038; Kids Baby Cream va oferi pielii delicate a copiilor tot ce&#8230;<\/p>\n","protected":false},"featured_media":437706,"comment_status":"closed","ping_status":"open","template":"","meta":{"_acf_changed":false,"_kadence_starter_templates_imported_post":false,"_kad_post_transparent":"","_kad_post_title":"","_kad_post_layout":"","_kad_post_sidebar_id":"","_kad_post_content_style":"","_kad_post_vertical_padding":"","_kad_post_feature":"","_kad_post_feature_position":"","_kad_post_header":false,"_kad_post_footer":false,"_kad_post_classname":""},"product_brand":[543],"product_cat":[1564,1563,1565,1562],"product_tag":[],"class_list":{"0":"post-437705","1":"product","2":"type-product","3":"status-publish","4":"has-post-thumbnail","6":"product_brand-naif","7":"product_cat-cosmetice-ingrijire-personala","8":"product_cat-ingrijire-personala","9":"product_cat-ingrijirea-pielii","10":"product_cat-sanatate-si-frumusete","11":"pa_gen-unisex","12":"pa_marime-75-ml","14":"first","15":"instock","16":"sale","17":"product-type-external","18":"entry","19":"content-bg","20":"loop-entry"},"acf":[],"yoast_head":"<!-- This site is optimized with the Yoast SEO plugin v27.4 - https:\/\/yoast.com\/product\/yoast-seo-wordpress\/ -->\n<title>Naif Baby &amp; Kids Baby Cream crema pentru ingrijire pentru piele uscata si sensibila pentru nou-nascuti si copii 75 ml - SHOPATOA.COM<\/title>\n<meta name=\"robots\" content=\"index, follow, max-snippet:-1, max-image-preview:large, max-video-preview:-1\" \/>\n<link rel=\"canonical\" href=\"https:\/\/shopatoa.com\/ro\/naif-baby-kids-baby-cream-crema-pentru-ingrijire-pentru-piele-uscata-si-sensibila-pentru-nou-nascuti-si-copii-75-ml\/\" \/>\n<meta property=\"og:locale\" content=\"ro_RO\" \/>\n<meta property=\"og:type\" content=\"article\" \/>\n<meta property=\"og:title\" content=\"Naif Baby &amp; Kids Baby Cream crema pentru ingrijire pentru piele uscata si sensibila pentru nou-nascuti si copii 75 ml - SHOPATOA.COM\" \/>\n<meta property=\"og:description\" content=\"Naif Baby &#038; Kids Baby Cream, 75 ml, \u00cengrijirea corpului copilului pentru copii, Pielea sensibil\u0103 a copiilor merit\u0103 s\u0103 fie r\u0103sf\u0103\u021bat\u0103 nu doar de mama, ci \u0219i de cosmeticele de \u00eengrijire. De aceea, oferi\u021bi copiilor dvs. cea mai delicat\u0103 \u00eengrijire. Produsul Naif Baby &#038; Kids Baby Cream va oferi pielii delicate a copiilor tot ce...\" \/>\n<meta property=\"og:url\" content=\"https:\/\/shopatoa.com\/ro\/naif-baby-kids-baby-cream-crema-pentru-ingrijire-pentru-piele-uscata-si-sensibila-pentru-nou-nascuti-si-copii-75-ml\/\" \/>\n<meta property=\"og:site_name\" content=\"SHOPATOA\" \/>\n<meta property=\"article:modified_time\" content=\"2025-06-24T04:00:56+00:00\" \/>\n<meta property=\"og:image\" content=\"https:\/\/storage.googleapis.com\/cz-shopatoa-img\/ro\/e21e7311-unnamed-file.webp\" \/>\n\t<meta property=\"og:image:width\" content=\"800\" \/>\n\t<meta property=\"og:image:height\" content=\"800\" \/>\n\t<meta property=\"og:image:type\" content=\"image\/webp\" \/>\n<meta name=\"twitter:card\" content=\"summary_large_image\" \/>\n<meta name=\"twitter:label1\" content=\"Timp estimat pentru citire\" \/>\n\t<meta name=\"twitter:data1\" content=\"1 minut\" \/>\n<script type=\"application\/ld+json\" class=\"yoast-schema-graph\">{\"@context\":\"https:\\\/\\\/schema.org\",\"@graph\":[{\"@type\":\"WebPage\",\"@id\":\"https:\\\/\\\/shopatoa.com\\\/ro\\\/naif-baby-kids-baby-cream-crema-pentru-ingrijire-pentru-piele-uscata-si-sensibila-pentru-nou-nascuti-si-copii-75-ml\\\/\",\"url\":\"https:\\\/\\\/shopatoa.com\\\/ro\\\/naif-baby-kids-baby-cream-crema-pentru-ingrijire-pentru-piele-uscata-si-sensibila-pentru-nou-nascuti-si-copii-75-ml\\\/\",\"name\":\"Naif Baby & Kids Baby Cream crema pentru ingrijire pentru piele uscata si sensibila pentru nou-nascuti si copii 75 ml - SHOPATOA.COM\",\"isPartOf\":{\"@id\":\"https:\\\/\\\/shopatoa.com\\\/ro\\\/#website\"},\"primaryImageOfPage\":{\"@id\":\"https:\\\/\\\/shopatoa.com\\\/ro\\\/naif-baby-kids-baby-cream-crema-pentru-ingrijire-pentru-piele-uscata-si-sensibila-pentru-nou-nascuti-si-copii-75-ml\\\/#primaryimage\"},\"image\":{\"@id\":\"https:\\\/\\\/shopatoa.com\\\/ro\\\/naif-baby-kids-baby-cream-crema-pentru-ingrijire-pentru-piele-uscata-si-sensibila-pentru-nou-nascuti-si-copii-75-ml\\\/#primaryimage\"},\"thumbnailUrl\":\"https:\\\/\\\/storage.googleapis.com\\\/cz-shopatoa-img\\\/ro\\\/e21e7311-unnamed-file.webp\",\"datePublished\":\"2025-06-24T03:59:33+00:00\",\"dateModified\":\"2025-06-24T04:00:56+00:00\",\"breadcrumb\":{\"@id\":\"https:\\\/\\\/shopatoa.com\\\/ro\\\/naif-baby-kids-baby-cream-crema-pentru-ingrijire-pentru-piele-uscata-si-sensibila-pentru-nou-nascuti-si-copii-75-ml\\\/#breadcrumb\"},\"inLanguage\":\"ro-RO\",\"potentialAction\":[{\"@type\":\"ReadAction\",\"target\":[\"https:\\\/\\\/shopatoa.com\\\/ro\\\/naif-baby-kids-baby-cream-crema-pentru-ingrijire-pentru-piele-uscata-si-sensibila-pentru-nou-nascuti-si-copii-75-ml\\\/\"]}]},{\"@type\":\"ImageObject\",\"inLanguage\":\"ro-RO\",\"@id\":\"https:\\\/\\\/shopatoa.com\\\/ro\\\/naif-baby-kids-baby-cream-crema-pentru-ingrijire-pentru-piele-uscata-si-sensibila-pentru-nou-nascuti-si-copii-75-ml\\\/#primaryimage\",\"url\":\"https:\\\/\\\/storage.googleapis.com\\\/cz-shopatoa-img\\\/ro\\\/e21e7311-unnamed-file.webp\",\"contentUrl\":\"https:\\\/\\\/storage.googleapis.com\\\/cz-shopatoa-img\\\/ro\\\/e21e7311-unnamed-file.webp\",\"width\":800,\"height\":800},{\"@type\":\"BreadcrumbList\",\"@id\":\"https:\\\/\\\/shopatoa.com\\\/ro\\\/naif-baby-kids-baby-cream-crema-pentru-ingrijire-pentru-piele-uscata-si-sensibila-pentru-nou-nascuti-si-copii-75-ml\\\/#breadcrumb\",\"itemListElement\":[{\"@type\":\"ListItem\",\"position\":1,\"name\":\"Dom\u016f\",\"item\":\"https:\\\/\\\/shopatoa.com\\\/ro\\\/\"},{\"@type\":\"ListItem\",\"position\":2,\"name\":\"Shop\",\"item\":\"https:\\\/\\\/shopatoa.com\\\/ro\\\/shop\\\/\"},{\"@type\":\"ListItem\",\"position\":3,\"name\":\"Naif Baby &#038; Kids Baby Cream crema pentru ingrijire pentru piele uscata si sensibila pentru nou-nascuti si copii 75 ml\"}]},{\"@type\":\"WebSite\",\"@id\":\"https:\\\/\\\/shopatoa.com\\\/ro\\\/#website\",\"url\":\"https:\\\/\\\/shopatoa.com\\\/ro\\\/\",\"name\":\"SHOPATOA\",\"description\":\"\",\"publisher\":{\"@id\":\"https:\\\/\\\/shopatoa.com\\\/ro\\\/#organization\"},\"potentialAction\":[{\"@type\":\"SearchAction\",\"target\":{\"@type\":\"EntryPoint\",\"urlTemplate\":\"https:\\\/\\\/shopatoa.com\\\/ro\\\/?s={search_term_string}\"},\"query-input\":{\"@type\":\"PropertyValueSpecification\",\"valueRequired\":true,\"valueName\":\"search_term_string\"}}],\"inLanguage\":\"ro-RO\"},{\"@type\":\"Organization\",\"@id\":\"https:\\\/\\\/shopatoa.com\\\/ro\\\/#organization\",\"name\":\"SHOPATOA\",\"url\":\"https:\\\/\\\/shopatoa.com\\\/ro\\\/\",\"logo\":{\"@type\":\"ImageObject\",\"inLanguage\":\"ro-RO\",\"@id\":\"https:\\\/\\\/shopatoa.com\\\/ro\\\/#\\\/schema\\\/logo\\\/image\\\/\",\"url\":\"https:\\\/\\\/storage.googleapis.com\\\/cz-shopatoa-img\\\/ro\\\/b4dac915-shopatoa_logo.png\",\"contentUrl\":\"https:\\\/\\\/storage.googleapis.com\\\/cz-shopatoa-img\\\/ro\\\/b4dac915-shopatoa_logo.png\",\"width\":416,\"height\":63,\"caption\":\"SHOPATOA\"},\"image\":{\"@id\":\"https:\\\/\\\/shopatoa.com\\\/ro\\\/#\\\/schema\\\/logo\\\/image\\\/\"}}]}<\/script>\n<!-- \/ Yoast SEO plugin. -->","yoast_head_json":{"title":"Naif Baby & Kids Baby Cream crema pentru ingrijire pentru piele uscata si sensibila pentru nou-nascuti si copii 75 ml - SHOPATOA.COM","robots":{"index":"index","follow":"follow","max-snippet":"max-snippet:-1","max-image-preview":"max-image-preview:large","max-video-preview":"max-video-preview:-1"},"canonical":"https:\/\/shopatoa.com\/ro\/naif-baby-kids-baby-cream-crema-pentru-ingrijire-pentru-piele-uscata-si-sensibila-pentru-nou-nascuti-si-copii-75-ml\/","og_locale":"ro_RO","og_type":"article","og_title":"Naif Baby & Kids Baby Cream crema pentru ingrijire pentru piele uscata si sensibila pentru nou-nascuti si copii 75 ml - SHOPATOA.COM","og_description":"Naif Baby &#038; Kids Baby Cream, 75 ml, \u00cengrijirea corpului copilului pentru copii, Pielea sensibil\u0103 a copiilor merit\u0103 s\u0103 fie r\u0103sf\u0103\u021bat\u0103 nu doar de mama, ci \u0219i de cosmeticele de \u00eengrijire. De aceea, oferi\u021bi copiilor dvs. cea mai delicat\u0103 \u00eengrijire. Produsul Naif Baby &#038; Kids Baby Cream va oferi pielii delicate a copiilor tot ce...","og_url":"https:\/\/shopatoa.com\/ro\/naif-baby-kids-baby-cream-crema-pentru-ingrijire-pentru-piele-uscata-si-sensibila-pentru-nou-nascuti-si-copii-75-ml\/","og_site_name":"SHOPATOA","article_modified_time":"2025-06-24T04:00:56+00:00","og_image":[{"width":800,"height":800,"url":"https:\/\/storage.googleapis.com\/cz-shopatoa-img\/ro\/e21e7311-unnamed-file.webp","type":"image\/webp"}],"twitter_card":"summary_large_image","twitter_misc":{"Timp estimat pentru citire":"1 minut"},"schema":{"@context":"https:\/\/schema.org","@graph":[{"@type":"WebPage","@id":"https:\/\/shopatoa.com\/ro\/naif-baby-kids-baby-cream-crema-pentru-ingrijire-pentru-piele-uscata-si-sensibila-pentru-nou-nascuti-si-copii-75-ml\/","url":"https:\/\/shopatoa.com\/ro\/naif-baby-kids-baby-cream-crema-pentru-ingrijire-pentru-piele-uscata-si-sensibila-pentru-nou-nascuti-si-copii-75-ml\/","name":"Naif Baby & Kids Baby Cream crema pentru ingrijire pentru piele uscata si sensibila pentru nou-nascuti si copii 75 ml - SHOPATOA.COM","isPartOf":{"@id":"https:\/\/shopatoa.com\/ro\/#website"},"primaryImageOfPage":{"@id":"https:\/\/shopatoa.com\/ro\/naif-baby-kids-baby-cream-crema-pentru-ingrijire-pentru-piele-uscata-si-sensibila-pentru-nou-nascuti-si-copii-75-ml\/#primaryimage"},"image":{"@id":"https:\/\/shopatoa.com\/ro\/naif-baby-kids-baby-cream-crema-pentru-ingrijire-pentru-piele-uscata-si-sensibila-pentru-nou-nascuti-si-copii-75-ml\/#primaryimage"},"thumbnailUrl":"https:\/\/storage.googleapis.com\/cz-shopatoa-img\/ro\/e21e7311-unnamed-file.webp","datePublished":"2025-06-24T03:59:33+00:00","dateModified":"2025-06-24T04:00:56+00:00","breadcrumb":{"@id":"https:\/\/shopatoa.com\/ro\/naif-baby-kids-baby-cream-crema-pentru-ingrijire-pentru-piele-uscata-si-sensibila-pentru-nou-nascuti-si-copii-75-ml\/#breadcrumb"},"inLanguage":"ro-RO","potentialAction":[{"@type":"ReadAction","target":["https:\/\/shopatoa.com\/ro\/naif-baby-kids-baby-cream-crema-pentru-ingrijire-pentru-piele-uscata-si-sensibila-pentru-nou-nascuti-si-copii-75-ml\/"]}]},{"@type":"ImageObject","inLanguage":"ro-RO","@id":"https:\/\/shopatoa.com\/ro\/naif-baby-kids-baby-cream-crema-pentru-ingrijire-pentru-piele-uscata-si-sensibila-pentru-nou-nascuti-si-copii-75-ml\/#primaryimage","url":"https:\/\/storage.googleapis.com\/cz-shopatoa-img\/ro\/e21e7311-unnamed-file.webp","contentUrl":"https:\/\/storage.googleapis.com\/cz-shopatoa-img\/ro\/e21e7311-unnamed-file.webp","width":800,"height":800},{"@type":"BreadcrumbList","@id":"https:\/\/shopatoa.com\/ro\/naif-baby-kids-baby-cream-crema-pentru-ingrijire-pentru-piele-uscata-si-sensibila-pentru-nou-nascuti-si-copii-75-ml\/#breadcrumb","itemListElement":[{"@type":"ListItem","position":1,"name":"Dom\u016f","item":"https:\/\/shopatoa.com\/ro\/"},{"@type":"ListItem","position":2,"name":"Shop","item":"https:\/\/shopatoa.com\/ro\/shop\/"},{"@type":"ListItem","position":3,"name":"Naif Baby &#038; Kids Baby Cream crema pentru ingrijire pentru piele uscata si sensibila pentru nou-nascuti si copii 75 ml"}]},{"@type":"WebSite","@id":"https:\/\/shopatoa.com\/ro\/#website","url":"https:\/\/shopatoa.com\/ro\/","name":"SHOPATOA","description":"","publisher":{"@id":"https:\/\/shopatoa.com\/ro\/#organization"},"potentialAction":[{"@type":"SearchAction","target":{"@type":"EntryPoint","urlTemplate":"https:\/\/shopatoa.com\/ro\/?s={search_term_string}"},"query-input":{"@type":"PropertyValueSpecification","valueRequired":true,"valueName":"search_term_string"}}],"inLanguage":"ro-RO"},{"@type":"Organization","@id":"https:\/\/shopatoa.com\/ro\/#organization","name":"SHOPATOA","url":"https:\/\/shopatoa.com\/ro\/","logo":{"@type":"ImageObject","inLanguage":"ro-RO","@id":"https:\/\/shopatoa.com\/ro\/#\/schema\/logo\/image\/","url":"https:\/\/storage.googleapis.com\/cz-shopatoa-img\/ro\/b4dac915-shopatoa_logo.png","contentUrl":"https:\/\/storage.googleapis.com\/cz-shopatoa-img\/ro\/b4dac915-shopatoa_logo.png","width":416,"height":63,"caption":"SHOPATOA"},"image":{"@id":"https:\/\/shopatoa.com\/ro\/#\/schema\/logo\/image\/"}}]}},"_links":{"self":[{"href":"https:\/\/shopatoa.com\/ro\/wp-json\/wp\/v2\/product\/437705","targetHints":{"allow":["GET"]}}],"collection":[{"href":"https:\/\/shopatoa.com\/ro\/wp-json\/wp\/v2\/product"}],"about":[{"href":"https:\/\/shopatoa.com\/ro\/wp-json\/wp\/v2\/types\/product"}],"replies":[{"embeddable":true,"href":"https:\/\/shopatoa.com\/ro\/wp-json\/wp\/v2\/comments?post=437705"}],"wp:featuredmedia":[{"embeddable":true,"href":"https:\/\/shopatoa.com\/ro\/wp-json\/wp\/v2\/media\/437706"}],"wp:attachment":[{"href":"https:\/\/shopatoa.com\/ro\/wp-json\/wp\/v2\/media?parent=437705"}],"wp:term":[{"taxonomy":"product_brand","embeddable":true,"href":"https:\/\/shopatoa.com\/ro\/wp-json\/wp\/v2\/product_brand?post=437705"},{"taxonomy":"product_cat","embeddable":true,"href":"https:\/\/shopatoa.com\/ro\/wp-json\/wp\/v2\/product_cat?post=437705"},{"taxonomy":"product_tag","embeddable":true,"href":"https:\/\/shopatoa.com\/ro\/wp-json\/wp\/v2\/product_tag?post=437705"}],"curies":[{"name":"wp","href":"https:\/\/api.w.org\/{rel}","templated":true}]}}