{"id":437713,"date":"2025-06-24T06:01:23","date_gmt":"2025-06-24T04:01:23","guid":{"rendered":"https:\/\/shopatoa.com\/ro\/cosrx-aloe-54-2-aqua-tone-up-sunscreen-fluid-protector-tonifiant-pentru-fata-spf-50-50-ml\/"},"modified":"2025-06-24T06:01:49","modified_gmt":"2025-06-24T04:01:49","slug":"cosrx-aloe-54-2-aqua-tone-up-sunscreen-fluid-protector-tonifiant-pentru-fata-spf-50-50-ml","status":"publish","type":"product","link":"https:\/\/shopatoa.com\/ro\/cosrx-aloe-54-2-aqua-tone-up-sunscreen-fluid-protector-tonifiant-pentru-fata-spf-50-50-ml\/","title":{"rendered":"Cosrx Aloe 54.2 Aqua Tone-Up Sunscreen fluid protector tonifiant pentru fa\u021b\u0103 SPF 50+ 50 ml"},"content":{"rendered":"<p>Cosrx Aloe 54.2 Aqua Tone-Up Sunscreen, 50 ml, Protec\u021bie contra radia\u021biilor solare pentru femei, Proteja\u021bi-v\u0103 tenul \u00eempotriva \u00eemb\u0103tr\u00e2nirii premature \u0219i a altor afec\u021biuni cauzate de expunerea la soare. Tenul delicat al fe\u021bei este mult mai sensibil dec\u00e2t pielea celorlalte zone ale corpului \u0219i este expus la razele soarelui pe tot parcursul anului \u2013 de aceea este foarte important s\u0103 nu-i subestima\u021bi protec\u021bia. Produsul cu filtru UV mineral Cosrx Aloe 54.2 Aqua Tone-Up Sunscreen creeaz\u0103 la nivelul tenului o barier\u0103, care asigur\u0103 protec\u021bie eficient\u0103 \u00eempotriva radia\u021biilor UV, ajut\u00e2ndu-v\u0103 s\u0103 preveni\u021bi nu doar arsurile solare sau petele pigmentare, ci \u0219i reducerea elasticit\u0103\u021bii, pierderea colagenului \u0219i alte semne de \u00eemb\u0103tr\u00e2nire a tenului.  Caracteristici:  se absoarbe rapid protejeaz\u0103 pielea fa\u021b\u0103 de influen\u021be externe nocive hidrateaz\u0103 intens protejeaz\u0103 pielea fa\u021b\u0103 de radia\u021biile UVA \u0219i UVB nu las\u0103 pete albe pe piele aplicare practic\u0103 \u0219i igienic\u0103  Ingrediente:  nu con\u021bine parfum  Cum se utilizeaz\u0103: Se aplic\u0103 pe fa\u021b\u0103 o cantitate suficient\u0103, \u00eenainte de expunerea la soare. Se repet\u0103 dac\u0103 este necesar, \u00een special dup\u0103 \u00eemb\u0103iere, \u00een caz de transpira\u021bie \u0219i dup\u0103 uscarea pielii cu prosopul.<\/p>\n","protected":false},"excerpt":{"rendered":"<p>Cosrx Aloe 54.2 Aqua Tone-Up Sunscreen, 50 ml, Protec\u021bie contra radia\u021biilor solare pentru femei, Proteja\u021bi-v\u0103 tenul \u00eempotriva \u00eemb\u0103tr\u00e2nirii premature \u0219i a altor afec\u021biuni cauzate de expunerea la soare. Tenul delicat al fe\u021bei este mult mai sensibil dec\u00e2t pielea celorlalte zone ale corpului \u0219i este expus la razele soarelui pe tot parcursul anului \u2013 de aceea&#8230;<\/p>\n","protected":false},"featured_media":437714,"comment_status":"closed","ping_status":"open","template":"","meta":{"_acf_changed":false,"_kadence_starter_templates_imported_post":false,"_kad_post_transparent":"","_kad_post_title":"","_kad_post_layout":"","_kad_post_sidebar_id":"","_kad_post_content_style":"","_kad_post_vertical_padding":"","_kad_post_feature":"","_kad_post_feature_position":"","_kad_post_header":false,"_kad_post_footer":false,"_kad_post_classname":""},"product_brand":[797],"product_cat":[1564,1563,1565,1562],"product_tag":[],"class_list":{"0":"post-437713","1":"product","2":"type-product","3":"status-publish","4":"has-post-thumbnail","6":"product_brand-cosrx","7":"product_cat-cosmetice-ingrijire-personala","8":"product_cat-ingrijire-personala","9":"product_cat-ingrijirea-pielii","10":"product_cat-sanatate-si-frumusete","11":"pa_gen-female","12":"pa_marime-50-ml","14":"first","15":"instock","16":"sale","17":"product-type-external","18":"entry","19":"content-bg","20":"loop-entry"},"acf":[],"yoast_head":"<!-- This site is optimized with the Yoast SEO plugin v27.3 - https:\/\/yoast.com\/product\/yoast-seo-wordpress\/ -->\n<title>Cosrx Aloe 54.2 Aqua Tone-Up Sunscreen fluid protector tonifiant pentru fa\u021b\u0103 SPF 50+ 50 ml - SHOPATOA.COM<\/title>\n<meta name=\"robots\" content=\"index, follow, max-snippet:-1, max-image-preview:large, max-video-preview:-1\" \/>\n<link rel=\"canonical\" href=\"https:\/\/shopatoa.com\/ro\/cosrx-aloe-54-2-aqua-tone-up-sunscreen-fluid-protector-tonifiant-pentru-fata-spf-50-50-ml\/\" \/>\n<meta property=\"og:locale\" content=\"ro_RO\" \/>\n<meta property=\"og:type\" content=\"article\" \/>\n<meta property=\"og:title\" content=\"Cosrx Aloe 54.2 Aqua Tone-Up Sunscreen fluid protector tonifiant pentru fa\u021b\u0103 SPF 50+ 50 ml - SHOPATOA.COM\" \/>\n<meta property=\"og:description\" content=\"Cosrx Aloe 54.2 Aqua Tone-Up Sunscreen, 50 ml, Protec\u021bie contra radia\u021biilor solare pentru femei, Proteja\u021bi-v\u0103 tenul \u00eempotriva \u00eemb\u0103tr\u00e2nirii premature \u0219i a altor afec\u021biuni cauzate de expunerea la soare. Tenul delicat al fe\u021bei este mult mai sensibil dec\u00e2t pielea celorlalte zone ale corpului \u0219i este expus la razele soarelui pe tot parcursul anului \u2013 de aceea...\" \/>\n<meta property=\"og:url\" content=\"https:\/\/shopatoa.com\/ro\/cosrx-aloe-54-2-aqua-tone-up-sunscreen-fluid-protector-tonifiant-pentru-fata-spf-50-50-ml\/\" \/>\n<meta property=\"og:site_name\" content=\"SHOPATOA\" \/>\n<meta property=\"article:modified_time\" content=\"2025-06-24T04:01:49+00:00\" \/>\n<meta property=\"og:image\" content=\"https:\/\/storage.googleapis.com\/cz-shopatoa-img\/ro\/a513c650-unnamed-file.webp\" \/>\n\t<meta property=\"og:image:width\" content=\"800\" \/>\n\t<meta property=\"og:image:height\" content=\"800\" \/>\n\t<meta property=\"og:image:type\" content=\"image\/webp\" \/>\n<meta name=\"twitter:card\" content=\"summary_large_image\" \/>\n<meta name=\"twitter:label1\" content=\"Timp estimat pentru citire\" \/>\n\t<meta name=\"twitter:data1\" content=\"1 minut\" \/>\n<script type=\"application\/ld+json\" class=\"yoast-schema-graph\">{\"@context\":\"https:\\\/\\\/schema.org\",\"@graph\":[{\"@type\":\"WebPage\",\"@id\":\"https:\\\/\\\/shopatoa.com\\\/ro\\\/cosrx-aloe-54-2-aqua-tone-up-sunscreen-fluid-protector-tonifiant-pentru-fata-spf-50-50-ml\\\/\",\"url\":\"https:\\\/\\\/shopatoa.com\\\/ro\\\/cosrx-aloe-54-2-aqua-tone-up-sunscreen-fluid-protector-tonifiant-pentru-fata-spf-50-50-ml\\\/\",\"name\":\"Cosrx Aloe 54.2 Aqua Tone-Up Sunscreen fluid protector tonifiant pentru fa\u021b\u0103 SPF 50+ 50 ml - SHOPATOA.COM\",\"isPartOf\":{\"@id\":\"https:\\\/\\\/shopatoa.com\\\/ro\\\/#website\"},\"primaryImageOfPage\":{\"@id\":\"https:\\\/\\\/shopatoa.com\\\/ro\\\/cosrx-aloe-54-2-aqua-tone-up-sunscreen-fluid-protector-tonifiant-pentru-fata-spf-50-50-ml\\\/#primaryimage\"},\"image\":{\"@id\":\"https:\\\/\\\/shopatoa.com\\\/ro\\\/cosrx-aloe-54-2-aqua-tone-up-sunscreen-fluid-protector-tonifiant-pentru-fata-spf-50-50-ml\\\/#primaryimage\"},\"thumbnailUrl\":\"https:\\\/\\\/storage.googleapis.com\\\/cz-shopatoa-img\\\/ro\\\/a513c650-unnamed-file.webp\",\"datePublished\":\"2025-06-24T04:01:23+00:00\",\"dateModified\":\"2025-06-24T04:01:49+00:00\",\"breadcrumb\":{\"@id\":\"https:\\\/\\\/shopatoa.com\\\/ro\\\/cosrx-aloe-54-2-aqua-tone-up-sunscreen-fluid-protector-tonifiant-pentru-fata-spf-50-50-ml\\\/#breadcrumb\"},\"inLanguage\":\"ro-RO\",\"potentialAction\":[{\"@type\":\"ReadAction\",\"target\":[\"https:\\\/\\\/shopatoa.com\\\/ro\\\/cosrx-aloe-54-2-aqua-tone-up-sunscreen-fluid-protector-tonifiant-pentru-fata-spf-50-50-ml\\\/\"]}]},{\"@type\":\"ImageObject\",\"inLanguage\":\"ro-RO\",\"@id\":\"https:\\\/\\\/shopatoa.com\\\/ro\\\/cosrx-aloe-54-2-aqua-tone-up-sunscreen-fluid-protector-tonifiant-pentru-fata-spf-50-50-ml\\\/#primaryimage\",\"url\":\"https:\\\/\\\/storage.googleapis.com\\\/cz-shopatoa-img\\\/ro\\\/a513c650-unnamed-file.webp\",\"contentUrl\":\"https:\\\/\\\/storage.googleapis.com\\\/cz-shopatoa-img\\\/ro\\\/a513c650-unnamed-file.webp\",\"width\":800,\"height\":800},{\"@type\":\"BreadcrumbList\",\"@id\":\"https:\\\/\\\/shopatoa.com\\\/ro\\\/cosrx-aloe-54-2-aqua-tone-up-sunscreen-fluid-protector-tonifiant-pentru-fata-spf-50-50-ml\\\/#breadcrumb\",\"itemListElement\":[{\"@type\":\"ListItem\",\"position\":1,\"name\":\"Dom\u016f\",\"item\":\"https:\\\/\\\/shopatoa.com\\\/ro\\\/\"},{\"@type\":\"ListItem\",\"position\":2,\"name\":\"Shop\",\"item\":\"https:\\\/\\\/shopatoa.com\\\/ro\\\/shop\\\/\"},{\"@type\":\"ListItem\",\"position\":3,\"name\":\"Cosrx Aloe 54.2 Aqua Tone-Up Sunscreen fluid protector tonifiant pentru fa\u021b\u0103 SPF 50+ 50 ml\"}]},{\"@type\":\"WebSite\",\"@id\":\"https:\\\/\\\/shopatoa.com\\\/ro\\\/#website\",\"url\":\"https:\\\/\\\/shopatoa.com\\\/ro\\\/\",\"name\":\"SHOPATOA\",\"description\":\"\",\"publisher\":{\"@id\":\"https:\\\/\\\/shopatoa.com\\\/ro\\\/#organization\"},\"potentialAction\":[{\"@type\":\"SearchAction\",\"target\":{\"@type\":\"EntryPoint\",\"urlTemplate\":\"https:\\\/\\\/shopatoa.com\\\/ro\\\/?s={search_term_string}\"},\"query-input\":{\"@type\":\"PropertyValueSpecification\",\"valueRequired\":true,\"valueName\":\"search_term_string\"}}],\"inLanguage\":\"ro-RO\"},{\"@type\":\"Organization\",\"@id\":\"https:\\\/\\\/shopatoa.com\\\/ro\\\/#organization\",\"name\":\"SHOPATOA\",\"url\":\"https:\\\/\\\/shopatoa.com\\\/ro\\\/\",\"logo\":{\"@type\":\"ImageObject\",\"inLanguage\":\"ro-RO\",\"@id\":\"https:\\\/\\\/shopatoa.com\\\/ro\\\/#\\\/schema\\\/logo\\\/image\\\/\",\"url\":\"https:\\\/\\\/storage.googleapis.com\\\/cz-shopatoa-img\\\/ro\\\/b4dac915-shopatoa_logo.png\",\"contentUrl\":\"https:\\\/\\\/storage.googleapis.com\\\/cz-shopatoa-img\\\/ro\\\/b4dac915-shopatoa_logo.png\",\"width\":416,\"height\":63,\"caption\":\"SHOPATOA\"},\"image\":{\"@id\":\"https:\\\/\\\/shopatoa.com\\\/ro\\\/#\\\/schema\\\/logo\\\/image\\\/\"}}]}<\/script>\n<!-- \/ Yoast SEO plugin. -->","yoast_head_json":{"title":"Cosrx Aloe 54.2 Aqua Tone-Up Sunscreen fluid protector tonifiant pentru fa\u021b\u0103 SPF 50+ 50 ml - SHOPATOA.COM","robots":{"index":"index","follow":"follow","max-snippet":"max-snippet:-1","max-image-preview":"max-image-preview:large","max-video-preview":"max-video-preview:-1"},"canonical":"https:\/\/shopatoa.com\/ro\/cosrx-aloe-54-2-aqua-tone-up-sunscreen-fluid-protector-tonifiant-pentru-fata-spf-50-50-ml\/","og_locale":"ro_RO","og_type":"article","og_title":"Cosrx Aloe 54.2 Aqua Tone-Up Sunscreen fluid protector tonifiant pentru fa\u021b\u0103 SPF 50+ 50 ml - SHOPATOA.COM","og_description":"Cosrx Aloe 54.2 Aqua Tone-Up Sunscreen, 50 ml, Protec\u021bie contra radia\u021biilor solare pentru femei, Proteja\u021bi-v\u0103 tenul \u00eempotriva \u00eemb\u0103tr\u00e2nirii premature \u0219i a altor afec\u021biuni cauzate de expunerea la soare. Tenul delicat al fe\u021bei este mult mai sensibil dec\u00e2t pielea celorlalte zone ale corpului \u0219i este expus la razele soarelui pe tot parcursul anului \u2013 de aceea...","og_url":"https:\/\/shopatoa.com\/ro\/cosrx-aloe-54-2-aqua-tone-up-sunscreen-fluid-protector-tonifiant-pentru-fata-spf-50-50-ml\/","og_site_name":"SHOPATOA","article_modified_time":"2025-06-24T04:01:49+00:00","og_image":[{"width":800,"height":800,"url":"https:\/\/storage.googleapis.com\/cz-shopatoa-img\/ro\/a513c650-unnamed-file.webp","type":"image\/webp"}],"twitter_card":"summary_large_image","twitter_misc":{"Timp estimat pentru citire":"1 minut"},"schema":{"@context":"https:\/\/schema.org","@graph":[{"@type":"WebPage","@id":"https:\/\/shopatoa.com\/ro\/cosrx-aloe-54-2-aqua-tone-up-sunscreen-fluid-protector-tonifiant-pentru-fata-spf-50-50-ml\/","url":"https:\/\/shopatoa.com\/ro\/cosrx-aloe-54-2-aqua-tone-up-sunscreen-fluid-protector-tonifiant-pentru-fata-spf-50-50-ml\/","name":"Cosrx Aloe 54.2 Aqua Tone-Up Sunscreen fluid protector tonifiant pentru fa\u021b\u0103 SPF 50+ 50 ml - SHOPATOA.COM","isPartOf":{"@id":"https:\/\/shopatoa.com\/ro\/#website"},"primaryImageOfPage":{"@id":"https:\/\/shopatoa.com\/ro\/cosrx-aloe-54-2-aqua-tone-up-sunscreen-fluid-protector-tonifiant-pentru-fata-spf-50-50-ml\/#primaryimage"},"image":{"@id":"https:\/\/shopatoa.com\/ro\/cosrx-aloe-54-2-aqua-tone-up-sunscreen-fluid-protector-tonifiant-pentru-fata-spf-50-50-ml\/#primaryimage"},"thumbnailUrl":"https:\/\/storage.googleapis.com\/cz-shopatoa-img\/ro\/a513c650-unnamed-file.webp","datePublished":"2025-06-24T04:01:23+00:00","dateModified":"2025-06-24T04:01:49+00:00","breadcrumb":{"@id":"https:\/\/shopatoa.com\/ro\/cosrx-aloe-54-2-aqua-tone-up-sunscreen-fluid-protector-tonifiant-pentru-fata-spf-50-50-ml\/#breadcrumb"},"inLanguage":"ro-RO","potentialAction":[{"@type":"ReadAction","target":["https:\/\/shopatoa.com\/ro\/cosrx-aloe-54-2-aqua-tone-up-sunscreen-fluid-protector-tonifiant-pentru-fata-spf-50-50-ml\/"]}]},{"@type":"ImageObject","inLanguage":"ro-RO","@id":"https:\/\/shopatoa.com\/ro\/cosrx-aloe-54-2-aqua-tone-up-sunscreen-fluid-protector-tonifiant-pentru-fata-spf-50-50-ml\/#primaryimage","url":"https:\/\/storage.googleapis.com\/cz-shopatoa-img\/ro\/a513c650-unnamed-file.webp","contentUrl":"https:\/\/storage.googleapis.com\/cz-shopatoa-img\/ro\/a513c650-unnamed-file.webp","width":800,"height":800},{"@type":"BreadcrumbList","@id":"https:\/\/shopatoa.com\/ro\/cosrx-aloe-54-2-aqua-tone-up-sunscreen-fluid-protector-tonifiant-pentru-fata-spf-50-50-ml\/#breadcrumb","itemListElement":[{"@type":"ListItem","position":1,"name":"Dom\u016f","item":"https:\/\/shopatoa.com\/ro\/"},{"@type":"ListItem","position":2,"name":"Shop","item":"https:\/\/shopatoa.com\/ro\/shop\/"},{"@type":"ListItem","position":3,"name":"Cosrx Aloe 54.2 Aqua Tone-Up Sunscreen fluid protector tonifiant pentru fa\u021b\u0103 SPF 50+ 50 ml"}]},{"@type":"WebSite","@id":"https:\/\/shopatoa.com\/ro\/#website","url":"https:\/\/shopatoa.com\/ro\/","name":"SHOPATOA","description":"","publisher":{"@id":"https:\/\/shopatoa.com\/ro\/#organization"},"potentialAction":[{"@type":"SearchAction","target":{"@type":"EntryPoint","urlTemplate":"https:\/\/shopatoa.com\/ro\/?s={search_term_string}"},"query-input":{"@type":"PropertyValueSpecification","valueRequired":true,"valueName":"search_term_string"}}],"inLanguage":"ro-RO"},{"@type":"Organization","@id":"https:\/\/shopatoa.com\/ro\/#organization","name":"SHOPATOA","url":"https:\/\/shopatoa.com\/ro\/","logo":{"@type":"ImageObject","inLanguage":"ro-RO","@id":"https:\/\/shopatoa.com\/ro\/#\/schema\/logo\/image\/","url":"https:\/\/storage.googleapis.com\/cz-shopatoa-img\/ro\/b4dac915-shopatoa_logo.png","contentUrl":"https:\/\/storage.googleapis.com\/cz-shopatoa-img\/ro\/b4dac915-shopatoa_logo.png","width":416,"height":63,"caption":"SHOPATOA"},"image":{"@id":"https:\/\/shopatoa.com\/ro\/#\/schema\/logo\/image\/"}}]}},"_links":{"self":[{"href":"https:\/\/shopatoa.com\/ro\/wp-json\/wp\/v2\/product\/437713","targetHints":{"allow":["GET"]}}],"collection":[{"href":"https:\/\/shopatoa.com\/ro\/wp-json\/wp\/v2\/product"}],"about":[{"href":"https:\/\/shopatoa.com\/ro\/wp-json\/wp\/v2\/types\/product"}],"replies":[{"embeddable":true,"href":"https:\/\/shopatoa.com\/ro\/wp-json\/wp\/v2\/comments?post=437713"}],"wp:featuredmedia":[{"embeddable":true,"href":"https:\/\/shopatoa.com\/ro\/wp-json\/wp\/v2\/media\/437714"}],"wp:attachment":[{"href":"https:\/\/shopatoa.com\/ro\/wp-json\/wp\/v2\/media?parent=437713"}],"wp:term":[{"taxonomy":"product_brand","embeddable":true,"href":"https:\/\/shopatoa.com\/ro\/wp-json\/wp\/v2\/product_brand?post=437713"},{"taxonomy":"product_cat","embeddable":true,"href":"https:\/\/shopatoa.com\/ro\/wp-json\/wp\/v2\/product_cat?post=437713"},{"taxonomy":"product_tag","embeddable":true,"href":"https:\/\/shopatoa.com\/ro\/wp-json\/wp\/v2\/product_tag?post=437713"}],"curies":[{"name":"wp","href":"https:\/\/api.w.org\/{rel}","templated":true}]}}