{"id":437757,"date":"2025-06-24T06:04:59","date_gmt":"2025-06-24T04:04:59","guid":{"rendered":"https:\/\/shopatoa.com\/ro\/gehwol-classic-deodorant-spray-pentru-picioare-si-pantofi-150-ml\/"},"modified":"2025-06-24T06:05:54","modified_gmt":"2025-06-24T04:05:54","slug":"gehwol-classic-deodorant-spray-pentru-picioare-si-pantofi-150-ml","status":"publish","type":"product","link":"https:\/\/shopatoa.com\/ro\/gehwol-classic-deodorant-spray-pentru-picioare-si-pantofi-150-ml\/","title":{"rendered":"Gehwol Classic deodorant spray pentru picioare si pantofi 150 ml"},"content":{"rendered":"<p>Gehwol Classic, 150 ml, \u00cengrijire special\u0103 pentru piele pentru femei, Prospe\u021bime pe \u00eentreaga durat\u0103 a zilei \u0219i protec\u021bie \u00eempotriva efectelor negative ale transpira\u021biei excesive merit\u0103 nu numai axilele, ci \u0219i picioarele noastre. Sprayul pentru picioare GehwolClassic previne nepl\u0103cerea cauzat\u0103 de mirosul nepl\u0103cut al \u0219osetelor sau pantofilor. Las\u0103 pielea pl\u0103cut parfumat\u0103 \u0219i combate mirosul nepl\u0103cut, care se produce atunci c\u00e2nd transpira\u021bia reac\u021bioneaz\u0103 cu bacteriile de pe piele. V\u0103 va asigura o protec\u021bie de lung\u0103 durat\u0103, datorit\u0103 efectului s\u0103u deodorant eficient, pentru a v\u0103 bucura de o senza\u021bie de prospe\u021bime \u0219i curat pe tot parcursul zilei. \u00cencepe\u021bi programul zilei cu piciorul potrivit \u0219i proasp\u0103t.  Caracteristici:  suprim\u0103 mirosul nepl\u0103cut al picioarelor parfumeaz\u0103 picioarele \u0219i pantofii  Cum se utilizeaz\u0103: Se pulverizeaz\u0103 cantitatea necesar\u0103 de produs pe picioare \u0219i \u00eentre degete.<\/p>\n","protected":false},"excerpt":{"rendered":"<p>Gehwol Classic, 150 ml, \u00cengrijire special\u0103 pentru piele pentru femei, Prospe\u021bime pe \u00eentreaga durat\u0103 a zilei \u0219i protec\u021bie \u00eempotriva efectelor negative ale transpira\u021biei excesive merit\u0103 nu numai axilele, ci \u0219i picioarele noastre. Sprayul pentru picioare GehwolClassic previne nepl\u0103cerea cauzat\u0103 de mirosul nepl\u0103cut al \u0219osetelor sau pantofilor. Las\u0103 pielea pl\u0103cut parfumat\u0103 \u0219i combate mirosul nepl\u0103cut, care&#8230;<\/p>\n","protected":false},"featured_media":437758,"comment_status":"closed","ping_status":"open","template":"","meta":{"_acf_changed":false,"_kadence_starter_templates_imported_post":false,"_kad_post_transparent":"","_kad_post_title":"","_kad_post_layout":"","_kad_post_sidebar_id":"","_kad_post_content_style":"","_kad_post_vertical_padding":"","_kad_post_feature":"","_kad_post_feature_position":"","_kad_post_header":false,"_kad_post_footer":false,"_kad_post_classname":""},"product_brand":[3657],"product_cat":[1563,1972,1562],"product_tag":[],"class_list":{"0":"post-437757","1":"product","2":"type-product","3":"status-publish","4":"has-post-thumbnail","6":"product_brand-gehwol","7":"product_cat-ingrijire-personala","8":"product_cat-ingrijirea-picioarelor","9":"product_cat-sanatate-si-frumusete","10":"pa_gen-female","11":"pa_marime-150-ml","13":"first","14":"instock","15":"product-type-external","16":"entry","17":"content-bg","18":"loop-entry"},"acf":[],"yoast_head":"<!-- This site is optimized with the Yoast SEO plugin v27.4 - https:\/\/yoast.com\/product\/yoast-seo-wordpress\/ -->\n<title>Gehwol Classic deodorant spray pentru picioare si pantofi 150 ml - SHOPATOA.COM<\/title>\n<meta name=\"robots\" content=\"index, follow, max-snippet:-1, max-image-preview:large, max-video-preview:-1\" \/>\n<link rel=\"canonical\" href=\"https:\/\/shopatoa.com\/ro\/gehwol-classic-deodorant-spray-pentru-picioare-si-pantofi-150-ml\/\" \/>\n<meta property=\"og:locale\" content=\"ro_RO\" \/>\n<meta property=\"og:type\" content=\"article\" \/>\n<meta property=\"og:title\" content=\"Gehwol Classic deodorant spray pentru picioare si pantofi 150 ml - SHOPATOA.COM\" \/>\n<meta property=\"og:description\" content=\"Gehwol Classic, 150 ml, \u00cengrijire special\u0103 pentru piele pentru femei, Prospe\u021bime pe \u00eentreaga durat\u0103 a zilei \u0219i protec\u021bie \u00eempotriva efectelor negative ale transpira\u021biei excesive merit\u0103 nu numai axilele, ci \u0219i picioarele noastre. Sprayul pentru picioare GehwolClassic previne nepl\u0103cerea cauzat\u0103 de mirosul nepl\u0103cut al \u0219osetelor sau pantofilor. Las\u0103 pielea pl\u0103cut parfumat\u0103 \u0219i combate mirosul nepl\u0103cut, care...\" \/>\n<meta property=\"og:url\" content=\"https:\/\/shopatoa.com\/ro\/gehwol-classic-deodorant-spray-pentru-picioare-si-pantofi-150-ml\/\" \/>\n<meta property=\"og:site_name\" content=\"SHOPATOA\" \/>\n<meta property=\"article:modified_time\" content=\"2025-06-24T04:05:54+00:00\" \/>\n<meta property=\"og:image\" content=\"https:\/\/storage.googleapis.com\/cz-shopatoa-img\/ro\/7350d373-unnamed-file.webp\" \/>\n\t<meta property=\"og:image:width\" content=\"800\" \/>\n\t<meta property=\"og:image:height\" content=\"800\" \/>\n\t<meta property=\"og:image:type\" content=\"image\/webp\" \/>\n<meta name=\"twitter:card\" content=\"summary_large_image\" \/>\n<meta name=\"twitter:label1\" content=\"Timp estimat pentru citire\" \/>\n\t<meta name=\"twitter:data1\" content=\"1 minut\" \/>\n<script type=\"application\/ld+json\" class=\"yoast-schema-graph\">{\"@context\":\"https:\\\/\\\/schema.org\",\"@graph\":[{\"@type\":\"WebPage\",\"@id\":\"https:\\\/\\\/shopatoa.com\\\/ro\\\/gehwol-classic-deodorant-spray-pentru-picioare-si-pantofi-150-ml\\\/\",\"url\":\"https:\\\/\\\/shopatoa.com\\\/ro\\\/gehwol-classic-deodorant-spray-pentru-picioare-si-pantofi-150-ml\\\/\",\"name\":\"Gehwol Classic deodorant spray pentru picioare si pantofi 150 ml - SHOPATOA.COM\",\"isPartOf\":{\"@id\":\"https:\\\/\\\/shopatoa.com\\\/ro\\\/#website\"},\"primaryImageOfPage\":{\"@id\":\"https:\\\/\\\/shopatoa.com\\\/ro\\\/gehwol-classic-deodorant-spray-pentru-picioare-si-pantofi-150-ml\\\/#primaryimage\"},\"image\":{\"@id\":\"https:\\\/\\\/shopatoa.com\\\/ro\\\/gehwol-classic-deodorant-spray-pentru-picioare-si-pantofi-150-ml\\\/#primaryimage\"},\"thumbnailUrl\":\"https:\\\/\\\/storage.googleapis.com\\\/cz-shopatoa-img\\\/ro\\\/7350d373-unnamed-file.webp\",\"datePublished\":\"2025-06-24T04:04:59+00:00\",\"dateModified\":\"2025-06-24T04:05:54+00:00\",\"breadcrumb\":{\"@id\":\"https:\\\/\\\/shopatoa.com\\\/ro\\\/gehwol-classic-deodorant-spray-pentru-picioare-si-pantofi-150-ml\\\/#breadcrumb\"},\"inLanguage\":\"ro-RO\",\"potentialAction\":[{\"@type\":\"ReadAction\",\"target\":[\"https:\\\/\\\/shopatoa.com\\\/ro\\\/gehwol-classic-deodorant-spray-pentru-picioare-si-pantofi-150-ml\\\/\"]}]},{\"@type\":\"ImageObject\",\"inLanguage\":\"ro-RO\",\"@id\":\"https:\\\/\\\/shopatoa.com\\\/ro\\\/gehwol-classic-deodorant-spray-pentru-picioare-si-pantofi-150-ml\\\/#primaryimage\",\"url\":\"https:\\\/\\\/storage.googleapis.com\\\/cz-shopatoa-img\\\/ro\\\/7350d373-unnamed-file.webp\",\"contentUrl\":\"https:\\\/\\\/storage.googleapis.com\\\/cz-shopatoa-img\\\/ro\\\/7350d373-unnamed-file.webp\",\"width\":800,\"height\":800},{\"@type\":\"BreadcrumbList\",\"@id\":\"https:\\\/\\\/shopatoa.com\\\/ro\\\/gehwol-classic-deodorant-spray-pentru-picioare-si-pantofi-150-ml\\\/#breadcrumb\",\"itemListElement\":[{\"@type\":\"ListItem\",\"position\":1,\"name\":\"Dom\u016f\",\"item\":\"https:\\\/\\\/shopatoa.com\\\/ro\\\/\"},{\"@type\":\"ListItem\",\"position\":2,\"name\":\"Shop\",\"item\":\"https:\\\/\\\/shopatoa.com\\\/ro\\\/shop\\\/\"},{\"@type\":\"ListItem\",\"position\":3,\"name\":\"Gehwol Classic deodorant spray pentru picioare si pantofi 150 ml\"}]},{\"@type\":\"WebSite\",\"@id\":\"https:\\\/\\\/shopatoa.com\\\/ro\\\/#website\",\"url\":\"https:\\\/\\\/shopatoa.com\\\/ro\\\/\",\"name\":\"SHOPATOA\",\"description\":\"\",\"publisher\":{\"@id\":\"https:\\\/\\\/shopatoa.com\\\/ro\\\/#organization\"},\"potentialAction\":[{\"@type\":\"SearchAction\",\"target\":{\"@type\":\"EntryPoint\",\"urlTemplate\":\"https:\\\/\\\/shopatoa.com\\\/ro\\\/?s={search_term_string}\"},\"query-input\":{\"@type\":\"PropertyValueSpecification\",\"valueRequired\":true,\"valueName\":\"search_term_string\"}}],\"inLanguage\":\"ro-RO\"},{\"@type\":\"Organization\",\"@id\":\"https:\\\/\\\/shopatoa.com\\\/ro\\\/#organization\",\"name\":\"SHOPATOA\",\"url\":\"https:\\\/\\\/shopatoa.com\\\/ro\\\/\",\"logo\":{\"@type\":\"ImageObject\",\"inLanguage\":\"ro-RO\",\"@id\":\"https:\\\/\\\/shopatoa.com\\\/ro\\\/#\\\/schema\\\/logo\\\/image\\\/\",\"url\":\"https:\\\/\\\/storage.googleapis.com\\\/cz-shopatoa-img\\\/ro\\\/b4dac915-shopatoa_logo.png\",\"contentUrl\":\"https:\\\/\\\/storage.googleapis.com\\\/cz-shopatoa-img\\\/ro\\\/b4dac915-shopatoa_logo.png\",\"width\":416,\"height\":63,\"caption\":\"SHOPATOA\"},\"image\":{\"@id\":\"https:\\\/\\\/shopatoa.com\\\/ro\\\/#\\\/schema\\\/logo\\\/image\\\/\"}}]}<\/script>\n<!-- \/ Yoast SEO plugin. -->","yoast_head_json":{"title":"Gehwol Classic deodorant spray pentru picioare si pantofi 150 ml - SHOPATOA.COM","robots":{"index":"index","follow":"follow","max-snippet":"max-snippet:-1","max-image-preview":"max-image-preview:large","max-video-preview":"max-video-preview:-1"},"canonical":"https:\/\/shopatoa.com\/ro\/gehwol-classic-deodorant-spray-pentru-picioare-si-pantofi-150-ml\/","og_locale":"ro_RO","og_type":"article","og_title":"Gehwol Classic deodorant spray pentru picioare si pantofi 150 ml - SHOPATOA.COM","og_description":"Gehwol Classic, 150 ml, \u00cengrijire special\u0103 pentru piele pentru femei, Prospe\u021bime pe \u00eentreaga durat\u0103 a zilei \u0219i protec\u021bie \u00eempotriva efectelor negative ale transpira\u021biei excesive merit\u0103 nu numai axilele, ci \u0219i picioarele noastre. Sprayul pentru picioare GehwolClassic previne nepl\u0103cerea cauzat\u0103 de mirosul nepl\u0103cut al \u0219osetelor sau pantofilor. Las\u0103 pielea pl\u0103cut parfumat\u0103 \u0219i combate mirosul nepl\u0103cut, care...","og_url":"https:\/\/shopatoa.com\/ro\/gehwol-classic-deodorant-spray-pentru-picioare-si-pantofi-150-ml\/","og_site_name":"SHOPATOA","article_modified_time":"2025-06-24T04:05:54+00:00","og_image":[{"width":800,"height":800,"url":"https:\/\/storage.googleapis.com\/cz-shopatoa-img\/ro\/7350d373-unnamed-file.webp","type":"image\/webp"}],"twitter_card":"summary_large_image","twitter_misc":{"Timp estimat pentru citire":"1 minut"},"schema":{"@context":"https:\/\/schema.org","@graph":[{"@type":"WebPage","@id":"https:\/\/shopatoa.com\/ro\/gehwol-classic-deodorant-spray-pentru-picioare-si-pantofi-150-ml\/","url":"https:\/\/shopatoa.com\/ro\/gehwol-classic-deodorant-spray-pentru-picioare-si-pantofi-150-ml\/","name":"Gehwol Classic deodorant spray pentru picioare si pantofi 150 ml - SHOPATOA.COM","isPartOf":{"@id":"https:\/\/shopatoa.com\/ro\/#website"},"primaryImageOfPage":{"@id":"https:\/\/shopatoa.com\/ro\/gehwol-classic-deodorant-spray-pentru-picioare-si-pantofi-150-ml\/#primaryimage"},"image":{"@id":"https:\/\/shopatoa.com\/ro\/gehwol-classic-deodorant-spray-pentru-picioare-si-pantofi-150-ml\/#primaryimage"},"thumbnailUrl":"https:\/\/storage.googleapis.com\/cz-shopatoa-img\/ro\/7350d373-unnamed-file.webp","datePublished":"2025-06-24T04:04:59+00:00","dateModified":"2025-06-24T04:05:54+00:00","breadcrumb":{"@id":"https:\/\/shopatoa.com\/ro\/gehwol-classic-deodorant-spray-pentru-picioare-si-pantofi-150-ml\/#breadcrumb"},"inLanguage":"ro-RO","potentialAction":[{"@type":"ReadAction","target":["https:\/\/shopatoa.com\/ro\/gehwol-classic-deodorant-spray-pentru-picioare-si-pantofi-150-ml\/"]}]},{"@type":"ImageObject","inLanguage":"ro-RO","@id":"https:\/\/shopatoa.com\/ro\/gehwol-classic-deodorant-spray-pentru-picioare-si-pantofi-150-ml\/#primaryimage","url":"https:\/\/storage.googleapis.com\/cz-shopatoa-img\/ro\/7350d373-unnamed-file.webp","contentUrl":"https:\/\/storage.googleapis.com\/cz-shopatoa-img\/ro\/7350d373-unnamed-file.webp","width":800,"height":800},{"@type":"BreadcrumbList","@id":"https:\/\/shopatoa.com\/ro\/gehwol-classic-deodorant-spray-pentru-picioare-si-pantofi-150-ml\/#breadcrumb","itemListElement":[{"@type":"ListItem","position":1,"name":"Dom\u016f","item":"https:\/\/shopatoa.com\/ro\/"},{"@type":"ListItem","position":2,"name":"Shop","item":"https:\/\/shopatoa.com\/ro\/shop\/"},{"@type":"ListItem","position":3,"name":"Gehwol Classic deodorant spray pentru picioare si pantofi 150 ml"}]},{"@type":"WebSite","@id":"https:\/\/shopatoa.com\/ro\/#website","url":"https:\/\/shopatoa.com\/ro\/","name":"SHOPATOA","description":"","publisher":{"@id":"https:\/\/shopatoa.com\/ro\/#organization"},"potentialAction":[{"@type":"SearchAction","target":{"@type":"EntryPoint","urlTemplate":"https:\/\/shopatoa.com\/ro\/?s={search_term_string}"},"query-input":{"@type":"PropertyValueSpecification","valueRequired":true,"valueName":"search_term_string"}}],"inLanguage":"ro-RO"},{"@type":"Organization","@id":"https:\/\/shopatoa.com\/ro\/#organization","name":"SHOPATOA","url":"https:\/\/shopatoa.com\/ro\/","logo":{"@type":"ImageObject","inLanguage":"ro-RO","@id":"https:\/\/shopatoa.com\/ro\/#\/schema\/logo\/image\/","url":"https:\/\/storage.googleapis.com\/cz-shopatoa-img\/ro\/b4dac915-shopatoa_logo.png","contentUrl":"https:\/\/storage.googleapis.com\/cz-shopatoa-img\/ro\/b4dac915-shopatoa_logo.png","width":416,"height":63,"caption":"SHOPATOA"},"image":{"@id":"https:\/\/shopatoa.com\/ro\/#\/schema\/logo\/image\/"}}]}},"_links":{"self":[{"href":"https:\/\/shopatoa.com\/ro\/wp-json\/wp\/v2\/product\/437757","targetHints":{"allow":["GET"]}}],"collection":[{"href":"https:\/\/shopatoa.com\/ro\/wp-json\/wp\/v2\/product"}],"about":[{"href":"https:\/\/shopatoa.com\/ro\/wp-json\/wp\/v2\/types\/product"}],"replies":[{"embeddable":true,"href":"https:\/\/shopatoa.com\/ro\/wp-json\/wp\/v2\/comments?post=437757"}],"wp:featuredmedia":[{"embeddable":true,"href":"https:\/\/shopatoa.com\/ro\/wp-json\/wp\/v2\/media\/437758"}],"wp:attachment":[{"href":"https:\/\/shopatoa.com\/ro\/wp-json\/wp\/v2\/media?parent=437757"}],"wp:term":[{"taxonomy":"product_brand","embeddable":true,"href":"https:\/\/shopatoa.com\/ro\/wp-json\/wp\/v2\/product_brand?post=437757"},{"taxonomy":"product_cat","embeddable":true,"href":"https:\/\/shopatoa.com\/ro\/wp-json\/wp\/v2\/product_cat?post=437757"},{"taxonomy":"product_tag","embeddable":true,"href":"https:\/\/shopatoa.com\/ro\/wp-json\/wp\/v2\/product_tag?post=437757"}],"curies":[{"name":"wp","href":"https:\/\/api.w.org\/{rel}","templated":true}]}}