{"id":438205,"date":"2025-06-24T06:54:40","date_gmt":"2025-06-24T04:54:40","guid":{"rendered":"https:\/\/shopatoa.com\/ro\/bella-baby-happy-almond-and-olive-leaf-extract-servetele-umede-pentru-copii-64-buc\/"},"modified":"2025-12-13T11:15:36","modified_gmt":"2025-12-13T10:15:36","slug":"bella-baby-happy-almond-and-olive-leaf-extract-servetele-umede-pentru-copii-64-buc","status":"publish","type":"product","link":"https:\/\/shopatoa.com\/ro\/bella-baby-happy-almond-and-olive-leaf-extract-servetele-umede-pentru-copii-64-buc\/","title":{"rendered":"Bella Baby Happy Almond and Olive Leaf extract \u0218erve\u021bele umede pentru copii 64 buc"},"content":{"rendered":"<p>Bella Baby Happy Almond and Olive Leaf extract, 64 buc, \u0218erve\u021bele umede pentru copii pentru copii, \u0218erve\u021belele de cur\u0103\u021bare Bella Baby Happy Almond and Olive Leaf extract \u00eengrijesc pielea copilului simplu, rapid \u0219i sigur.  Caracteristici:  hidrateaz\u0103 pielea copilului \u00eendep\u0103rteaz\u0103 impurit\u0103\u021bile \u00eengrije\u0219te \u0219i cur\u0103\u021b\u0103 pielea copilului are o suprafa\u021b\u0103 delicat\u0103 \u00eenvioreaz\u0103 \u0219i revitalizeaz\u0103 miroase pl\u0103cut  Ingrediente:  produs vegan testat dermatologic  Cum se utilizeaz\u0103: Se cur\u0103\u021b\u0103 delicat pielea copilului. Se utilizeaz\u0103 dup\u0103 cum este necesar. Dup\u0103 utilizare se \u00eenchide bine pachetul, pentru a se \u00eempiedica uscarea \u0219erve\u021belelor. \u0218erve\u021belele sunt de unic\u0103 folosin\u021b\u0103.<\/p>\n","protected":false},"excerpt":{"rendered":"<p>Bella Baby Happy Almond and Olive Leaf extract, 64 buc, \u0218erve\u021bele umede pentru copii pentru copii, \u0218erve\u021belele de cur\u0103\u021bare Bella Baby Happy Almond and Olive Leaf extract \u00eengrijesc pielea copilului simplu, rapid \u0219i sigur. Caracteristici: hidrateaz\u0103 pielea copilului \u00eendep\u0103rteaz\u0103 impurit\u0103\u021bile \u00eengrije\u0219te \u0219i cur\u0103\u021b\u0103 pielea copilului are o suprafa\u021b\u0103 delicat\u0103 \u00eenvioreaz\u0103 \u0219i revitalizeaz\u0103 miroase pl\u0103cut Ingrediente:&#8230;<\/p>\n","protected":false},"featured_media":438206,"comment_status":"closed","ping_status":"open","template":"","meta":{"_acf_changed":false,"_kadence_starter_templates_imported_post":false,"_kad_post_transparent":"","_kad_post_title":"","_kad_post_layout":"","_kad_post_sidebar_id":"","_kad_post_content_style":"","_kad_post_vertical_padding":"","_kad_post_feature":"","_kad_post_feature_position":"","_kad_post_header":false,"_kad_post_footer":false,"_kad_post_classname":""},"product_brand":[3660],"product_cat":[1805,1804,1803,1802,1806],"product_tag":[],"class_list":{"0":"post-438205","1":"product","2":"type-product","3":"status-publish","4":"has-post-thumbnail","6":"product_brand-bella-baby-happy","7":"product_cat-baie-corp","8":"product_cat-cosmetice-ingrijire-personala-sanatate-frumusete","9":"product_cat-ingrijire-personala-sanatate-frumusete","10":"product_cat-sanatate-frumusete","11":"product_cat-servetele-igienice-pentru-adulti","12":"pa_gen-unisex","13":"pa_marime-64-buc","15":"first","16":"instock","17":"sale","18":"product-type-external","19":"entry","20":"content-bg","21":"loop-entry"},"acf":[],"yoast_head":"<!-- This site is optimized with the Yoast SEO plugin v27.4 - https:\/\/yoast.com\/product\/yoast-seo-wordpress\/ -->\n<title>Bella Baby Happy Almond and Olive Leaf extract \u0218erve\u021bele umede pentru copii 64 buc - SHOPATOA.COM<\/title>\n<meta name=\"robots\" content=\"index, follow, max-snippet:-1, max-image-preview:large, max-video-preview:-1\" \/>\n<link rel=\"canonical\" href=\"https:\/\/shopatoa.com\/ro\/bella-baby-happy-almond-and-olive-leaf-extract-servetele-umede-pentru-copii-64-buc\/\" \/>\n<meta property=\"og:locale\" content=\"ro_RO\" \/>\n<meta property=\"og:type\" content=\"article\" \/>\n<meta property=\"og:title\" content=\"Bella Baby Happy Almond and Olive Leaf extract \u0218erve\u021bele umede pentru copii 64 buc - SHOPATOA.COM\" \/>\n<meta property=\"og:description\" content=\"Bella Baby Happy Almond and Olive Leaf extract, 64 buc, \u0218erve\u021bele umede pentru copii pentru copii, \u0218erve\u021belele de cur\u0103\u021bare Bella Baby Happy Almond and Olive Leaf extract \u00eengrijesc pielea copilului simplu, rapid \u0219i sigur. Caracteristici: hidrateaz\u0103 pielea copilului \u00eendep\u0103rteaz\u0103 impurit\u0103\u021bile \u00eengrije\u0219te \u0219i cur\u0103\u021b\u0103 pielea copilului are o suprafa\u021b\u0103 delicat\u0103 \u00eenvioreaz\u0103 \u0219i revitalizeaz\u0103 miroase pl\u0103cut Ingrediente:...\" \/>\n<meta property=\"og:url\" content=\"https:\/\/shopatoa.com\/ro\/bella-baby-happy-almond-and-olive-leaf-extract-servetele-umede-pentru-copii-64-buc\/\" \/>\n<meta property=\"og:site_name\" content=\"SHOPATOA\" \/>\n<meta property=\"article:modified_time\" content=\"2025-12-13T10:15:36+00:00\" \/>\n<meta property=\"og:image\" content=\"https:\/\/storage.googleapis.com\/cz-shopatoa-img\/ro\/455bed3a-unnamed-file.webp\" \/>\n\t<meta property=\"og:image:width\" content=\"800\" \/>\n\t<meta property=\"og:image:height\" content=\"800\" \/>\n\t<meta property=\"og:image:type\" content=\"image\/webp\" \/>\n<meta name=\"twitter:card\" content=\"summary_large_image\" \/>\n<script type=\"application\/ld+json\" class=\"yoast-schema-graph\">{\"@context\":\"https:\\\/\\\/schema.org\",\"@graph\":[{\"@type\":\"WebPage\",\"@id\":\"https:\\\/\\\/shopatoa.com\\\/ro\\\/bella-baby-happy-almond-and-olive-leaf-extract-servetele-umede-pentru-copii-64-buc\\\/\",\"url\":\"https:\\\/\\\/shopatoa.com\\\/ro\\\/bella-baby-happy-almond-and-olive-leaf-extract-servetele-umede-pentru-copii-64-buc\\\/\",\"name\":\"Bella Baby Happy Almond and Olive Leaf extract \u0218erve\u021bele umede pentru copii 64 buc - SHOPATOA.COM\",\"isPartOf\":{\"@id\":\"https:\\\/\\\/shopatoa.com\\\/ro\\\/#website\"},\"primaryImageOfPage\":{\"@id\":\"https:\\\/\\\/shopatoa.com\\\/ro\\\/bella-baby-happy-almond-and-olive-leaf-extract-servetele-umede-pentru-copii-64-buc\\\/#primaryimage\"},\"image\":{\"@id\":\"https:\\\/\\\/shopatoa.com\\\/ro\\\/bella-baby-happy-almond-and-olive-leaf-extract-servetele-umede-pentru-copii-64-buc\\\/#primaryimage\"},\"thumbnailUrl\":\"https:\\\/\\\/storage.googleapis.com\\\/cz-shopatoa-img\\\/ro\\\/455bed3a-unnamed-file.webp\",\"datePublished\":\"2025-06-24T04:54:40+00:00\",\"dateModified\":\"2025-12-13T10:15:36+00:00\",\"breadcrumb\":{\"@id\":\"https:\\\/\\\/shopatoa.com\\\/ro\\\/bella-baby-happy-almond-and-olive-leaf-extract-servetele-umede-pentru-copii-64-buc\\\/#breadcrumb\"},\"inLanguage\":\"ro-RO\",\"potentialAction\":[{\"@type\":\"ReadAction\",\"target\":[\"https:\\\/\\\/shopatoa.com\\\/ro\\\/bella-baby-happy-almond-and-olive-leaf-extract-servetele-umede-pentru-copii-64-buc\\\/\"]}]},{\"@type\":\"ImageObject\",\"inLanguage\":\"ro-RO\",\"@id\":\"https:\\\/\\\/shopatoa.com\\\/ro\\\/bella-baby-happy-almond-and-olive-leaf-extract-servetele-umede-pentru-copii-64-buc\\\/#primaryimage\",\"url\":\"https:\\\/\\\/storage.googleapis.com\\\/cz-shopatoa-img\\\/ro\\\/455bed3a-unnamed-file.webp\",\"contentUrl\":\"https:\\\/\\\/storage.googleapis.com\\\/cz-shopatoa-img\\\/ro\\\/455bed3a-unnamed-file.webp\",\"width\":800,\"height\":800},{\"@type\":\"BreadcrumbList\",\"@id\":\"https:\\\/\\\/shopatoa.com\\\/ro\\\/bella-baby-happy-almond-and-olive-leaf-extract-servetele-umede-pentru-copii-64-buc\\\/#breadcrumb\",\"itemListElement\":[{\"@type\":\"ListItem\",\"position\":1,\"name\":\"Dom\u016f\",\"item\":\"https:\\\/\\\/shopatoa.com\\\/ro\\\/\"},{\"@type\":\"ListItem\",\"position\":2,\"name\":\"Shop\",\"item\":\"https:\\\/\\\/shopatoa.com\\\/ro\\\/shop\\\/\"},{\"@type\":\"ListItem\",\"position\":3,\"name\":\"S\u0103n\u0103tate &amp; Frumuse\u021be\",\"item\":\"https:\\\/\\\/shopatoa.com\\\/ro\\\/sanatate-frumusete\\\/\"},{\"@type\":\"ListItem\",\"position\":4,\"name\":\"\u00cengrijire personal\u0103\",\"item\":\"https:\\\/\\\/shopatoa.com\\\/ro\\\/ingrijire-personala-sanatate-frumusete\\\/\"},{\"@type\":\"ListItem\",\"position\":5,\"name\":\"Cosmetice\",\"item\":\"https:\\\/\\\/shopatoa.com\\\/ro\\\/cosmetice-ingrijire-personala-sanatate-frumusete\\\/\"},{\"@type\":\"ListItem\",\"position\":6,\"name\":\"Baie &amp; Corp\",\"item\":\"https:\\\/\\\/shopatoa.com\\\/ro\\\/baie-corp\\\/\"},{\"@type\":\"ListItem\",\"position\":7,\"name\":\"\u0218erve\u021bele igienice pentru adul\u021bi\",\"item\":\"https:\\\/\\\/shopatoa.com\\\/ro\\\/servetele-igienice-pentru-adulti\\\/\"},{\"@type\":\"ListItem\",\"position\":8,\"name\":\"Bella Baby Happy Almond and Olive Leaf extract \u0218erve\u021bele umede pentru copii 64 buc\"}]},{\"@type\":\"WebSite\",\"@id\":\"https:\\\/\\\/shopatoa.com\\\/ro\\\/#website\",\"url\":\"https:\\\/\\\/shopatoa.com\\\/ro\\\/\",\"name\":\"SHOPATOA\",\"description\":\"\",\"publisher\":{\"@id\":\"https:\\\/\\\/shopatoa.com\\\/ro\\\/#organization\"},\"potentialAction\":[{\"@type\":\"SearchAction\",\"target\":{\"@type\":\"EntryPoint\",\"urlTemplate\":\"https:\\\/\\\/shopatoa.com\\\/ro\\\/?s={search_term_string}\"},\"query-input\":{\"@type\":\"PropertyValueSpecification\",\"valueRequired\":true,\"valueName\":\"search_term_string\"}}],\"inLanguage\":\"ro-RO\"},{\"@type\":\"Organization\",\"@id\":\"https:\\\/\\\/shopatoa.com\\\/ro\\\/#organization\",\"name\":\"SHOPATOA\",\"url\":\"https:\\\/\\\/shopatoa.com\\\/ro\\\/\",\"logo\":{\"@type\":\"ImageObject\",\"inLanguage\":\"ro-RO\",\"@id\":\"https:\\\/\\\/shopatoa.com\\\/ro\\\/#\\\/schema\\\/logo\\\/image\\\/\",\"url\":\"https:\\\/\\\/storage.googleapis.com\\\/cz-shopatoa-img\\\/ro\\\/b4dac915-shopatoa_logo.png\",\"contentUrl\":\"https:\\\/\\\/storage.googleapis.com\\\/cz-shopatoa-img\\\/ro\\\/b4dac915-shopatoa_logo.png\",\"width\":416,\"height\":63,\"caption\":\"SHOPATOA\"},\"image\":{\"@id\":\"https:\\\/\\\/shopatoa.com\\\/ro\\\/#\\\/schema\\\/logo\\\/image\\\/\"}}]}<\/script>\n<!-- \/ Yoast SEO plugin. -->","yoast_head_json":{"title":"Bella Baby Happy Almond and Olive Leaf extract \u0218erve\u021bele umede pentru copii 64 buc - SHOPATOA.COM","robots":{"index":"index","follow":"follow","max-snippet":"max-snippet:-1","max-image-preview":"max-image-preview:large","max-video-preview":"max-video-preview:-1"},"canonical":"https:\/\/shopatoa.com\/ro\/bella-baby-happy-almond-and-olive-leaf-extract-servetele-umede-pentru-copii-64-buc\/","og_locale":"ro_RO","og_type":"article","og_title":"Bella Baby Happy Almond and Olive Leaf extract \u0218erve\u021bele umede pentru copii 64 buc - SHOPATOA.COM","og_description":"Bella Baby Happy Almond and Olive Leaf extract, 64 buc, \u0218erve\u021bele umede pentru copii pentru copii, \u0218erve\u021belele de cur\u0103\u021bare Bella Baby Happy Almond and Olive Leaf extract \u00eengrijesc pielea copilului simplu, rapid \u0219i sigur. Caracteristici: hidrateaz\u0103 pielea copilului \u00eendep\u0103rteaz\u0103 impurit\u0103\u021bile \u00eengrije\u0219te \u0219i cur\u0103\u021b\u0103 pielea copilului are o suprafa\u021b\u0103 delicat\u0103 \u00eenvioreaz\u0103 \u0219i revitalizeaz\u0103 miroase pl\u0103cut Ingrediente:...","og_url":"https:\/\/shopatoa.com\/ro\/bella-baby-happy-almond-and-olive-leaf-extract-servetele-umede-pentru-copii-64-buc\/","og_site_name":"SHOPATOA","article_modified_time":"2025-12-13T10:15:36+00:00","og_image":[{"width":800,"height":800,"url":"https:\/\/storage.googleapis.com\/cz-shopatoa-img\/ro\/455bed3a-unnamed-file.webp","type":"image\/webp"}],"twitter_card":"summary_large_image","schema":{"@context":"https:\/\/schema.org","@graph":[{"@type":"WebPage","@id":"https:\/\/shopatoa.com\/ro\/bella-baby-happy-almond-and-olive-leaf-extract-servetele-umede-pentru-copii-64-buc\/","url":"https:\/\/shopatoa.com\/ro\/bella-baby-happy-almond-and-olive-leaf-extract-servetele-umede-pentru-copii-64-buc\/","name":"Bella Baby Happy Almond and Olive Leaf extract \u0218erve\u021bele umede pentru copii 64 buc - SHOPATOA.COM","isPartOf":{"@id":"https:\/\/shopatoa.com\/ro\/#website"},"primaryImageOfPage":{"@id":"https:\/\/shopatoa.com\/ro\/bella-baby-happy-almond-and-olive-leaf-extract-servetele-umede-pentru-copii-64-buc\/#primaryimage"},"image":{"@id":"https:\/\/shopatoa.com\/ro\/bella-baby-happy-almond-and-olive-leaf-extract-servetele-umede-pentru-copii-64-buc\/#primaryimage"},"thumbnailUrl":"https:\/\/storage.googleapis.com\/cz-shopatoa-img\/ro\/455bed3a-unnamed-file.webp","datePublished":"2025-06-24T04:54:40+00:00","dateModified":"2025-12-13T10:15:36+00:00","breadcrumb":{"@id":"https:\/\/shopatoa.com\/ro\/bella-baby-happy-almond-and-olive-leaf-extract-servetele-umede-pentru-copii-64-buc\/#breadcrumb"},"inLanguage":"ro-RO","potentialAction":[{"@type":"ReadAction","target":["https:\/\/shopatoa.com\/ro\/bella-baby-happy-almond-and-olive-leaf-extract-servetele-umede-pentru-copii-64-buc\/"]}]},{"@type":"ImageObject","inLanguage":"ro-RO","@id":"https:\/\/shopatoa.com\/ro\/bella-baby-happy-almond-and-olive-leaf-extract-servetele-umede-pentru-copii-64-buc\/#primaryimage","url":"https:\/\/storage.googleapis.com\/cz-shopatoa-img\/ro\/455bed3a-unnamed-file.webp","contentUrl":"https:\/\/storage.googleapis.com\/cz-shopatoa-img\/ro\/455bed3a-unnamed-file.webp","width":800,"height":800},{"@type":"BreadcrumbList","@id":"https:\/\/shopatoa.com\/ro\/bella-baby-happy-almond-and-olive-leaf-extract-servetele-umede-pentru-copii-64-buc\/#breadcrumb","itemListElement":[{"@type":"ListItem","position":1,"name":"Dom\u016f","item":"https:\/\/shopatoa.com\/ro\/"},{"@type":"ListItem","position":2,"name":"Shop","item":"https:\/\/shopatoa.com\/ro\/shop\/"},{"@type":"ListItem","position":3,"name":"S\u0103n\u0103tate &amp; Frumuse\u021be","item":"https:\/\/shopatoa.com\/ro\/sanatate-frumusete\/"},{"@type":"ListItem","position":4,"name":"\u00cengrijire personal\u0103","item":"https:\/\/shopatoa.com\/ro\/ingrijire-personala-sanatate-frumusete\/"},{"@type":"ListItem","position":5,"name":"Cosmetice","item":"https:\/\/shopatoa.com\/ro\/cosmetice-ingrijire-personala-sanatate-frumusete\/"},{"@type":"ListItem","position":6,"name":"Baie &amp; Corp","item":"https:\/\/shopatoa.com\/ro\/baie-corp\/"},{"@type":"ListItem","position":7,"name":"\u0218erve\u021bele igienice pentru adul\u021bi","item":"https:\/\/shopatoa.com\/ro\/servetele-igienice-pentru-adulti\/"},{"@type":"ListItem","position":8,"name":"Bella Baby Happy Almond and Olive Leaf extract \u0218erve\u021bele umede pentru copii 64 buc"}]},{"@type":"WebSite","@id":"https:\/\/shopatoa.com\/ro\/#website","url":"https:\/\/shopatoa.com\/ro\/","name":"SHOPATOA","description":"","publisher":{"@id":"https:\/\/shopatoa.com\/ro\/#organization"},"potentialAction":[{"@type":"SearchAction","target":{"@type":"EntryPoint","urlTemplate":"https:\/\/shopatoa.com\/ro\/?s={search_term_string}"},"query-input":{"@type":"PropertyValueSpecification","valueRequired":true,"valueName":"search_term_string"}}],"inLanguage":"ro-RO"},{"@type":"Organization","@id":"https:\/\/shopatoa.com\/ro\/#organization","name":"SHOPATOA","url":"https:\/\/shopatoa.com\/ro\/","logo":{"@type":"ImageObject","inLanguage":"ro-RO","@id":"https:\/\/shopatoa.com\/ro\/#\/schema\/logo\/image\/","url":"https:\/\/storage.googleapis.com\/cz-shopatoa-img\/ro\/b4dac915-shopatoa_logo.png","contentUrl":"https:\/\/storage.googleapis.com\/cz-shopatoa-img\/ro\/b4dac915-shopatoa_logo.png","width":416,"height":63,"caption":"SHOPATOA"},"image":{"@id":"https:\/\/shopatoa.com\/ro\/#\/schema\/logo\/image\/"}}]}},"_links":{"self":[{"href":"https:\/\/shopatoa.com\/ro\/wp-json\/wp\/v2\/product\/438205","targetHints":{"allow":["GET"]}}],"collection":[{"href":"https:\/\/shopatoa.com\/ro\/wp-json\/wp\/v2\/product"}],"about":[{"href":"https:\/\/shopatoa.com\/ro\/wp-json\/wp\/v2\/types\/product"}],"replies":[{"embeddable":true,"href":"https:\/\/shopatoa.com\/ro\/wp-json\/wp\/v2\/comments?post=438205"}],"wp:featuredmedia":[{"embeddable":true,"href":"https:\/\/shopatoa.com\/ro\/wp-json\/wp\/v2\/media\/438206"}],"wp:attachment":[{"href":"https:\/\/shopatoa.com\/ro\/wp-json\/wp\/v2\/media?parent=438205"}],"wp:term":[{"taxonomy":"product_brand","embeddable":true,"href":"https:\/\/shopatoa.com\/ro\/wp-json\/wp\/v2\/product_brand?post=438205"},{"taxonomy":"product_cat","embeddable":true,"href":"https:\/\/shopatoa.com\/ro\/wp-json\/wp\/v2\/product_cat?post=438205"},{"taxonomy":"product_tag","embeddable":true,"href":"https:\/\/shopatoa.com\/ro\/wp-json\/wp\/v2\/product_tag?post=438205"}],"curies":[{"name":"wp","href":"https:\/\/api.w.org\/{rel}","templated":true}]}}