{"id":438363,"date":"2025-06-24T07:09:50","date_gmt":"2025-06-24T05:09:50","guid":{"rendered":"https:\/\/shopatoa.com\/ro\/fresh-lotus-youth-preserve-resurfacing-dream-serum-ser-de-noapte-cu-aha-acizi-30-ml\/"},"modified":"2025-06-24T07:11:12","modified_gmt":"2025-06-24T05:11:12","slug":"fresh-lotus-youth-preserve-resurfacing-dream-serum-ser-de-noapte-cu-aha-acizi-30-ml","status":"publish","type":"product","link":"https:\/\/shopatoa.com\/ro\/fresh-lotus-youth-preserve-resurfacing-dream-serum-ser-de-noapte-cu-aha-acizi-30-ml\/","title":{"rendered":"fresh Lotus Youth Preserve Resurfacing Dream Serum ser de noapte Cu AHA Acizi 30 ml"},"content":{"rendered":"<p>fresh Lotus Youth Preserve Resurfacing Dream Serum, 30 ml, Seruri pentru piele pentru femei, Serul facial fresh Lotus este un produs cu un con\u021binut de substan\u021be active ridicat. De aceea, ofer\u0103 tenului cea mai luxoas\u0103 \u00eengrijire.  Caracteristici:  ajut\u0103 la netezirea ridurilor \u0219i a liniilor fine uniformizeaz\u0103 nuan\u021ba tenului confer\u0103 densitate pielii red\u0103 pielii prospe\u021bimea \u0219i frumuse\u021bea tinereasc\u0103 se recomand\u0103 pentru tenul sensibil ac\u021bioneaz\u0103 \u00een timpul somnului  Cum se utilizeaz\u0103: Se tapoteaz\u0103 o cantitate adecvat\u0103 de ser pe pielea curat\u0103, cu v\u00e2rfurile degetelor. Se aplic\u0103 pe fa\u021b\u0103, pe g\u00e2t \u0219i pe decolteu. Aplica\u021bi de preferin\u021b\u0103 seara.<\/p>\n","protected":false},"excerpt":{"rendered":"<p>fresh Lotus Youth Preserve Resurfacing Dream Serum, 30 ml, Seruri pentru piele pentru femei, Serul facial fresh Lotus este un produs cu un con\u021binut de substan\u021be active ridicat. De aceea, ofer\u0103 tenului cea mai luxoas\u0103 \u00eengrijire. Caracteristici: ajut\u0103 la netezirea ridurilor \u0219i a liniilor fine uniformizeaz\u0103 nuan\u021ba tenului confer\u0103 densitate pielii red\u0103 pielii prospe\u021bimea \u0219i&#8230;<\/p>\n","protected":false},"featured_media":438364,"comment_status":"closed","ping_status":"open","template":"","meta":{"_acf_changed":false,"_kadence_starter_templates_imported_post":false,"_kad_post_transparent":"","_kad_post_title":"","_kad_post_layout":"","_kad_post_sidebar_id":"","_kad_post_content_style":"","_kad_post_vertical_padding":"","_kad_post_feature":"","_kad_post_feature_position":"","_kad_post_header":false,"_kad_post_footer":false,"_kad_post_classname":""},"product_brand":[2093],"product_cat":[1564,1563,1565,1562],"product_tag":[],"class_list":{"0":"post-438363","1":"product","2":"type-product","3":"status-publish","4":"has-post-thumbnail","6":"product_brand-fresh","7":"product_cat-cosmetice-ingrijire-personala","8":"product_cat-ingrijire-personala","9":"product_cat-ingrijirea-pielii","10":"product_cat-sanatate-si-frumusete","11":"pa_gen-female","12":"pa_marime-30-ml","14":"first","15":"instock","16":"sale","17":"product-type-external","18":"entry","19":"content-bg","20":"loop-entry"},"acf":[],"yoast_head":"<!-- This site is optimized with the Yoast SEO plugin v27.4 - https:\/\/yoast.com\/product\/yoast-seo-wordpress\/ -->\n<title>fresh Lotus Youth Preserve Resurfacing Dream Serum ser de noapte Cu AHA Acizi 30 ml - SHOPATOA.COM<\/title>\n<meta name=\"robots\" content=\"index, follow, max-snippet:-1, max-image-preview:large, max-video-preview:-1\" \/>\n<link rel=\"canonical\" href=\"https:\/\/shopatoa.com\/ro\/fresh-lotus-youth-preserve-resurfacing-dream-serum-ser-de-noapte-cu-aha-acizi-30-ml\/\" \/>\n<meta property=\"og:locale\" content=\"ro_RO\" \/>\n<meta property=\"og:type\" content=\"article\" \/>\n<meta property=\"og:title\" content=\"fresh Lotus Youth Preserve Resurfacing Dream Serum ser de noapte Cu AHA Acizi 30 ml - SHOPATOA.COM\" \/>\n<meta property=\"og:description\" content=\"fresh Lotus Youth Preserve Resurfacing Dream Serum, 30 ml, Seruri pentru piele pentru femei, Serul facial fresh Lotus este un produs cu un con\u021binut de substan\u021be active ridicat. De aceea, ofer\u0103 tenului cea mai luxoas\u0103 \u00eengrijire. Caracteristici: ajut\u0103 la netezirea ridurilor \u0219i a liniilor fine uniformizeaz\u0103 nuan\u021ba tenului confer\u0103 densitate pielii red\u0103 pielii prospe\u021bimea \u0219i...\" \/>\n<meta property=\"og:url\" content=\"https:\/\/shopatoa.com\/ro\/fresh-lotus-youth-preserve-resurfacing-dream-serum-ser-de-noapte-cu-aha-acizi-30-ml\/\" \/>\n<meta property=\"og:site_name\" content=\"SHOPATOA\" \/>\n<meta property=\"article:modified_time\" content=\"2025-06-24T05:11:12+00:00\" \/>\n<meta property=\"og:image\" content=\"https:\/\/storage.googleapis.com\/cz-shopatoa-img\/ro\/4e6ee6d7-unnamed-file.webp\" \/>\n\t<meta property=\"og:image:width\" content=\"800\" \/>\n\t<meta property=\"og:image:height\" content=\"800\" \/>\n\t<meta property=\"og:image:type\" content=\"image\/webp\" \/>\n<meta name=\"twitter:card\" content=\"summary_large_image\" \/>\n<meta name=\"twitter:label1\" content=\"Timp estimat pentru citire\" \/>\n\t<meta name=\"twitter:data1\" content=\"1 minut\" \/>\n<script type=\"application\/ld+json\" class=\"yoast-schema-graph\">{\"@context\":\"https:\\\/\\\/schema.org\",\"@graph\":[{\"@type\":\"WebPage\",\"@id\":\"https:\\\/\\\/shopatoa.com\\\/ro\\\/fresh-lotus-youth-preserve-resurfacing-dream-serum-ser-de-noapte-cu-aha-acizi-30-ml\\\/\",\"url\":\"https:\\\/\\\/shopatoa.com\\\/ro\\\/fresh-lotus-youth-preserve-resurfacing-dream-serum-ser-de-noapte-cu-aha-acizi-30-ml\\\/\",\"name\":\"fresh Lotus Youth Preserve Resurfacing Dream Serum ser de noapte Cu AHA Acizi 30 ml - SHOPATOA.COM\",\"isPartOf\":{\"@id\":\"https:\\\/\\\/shopatoa.com\\\/ro\\\/#website\"},\"primaryImageOfPage\":{\"@id\":\"https:\\\/\\\/shopatoa.com\\\/ro\\\/fresh-lotus-youth-preserve-resurfacing-dream-serum-ser-de-noapte-cu-aha-acizi-30-ml\\\/#primaryimage\"},\"image\":{\"@id\":\"https:\\\/\\\/shopatoa.com\\\/ro\\\/fresh-lotus-youth-preserve-resurfacing-dream-serum-ser-de-noapte-cu-aha-acizi-30-ml\\\/#primaryimage\"},\"thumbnailUrl\":\"https:\\\/\\\/storage.googleapis.com\\\/cz-shopatoa-img\\\/ro\\\/4e6ee6d7-unnamed-file.webp\",\"datePublished\":\"2025-06-24T05:09:50+00:00\",\"dateModified\":\"2025-06-24T05:11:12+00:00\",\"breadcrumb\":{\"@id\":\"https:\\\/\\\/shopatoa.com\\\/ro\\\/fresh-lotus-youth-preserve-resurfacing-dream-serum-ser-de-noapte-cu-aha-acizi-30-ml\\\/#breadcrumb\"},\"inLanguage\":\"ro-RO\",\"potentialAction\":[{\"@type\":\"ReadAction\",\"target\":[\"https:\\\/\\\/shopatoa.com\\\/ro\\\/fresh-lotus-youth-preserve-resurfacing-dream-serum-ser-de-noapte-cu-aha-acizi-30-ml\\\/\"]}]},{\"@type\":\"ImageObject\",\"inLanguage\":\"ro-RO\",\"@id\":\"https:\\\/\\\/shopatoa.com\\\/ro\\\/fresh-lotus-youth-preserve-resurfacing-dream-serum-ser-de-noapte-cu-aha-acizi-30-ml\\\/#primaryimage\",\"url\":\"https:\\\/\\\/storage.googleapis.com\\\/cz-shopatoa-img\\\/ro\\\/4e6ee6d7-unnamed-file.webp\",\"contentUrl\":\"https:\\\/\\\/storage.googleapis.com\\\/cz-shopatoa-img\\\/ro\\\/4e6ee6d7-unnamed-file.webp\",\"width\":800,\"height\":800},{\"@type\":\"BreadcrumbList\",\"@id\":\"https:\\\/\\\/shopatoa.com\\\/ro\\\/fresh-lotus-youth-preserve-resurfacing-dream-serum-ser-de-noapte-cu-aha-acizi-30-ml\\\/#breadcrumb\",\"itemListElement\":[{\"@type\":\"ListItem\",\"position\":1,\"name\":\"Dom\u016f\",\"item\":\"https:\\\/\\\/shopatoa.com\\\/ro\\\/\"},{\"@type\":\"ListItem\",\"position\":2,\"name\":\"Shop\",\"item\":\"https:\\\/\\\/shopatoa.com\\\/ro\\\/shop\\\/\"},{\"@type\":\"ListItem\",\"position\":3,\"name\":\"fresh Lotus Youth Preserve Resurfacing Dream Serum ser de noapte Cu AHA Acizi 30 ml\"}]},{\"@type\":\"WebSite\",\"@id\":\"https:\\\/\\\/shopatoa.com\\\/ro\\\/#website\",\"url\":\"https:\\\/\\\/shopatoa.com\\\/ro\\\/\",\"name\":\"SHOPATOA\",\"description\":\"\",\"publisher\":{\"@id\":\"https:\\\/\\\/shopatoa.com\\\/ro\\\/#organization\"},\"potentialAction\":[{\"@type\":\"SearchAction\",\"target\":{\"@type\":\"EntryPoint\",\"urlTemplate\":\"https:\\\/\\\/shopatoa.com\\\/ro\\\/?s={search_term_string}\"},\"query-input\":{\"@type\":\"PropertyValueSpecification\",\"valueRequired\":true,\"valueName\":\"search_term_string\"}}],\"inLanguage\":\"ro-RO\"},{\"@type\":\"Organization\",\"@id\":\"https:\\\/\\\/shopatoa.com\\\/ro\\\/#organization\",\"name\":\"SHOPATOA\",\"url\":\"https:\\\/\\\/shopatoa.com\\\/ro\\\/\",\"logo\":{\"@type\":\"ImageObject\",\"inLanguage\":\"ro-RO\",\"@id\":\"https:\\\/\\\/shopatoa.com\\\/ro\\\/#\\\/schema\\\/logo\\\/image\\\/\",\"url\":\"https:\\\/\\\/storage.googleapis.com\\\/cz-shopatoa-img\\\/ro\\\/b4dac915-shopatoa_logo.png\",\"contentUrl\":\"https:\\\/\\\/storage.googleapis.com\\\/cz-shopatoa-img\\\/ro\\\/b4dac915-shopatoa_logo.png\",\"width\":416,\"height\":63,\"caption\":\"SHOPATOA\"},\"image\":{\"@id\":\"https:\\\/\\\/shopatoa.com\\\/ro\\\/#\\\/schema\\\/logo\\\/image\\\/\"}}]}<\/script>\n<!-- \/ Yoast SEO plugin. -->","yoast_head_json":{"title":"fresh Lotus Youth Preserve Resurfacing Dream Serum ser de noapte Cu AHA Acizi 30 ml - SHOPATOA.COM","robots":{"index":"index","follow":"follow","max-snippet":"max-snippet:-1","max-image-preview":"max-image-preview:large","max-video-preview":"max-video-preview:-1"},"canonical":"https:\/\/shopatoa.com\/ro\/fresh-lotus-youth-preserve-resurfacing-dream-serum-ser-de-noapte-cu-aha-acizi-30-ml\/","og_locale":"ro_RO","og_type":"article","og_title":"fresh Lotus Youth Preserve Resurfacing Dream Serum ser de noapte Cu AHA Acizi 30 ml - SHOPATOA.COM","og_description":"fresh Lotus Youth Preserve Resurfacing Dream Serum, 30 ml, Seruri pentru piele pentru femei, Serul facial fresh Lotus este un produs cu un con\u021binut de substan\u021be active ridicat. De aceea, ofer\u0103 tenului cea mai luxoas\u0103 \u00eengrijire. Caracteristici: ajut\u0103 la netezirea ridurilor \u0219i a liniilor fine uniformizeaz\u0103 nuan\u021ba tenului confer\u0103 densitate pielii red\u0103 pielii prospe\u021bimea \u0219i...","og_url":"https:\/\/shopatoa.com\/ro\/fresh-lotus-youth-preserve-resurfacing-dream-serum-ser-de-noapte-cu-aha-acizi-30-ml\/","og_site_name":"SHOPATOA","article_modified_time":"2025-06-24T05:11:12+00:00","og_image":[{"width":800,"height":800,"url":"https:\/\/storage.googleapis.com\/cz-shopatoa-img\/ro\/4e6ee6d7-unnamed-file.webp","type":"image\/webp"}],"twitter_card":"summary_large_image","twitter_misc":{"Timp estimat pentru citire":"1 minut"},"schema":{"@context":"https:\/\/schema.org","@graph":[{"@type":"WebPage","@id":"https:\/\/shopatoa.com\/ro\/fresh-lotus-youth-preserve-resurfacing-dream-serum-ser-de-noapte-cu-aha-acizi-30-ml\/","url":"https:\/\/shopatoa.com\/ro\/fresh-lotus-youth-preserve-resurfacing-dream-serum-ser-de-noapte-cu-aha-acizi-30-ml\/","name":"fresh Lotus Youth Preserve Resurfacing Dream Serum ser de noapte Cu AHA Acizi 30 ml - SHOPATOA.COM","isPartOf":{"@id":"https:\/\/shopatoa.com\/ro\/#website"},"primaryImageOfPage":{"@id":"https:\/\/shopatoa.com\/ro\/fresh-lotus-youth-preserve-resurfacing-dream-serum-ser-de-noapte-cu-aha-acizi-30-ml\/#primaryimage"},"image":{"@id":"https:\/\/shopatoa.com\/ro\/fresh-lotus-youth-preserve-resurfacing-dream-serum-ser-de-noapte-cu-aha-acizi-30-ml\/#primaryimage"},"thumbnailUrl":"https:\/\/storage.googleapis.com\/cz-shopatoa-img\/ro\/4e6ee6d7-unnamed-file.webp","datePublished":"2025-06-24T05:09:50+00:00","dateModified":"2025-06-24T05:11:12+00:00","breadcrumb":{"@id":"https:\/\/shopatoa.com\/ro\/fresh-lotus-youth-preserve-resurfacing-dream-serum-ser-de-noapte-cu-aha-acizi-30-ml\/#breadcrumb"},"inLanguage":"ro-RO","potentialAction":[{"@type":"ReadAction","target":["https:\/\/shopatoa.com\/ro\/fresh-lotus-youth-preserve-resurfacing-dream-serum-ser-de-noapte-cu-aha-acizi-30-ml\/"]}]},{"@type":"ImageObject","inLanguage":"ro-RO","@id":"https:\/\/shopatoa.com\/ro\/fresh-lotus-youth-preserve-resurfacing-dream-serum-ser-de-noapte-cu-aha-acizi-30-ml\/#primaryimage","url":"https:\/\/storage.googleapis.com\/cz-shopatoa-img\/ro\/4e6ee6d7-unnamed-file.webp","contentUrl":"https:\/\/storage.googleapis.com\/cz-shopatoa-img\/ro\/4e6ee6d7-unnamed-file.webp","width":800,"height":800},{"@type":"BreadcrumbList","@id":"https:\/\/shopatoa.com\/ro\/fresh-lotus-youth-preserve-resurfacing-dream-serum-ser-de-noapte-cu-aha-acizi-30-ml\/#breadcrumb","itemListElement":[{"@type":"ListItem","position":1,"name":"Dom\u016f","item":"https:\/\/shopatoa.com\/ro\/"},{"@type":"ListItem","position":2,"name":"Shop","item":"https:\/\/shopatoa.com\/ro\/shop\/"},{"@type":"ListItem","position":3,"name":"fresh Lotus Youth Preserve Resurfacing Dream Serum ser de noapte Cu AHA Acizi 30 ml"}]},{"@type":"WebSite","@id":"https:\/\/shopatoa.com\/ro\/#website","url":"https:\/\/shopatoa.com\/ro\/","name":"SHOPATOA","description":"","publisher":{"@id":"https:\/\/shopatoa.com\/ro\/#organization"},"potentialAction":[{"@type":"SearchAction","target":{"@type":"EntryPoint","urlTemplate":"https:\/\/shopatoa.com\/ro\/?s={search_term_string}"},"query-input":{"@type":"PropertyValueSpecification","valueRequired":true,"valueName":"search_term_string"}}],"inLanguage":"ro-RO"},{"@type":"Organization","@id":"https:\/\/shopatoa.com\/ro\/#organization","name":"SHOPATOA","url":"https:\/\/shopatoa.com\/ro\/","logo":{"@type":"ImageObject","inLanguage":"ro-RO","@id":"https:\/\/shopatoa.com\/ro\/#\/schema\/logo\/image\/","url":"https:\/\/storage.googleapis.com\/cz-shopatoa-img\/ro\/b4dac915-shopatoa_logo.png","contentUrl":"https:\/\/storage.googleapis.com\/cz-shopatoa-img\/ro\/b4dac915-shopatoa_logo.png","width":416,"height":63,"caption":"SHOPATOA"},"image":{"@id":"https:\/\/shopatoa.com\/ro\/#\/schema\/logo\/image\/"}}]}},"_links":{"self":[{"href":"https:\/\/shopatoa.com\/ro\/wp-json\/wp\/v2\/product\/438363","targetHints":{"allow":["GET"]}}],"collection":[{"href":"https:\/\/shopatoa.com\/ro\/wp-json\/wp\/v2\/product"}],"about":[{"href":"https:\/\/shopatoa.com\/ro\/wp-json\/wp\/v2\/types\/product"}],"replies":[{"embeddable":true,"href":"https:\/\/shopatoa.com\/ro\/wp-json\/wp\/v2\/comments?post=438363"}],"wp:featuredmedia":[{"embeddable":true,"href":"https:\/\/shopatoa.com\/ro\/wp-json\/wp\/v2\/media\/438364"}],"wp:attachment":[{"href":"https:\/\/shopatoa.com\/ro\/wp-json\/wp\/v2\/media?parent=438363"}],"wp:term":[{"taxonomy":"product_brand","embeddable":true,"href":"https:\/\/shopatoa.com\/ro\/wp-json\/wp\/v2\/product_brand?post=438363"},{"taxonomy":"product_cat","embeddable":true,"href":"https:\/\/shopatoa.com\/ro\/wp-json\/wp\/v2\/product_cat?post=438363"},{"taxonomy":"product_tag","embeddable":true,"href":"https:\/\/shopatoa.com\/ro\/wp-json\/wp\/v2\/product_tag?post=438363"}],"curies":[{"name":"wp","href":"https:\/\/api.w.org\/{rel}","templated":true}]}}